{"id":100027,"date":"2025-02-05T10:56:04","date_gmt":"2025-02-05T09:56:04","guid":{"rendered":"https:\/\/phrase.com\/statement-zur-okologischen-und-sozialen-nachhaltigkeit\/"},"modified":"2025-10-06T10:58:51","modified_gmt":"2025-10-06T08:58:51","slug":"environmental-and-social-sustainability-statement","status":"publish","type":"page","link":"https:\/\/phrase.com\/de\/about\/environmental-and-social-sustainability-statement\/","title":{"rendered":"Statement zur \u00f6kologischen und sozialen Nachhaltigkeit"},"content":{"rendered":"\n<div class=\"wp-block-group alignwide is-style-header-hero has-white-color has-white-background-color has-text-color has-background has-link-color has-background-images wp-elements-03e008798943a5ad52d3afdf71e1b409 is-layout-flow wp-block-group-is-layout-flow\" style=\"padding-top:var(--wp--preset--spacing--110);padding-bottom:var(--wp--preset--spacing--110);background-image:url(https:\/\/phrase.com\/wp-content\/uploads\/2025\/07\/phrase-header-green.jpg.webp);background-position:0% 100%;background-attachment:scroll;background-repeat:no-repeat;background-size:cover\">\n<div class=\"wp-block-group has-global-padding is-content-justification-left is-layout-constrained wp-container-core-group-is-layout-4513c74a wp-block-group-is-layout-constrained\"><div class=\"yoast-breadcrumbs\"><span><span><a href=\"https:\/\/phrase.com\/de\/\">Home<\/a><\/span> | <span><a href=\"https:\/\/phrase.com\/de\/about\/\">\u00dcber uns<\/a><\/span> | <span class=\"breadcrumb_last\" aria-current=\"page\">Statement zur \u00f6kologischen und sozialen Nachhaltigkeit<\/span><\/span><\/div>\n\n\n<h2 class=\"wp-block-heading has-text-align-left has-gigantic-font-size\" id=\"h-phrase-environmental-amp-social-sustainability-statement-0\" style=\"font-style:normal;font-weight:400\">Unser Statement zum Thema: <br>Soziale\u00a0Nachhaltigkeit <br>und \u00f6kologische Nachhaltigkeit<\/h2>\n<\/div>\n<\/div>\n\n\n\n<div class=\"wp-block-group alignwide has-global-padding is-layout-constrained wp-block-group-is-layout-constrained\">\n<h3 class=\"wp-block-heading alignwide has-text-align-center\" id=\"h-social-sustainability\"><strong>Soziale\u00a0Nachhaltigkeit<\/strong><\/h3>\n\n\n\n<p>Bei Phrase ist soziale Nachhaltigkeit ein zentraler Bestandteil unseres Engagements f\u00fcr eine positive Auswirkung auf unsere Mitarbeitenden und die Allgemeinheit.\u00a0<\/p>\n\n\n\n<p>Im Rahmen unserer <strong>Give Back Days<\/strong> werden alle Mitarbeitenden ermutigt, zwei Tage im Jahr ehrenamtlich zu arbeiten, lokale Communitys zu unterst\u00fctzen und sich in sinnvollen sozialen Initiativen zu engagieren.\u00a0<\/p>\n\n\n\n<p>Wir f\u00f6rdern aktiv Vielfalt, Gleichberechtigung und Integration (DEI) durch unsere engagierte <strong>DEI Resource Group<\/strong>. Diese Bezugsgruppe soll das allgemeine Bewusstsein sch\u00e4rfen, eine integrative Firmenkultur f\u00f6rdern und sich f\u00fcr Initiativen einsetzen, die die Vielfalt und Zug\u00e4nglichkeit f\u00fcr alle verbessern.\u00a0<\/p>\n\n\n\n<p>Das Wohlbefinden aller Mitarbeitenden hat Priorit\u00e4t, und das f\u00f6rdern wir durch eine Reihe von Initiativen zur Verbesserung der <strong>physischen und psychischen Gesundheit<\/strong>, einschlie\u00dflich des Zugangs zu Mental Health First Aiders zum Zwecke der Unterst\u00fctzung und Beratung.\u00a0<\/p>\n\n\n\n<p>Unser Entwicklungsprogramm <strong>EmpowerHER<\/strong> ist speziell darauf ausgerichtet, Frauen in F\u00fchrungspositionen zu unterst\u00fctzen und zu f\u00f6rdern, um ein ausgewogenes Verh\u00e4ltnis zwischen den Geschlechtern und den beruflichen Aufstieg zu erm\u00f6glichen.\u00a0<\/p>\n\n\n\n<p>Durch diese Bem\u00fchungen stellen wir sicher, dass soziale Nachhaltigkeit in unserer Kultur verankert ist \u2013 damit Phrase zu einem Ort wird, an dem sich Menschen wohlf\u00fchlen, unterst\u00fctzt werden und zu einer gerechteren Gesellschaft beitragen.<\/p>\n<\/div>\n\n\n\n<div class=\"wp-block-group alignwide has-global-padding is-layout-constrained wp-block-group-is-layout-constrained\">\n<h3 class=\"wp-block-heading alignwide has-text-align-center\" id=\"h-environmental-sustainability\"><strong>\u00d6kologische Nachhaltigkeit <\/strong><\/h3>\n\n\n\n<p>Wir bei Phrase verpflichten uns zu einer verantwortungsvollen Gesch\u00e4ftst\u00e4tigkeit, die sich an den globalen Dekarbonisierungszielen orientiert, einschlie\u00dflich der Ziele des Pariser Abkommens zur Begrenzung der globalen Erw\u00e4rmung auf 1,5\u00b0C. Wir sind uns unserer Verantwortung bewusst, unsere Auswirkungen auf die Umwelt in allen Aspekten unserer Gesch\u00e4ftst\u00e4tigkeit zu minimieren, und haben uns die folgenden Ziele gesetzt:<\/p>\n<\/div>\n\n\n\n<div class=\"wp-block-group has-global-padding is-layout-constrained wp-block-group-is-layout-constrained\">\n<h4 class=\"wp-block-heading\" id=\"h-scope-1-direct-emissions\"><strong>Zielgruppe 1: Direkte Emissionen<\/strong><\/h4>\n\n\n\n<ul class=\"wp-block-list wp-block-list\">\n<li><strong>Betriebliche Emissionen<\/strong>: Als SaaS-Unternehmen mit minimalen direkten Emissionen konzentrieren wir uns darauf, diesen geringen Fu\u00dfabdruck beizubehalten und gleichzeitig weitere Reduzierungsm\u00f6glichkeiten zu erkunden.<\/li>\n\n\n\n<li><strong>F\u00f6rderung der digitalen Effizienz<\/strong> durch die Beibehaltung eines papierlosen Ansatzes und die Verwendung elektronischer Dokumente f\u00fcr 99\u00a0% der internen und externen Kommunikation.<\/li>\n\n\n\n<li><strong>Nutzung von Elektrofahrzeugen<\/strong>: Wir haben ein kleines Dienstwagenprogramm, das sich ausschlie\u00dflich auf vollelektrische Fahrzeuge beschr\u00e4nkt, so dass keine direkten Emissionen aus dem vom Unternehmen finanzierten Verkehr entstehen.<\/li>\n<\/ul>\n<\/div>\n\n\n\n<div class=\"wp-block-group has-global-padding is-layout-constrained wp-block-group-is-layout-constrained\">\n<h4 class=\"wp-block-heading\" id=\"h-scope-2-indirect-emissions-from-purchased-energy\"><strong><strong>Zielgruppe 2: Indirekte Emissionen aus zugekaufter Energie<\/strong><\/strong><\/h4>\n\n\n\n<ul class=\"wp-block-list wp-block-list\">\n<li><strong>Nachhaltige B\u00fcror\u00e4ume<\/strong>: Unser Prager B\u00fcro befindet sich im <a href=\"https:\/\/www.floweast.com\/portfolio\/vn-47\/\">Flow Building<\/a>, das als erstes Geb\u00e4ude in der Tschechischen Republik die BREEAM-Bewertung \u201eOutstanding\u201c erhalten hat \u2013 die h\u00f6chste Zertifizierung f\u00fcr \u00f6kologische Nachhaltigkeit. Daneben pr\u00fcfen wir M\u00f6glichkeiten, die Stromversorgung unserer Hamburger Niederlassung im Jahr 2025 auf einen zu 100\u00a0% nachhaltigen Energieversorger umzustellen.<\/li>\n\n\n\n<li><strong>Gr\u00fcne Hosting-Anbieter und wichtige Technologiepartner<\/strong>:<\/li>\n<\/ul>\n\n\n\n<p>Wir arbeiten aktiv mit gro\u00dfen Technologieanbietern zusammen, die strenge Nachhaltigkeitsziele und -zertifizierungen verfolgen. Dazu geh\u00f6ren:<\/p>\n\n\n\n<ul class=\"wp-block-list wp-block-list\">\n<li><strong>AWS<\/strong>: Verpflichtung zum Betrieb mit 100\u00a0% erneuerbarer Energie bis 2025 (<a href=\"https:\/\/aws.amazon.com\/sustainability\/\">AWS Sustainability<\/a>).<\/li>\n\n\n\n<li><strong>OpenAI<\/strong>: Engagement f\u00fcr eine verantwortungsvolle KI-Entwicklung mit dem Schwerpunkt Nachhaltigkeit (<a href=\"https:\/\/openai.com\/\">OpenAI Environmental Responsibility<\/a>).<\/li>\n\n\n\n<li><strong>Google<\/strong>: Seit 2007 sind wir klimaneutral und wollen bis 2030 rund um die Uhr mit kohlenstofffreier Energie arbeiten (<a href=\"https:\/\/sustainability.google\/\">Google Sustainability<\/a>).<\/li>\n\n\n\n<li><strong>Snowflake<\/strong>: Schwerpunkt ist der klimaneutrale Cloud-Datenbetrieb (<a href=\"https:\/\/www.snowflake.com\/en\/company\/overview\/sustainability-at-snowflake\/\">Snowflake Sustainability<\/a>).<\/li>\n\n\n\n<li><strong>HubSpot<\/strong>: Vorrangige Ber\u00fccksichtigung des Umweltschutzes in allen Gesch\u00e4ftsbereichen (<a href=\"https:\/\/www.hubspot.com\/sustainability\">Hubspot Sustainability<\/a>).<\/li>\n\n\n\n<li><strong>Salesforce<\/strong>: Anstreben von Netto-Null-Emissionen in Betrieb und Lieferkette (<a href=\"https:\/\/www.salesforce.com\/company\/sustainability\/\">Salesforce Sustainability<\/a>).<\/li>\n\n\n\n<li><strong>Mixpanel<\/strong>: Konzentration auf verantwortungsvolle Infrastrukturpraktiken (<a href=\"https:\/\/mixpanel.com\/\">Mixpanel Environmental Goals<\/a>).<\/li>\n\n\n\n<li><strong>Datadog<\/strong>: Verpflichtung zur Minimierung der Auswirkungen der Cloud-Infrastruktur (<a href=\"https:\/\/www.datadoghq.com\/\">Datadog Sustainability<\/a>).<\/li>\n<\/ul>\n\n\n\n<p>Diese Partnerschaften stellen sicher, dass unser Technologiepaket mit unserem Engagement f\u00fcr die Reduzierung der Umweltbelastung \u00fcbereinstimmt.<\/p>\n<\/div>\n\n\n\n<div class=\"wp-block-group has-global-padding is-layout-constrained wp-block-group-is-layout-constrained\">\n<h4 class=\"wp-block-heading\" id=\"h-scope-3-indirect-emissions-across-the-value-chain\"><strong><strong><strong>Zielgruppe 3: Indirekte Emissionen in der gesamten Wertsch\u00f6pfungskette<\/strong><\/strong><\/strong><\/h4>\n\n\n\n<ul class=\"wp-block-list wp-block-list\">\n<li><strong>Reisen und Pendeln<\/strong>:\n<ul class=\"wp-block-list wp-block-list\">\n<li>Wir haben Gesch\u00e4ftsreisen auf ein Minimum reduziert, indem wir einen Remote-First-Ansatz verfolgen und virtuellen Meetings den Vorzug geben.<\/li>\n\n\n\n<li>Um die Nachhaltigkeit unserer Mitarbeitenden zu f\u00f6rdern, bieten wir ihnen die M\u00f6glichkeit, mit dem Fahrrad zur Arbeit zu fahren, wo immer dies m\u00f6glich ist.<\/li>\n<\/ul>\n<\/li>\n\n\n\n<li><strong>Aufforstungsinitiativen<\/strong>: F\u00fcr jeden eingestellten Mitarbeitenden pflanzen wir im Rahmen unseres Baumpflanzungs-Programms \u00fcber eine B Corp-zertifizierte Plattform einen Baum. Bis heute haben wir \u00fcber 300 B\u00e4ume gepflanzt und uns verpflichtet, weitere 300 B\u00e4ume zu pflanzen, um unseren Beitrag zu den weltweiten Bem\u00fchungen um den Kohlenstoffausgleich zu verst\u00e4rken.<\/li>\n<\/ul>\n<\/div>\n\n\n\n<div class=\"wp-block-group alignwide has-global-padding is-layout-constrained wp-block-group-is-layout-constrained\">\n<h3 class=\"wp-block-heading alignwide has-text-align-center\" id=\"h-our-commitment-to-sustainability\"><strong>Unser Bekenntnis zur Nachhaltigkeit<\/strong><\/h3>\n\n\n\n<p>Unsere Richtlinien spiegeln ein starkes Engagement f\u00fcr nachhaltiges Wirtschaften wider, und wir planen, diese Bem\u00fchungen in Zukunft weiter auszubauen. Zu den wichtigsten Ma\u00dfnahmen geh\u00f6ren die Verringerung unn\u00f6tiger Reisen, die Umstellung auf erneuerbare Energien und die F\u00f6rderung umweltfreundlicher Praktiken f\u00fcr Mitarbeitende.<\/p>\n\n\n\n<p>Wir werden auch weiterhin nach Partnerschaften, Zertifizierungen und Zielen suchen, die sicherstellen, dass Phrase die Nachhaltigkeit in seine t\u00e4glichen Abl\u00e4ufe integriert und einen sinnvollen Beitrag zu den globalen Klimazielen leistet.<\/p>\n<\/div>\n\n","protected":false},"excerpt":{"rendered":"<p>Unser Statement zum Thema: Soziale\u00a0Nachhaltigkeit und \u00f6kologische Nachhaltigkeit Soziale\u00a0Nachhaltigkeit Bei Phrase ist soziale Nachhaltigkeit ein zentraler Bestandteil unseres Engagements f\u00fcr eine positive Auswirkung auf unsere Mitarbeitenden und die Allgemeinheit.\u00a0 Im Rahmen unserer Give Back Days werden alle Mitarbeitenden ermutigt, zwei Tage im Jahr ehrenamtlich zu arbeiten, lokale Communitys zu unterst\u00fctzen und sich in sinnvollen sozialen [&hellip;]<\/p>\n","protected":false},"author":77,"featured_media":7474,"parent":27082,"menu_order":0,"comment_status":"closed","ping_status":"closed","template":"page-refresh","meta":{"_acf_changed":false,"_stopmodifiedupdate":false,"_modified_date":"","_searchwp_excluded":"","episode_type":"","audio_file":"","podmotor_file_id":"","podmotor_episode_id":"","cover_image":"","cover_image_id":"","duration":"","filesize":"","filesize_raw":"","date_recorded":"","explicit":"","block":"","itunes_episode_number":"","itunes_title":"","itunes_season_number":"","itunes_episode_type":"","footnotes":""},"class_list":["post-100027","page","type-page","status-publish","has-post-thumbnail","hentry"],"acf":[],"_links":{"self":[{"href":"https:\/\/phrase.com\/de\/wp-json\/wp\/v2\/pages\/100027","targetHints":{"allow":["GET"]}}],"collection":[{"href":"https:\/\/phrase.com\/de\/wp-json\/wp\/v2\/pages"}],"about":[{"href":"https:\/\/phrase.com\/de\/wp-json\/wp\/v2\/types\/page"}],"author":[{"embeddable":true,"href":"https:\/\/phrase.com\/de\/wp-json\/wp\/v2\/users\/77"}],"replies":[{"embeddable":true,"href":"https:\/\/phrase.com\/de\/wp-json\/wp\/v2\/comments?post=100027"}],"version-history":[{"count":4,"href":"https:\/\/phrase.com\/de\/wp-json\/wp\/v2\/pages\/100027\/revisions"}],"predecessor-version":[{"id":122607,"href":"https:\/\/phrase.com\/de\/wp-json\/wp\/v2\/pages\/100027\/revisions\/122607"}],"up":[{"embeddable":true,"href":"https:\/\/phrase.com\/de\/wp-json\/wp\/v2\/pages\/27082"}],"wp:featuredmedia":[{"embeddable":true,"href":"https:\/\/phrase.com\/de\/wp-json\/wp\/v2\/media\/7474"}],"wp:attachment":[{"href":"https:\/\/phrase.com\/de\/wp-json\/wp\/v2\/media?parent=100027"}],"curies":[{"name":"wp","href":"https:\/\/api.w.org\/{rel}","templated":true}]}}