{"id":100475,"date":"2023-01-04T10:34:00","date_gmt":"2023-01-04T09:34:00","guid":{"rendered":"https:\/\/phrase.com\/travod\/"},"modified":"2025-11-13T23:01:48","modified_gmt":"2025-11-13T22:01:48","slug":"travod","status":"publish","type":"page","link":"https:\/\/phrase.com\/de\/partners\/travod\/","title":{"rendered":"Travod"},"content":{"rendered":"\n<div class=\"wp-block-group alignfull is-style-copy has-transparent-background-color has-background has-global-padding is-content-justification-center is-layout-constrained wp-block-group-is-layout-constrained\" style=\"padding-top:var(--wp--preset--spacing--45);padding-bottom:var(--wp--preset--spacing--45)\">\n<div class=\"wp-block-group alignwide has-global-padding is-content-justification-center is-layout-constrained wp-container-core-group-is-layout-cefc1864 wp-block-group-is-layout-constrained\" style=\"padding-left:var(--wp--preset--spacing--56)\">\n<div style=\"height:43px\" aria-hidden=\"true\" class=\"wp-block-spacer\"><\/div>\n\n\n\n<p class=\"has-text-align-center has-blue-color has-text-color has-link-color wp-elements-fc4e1ddc0d74cbc314743c9090e21a46\">PHRASE PARTNER<\/p>\n\n\n\n<figure class=\"wp-block-image aligncenter size-full is-resized is-style-not-rounded\"><img loading=\"lazy\" decoding=\"async\" width=\"1358\" height=\"631\" src=\"https:\/\/phrase.com\/wp-content\/uploads\/2024\/04\/travodlogo.png\" alt=\"Travod-Logo | Phrase Partner\" class=\"wp-image-80084\" style=\"width:327px;height:auto\" srcset=\"https:\/\/phrase.com\/wp-content\/uploads\/2024\/04\/travodlogo.png 1358w, https:\/\/phrase.com\/wp-content\/uploads\/2024\/04\/travodlogo-300x139.png 300w, https:\/\/phrase.com\/wp-content\/uploads\/2024\/04\/travodlogo-1024x476.png 1024w, https:\/\/phrase.com\/wp-content\/uploads\/2024\/04\/travodlogo-768x357.png 768w\" sizes=\"auto, (max-width: 1358px) 100vw, 1358px\" \/><\/figure>\n\n\n\n<h3 class=\"wp-block-heading has-text-align-center has-medium-font-size\" id=\"h-multilingual-content-to-grow-your-international-business\" style=\"margin-bottom:var(--wp--preset--spacing--8);font-style:normal;font-weight:400\">Mehrsprachige Inhalte zum Ausbau deines internationalen Gesch\u00e4fts<\/h3>\n\n\n\n<p class=\"has-text-align-center\"><a href=\"https:\/\/www.acclaro.com\/?utm_campaign=Partner%20Marketing&amp;utm_source=Phrase%20partner%20listing&amp;utm_medium=Main%20link&amp;utm_term=Acclaro\" target=\"_blank\" rel=\"noreferrer noopener\"><\/a><a href=\"https:\/\/www.actumdigital.com\/\"><\/a><a href=\"https:\/\/blog.attachedglobal.com\/en\/attached-partners-with-phrase-to-elevate-enterprise-translation-solutions\"><\/a><a href=\"https:\/\/www.clearlyloc.com\/\" target=\"_blank\" rel=\"noreferrer noopener\"><\/a><a href=\"https:\/\/uptempo-global.com\/\" target=\"_blank\" rel=\"noreferrer noopener\"><\/a><a href=\"http:\/\/www.vistatec.com\/\"><\/a><a href=\"http:\/\/www.travod.com\/\">www.<\/a><a href=\"http:\/\/www.travod.com\/\" target=\"_blank\" rel=\"noreferrer noopener\">travod<\/a><a href=\"http:\/\/www.travod.com\/\">.com<\/a>\u202f<\/p>\n\n\n\n<div style=\"height:60px\" aria-hidden=\"true\" class=\"wp-block-spacer\"><\/div>\n\n\n\n<p class=\"has-text-align-center\" style=\"margin-top:0;margin-bottom:var(--wp--preset--spacing--40)\"><strong><br><\/strong>Travod, dein \u00dcbersetzungspartner, l\u00e4sst sich nahtlos in die Phrase-Umgebung integrieren und gew\u00e4hrleistet skalierbare, auf deine Bed\u00fcrfnisse zugeschnittene Arbeitsabl\u00e4ufe. Stell dir vor, du w\u00fcrdest \u00fcber Orchestrator-Automatisierungen verf\u00fcgen, die genau auf deinen Content-Fluss abgestimmt sind und deine Prozesse m\u00fchelos optimieren.<br><br>Dank unserem Engagement f\u00fcr hochwertige \u00dcbersetzungen und p\u00fcnktliche Lieferungen wird Effizienz zur zweiten Natur. Travod verf\u00fcgt \u00fcber Fachwissen, das \u00fcber konventionelle Grenzen hinausgeht, und bietet eine transformative Inhaltslokalisierung. On-Demand-Dienstleistungen vernetzen dich strategisch mit professionellen \u00dcbersetzern und Unternehmen und optimieren so Zeit und Kosten.<br><br>Effizienz steht im Mittelpunkt, wenn Automatisierung und die strategisch verteilten Mitarbeitenden von Travod die Projektzeitpl\u00e4ne beschleunigen. Lange Vertragslaufzeiten sind Geschichte: Unsere Kunden zahlen ausschlie\u00dflich f\u00fcr \u00fcbersetzte Inhalte und genie\u00dfen Flexibilit\u00e4t ohne Zw\u00e4nge. In der \u00dcbersetzungs- und Lokalisierungslandschaft ist Travod ein zuverl\u00e4ssiger Partner f\u00fcr IT-Fachleute. Durch die nahtlose Verschmelzung von Arbeitsabl\u00e4ufen, erstklassigen \u00dcbersetzungen und anpassungsf\u00e4higen L\u00f6sungen ist Travod nicht einfach nur ein Dienstleister, sondern dein Partner bei der F\u00f6rderung sprachlicher Exzellenz.<\/p>\n\n\n\n<p class=\"has-text-align-center\"><strong>Standorte<br><\/strong><br>Vereinigtes K\u00f6nigreich, Deutschland, Rum\u00e4nien, Moldawien<\/p>\n\n\n\n<div style=\"height:19px\" aria-hidden=\"true\" class=\"wp-block-spacer\"><\/div>\n\n\n\n<div class=\"wp-block-buttons is-content-justification-center is-layout-flex wp-container-core-buttons-is-layout-a89b3969 wp-block-buttons-is-layout-flex\">\n<div class=\"wp-block-button\"><a class=\"wp-block-button__link wp-element-button\" href=\"https:\/\/phrase.com\/de\/demo\/\" target=\"_blank\" rel=\"noreferrer noopener\">Sprich uns an<\/a><\/div>\n\n\n\n<div class=\"wp-block-button is-style-black-outline\"><a class=\"wp-block-button__link has-text-align-center wp-element-button\" href=\"http:\/\/www.travod.com\/\" target=\"_blank\" rel=\"noreferrer noopener\">Website besuchen<\/a><\/div>\n<\/div>\n<\/div>\n<\/div>\n\n\n\n<div class=\"wp-block-columns alignwide are-vertically-aligned-center is-style-default is-layout-flex wp-container-core-columns-is-layout-28f84493 wp-block-columns-is-layout-flex\">\n<div class=\"wp-block-column is-vertically-aligned-center is-layout-flow wp-container-core-column-is-layout-6220b9e6 wp-block-column-is-layout-flow\" style=\"flex-basis:100%\">\n<h2 class=\"wp-block-heading has-text-align-center has-extra-large-font-size\" id=\"h-services-offered\"><strong>Angebotene Dienstleistungen<\/strong><\/h2>\n\n\n\n<div style=\"height:10px\" aria-hidden=\"true\" class=\"wp-block-spacer\"><\/div>\n\n\n\n<div class=\"wp-block-group is-content-justification-center is-nowrap is-layout-flex wp-container-core-group-is-layout-f52be266 wp-block-group-is-layout-flex\">\n<div class=\"wp-block-group is-vertical is-layout-flex wp-container-core-group-is-layout-9f8eab21 wp-block-group-is-layout-flex\">\n<ul class=\"wp-block-list\">\n<li>\u00dcbersetzung und Lokalisierung<br><\/li>\n\n\n\n<li>Medien\u00fcbersetzung (einschlie\u00dflich Transkription, Untertitelung, Synchronisation, Voiceover)<br><\/li>\n\n\n\n<li>MT und MTPE f\u00fcr Unternehmen (gem\u00e4\u00df ISO 18587)<br><\/li>\n\n\n\n<li>Website-\/Software-Lokalisierung (einschlie\u00dflich Extraktion des Originalinhalts und Einf\u00fcgen \u00fcbersetzter Zeichenfolgen)<br><\/li>\n\n\n\n<li>Marketing-\u00dcbersetzung (einschlie\u00dflich SEO, Transkreation und Verfassen von Inhalten)<br><\/li>\n\n\n\n<li>Desktop Publishing (DTP)<br><\/li>\n\n\n\n<li>Automatisierung von \u00dcbersetzungsabl\u00e4ufen \u2013 API-Verbindungen zur kundeneigenen Umgebung, Orchestrator-Workflows<br><\/li>\n\n\n\n<li>Ferndolmetschen<\/li>\n<\/ul>\n<\/div>\n<\/div>\n<\/div>\n<\/div>\n\n\n\n<div class=\"wp-block-group alignwide has-yellow-background-color has-background has-global-padding is-layout-constrained wp-block-group-is-layout-constrained\" style=\"margin-top:var(--wp--preset--spacing--56)\">\n<div class=\"wp-block-group is-vertical is-content-justification-center is-layout-flex wp-container-core-group-is-layout-ce155fab wp-block-group-is-layout-flex\">\n<h2 class=\"wp-block-heading has-text-align-center\" id=\"h-discover-more-partners\">Erfahre mehr \u00fcber weitere Partner<\/h2>\n\n\n\n<p class=\"has-text-align-center\">Wir arbeiten mit f\u00fchrenden Technologieunternehmen zusammen, um sicherzustellen, dass dein Team<br>jeden Tag mehr Wert aus Phrase sch\u00f6pft.<\/p>\n<\/div>\n\n\n\n<div class=\"wp-block-buttons is-content-justification-center is-layout-flex wp-container-core-buttons-is-layout-a89b3969 wp-block-buttons-is-layout-flex\">\n<div class=\"wp-block-button\"><a class=\"wp-block-button__link wp-element-button\" href=\"https:\/\/phrase.com\/de\/partners\/\" target=\"_blank\" rel=\"noreferrer noopener\">Phrase-Partnerprogramm<\/a><\/div>\n\n\n\n<div class=\"wp-block-button is-style-black-outline\"><a class=\"wp-block-button__link wp-element-button\" href=\"https:\/\/phrase.com\/de\/partners-inquiries\/\" target=\"_blank\" rel=\"noreferrer noopener\">Partner-Empfehlung<\/a><\/div>\n<\/div>\n<\/div>\n\n","protected":false},"excerpt":{"rendered":"<p>PHRASE PARTNER Mehrsprachige Inhalte zum Ausbau deines internationalen Gesch\u00e4fts www.travod.com\u202f Travod, dein \u00dcbersetzungspartner, l\u00e4sst sich nahtlos in die Phrase-Umgebung integrieren und gew\u00e4hrleistet skalierbare, auf deine Bed\u00fcrfnisse zugeschnittene Arbeitsabl\u00e4ufe. Stell dir vor, du w\u00fcrdest \u00fcber Orchestrator-Automatisierungen verf\u00fcgen, die genau auf deinen Content-Fluss abgestimmt sind und deine Prozesse m\u00fchelos optimieren. Dank unserem Engagement f\u00fcr hochwertige \u00dcbersetzungen und [&hellip;]<\/p>\n","protected":false},"author":4,"featured_media":0,"parent":56573,"menu_order":1,"comment_status":"closed","ping_status":"closed","template":"page-refresh","meta":{"_acf_changed":false,"_stopmodifiedupdate":false,"_modified_date":"","_searchwp_excluded":"","episode_type":"","audio_file":"","podmotor_file_id":"","podmotor_episode_id":"","cover_image":"","cover_image_id":"","duration":"","filesize":"","filesize_raw":"","date_recorded":"","explicit":"","block":"","itunes_episode_number":"","itunes_title":"","itunes_season_number":"","itunes_episode_type":"","footnotes":""},"class_list":["post-100475","page","type-page","status-publish","hentry"],"acf":[],"_links":{"self":[{"href":"https:\/\/phrase.com\/de\/wp-json\/wp\/v2\/pages\/100475","targetHints":{"allow":["GET"]}}],"collection":[{"href":"https:\/\/phrase.com\/de\/wp-json\/wp\/v2\/pages"}],"about":[{"href":"https:\/\/phrase.com\/de\/wp-json\/wp\/v2\/types\/page"}],"author":[{"embeddable":true,"href":"https:\/\/phrase.com\/de\/wp-json\/wp\/v2\/users\/4"}],"replies":[{"embeddable":true,"href":"https:\/\/phrase.com\/de\/wp-json\/wp\/v2\/comments?post=100475"}],"version-history":[{"count":6,"href":"https:\/\/phrase.com\/de\/wp-json\/wp\/v2\/pages\/100475\/revisions"}],"predecessor-version":[{"id":127675,"href":"https:\/\/phrase.com\/de\/wp-json\/wp\/v2\/pages\/100475\/revisions\/127675"}],"up":[{"embeddable":true,"href":"https:\/\/phrase.com\/de\/wp-json\/wp\/v2\/pages\/56573"}],"wp:attachment":[{"href":"https:\/\/phrase.com\/de\/wp-json\/wp\/v2\/media?parent=100475"}],"curies":[{"name":"wp","href":"https:\/\/api.w.org\/{rel}","templated":true}]}}