{"id":100516,"date":"2024-01-31T11:02:55","date_gmt":"2024-01-31T10:02:55","guid":{"rendered":"https:\/\/phrase.com\/acclaro\/"},"modified":"2025-10-06T09:58:34","modified_gmt":"2025-10-06T07:58:34","slug":"acclaro","status":"publish","type":"page","link":"https:\/\/phrase.com\/de\/partners\/acclaro\/","title":{"rendered":"Acclaro"},"content":{"rendered":"\n<div class=\"wp-block-group alignfull is-style-copy has-transparent-background-color has-background has-global-padding is-content-justification-center is-layout-constrained wp-block-group-is-layout-constrained\" style=\"padding-top:var(--wp--preset--spacing--45);padding-bottom:var(--wp--preset--spacing--45)\">\n<div class=\"wp-block-group alignwide has-global-padding is-content-justification-center is-layout-constrained wp-container-core-group-is-layout-cefc1864 wp-block-group-is-layout-constrained\" style=\"padding-left:var(--wp--preset--spacing--56)\">\n<p class=\"has-text-align-center has-blue-color has-text-color has-link-color wp-elements-fc4e1ddc0d74cbc314743c9090e21a46\">PHRASE PARTNER<\/p>\n\n\n\n<figure class=\"wp-block-image aligncenter size-full is-resized is-style-not-rounded\"><img loading=\"lazy\" decoding=\"async\" width=\"556\" height=\"122\" src=\"https:\/\/phrase.com\/wp-content\/uploads\/2024\/01\/Acclaro-Clean-Logo-Only-RGB.svg\" alt=\"\" class=\"wp-image-74659\" style=\"width:230px;height:auto\" \/><\/figure>\n\n\n\n<div style=\"height:20px\" aria-hidden=\"true\" class=\"wp-block-spacer\"><\/div>\n\n\n\n<h3 class=\"wp-block-heading has-text-align-center has-medium-font-size\" id=\"h-scale-your-global-growth-with-a-strategic-tech-enabled-localization-team\" style=\"margin-bottom:var(--wp--preset--spacing--8);font-style:normal;font-weight:400\"><strong>Globales Wachstum skalieren \u2013 mit einem strategischen, technologiegest\u00fctzten Lokalisierungsteam.<\/strong><\/h3>\n\n\n\n<p class=\"has-text-align-center\"><a href=\"https:\/\/www.acclaro.com\/\" target=\"_blank\" rel=\"noreferrer noopener\">acclaro.com<\/a><\/p>\n\n\n\n<div style=\"height:60px\" aria-hidden=\"true\" class=\"wp-block-spacer\"><\/div>\n\n\n\n<p class=\"has-text-align-center\" style=\"margin-top:0;margin-bottom:var(--wp--preset--spacing--40)\"><strong><br><\/strong>Acclaro wurde 2002 mit der Vision gegr\u00fcndet, ein strategischer Partner f\u00fcr Unternehmen zu sein, die global wachsen m\u00f6chten. Auf der Grundlage unserer langj\u00e4hrigen Erfahrung und der Ziele unserer Kunden liefern wir ma\u00dfgeschneiderte, technologiegest\u00fctzte Sprachprogramme, die skalierbar sind und ein weltweites Publikum ansprechen. Mit unserem globalen Know-how hast du Zugriff auf:<br><br>\u2022 KI-gest\u00fctzte \u00dcbersetzungs-Workflows, die von Lokalisierungsprofis verwaltet werden<br>\u2022 ein globales Team von lokal ans\u00e4ssigen Experten, mit Erfahrung in deiner Branche und TMS<br>\u2022 ein hochgradig pers\u00f6nlicher, ma\u00dfgeschneiderter Ansatz f\u00fcr das Projektmanagement<br>\u2022 ein hart erarbeiteter guter Ruf f\u00fcr p\u00fcnktliche und budgetkonforme Lieferungen<br>\u2022 unerm\u00fcdlicher Einsatz f\u00fcr qualitativ hochwertige \u00dcbersetzungen<br>\u2022 eine Erfolgsbilanz \u00fcberragender Kundenbewertungen und -beziehungen<\/p>\n\n\n\n<p class=\"has-text-align-center\"><strong>Standorte<\/strong><\/p>\n\n\n\n<p class=\"has-text-align-center\">Globale Pr\u00e4senz<\/p>\n\n\n\n<div style=\"height:19px\" aria-hidden=\"true\" class=\"wp-block-spacer\"><\/div>\n\n\n\n<div class=\"wp-block-buttons is-content-justification-center is-layout-flex wp-container-core-buttons-is-layout-a89b3969 wp-block-buttons-is-layout-flex\">\n<div class=\"wp-block-button\"><a class=\"wp-block-button__link wp-element-button\" href=\"https:\/\/phrase.com\/de\/demo\/\" target=\"_blank\" rel=\"noreferrer noopener\">Sprich uns an<\/a><\/div>\n\n\n\n<div class=\"wp-block-button is-style-black-outline\"><a class=\"wp-block-button__link has-text-align-center wp-element-button\" href=\"https:\/\/www.acclaro.com\/\" target=\"_blank\" rel=\"noreferrer noopener\">Website besuchen<\/a><\/div>\n<\/div>\n<\/div>\n<\/div>\n\n\n\n<div class=\"wp-block-columns alignwide are-vertically-aligned-center is-style-default is-layout-flex wp-container-core-columns-is-layout-28f84493 wp-block-columns-is-layout-flex\">\n<div class=\"wp-block-column is-vertically-aligned-center is-layout-flow wp-container-core-column-is-layout-6220b9e6 wp-block-column-is-layout-flow\" style=\"flex-basis:100%\">\n<h2 class=\"wp-block-heading has-text-align-center has-extra-large-font-size\" id=\"h-services-offered\"><strong>Angebotene Dienstleistungen<\/strong><\/h2>\n\n\n\n<div style=\"height:10px\" aria-hidden=\"true\" class=\"wp-block-spacer\"><\/div>\n\n\n\n<div class=\"wp-block-group is-nowrap is-layout-flex wp-container-core-group-is-layout-8bab3664 wp-block-group-is-layout-flex\">\n<div class=\"wp-block-group is-vertical is-layout-flex wp-container-core-group-is-layout-9f8eab21 wp-block-group-is-layout-flex\">\n<ul class=\"wp-block-list\">\n<li>Globale Marketing-Lokalisierung<br><\/li>\n\n\n\n<li>Lokalisierung von Websites und Landing Pages<br><\/li>\n\n\n\n<li>Video-Lokalisierung<br><\/li>\n\n\n\n<li>Content-Lokalisierung<br><\/li>\n\n\n\n<li>Internationales SEO und SEM<br><\/li>\n\n\n\n<li>\u00dcbersetzung von Werbung<br><\/li>\n\n\n\n<li>\u00dcbersetzung sozialer Medien<br><\/li>\n\n\n\n<li>\u00dcbersetzung von Pressemitteilungen<\/li>\n<\/ul>\n<\/div>\n\n\n\n<div class=\"wp-block-group is-vertical is-layout-flex wp-container-core-group-is-layout-9f8eab21 wp-block-group-is-layout-flex\">\n<ul class=\"wp-block-list\">\n<li>\u00dcbersetzung von E-Mail-Marketing<br><\/li>\n\n\n\n<li>Lokalisierung von Software und Anwendungen<br><\/li>\n\n\n\n<li>Wissensdatenbank-Lokalisierung<br><\/li>\n\n\n\n<li>Lokalisierung von technischen Publikationen<br><\/li>\n\n\n\n<li>Multimedia-Lokalisierung<br><\/li>\n\n\n\n<li>eLearning-Lokalisierung<br><\/li>\n\n\n\n<li>KI-L\u00f6sungen und Beratung<br><\/li>\n\n\n\n<li>DTP<\/li>\n<\/ul>\n<\/div>\n\n\n\n<div class=\"wp-block-group is-vertical is-layout-flex wp-container-core-group-is-layout-7a7a8c96 wp-block-group-is-layout-flex\">\n<ul class=\"wp-block-list\">\n<li>Entwicklung von Styleguides und Glossaren<br><\/li>\n\n\n\n<li>Translation Memory-Management (einschlie\u00dflich Terminologie)<br><\/li>\n\n\n\n<li>Bewertung und Training maschineller \u00dcbersetzungen<br><\/li>\n\n\n\n<li>Pr\u00fcfung<br><\/li>\n\n\n\n<li>Sprachqualit\u00e4tspr\u00fcfung<br><\/li>\n\n\n\n<li>Untertitelung<br><\/li>\n\n\n\n<li>Voiceover und Synchronisation (menschlich und KI)<br><\/li>\n\n\n\n<li>Transkreation<\/li>\n<\/ul>\n<\/div>\n\n\n\n<div class=\"wp-block-group is-vertical is-layout-flex wp-container-core-group-is-layout-9f8eab21 wp-block-group-is-layout-flex\">\n<ul class=\"wp-block-list\">\n<li>KI-gest\u00fctzte \u00dcbersetzung<br><\/li>\n\n\n\n<li>Workflow-Optimierung<br><\/li>\n\n\n\n<li>CMS-Integration<br><\/li>\n\n\n\n<li>API-Integration<br><\/li>\n\n\n\n<li>Helpdesk-Integration<br><\/li>\n\n\n\n<li>Integrationen zur Marketingautomatisierung<br><\/li>\n\n\n\n<li>Enterprise SaaS-Lokalisierung<br><\/li>\n\n\n\n<li>eCommerce-Lokalisierung<br><\/li>\n\n\n\n<li>Medien- und Unterhaltungslokalisierung<\/li>\n<\/ul>\n<\/div>\n<\/div>\n<\/div>\n<\/div>\n\n\n\n<div class=\"wp-block-group alignwide has-yellow-background-color has-background has-global-padding is-layout-constrained wp-block-group-is-layout-constrained\" style=\"margin-top:var(--wp--preset--spacing--56)\">\n<div class=\"wp-block-group is-vertical is-content-justification-center is-layout-flex wp-container-core-group-is-layout-ce155fab wp-block-group-is-layout-flex\">\n<h2 class=\"wp-block-heading has-text-align-center\" id=\"h-discover-more-partners\">Erfahre mehr \u00fcber weitere Partner<\/h2>\n\n\n\n<p class=\"has-text-align-center\">Wir arbeiten mit f\u00fchrenden Technologieunternehmen zusammen, um sicherzustellen, dass dein Team<br>jeden Tag mehr Wert aus Phrase sch\u00f6pft.<\/p>\n<\/div>\n\n\n\n<div class=\"wp-block-buttons is-content-justification-center is-layout-flex wp-container-core-buttons-is-layout-a89b3969 wp-block-buttons-is-layout-flex\">\n<div class=\"wp-block-button\"><a class=\"wp-block-button__link wp-element-button\" href=\"https:\/\/phrase.com\/de\/partners\/\" target=\"_blank\" rel=\"noreferrer noopener\">Phrase-Partnerprogramm<\/a><\/div>\n\n\n\n<div class=\"wp-block-button is-style-black-outline\"><a class=\"wp-block-button__link wp-element-button\" href=\"https:\/\/phrase.com\/de\/partners-inquiries\/\" target=\"_blank\" rel=\"noreferrer noopener\">Partner-Empfehlung<\/a><\/div>\n<\/div>\n<\/div>\n\n","protected":false},"excerpt":{"rendered":"<p>PHRASE PARTNER Globales Wachstum skalieren \u2013 mit einem strategischen, technologiegest\u00fctzten Lokalisierungsteam. acclaro.com Acclaro wurde 2002 mit der Vision gegr\u00fcndet, ein strategischer Partner f\u00fcr Unternehmen zu sein, die global wachsen m\u00f6chten. Auf der Grundlage unserer langj\u00e4hrigen Erfahrung und der Ziele unserer Kunden liefern wir ma\u00dfgeschneiderte, technologiegest\u00fctzte Sprachprogramme, die skalierbar sind und ein weltweites Publikum ansprechen. Mit [&hellip;]<\/p>\n","protected":false},"author":63,"featured_media":0,"parent":56573,"menu_order":1,"comment_status":"closed","ping_status":"closed","template":"page-refresh","meta":{"_acf_changed":false,"_stopmodifiedupdate":false,"_modified_date":"","_searchwp_excluded":"","episode_type":"","audio_file":"","podmotor_file_id":"","podmotor_episode_id":"","cover_image":"","cover_image_id":"","duration":"","filesize":"","filesize_raw":"","date_recorded":"","explicit":"","block":"","itunes_episode_number":"","itunes_title":"","itunes_season_number":"","itunes_episode_type":"","footnotes":""},"class_list":["post-100516","page","type-page","status-publish","hentry"],"acf":[],"_links":{"self":[{"href":"https:\/\/phrase.com\/de\/wp-json\/wp\/v2\/pages\/100516","targetHints":{"allow":["GET"]}}],"collection":[{"href":"https:\/\/phrase.com\/de\/wp-json\/wp\/v2\/pages"}],"about":[{"href":"https:\/\/phrase.com\/de\/wp-json\/wp\/v2\/types\/page"}],"author":[{"embeddable":true,"href":"https:\/\/phrase.com\/de\/wp-json\/wp\/v2\/users\/63"}],"replies":[{"embeddable":true,"href":"https:\/\/phrase.com\/de\/wp-json\/wp\/v2\/comments?post=100516"}],"version-history":[{"count":5,"href":"https:\/\/phrase.com\/de\/wp-json\/wp\/v2\/pages\/100516\/revisions"}],"predecessor-version":[{"id":120486,"href":"https:\/\/phrase.com\/de\/wp-json\/wp\/v2\/pages\/100516\/revisions\/120486"}],"up":[{"embeddable":true,"href":"https:\/\/phrase.com\/de\/wp-json\/wp\/v2\/pages\/56573"}],"wp:attachment":[{"href":"https:\/\/phrase.com\/de\/wp-json\/wp\/v2\/media?parent=100516"}],"curies":[{"name":"wp","href":"https:\/\/api.w.org\/{rel}","templated":true}]}}