{"id":100525,"date":"2023-11-17T11:47:25","date_gmt":"2023-11-17T10:47:25","guid":{"rendered":"https:\/\/phrase.com\/uptempo-global\/"},"modified":"2025-11-13T22:30:15","modified_gmt":"2025-11-13T21:30:15","slug":"uptempo-global","status":"publish","type":"page","link":"https:\/\/phrase.com\/de\/partners\/uptempo-global\/","title":{"rendered":"Uptempo Global"},"content":{"rendered":"\n<div class=\"wp-block-group alignfull is-style-copy has-transparent-background-color has-background has-global-padding is-content-justification-center is-layout-constrained wp-block-group-is-layout-constrained\" style=\"padding-top:var(--wp--preset--spacing--45);padding-bottom:var(--wp--preset--spacing--45)\">\n<div class=\"wp-block-group alignwide has-global-padding is-content-justification-center is-layout-constrained wp-container-core-group-is-layout-cefc1864 wp-block-group-is-layout-constrained\" style=\"padding-left:var(--wp--preset--spacing--56)\">\n<p class=\"has-text-align-center has-blue-color has-text-color has-link-color wp-elements-fc4e1ddc0d74cbc314743c9090e21a46\">PHRASE PARTNER<\/p>\n\n\n\n<figure class=\"wp-block-image aligncenter size-full is-resized is-style-not-rounded\"><img loading=\"lazy\" decoding=\"async\" width=\"421\" height=\"295\" src=\"https:\/\/phrase.com\/wp-content\/uploads\/2023\/11\/uptempo-global-e1700218012153.png\" alt=\"Uptempo Global-Logo | Phrase\" class=\"wp-image-70261\" style=\"width:276px;height:auto\" srcset=\"https:\/\/phrase.com\/wp-content\/uploads\/2023\/11\/uptempo-global-e1700218012153.png 421w, https:\/\/phrase.com\/wp-content\/uploads\/2023\/11\/uptempo-global-e1700218012153-300x210.png 300w\" sizes=\"auto, (max-width: 421px) 100vw, 421px\" \/><\/figure>\n\n\n\n<div style=\"height:20px\" aria-hidden=\"true\" class=\"wp-block-spacer\"><\/div>\n\n\n\n<h3 class=\"wp-block-heading has-text-align-center has-medium-font-size\" id=\"h-breaking-the-barriers-and-bridging-the-gaps-simplify-your-global-business-with-uptempo\" style=\"margin-bottom:var(--wp--preset--spacing--8);font-style:normal;font-weight:400\">Barrieren \u00fcberwinden und L\u00fccken \u00fcberbr\u00fccken: Vereinfache dein globales Business mit Uptempo.<\/h3>\n\n\n\n<p class=\"has-text-align-center\"><a href=\"https:\/\/www.acclaro.com\/?utm_campaign=Partner%20Marketing&amp;utm_source=Phrase%20partner%20listing&amp;utm_medium=Main%20link&amp;utm_term=Acclaro\" target=\"_blank\" rel=\"noreferrer noopener\"><\/a><a href=\"https:\/\/www.actumdigital.com\/\"><\/a><a href=\"https:\/\/blog.attachedglobal.com\/en\/attached-partners-with-phrase-to-elevate-enterprise-translation-solutions\"><\/a><a href=\"https:\/\/www.clearlyloc.com\/\" target=\"_blank\" rel=\"noreferrer noopener\"><\/a><a href=\"https:\/\/uptempo-global.com\/\" target=\"_blank\" rel=\"noreferrer noopener\">uptempo-global.com<\/a><\/p>\n\n\n\n<div style=\"height:60px\" aria-hidden=\"true\" class=\"wp-block-spacer\"><\/div>\n\n\n\n<p class=\"has-text-align-center\" style=\"margin-top:0;margin-bottom:var(--wp--preset--spacing--40)\"><strong><br><\/strong>Uptempo hat es sich zur Aufgabe gemacht, die gesch\u00e4ftliche Kommunikation zwischen Personen, die unterschiedliche Sprachen sprechen, zu verbessern, indem Sprachbarrieren und Verst\u00e4ndnisunterschiede beseitigt werden.<br><br><strong>Erreicht wird dies durch die folgenden Kernfunktionen:<\/strong><\/p>\n\n\n\n<ul class=\"wp-block-list\">\n<li>IT-spezifische Pr\u00e4zisionsverbesserung automatischer \u00dcbersetzungen \u2013Bereitstellung pr\u00e4ziser Revisionen f\u00fcr kommerzielle Auto\u00fcbersetzungs-APIs von Drittanbietern<br><\/li>\n\n\n\n<li>Synchronisierte Verst\u00e4ndnisverbesserung mit dem Co-Pilot-Tool von Uptempo, das eine intuitive Visualisierung in Echtzeit und eine gegenseitige interaktive Kommunikation erm\u00f6glicht.<br><\/li>\n<\/ul>\n\n\n\n<p class=\"has-text-align-center\">Das Ziel von Uptempo besteht in der Automatisierung und Lokalisierung grenz\u00fcberschreitender Zusammenarbeit \u2013 damit alle mit allen \u00fcberall und nahtlos zusammenarbeiten k\u00f6nnen, unabh\u00e4ngig von sprachlichen Barrieren.<br><br><br><strong>Standorte<\/strong><\/p>\n\n\n\n<p class=\"has-text-align-center\">Seoul, Republik Korea, Hanoi, Vietnam.<\/p>\n\n\n\n<div style=\"height:19px\" aria-hidden=\"true\" class=\"wp-block-spacer\"><\/div>\n\n\n\n<div class=\"wp-block-buttons is-content-justification-center is-layout-flex wp-container-core-buttons-is-layout-a89b3969 wp-block-buttons-is-layout-flex\">\n<div class=\"wp-block-button\"><a class=\"wp-block-button__link wp-element-button\" href=\"https:\/\/phrase.com\/de\/demo\/\" target=\"_blank\" rel=\"noreferrer noopener\">Sprich uns an<\/a><\/div>\n\n\n\n<div class=\"wp-block-button is-style-black-outline\"><a class=\"wp-block-button__link has-text-align-center wp-element-button\" href=\"https:\/\/uptempo-global.com\/\" target=\"_blank\" rel=\"noreferrer noopener\">Website besuchen<\/a><\/div>\n<\/div>\n<\/div>\n<\/div>\n\n\n\n<div class=\"wp-block-columns alignwide are-vertically-aligned-center is-style-default is-layout-flex wp-container-core-columns-is-layout-28f84493 wp-block-columns-is-layout-flex\">\n<div class=\"wp-block-column is-vertically-aligned-center is-layout-flow wp-container-core-column-is-layout-6220b9e6 wp-block-column-is-layout-flow\" style=\"flex-basis:100%\">\n<h2 class=\"wp-block-heading has-text-align-center has-extra-large-font-size\" id=\"h-services-offered\"><strong>Angebotene Dienstleistungen<\/strong><\/h2>\n\n\n\n<div style=\"height:10px\" aria-hidden=\"true\" class=\"wp-block-spacer\"><\/div>\n\n\n\n<div class=\"wp-block-group is-content-justification-center is-nowrap is-layout-flex wp-container-core-group-is-layout-f52be266 wp-block-group-is-layout-flex\">\n<div class=\"wp-block-group is-vertical is-layout-flex wp-container-core-group-is-layout-9f8eab21 wp-block-group-is-layout-flex\">\n<p class=\"has-large-font-size\">Mehrsprachige Lokalisierungsdienste in \u00fcber 40 Sprachen<\/p>\n\n\n\n<ul class=\"wp-block-list\">\n<li>Games\/Content, Marketing, Recht, Finanzen, Biowissenschaften, Technologie<\/li>\n<\/ul>\n<\/div>\n\n\n\n<div class=\"wp-block-group is-vertical is-layout-flex wp-container-core-group-is-layout-9f8eab21 wp-block-group-is-layout-flex\">\n<p class=\"has-large-font-size\">Copywriting<\/p>\n\n\n\n<ul class=\"wp-block-list\">\n<li>Datenerstellungsdienste<\/li>\n\n\n\n<li>\u00dcbersetzung von Korpusdaten und MTPE<\/li>\n\n\n\n<li>Benutzerdefinierte Audiodaten, Bilddaten<\/li>\n\n\n\n<li>Individuelle Datenauswertung, menschliches Feedback<\/li>\n\n\n\n<li>Datenerfassung (ohne Lizenzrisiko), Verfeinerung, Annotation, Beschriftung, Verarbeitung und KI-Modellierung<\/li>\n<\/ul>\n<\/div>\n\n\n\n<div class=\"wp-block-group is-vertical is-layout-flex wp-container-core-group-is-layout-9f8eab21 wp-block-group-is-layout-flex\">\n<p class=\"has-large-font-size\">Wettbewerbsf\u00e4hige Softwareentwicklungsdienste<\/p>\n\n\n\n<ul class=\"wp-block-list\">\n<li>Websites, Webanwendungen, mobile Anwendungen, plattform\u00fcbergreifend (Javascript, Java, WordPress+PHP, NodeJS, Python, Ruby, iOS, Android, Flutter, React Native)<\/li>\n\n\n\n<li>UI\/UX-Design (Figma, Adobe XD, Photoshop, Adobe Illustrator)<\/li>\n<\/ul>\n<\/div>\n\n\n\n<div class=\"wp-block-group is-vertical is-layout-flex wp-container-core-group-is-layout-9f8eab21 wp-block-group-is-layout-flex\">\n<p class=\"has-large-font-size\">Markenmarketing und GTM-Beschleunigungsdienste<\/p>\n\n\n\n<ul class=\"wp-block-list\">\n<li>Digitales Marketing (SNS, Influencer, Viral, Keyword Ads, Native Ads, Pressemitteilungen, SEO, ASO, Partnermedien &amp; Communitys)<\/li>\n\n\n\n<li>Offline-Werbung (Plakatw\u00e4nde, \u00f6ffentliche Verkehrsmittel, B2B-Partnernetz usw.)<\/li>\n<\/ul>\n<\/div>\n<\/div>\n<\/div>\n<\/div>\n\n\n\n<div class=\"wp-block-group alignwide has-yellow-background-color has-background has-global-padding is-layout-constrained wp-block-group-is-layout-constrained\" style=\"margin-top:var(--wp--preset--spacing--56)\">\n<div class=\"wp-block-group is-vertical is-content-justification-center is-layout-flex wp-container-core-group-is-layout-ce155fab wp-block-group-is-layout-flex\">\n<h2 class=\"wp-block-heading has-text-align-center\" id=\"h-discover-more-partners\">Erfahre mehr \u00fcber weitere Partner<\/h2>\n\n\n\n<p class=\"has-text-align-center\">Wir arbeiten mit f\u00fchrenden Technologieunternehmen zusammen, um sicherzustellen, dass dein Team<br>jeden Tag mehr Wert aus Phrase sch\u00f6pft.<\/p>\n<\/div>\n\n\n\n<div class=\"wp-block-buttons is-content-justification-center is-layout-flex wp-container-core-buttons-is-layout-a89b3969 wp-block-buttons-is-layout-flex\">\n<div class=\"wp-block-button\"><a class=\"wp-block-button__link wp-element-button\" href=\"https:\/\/phrase.com\/de\/partners\/\" target=\"_blank\" rel=\"noreferrer noopener\">Phrase-Partnerprogramm<\/a><\/div>\n\n\n\n<div class=\"wp-block-button is-style-black-outline\"><a class=\"wp-block-button__link wp-element-button\" href=\"https:\/\/phrase.com\/de\/partners-inquiries\/\" target=\"_blank\" rel=\"noreferrer noopener\">Partner-Empfehlung<\/a><\/div>\n<\/div>\n<\/div>\n\n","protected":false},"excerpt":{"rendered":"<p>PHRASE PARTNER Barrieren \u00fcberwinden und L\u00fccken \u00fcberbr\u00fccken: Vereinfache dein globales Business mit Uptempo. uptempo-global.com Uptempo hat es sich zur Aufgabe gemacht, die gesch\u00e4ftliche Kommunikation zwischen Personen, die unterschiedliche Sprachen sprechen, zu verbessern, indem Sprachbarrieren und Verst\u00e4ndnisunterschiede beseitigt werden. Erreicht wird dies durch die folgenden Kernfunktionen: Das Ziel von Uptempo besteht in der Automatisierung und Lokalisierung [&hellip;]<\/p>\n","protected":false},"author":57,"featured_media":0,"parent":56573,"menu_order":1,"comment_status":"closed","ping_status":"closed","template":"page-refresh","meta":{"_acf_changed":false,"_stopmodifiedupdate":false,"_modified_date":"","_searchwp_excluded":"","episode_type":"","audio_file":"","podmotor_file_id":"","podmotor_episode_id":"","cover_image":"","cover_image_id":"","duration":"","filesize":"","filesize_raw":"","date_recorded":"","explicit":"","block":"","itunes_episode_number":"","itunes_title":"","itunes_season_number":"","itunes_episode_type":"","footnotes":""},"class_list":["post-100525","page","type-page","status-publish","hentry"],"acf":[],"_links":{"self":[{"href":"https:\/\/phrase.com\/de\/wp-json\/wp\/v2\/pages\/100525","targetHints":{"allow":["GET"]}}],"collection":[{"href":"https:\/\/phrase.com\/de\/wp-json\/wp\/v2\/pages"}],"about":[{"href":"https:\/\/phrase.com\/de\/wp-json\/wp\/v2\/types\/page"}],"author":[{"embeddable":true,"href":"https:\/\/phrase.com\/de\/wp-json\/wp\/v2\/users\/57"}],"replies":[{"embeddable":true,"href":"https:\/\/phrase.com\/de\/wp-json\/wp\/v2\/comments?post=100525"}],"version-history":[{"count":6,"href":"https:\/\/phrase.com\/de\/wp-json\/wp\/v2\/pages\/100525\/revisions"}],"predecessor-version":[{"id":127629,"href":"https:\/\/phrase.com\/de\/wp-json\/wp\/v2\/pages\/100525\/revisions\/127629"}],"up":[{"embeddable":true,"href":"https:\/\/phrase.com\/de\/wp-json\/wp\/v2\/pages\/56573"}],"wp:attachment":[{"href":"https:\/\/phrase.com\/de\/wp-json\/wp\/v2\/media?parent=100525"}],"curies":[{"name":"wp","href":"https:\/\/api.w.org\/{rel}","templated":true}]}}