{"id":100584,"date":"2025-02-06T13:54:38","date_gmt":"2025-02-06T12:54:38","guid":{"rendered":"https:\/\/phrase.com\/lionbridge\/"},"modified":"2025-10-06T10:59:55","modified_gmt":"2025-10-06T08:59:55","slug":"lionbridge","status":"publish","type":"page","link":"https:\/\/phrase.com\/de\/partners\/lionbridge\/","title":{"rendered":"Lionbridge"},"content":{"rendered":"\n<div class=\"wp-block-group alignfull is-style-copy has-transparent-background-color has-background has-global-padding is-content-justification-center is-layout-constrained wp-block-group-is-layout-constrained\" style=\"padding-top:var(--wp--preset--spacing--45);padding-bottom:var(--wp--preset--spacing--45)\">\n<div class=\"wp-block-group alignwide has-global-padding is-content-justification-center is-layout-constrained wp-container-core-group-is-layout-cefc1864 wp-block-group-is-layout-constrained\" style=\"padding-left:var(--wp--preset--spacing--56)\">\n<div style=\"height:43px\" aria-hidden=\"true\" class=\"wp-block-spacer\"><\/div>\n\n\n\n<p class=\"has-text-align-center has-blue-color has-text-color has-link-color wp-elements-fc4e1ddc0d74cbc314743c9090e21a46\">PHRASE PARTNER<\/p>\n\n\n\n<figure class=\"wp-block-image aligncenter size-full is-resized is-style-not-rounded\"><img loading=\"lazy\" decoding=\"async\" width=\"1553\" height=\"288\" src=\"https:\/\/phrase.com\/wp-content\/uploads\/2025\/02\/Lionbridge-Technologies-Logo.png\" alt=\"Lionbridge-Logo\" class=\"wp-image-99143\" style=\"width:345px;height:auto\" srcset=\"https:\/\/phrase.com\/wp-content\/uploads\/2025\/02\/Lionbridge-Technologies-Logo.png 1553w, https:\/\/phrase.com\/wp-content\/uploads\/2025\/02\/Lionbridge-Technologies-Logo-300x56.png 300w, https:\/\/phrase.com\/wp-content\/uploads\/2025\/02\/Lionbridge-Technologies-Logo-1024x190.png 1024w, https:\/\/phrase.com\/wp-content\/uploads\/2025\/02\/Lionbridge-Technologies-Logo-768x142.png 768w, https:\/\/phrase.com\/wp-content\/uploads\/2025\/02\/Lionbridge-Technologies-Logo-1536x285.png 1536w\" sizes=\"auto, (max-width: 1553px) 100vw, 1553px\" \/><\/figure>\n\n\n\n<h3 class=\"wp-block-heading has-text-align-center has-medium-font-size\" id=\"h-breaking-barriers-building-bridges\" style=\"margin-bottom:var(--wp--preset--spacing--8);font-style:normal;font-weight:400\">Barrieren \u00fcberwinden. Br\u00fccken bauen.<\/h3>\n\n\n\n<p class=\"has-text-align-center\"><a href=\"https:\/\/www.lionbridge.com\" target=\"_blank\" rel=\"noreferrer noopener\">www.lionbridge.com<\/a><\/p>\n\n\n\n<div style=\"height:30px\" aria-hidden=\"true\" class=\"wp-block-spacer\"><\/div>\n\n\n\n<p class=\"has-text-align-center\" style=\"margin-top:0;margin-bottom:var(--wp--preset--spacing--40)\"><strong><br><\/strong>Lionbridge arbeitet mit Marken zusammen, um Barrieren zu \u00fcberwinden und in aller Welt Br\u00fccken zu bauen. Seit 25 Jahren unterst\u00fctzen wir Unternehmen dabei, mit ihren globalen Kunden und Mitarbeitern in Kontakt zu treten, indem wir \u00dcbersetzungs- und Lokalisierungsl\u00f6sungen in \u00fcber 350 Sprachen anbieten.<br><br>\u00dcber unsere erstklassige Plattform managen wir ein Netzwerk passionierter Sprachdienstleister in aller Welt, die mit Marken zusammenarbeiten, um kulturell nachhhaltige Erlebnisse zu schaffen.<br><br>Mit unserer unerm\u00fcdlichen Liebe zur Linguistik nutzen wir das Beste aus menschlicher und maschineller Intelligenz, um eine Sprache zu schaffen, die bei den Kunden unserer Kunden ankommt.<\/p>\n\n\n\n<p class=\"has-text-align-center\"><strong>Standorte<br><\/strong><br>Lionbridge ist weltweit t\u00e4tig und verf\u00fcgt \u00fcber 43 Niederlassungen und Hubs, die strategisch g\u00fcnstig gelegen sind, um Kunden in verschiedenen Regionen zu bedienen. Das Netzwerk umfasst Standorte in Nordamerika, Europa, im asiatisch-pazifischen Raum und in anderen wichtigen Regionen.<\/p>\n\n\n\n<p class=\"has-text-align-center\">Die globale Pr\u00e4senz des Unternehmens gew\u00e4hrleistet Kundendienst rund um die Uhr und Dienstleistungen f\u00fcr Kunden in verschiedenen Zeitzonen und M\u00e4rkten.<\/p>\n\n\n\n<div style=\"height:19px\" aria-hidden=\"true\" class=\"wp-block-spacer\"><\/div>\n\n\n\n<div class=\"wp-block-buttons is-content-justification-center is-layout-flex wp-container-core-buttons-is-layout-a89b3969 wp-block-buttons-is-layout-flex\">\n<div class=\"wp-block-button\"><a class=\"wp-block-button__link wp-element-button\" href=\"https:\/\/phrase.com\/de\/demo\/\" target=\"_blank\" rel=\"noreferrer noopener\">Sprich uns an<\/a><\/div>\n\n\n\n<div class=\"wp-block-button is-style-black-outline\"><a class=\"wp-block-button__link has-text-align-center wp-element-button\" href=\"https:\/\/www.lionbridge.com\/\" target=\"_blank\" rel=\"noreferrer noopener\">Website besuchen<\/a><\/div>\n<\/div>\n<\/div>\n<\/div>\n\n\n\n<div class=\"wp-block-columns alignwide are-vertically-aligned-center is-style-default is-layout-flex wp-container-core-columns-is-layout-28f84493 wp-block-columns-is-layout-flex\">\n<div class=\"wp-block-column is-vertically-aligned-center is-layout-flow wp-container-core-column-is-layout-6220b9e6 wp-block-column-is-layout-flow\" style=\"flex-basis:100%\">\n<h2 class=\"wp-block-heading has-text-align-center has-extra-large-font-size\" id=\"h-services-offered\"><strong>Angebotene Dienstleistungen<\/strong><\/h2>\n\n\n\n<div style=\"height:10px\" aria-hidden=\"true\" class=\"wp-block-spacer\"><\/div>\n\n\n\n<div class=\"wp-block-group is-content-justification-center is-nowrap is-layout-flex wp-container-core-group-is-layout-f52be266 wp-block-group-is-layout-flex\">\n<div class=\"wp-block-group is-vertical is-layout-flex wp-container-core-group-is-layout-9f8eab21 wp-block-group-is-layout-flex\">\n<ul class=\"wp-block-list\">\n<li>\u00dcbersetzung und Lokalisierung: Anpassung von Inhalten, Software und Websites an verschiedene Sprachen und kulturelle Kontexte.<\/li>\n\n\n\n<li>KI-Trainingsdaten: Bereitstellung hochwertiger Daten f\u00fcr KI- und maschinelle Lernmodelle, einschlie\u00dflich der Verarbeitung nat\u00fcrlicher Sprache (NLP).<\/li>\n\n\n\n<li>Inhaltserstellung und Marketing: Unterst\u00fctzung globaler Inhaltsstrategien mit ma\u00dfgeschneiderten Botschaften.<\/li>\n\n\n\n<li>Testdienstleistungen: Gew\u00e4hrleistung der Funktionalit\u00e4t, sprachlichen Genauigkeit und Benutzerfreundlichkeit von Software, Websites und Games.<\/li>\n\n\n\n<li>Dolmetschdienste:\u00a0 Erleichterung einer effektiven sprach\u00fcbergreifenden Kommunikation in Echtzeit.<\/li>\n<\/ul>\n<\/div>\n<\/div>\n<\/div>\n<\/div>\n\n\n\n<h2 class=\"wp-block-heading has-text-align-center has-extra-large-font-size\" id=\"h-credentials\"><strong>Referenzen<\/strong><\/h2>\n\n\n\n<p class=\"has-text-align-center\">Mit einem Netzwerk von \u00fcber 500.000 Linguisten und Fachexperten ist Lionbridge in mehr als 350 Sprachen t\u00e4tig und unterst\u00fctzt Unternehmen in \u00fcber 5.000 St\u00e4dten weltweit.<\/p>\n\n\n\n<div class=\"wp-block-group alignwide has-phrase-green-background-color has-background has-background-images has-global-padding is-content-justification-left is-layout-constrained wp-container-core-group-is-layout-12dd3699 wp-block-group-is-layout-constrained\" style=\"background-image:url(https:\/\/phrase.com\/wp-content\/uploads\/2024\/06\/Untitled-design-6.jpg.webp);background-position:0% 0%;background-attachment:scroll;background-repeat:no-repeat;background-size:cover\"><div class=\"glide wp-block-phrase-com-testimonials\"><div class=\"glide__track\" data-glide-el=\"track\"><div class=\"glide__slides\">\t<div class=\"wp-block-phrase-com-testimonial glide__slide\">\n\t\t<div class=\"wp-block-phrase-com-testimonial__text \">\n\t\t\tWir freuen uns \u00fcber die Zusammenarbeit mit Phrase, da das Unternehmen an vorderster Front jeder anspruchsvollen Lokalisierung steht, die durch skalierbare, innovative Technologien unterst\u00fctzt wird\u00a0&#8230; Unsere Kunden und Community-Partner k\u00f6nnen nur davon profitieren, wenn wir unsere Technologie und unsere sich erg\u00e4nzenden Visionen f\u00fcr die Zukunft aufeinander abstimmen.\t\t<\/div>\n\t\t<div class=\"wp-block-phrase-com-testimonial__author\">\n\t\t\t\n\t\t\t<div class=\"wp-block-phrase-com-testimonial__author-info\">\n\t\t\t\t<img loading=\"lazy\" decoding=\"async\" width=\"300\" height=\"300\" src=\"https:\/\/phrase.com\/wp-content\/uploads\/2025\/02\/lionbridge-logomark-phrase-300x300.jpg\" class=\"wp-block-phrase-com-testimonial__author-company-logo\" alt=\"Logo of Lionbridge (Partner)\" srcset=\"https:\/\/phrase.com\/wp-content\/uploads\/2025\/02\/lionbridge-logomark-phrase-300x300.jpg 300w, https:\/\/phrase.com\/wp-content\/uploads\/2025\/02\/lionbridge-logomark-phrase-150x150.jpg 150w, https:\/\/phrase.com\/wp-content\/uploads\/2025\/02\/lionbridge-logomark-phrase.jpg 400w\" sizes=\"auto, (max-width: 300px) 100vw, 300px\" \/>\n\t\t\t\t<p class=\"wp-block-phrase-com-testimonial__author-name\">\n\t\t\t\t\tMarcus Casal\t\t\t\t<\/p>\n\n\t\t\t\t<p class=\"wp-block-phrase-com-testimonial__author-title\">\n\t\t\t\t\tChief Technology Officer\t\t\t\t<\/p>\n\t\t\t<\/div>\n\t\t<\/div>\n\t<\/div>\n\t<\/div><\/div><\/div><\/div>\n\n\n\n<div class=\"wp-block-group alignwide has-yellow-background-color has-background has-global-padding is-layout-constrained wp-block-group-is-layout-constrained\" style=\"margin-top:var(--wp--preset--spacing--56)\">\n<div class=\"wp-block-group is-vertical is-content-justification-center is-layout-flex wp-container-core-group-is-layout-ce155fab wp-block-group-is-layout-flex\">\n<h2 class=\"wp-block-heading has-text-align-center\" id=\"h-discover-more-partners\">Erfahre mehr \u00fcber weitere Partner<\/h2>\n\n\n\n<p class=\"has-text-align-center\">Wir arbeiten mit f\u00fchrenden Technologieunternehmen zusammen, um sicherzustellen, dass dein Team<br>jeden Tag mehr Wert aus Phrase sch\u00f6pft.<\/p>\n<\/div>\n\n\n\n<div class=\"wp-block-buttons is-content-justification-center is-layout-flex wp-container-core-buttons-is-layout-a89b3969 wp-block-buttons-is-layout-flex\">\n<div class=\"wp-block-button\"><a class=\"wp-block-button__link wp-element-button\" href=\"https:\/\/phrase.com\/de\/partners\/\" target=\"_blank\" rel=\"noreferrer noopener\">Phrase-Partnerprogramm<\/a><\/div>\n\n\n\n<div class=\"wp-block-button is-style-black-outline\"><a class=\"wp-block-button__link wp-element-button\" href=\"https:\/\/phrase.com\/de\/partners-inquiries\/\" target=\"_blank\" rel=\"noreferrer noopener\">Partner-Empfehlung<\/a><\/div>\n<\/div>\n<\/div>\n\n","protected":false},"excerpt":{"rendered":"<p>PHRASE PARTNER Barrieren \u00fcberwinden. Br\u00fccken bauen. www.lionbridge.com Lionbridge arbeitet mit Marken zusammen, um Barrieren zu \u00fcberwinden und in aller Welt Br\u00fccken zu bauen. Seit 25 Jahren unterst\u00fctzen wir Unternehmen dabei, mit ihren globalen Kunden und Mitarbeitern in Kontakt zu treten, indem wir \u00dcbersetzungs- und Lokalisierungsl\u00f6sungen in \u00fcber 350 Sprachen anbieten. \u00dcber unsere erstklassige Plattform managen [&hellip;]<\/p>\n","protected":false},"author":77,"featured_media":0,"parent":56573,"menu_order":1,"comment_status":"closed","ping_status":"closed","template":"page-refresh","meta":{"_acf_changed":false,"_stopmodifiedupdate":false,"_modified_date":"","_searchwp_excluded":"","episode_type":"","audio_file":"","podmotor_file_id":"","podmotor_episode_id":"","cover_image":"","cover_image_id":"","duration":"","filesize":"","filesize_raw":"","date_recorded":"","explicit":"","block":"","itunes_episode_number":"","itunes_title":"","itunes_season_number":"","itunes_episode_type":"","footnotes":""},"class_list":["post-100584","page","type-page","status-publish","hentry"],"acf":[],"_links":{"self":[{"href":"https:\/\/phrase.com\/de\/wp-json\/wp\/v2\/pages\/100584","targetHints":{"allow":["GET"]}}],"collection":[{"href":"https:\/\/phrase.com\/de\/wp-json\/wp\/v2\/pages"}],"about":[{"href":"https:\/\/phrase.com\/de\/wp-json\/wp\/v2\/types\/page"}],"author":[{"embeddable":true,"href":"https:\/\/phrase.com\/de\/wp-json\/wp\/v2\/users\/77"}],"replies":[{"embeddable":true,"href":"https:\/\/phrase.com\/de\/wp-json\/wp\/v2\/comments?post=100584"}],"version-history":[{"count":6,"href":"https:\/\/phrase.com\/de\/wp-json\/wp\/v2\/pages\/100584\/revisions"}],"predecessor-version":[{"id":122643,"href":"https:\/\/phrase.com\/de\/wp-json\/wp\/v2\/pages\/100584\/revisions\/122643"}],"up":[{"embeddable":true,"href":"https:\/\/phrase.com\/de\/wp-json\/wp\/v2\/pages\/56573"}],"wp:attachment":[{"href":"https:\/\/phrase.com\/de\/wp-json\/wp\/v2\/media?parent=100584"}],"curies":[{"name":"wp","href":"https:\/\/api.w.org\/{rel}","templated":true}]}}