{"id":102098,"date":"2025-03-12T09:02:03","date_gmt":"2025-03-12T08:02:03","guid":{"rendered":"https:\/\/phrase.com\/optimizely-integration\/"},"modified":"2025-10-06T11:08:56","modified_gmt":"2025-10-06T09:08:56","slug":"optimizely","status":"publish","type":"page","link":"https:\/\/phrase.com\/de\/integrations\/optimizely\/","title":{"rendered":"Optimizely-Integration"},"content":{"rendered":"\n<div class=\"wp-block-group alignwide is-style-header-hero has-light-neutral-color has-green-90-background-color has-text-color has-background has-link-color has-background-images wp-elements-3a275a11c5d27bae6d9ddc040eda37c8 is-layout-flow wp-block-group-is-layout-flow\" style=\"background-image:url(https:\/\/phrase.com\/wp-content\/uploads\/2025\/02\/Optimizely-banner-phrase.jpg.webp);background-position:40% 0%;background-attachment:scroll;background-repeat:no-repeat;background-size:cover\"><div class=\"yoast-breadcrumbs\"><span><span><a href=\"https:\/\/phrase.com\/de\/\">Home<\/a><\/span> | <span><a href=\"https:\/\/phrase.com\/de\/integrations\/\">Integrationen<\/a><\/span> | <span class=\"breadcrumb_last\" aria-current=\"page\">Optimizely-Integration<\/span><\/span><\/div>\n\n\n<h1 class=\"wp-block-heading has-white-color has-text-color has-link-color wp-elements-70585b8304017a3305fc2f9ed0844436\" id=\"h-optimizely-integration\">Optimizely-Integration<\/h1>\n\n\n\n<p>Beschleunige die globale Bereitstellung von Inhalten mit der <br>Optimizely-Integration von Phrase.<\/p>\n\n\n\n<div class=\"wp-block-buttons is-layout-flex wp-block-buttons-is-layout-flex\">\n<div class=\"wp-block-button is-style-blue-filled\"><a class=\"wp-block-button__link wp-element-button\" href=\"https:\/\/phrase.com\/de\/demo\/\">Demo vereinbaren<\/a><\/div>\n<\/div>\n<\/div>\n\n\n\n<div style=\"height:0px\" aria-hidden=\"true\" class=\"wp-block-spacer\"><\/div>\n\n\n\n<div class=\"wp-block-group alignwide has-blue-10-background-color has-background has-background-images has-global-padding is-layout-constrained wp-block-group-is-layout-constrained\" style=\"margin-top:var(--wp--preset--spacing--10);background-image:url(https:\/\/phrase.com\/wp-content\/uploads\/2024\/03\/svgexport-1-2.svg);background-position:100% 30%;background-attachment:scroll;background-repeat:no-repeat;background-size:auto\">\n<div class=\"wp-block-group alignwide is-layout-flow wp-block-group-is-layout-flow\">\n<h2 class=\"wp-block-heading has-text-align-left\" id=\"h-automated-content-translation-for-optimizely\">Automatisierte Inhalts\u00fcbersetzung f\u00fcr Optimizely<\/h2>\n\n\n\n<div class=\"wp-block-group alignwide has-global-padding is-layout-constrained wp-block-group-is-layout-constrained\" style=\"margin-top:var(--wp--preset--spacing--10)\">\n<div class=\"wp-block-group alignwide is-layout-flow wp-block-group-is-layout-flow\">\n<p class=\"has-text-align-left\"><strong>Automatisiere und optimiere die \u00dcbersetzung deiner Website-Inhalte im Optimizely CMS<\/strong> mit Phrase. Keine manuellen Exporte, kostspieligen Verz\u00f6gerungen oder unzusammenh\u00e4ngenden Workflows mehr \u2013 nur noch schnelle, qualitativ hochwertige \u00dcbersetzungen, die deine Marke auf allen M\u00e4rkten konsistent pr\u00e4sentieren.<br><br>Mit dieser Integration flie\u00dfen die Quellinhalte direkt vom <strong>Optimizely CMS<\/strong> zur <strong>KI-gest\u00fctzten Plattform von Phrase. <\/strong>Dort werden sie \u00fcbersetzt, wobei eine fortschrittliche KI und\/oder eine menschliche \u00dcberpr\u00fcfung f\u00fcr zus\u00e4tzliche Pr\u00e4zision sorgen. Die \u00dcbersetzungen werden dann automatisch wieder mit Optimizely synchronisiert, so dass manuelle Schritte entfallen und ein vollst\u00e4ndig automatisierter Prozess gew\u00e4hrleistet ist.<\/p>\n<\/div>\n<\/div>\n<\/div>\n<\/div>\n\n\n\n<div class=\"wp-block-group has-global-padding is-layout-constrained wp-block-group-is-layout-constrained\">\n<h2 class=\"wp-block-heading has-text-align-center\" id=\"h-from-siloed-processes-to-full-automation\" style=\"margin-top:var(--wp--preset--spacing--45)\">Von isolierten Prozessen zur vollst\u00e4ndigen Automatisierung<\/h2>\n\n\n\n<p class=\"has-text-align-center\">Vor der Integration von Phrase k\u00e4mpften Marketing- und Lokalisierungsteams bei der \u00dcbersetzung von Optimizely-Inhalten oft mit fragmentierten, manuellen Workflows. Dies f\u00fchrte zu hohen Kosten, Ineffizienzen und eingeschr\u00e4nkter Qualit\u00e4tskontrolle. Dank der <strong>Optimizely-Integration<\/strong> in Phrase k\u00f6nnen Teams nun ihren gesamten \u00dcbersetzungsprozess automatisieren und so schnellere Durchlaufzeiten und eine bessere Qualit\u00e4tskontrolle gew\u00e4hrleisten.<\/p>\n<\/div>\n\n\n\n<div class=\"wp-block-group alignwide has-white-background-color has-background has-global-padding is-layout-constrained wp-block-group-is-layout-constrained\">\n<figure class=\"wp-block-table alignwide is-style-comparison\"><table class=\"has-fixed-layout\"><thead><tr><th>Vor Phrase<\/th><th>Mit Phrase<\/th><\/tr><\/thead><tbody><tr><td>Manuelle \u00dcbersetzung von Inhalten durch einen Sprachdienstleister (LSP)<\/td><td><strong>Vollst\u00e4ndig automatisierte Synchronisation von \u00dcbersetzungen<\/strong> zwischen Optimizely und Phrase<\/td><\/tr><tr><td>Getrennte Prozesse bei Marketing- und Lokalisierungsteams<\/td><td><strong>Zentralisierte Lokalisierungs-Workflows<\/strong> mit vereinheitlichten Translation Memorys und Termbanken<\/td><\/tr><tr><td>Hohe Kosten f\u00fcr die manuelle Nachbearbeitung<\/td><td><strong>KI-\u00dcbersetzung und TM-Integration<\/strong> reduzieren den Aufwand f\u00fcr die Nachbearbeitung<\/td><\/tr><tr><td>Keine direkte Qualit\u00e4tskontrolle durch das Lokalisierungsteam<\/td><td><strong>Vollst\u00e4ndige Kontrolle \u00fcber Qualit\u00e4t und Automatisierung<\/strong> via Phrase<\/td><\/tr><\/tbody><\/table><\/figure>\n<\/div>\n\n\n\n<div style=\"height:0px\" aria-hidden=\"true\" class=\"wp-block-spacer\"><\/div>\n\n\n\n<div class=\"wp-block-phrase-com-carousel alignwide wp-block-phrase-com-carousel--no-button has-color-scheme has-dark-green-color-scheme\"><div class=\"wp-block-phrase-com-carousel__sidebar\"><h2 class=\"wp-block-phrase-com-carousel__heading\">Vorteile der Optimizely-Integration<\/h2><div class=\"wp-block-phrase-com-carousel__navigation\"><button type=\"button\" class=\"wp-block-phrase-com-carousel__tab\" data-index=\"0\">Zentralisierte Arbeitsabl\u00e4ufe<\/button><button type=\"button\" class=\"wp-block-phrase-com-carousel__tab\" data-index=\"1\">KI-gesteuerte \u00dcbersetzungsqualit\u00e4t<\/button><button type=\"button\" class=\"wp-block-phrase-com-carousel__tab\" data-index=\"2\">Markenkonsistenz<\/button><\/div><\/div><div class=\"wp-block-phrase-com-carousel__slider\"><div class=\"wp-block-phrase-com-carousel__slider-track glide__track\" data-glide-el=\"track\"><div class=\"wp-block-phrase-com-carousel__slides glide__slides\">\n<div class=\"wp-block-phrase-com-carousel-slide glide__slide is-layout-flow wp-block-phrase-com-carousel-slide-is-layout-flow\">\n<figure class=\"wp-block-image size-full no-padding is-style-default\"><img loading=\"lazy\" decoding=\"async\" width=\"1024\" height=\"768\" src=\"https:\/\/phrase.com\/wp-content\/uploads\/2025\/02\/Centralized-workflows-phrase.jpg\" alt=\"\" class=\"wp-image-100783\" style=\"object-fit:cover\" srcset=\"https:\/\/phrase.com\/wp-content\/uploads\/2025\/02\/Centralized-workflows-phrase.jpg 1024w, https:\/\/phrase.com\/wp-content\/uploads\/2025\/02\/Centralized-workflows-phrase-300x225.jpg 300w, https:\/\/phrase.com\/wp-content\/uploads\/2025\/02\/Centralized-workflows-phrase-768x576.jpg 768w\" sizes=\"auto, (max-width: 1024px) 100vw, 1024px\" \/><\/figure>\n\n\n\n<h3 class=\"wp-block-heading has-large-font-size\" id=\"h-centralized-workflows\"><strong>Zentralisierte Arbeitsabl\u00e4ufe<\/strong><\/h3>\n\n\n\n<p>Keine manuellen \u00dcbergaben oder komplexen Exporte mehr.<\/p>\n<\/div>\n\n\n\n<div class=\"wp-block-phrase-com-carousel-slide glide__slide is-layout-flow wp-block-phrase-com-carousel-slide-is-layout-flow\">\n<figure class=\"wp-block-image size-full no-padding\"><img loading=\"lazy\" decoding=\"async\" width=\"1024\" height=\"768\" src=\"https:\/\/phrase.com\/wp-content\/uploads\/2025\/02\/AI-driven-translation-quality-phrase.jpg\" alt=\"\" class=\"wp-image-100815\" srcset=\"https:\/\/phrase.com\/wp-content\/uploads\/2025\/02\/AI-driven-translation-quality-phrase.jpg 1024w, https:\/\/phrase.com\/wp-content\/uploads\/2025\/02\/AI-driven-translation-quality-phrase-300x225.jpg 300w, https:\/\/phrase.com\/wp-content\/uploads\/2025\/02\/AI-driven-translation-quality-phrase-768x576.jpg 768w\" sizes=\"auto, (max-width: 1024px) 100vw, 1024px\" \/><\/figure>\n\n\n\n<h3 class=\"wp-block-heading has-large-font-size\" id=\"h-ai-driven-translation-quality\"><strong>KI-gesteuerte \u00dcbersetzungsqualit\u00e4t<\/strong><\/h3>\n\n\n\n<p>Flexible KI-gest\u00fctzte \u00dcbersetzung mit menschlicher \u00dcberpr\u00fcfung.<\/p>\n<\/div>\n\n\n\n<div class=\"wp-block-phrase-com-carousel-slide glide__slide is-layout-flow wp-block-phrase-com-carousel-slide-is-layout-flow\">\n<figure class=\"wp-block-image size-full no-padding\"><img loading=\"lazy\" decoding=\"async\" width=\"1024\" height=\"768\" src=\"https:\/\/phrase.com\/wp-content\/uploads\/2025\/02\/Brand-consistency-phrase.jpg\" alt=\"\" class=\"wp-image-100822\" srcset=\"https:\/\/phrase.com\/wp-content\/uploads\/2025\/02\/Brand-consistency-phrase.jpg 1024w, https:\/\/phrase.com\/wp-content\/uploads\/2025\/02\/Brand-consistency-phrase-300x225.jpg 300w, https:\/\/phrase.com\/wp-content\/uploads\/2025\/02\/Brand-consistency-phrase-768x576.jpg 768w\" sizes=\"auto, (max-width: 1024px) 100vw, 1024px\" \/><\/figure>\n\n\n\n<h3 class=\"wp-block-heading has-large-font-size\" id=\"h-brand-consistency\"><strong><strong>Markenkonsistenz<\/strong><\/strong><\/h3>\n\n\n\n<p>Tonfall, Terminologie und Genauigkeit bleiben in allen M\u00e4rkten gleich.<\/p>\n<\/div>\n<\/div><\/div><\/div><\/div>\n\n\n\n<div class=\"wp-block-group alignwide has-light-neutral-background-color has-background has-global-padding is-layout-constrained wp-block-group-is-layout-constrained\">\n<h2 class=\"wp-block-heading has-text-align-center\" id=\"h-why-choose-phrase-for-optimizely-localization\">Warum Phrase f\u00fcr die Lokalisierung von Optimizely?<\/h2>\n\n\n\n<p class=\"has-text-align-center\">Im Gegensatz zu anderen Optimizely-\u00dcbersetzungsintegrationen vereinheitlicht Phrase alle Lokalisierungs-Workflows auf einer einzigen Plattform.<\/p>\n\n\n\n<div class=\"wp-block-group alignwide has-light-neutral-background-color has-background has-global-padding is-layout-constrained wp-block-group-is-layout-constrained\" style=\"margin-top:0\">\n<div class=\"wp-block-group alignwide is-layout-grid wp-container-core-group-is-layout-12da87f5 wp-block-group-is-layout-grid\" style=\"margin-top:var(--wp--preset--spacing--45)\">\n<div class=\"wp-block-group is-vertical is-content-justification-center is-layout-flex wp-container-core-group-is-layout-5e763914 wp-block-group-is-layout-flex\">\n<figure class=\"wp-block-image size-full is-resized is-style-not-rounded\"><img loading=\"lazy\" decoding=\"async\" width=\"72\" height=\"72\" src=\"https:\/\/phrase.com\/wp-content\/uploads\/2025\/07\/cost-decrease-icon.png\" alt=\"\" class=\"wp-image-111451\" style=\"width:83px;height:auto\" \/><\/figure>\n\n\n\n<p class=\"has-text-align-center\"><strong>Geringere Kosten f\u00fcr die Nachbearbeitung<\/strong><\/p>\n\n\n\n<p class=\"has-text-align-center\">durch den Einsatz einheitlicher Translation Memorys (TM)<\/p>\n<\/div>\n\n\n\n<div class=\"wp-block-group is-vertical is-content-justification-center is-layout-flex wp-container-core-group-is-layout-5e763914 wp-block-group-is-layout-flex\">\n<figure class=\"wp-block-image size-full is-resized is-style-not-rounded\"><img loading=\"lazy\" decoding=\"async\" width=\"72\" height=\"72\" src=\"https:\/\/phrase.com\/wp-content\/uploads\/2025\/07\/control-icon.png\" alt=\"\" class=\"wp-image-111445\" style=\"width:83px\" \/><\/figure>\n\n\n\n<p class=\"has-text-align-center\"><strong>Gr\u00f6\u00dfere Qualit\u00e4tskontrolle<\/strong><\/p>\n\n\n\n<p class=\"has-text-align-center\">dank zentralisierter Qualit\u00e4tssicherungs-Tools<\/p>\n<\/div>\n\n\n\n<div class=\"wp-block-group is-vertical is-content-justification-center is-layout-flex wp-container-core-group-is-layout-5e763914 wp-block-group-is-layout-flex\">\n<figure class=\"wp-block-image size-full is-resized\"><img loading=\"lazy\" decoding=\"async\" width=\"72\" height=\"72\" src=\"https:\/\/phrase.com\/wp-content\/uploads\/2025\/07\/automation-icon.png\" alt=\"\" class=\"wp-image-111463\" style=\"width:83px\" \/><\/figure>\n\n\n\n<p class=\"has-text-align-center\"><strong>Automatisierung als erster Ansatz<\/strong><\/p>\n\n\n\n<p class=\"has-text-align-center\">zur Reduzierung repetitiver manueller T\u00e4tigkeiten<\/p>\n<\/div>\n\n\n\n<div class=\"wp-block-group is-vertical is-content-justification-center is-layout-flex wp-container-core-group-is-layout-5e763914 wp-block-group-is-layout-flex\">\n<figure class=\"wp-block-image size-full is-resized is-style-not-rounded\"><img loading=\"lazy\" decoding=\"async\" width=\"73\" height=\"73\" src=\"https:\/\/phrase.com\/wp-content\/uploads\/2025\/07\/translation-icon.png\" alt=\"\" class=\"wp-image-111457\" style=\"width:83px;height:auto\" \/><\/figure>\n\n\n\n<p class=\"has-text-align-center\"><strong>AI-\u00dcbersetzung auf dem neuesten Stand der Technik<\/strong><\/p>\n\n\n\n<p class=\"has-text-align-center\">f\u00fcr schnellere Abwicklung und niedrigere Kosten<\/p>\n<\/div>\n<\/div>\n<\/div>\n<\/div>\n\n\n\n<div class=\"wp-block-phrase-com-masked-media-text alignwide is-style-shape-two has-transparent-background-color has-background\"><div class=\"wp-block-phrase-com-masked-media-text__inner\">\n<h3 class=\"wp-block-heading\" id=\"h-phrase-in-action\">Phrase in Aktion<\/h3>\n\n\n\n<p class=\"has-medium-font-size\">Ein weltweit f\u00fchrendes Unternehmen im Bereich Risikomanagement und Zertifizierung \u00fcbersetzt derzeit Optimizely-Inhalte mithilfe einer von einem LSP verwalteten Integration. Der Arbeitsablauf in 32 Sprachen erfordert manuelle \u00dcbersetzungen, was zu hohen Kosten und Ineffizienz f\u00fchrt.<\/p>\n\n\n\n<p>Der Wechsel zur <strong>Optimizely-Integration in Phrase<\/strong> sorgt bei diesem Unternehmen f\u00fcr:<\/p>\n\n\n\n<p>&#8211; <strong>Automatisierte \u00dcbersetzungssynchronisation<\/strong> zwischen Optimizely und Phrase<br>&#8211; <strong>Nutzung von TM- und KI-gest\u00fctzten \u00dcbersetzungen<\/strong> zur Senkung der Nachbearbeitungskosten<br>&#8211; <strong>Zentrale Kontrolle<\/strong> \u00fcber Auftragnehmer, Qualit\u00e4t und Automatisierung<br><br>Dies erm\u00f6glicht <strong>erhebliche Kosteneinsparungen, Effizienzsteigerung und Markenkonsistenz<\/strong> in gro\u00dfem Umfang.<\/p>\n<\/div><div class=\"wp-block-phrase-com-masked-media-text__media\"><img loading=\"lazy\" decoding=\"async\" width=\"1136\" height=\"1150\" src=\"https:\/\/phrase.com\/wp-content\/uploads\/2025\/03\/Optimizely-phrase-integration.jpg\" alt=\"\" class=\"wp-block-phrase-com-masked-media-text-image wp-image-101464\" srcset=\"https:\/\/phrase.com\/wp-content\/uploads\/2025\/03\/Optimizely-phrase-integration.jpg 1136w, https:\/\/phrase.com\/wp-content\/uploads\/2025\/03\/Optimizely-phrase-integration-296x300.jpg 296w, https:\/\/phrase.com\/wp-content\/uploads\/2025\/03\/Optimizely-phrase-integration-1012x1024.jpg 1012w, https:\/\/phrase.com\/wp-content\/uploads\/2025\/03\/Optimizely-phrase-integration-768x777.jpg 768w\" sizes=\"auto, (max-width: 1136px) 100vw, 1136px\" \/><\/div><\/div>\n\n\n\n<h2 class=\"wp-block-heading has-text-align-center\" id=\"h-webinar-automate-and-scale-content-translation-with-phrase-and-optimizely\">Webinar: \u00dcbersetzung von Inhalten mit Phrase und Optimizely automatisieren und skalieren<\/h2>\n\n\n\n<div class=\"wp-block-columns alignwide are-vertically-aligned-center media-text-columns media-text-columns--media-left is-layout-flex wp-container-core-columns-is-layout-28f84493 wp-block-columns-is-layout-flex\">\n<div class=\"wp-block-column is-vertically-aligned-center is-layout-flow wp-block-column-is-layout-flow\" style=\"flex-basis:57.2131147541%\">\n<figure class=\"wp-block-image size-full\"><img loading=\"lazy\" decoding=\"async\" width=\"2560\" height=\"1308\" src=\"https:\/\/phrase.com\/wp-content\/uploads\/2025\/03\/P1124-Optimizely-webinar-visuals-2560-X-1307px.png\" alt=\"\" class=\"wp-image-102605\" srcset=\"https:\/\/phrase.com\/wp-content\/uploads\/2025\/03\/P1124-Optimizely-webinar-visuals-2560-X-1307px.png 2560w, https:\/\/phrase.com\/wp-content\/uploads\/2025\/03\/P1124-Optimizely-webinar-visuals-2560-X-1307px-300x153.png 300w, https:\/\/phrase.com\/wp-content\/uploads\/2025\/03\/P1124-Optimizely-webinar-visuals-2560-X-1307px-1024x523.png 1024w, https:\/\/phrase.com\/wp-content\/uploads\/2025\/03\/P1124-Optimizely-webinar-visuals-2560-X-1307px-768x392.png 768w, https:\/\/phrase.com\/wp-content\/uploads\/2025\/03\/P1124-Optimizely-webinar-visuals-2560-X-1307px-1536x785.png 1536w, https:\/\/phrase.com\/wp-content\/uploads\/2025\/03\/P1124-Optimizely-webinar-visuals-2560-X-1307px-2048x1046.png 2048w\" sizes=\"auto, (max-width: 2560px) 100vw, 2560px\" \/><\/figure>\n<\/div>\n\n\n\n<div class=\"wp-block-column is-vertically-aligned-center is-layout-flow wp-block-column-is-layout-flow\" style=\"flex-basis:41.9672131148%\">\n<h2 class=\"wp-block-heading has-extra-large-font-size\" id=\"h-watch-on-demand\">Jetzt auf Abruf verf\u00fcgbar (in englischer Sprache)<\/h2>\n\n\n\n<p>Erhalte einen exklusiven ersten Blick auf die Phrase-Optimizely-Integration! In dieser Session erf\u00e4hrst du, wie KI-gest\u00fctzte Automatisierung die \u00dcbersetzung von Website-Inhalten optimieren kann. Die Zeiten der manuellen Exporte und unzusammenh\u00e4ngenden Arbeitsabl\u00e4ufe sind vorbei \u2013 diese nahtlose Integration erm\u00f6glicht die zentrale Kontrolle \u00fcber Auftragnehmer, Qualit\u00e4t und Automatisierung.<\/p>\n\n\n\n<div class=\"wp-block-buttons is-layout-flex wp-block-buttons-is-layout-flex\">\n<div class=\"wp-block-button is-style-plain\"><a class=\"wp-block-button__link wp-element-button\" href=\"https:\/\/phrase.com\/de\/resources\/webinars\/automate-translation-optimizely\/\" target=\"_blank\" rel=\"noreferrer noopener\">Aufzeichnung ansehen<\/a><\/div>\n<\/div>\n<\/div>\n<\/div>\n\n\n\n<div style=\"height:4px\" aria-hidden=\"true\" class=\"wp-block-spacer\"><\/div>\n\n\n\n<h2 class=\"wp-block-heading has-text-align-center\" id=\"h-faqs\" style=\"margin-top:0\">H\u00c4UFIGE FRAGEN (FAQ)<\/h2>\n\n\n\n<div class=\"wp-block-wearerequired-accordion\">\n<div id=\"acc-wie-richte-ich-die-optimizely-integration-ein\" tabindex=\"-1\" class=\"wp-block-wearerequired-accordion-section\">\n<h3 class=\"wp-block-wearerequired-accordion-heading\"><span aria-hidden=\"true\" class=\"wp-block-wearerequired-accordion-heading__icon\"><\/span><span class=\"wp-block-wearerequired-accordion-heading__text\">Wie richte ich die Optimizely-Integration ein?<\/span><\/h3>\n\n\n\n<div class=\"wp-block-wearerequired-accordion-content is-layout-flow wp-block-wearerequired-accordion-content-is-layout-flow\">\n<p>Folgende Schritte sind f\u00fcr die Integration n\u00f6tig:<\/p>\n\n\n\n<ul class=\"wp-block-list\">\n<li>Automatisierte Arbeitsabl\u00e4ufe f\u00fcr die Verwaltung des \u00dcbersetzungszyklus aktivieren<\/li>\n\n\n\n<li>Einrichtung eines Optimizely-Kontos mit den dazugeh\u00f6rigen Admin-Rechten<\/li>\n\n\n\n<li>Anmeldung bei Phrase TMS und Navigation zum Abschnitt \u201eIntegrationen\u201c<\/li>\n\n\n\n<li>Optimizely ausw\u00e4hlen und Konto authentifizieren<\/li>\n\n\n\n<li>Einstellungen konfigurieren, wie etwa die zu \u00fcbersetzenden Inhaltstypen und Sprachpaare<\/li>\n<\/ul>\n<\/div>\n<\/div>\n\n\n\n<div id=\"acc-welche-inhaltstypen-koennen-uebersetzt-werden\" tabindex=\"-1\" class=\"wp-block-wearerequired-accordion-section\">\n<h3 class=\"wp-block-wearerequired-accordion-heading\"><span aria-hidden=\"true\" class=\"wp-block-wearerequired-accordion-heading__icon\"><\/span><span class=\"wp-block-wearerequired-accordion-heading__text\">Welche Inhaltstypen k\u00f6nnen \u00fcbersetzt werden?<\/span><\/h3>\n\n\n\n<div class=\"wp-block-wearerequired-accordion-content is-layout-flow wp-block-wearerequired-accordion-content-is-layout-flow\">\n<p>Die Integration unterst\u00fctzt Textinhalte, Metadaten, Produktbeschreibungen, Webseiten, Marketingmaterialien und Elemente der Benutzeroberfl\u00e4che von Optimizely.<\/p>\n<\/div>\n<\/div>\n\n\n\n<div id=\"acc-welche-sprachen-werden-unterstuetzt\" tabindex=\"-1\" class=\"wp-block-wearerequired-accordion-section\">\n<h3 class=\"wp-block-wearerequired-accordion-heading\"><span aria-hidden=\"true\" class=\"wp-block-wearerequired-accordion-heading__icon\"><\/span><span class=\"wp-block-wearerequired-accordion-heading__text\">Welche Sprachen werden unterst\u00fctzt?<\/span><\/h3>\n\n\n\n<div class=\"wp-block-wearerequired-accordion-content is-layout-flow wp-block-wearerequired-accordion-content-is-layout-flow\">\n<p>Phrase unterst\u00fctzt \u00fcber 800 Sprachpaare und eignet sich damit ideal f\u00fcr globale Lokalisierungsanforderungen.<\/p>\n<\/div>\n<\/div>\n\n\n\n<div id=\"acc-kann-ich-im-rahmen-der-integration-maschinelle-uebersetzung-mt-verwenden\" tabindex=\"-1\" class=\"wp-block-wearerequired-accordion-section\">\n<h3 class=\"wp-block-wearerequired-accordion-heading\"><span aria-hidden=\"true\" class=\"wp-block-wearerequired-accordion-heading__icon\"><\/span><span class=\"wp-block-wearerequired-accordion-heading__text\">Kann ich im Rahmen der Integration maschinelle \u00dcbersetzung (MT) verwenden?<\/span><\/h3>\n\n\n\n<div class=\"wp-block-wearerequired-accordion-content is-layout-flow wp-block-wearerequired-accordion-content-is-layout-flow\">\n<p>Ja. Die Integration unterst\u00fctzt Phrase Language AI, die den Zugriff auf \u00fcber 30 MT-Engines bietet, darunter Google, DeepL, Microsoft und Phrase NextMT. Und die MT Autoselect-Funktion sorgt daf\u00fcr, dass f\u00fcr jedes Sprachpaar die beste maschinelle \u00dcbersetzungsmaschine ausgew\u00e4hlt wird.<\/p>\n<\/div>\n<\/div>\n\n\n\n<div id=\"acc-wo-bekomme-ich-weitere-informationen\" tabindex=\"-1\" class=\"wp-block-wearerequired-accordion-section\">\n<h3 class=\"wp-block-wearerequired-accordion-heading\"><span aria-hidden=\"true\" class=\"wp-block-wearerequired-accordion-heading__icon\"><\/span><span class=\"wp-block-wearerequired-accordion-heading__text\">Wo bekomme ich weitere Informationen?<\/span><\/h3>\n\n\n\n<div class=\"wp-block-wearerequired-accordion-content is-layout-flow wp-block-wearerequired-accordion-content-is-layout-flow\">\n<p>Das <a href=\"https:\/\/support.phrase.com\/hc\/de\/sections\/5784101340060-Integrations\">Phrase Support Center<\/a> bietet ausf\u00fchrliche Dokumentation und Support-Artikel zu Integrationen, einschlie\u00dflich der Optimizely-Phrase-Integration.\u200b<\/p>\n<\/div>\n<\/div>\n<\/div>\n\n\n\n<div style=\"height:50px\" aria-hidden=\"true\" class=\"wp-block-spacer\"><\/div>\n\n\n\n<div class=\"wp-block-columns alignwide is-style-default is-layout-flex wp-container-core-columns-is-layout-28f84493 wp-block-columns-is-layout-flex\">\n<div class=\"wp-block-column has-blue-80-background-color has-background has-global-padding is-layout-constrained wp-container-core-column-is-layout-31a95166 wp-block-column-is-layout-constrained\" style=\"border-style:none;border-width:0px;padding-top:var(--wp--preset--spacing--45);padding-bottom:var(--wp--preset--spacing--45);flex-basis:100%\">\n<h2 class=\"wp-block-heading has-text-align-center has-white-color has-text-color has-link-color wp-elements-efc3036a3e3fe70f5146ddee8144d94c\" id=\"h-want-to-find-out-more\">Mehr erfahren?<\/h2>\n\n\n\n<div class=\"wp-block-buttons is-content-justification-center is-layout-flex wp-container-core-buttons-is-layout-a89b3969 wp-block-buttons-is-layout-flex\">\n<div class=\"wp-block-button is-style-grey-filled\"><a class=\"wp-block-button__link wp-element-button\" href=\"https:\/\/phrase.com\/de\/demo\/\">Demo vereinbaren<\/a><\/div>\n\n\n\n<div class=\"wp-block-button is-style-white-outline\"><a class=\"wp-block-button__link wp-element-button\" href=\"https:\/\/phrase.com\/de\/contact\/\">Sprich uns an<\/a><\/div>\n<\/div>\n<\/div>\n<\/div>\n\n","protected":false},"excerpt":{"rendered":"<p>Optimizely-Integration Beschleunige die globale Bereitstellung von Inhalten mit der Optimizely-Integration von Phrase. Automatisierte Inhalts\u00fcbersetzung f\u00fcr Optimizely Automatisiere und optimiere die \u00dcbersetzung deiner Website-Inhalte im Optimizely CMS mit Phrase. Keine manuellen Exporte, kostspieligen Verz\u00f6gerungen oder unzusammenh\u00e4ngenden Workflows mehr \u2013 nur noch schnelle, qualitativ hochwertige \u00dcbersetzungen, die deine Marke auf allen M\u00e4rkten konsistent pr\u00e4sentieren. Mit dieser Integration [&hellip;]<\/p>\n","protected":false},"author":77,"featured_media":100777,"parent":31701,"menu_order":0,"comment_status":"closed","ping_status":"closed","template":"page-refresh","meta":{"_acf_changed":false,"_stopmodifiedupdate":false,"_modified_date":"","_searchwp_excluded":"","episode_type":"","audio_file":"","podmotor_file_id":"","podmotor_episode_id":"","cover_image":"","cover_image_id":"","duration":"","filesize":"","filesize_raw":"","date_recorded":"","explicit":"","block":"","itunes_episode_number":"","itunes_title":"","itunes_season_number":"","itunes_episode_type":"","footnotes":""},"class_list":["post-102098","page","type-page","status-publish","has-post-thumbnail","hentry"],"acf":[],"_links":{"self":[{"href":"https:\/\/phrase.com\/de\/wp-json\/wp\/v2\/pages\/102098","targetHints":{"allow":["GET"]}}],"collection":[{"href":"https:\/\/phrase.com\/de\/wp-json\/wp\/v2\/pages"}],"about":[{"href":"https:\/\/phrase.com\/de\/wp-json\/wp\/v2\/types\/page"}],"author":[{"embeddable":true,"href":"https:\/\/phrase.com\/de\/wp-json\/wp\/v2\/users\/77"}],"replies":[{"embeddable":true,"href":"https:\/\/phrase.com\/de\/wp-json\/wp\/v2\/comments?post=102098"}],"version-history":[{"count":5,"href":"https:\/\/phrase.com\/de\/wp-json\/wp\/v2\/pages\/102098\/revisions"}],"predecessor-version":[{"id":123032,"href":"https:\/\/phrase.com\/de\/wp-json\/wp\/v2\/pages\/102098\/revisions\/123032"}],"up":[{"embeddable":true,"href":"https:\/\/phrase.com\/de\/wp-json\/wp\/v2\/pages\/31701"}],"wp:featuredmedia":[{"embeddable":true,"href":"https:\/\/phrase.com\/de\/wp-json\/wp\/v2\/media\/100777"}],"wp:attachment":[{"href":"https:\/\/phrase.com\/de\/wp-json\/wp\/v2\/media?parent=102098"}],"curies":[{"name":"wp","href":"https:\/\/api.w.org\/{rel}","templated":true}]}}