{"id":103902,"date":"2023-04-06T14:32:21","date_gmt":"2023-04-06T12:32:21","guid":{"rendered":"https:\/\/phrase.com\/actum-digital\/"},"modified":"2025-11-14T15:52:04","modified_gmt":"2025-11-14T14:52:04","slug":"actum-digital","status":"publish","type":"page","link":"https:\/\/phrase.com\/de\/partners\/actum-digital\/","title":{"rendered":"ACTUM Digital"},"content":{"rendered":"\n<div class=\"wp-block-group alignfull is-style-copy has-transparent-background-color has-background has-global-padding is-content-justification-center is-layout-constrained wp-block-group-is-layout-constrained\" style=\"padding-top:var(--wp--preset--spacing--45);padding-bottom:var(--wp--preset--spacing--45)\">\n<div class=\"wp-block-group alignwide has-global-padding is-content-justification-center is-layout-constrained wp-container-core-group-is-layout-cefc1864 wp-block-group-is-layout-constrained\" style=\"padding-left:var(--wp--preset--spacing--56)\">\n<p class=\"has-text-align-center has-blue-color has-text-color has-link-color wp-elements-fc4e1ddc0d74cbc314743c9090e21a46\">PHRASE PARTNER<\/p>\n\n\n\n<figure class=\"wp-block-image aligncenter size-full is-resized is-style-not-rounded\"><img loading=\"lazy\" decoding=\"async\" width=\"486\" height=\"75\" src=\"https:\/\/phrase.com\/wp-content\/uploads\/2022\/08\/Actum_Digital_logo.png\" alt=\"Actum Digital-Logo | Phrase\" class=\"wp-image-4125\" style=\"width:280px;height:auto\" srcset=\"https:\/\/phrase.com\/wp-content\/uploads\/2022\/08\/Actum_Digital_logo.png 486w, https:\/\/phrase.com\/wp-content\/uploads\/2022\/08\/Actum_Digital_logo-300x46.png 300w\" sizes=\"auto, (max-width: 486px) 100vw, 486px\" \/><\/figure>\n\n\n\n<div style=\"height:20px\" aria-hidden=\"true\" class=\"wp-block-spacer\"><\/div>\n\n\n\n<h3 class=\"wp-block-heading has-text-align-center has-medium-font-size\" id=\"h-full-digital-control-guided-by-an-expert-hand\" style=\"margin-bottom:var(--wp--preset--spacing--8);font-style:normal;font-weight:400\"><strong>Vollst\u00e4ndige digitale Kontrolle, unter fachkundiger F\u00fchrung<\/strong><\/h3>\n\n\n\n<p class=\"has-text-align-center\"><a href=\"https:\/\/www.acclaro.com\/?utm_campaign=Partner%20Marketing&amp;utm_source=Phrase%20partner%20listing&amp;utm_medium=Main%20link&amp;utm_term=Acclaro\" target=\"_blank\" rel=\"noreferrer noopener\"><\/a><a href=\"https:\/\/www.actumdigital.com\/\" target=\"_blank\" rel=\"noreferrer noopener\">www.actumdigital.com<\/a><\/p>\n\n\n\n<div style=\"height:60px\" aria-hidden=\"true\" class=\"wp-block-spacer\"><\/div>\n\n\n\n<p class=\"has-text-align-center\" style=\"margin-top:0;margin-bottom:var(--wp--preset--spacing--40)\"><strong><br><\/strong>ACTUM Digital ist eine f\u00fchrende Digitalagentur mit Hauptsitz in der Tschechischen Republik und B\u00fcros in den Niederlanden und Deutschland. Unser Ziel ist es, Unternehmen einen Wettbewerbsvorteil zu verschaffen, indem wir End-to-End-Services f\u00fcr die Verwaltung von Erlebnissen, Handel, Gesch\u00e4ftsprozessen, Inhalten und Daten in gro\u00dfem Umfang bereitstellen. Mit 26 Jahren Erfahrung in der Branche und einem Team von 300 qualifizierten Fachleuten k\u00f6nnen wir auf eine nachweisliche Erfolgsbilanz bei der Bereitstellung hochwertiger L\u00f6sungen f\u00fcr globale Marktf\u00fchrer in Westeuropa, Gro\u00dfbritannien und den USA verweisen.<br><br>Zu unseren Kunden z\u00e4hlen Unternehmen wie Christie&#8217;s, Conrad Electronic, Schott, Uponor, Allianz Global Investors und Societe Generale. Neben unserer Partnerschaft mit Phrase arbeiten wir auch mit f\u00fchrenden Technologieanbietern wie Microsoft, SAP, Salesforce, Sitecore, Kentico, Kontent.ai, BigCommerce, Inriver und Bloomreach zusammen, um unseren Kunden die besten L\u00f6sungen zu bieten. Bei ACTUM Digital legen wir gro\u00dfen Wert auf Qualit\u00e4t und Sicherheit. Wir sind nach ISO 9001, ISO 20000 und ISO 27001 zertifiziert, was sicherstellt, dass unsere Dienstleistungen die h\u00f6chsten Standards erf\u00fcllen. Daneben sind wir auch TISAX-zertifiziert, was uns den Umgang mit sensiblen Informationen f\u00fcr unsere Kunden aus der Automobilindustrie erm\u00f6glicht.<\/p>\n\n\n\n<p class=\"has-text-align-center\"><strong>Standorte<\/strong><\/p>\n\n\n\n<p class=\"has-text-align-center\">Niederlande, Deutschland und Tschechische Republik.<\/p>\n\n\n\n<div style=\"height:19px\" aria-hidden=\"true\" class=\"wp-block-spacer\"><\/div>\n\n\n\n<div class=\"wp-block-buttons is-content-justification-center is-layout-flex wp-container-core-buttons-is-layout-a89b3969 wp-block-buttons-is-layout-flex\">\n<div class=\"wp-block-button\"><a class=\"wp-block-button__link wp-element-button\" href=\"https:\/\/phrase.com\/de\/demo\/\" target=\"_blank\" rel=\"noreferrer noopener\">Sprich uns an<\/a><\/div>\n\n\n\n<div class=\"wp-block-button is-style-black-outline\"><a class=\"wp-block-button__link has-text-align-center wp-element-button\" href=\"https:\/\/www.actumdigital.com\/\" target=\"_blank\" rel=\"noreferrer noopener\">Website besuchen<\/a><\/div>\n<\/div>\n<\/div>\n<\/div>\n\n\n\n<div class=\"wp-block-columns alignwide are-vertically-aligned-center is-style-default is-layout-flex wp-container-core-columns-is-layout-28f84493 wp-block-columns-is-layout-flex\">\n<div class=\"wp-block-column is-vertically-aligned-center is-layout-flow wp-container-core-column-is-layout-6220b9e6 wp-block-column-is-layout-flow\" style=\"flex-basis:100%\">\n<h2 class=\"wp-block-heading has-text-align-center has-extra-large-font-size\" id=\"h-services-offered\"><strong>Angebotene Dienstleistungen<\/strong><\/h2>\n\n\n\n<div style=\"height:10px\" aria-hidden=\"true\" class=\"wp-block-spacer\"><\/div>\n\n\n\n<div class=\"wp-block-group is-content-justification-center is-nowrap is-layout-flex wp-container-core-group-is-layout-f52be266 wp-block-group-is-layout-flex\">\n<div class=\"wp-block-group is-vertical is-layout-flex wp-container-core-group-is-layout-9f8eab21 wp-block-group-is-layout-flex\">\n<ul class=\"wp-block-list\">\n<li>End-to-End-Marketingl\u00f6sungen f\u00fcr Websites und E-Commerce<br><\/li>\n\n\n\n<li>Content-Operationen<\/li>\n<\/ul>\n<\/div>\n\n\n\n<div class=\"wp-block-group is-vertical is-layout-flex wp-container-core-group-is-layout-9f8eab21 wp-block-group-is-layout-flex\">\n<ul class=\"wp-block-list\">\n<li>Automatisierung von Gesch\u00e4ftsprozessen<br><\/li>\n\n\n\n<li>CRM, ERP, PIM<\/li>\n<\/ul>\n<\/div>\n\n\n\n<div class=\"wp-block-group is-vertical is-layout-flex wp-container-core-group-is-layout-7a7a8c96 wp-block-group-is-layout-flex\">\n<ul class=\"wp-block-list\">\n<li>Systemintegration<br><\/li>\n\n\n\n<li>Lieferkettenmanagement<\/li>\n<\/ul>\n<\/div>\n<\/div>\n<\/div>\n<\/div>\n\n\n\n<div class=\"wp-block-columns alignwide are-vertically-aligned-center is-style-default is-layout-flex wp-container-core-columns-is-layout-28f84493 wp-block-columns-is-layout-flex\">\n<div class=\"wp-block-column is-vertically-aligned-center is-layout-flow wp-container-core-column-is-layout-6220b9e6 wp-block-column-is-layout-flow\" style=\"flex-basis:100%\">\n<h2 class=\"wp-block-heading has-text-align-center has-extra-large-font-size\" id=\"h-credentials\"><strong>Referenzen<\/strong><\/h2>\n\n\n\n<div style=\"height:10px\" aria-hidden=\"true\" class=\"wp-block-spacer\"><\/div>\n\n\n\n<div class=\"wp-block-group is-content-justification-center is-nowrap is-layout-flex wp-container-core-group-is-layout-f52be266 wp-block-group-is-layout-flex\">\n<div class=\"wp-block-group is-vertical is-layout-flex wp-container-core-group-is-layout-9f8eab21 wp-block-group-is-layout-flex\">\n<ul class=\"wp-block-list\">\n<li>Kentico<br><\/li>\n\n\n\n<li>Kontent.ai<\/li>\n<\/ul>\n<\/div>\n\n\n\n<div class=\"wp-block-group is-vertical is-layout-flex wp-container-core-group-is-layout-9f8eab21 wp-block-group-is-layout-flex\">\n<ul class=\"wp-block-list\">\n<li>Sitecore<br><\/li>\n\n\n\n<li>Microsoft<\/li>\n<\/ul>\n<\/div>\n\n\n\n<div class=\"wp-block-group is-vertical is-layout-flex wp-container-core-group-is-layout-7a7a8c96 wp-block-group-is-layout-flex\">\n<ul class=\"wp-block-list\">\n<li>Google<br><\/li>\n\n\n\n<li>AWS<br><\/li>\n<\/ul>\n<\/div>\n\n\n\n<div class=\"wp-block-group is-vertical is-layout-flex wp-container-core-group-is-layout-7a7a8c96 wp-block-group-is-layout-flex\">\n<ul class=\"wp-block-list\">\n<li>Salesforce<\/li>\n<\/ul>\n<\/div>\n<\/div>\n<\/div>\n<\/div>\n\n\n\n<div class=\"wp-block-group alignwide has-yellow-background-color has-background has-global-padding is-layout-constrained wp-block-group-is-layout-constrained\" style=\"margin-top:var(--wp--preset--spacing--56)\">\n<div class=\"wp-block-group is-vertical is-content-justification-center is-layout-flex wp-container-core-group-is-layout-ce155fab wp-block-group-is-layout-flex\">\n<h2 class=\"wp-block-heading has-text-align-center\" id=\"h-discover-more-partners\">Erfahre mehr \u00fcber weitere Partner<\/h2>\n\n\n\n<p class=\"has-text-align-center\">Wir arbeiten mit f\u00fchrenden Technologieunternehmen zusammen, um sicherzustellen, dass dein Team<br>jeden Tag mehr Wert aus Phrase sch\u00f6pft.<\/p>\n<\/div>\n\n\n\n<div class=\"wp-block-buttons is-content-justification-center is-layout-flex wp-container-core-buttons-is-layout-a89b3969 wp-block-buttons-is-layout-flex\">\n<div class=\"wp-block-button\"><a class=\"wp-block-button__link wp-element-button\" href=\"https:\/\/phrase.com\/de\/partners\/\" target=\"_blank\" rel=\"noreferrer noopener\">Phrase-Partnerprogramm<\/a><\/div>\n\n\n\n<div class=\"wp-block-button is-style-black-outline\"><a class=\"wp-block-button__link wp-element-button\" href=\"https:\/\/phrase.com\/de\/partners-inquiries\/\" target=\"_blank\" rel=\"noreferrer noopener\">Partner-Empfehlung<\/a><\/div>\n<\/div>\n<\/div>\n\n","protected":false},"excerpt":{"rendered":"<p>PHRASE PARTNER Vollst\u00e4ndige digitale Kontrolle, unter fachkundiger F\u00fchrung www.actumdigital.com ACTUM Digital ist eine f\u00fchrende Digitalagentur mit Hauptsitz in der Tschechischen Republik und B\u00fcros in den Niederlanden und Deutschland. Unser Ziel ist es, Unternehmen einen Wettbewerbsvorteil zu verschaffen, indem wir End-to-End-Services f\u00fcr die Verwaltung von Erlebnissen, Handel, Gesch\u00e4ftsprozessen, Inhalten und Daten in gro\u00dfem Umfang bereitstellen. Mit [&hellip;]<\/p>\n","protected":false},"author":4,"featured_media":0,"parent":56573,"menu_order":1,"comment_status":"closed","ping_status":"closed","template":"page-refresh","meta":{"_acf_changed":false,"_stopmodifiedupdate":false,"_modified_date":"","_searchwp_excluded":"","episode_type":"","audio_file":"","podmotor_file_id":"","podmotor_episode_id":"","cover_image":"","cover_image_id":"","duration":"","filesize":"","filesize_raw":"","date_recorded":"","explicit":"","block":"","itunes_episode_number":"","itunes_title":"","itunes_season_number":"","itunes_episode_type":"","footnotes":""},"class_list":["post-103902","page","type-page","status-publish","hentry"],"acf":[],"_links":{"self":[{"href":"https:\/\/phrase.com\/de\/wp-json\/wp\/v2\/pages\/103902","targetHints":{"allow":["GET"]}}],"collection":[{"href":"https:\/\/phrase.com\/de\/wp-json\/wp\/v2\/pages"}],"about":[{"href":"https:\/\/phrase.com\/de\/wp-json\/wp\/v2\/types\/page"}],"author":[{"embeddable":true,"href":"https:\/\/phrase.com\/de\/wp-json\/wp\/v2\/users\/4"}],"replies":[{"embeddable":true,"href":"https:\/\/phrase.com\/de\/wp-json\/wp\/v2\/comments?post=103902"}],"version-history":[{"count":6,"href":"https:\/\/phrase.com\/de\/wp-json\/wp\/v2\/pages\/103902\/revisions"}],"predecessor-version":[{"id":124953,"href":"https:\/\/phrase.com\/de\/wp-json\/wp\/v2\/pages\/103902\/revisions\/124953"}],"up":[{"embeddable":true,"href":"https:\/\/phrase.com\/de\/wp-json\/wp\/v2\/pages\/56573"}],"wp:attachment":[{"href":"https:\/\/phrase.com\/de\/wp-json\/wp\/v2\/media?parent=103902"}],"curies":[{"name":"wp","href":"https:\/\/api.w.org\/{rel}","templated":true}]}}