{"id":107179,"date":"2025-05-21T15:06:14","date_gmt":"2025-05-21T13:06:14","guid":{"rendered":"https:\/\/phrase.com\/2m-language-services\/"},"modified":"2025-10-06T10:01:46","modified_gmt":"2025-10-06T08:01:46","slug":"2m-language-services","status":"publish","type":"page","link":"https:\/\/phrase.com\/de\/partners\/2m-language-services\/","title":{"rendered":"2M Language Services"},"content":{"rendered":"\n<div class=\"wp-block-group alignfull is-style-copy has-transparent-background-color has-background has-global-padding is-content-justification-center is-layout-constrained wp-block-group-is-layout-constrained\" style=\"padding-top:var(--wp--preset--spacing--45);padding-bottom:var(--wp--preset--spacing--45)\">\n<div class=\"wp-block-group alignwide has-global-padding is-content-justification-center is-layout-constrained wp-container-core-group-is-layout-cefc1864 wp-block-group-is-layout-constrained\" style=\"padding-left:var(--wp--preset--spacing--56)\">\n<p class=\"has-text-align-center has-blue-color has-text-color has-link-color wp-elements-fc4e1ddc0d74cbc314743c9090e21a46\">PHRASE PARTNER<\/p>\n\n\n\n<figure class=\"wp-block-image aligncenter size-full is-resized is-style-not-rounded\"><img loading=\"lazy\" decoding=\"async\" width=\"500\" height=\"150\" src=\"https:\/\/phrase.com\/wp-content\/uploads\/2025\/05\/2m-languages-services.webp\" alt=\"2M Language Services Logo\" class=\"wp-image-106365\" style=\"width:327px;height:auto\" srcset=\"https:\/\/phrase.com\/wp-content\/uploads\/2025\/05\/2m-languages-services.webp 500w, https:\/\/phrase.com\/wp-content\/uploads\/2025\/05\/2m-languages-services-300x90.webp 300w\" sizes=\"auto, (max-width: 500px) 100vw, 500px\" \/><\/figure>\n\n\n\n<h3 class=\"wp-block-heading has-text-align-center has-medium-font-size\" id=\"h-think-global\" style=\"margin-bottom:var(--wp--preset--spacing--8);font-style:normal;font-weight:400\">Global denken<\/h3>\n\n\n\n<p class=\"has-text-align-center\"><a href=\"https:\/\/www.2m.com.au\/\" target=\"_blank\" rel=\"noreferrer noopener\">www.2m.com.au<\/a><\/p>\n\n\n\n<div style=\"height:60px\" aria-hidden=\"true\" class=\"wp-block-spacer\"><\/div>\n\n\n\n<p class=\"has-text-align-center\" style=\"margin-top:0;margin-bottom:var(--wp--preset--spacing--40)\">2M Language Services (2M) ist Australiens f\u00fchrender Anbieter von Sprachtechnologie und Sprachdienstleistungen mit Niederlassungen in S\u00fcdamerika, Europa und Asien.\u00a0<\/p>\n\n\n\n<p class=\"has-text-align-center\">2M bietet ma\u00dfgeschneiderte L\u00f6sungen f\u00fcr \u00dcbersetzungen, Dolmetschdienste und audiovisuelle Lokalisierung, die von KI und menschlichen Fachexperten in mehr als 250 Sprachen unterst\u00fctzt werden.<br><br><strong>Wir arbeiten in einer Reihe von globalen Branchen:\u00a0<\/strong><\/p>\n\n\n\n<p class=\"has-text-align-center\">Regierung <br>Ressourcen und Bergbau <br>Verteidigung<br>Gaming<br>Gesundheitswesen und Pharmazie<br>NFP und humanit\u00e4re Hilfe<\/p>\n\n\n\n<p class=\"has-text-align-center\">Unsere sicheren, technologiebasierten Lokalisierungsl\u00f6sungen, einschlie\u00dflich Website- und Softwarelokalisierung, \u00dcbersetzung von technischen und Schulungsvideos sowie digitalem Lernen, Echtzeitdolmetschen und audiovisueller \u00dcbersetzung wie Untertitelung und Voice-Over, helfen Unternehmen des privaten und \u00f6ffentlichen Sektors dabei, ihren Marktanteil zu vergr\u00f6\u00dfern und ihre Zielgruppen \u00fcberall und in jeder Sprache effektiv zu erreichen.<\/p>\n\n\n\n<p class=\"has-text-align-center\" style=\"margin-top:0;margin-bottom:var(--wp--preset--spacing--40)\">2M ist ISO 27001, ISO 17100, ISO 9001 und ISO 18841 zertifiziert.<\/p>\n\n\n\n<p class=\"has-text-align-center\"><strong>Standorte<br><\/strong><br>Australien<br>Neuseeland<br>Europa<br>USA<br>Lateinamerika<br>Philippinen<\/p>\n\n\n\n<div style=\"height:19px\" aria-hidden=\"true\" class=\"wp-block-spacer\"><\/div>\n\n\n\n<div class=\"wp-block-buttons is-content-justification-center is-layout-flex wp-container-core-buttons-is-layout-a89b3969 wp-block-buttons-is-layout-flex\">\n<div class=\"wp-block-button\"><a class=\"wp-block-button__link wp-element-button\" href=\"https:\/\/phrase.com\/de\/demo\/\" target=\"_blank\" rel=\"noreferrer noopener\">Sprich uns an<\/a><\/div>\n\n\n\n<div class=\"wp-block-button is-style-black-outline\"><a class=\"wp-block-button__link has-text-align-center wp-element-button\" href=\"https:\/\/www.2m.com.au\/\" target=\"_blank\" rel=\"noreferrer noopener\">Website besuchen<\/a><\/div>\n<\/div>\n<\/div>\n<\/div>\n\n\n\n<div class=\"wp-block-columns alignwide are-vertically-aligned-center is-style-default is-layout-flex wp-container-core-columns-is-layout-28f84493 wp-block-columns-is-layout-flex\">\n<div class=\"wp-block-column is-vertically-aligned-center is-layout-flow wp-container-core-column-is-layout-6220b9e6 wp-block-column-is-layout-flow\" style=\"flex-basis:100%\">\n<h2 class=\"wp-block-heading has-text-align-center has-extra-large-font-size\" id=\"h-services-offered\"><strong>Angebotene Dienstleistungen<\/strong><\/h2>\n\n\n\n<div style=\"height:10px\" aria-hidden=\"true\" class=\"wp-block-spacer\"><\/div>\n\n\n\n<div class=\"wp-block-group is-content-justification-center is-nowrap is-layout-flex wp-container-core-group-is-layout-f52be266 wp-block-group-is-layout-flex\">\n<div class=\"wp-block-group is-vertical is-layout-flex wp-container-core-group-is-layout-9f8eab21 wp-block-group-is-layout-flex\">\n<ul class=\"wp-block-list\">\n<li>Lokalisierungsdienste<br><\/li>\n\n\n\n<li>\u00dcbersetzungsdienste<br><\/li>\n\n\n\n<li>Dolmetschdienste<\/li>\n<\/ul>\n<\/div>\n\n\n\n<div class=\"wp-block-group is-vertical is-layout-flex wp-container-core-group-is-layout-9f8eab21 wp-block-group-is-layout-flex\">\n<ul class=\"wp-block-list\">\n<li>Audiovisuelle Lokalisierung<br><\/li>\n\n\n\n<li>Transkreation<br><\/li>\n\n\n\n<li>Translation Memory<br><\/li>\n<\/ul>\n<\/div>\n\n\n\n<div class=\"wp-block-group is-vertical is-layout-flex wp-container-core-group-is-layout-9f8eab21 wp-block-group-is-layout-flex\">\n<ul class=\"wp-block-list\">\n<li>KI-\u00dcbersetzung<br><\/li>\n\n\n\n<li>KI-Synchronisation<br><\/li>\n\n\n\n<li>Mehrsprachiges Content-Management<\/li>\n<\/ul>\n<\/div>\n<\/div>\n<\/div>\n<\/div>\n\n\n\n<div class=\"wp-block-columns alignwide are-vertically-aligned-center is-style-default is-layout-flex wp-container-core-columns-is-layout-28f84493 wp-block-columns-is-layout-flex\">\n<div class=\"wp-block-column is-vertically-aligned-center is-layout-flow wp-container-core-column-is-layout-6220b9e6 wp-block-column-is-layout-flow\" style=\"flex-basis:100%\">\n<h2 class=\"wp-block-heading has-text-align-center has-extra-large-font-size\" id=\"h-credentials\"><strong><strong>Referenzen<\/strong><\/strong><\/h2>\n\n\n\n<div style=\"height:10px\" aria-hidden=\"true\" class=\"wp-block-spacer\"><\/div>\n\n\n\n<div class=\"wp-block-group is-content-justification-center is-nowrap is-layout-flex wp-container-core-group-is-layout-f52be266 wp-block-group-is-layout-flex\">\n<div class=\"wp-block-group is-vertical is-layout-flex wp-container-core-group-is-layout-9f8eab21 wp-block-group-is-layout-flex\">\n<ul class=\"wp-block-list\">\n<li>ISO-zertifiziert 17100:2015 f\u00fcr \u00dcbersetzungsdienstleistungen\u00a0<br><\/li>\n\n\n\n<li>ISO-zertifiziert 18841:2018 f\u00fcr Dolmetschdienste\u00a0<br><\/li>\n<\/ul>\n<\/div>\n\n\n\n<div class=\"wp-block-group is-vertical is-layout-flex wp-container-core-group-is-layout-9f8eab21 wp-block-group-is-layout-flex\">\n<ul class=\"wp-block-list\">\n<li>ISO-zertifiziert 9001:2015 f\u00fcr Qualit\u00e4tsmanagementsysteme\u00a0<br><\/li>\n\n\n\n<li>ISO-zertifiziert 27001:2013 f\u00fcr Informationssicherheits-Managementsysteme<br><\/li>\n<\/ul>\n<\/div>\n<\/div>\n<\/div>\n<\/div>\n\n\n\n<div class=\"wp-block-group alignwide has-yellow-background-color has-background has-global-padding is-layout-constrained wp-block-group-is-layout-constrained\" style=\"margin-top:var(--wp--preset--spacing--56)\">\n<div class=\"wp-block-group is-vertical is-content-justification-center is-layout-flex wp-container-core-group-is-layout-ce155fab wp-block-group-is-layout-flex\">\n<h2 class=\"wp-block-heading has-text-align-center\" id=\"h-discover-more-partners\">Erfahre mehr \u00fcber weitere Partner<\/h2>\n\n\n\n<p class=\"has-text-align-center\">Wir arbeiten mit f\u00fchrenden Technologieunternehmen zusammen, um sicherzustellen, dass dein Team<br>jeden Tag mehr Wert aus Phrase sch\u00f6pft.<\/p>\n<\/div>\n\n\n\n<div class=\"wp-block-buttons is-content-justification-center is-layout-flex wp-container-core-buttons-is-layout-a89b3969 wp-block-buttons-is-layout-flex\">\n<div class=\"wp-block-button\"><a class=\"wp-block-button__link wp-element-button\" href=\"https:\/\/phrase.com\/de\/partners\/\" target=\"_blank\" rel=\"noreferrer noopener\">Phrase-Partnerprogramm<\/a><\/div>\n\n\n\n<div class=\"wp-block-button is-style-black-outline\"><a class=\"wp-block-button__link wp-element-button\" href=\"https:\/\/phrase.com\/de\/partners-inquiries\/\" target=\"_blank\" rel=\"noreferrer noopener\">Partner-Empfehlung<\/a><\/div>\n<\/div>\n<\/div>\n\n","protected":false},"excerpt":{"rendered":"<p>PHRASE PARTNER Global denken www.2m.com.au 2M Language Services (2M) ist Australiens f\u00fchrender Anbieter von Sprachtechnologie und Sprachdienstleistungen mit Niederlassungen in S\u00fcdamerika, Europa und Asien.\u00a0 2M bietet ma\u00dfgeschneiderte L\u00f6sungen f\u00fcr \u00dcbersetzungen, Dolmetschdienste und audiovisuelle Lokalisierung, die von KI und menschlichen Fachexperten in mehr als 250 Sprachen unterst\u00fctzt werden. Wir arbeiten in einer Reihe von globalen Branchen:\u00a0 [&hellip;]<\/p>\n","protected":false},"author":77,"featured_media":0,"parent":56573,"menu_order":1,"comment_status":"closed","ping_status":"closed","template":"page-refresh","meta":{"_acf_changed":false,"_stopmodifiedupdate":false,"_modified_date":"","_searchwp_excluded":"","episode_type":"","audio_file":"","podmotor_file_id":"","podmotor_episode_id":"","cover_image":"","cover_image_id":"","duration":"","filesize":"","filesize_raw":"","date_recorded":"","explicit":"","block":"","itunes_episode_number":"","itunes_title":"","itunes_season_number":"","itunes_episode_type":"","footnotes":""},"class_list":["post-107179","page","type-page","status-publish","hentry"],"acf":[],"_links":{"self":[{"href":"https:\/\/phrase.com\/de\/wp-json\/wp\/v2\/pages\/107179","targetHints":{"allow":["GET"]}}],"collection":[{"href":"https:\/\/phrase.com\/de\/wp-json\/wp\/v2\/pages"}],"about":[{"href":"https:\/\/phrase.com\/de\/wp-json\/wp\/v2\/types\/page"}],"author":[{"embeddable":true,"href":"https:\/\/phrase.com\/de\/wp-json\/wp\/v2\/users\/77"}],"replies":[{"embeddable":true,"href":"https:\/\/phrase.com\/de\/wp-json\/wp\/v2\/comments?post=107179"}],"version-history":[{"count":7,"href":"https:\/\/phrase.com\/de\/wp-json\/wp\/v2\/pages\/107179\/revisions"}],"predecessor-version":[{"id":120621,"href":"https:\/\/phrase.com\/de\/wp-json\/wp\/v2\/pages\/107179\/revisions\/120621"}],"up":[{"embeddable":true,"href":"https:\/\/phrase.com\/de\/wp-json\/wp\/v2\/pages\/56573"}],"wp:attachment":[{"href":"https:\/\/phrase.com\/de\/wp-json\/wp\/v2\/media?parent=107179"}],"curies":[{"name":"wp","href":"https:\/\/api.w.org\/{rel}","templated":true}]}}