{"id":108974,"date":"2025-06-11T09:31:07","date_gmt":"2025-06-11T07:31:07","guid":{"rendered":"https:\/\/phrase.com\/tridion-integration\/"},"modified":"2025-10-06T10:08:33","modified_gmt":"2025-10-06T08:08:33","slug":"tridion","status":"publish","type":"page","link":"https:\/\/phrase.com\/de\/integrations\/tridion\/","title":{"rendered":"Tridion-Integration"},"content":{"rendered":"\n<div class=\"wp-block-group alignwide is-style-header-hero has-light-neutral-color has-green-90-background-color has-text-color has-background has-link-color has-background-images wp-elements-88ded9a4055919f3d75eabe3a4dc8e09 is-layout-flow wp-block-group-is-layout-flow\" style=\"background-image:url(https:\/\/phrase.com\/wp-content\/uploads\/2025\/05\/tridion-banner.jpg.webp);background-position:40% 0%;background-attachment:scroll;background-repeat:no-repeat;background-size:cover\"><div class=\"yoast-breadcrumbs\"><span><span><a href=\"https:\/\/phrase.com\/de\/\">Home<\/a><\/span> | <span><a href=\"https:\/\/phrase.com\/de\/integrations\/\">Integrationen<\/a><\/span> | <span class=\"breadcrumb_last\" aria-current=\"page\">Tridion-Integration<\/span><\/span><\/div>\n\n\n<h1 class=\"wp-block-heading has-white-color has-text-color has-link-color wp-elements-d97b14f33409f0b217d89dd89f6cb596\" id=\"h-tridion-integration\">Tridion-Integration<\/h1>\n\n\n\n<p><br>Eine neue \u00c4ra der \u00dcbersetzung von Tridion Docs-Inhalten<\/p>\n\n\n\n<div class=\"wp-block-buttons is-layout-flex wp-block-buttons-is-layout-flex\">\n<div class=\"wp-block-button is-style-grey-filled\"><a class=\"wp-block-button__link wp-element-button\" href=\"https:\/\/phrase.com\/de\/demo\/\">Demo vereinbaren<\/a><\/div>\n<\/div>\n<\/div>\n\n\n\n<div style=\"height:0px\" aria-hidden=\"true\" class=\"wp-block-spacer\"><\/div>\n\n\n\n<div class=\"wp-block-group alignwide has-blue-10-background-color has-background has-background-images has-global-padding is-layout-constrained wp-block-group-is-layout-constrained\" style=\"margin-top:var(--wp--preset--spacing--10);background-image:url(https:\/\/phrase.com\/wp-content\/uploads\/2024\/03\/svgexport-1-2.svg);background-position:100% 30%;background-attachment:scroll;background-repeat:no-repeat;background-size:auto\">\n<div class=\"wp-block-group alignwide is-layout-flow wp-block-group-is-layout-flow\">\n<h2 class=\"wp-block-heading has-text-align-center\" id=\"h-built-for-technical-content-at-scale\">Entwickelt f\u00fcr technische Inhalte in gro\u00dfem Umfang<\/h2>\n\n\n\n<p class=\"has-text-align-center has-medium-font-size\">Zu lange bedeutete die \u00dcbersetzung von technischen Dokumentationen: fragmentierte Workflows, begrenzte KI-Funktionen und kostspielige manuelle Bearbeitung in \u00e4lteren Tools wie Trados. Diese Zeiten sind vorbei.<\/p>\n\n\n\n<p class=\"has-text-align-center has-medium-font-size\">Die native Tridion Docs-Integration von Phrase verbindet jede technische Dokumentation direkt mit der Phrase-Plattform. Und das bedeutet: zentralisierte Workflows, modernste KI-\u00dcbersetzung und intelligente Automatisierung durch Agententechnologie. So l\u00e4sst sich mit weniger Aufwand hervorragende Qualit\u00e4t in gro\u00dfem Ma\u00dfstab erzielen.\u00a0<\/p>\n<\/div>\n<\/div>\n\n\n\n<div class=\"wp-block-group alignwide has-global-padding is-layout-constrained wp-block-group-is-layout-constrained\">\n<h2 class=\"wp-block-heading\" id=\"h-from-siloed-processes-to-full-automation\">Von isolierten Prozessen zur vollst\u00e4ndigen Automatisierung<\/h2>\n\n\n\n<div class=\"wp-block-group alignwide has-white-background-color has-background has-global-padding is-layout-constrained wp-block-group-is-layout-constrained\">\n<figure class=\"wp-block-table alignwide is-style-comparison\"><table class=\"has-fixed-layout\"><thead><tr><th class=\"has-text-align-left\" data-align=\"left\"><strong>Vor Phrase<\/strong><\/th><th>Mit Phrase<\/th><\/tr><\/thead><tbody><tr><td class=\"has-text-align-left\" data-align=\"left\">Technische Inhalte in Trados \u00fcbersetzt<\/td><td><strong>Technische Inhalte direkt in Phrase \u00fcbersetzt<\/strong><\/td><\/tr><tr><td class=\"has-text-align-left\" data-align=\"left\">Separate, fragmentierte Lokalisierungs-Workflows<\/td><td><strong>Integrierte Workflows mit zentralisierten Ressourcen<\/strong><\/td><\/tr><tr><td class=\"has-text-align-left\" data-align=\"left\">Hohe Kosten f\u00fcr die manuelle Nachbearbeitung<\/td><td><strong>KI-\u00dcbersetzung und vereinheitlichtes TM reduzieren die Bearbeitungszeit<\/strong><\/td><\/tr><tr><td class=\"has-text-align-left\" data-align=\"left\">Begrenzte Kontrolle der \u00dcbersetzungsqualit\u00e4t<\/td><td><strong>Lokalisierungsteams haben volle Kontrolle \u00fcber die \u00dcbersetzungsqualit\u00e4t<\/strong><\/td><\/tr><\/tbody><\/table><\/figure>\n<\/div>\n<\/div>\n\n\n\n<div class=\"wp-block-group alignwide has-light-grey-background-color has-background has-global-padding is-layout-constrained wp-block-group-is-layout-constrained\" style=\"padding-top:var(--wp--preset--spacing--56);padding-bottom:var(--wp--preset--spacing--56)\">\n<div class=\"wp-block-phrase-com-carousel alignwide wp-block-phrase-com-carousel--no-button has-color-scheme has-dark-green-color-scheme\"><div class=\"wp-block-phrase-com-carousel__sidebar\"><h2 class=\"wp-block-phrase-com-carousel__heading\"><strong>Vorteile der Tridion Docs-Integration<\/strong><\/h2><div class=\"wp-block-phrase-com-carousel__navigation\"><button type=\"button\" class=\"wp-block-phrase-com-carousel__tab\" data-index=\"0\">Anbieterunabh\u00e4ngige Innovation<\/button><button type=\"button\" class=\"wp-block-phrase-com-carousel__tab\" data-index=\"1\">Robuste native Integration<\/button><button type=\"button\" class=\"wp-block-phrase-com-carousel__tab\" data-index=\"2\">Einheitliche Lokalisierungsplattform<\/button><\/div><\/div><div class=\"wp-block-phrase-com-carousel__slider\"><div class=\"wp-block-phrase-com-carousel__slider-track glide__track\" data-glide-el=\"track\"><div class=\"wp-block-phrase-com-carousel__slides glide__slides\">\n<div class=\"wp-block-phrase-com-carousel-slide glide__slide is-layout-flow wp-block-phrase-com-carousel-slide-is-layout-flow\">\n<figure class=\"wp-block-image size-full no-padding\"><img loading=\"lazy\" decoding=\"async\" width=\"1024\" height=\"768\" src=\"https:\/\/phrase.com\/wp-content\/uploads\/2025\/05\/Vendor-agnostic-innovation.jpg\" alt=\"Abstrakte Illustration, die miteinander verbundene Tools und Systeme zeigt und anbieterunabh\u00e4ngige Innovation sowie flexible Technologieintegration symbolisiert.\" class=\"wp-image-107377\" title=\"\" srcset=\"https:\/\/phrase.com\/wp-content\/uploads\/2025\/05\/Vendor-agnostic-innovation.jpg 1024w, https:\/\/phrase.com\/wp-content\/uploads\/2025\/05\/Vendor-agnostic-innovation-300x225.jpg 300w, https:\/\/phrase.com\/wp-content\/uploads\/2025\/05\/Vendor-agnostic-innovation-768x576.jpg 768w\" sizes=\"auto, (max-width: 1024px) 100vw, 1024px\" \/><\/figure>\n\n\n\n<h2 class=\"wp-block-heading has-red-80-color has-text-color has-link-color has-large-font-size wp-elements-36b3a3a32c889df6b0b1a069ea7a1d1b\" id=\"h-vendor-agnostic-innovation-0\" style=\"margin-top:0;margin-bottom:0\"><br><strong><strong><strong>Anbieterunabh\u00e4ngige Innovation<\/strong><\/strong><\/strong><\/h2>\n\n\n\n<p>Phrase ist eine technologieorientierte Plattform und als solche unabh\u00e4ngig von \u00dcbersetzungsanbietern oder \u00dcbersetzungsdiensten konzipiert. Damit lassen sich die neuesten KI-gest\u00fctzten Lokalisierungsinnovationen ganz nach Wahl nutzen \u2013 ohne Bindung an einen bestimmten Anbieter.<\/p>\n<\/div>\n\n\n\n<div class=\"wp-block-phrase-com-carousel-slide glide__slide is-layout-flow wp-block-phrase-com-carousel-slide-is-layout-flow\">\n<figure class=\"wp-block-image size-full no-padding\"><img loading=\"lazy\" decoding=\"async\" width=\"1024\" height=\"768\" src=\"https:\/\/phrase.com\/wp-content\/uploads\/2025\/06\/tridion-integration-phrase.jpg\" alt=\"Illustration der Integration, die Phrase mit Tridion Docs verbindet, mit Logos, Inhaltsfluss-Pfeilen und Dokumentensymbolen, um die optimierte Lokalisierung strukturierter Inhalte darzustellen.\" class=\"wp-image-107974\" srcset=\"https:\/\/phrase.com\/wp-content\/uploads\/2025\/06\/tridion-integration-phrase.jpg 1024w, https:\/\/phrase.com\/wp-content\/uploads\/2025\/06\/tridion-integration-phrase-300x225.jpg 300w, https:\/\/phrase.com\/wp-content\/uploads\/2025\/06\/tridion-integration-phrase-768x576.jpg 768w\" sizes=\"auto, (max-width: 1024px) 100vw, 1024px\" \/><\/figure>\n\n\n\n<h2 class=\"wp-block-heading has-red-80-color has-text-color has-link-color has-large-font-size wp-elements-dada7268b71d2233956ff0068b3c65c4\" id=\"h-robust-native-integration-0\" style=\"margin-top:0;margin-bottom:0\"><br><strong><strong><strong>Robuste native Integration<\/strong><\/strong><\/strong><\/h2>\n\n\n\n<p>Im Gegensatz zu Middleware-Konnektoren ist die native Tridion Docs-Integration von Phrase auf Zuverl\u00e4ssigkeit und Skalierbarkeit ausgelegt und eignet sich ideal f\u00fcr die schnelle und sichere \u00dcbersetzung gro\u00dfer Mengen technischer Inhalte.<\/p>\n<\/div>\n\n\n\n<div class=\"wp-block-phrase-com-carousel-slide glide__slide is-layout-flow wp-block-phrase-com-carousel-slide-is-layout-flow\">\n<figure class=\"wp-block-image size-full no-padding\"><img loading=\"lazy\" decoding=\"async\" width=\"1024\" height=\"768\" src=\"https:\/\/phrase.com\/wp-content\/uploads\/2025\/05\/Unified-localization-platform.jpg\" alt=\"Abstrakte digitale Oberfl\u00e4che mit miteinander verbundenen Lokalisierungstools und Workflow-Icons, die eine einheitliche Lokalisierungsplattform symbolisieren.\" class=\"wp-image-107389\" srcset=\"https:\/\/phrase.com\/wp-content\/uploads\/2025\/05\/Unified-localization-platform.jpg 1024w, https:\/\/phrase.com\/wp-content\/uploads\/2025\/05\/Unified-localization-platform-300x225.jpg 300w, https:\/\/phrase.com\/wp-content\/uploads\/2025\/05\/Unified-localization-platform-768x576.jpg 768w\" sizes=\"auto, (max-width: 1024px) 100vw, 1024px\" \/><\/figure>\n\n\n\n<h2 class=\"wp-block-heading has-red-80-color has-text-color has-link-color has-large-font-size wp-elements-278bf53f1fea0b200cdf0ef4f7e26192\" id=\"h-unified-localization-platform-0\" style=\"margin-top:0;margin-bottom:0\"><br><strong><strong><strong><strong>Einheitliche Lokalisierungsplattform<\/strong><\/strong><\/strong><\/strong><\/h2>\n\n\n\n<p>Die Zeit der fragmentierten Tools und der separaten Lizenzen ist vorbei. Phrase vereint alles, was f\u00fcr eine effiziente, KI-gest\u00fctzte Lokalisierung ben\u00f6tigt wird \u2013 in einer einzigen intuitiven Plattform, zu einem einzigen transparenten Preis.<\/p>\n<\/div>\n<\/div><\/div><\/div><\/div>\n<\/div>\n\n\n\n<div class=\"wp-block-group alignwide has-global-padding is-layout-constrained wp-block-group-is-layout-constrained\">\n<h2 class=\"wp-block-heading has-text-align-center\" id=\"h-why-choose-phrase-for-tridion-docs-translation\">Warum Phrase f\u00fcr die \u00dcbersetzung von Tridion Docs w\u00e4hlen?<\/h2>\n\n\n\n<div class=\"wp-block-group alignwide has-global-padding is-layout-constrained wp-block-group-is-layout-constrained\" style=\"margin-top:0\">\n<div class=\"wp-block-group alignwide is-layout-grid wp-container-core-group-is-layout-17df1029 wp-block-group-is-layout-grid\" style=\"margin-top:var(--wp--preset--spacing--45)\">\n<div class=\"wp-block-group is-vertical is-content-justification-center is-layout-flex wp-container-core-group-is-layout-5e763914 wp-block-group-is-layout-flex\">\n<figure class=\"wp-block-image size-full is-resized\"><img loading=\"lazy\" decoding=\"async\" width=\"180\" height=\"180\" src=\"https:\/\/phrase.com\/wp-content\/uploads\/2025\/05\/money-icon.png\" alt=\"money-icon\" class=\"wp-image-107408\" style=\"width:83px\" srcset=\"https:\/\/phrase.com\/wp-content\/uploads\/2025\/05\/money-icon.png 180w, https:\/\/phrase.com\/wp-content\/uploads\/2025\/05\/money-icon-150x150.png 150w\" sizes=\"auto, (max-width: 180px) 100vw, 180px\" \/><\/figure>\n\n\n\n<p class=\"has-text-align-center\"><strong>Niedriger Nachbearbeitungsaufwand<\/strong><br><strong><br><\/strong>Dank KI-gesteuerter \u00dcbersetzung, gemeinsam genutzten TMs und der integrierten Qualit\u00e4tsbewertung l\u00e4sst sich die manuelle \u00dcberpr\u00fcfung deutlich minimieren.<\/p>\n<\/div>\n\n\n\n<div class=\"wp-block-group is-vertical is-content-justification-center is-layout-flex wp-container-core-group-is-layout-5e763914 wp-block-group-is-layout-flex\">\n<figure class=\"wp-block-image size-full is-resized\"><img loading=\"lazy\" decoding=\"async\" width=\"180\" height=\"180\" src=\"https:\/\/phrase.com\/wp-content\/uploads\/2025\/05\/cog-icon.png\" alt=\"cog-icon\" class=\"wp-image-107396\" style=\"width:83px\" srcset=\"https:\/\/phrase.com\/wp-content\/uploads\/2025\/05\/cog-icon.png 180w, https:\/\/phrase.com\/wp-content\/uploads\/2025\/05\/cog-icon-150x150.png 150w\" sizes=\"auto, (max-width: 180px) 100vw, 180px\" \/><\/figure>\n\n\n\n<p class=\"has-text-align-center\"><strong>Anpassbare Automatisierung<br><\/strong><br>Mit Phrase Orchestrator lassen sich komplexe Workflows, die auf die Inhalte und Qualit\u00e4tsschwellenwerte des Kunden zugeschnitten sind, durchgehend automatisieren.<\/p>\n<\/div>\n\n\n\n<div class=\"wp-block-group is-vertical is-content-justification-center is-layout-flex wp-container-core-group-is-layout-5e763914 wp-block-group-is-layout-flex\">\n<figure class=\"wp-block-image size-full is-resized\"><img loading=\"lazy\" decoding=\"async\" width=\"180\" height=\"180\" src=\"https:\/\/phrase.com\/wp-content\/uploads\/2025\/05\/happy-icon.png\" alt=\"happy-icon\" class=\"wp-image-107402\" style=\"width:83px\" srcset=\"https:\/\/phrase.com\/wp-content\/uploads\/2025\/05\/happy-icon.png 180w, https:\/\/phrase.com\/wp-content\/uploads\/2025\/05\/happy-icon-150x150.png 150w\" sizes=\"auto, (max-width: 180px) 100vw, 180px\" \/><\/figure>\n\n\n\n<p class=\"has-text-align-center\"><strong><strong>Intuitive Workflow-Kontrolle<br><\/strong><\/strong><br>Anpassung von Automatisierungseinstellungen und \u00dcbersetzungslogik mit nur wenigen Klicks. Keine technische Unterst\u00fctzung erforderlich.<\/p>\n<\/div>\n\n\n\n<div class=\"wp-block-group is-vertical is-content-justification-center is-layout-flex wp-container-core-group-is-layout-5e763914 wp-block-group-is-layout-flex\">\n<figure class=\"wp-block-image size-full is-resized\"><img loading=\"lazy\" decoding=\"async\" width=\"180\" height=\"180\" src=\"https:\/\/phrase.com\/wp-content\/uploads\/2025\/05\/support-icon.png\" alt=\"support-icon\" class=\"wp-image-107414\" style=\"width:83px;height:auto\" srcset=\"https:\/\/phrase.com\/wp-content\/uploads\/2025\/05\/support-icon.png 180w, https:\/\/phrase.com\/wp-content\/uploads\/2025\/05\/support-icon-150x150.png 150w\" sizes=\"auto, (max-width: 180px) 100vw, 180px\" \/><\/figure>\n\n\n\n<p class=\"has-text-align-center\"><strong><strong>Spezialistenunterst\u00fctzung inklusive<br><\/strong><\/strong><br>Unsere Onboarding- und Support-Teams begleiten unsere Kunden bei jedem Schritt \u2013 ohne versteckte Zusatzgeb\u00fchren.<\/p>\n<\/div>\n<\/div>\n<\/div>\n<\/div>\n\n\n\n<div class=\"wp-block-phrase-com-masked-media-text alignwide is-style-shape-two\"><div class=\"wp-block-phrase-com-masked-media-text__inner\">\n<h3 class=\"wp-block-heading\" id=\"h-phrase-in-action\">Phrase in Aktion<\/h3>\n\n\n\n<p class=\"has-medium-font-size\">Ein weltweit t\u00e4tiger Hersteller musste gro\u00dfe Mengen an technischer Dokumentation in mehr als 30 Sprachen \u00fcbersetzen lassen, um die gesetzlichen Anforderungen in \u00fcber 100 M\u00e4rkten zu erf\u00fcllen.<\/p>\n\n\n\n<p>Das Team nutzte Phrase bereits f\u00fcr Marketing- und juristische Texte und erweiterte die Zusammenarbeit durch die Nutzung der Phrase Tridion Docs-Integration auch auf die Lokalisierung von technischen Dokumentationen. Diese Umstellung vereinte alle Lokalisierungs-Workflows auf einer Plattform.<\/p>\n\n\n\n<p>Mit gemeinsam genutztem Translation Memory, KI-gest\u00fctzten Qualit\u00e4tspr\u00fcfungen und automatisiertem Routing konnte das Unternehmen den manuellen Aufwand erheblich reduzieren und die \u00dcbersetzungsgeschwindigkeit und -konsistenz verbessern.<\/p>\n<\/div><div class=\"wp-block-phrase-com-masked-media-text__media\"><img loading=\"lazy\" decoding=\"async\" width=\"1136\" height=\"1150\" src=\"https:\/\/phrase.com\/wp-content\/uploads\/2025\/05\/manufacturing-company-phrase.jpg\" alt=\"\" class=\"wp-block-phrase-com-masked-media-text-image wp-image-107421\" srcset=\"https:\/\/phrase.com\/wp-content\/uploads\/2025\/05\/manufacturing-company-phrase.jpg 1136w, https:\/\/phrase.com\/wp-content\/uploads\/2025\/05\/manufacturing-company-phrase-296x300.jpg 296w, https:\/\/phrase.com\/wp-content\/uploads\/2025\/05\/manufacturing-company-phrase-1012x1024.jpg 1012w, https:\/\/phrase.com\/wp-content\/uploads\/2025\/05\/manufacturing-company-phrase-768x777.jpg 768w\" sizes=\"auto, (max-width: 1136px) 100vw, 1136px\" \/><\/div><\/div>\n\n\n\n<div class=\"wp-block-group has-global-padding is-layout-constrained wp-block-group-is-layout-constrained\">\n<h2 class=\"wp-block-heading has-text-align-center\" id=\"h-faqs\"><strong>H\u00c4UFIGE FRAGEN (FAQ)<\/strong><\/h2>\n\n\n\n<div class=\"wp-block-wearerequired-accordion\">\n<div id=\"acc-wie-richte-ich-die-tridion-docs-integration-ein\" tabindex=\"-1\" class=\"wp-block-wearerequired-accordion-section\">\n<h3 class=\"wp-block-wearerequired-accordion-heading\"><span aria-hidden=\"true\" class=\"wp-block-wearerequired-accordion-heading__icon\"><\/span><span class=\"wp-block-wearerequired-accordion-heading__text\">Wie richte ich die Tridion Docs-Integration ein?<\/span><\/h3>\n\n\n\n<div class=\"wp-block-wearerequired-accordion-content is-layout-flow wp-block-wearerequired-accordion-content-is-layout-flow\">\n<p>Folgende Schritte sind f\u00fcr die Integration n\u00f6tig:<\/p>\n\n\n\n<ul class=\"wp-block-list wp-block-list\">\n<li>Du ben\u00f6tigst ein Tridion Docs-Konto mit Administratorrechten sowie ein betriebsbereites Tridion Docs-FTP.<\/li>\n\n\n\n<li>Melde dich bei Phrase TMS an und navigiere zum Bereich \u201eIntegrationen\u201c.<\/li>\n\n\n\n<li>W\u00e4hle Tridion Docs aus und melde dich mit deinem Konto an, um die API-Verbindung herzustellen.<\/li>\n\n\n\n<li>Konfiguriere die Einstellungen f\u00fcr den Zugriff auf den FTP-Exportordner.<\/li>\n\n\n\n<li>Falls der Workflow es erfordert, kannst du zus\u00e4tzlich eine benutzerdefinierte Sprachzuordnung konfigurieren.<\/li>\n<\/ul>\n\n\n\n<p><a href=\"https:\/\/support.phrase.com\/hc\/de\/sections\/5784101340060-Integrations\">Mehr erfahren<\/a><\/p>\n<\/div>\n<\/div>\n\n\n\n<div id=\"acc-welche-inhaltstypen-werden-unterstuetzt\" tabindex=\"-1\" class=\"wp-block-wearerequired-accordion-section\">\n<h3 class=\"wp-block-wearerequired-accordion-heading\"><span aria-hidden=\"true\" class=\"wp-block-wearerequired-accordion-heading__icon\"><\/span><span class=\"wp-block-wearerequired-accordion-heading__text\">Welche Inhaltstypen werden unterst\u00fctzt?<\/span><\/h3>\n\n\n\n<div class=\"wp-block-wearerequired-accordion-content is-layout-flow wp-block-wearerequired-accordion-content-is-layout-flow\">\n<p>Die dateibasierte Integration verarbeitet DITA XML-Inhalte, welche in ZIP-Archiven verpackt sind und mit dem Translation Organizer von Tridion Docs exportiert werden. Die Integration unterst\u00fctzt die \u00dcbersetzung von DITA-Themen.<\/p>\n<\/div>\n<\/div>\n\n\n\n<div id=\"acc-kann-ich-in-phrase-eine-vorschau-der-uebersetzungen-sehen\" tabindex=\"-1\" class=\"wp-block-wearerequired-accordion-section\">\n<h3 class=\"wp-block-wearerequired-accordion-heading\"><span aria-hidden=\"true\" class=\"wp-block-wearerequired-accordion-heading__icon\"><\/span><span class=\"wp-block-wearerequired-accordion-heading__text\">Kann ich in Phrase eine Vorschau der \u00dcbersetzungen sehen?<\/span><\/h3>\n\n\n\n<div class=\"wp-block-wearerequired-accordion-content is-layout-flow wp-block-wearerequired-accordion-content-is-layout-flow\">\n<p>Ja, Phrase bietet im CAT-Editor eine Echtzeit-Vorschau f\u00fcr DITA-Inhalte an.<\/p>\n<\/div>\n<\/div>\n\n\n\n<div id=\"acc-unterstuetzt-die-integration-die-erkennung-von-aenderungen-oder-die-ueberwachung-von-inhalten\" tabindex=\"-1\" class=\"wp-block-wearerequired-accordion-section\">\n<h3 class=\"wp-block-wearerequired-accordion-heading\"><span aria-hidden=\"true\" class=\"wp-block-wearerequired-accordion-heading__icon\"><\/span><span class=\"wp-block-wearerequired-accordion-heading__text\">Unterst\u00fctzt die Integration die Erkennung von \u00c4nderungen oder die \u00dcberwachung von Inhalten?<\/span><\/h3>\n\n\n\n<div class=\"wp-block-wearerequired-accordion-content is-layout-flow wp-block-wearerequired-accordion-content-is-layout-flow\">\n<p>W\u00e4hrend Tridion Docs keine API f\u00fcr die \u00dcberwachung von Inhalts\u00e4nderungen in Echtzeit bereitstellt, unterst\u00fctzt die Integration die \u00dcberwachung des konfigurierten FTPS-Ordners. Neue ZIP-Exporte, die in diesem Ordner abgelegt werden, werden von Phrase TMS automatisch erkannt und verarbeitet.<\/p>\n<\/div>\n<\/div>\n\n\n\n<div id=\"acc-kann-ich-maschinelle-uebersetzung-mt-mit-der-integration-verwenden\" tabindex=\"-1\" class=\"wp-block-wearerequired-accordion-section\">\n<h3 class=\"wp-block-wearerequired-accordion-heading\"><span aria-hidden=\"true\" class=\"wp-block-wearerequired-accordion-heading__icon\"><\/span><span class=\"wp-block-wearerequired-accordion-heading__text\">Kann ich maschinelle \u00dcbersetzung (MT) mit der Integration verwenden?<\/span><\/h3>\n\n\n\n<div class=\"wp-block-wearerequired-accordion-content is-layout-flow wp-block-wearerequired-accordion-content-is-layout-flow\">\n<p>Ja. Die Integration ist mit Phrase Language AI kompatibel und erm\u00f6glicht dadurch den Zugriff auf \u00fcber 30 MT-Engines sowie auf MT Autoselect, das automatisch die beste Engine f\u00fcr jedes Sprachpaar ausw\u00e4hlt.<\/p>\n<\/div>\n<\/div>\n\n\n\n<div id=\"acc-sind-sowohl-import-als-auch-export-automatisiert\" tabindex=\"-1\" class=\"wp-block-wearerequired-accordion-section\">\n<h3 class=\"wp-block-wearerequired-accordion-heading\"><span aria-hidden=\"true\" class=\"wp-block-wearerequired-accordion-heading__icon\"><\/span><span class=\"wp-block-wearerequired-accordion-heading__text\">Sind sowohl Import als auch Export automatisiert?<\/span><\/h3>\n\n\n\n<div class=\"wp-block-wearerequired-accordion-content is-layout-flow wp-block-wearerequired-accordion-content-is-layout-flow\">\n<p>Ja. Die Integration automatisiert beide Richtungen:<\/p>\n\n\n\n<ul class=\"wp-block-list wp-block-list\">\n<li><strong>Importieren:<\/strong> Phrase TMS APE \u00fcberwacht einen bestimmten FTPS-Ordner in festgelegten Intervallen. Wenn neue ZIP-Dateien erkannt werden, wird der Quellinhalt automatisch in Phrase importiert.<\/li>\n\n\n\n<li><strong>Exportieren:<\/strong> Sobald der \u00dcbersetzungs-Workflow in Phrase TMS den Status \u201eAbgeschlossen&#8220; erreicht hat, werden die \u00fcbersetzten Inhalte automatisch \u00fcber die API an die richtige Sprachposition in Tridion Docs zur\u00fcckgesandt.<\/li>\n<\/ul>\n<\/div>\n<\/div>\n\n\n\n<div id=\"acc-wo-bekomme-ich-weitere-informationen\" tabindex=\"-1\" class=\"wp-block-wearerequired-accordion-section\">\n<h3 class=\"wp-block-wearerequired-accordion-heading\"><span aria-hidden=\"true\" class=\"wp-block-wearerequired-accordion-heading__icon\"><\/span><span class=\"wp-block-wearerequired-accordion-heading__text\">Wo bekomme ich weitere Informationen?<\/span><\/h3>\n\n\n\n<div class=\"wp-block-wearerequired-accordion-content is-layout-flow wp-block-wearerequired-accordion-content-is-layout-flow\">\n<p>Detaillierte Dokumentation und Support-Ressourcen, auch f\u00fcr die Tridion Docs-Phrase-Integration, findest du im <a href=\"https:\/\/support.phrase.com\/hc\/de\/sections\/5784101340060-Integrations\" target=\"_blank\" rel=\"noreferrer noopener\">Phrase Support Center<\/a>.<\/p>\n<\/div>\n<\/div>\n<\/div>\n<\/div>\n\n\n\n<div class=\"wp-block-group alignwide has-yellow-background-color has-background has-global-padding is-layout-constrained wp-block-group-is-layout-constrained\">\n<h2 class=\"wp-block-heading has-text-align-center has-black-color has-text-color has-link-color wp-elements-126ac2b76f32555d135b491f14263239\" id=\"h-ready-to-get-started\"><strong>Bereit zum Loslegen?<\/strong><\/h2>\n\n\n\n<p class=\"has-text-align-center has-black-color has-text-color has-link-color wp-elements-4d13c351b24b5fae12e0bcaf278d9de5\">Sprich eine gr\u00f6\u00dfere Zielgruppe an und verbessere die Kundenbindung.<\/p>\n\n\n\n<div class=\"wp-block-buttons is-content-justification-center is-layout-flex wp-container-core-buttons-is-layout-a89b3969 wp-block-buttons-is-layout-flex\">\n<div class=\"wp-block-button is-style-default\"><a class=\"wp-block-button__link wp-element-button\" href=\"https:\/\/phrase.com\/de\/demo\/\">Demo buchen<\/a><\/div>\n\n\n\n<div class=\"wp-block-button is-style-black-outline\"><a class=\"wp-block-button__link wp-element-button\" href=\"https:\/\/phrase.com\/de\/pricing\/\">Preise<\/a><\/div>\n<\/div>\n<\/div>\n\n","protected":false},"excerpt":{"rendered":"<p>Tridion-Integration Eine neue \u00c4ra der \u00dcbersetzung von Tridion Docs-Inhalten Entwickelt f\u00fcr technische Inhalte in gro\u00dfem Umfang Zu lange bedeutete die \u00dcbersetzung von technischen Dokumentationen: fragmentierte Workflows, begrenzte KI-Funktionen und kostspielige manuelle Bearbeitung in \u00e4lteren Tools wie Trados. Diese Zeiten sind vorbei. Die native Tridion Docs-Integration von Phrase verbindet jede technische Dokumentation direkt mit der Phrase-Plattform. [&hellip;]<\/p>\n","protected":false},"author":77,"featured_media":107370,"parent":31701,"menu_order":0,"comment_status":"closed","ping_status":"closed","template":"page-refresh","meta":{"_acf_changed":false,"_stopmodifiedupdate":false,"_modified_date":"","_searchwp_excluded":"","episode_type":"","audio_file":"","podmotor_file_id":"","podmotor_episode_id":"","cover_image":"","cover_image_id":"","duration":"","filesize":"","filesize_raw":"","date_recorded":"","explicit":"","block":"","itunes_episode_number":"","itunes_title":"","itunes_season_number":"","itunes_episode_type":"","footnotes":""},"class_list":["post-108974","page","type-page","status-publish","has-post-thumbnail","hentry"],"acf":[],"_links":{"self":[{"href":"https:\/\/phrase.com\/de\/wp-json\/wp\/v2\/pages\/108974","targetHints":{"allow":["GET"]}}],"collection":[{"href":"https:\/\/phrase.com\/de\/wp-json\/wp\/v2\/pages"}],"about":[{"href":"https:\/\/phrase.com\/de\/wp-json\/wp\/v2\/types\/page"}],"author":[{"embeddable":true,"href":"https:\/\/phrase.com\/de\/wp-json\/wp\/v2\/users\/77"}],"replies":[{"embeddable":true,"href":"https:\/\/phrase.com\/de\/wp-json\/wp\/v2\/comments?post=108974"}],"version-history":[{"count":4,"href":"https:\/\/phrase.com\/de\/wp-json\/wp\/v2\/pages\/108974\/revisions"}],"predecessor-version":[{"id":120916,"href":"https:\/\/phrase.com\/de\/wp-json\/wp\/v2\/pages\/108974\/revisions\/120916"}],"up":[{"embeddable":true,"href":"https:\/\/phrase.com\/de\/wp-json\/wp\/v2\/pages\/31701"}],"wp:featuredmedia":[{"embeddable":true,"href":"https:\/\/phrase.com\/de\/wp-json\/wp\/v2\/media\/107370"}],"wp:attachment":[{"href":"https:\/\/phrase.com\/de\/wp-json\/wp\/v2\/media?parent=108974"}],"curies":[{"name":"wp","href":"https:\/\/api.w.org\/{rel}","templated":true}]}}