{"id":109921,"date":"2025-06-17T09:54:40","date_gmt":"2025-06-17T07:54:40","guid":{"rendered":"https:\/\/phrase.com\/paladini-digital-solutions\/"},"modified":"2025-10-06T11:07:05","modified_gmt":"2025-10-06T09:07:05","slug":"paladini-digital-solutions","status":"publish","type":"page","link":"https:\/\/phrase.com\/de\/partners\/paladini-digital-solutions\/","title":{"rendered":"Paladini Digital Solutions + Global Sights Consulting"},"content":{"rendered":"\n<div class=\"wp-block-group alignfull is-style-copy has-transparent-background-color has-background has-global-padding is-content-justification-center is-layout-constrained wp-block-group-is-layout-constrained\" style=\"padding-top:var(--wp--preset--spacing--45);padding-bottom:var(--wp--preset--spacing--45)\">\n<div class=\"wp-block-group alignwide has-global-padding is-content-justification-center is-layout-constrained wp-container-core-group-is-layout-cefc1864 wp-block-group-is-layout-constrained\" style=\"padding-left:var(--wp--preset--spacing--56)\">\n<div style=\"height:43px\" aria-hidden=\"true\" class=\"wp-block-spacer\"><\/div>\n\n\n\n<p class=\"has-text-align-center has-blue-color has-text-color has-link-color wp-elements-fc4e1ddc0d74cbc314743c9090e21a46\">PHRASE PARTNER<\/p>\n\n\n\n<figure class=\"wp-block-image aligncenter size-full is-resized is-style-not-rounded\"><img loading=\"lazy\" decoding=\"async\" width=\"278\" height=\"276\" src=\"https:\/\/phrase.com\/wp-content\/uploads\/2025\/06\/PDS_ICO.png\" alt=\"\" class=\"wp-image-108648\" style=\"width:206px;height:auto\" srcset=\"https:\/\/phrase.com\/wp-content\/uploads\/2025\/06\/PDS_ICO.png 278w, https:\/\/phrase.com\/wp-content\/uploads\/2025\/06\/PDS_ICO-150x150.png 150w\" sizes=\"auto, (max-width: 278px) 100vw, 278px\" \/><\/figure>\n\n\n\n<h3 class=\"wp-block-heading has-text-align-center has-medium-font-size\" id=\"h-global-reach-local-impact\" style=\"margin-bottom:var(--wp--preset--spacing--8);font-style:normal;font-weight:400\">Globale Reichweite, lokale Wirkung<\/h3>\n\n\n\n<p class=\"has-text-align-center\"><a href=\"https:\/\/paladinidigital.com\/\" target=\"_blank\" rel=\"noreferrer noopener\">paladinidigital.com<\/a><\/p>\n\n\n\n<p class=\"has-text-align-center\" style=\"margin-top:0;margin-bottom:var(--wp--preset--spacing--40)\"><strong><br><\/strong><\/p>\n\n\n\n<p class=\"has-text-align-center\" style=\"margin-top:0;margin-bottom:var(--wp--preset--spacing--40)\">Paladini Digital Solutions und Global Sights Consulting bietet seinen Kunden das \u201eShift-Left Change Management Program\u201c, ein bew\u00e4hrtes Umfeld f\u00fcr die effiziente Skalierung von Produkt-, Content- und Lokalisierungsinitiativen.<br><br>Durch die Einbindung von Stakeholdern, die Abstimmung verschiedener Content-Quellen, die Optimierung des \u201eHuman-in-the-Loop\u201c-Prozesses und die Einbindung der Automatisierung von Anfang an gew\u00e4hrleisten wir eine nahtlose und skalierbare Technologie-Einf\u00fchrung.<br><br>Das \u201eShift-Left\u201c-Konzept reduziert mithilfe einer gr\u00fcndlichen Anforderungsanalyse den Aufwand beim Onboarding. Diese proaktive Denkweise minimiert Risiken, gew\u00e4hrleistet eine reibungslose Umsetzung und beschleunigt die globale Einsatzbereitschaft.<\/p>\n\n\n\n<p class=\"has-text-align-center\"><strong>Standorte<br><\/strong><br>Weltweit verteiltes Team \u2013 EMEA, AMER, APAC<\/p>\n\n\n\n<div style=\"height:19px\" aria-hidden=\"true\" class=\"wp-block-spacer\"><\/div>\n\n\n\n<div class=\"wp-block-buttons is-content-justification-center is-layout-flex wp-container-core-buttons-is-layout-a89b3969 wp-block-buttons-is-layout-flex\">\n<div class=\"wp-block-button\"><a class=\"wp-block-button__link wp-element-button\" href=\"https:\/\/phrase.com\/de\/demo\/\" target=\"_blank\" rel=\"noreferrer noopener\">Sprich uns an<\/a><\/div>\n\n\n\n<div class=\"wp-block-button is-style-black-outline\"><a class=\"wp-block-button__link has-text-align-center wp-element-button\" href=\"https:\/\/paladinidigital.com\/\" target=\"_blank\" rel=\"noreferrer noopener\">Website besuchen<\/a><\/div>\n<\/div>\n<\/div>\n<\/div>\n\n\n\n<div class=\"wp-block-columns alignwide are-vertically-aligned-center is-style-default is-layout-flex wp-container-core-columns-is-layout-28f84493 wp-block-columns-is-layout-flex\">\n<div class=\"wp-block-column is-vertically-aligned-center is-layout-flow wp-container-core-column-is-layout-6220b9e6 wp-block-column-is-layout-flow\" style=\"flex-basis:100%\">\n<h2 class=\"wp-block-heading has-text-align-center has-extra-large-font-size\" id=\"h-services-offered\"><strong>Angebotene Dienstleistungen<\/strong><\/h2>\n\n\n\n<div style=\"height:10px\" aria-hidden=\"true\" class=\"wp-block-spacer\"><\/div>\n\n\n\n<div class=\"wp-block-group is-content-justification-center is-nowrap is-layout-flex wp-container-core-group-is-layout-f52be266 wp-block-group-is-layout-flex\">\n<div class=\"wp-block-group is-vertical is-layout-flex wp-container-core-group-is-layout-9f8eab21 wp-block-group-is-layout-flex\">\n<ul class=\"wp-block-list\">\n<li>Beschleunigung und Innovation der Sprachtechnologie<\/li>\n\n\n\n<li>Language AI-Strategie<\/li>\n\n\n\n<li>Prozessautomatisierung<\/li>\n\n\n\n<li>Operative Transformation\u00a0<\/li>\n\n\n\n<li>\u00c4nderungsmanagement<\/li>\n\n\n\n<li>Fraktions\u00fcbergreifende F\u00fchrung<\/li>\n\n\n\n<li>Lokalisierung \u2013 Managed Services<\/li>\n<\/ul>\n<\/div>\n<\/div>\n<\/div>\n<\/div>\n\n\n\n<h2 class=\"wp-block-heading has-text-align-center has-extra-large-font-size\" id=\"h-credentials\"><strong>Referenzen<\/strong><\/h2>\n\n\n\n<ul class=\"wp-block-list\">\n<li><a href=\"https:\/\/www.gala-global.org\/\">Globalization and Localization Association (GALA)<\/a> \u2013 Mitglieder und ehemaliger Vorstand<\/li>\n\n\n\n<li><a href=\"https:\/\/womeninlocalization.com\/\">Women in Localization<\/a> \u2013 Mitglieder und ehemalige Leitung der Sektion Catalunya<\/li>\n\n\n\n<li><a href=\"https:\/\/pic.locworld.com\/\">Process Innovation Challenge<\/a> \u2013 Beratergremium<\/li>\n\n\n\n<li>Dozenten bei vielen Veranstaltungen der Lokalisierungsbranche \u2013 LocWorld, GALA, TAUS<\/li>\n<\/ul>\n\n\n\n<div class=\"wp-block-group alignwide has-phrase-green-background-color has-background has-background-images has-global-padding is-content-justification-left is-layout-constrained wp-container-core-group-is-layout-12dd3699 wp-block-group-is-layout-constrained\" style=\"background-image:url(https:\/\/phrase.com\/wp-content\/uploads\/2024\/06\/Untitled-design-6.jpg.webp);background-position:0% 0%;background-attachment:scroll;background-repeat:no-repeat;background-size:cover\"><div class=\"glide wp-block-phrase-com-testimonials\"><div class=\"glide__track\" data-glide-el=\"track\"><div class=\"glide__slides\">\t<div class=\"wp-block-phrase-com-testimonial glide__slide\">\n\t\t<div class=\"wp-block-phrase-com-testimonial__text \">\n\t\t\t<span style=\"font-weight: 400\">Die Zusammenarbeit mit Paladini Digital Solutions und Global Sights Consulting war f\u00fcr unsere Bem\u00fchungen bei der Durchf\u00fchrung komplexer Globalisierungsinitiativen von entscheidendem Wert. Das Fachwissen im Bereich des \u00c4nderungsmanagements sorgte f\u00fcr einen reibungslosen \u00dcbergang \u00fcber alle M\u00e4rkte hinweg und erm\u00f6glichte es, unsere globale Strategie mit der lokalen Umsetzung in Einklang zu bringen, gleichzeitig St\u00f6rungen zu minimieren und Akzeptanz auf allen Ebenen zu f\u00f6rdern.<\/span>\t\t<\/div>\n\t\t<div class=\"wp-block-phrase-com-testimonial__author\">\n\t\t\t\n\t\t\t<div class=\"wp-block-phrase-com-testimonial__author-info\">\n\t\t\t\t<img loading=\"lazy\" decoding=\"async\" width=\"200\" height=\"200\" src=\"https:\/\/phrase.com\/wp-content\/uploads\/2025\/08\/global-sights-consulting-logo.jpg\" class=\"wp-block-phrase-com-testimonial__author-company-logo\" alt=\"Logo of PDS Global Sights Consulting (Partner)\" srcset=\"https:\/\/phrase.com\/wp-content\/uploads\/2025\/08\/global-sights-consulting-logo.jpg 200w, https:\/\/phrase.com\/wp-content\/uploads\/2025\/08\/global-sights-consulting-logo-150x150.jpg 150w\" sizes=\"auto, (max-width: 200px) 100vw, 200px\" \/>\n\t\t\t\t<p class=\"wp-block-phrase-com-testimonial__author-name\">\n\t\t\t\t\tAlessandra Binazzi\t\t\t\t<\/p>\n\n\t\t\t\t<p class=\"wp-block-phrase-com-testimonial__author-title\">\n\t\t\t\t\tGlobal-Sights Consulting\t\t\t\t<\/p>\n\t\t\t<\/div>\n\t\t<\/div>\n\t<\/div>\n\t<\/div><\/div><\/div><\/div>\n\n\n\n<div class=\"wp-block-group alignwide has-yellow-background-color has-background has-global-padding is-layout-constrained wp-block-group-is-layout-constrained\" style=\"margin-top:var(--wp--preset--spacing--56)\">\n<div class=\"wp-block-group is-vertical is-content-justification-center is-layout-flex wp-container-core-group-is-layout-ce155fab wp-block-group-is-layout-flex\">\n<h2 class=\"wp-block-heading has-text-align-center\" id=\"h-discover-more-partners\">Erfahre mehr \u00fcber weitere Partner<\/h2>\n\n\n\n<p class=\"has-text-align-center\">Wir arbeiten mit f\u00fchrenden Technologieunternehmen zusammen, um sicherzustellen, dass dein Team<br>jeden Tag mehr Wert aus Phrase sch\u00f6pft.<\/p>\n<\/div>\n\n\n\n<div class=\"wp-block-buttons is-content-justification-center is-layout-flex wp-container-core-buttons-is-layout-a89b3969 wp-block-buttons-is-layout-flex\">\n<div class=\"wp-block-button\"><a class=\"wp-block-button__link wp-element-button\" href=\"https:\/\/phrase.com\/de\/partners\/\" target=\"_blank\" rel=\"noreferrer noopener\">Phrase-Partnerprogramm<\/a><\/div>\n\n\n\n<div class=\"wp-block-button is-style-black-outline\"><a class=\"wp-block-button__link wp-element-button\" href=\"https:\/\/phrase.com\/de\/partners-inquiries\/\" target=\"_blank\" rel=\"noreferrer noopener\">Partner-Empfehlung<\/a><\/div>\n<\/div>\n<\/div>\n\n","protected":false},"excerpt":{"rendered":"<p>PHRASE PARTNER Globale Reichweite, lokale Wirkung paladinidigital.com Paladini Digital Solutions und Global Sights Consulting bietet seinen Kunden das \u201eShift-Left Change Management Program\u201c, ein bew\u00e4hrtes Umfeld f\u00fcr die effiziente Skalierung von Produkt-, Content- und Lokalisierungsinitiativen. Durch die Einbindung von Stakeholdern, die Abstimmung verschiedener Content-Quellen, die Optimierung des \u201eHuman-in-the-Loop\u201c-Prozesses und die Einbindung der Automatisierung von Anfang an [&hellip;]<\/p>\n","protected":false},"author":77,"featured_media":0,"parent":56573,"menu_order":1,"comment_status":"closed","ping_status":"closed","template":"page-refresh","meta":{"_acf_changed":false,"_stopmodifiedupdate":false,"_modified_date":"","_searchwp_excluded":"","episode_type":"","audio_file":"","podmotor_file_id":"","podmotor_episode_id":"","cover_image":"","cover_image_id":"","duration":"","filesize":"","filesize_raw":"","date_recorded":"","explicit":"","block":"","itunes_episode_number":"","itunes_title":"","itunes_season_number":"","itunes_episode_type":"","footnotes":""},"class_list":["post-109921","page","type-page","status-publish","hentry"],"acf":[],"_links":{"self":[{"href":"https:\/\/phrase.com\/de\/wp-json\/wp\/v2\/pages\/109921","targetHints":{"allow":["GET"]}}],"collection":[{"href":"https:\/\/phrase.com\/de\/wp-json\/wp\/v2\/pages"}],"about":[{"href":"https:\/\/phrase.com\/de\/wp-json\/wp\/v2\/types\/page"}],"author":[{"embeddable":true,"href":"https:\/\/phrase.com\/de\/wp-json\/wp\/v2\/users\/77"}],"replies":[{"embeddable":true,"href":"https:\/\/phrase.com\/de\/wp-json\/wp\/v2\/comments?post=109921"}],"version-history":[{"count":8,"href":"https:\/\/phrase.com\/de\/wp-json\/wp\/v2\/pages\/109921\/revisions"}],"predecessor-version":[{"id":122958,"href":"https:\/\/phrase.com\/de\/wp-json\/wp\/v2\/pages\/109921\/revisions\/122958"}],"up":[{"embeddable":true,"href":"https:\/\/phrase.com\/de\/wp-json\/wp\/v2\/pages\/56573"}],"wp:attachment":[{"href":"https:\/\/phrase.com\/de\/wp-json\/wp\/v2\/media?parent=109921"}],"curies":[{"name":"wp","href":"https:\/\/api.w.org\/{rel}","templated":true}]}}