{"id":116057,"date":"2024-04-04T10:46:37","date_gmt":"2024-04-04T08:46:37","guid":{"rendered":"https:\/\/phrase.com\/traduno\/"},"modified":"2026-05-11T10:23:50","modified_gmt":"2026-05-11T08:23:50","slug":"traduno","status":"publish","type":"page","link":"https:\/\/phrase.com\/de\/partners\/traduno\/","title":{"rendered":"Traduno"},"content":{"rendered":"\n<div class=\"wp-block-group alignfull is-style-copy has-transparent-background-color has-background has-global-padding is-content-justification-center is-layout-constrained wp-block-group-is-layout-constrained\" style=\"padding-top:var(--wp--preset--spacing--45);padding-bottom:var(--wp--preset--spacing--45)\">\n<div class=\"wp-block-group alignwide has-global-padding is-content-justification-center is-layout-constrained wp-container-core-group-is-layout-cefc1864 wp-block-group-is-layout-constrained\" style=\"padding-left:var(--wp--preset--spacing--56)\">\n<p class=\"has-text-align-center has-blue-color has-text-color has-link-color wp-elements-fc4e1ddc0d74cbc314743c9090e21a46\">PHRASE PARTNER<\/p>\n\n\n\n<figure class=\"wp-block-image aligncenter size-full is-resized is-style-not-rounded\"><img loading=\"lazy\" decoding=\"async\" width=\"556\" height=\"89\" src=\"https:\/\/phrase.com\/wp-content\/uploads\/2025\/09\/Logo.png\" alt=\"traduno Logo\" class=\"wp-image-115819\" style=\"width:276px;height:auto\" srcset=\"https:\/\/phrase.com\/wp-content\/uploads\/2025\/09\/Logo.png 556w, https:\/\/phrase.com\/wp-content\/uploads\/2025\/09\/Logo-300x48.png 300w\" sizes=\"auto, (max-width: 556px) 100vw, 556px\" \/><\/figure>\n\n\n\n<div style=\"height:20px\" aria-hidden=\"true\" class=\"wp-block-spacer\"><\/div>\n\n\n\n<h3 class=\"wp-block-heading has-text-align-center has-medium-font-size\" id=\"h-entdecke-nahtlose-prozesse\" style=\"margin-bottom:var(--wp--preset--spacing--8);font-style:normal;font-weight:400\"><strong>Entdecke nahtlose Prozesse<\/strong>.<\/h3>\n\n\n\n<p class=\"has-text-align-center\"><a href=\"https:\/\/www.acclaro.com\/?utm_campaign=Partner%20Marketing&amp;utm_source=Phrase%20partner%20listing&amp;utm_medium=Main%20link&amp;utm_term=Acclaro\" target=\"_blank\" rel=\"noreferrer noopener\"><\/a><a href=\"https:\/\/www.actumdigital.com\/\"><\/a><a href=\"https:\/\/blog.attachedglobal.com\/en\/attached-partners-with-phrase-to-elevate-enterprise-translation-solutions\"><\/a><a href=\"https:\/\/www.clearlyloc.com\/\" target=\"_blank\" rel=\"noreferrer noopener\"><\/a><a href=\"https:\/\/traduno.com\/\" target=\"_blank\" rel=\"noreferrer noopener\">www.traduno.com<\/a>\u202f<\/p>\n\n\n\n<div style=\"height:60px\" aria-hidden=\"true\" class=\"wp-block-spacer\"><\/div>\n\n\n\n<p class=\"has-text-align-center\" style=\"margin-top:0;margin-bottom:var(--wp--preset--spacing--40)\"><strong><br><\/strong>Entdecke nahtlose Arbeitsabl\u00e4ufe mit Traduno, deiner L\u00f6sung f\u00fcr das \u00dcbersetzungsmanagement. Mit einer umfassenden Suite von Tools, die auf Sprachdienstleister zugeschnitten sind, erm\u00f6glicht Traduno deinem Unternehmen, die Konkurrenz zu \u00fcbertrumpfen und sich erfolgreich in der sich st\u00e4ndig weiterentwickelnden \u00dcbersetzungslandschaft durchzusetzen.<br><br>Die Vorteile:<\/p>\n\n\n\n<ul class=\"wp-block-list\">\n<li><strong>Verbesserte Qualit\u00e4t und P\u00fcnktlichkeit:<\/strong>&nbsp;Optimiere deine Prozesse, um die Qualit\u00e4t der \u00dcbersetzungen zu verbessern und Fristen konsequent einzuhalten.<br><\/li>\n\n\n\n<li><strong>Volle Prozesskontrolle:<\/strong>&nbsp;\u00dcbernimm die Verantwortung f\u00fcr jeden Aspekt deines Workflows, bei voller Kontrolle \u00fcber die Prozesse.<br><\/li>\n\n\n\n<li><strong>Effiziente Zentralisierung des Kunden-Workflows:<\/strong>&nbsp;Hilf deinen Kunden, ihre Arbeitsabl\u00e4ufe \u00fcber das Kundenportal zu optimieren, und steigere so ihre Zufriedenheit und Loyalit\u00e4t.<br><\/li>\n\n\n\n<li><strong>Optimierte Zuweisung von Linguisten und Datenbankpflege:<\/strong>&nbsp;Verwalte Linguisten und Agenturen effizient \u2013 damit f\u00fcr jedes Projekt die richtigen Ressourcen zugewiesen werden.<br><\/li>\n\n\n\n<li><strong>Ausgewogene Qualit\u00e4t, Schnelligkeit und Kosteneffizienz<\/strong>: Erreiche das perfekte Gleichgewicht zwischen der der Lieferung hochwertiger \u00dcbersetzungen, der Einhaltung knapper Fristen und der Optimierung der Kosten.<br><\/li>\n<\/ul>\n\n\n\n<p class=\"has-text-align-center\">Mit Traduno lassen sich alle Aspekte eines Unternehmens in einer benutzerfreundlichen Plattform verwalten \u2013 was die Effizienz optimiert, die Zusammenarbeit verbessert und das Wachstum f\u00f6rdert.<br><br><br><strong>Standorte<\/strong><\/p>\n\n\n\n<p class=\"has-text-align-center\">Vereinigtes K\u00f6nigreich, Moldawien.<\/p>\n\n\n\n<div style=\"height:19px\" aria-hidden=\"true\" class=\"wp-block-spacer\"><\/div>\n\n\n\n<div class=\"wp-block-buttons is-content-justification-center is-layout-flex wp-container-core-buttons-is-layout-a89b3969 wp-block-buttons-is-layout-flex\">\n<div class=\"wp-block-button\"><a class=\"wp-block-button__link wp-element-button\" href=\"https:\/\/phrase.com\/de\/demo\/\" target=\"_blank\" rel=\"noreferrer noopener\">Sprich uns an<\/a><\/div>\n\n\n\n<div class=\"wp-block-button is-style-black-outline\"><a class=\"wp-block-button__link has-text-align-center wp-element-button\" href=\"https:\/\/traduno.com\/\" target=\"_blank\" rel=\"noreferrer noopener\">Website besuchen<\/a><\/div>\n<\/div>\n<\/div>\n<\/div>\n\n\n\n<div class=\"wp-block-columns are-vertically-aligned-center is-style-default is-layout-flex wp-container-core-columns-is-layout-28f84493 wp-block-columns-is-layout-flex\">\n<div class=\"wp-block-column is-vertically-aligned-center is-layout-flow wp-container-core-column-is-layout-6220b9e6 wp-block-column-is-layout-flow\" style=\"flex-basis:100%\">\n<h2 class=\"wp-block-heading has-text-align-center has-extra-large-font-size\" id=\"h-angebotene-dienstleistungen\"><strong>Angebotene Dienstleistungen<\/strong><\/h2>\n\n\n\n<div style=\"height:10px\" aria-hidden=\"true\" class=\"wp-block-spacer\"><\/div>\n\n\n\n<div class=\"wp-block-group is-content-justification-center is-nowrap is-layout-flex wp-container-core-group-is-layout-f52be266 wp-block-group-is-layout-flex\">\n<div class=\"wp-block-group is-vertical is-layout-flex wp-container-core-group-is-layout-9f8eab21 wp-block-group-is-layout-flex\">\n<ul class=\"wp-block-list\">\n<li><strong>Kunden- und Finanzmanagement:<\/strong> Halte alle kundenbezogenen Daten an einem Ort organisiert, stelle deinen Kunden auf einfache Weise Rechnungen aus und biete ihnen einen zentralisierten Arbeitsablauf \u00fcber das Kundenportal.<br><\/li>\n\n\n\n<li><strong>Projektleitung<\/strong> Optimiere deinen Arbeitsablauf mit fortschrittlichen Projektmanagement-Tools, einschlie\u00dflich CAT-Tool-Integrationen und der M\u00f6glichkeit, Angebote f\u00fcr Kunden zu erstellen.<br><\/li>\n\n\n\n<li><strong>Automatisierung von Aufgaben:<\/strong>&nbsp;Automatisiere die Erstellung von Projektentw\u00fcrfen, Vorlagen und Aufgaben, um das Projektmanagement effizienter zu gestalten.<br><\/li>\n\n\n\n<li><strong>Auftragnehmer-Management:<\/strong>&nbsp;Pflege eine produktive Lieferantendatenbank, fordere bei Bedarf neue Lieferanten an und erstelle problemlos Rechnungen f\u00fcr Lieferanten.<br><\/li>\n\n\n\n<li><strong>Integrierte Kommunikation:<\/strong>&nbsp;Kommuniziere nahtlos mit Kollegen, Kunden und Lieferanten direkt innerhalb der Plattform, um eine effiziente Zusammenarbeit zu gew\u00e4hrleisten.<br><\/li>\n\n\n\n<li><strong>Weitere Funktionen:<\/strong>&nbsp;Verwalte Qualit\u00e4tsprobleme, bearbeite Ingenieuranfragen, nutze das Ticketsystem, verwalte Benutzer und Rollen, greife auf informative Statistiken zu und importieren\/exportiere Daten m\u00fchelos.<\/li>\n<\/ul>\n<\/div>\n<\/div>\n<\/div>\n<\/div>\n\n\n\n<div class=\"wp-block-group alignwide has-yellow-background-color has-background has-global-padding is-layout-constrained wp-block-group-is-layout-constrained\" style=\"margin-top:var(--wp--preset--spacing--56)\">\n<div class=\"wp-block-group is-vertical is-content-justification-center is-layout-flex wp-container-core-group-is-layout-ce155fab wp-block-group-is-layout-flex\">\n<h2 class=\"wp-block-heading has-text-align-center\" id=\"h-erfahre-mehr-uber-weitere-partner\">Erfahre mehr \u00fcber weitere Partner<\/h2>\n\n\n\n<p class=\"has-text-align-center\">Wir arbeiten mit f\u00fchrenden Technologieunternehmen zusammen, um sicherzustellen, dass dein Team<br>jeden Tag mehr Wert aus Phrase sch\u00f6pft.<\/p>\n<\/div>\n\n\n\n<div class=\"wp-block-buttons is-content-justification-center is-layout-flex wp-container-core-buttons-is-layout-a89b3969 wp-block-buttons-is-layout-flex\">\n<div class=\"wp-block-button\"><a class=\"wp-block-button__link wp-element-button\" href=\"https:\/\/phrase.com\/de\/ecosystem\/\" target=\"_blank\" rel=\"noreferrer noopener\">Phrase-Partnerprogramm<\/a><\/div>\n<\/div>\n<\/div>\n","protected":false},"excerpt":{"rendered":"<p>PHRASE PARTNER Entdecke nahtlose Prozesse. www.traduno.com\u202f Entdecke nahtlose Arbeitsabl\u00e4ufe mit Traduno, deiner L\u00f6sung f\u00fcr das \u00dcbersetzungsmanagement. Mit einer umfassenden Suite von Tools, die auf Sprachdienstleister zugeschnitten sind, erm\u00f6glicht Traduno deinem Unternehmen, die Konkurrenz zu \u00fcbertrumpfen und sich erfolgreich in der sich st\u00e4ndig weiterentwickelnden \u00dcbersetzungslandschaft durchzusetzen. Die Vorteile: Mit Traduno lassen sich alle Aspekte eines Unternehmens [&hellip;]<\/p>\n","protected":false},"author":4,"featured_media":0,"parent":56573,"menu_order":1,"comment_status":"closed","ping_status":"closed","template":"page-refresh","meta":{"_acf_changed":false,"_stopmodifiedupdate":false,"_modified_date":"","_searchwp_excluded":"","episode_type":"","audio_file":"","podmotor_file_id":"","podmotor_episode_id":"","cover_image":"","cover_image_id":"","duration":"","filesize":"","filesize_raw":"","date_recorded":"","explicit":"","block":"","itunes_episode_number":"","itunes_title":"","itunes_season_number":"","itunes_episode_type":"","footnotes":""},"class_list":["post-116057","page","type-page","status-publish","hentry"],"acf":[],"_links":{"self":[{"href":"https:\/\/phrase.com\/de\/wp-json\/wp\/v2\/pages\/116057","targetHints":{"allow":["GET"]}}],"collection":[{"href":"https:\/\/phrase.com\/de\/wp-json\/wp\/v2\/pages"}],"about":[{"href":"https:\/\/phrase.com\/de\/wp-json\/wp\/v2\/types\/page"}],"author":[{"embeddable":true,"href":"https:\/\/phrase.com\/de\/wp-json\/wp\/v2\/users\/4"}],"replies":[{"embeddable":true,"href":"https:\/\/phrase.com\/de\/wp-json\/wp\/v2\/comments?post=116057"}],"version-history":[{"count":7,"href":"https:\/\/phrase.com\/de\/wp-json\/wp\/v2\/pages\/116057\/revisions"}],"predecessor-version":[{"id":142419,"href":"https:\/\/phrase.com\/de\/wp-json\/wp\/v2\/pages\/116057\/revisions\/142419"}],"up":[{"embeddable":true,"href":"https:\/\/phrase.com\/de\/wp-json\/wp\/v2\/pages\/56573"}],"wp:attachment":[{"href":"https:\/\/phrase.com\/de\/wp-json\/wp\/v2\/media?parent=116057"}],"curies":[{"name":"wp","href":"https:\/\/api.w.org\/{rel}","templated":true}]}}