{"id":117250,"date":"2024-10-25T10:52:16","date_gmt":"2024-10-25T08:52:16","guid":{"rendered":"https:\/\/phrase.com\/wisetranslate\/"},"modified":"2025-10-06T10:59:58","modified_gmt":"2025-10-06T08:59:58","slug":"wisetranslate","status":"publish","type":"page","link":"https:\/\/phrase.com\/de\/partners\/wisetranslate\/","title":{"rendered":"WiseTranslate"},"content":{"rendered":"\n<div style=\"height:30px\" aria-hidden=\"true\" class=\"wp-block-spacer\"><\/div>\n\n\n\n<div class=\"wp-block-group alignfull has-global-padding is-layout-constrained wp-block-group-is-layout-constrained\">\n<p class=\"has-text-align-center has-blue-color has-text-color has-link-color has-medium-font-size wp-elements-b32868c2efa32d33e5256e07bfb5f3a4\">PHRASE PARTNER<br><\/p>\n\n\n\n<figure class=\"wp-block-image aligncenter size-full is-resized is-style-not-rounded\"><img loading=\"lazy\" decoding=\"async\" width=\"171\" height=\"93\" src=\"https:\/\/phrase.com\/wp-content\/uploads\/2024\/10\/wisetranslate-logo.png\" alt=\"Wisetranslate-Logo\" class=\"wp-image-93661\" style=\"width:298px;height:auto\" \/><\/figure>\n\n\n\n<h2 class=\"wp-block-heading has-text-align-center has-medium-font-size\" id=\"h-a-smart-way-to-translate-wisetranslate-net\">Einfach clever \u00fcbersetzen.<br><br><a href=\"https:\/\/wisetranslate.net\/en\/landing\/\" target=\"_blank\" rel=\"noreferrer noopener\">wisetranslate.net<\/a><\/h2>\n<\/div>\n\n\n\n<div class=\"wp-block-group alignfull is-style-copy has-transparent-background-color has-background has-global-padding is-content-justification-center is-layout-constrained wp-block-group-is-layout-constrained\" style=\"padding-top:0;padding-bottom:0\">\n<div class=\"wp-block-group alignwide has-global-padding is-content-justification-center is-layout-constrained wp-container-core-group-is-layout-cefc1864 wp-block-group-is-layout-constrained\" style=\"padding-left:var(--wp--preset--spacing--56)\">\n<p class=\"has-text-align-center\" style=\"margin-top:0;margin-bottom:var(--wp--preset--spacing--40)\"><strong><br><\/strong>WiseST Global Inc. nimmt eine herausragende Stellung auf dem internationalen \u00dcbersetzungsmarkt ein und bietet seinen Kunden transparente, benutzerfreundliche und kosteng\u00fcnstige Dienstleistungen und L\u00f6sungen f\u00fcr ihren \u00dcbersetzungsbedarf. Ganz gleich, ob es sich um Dokumente, Webinhalte oder Videountertitel handelt, hochwertige \u00dcbersetzungen werden mit bemerkenswerter Effizienz geliefert.<\/p>\n\n\n\n<p>WiseTranslate, eine Marke von WiseST Global, ist f\u00fchrend bei der Integration und Optimierung von LLM-Technologien in \u00dcbersetzungs-Workflows und erm\u00f6glicht es Anwendern, das volle Potenzial von LLMs zur Steigerung von Produktivit\u00e4t und Qualit\u00e4t zu nutzen.<\/p>\n\n\n\n<h4 class=\"wp-block-heading has-text-align-center\" id=\"h-wisetranslate-integrated-with-phrase\">WiseTranslate integriert mit Phrase<br><br><\/h4>\n\n\n\n<p class=\"has-text-align-center\" style=\"margin-top:0;margin-bottom:var(--wp--preset--spacing--40)\">WiseTranslate bietet eine optimierte Phrase-Integration \u00fcber API-Token oder OAuth-Authentifizierung. Alle Assets werden innerhalb des kundeneigenen Phrase TMS verwaltet, sodass sich die robusten automatisierten linguistischen Werkzeuge von WiseTranslate nutzen lassen.<br><br><strong><a href=\"https:\/\/wisetranslate.net\/landing\/phrase\">\u27a4 Mehr erfahren\u00a0<\/a><\/strong><\/p>\n\n\n\n<p class=\"has-text-align-center\"><strong>Standorte<\/strong><\/p>\n\n\n\n<p class=\"has-text-align-center\">Seoul<\/p>\n\n\n\n<div style=\"height:19px\" aria-hidden=\"true\" class=\"wp-block-spacer\"><\/div>\n\n\n\n<div class=\"wp-block-buttons is-content-justification-center is-layout-flex wp-container-core-buttons-is-layout-a89b3969 wp-block-buttons-is-layout-flex\">\n<div class=\"wp-block-button\"><a class=\"wp-block-button__link wp-element-button\" href=\"https:\/\/phrase.com\/de\/demo\/\" target=\"_blank\" rel=\"noreferrer noopener\">Sprich uns an<\/a><\/div>\n\n\n\n<div class=\"wp-block-button is-style-black-outline\"><a class=\"wp-block-button__link has-text-align-center wp-element-button\" href=\"https:\/\/wisetranslate.net\/en\/landing\/\" target=\"_blank\" rel=\"noreferrer noopener\">Website besuchen<\/a><\/div>\n<\/div>\n<\/div>\n<\/div>\n\n\n\n<div class=\"wp-block-columns alignwide are-vertically-aligned-center is-style-default is-layout-flex wp-container-core-columns-is-layout-28f84493 wp-block-columns-is-layout-flex\">\n<div class=\"wp-block-column is-vertically-aligned-center is-layout-flow wp-container-core-column-is-layout-6220b9e6 wp-block-column-is-layout-flow\" style=\"flex-basis:100%\">\n<h2 class=\"wp-block-heading has-text-align-center has-extra-large-font-size\" id=\"h-services-offered\"><strong>Angebotene Dienstleistungen<\/strong><\/h2>\n\n\n\n<div style=\"height:10px\" aria-hidden=\"true\" class=\"wp-block-spacer\"><\/div>\n\n\n\n<div class=\"wp-block-group has-global-padding is-content-justification-center is-layout-constrained wp-container-core-group-is-layout-ed578236 wp-block-group-is-layout-constrained\">\n<div class=\"wp-block-group is-vertical is-layout-flex wp-container-core-group-is-layout-d572cf77 wp-block-group-is-layout-flex\">\n<div class=\"wp-block-group is-nowrap is-layout-flex wp-container-core-group-is-layout-6c531013 wp-block-group-is-layout-flex\">\n<ul class=\"wp-block-list\"><\/ul>\n<\/div>\n\n\n\n<div class=\"wp-block-group is-nowrap is-layout-flex wp-container-core-group-is-layout-6c531013 wp-block-group-is-layout-flex\">\n<ul class=\"wp-block-list\">\n<li>Dolmetschdienste<\/li>\n\n\n\n<li>Erkennung des Inhaltstyps<\/li>\n\n\n\n<li>Automatisierte MTPE nach Inhaltstyp<\/li>\n\n\n\n<li>Kontextuelle Terminologieimplementierung aus Termbanken<\/li>\n\n\n\n<li>Anwendung von \u00dcbersetzungsstilen aus \u00dcbereinstimmungen im Translation Memory<\/li>\n\n\n\n<li>Extrahieren von zweisprachigen Begriffen aus Quell- und Zieltexten<\/li>\n\n\n\n<li>Filtern und Beheben inkonsistenter Begriffs\u00fcbersetzungen<\/li>\n\n\n\n<li>Optimierte Pivot-\u00dcbersetzung<\/li>\n\n\n\n<li>Untertitel\u00fcbersetzung unter Beibehaltung nat\u00fcrlicher Gespr\u00e4chsfl\u00fcsse<\/li>\n\n\n\n<li>Automatisierte Arbeitsabl\u00e4ufe, End-to-end<\/li>\n\n\n\n<li>Integration individueller Stilrichtlinien<br> Speicher<\/li>\n\n\n\n<li>API-Token<\/li>\n\n\n\n<li>OAuth-Authentifizierung<br><\/li>\n<\/ul>\n<\/div>\n<\/div>\n<\/div>\n<\/div>\n<\/div>\n\n\n\n<div class=\"wp-block-group alignwide has-yellow-background-color has-background has-global-padding is-layout-constrained wp-block-group-is-layout-constrained\" style=\"margin-top:var(--wp--preset--spacing--56)\">\n<div class=\"wp-block-group is-vertical is-content-justification-center is-layout-flex wp-container-core-group-is-layout-ce155fab wp-block-group-is-layout-flex\">\n<h2 class=\"wp-block-heading has-text-align-center\" id=\"h-discover-more-partners\">Erfahre mehr \u00fcber weitere Partner<\/h2>\n\n\n\n<p class=\"has-text-align-center\">Wir arbeiten mit f\u00fchrenden Technologieunternehmen zusammen, um sicherzustellen, dass dein Team<br>jeden Tag mehr Wert aus Phrase sch\u00f6pft.<\/p>\n<\/div>\n\n\n\n<div class=\"wp-block-buttons is-content-justification-center is-layout-flex wp-container-core-buttons-is-layout-a89b3969 wp-block-buttons-is-layout-flex\">\n<div class=\"wp-block-button\"><a class=\"wp-block-button__link wp-element-button\" href=\"https:\/\/phrase.com\/de\/partners\/\" target=\"_blank\" rel=\"noreferrer noopener\">Phrase-Partnerprogramm<\/a><\/div>\n\n\n\n<div class=\"wp-block-button is-style-black-outline\"><a class=\"wp-block-button__link wp-element-button\" href=\"https:\/\/phrase.com\/de\/partners-inquiries\/\" target=\"_blank\" rel=\"noreferrer noopener\">Partner-Empfehlung<\/a><\/div>\n<\/div>\n<\/div>\n\n","protected":false},"excerpt":{"rendered":"<p>PHRASE PARTNER Einfach clever \u00fcbersetzen. wisetranslate.net WiseST Global Inc. nimmt eine herausragende Stellung auf dem internationalen \u00dcbersetzungsmarkt ein und bietet seinen Kunden transparente, benutzerfreundliche und kosteng\u00fcnstige Dienstleistungen und L\u00f6sungen f\u00fcr ihren \u00dcbersetzungsbedarf. Ganz gleich, ob es sich um Dokumente, Webinhalte oder Videountertitel handelt, hochwertige \u00dcbersetzungen werden mit bemerkenswerter Effizienz geliefert. WiseTranslate, eine Marke von WiseST [&hellip;]<\/p>\n","protected":false},"author":77,"featured_media":0,"parent":56573,"menu_order":1,"comment_status":"closed","ping_status":"closed","template":"page-refresh","meta":{"_acf_changed":false,"_stopmodifiedupdate":false,"_modified_date":"","_searchwp_excluded":"","episode_type":"","audio_file":"","podmotor_file_id":"","podmotor_episode_id":"","cover_image":"","cover_image_id":"","duration":"","filesize":"","filesize_raw":"","date_recorded":"","explicit":"","block":"","itunes_episode_number":"","itunes_title":"","itunes_season_number":"","itunes_episode_type":"","footnotes":""},"class_list":["post-117250","page","type-page","status-publish","hentry"],"acf":[],"_links":{"self":[{"href":"https:\/\/phrase.com\/de\/wp-json\/wp\/v2\/pages\/117250","targetHints":{"allow":["GET"]}}],"collection":[{"href":"https:\/\/phrase.com\/de\/wp-json\/wp\/v2\/pages"}],"about":[{"href":"https:\/\/phrase.com\/de\/wp-json\/wp\/v2\/types\/page"}],"author":[{"embeddable":true,"href":"https:\/\/phrase.com\/de\/wp-json\/wp\/v2\/users\/77"}],"replies":[{"embeddable":true,"href":"https:\/\/phrase.com\/de\/wp-json\/wp\/v2\/comments?post=117250"}],"version-history":[{"count":3,"href":"https:\/\/phrase.com\/de\/wp-json\/wp\/v2\/pages\/117250\/revisions"}],"predecessor-version":[{"id":122644,"href":"https:\/\/phrase.com\/de\/wp-json\/wp\/v2\/pages\/117250\/revisions\/122644"}],"up":[{"embeddable":true,"href":"https:\/\/phrase.com\/de\/wp-json\/wp\/v2\/pages\/56573"}],"wp:attachment":[{"href":"https:\/\/phrase.com\/de\/wp-json\/wp\/v2\/media?parent=117250"}],"curies":[{"name":"wp","href":"https:\/\/api.w.org\/{rel}","templated":true}]}}