{"id":117299,"date":"2025-05-12T07:17:47","date_gmt":"2025-05-12T05:17:47","guid":{"rendered":"https:\/\/phrase.com\/ec-innovations\/"},"modified":"2025-10-06T10:21:02","modified_gmt":"2025-10-06T08:21:02","slug":"ec-innovations","status":"publish","type":"page","link":"https:\/\/phrase.com\/de\/partners\/ec-innovations\/","title":{"rendered":"EC Innovations"},"content":{"rendered":"\n<div class=\"wp-block-group alignfull is-style-copy has-transparent-background-color has-background has-global-padding is-content-justification-center is-layout-constrained wp-block-group-is-layout-constrained\" style=\"padding-top:var(--wp--preset--spacing--45);padding-bottom:var(--wp--preset--spacing--45)\">\n<div class=\"wp-block-group alignwide has-global-padding is-content-justification-center is-layout-constrained wp-container-core-group-is-layout-cefc1864 wp-block-group-is-layout-constrained\" style=\"padding-left:var(--wp--preset--spacing--56)\">\n<p class=\"has-text-align-center has-blue-color has-text-color has-link-color wp-elements-fc4e1ddc0d74cbc314743c9090e21a46\">PHRASE PARTNER<\/p>\n\n\n\n<figure class=\"wp-block-image aligncenter size-full is-resized is-style-not-rounded\"><img loading=\"lazy\" decoding=\"async\" width=\"1328\" height=\"136\" src=\"https:\/\/phrase.com\/wp-content\/uploads\/2025\/05\/ec-innovations.png\" alt=\"EC Innovations Logo\" class=\"wp-image-105254\" style=\"width:327px;height:auto\" srcset=\"https:\/\/phrase.com\/wp-content\/uploads\/2025\/05\/ec-innovations.png 1328w, https:\/\/phrase.com\/wp-content\/uploads\/2025\/05\/ec-innovations-300x31.png 300w, https:\/\/phrase.com\/wp-content\/uploads\/2025\/05\/ec-innovations-1024x105.png 1024w, https:\/\/phrase.com\/wp-content\/uploads\/2025\/05\/ec-innovations-768x79.png 768w\" sizes=\"auto, (max-width: 1328px) 100vw, 1328px\" \/><\/figure>\n\n\n\n<h3 class=\"wp-block-heading has-text-align-center has-medium-font-size\" id=\"h-unlock-new-worlds\" style=\"margin-bottom:var(--wp--preset--spacing--8);font-style:normal;font-weight:400\">Neue Welten er\u00f6ffnen<\/h3>\n\n\n\n<p class=\"has-text-align-center\"><a href=\"https:\/\/www.ecinnovations.com\/\" target=\"_blank\" rel=\"noreferrer noopener\">ecinnovations.com<\/a><\/p>\n\n\n\n<div style=\"height:60px\" aria-hidden=\"true\" class=\"wp-block-spacer\"><\/div>\n\n\n\n<p class=\"has-text-align-center\" style=\"margin-top:0;margin-bottom:var(--wp--preset--spacing--40)\">EC Innovations bietet ma\u00dfgeschneiderte Lokalisierung in gro\u00dfem Ma\u00dfstab. Unsere Teams aus Technologen, Linguisten und Fachexperten arbeiten zusammen, um authentische lokalisierte Versionen deines Contents zu liefern. So k\u00f6nnen deine Kunden an verschiedenen geografischen Standorten das gleiche hochwertige Erlebnis genie\u00dfen \u2013 egal wo sie sich gerade befinden.\u00a0\u00a0<\/p>\n\n\n\n<p class=\"has-text-align-center\">Wir sind f\u00f6rmlich besessen von den Nuancen von Sprache und Bedeutung, der Leistungsf\u00e4higkeit der \u00dcbersetzungstechnologie und der Genauigkeit der Terminologie in allen wichtigen Branchen, die wir bedienen. Angefangen haben wir als Zulieferer f\u00fcr andere \u00dcbersetzungsunternehmen \u2013 und vermutlich ist es dieser reichhaltige Erfahrungsschatz, der uns heute zu einem der am schnellsten wachsenden mehrsprachigen Sprachdienstleister der Welt gemacht hat.\u00a0<br><br>EC Innovations verf\u00fcgt \u00fcber 14 strategische Niederlassungen rund um den Globus sowie \u00fcber regionale Hauptsitze in einer Zeitzone in deiner N\u00e4he (USA, Frankreich, China, Singapur). Mehr als 650 Vollzeitmitarbeiter sind damit besch\u00e4ftigt, Lokalisierungs-Support in mehr als 140 Sprachen in 260 L\u00e4ndern zu leisten. Wir w\u00fcrden uns freuen, auch bei deinem Projekt zu helfen.<\/p>\n\n\n\n<p class=\"has-text-align-center\"><strong>Standorte<br><\/strong><br>USA (Wilmington)<br>Singapur<br>Frankreich (Paris)<br>Vereinigtes K\u00f6nigreich (London)<br>D\u00e4nemark (Kopenhagen)<br>Japan (Tokio)<br>China (Beijing, Chengdu, Shenyang, Shanghai, Chongqing, Hongkong)<\/p>\n\n\n\n<div style=\"height:19px\" aria-hidden=\"true\" class=\"wp-block-spacer\"><\/div>\n\n\n\n<div class=\"wp-block-buttons is-content-justification-center is-layout-flex wp-container-core-buttons-is-layout-a89b3969 wp-block-buttons-is-layout-flex\">\n<div class=\"wp-block-button\"><a class=\"wp-block-button__link wp-element-button\" href=\"https:\/\/phrase.com\/de\/demo\/\" target=\"_blank\" rel=\"noreferrer noopener\">Sprich uns an<\/a><\/div>\n\n\n\n<div class=\"wp-block-button is-style-black-outline\"><a class=\"wp-block-button__link has-text-align-center wp-element-button\" href=\"https:\/\/www.ecinnovations.com\/\" target=\"_blank\" rel=\"noreferrer noopener\">Website besuchen<\/a><\/div>\n<\/div>\n<\/div>\n<\/div>\n\n\n\n<div class=\"wp-block-columns alignwide are-vertically-aligned-center is-style-default is-layout-flex wp-container-core-columns-is-layout-28f84493 wp-block-columns-is-layout-flex\">\n<div class=\"wp-block-column is-vertically-aligned-center is-layout-flow wp-container-core-column-is-layout-6220b9e6 wp-block-column-is-layout-flow\" style=\"flex-basis:100%\">\n<h2 class=\"wp-block-heading has-text-align-center has-extra-large-font-size\" id=\"h-services-offered\"><strong>Angebotene Dienstleistungen<\/strong><\/h2>\n\n\n\n<div style=\"height:10px\" aria-hidden=\"true\" class=\"wp-block-spacer\"><\/div>\n\n\n\n<div class=\"wp-block-group is-content-justification-center is-nowrap is-layout-flex wp-container-core-group-is-layout-f52be266 wp-block-group-is-layout-flex\">\n<div class=\"wp-block-group is-vertical is-layout-flex wp-container-core-group-is-layout-9f8eab21 wp-block-group-is-layout-flex\">\n<ul class=\"wp-block-list\">\n<li><a href=\"https:\/\/www.ecinnovations.com\/services\/translation\/\" target=\"_blank\" rel=\"noreferrer noopener\">\u00dcbersetzung<br><\/a><\/li>\n\n\n\n<li><a href=\"https:\/\/www.ecinnovations.com\/services\/localization\/\" target=\"_blank\" rel=\"noreferrer noopener\">Lokalisierung<br><\/a><\/li>\n\n\n\n<li><a href=\"https:\/\/www.ecinnovations.com\/services\/multimedia\/\" target=\"_blank\" rel=\"noreferrer noopener\">Multimedia<\/a><\/li>\n<\/ul>\n<\/div>\n\n\n\n<div class=\"wp-block-group is-vertical is-layout-flex wp-container-core-group-is-layout-9f8eab21 wp-block-group-is-layout-flex\">\n<ul class=\"wp-block-list\">\n<li><a href=\"https:\/\/www.ecinnovations.com\/services\/games-service\/\">Gaming<\/a><br><\/li>\n\n\n\n<li><a href=\"https:\/\/www.ecinnovations.com\/services\/ip-patent\/\">IP und Patente<\/a><br><\/li>\n\n\n\n<li><a href=\"https:\/\/www.ecinnovations.com\/services\/interpretation\/\">Dolmetschdienste<\/a><\/li>\n<\/ul>\n<\/div>\n\n\n\n<div class=\"wp-block-group is-vertical is-layout-flex wp-container-core-group-is-layout-9f8eab21 wp-block-group-is-layout-flex\">\n<ul class=\"wp-block-list\">\n<li><a href=\"https:\/\/www.ecinnovations.com\/services\/machine-translation\/\">Maschinelle \u00dcbersetzung<\/a><br><\/li>\n\n\n\n<li><a href=\"https:\/\/www.ecinnovations.com\/services\/ai-data-services\/\">KI-Datenservices<\/a><br><\/li>\n<\/ul>\n<\/div>\n<\/div>\n<\/div>\n<\/div>\n\n\n\n<div class=\"wp-block-columns alignwide are-vertically-aligned-center is-style-default is-layout-flex wp-container-core-columns-is-layout-28f84493 wp-block-columns-is-layout-flex\">\n<div class=\"wp-block-column is-vertically-aligned-center is-layout-flow wp-container-core-column-is-layout-6220b9e6 wp-block-column-is-layout-flow\" style=\"flex-basis:100%\">\n<h2 class=\"wp-block-heading has-text-align-center has-extra-large-font-size\" id=\"h-credentials\"><strong><strong>Referenzen<\/strong><\/strong><\/h2>\n\n\n\n<div style=\"height:10px\" aria-hidden=\"true\" class=\"wp-block-spacer\"><\/div>\n\n\n\n<div class=\"wp-block-group is-content-justification-center is-nowrap is-layout-flex wp-container-core-group-is-layout-f52be266 wp-block-group-is-layout-flex\">\n<div class=\"wp-block-group is-vertical is-layout-flex wp-container-core-group-is-layout-9f8eab21 wp-block-group-is-layout-flex\">\n<ul class=\"wp-block-list\">\n<li>ISO 9001:2015 (Qualit\u00e4tsmanagementsystem)<br><\/li>\n\n\n\n<li>ISO 17100:2015 (Dienstleister f\u00fcr \u00dcbersetzungsdienste)<br><\/li>\n\n\n\n<li>ISO 13485:2016 (Medizinprodukte)<\/li>\n<\/ul>\n<\/div>\n\n\n\n<div class=\"wp-block-group is-vertical is-layout-flex wp-container-core-group-is-layout-9f8eab21 wp-block-group-is-layout-flex\">\n<ul class=\"wp-block-list\">\n<li>ISO 27001:2022 (Informationssicherheit)<br><\/li>\n\n\n\n<li>ISO 18587:2017 (Maschinelle Nachbearbeitung von \u00dcbersetzungen)<br><\/li>\n\n\n\n<li>ISO 14001:2015 (Umweltmanagementsystem)<\/li>\n<\/ul>\n<\/div>\n<\/div>\n<\/div>\n<\/div>\n\n\n\n<div class=\"wp-block-group alignwide has-blue-10-background-color has-background has-global-padding is-content-justification-left is-layout-constrained wp-container-core-group-is-layout-12dd3699 wp-block-group-is-layout-constrained\"><div class=\"glide wp-block-phrase-com-testimonials\"><div class=\"glide__track\" data-glide-el=\"track\"><div class=\"glide__slides\"><\/div><\/div><\/div><\/div>\n\n\n\n<div class=\"wp-block-group alignwide has-yellow-background-color has-background has-global-padding is-layout-constrained wp-block-group-is-layout-constrained\" style=\"margin-top:var(--wp--preset--spacing--56)\">\n<div class=\"wp-block-group is-vertical is-content-justification-center is-layout-flex wp-container-core-group-is-layout-ce155fab wp-block-group-is-layout-flex\">\n<h2 class=\"wp-block-heading has-text-align-center\" id=\"h-discover-more-partners\">Erfahre mehr \u00fcber weitere Partner<\/h2>\n\n\n\n<p class=\"has-text-align-center\">Wir arbeiten mit f\u00fchrenden Technologieunternehmen zusammen, um sicherzustellen, dass dein Team<br>jeden Tag mehr Wert aus Phrase sch\u00f6pft.<\/p>\n<\/div>\n\n\n\n<div class=\"wp-block-buttons is-content-justification-center is-layout-flex wp-container-core-buttons-is-layout-a89b3969 wp-block-buttons-is-layout-flex\">\n<div class=\"wp-block-button\"><a class=\"wp-block-button__link wp-element-button\" href=\"https:\/\/phrase.com\/de\/partners\/\" target=\"_blank\" rel=\"noreferrer noopener\">Phrase-Partnerprogramm<\/a><\/div>\n\n\n\n<div class=\"wp-block-button is-style-black-outline\"><a class=\"wp-block-button__link wp-element-button\" href=\"https:\/\/phrase.com\/de\/partners-inquiries\/\" target=\"_blank\" rel=\"noreferrer noopener\">Partner-Empfehlung<\/a><\/div>\n<\/div>\n<\/div>\n\n","protected":false},"excerpt":{"rendered":"<p>PHRASE PARTNER Neue Welten er\u00f6ffnen ecinnovations.com EC Innovations bietet ma\u00dfgeschneiderte Lokalisierung in gro\u00dfem Ma\u00dfstab. Unsere Teams aus Technologen, Linguisten und Fachexperten arbeiten zusammen, um authentische lokalisierte Versionen deines Contents zu liefern. So k\u00f6nnen deine Kunden an verschiedenen geografischen Standorten das gleiche hochwertige Erlebnis genie\u00dfen \u2013 egal wo sie sich gerade befinden.\u00a0\u00a0 Wir sind f\u00f6rmlich besessen [&hellip;]<\/p>\n","protected":false},"author":77,"featured_media":0,"parent":56573,"menu_order":1,"comment_status":"closed","ping_status":"closed","template":"page-refresh","meta":{"_acf_changed":false,"_stopmodifiedupdate":false,"_modified_date":"","_searchwp_excluded":"","episode_type":"","audio_file":"","podmotor_file_id":"","podmotor_episode_id":"","cover_image":"","cover_image_id":"","duration":"","filesize":"","filesize_raw":"","date_recorded":"","explicit":"","block":"","itunes_episode_number":"","itunes_title":"","itunes_season_number":"","itunes_episode_type":"","footnotes":""},"class_list":["post-117299","page","type-page","status-publish","hentry"],"acf":[],"_links":{"self":[{"href":"https:\/\/phrase.com\/de\/wp-json\/wp\/v2\/pages\/117299","targetHints":{"allow":["GET"]}}],"collection":[{"href":"https:\/\/phrase.com\/de\/wp-json\/wp\/v2\/pages"}],"about":[{"href":"https:\/\/phrase.com\/de\/wp-json\/wp\/v2\/types\/page"}],"author":[{"embeddable":true,"href":"https:\/\/phrase.com\/de\/wp-json\/wp\/v2\/users\/77"}],"replies":[{"embeddable":true,"href":"https:\/\/phrase.com\/de\/wp-json\/wp\/v2\/comments?post=117299"}],"version-history":[{"count":3,"href":"https:\/\/phrase.com\/de\/wp-json\/wp\/v2\/pages\/117299\/revisions"}],"predecessor-version":[{"id":121346,"href":"https:\/\/phrase.com\/de\/wp-json\/wp\/v2\/pages\/117299\/revisions\/121346"}],"up":[{"embeddable":true,"href":"https:\/\/phrase.com\/de\/wp-json\/wp\/v2\/pages\/56573"}],"wp:attachment":[{"href":"https:\/\/phrase.com\/de\/wp-json\/wp\/v2\/media?parent=117299"}],"curies":[{"name":"wp","href":"https:\/\/api.w.org\/{rel}","templated":true}]}}