{"id":118808,"date":"2025-01-30T12:32:00","date_gmt":"2025-01-30T11:32:00","guid":{"rendered":"https:\/\/phrase.com\/sprache-inspiriert\/"},"modified":"2025-10-07T22:39:07","modified_gmt":"2025-10-07T20:39:07","slug":"language-inspired","status":"publish","type":"page","link":"https:\/\/phrase.com\/de\/partners\/language-inspired\/","title":{"rendered":"Language Inspired"},"content":{"rendered":"\n<div class=\"wp-block-group alignfull is-style-copy has-transparent-background-color has-background has-global-padding is-content-justification-center is-layout-constrained wp-block-group-is-layout-constrained\" style=\"padding-top:var(--wp--preset--spacing--45);padding-bottom:var(--wp--preset--spacing--45)\">\n<div class=\"wp-block-group alignwide has-global-padding is-content-justification-center is-layout-constrained wp-container-core-group-is-layout-cefc1864 wp-block-group-is-layout-constrained\" style=\"padding-left:var(--wp--preset--spacing--56)\">\n<p class=\"has-text-align-center has-blue-color has-text-color has-link-color wp-elements-fc4e1ddc0d74cbc314743c9090e21a46\">PHRASE PARTNER<\/p>\n\n\n\n<figure class=\"wp-block-image aligncenter size-full is-resized is-style-not-rounded\"><img loading=\"lazy\" decoding=\"async\" width=\"1000\" height=\"371\" src=\"https:\/\/phrase.com\/wp-content\/uploads\/2025\/09\/language-inspired-logo-horizontal.png\" alt=\"\" class=\"wp-image-116438\" style=\"width:280px;height:auto\" srcset=\"https:\/\/phrase.com\/wp-content\/uploads\/2025\/09\/language-inspired-logo-horizontal.png 1000w, https:\/\/phrase.com\/wp-content\/uploads\/2025\/09\/language-inspired-logo-horizontal-300x111.png 300w, https:\/\/phrase.com\/wp-content\/uploads\/2025\/09\/language-inspired-logo-horizontal-768x285.png 768w\" sizes=\"auto, (max-width: 1000px) 100vw, 1000px\" \/><\/figure>\n\n\n\n<div style=\"height:20px\" aria-hidden=\"true\" class=\"wp-block-spacer\"><\/div>\n\n\n\n<h3 class=\"wp-block-heading has-text-align-center has-medium-font-size\" id=\"h-strategic-localization-that-evolves-with-your-phrase-platform-maximizing-roi-from-day-one-through-every-feature-update\" style=\"margin-bottom:var(--wp--preset--spacing--8);font-style:normal;font-weight:400\"><strong>Strategische Lokalisierung, die sich mit der Phrase Platform weiterentwickelt \u2013 maximale Rendite ab Tag eins durch jedes Funktionsupdate<\/strong><\/h3>\n\n\n\n<p class=\"has-text-align-center\"><a href=\"https:\/\/www.languageinspired.com\/en\" target=\"_blank\" rel=\"noreferrer noopener\">languageinspired.com<\/a><\/p>\n\n\n\n<div style=\"height:60px\" aria-hidden=\"true\" class=\"wp-block-spacer\"><\/div>\n\n\n\n<p class=\"has-text-align-center\" style=\"margin-top:0;margin-bottom:var(--wp--preset--spacing--40)\"><strong><br><\/strong>Language Inspired hat sich auf die Maximierung des Lokalisierungs-ROI f\u00fcr Unternehmen spezialisiert, die Phrase einf\u00fchren und skalieren. Seit 2009 haben wir ein umfassendes Fachwissen aufgebaut, das \u00fcber einfache \u00dcbersetzungsdienstleistungen hinausgeht \u2013 wir sind strategische Partner, die Unternehmen dabei helfen, ihre Investitionen in Phrase in messbares Gesch\u00e4ftswachstum umzuwandeln. <br><br>Unser Ansatz geht auf die wirklichen Herausforderungen ein, mit denen Unternehmen bei der Implementierung von \u00dcbersetzungsmanagementsystemen konfrontiert werden: nahtlose Integration in bestehende Arbeitsabl\u00e4ufe, kontinuierliche Optimierung im Zuge der Weiterentwicklung der Plattformfunktionen und Sicherstellung, dass Ihr Team die neuen Tools tats\u00e4chlich annimmt und erfolgreich damit arbeitet. Wir arbeiten eingebettet in die Phrase-Umgebung und bieten praktische Unterst\u00fctzung bei der Einf\u00fchrung der Plattform, bei der Einf\u00fchrung von Funktionen und in Skalierungsphasen. Unsere KI-gest\u00fctzten Workflows, die 2024 eingef\u00fchrt werden, erg\u00e4nzen die Automatisierungsfunktionen von Phrase, w\u00e4hrend unsere menschlichen Experten die Inhalte verfeinern und so sicherstellen, dass sie von den Nutzern in neuen M\u00e4rkten angenommen werden. <br><br>Was uns von anderen abhebt, ist unser strategisches Partnerschaftsmodell. Wir messen den Erfolg an den Gesch\u00e4ftsergebnissen unserer Kunden \u2013 an der Kundenbindung, der Marktdurchdringung und den Auswirkungen auf den Umsatz \u2013 und nicht nur an der \u00dcbersetzungsgeschwindigkeit. Mit Teams auf f\u00fcnf Kontinenten, die mehr als 250 Sprachen unterst\u00fctzen, skalieren wir mit dem Wachstum unserer Kunden, ohne zu einem Engpass zu werden. Ganz gleich, ob Phrase gerade erst implementiert oder eine bestehende Einrichtung optimiert werden soll: Wir sorgen daf\u00fcr, dass ein Lokalisierungsprogramm den Wettbewerbsvorteil bringt, den ein Unternehmen braucht.<br><\/p>\n\n\n\n<p class=\"has-text-align-center\"><strong>Standorte<\/strong><\/p>\n\n\n\n<p class=\"has-text-align-center\">Globale Dienstleistungen mit B\u00fcros in:<br><br>Lettland<br>Vereinigtes K\u00f6nigreich<br>USA<br>Bulgarien<br>Spanien<br>Ungarn<br>Madagaskar<br>Rum\u00e4nien<br>Italien<br><br><strong>F\u00fcr Kunden in der EMEA-Region, Nordamerika und im asiatisch-pazifischen Raum<\/strong><\/p>\n\n\n\n<div style=\"height:19px\" aria-hidden=\"true\" class=\"wp-block-spacer\"><\/div>\n\n\n\n<div class=\"wp-block-buttons is-content-justification-center is-layout-flex wp-container-core-buttons-is-layout-a89b3969 wp-block-buttons-is-layout-flex\">\n<div class=\"wp-block-button\"><a class=\"wp-block-button__link wp-element-button\" href=\"https:\/\/phrase.com\/de\/demo\/\" target=\"_blank\" rel=\"noreferrer noopener\">Sprich uns an<\/a><\/div>\n\n\n\n<div class=\"wp-block-button is-style-black-outline\"><a class=\"wp-block-button__link has-text-align-center wp-element-button\" href=\"https:\/\/www.languageinspired.com\/en\" target=\"_blank\" rel=\"noreferrer noopener\">Website besuchen<\/a><\/div>\n<\/div>\n<\/div>\n<\/div>\n\n\n\n<div class=\"wp-block-columns is-style-default is-layout-flex wp-container-core-columns-is-layout-28f84493 wp-block-columns-is-layout-flex\">\n<div class=\"wp-block-column is-layout-flow wp-container-core-column-is-layout-6220b9e6 wp-block-column-is-layout-flow\" style=\"flex-basis:100%\">\n<h2 class=\"wp-block-heading has-text-align-center has-extra-large-font-size\" id=\"h-services-offered\"><strong>Angebotene Dienstleistungen<\/strong><\/h2>\n\n\n\n<div style=\"height:10px\" aria-hidden=\"true\" class=\"wp-block-spacer\"><\/div>\n\n\n\n<div class=\"wp-block-group is-nowrap is-layout-flex wp-container-core-group-is-layout-4bf07923 wp-block-group-is-layout-flex\">\n<div class=\"wp-block-group is-vertical is-layout-flex wp-container-core-group-is-layout-9f8eab21 wp-block-group-is-layout-flex\">\n<ul class=\"wp-block-list\">\n<li><strong>Strategische Lokalisierung und KI-gest\u00fctzte \u00dcbersetzung in \u00fcber 250 Sprachen<\/strong> in wichtigen Wachstumsbranchen wie Technologie &amp; SaaS, Fintech &amp; Finanzdienstleistungen, Gesundheitswesen &amp; Life Sciences, E-Commerce &amp; Einzelhandel, Energie &amp; Versorger sowie Cybersecurity-Unternehmen.<br><\/li>\n\n\n\n<li><strong>Fortgeschrittene maschinelle \u00dcbersetzung (MT)<\/strong>: anpassbare <strong>KI-MT-Engines<\/strong> \u2013 einschlie\u00dflich DeepL, ModernMT, Google, Amazon Translate, Tilde MT, Widn.AI und mehr \u2013 direkt \u00fcber die Phrase Platform f\u00fcr maximale Flexibilit\u00e4t und Qualit\u00e4t.<br><\/li>\n\n\n\n<li><strong>Phrase Platform Integration &amp; Optimierung<\/strong> \u2013 umfassende Einarbeitung, Workflow-Optimierung, Beratung bei der Teamakzeptanz und kontinuierliche Anpassung von Funktionen.<br><\/li>\n\n\n\n<li><strong>KI-gest\u00fctzte Lokalisierungs-Workflows<\/strong> \u2013 eingef\u00fchrt 2024, kombiniert intelligente Automatisierung mit menschlicher Expertise f\u00fcr optimale Qualit\u00e4t und kulturelle Genauigkeit.<br><\/li>\n\n\n\n<li><strong>Kreative \u00dcbersetzung &amp; Transkreation<\/strong> \u2013 Anpassung der Markenstimme, Texterstellung, Inhaltsbearbeitung und kulturelle Marktanpassung.<br><\/li>\n\n\n\n<li><strong>Qualit\u00e4tssicherung &amp; Pr\u00fcfung<\/strong> \u2013 sprachliche Pr\u00fcfung, zweisprachige \u00dcberarbeitung, einsprachiges Korrekturlesen, Terminologieverwaltung und Erstellung von Styleguides.<br><\/li>\n\n\n\n<li><strong>Multimedia-Lokalisierung<\/strong> \u2013 Voiceover, Dolmetschen, Transkription und Anpassung audiovisueller Inhalte.<br><\/li>\n\n\n\n<li><strong>Strategische Partnerschaftsdienstleistungen<\/strong> \u2013 ROI-Messung, Berichterstattung \u00fcber Gesch\u00e4ftsauswirkungen, Markteintrittsstrategie und dediziertes Kundenmanagement.<br><\/li>\n\n\n\n<li><strong>Multiplattform-Technologie-Integration<\/strong> \u2013 nahtlose Workflow-Integration mit Phrase<\/li>\n<\/ul>\n<\/div>\n<\/div>\n<\/div>\n<\/div>\n\n\n\n<div class=\"wp-block-columns alignwide are-vertically-aligned-center is-style-default is-layout-flex wp-container-core-columns-is-layout-28f84493 wp-block-columns-is-layout-flex\">\n<div class=\"wp-block-column is-vertically-aligned-center is-layout-flow wp-container-core-column-is-layout-6220b9e6 wp-block-column-is-layout-flow\" style=\"flex-basis:100%\">\n<h2 class=\"wp-block-heading has-text-align-center has-extra-large-font-size\" id=\"h-credentials\"><strong><strong>Referenzen<\/strong><\/strong><\/h2>\n\n\n\n<div style=\"height:10px\" aria-hidden=\"true\" class=\"wp-block-spacer\"><\/div>\n\n\n\n<div class=\"wp-block-group is-content-justification-center is-nowrap is-layout-flex wp-container-core-group-is-layout-f52be266 wp-block-group-is-layout-flex\">\n<div class=\"wp-block-group is-vertical is-layout-flex wp-container-core-group-is-layout-9f8eab21 wp-block-group-is-layout-flex\">\n<ul class=\"wp-block-list\">\n<li><strong>Gegr\u00fcndet im Jahr 2009<\/strong> mit \u00fcber 15 Jahren Spezialisierung auf Technologie und SaaS-Lokalisierung<br><\/li>\n\n\n\n<li><strong>ISO 17100:2015<\/strong> Anforderungen an \u00dcbersetzungsdienstleistungen und <strong>ISO 18587:2017<\/strong> Zertifizierungen im Post-Editing von KI und maschineller \u00dcbersetzung<br><\/li>\n\n\n\n<li><strong>Enterprise-Sicherheit &amp; DSGVO-Compliance<\/strong> \u2013 damit der Datenschutz und die Einhaltung aller Vorschriften gew\u00e4hrleistet sind<\/li>\n<\/ul>\n<\/div>\n\n\n\n<div class=\"wp-block-group is-vertical is-layout-flex wp-container-core-group-is-layout-9f8eab21 wp-block-group-is-layout-flex\">\n<ul class=\"wp-block-list\">\n<li><strong>\u00dcber 250 unterst\u00fctzte Sprachen<\/strong> \u2013 mit muttersprachlichen Linguistenteams und kulturellen Experten auf f\u00fcnf Kontinenten<br><\/li>\n\n\n\n<li><strong>Lebenslange Qualit\u00e4tsgarantie<\/strong> \u2013 unterst\u00fctzt durch strenge Qualit\u00e4tssicherungsprozesse und kontinuierliche Verbesserungsprotokolle<br><\/li>\n\n\n\n<li><strong>Strategisches Partnerschaftsmodell<\/strong> \u2013 misst den Erfolg anhand der Gesch\u00e4ftsergebnisse der Kunden: Benutzerengagement, Marktdurchdringung und Auswirkung auf den Umsatz<\/li>\n<\/ul>\n<\/div>\n<\/div>\n<\/div>\n<\/div>\n\n\n\n<div class=\"wp-block-group alignwide has-blue-10-background-color has-background has-background-images has-global-padding is-content-justification-left is-layout-constrained wp-container-core-group-is-layout-12dd3699 wp-block-group-is-layout-constrained\" style=\"background-image:url(https:\/\/phrase.com\/wp-content\/uploads\/2024\/06\/Untitled-design-6.jpg.webp);background-position:0% 0%;background-attachment:scroll;background-repeat:no-repeat;background-size:cover\"><div class=\"glide wp-block-phrase-com-testimonials\"><div class=\"glide__track\" data-glide-el=\"track\"><div class=\"glide__slides\">\t<div class=\"wp-block-phrase-com-testimonial glide__slide\">\n\t\t<div class=\"wp-block-phrase-com-testimonial__text \">\n\t\t\t<span style=\"font-weight: 400\">Unsere Kunden haben sich f\u00fcr uns entschieden, weil wir ihre technische Architektur und ihre Wachstumszw\u00e4nge verstehen. Die Phrase-Plattform bietet uns die Infrastruktur, um uns direkt in ihre Entwicklungsabl\u00e4ufe zu integrieren, w\u00e4hrend unsere spezialisierten Teams daf\u00fcr sorgen, dass ihre Produkterfahrung in allen Kulturen authentisch umgesetzt wird. Diese Partnerschaft bedeutet, dass unsere SaaS-Kunden neue M\u00e4rkte mit der gleichen Geschwindigkeit erschlie\u00dfen k\u00f6nnen, die sie von ihren Entwicklungsteams erwarten \u2013 schnell, zuverl\u00e4ssig und mit messbarem Einfluss auf die User-Akzeptanz und den Umsatz. Wir \u00fcbersetzen nicht nur Worte \u2013 wir lokalisieren Gesch\u00e4ftswachstum.<\/span>\t\t<\/div>\n\t\t<div class=\"wp-block-phrase-com-testimonial__author\">\n\t\t\t\n\t\t\t<div class=\"wp-block-phrase-com-testimonial__author-info\">\n\t\t\t\t<img loading=\"lazy\" decoding=\"async\" width=\"300\" height=\"111\" src=\"https:\/\/phrase.com\/wp-content\/uploads\/2025\/09\/language-inspired-logo-horizontal.png\" class=\"wp-block-phrase-com-testimonial__author-company-logo\" alt=\"Logo of Language Inspired (Sprachpartner)\" srcset=\"https:\/\/phrase.com\/wp-content\/uploads\/2025\/09\/language-inspired-logo-horizontal.png 1000w, https:\/\/phrase.com\/wp-content\/uploads\/2025\/09\/language-inspired-logo-horizontal-300x111.png 300w, https:\/\/phrase.com\/wp-content\/uploads\/2025\/09\/language-inspired-logo-horizontal-768x285.png 768w\" sizes=\"auto, (max-width: 300px) 100vw, 300px\" \/>\n\t\t\t\t<p class=\"wp-block-phrase-com-testimonial__author-name\">\n\t\t\t\t\tKristaps Lapins\t\t\t\t<\/p>\n\n\t\t\t\t<p class=\"wp-block-phrase-com-testimonial__author-title\">\n\t\t\t\t\tCEO\t\t\t\t<\/p>\n\t\t\t<\/div>\n\t\t<\/div>\n\t<\/div>\n\t<\/div><\/div><\/div><\/div>\n\n\n\n<div class=\"wp-block-group alignwide has-yellow-background-color has-background has-global-padding is-layout-constrained wp-block-group-is-layout-constrained\" style=\"margin-top:var(--wp--preset--spacing--56)\">\n<div class=\"wp-block-group is-vertical is-content-justification-center is-layout-flex wp-container-core-group-is-layout-ce155fab wp-block-group-is-layout-flex\">\n<h2 class=\"wp-block-heading has-text-align-center\" id=\"h-discover-more-partners\">Erfahre mehr \u00fcber weitere Partner<\/h2>\n\n\n\n<p class=\"has-text-align-center\">Wir arbeiten mit f\u00fchrenden Technologieunternehmen zusammen, um sicherzustellen, dass dein Team<br>jeden Tag mehr Wert aus Phrase sch\u00f6pft.<\/p>\n<\/div>\n\n\n\n<div class=\"wp-block-buttons is-content-justification-center is-layout-flex wp-container-core-buttons-is-layout-a89b3969 wp-block-buttons-is-layout-flex\">\n<div class=\"wp-block-button\"><a class=\"wp-block-button__link wp-element-button\" href=\"https:\/\/phrase.com\/de\/partners\/\" target=\"_blank\" rel=\"noreferrer noopener\">Phrase-Partnerprogramm<\/a><\/div>\n\n\n\n<div class=\"wp-block-button is-style-black-outline\"><a class=\"wp-block-button__link wp-element-button\" href=\"https:\/\/phrase.com\/de\/partners-inquiries\/\" target=\"_blank\" rel=\"noreferrer noopener\">Partner-Empfehlung<\/a><\/div>\n<\/div>\n<\/div>\n\n","protected":false},"excerpt":{"rendered":"<p>PHRASE PARTNER Strategische Lokalisierung, die sich mit der Phrase Platform weiterentwickelt \u2013 maximale Rendite ab Tag eins durch jedes Funktionsupdate languageinspired.com Language Inspired hat sich auf die Maximierung des Lokalisierungs-ROI f\u00fcr Unternehmen spezialisiert, die Phrase einf\u00fchren und skalieren. Seit 2009 haben wir ein umfassendes Fachwissen aufgebaut, das \u00fcber einfache \u00dcbersetzungsdienstleistungen hinausgeht \u2013 wir sind strategische [&hellip;]<\/p>\n","protected":false},"author":77,"featured_media":7474,"parent":56573,"menu_order":1,"comment_status":"closed","ping_status":"closed","template":"page-refresh","meta":{"_acf_changed":false,"_stopmodifiedupdate":false,"_modified_date":"","_searchwp_excluded":"","episode_type":"","audio_file":"","podmotor_file_id":"","podmotor_episode_id":"","cover_image":"","cover_image_id":"","duration":"","filesize":"","filesize_raw":"","date_recorded":"","explicit":"","block":"","itunes_episode_number":"","itunes_title":"","itunes_season_number":"","itunes_episode_type":"","footnotes":""},"class_list":["post-118808","page","type-page","status-publish","has-post-thumbnail","hentry"],"acf":[],"_links":{"self":[{"href":"https:\/\/phrase.com\/de\/wp-json\/wp\/v2\/pages\/118808","targetHints":{"allow":["GET"]}}],"collection":[{"href":"https:\/\/phrase.com\/de\/wp-json\/wp\/v2\/pages"}],"about":[{"href":"https:\/\/phrase.com\/de\/wp-json\/wp\/v2\/types\/page"}],"author":[{"embeddable":true,"href":"https:\/\/phrase.com\/de\/wp-json\/wp\/v2\/users\/77"}],"replies":[{"embeddable":true,"href":"https:\/\/phrase.com\/de\/wp-json\/wp\/v2\/comments?post=118808"}],"version-history":[{"count":6,"href":"https:\/\/phrase.com\/de\/wp-json\/wp\/v2\/pages\/118808\/revisions"}],"predecessor-version":[{"id":124439,"href":"https:\/\/phrase.com\/de\/wp-json\/wp\/v2\/pages\/118808\/revisions\/124439"}],"up":[{"embeddable":true,"href":"https:\/\/phrase.com\/de\/wp-json\/wp\/v2\/pages\/56573"}],"wp:featuredmedia":[{"embeddable":true,"href":"https:\/\/phrase.com\/de\/wp-json\/wp\/v2\/media\/7474"}],"wp:attachment":[{"href":"https:\/\/phrase.com\/de\/wp-json\/wp\/v2\/media?parent=118808"}],"curies":[{"name":"wp","href":"https:\/\/api.w.org\/{rel}","templated":true}]}}