{"id":119307,"date":"2022-11-23T13:48:40","date_gmt":"2022-11-23T12:48:40","guid":{"rendered":"https:\/\/phrase.com\/marke\/"},"modified":"2025-10-06T09:28:08","modified_gmt":"2025-10-06T07:28:08","slug":"brand","status":"publish","type":"page","link":"https:\/\/phrase.com\/de\/brand\/","title":{"rendered":"Marke"},"content":{"rendered":"\n<div class=\"wp-block-group alignwide has-global-padding is-content-justification-center is-layout-constrained wp-container-core-group-is-layout-cefc1864 wp-block-group-is-layout-constrained\" style=\"padding-left:var(--wp--preset--spacing--56)\">\n<div style=\"height:40px\" aria-hidden=\"true\" class=\"wp-block-spacer\"><\/div>\n\n\n\n<p class=\"has-text-align-center has-blue-color has-text-color has-link-color wp-elements-cc93b6589914183dbbf39e862ac514db\">PHRASE BRAND GUIDELINES<\/p>\n\n\n\n<h1 class=\"wp-block-heading has-text-align-center\" id=\"h-phrase-style-guide\">Phrase Styleguide<\/h1>\n\n\n\n<h3 class=\"wp-block-heading has-text-align-center has-medium-font-size\" id=\"h-the-simple-kit-is-for-using-the-phrase-logo\" style=\"margin-bottom:var(--wp--preset--spacing--8);font-style:normal;font-weight:400\">Das einfache Kit dient zur Verwendung des Phrase-Logos.<\/h3>\n\n\n\n<div style=\"height:19px\" aria-hidden=\"true\" class=\"wp-block-spacer\"><\/div>\n\n\n\n<div class=\"wp-block-buttons is-content-justification-center is-layout-flex wp-container-core-buttons-is-layout-a89b3969 wp-block-buttons-is-layout-flex\">\n<div class=\"wp-block-button\"><a class=\"wp-block-button__link wp-element-button\" href=\"https:\/\/phrase.com\/wp-content\/uploads\/2022\/11\/Phrase_Logo_Kit-1.zip\" target=\"_blank\" rel=\"noreferrer noopener\">Herunterladen-Kit<\/a><\/div>\n<\/div>\n<\/div>\n\n\n\n<div class=\"wp-block-group alignwide has-global-padding is-layout-constrained wp-block-group-is-layout-constrained\" style=\"padding-top:var(--wp--preset--spacing--70);padding-bottom:var(--wp--preset--spacing--110)\">\n<h3 class=\"wp-block-heading has-text-align-center has-huge-font-size\" id=\"h-logo\" style=\"margin-bottom:var(--wp--preset--spacing--8);font-style:normal;font-weight:400\">Logo<\/h3>\n\n\n\n\n\n<div class=\"wp-block-columns alignwide is-layout-flex wp-container-core-columns-is-layout-ccc30f2c wp-block-columns-is-layout-flex\" style=\"padding-top:var(--wp--preset--spacing--45);padding-bottom:var(--wp--preset--spacing--45)\">\n<div class=\"wp-block-column is-layout-flow wp-block-column-is-layout-flow\">\n<div class=\"wp-block-group is-vertical is-layout-flex wp-container-core-group-is-layout-ea0cb840 wp-block-group-is-layout-flex\">\n<figure class=\"wp-block-image size-large is-resized is-style-not-rounded\"><img decoding=\"async\" src=\"https:\/\/phrase.com\/wp-content\/uploads\/2022\/11\/Logo_primary.svg\" alt=\"Prim\u00e4res Phrase-Logo | Phrase\" class=\"wp-image-36413\" style=\"width:600px\" \/><\/figure>\n\n\n\n\n\n<p>Dies ist unser prim\u00e4res Logo. Beachte die horizontale Anordnung.<\/p>\n<\/div>\n<\/div>\n\n\n\n<div class=\"wp-block-column is-layout-flow wp-block-column-is-layout-flow\">\n<div class=\"wp-block-group is-vertical is-layout-flex wp-container-core-group-is-layout-ea0cb840 wp-block-group-is-layout-flex\">\n<figure class=\"wp-block-image size-large is-resized is-style-not-rounded\"><img decoding=\"async\" src=\"https:\/\/phrase.com\/wp-content\/uploads\/2022\/11\/Logo_primary_tagline.svg\" alt=\"Phrase-Logo + Tagline | Phrase\" class=\"wp-image-36408\" style=\"width:600px\" \/><\/figure>\n\n\n\n\n\n<p>Dies ist unser Logo + Tagline.<\/p>\n<\/div>\n<\/div>\n<\/div>\n\n\n\n<div class=\"wp-block-columns alignwide is-layout-flex wp-container-core-columns-is-layout-ccc30f2c wp-block-columns-is-layout-flex\" style=\"padding-top:var(--wp--preset--spacing--45);padding-bottom:var(--wp--preset--spacing--45)\">\n<div class=\"wp-block-column is-layout-flow wp-block-column-is-layout-flow\">\n<div class=\"wp-block-group is-vertical is-layout-flex wp-container-core-group-is-layout-ea0cb840 wp-block-group-is-layout-flex\">\n<figure class=\"wp-block-image size-large is-resized is-style-not-rounded\"><img decoding=\"async\" src=\"https:\/\/phrase.com\/wp-content\/uploads\/2022\/11\/Logo_black.svg\" alt=\"\" class=\"wp-image-36432\" style=\"width:600px\" \/><\/figure>\n\n\n\n\n\n<p>Das komplett schwarze Logo sollte nur in Anwendungen verwendet werden, in denen es erforderlich ist, das Logo in einer Farbe zu verwenden.<\/p>\n<\/div>\n<\/div>\n\n\n\n<div class=\"wp-block-column is-layout-flow wp-block-column-is-layout-flow\">\n<div class=\"wp-block-group is-vertical is-layout-flex wp-container-core-group-is-layout-ea0cb840 wp-block-group-is-layout-flex\">\n<figure class=\"wp-block-image size-large is-resized is-style-not-rounded\"><img decoding=\"async\" src=\"https:\/\/phrase.com\/wp-content\/uploads\/2022\/11\/Logo_black_tagline.svg\" alt=\"\" class=\"wp-image-36427\" style=\"width:600px\" \/><\/figure>\n\n\n\n\n\n<p>Hier ist das schwarze Logo + Tagline.<\/p>\n<\/div>\n<\/div>\n<\/div>\n<\/div>\n\n\n\n<div class=\"wp-block-group alignwide has-global-padding is-layout-constrained wp-block-group-is-layout-constrained\" style=\"padding-top:var(--wp--preset--spacing--70);padding-bottom:var(--wp--preset--spacing--110)\">\n<h3 class=\"wp-block-heading has-text-align-center has-huge-font-size\" id=\"h-clear-space\" style=\"margin-bottom:var(--wp--preset--spacing--8);font-style:normal;font-weight:400\">Leerzeichen<\/h3>\n\n\n\n\n\n<div class=\"wp-block-columns alignwide is-layout-flex wp-container-core-columns-is-layout-ccc30f2c wp-block-columns-is-layout-flex\" style=\"padding-top:var(--wp--preset--spacing--45);padding-bottom:var(--wp--preset--spacing--45)\">\n<div class=\"wp-block-column is-layout-flow wp-block-column-is-layout-flow\">\n<div class=\"wp-block-group is-vertical is-layout-flex wp-container-core-group-is-layout-ea0cb840 wp-block-group-is-layout-flex\">\n<figure class=\"wp-block-image size-large is-resized is-style-not-rounded\"><img decoding=\"async\" src=\"https:\/\/phrase.com\/wp-content\/uploads\/2022\/11\/Logo_primary_clearspace.svg\" alt=\"Leerzeichen des Phrase-Logos | Phrase\" class=\"wp-image-36446\" style=\"width:600px\" \/><\/figure>\n\n\n\n\n\n<p>Das Leerzeichen ist der spezifische Abstand, der das Phrase-Logo jederzeit umgibt. Alle visuellen und Textelemente m\u00fcssen immer au\u00dferhalb dieses Leerzeichens platziert werden.<\/p>\n<\/div>\n<\/div>\n\n\n\n<div class=\"wp-block-column is-layout-flow wp-block-column-is-layout-flow\">\n<div class=\"wp-block-group is-vertical is-layout-flex wp-container-core-group-is-layout-ea0cb840 wp-block-group-is-layout-flex\">\n<figure class=\"wp-block-image size-large is-resized is-style-not-rounded\"><img decoding=\"async\" src=\"https:\/\/phrase.com\/wp-content\/uploads\/2022\/11\/Logo_tagline_clearspace.svg\" alt=\"Phrase-Logo + Tagline Leerzeichen | Phrase\" class=\"wp-image-36451\" style=\"width:600px\" \/><\/figure>\n\n\n\n\n\n<p>Alle Varianten des Phrase-Logos sollten immer ein Leerzeichen haben, das mindestens so hoch und breit ist wie der innere Bereich des kleinen Buchstabens \u201ea\u201c im Phrase-Schriftzug.<\/p>\n<\/div>\n<\/div>\n<\/div>\n<\/div>\n\n\n\n<div class=\"wp-block-group alignwide has-global-padding is-layout-constrained wp-block-group-is-layout-constrained\" style=\"padding-top:var(--wp--preset--spacing--70);padding-bottom:var(--wp--preset--spacing--110)\">\n<h3 class=\"wp-block-heading has-text-align-center has-huge-font-size\" id=\"h-color\" style=\"margin-bottom:var(--wp--preset--spacing--8);font-style:normal;font-weight:400\">Farbe<\/h3>\n\n\n\n\n\n<div class=\"wp-block-columns alignwide is-layout-flex wp-container-core-columns-is-layout-ccc30f2c wp-block-columns-is-layout-flex\" style=\"padding-top:var(--wp--preset--spacing--45);padding-bottom:var(--wp--preset--spacing--45)\">\n<div class=\"wp-block-column is-layout-flow wp-block-column-is-layout-flow\">\n<div class=\"wp-block-group is-vertical is-layout-flex wp-container-core-group-is-layout-ea0cb840 wp-block-group-is-layout-flex\">\n<figure class=\"wp-block-image size-large is-resized is-style-not-rounded\"><img decoding=\"async\" src=\"https:\/\/phrase.com\/wp-content\/uploads\/2022\/11\/Logo_primary.svg\" alt=\"Prim\u00e4res Phrase-Logo | Phrase\" class=\"wp-image-36413\" style=\"width:600px\" \/><\/figure>\n\n\n\n\n\n<p>Verwende ein vollfarbiges Logo mit schwarzem Logotyp auf einem wei\u00dfen oder hellgrauen Hintergrund.<\/p>\n<\/div>\n<\/div>\n\n\n\n<div class=\"wp-block-column is-layout-flow wp-block-column-is-layout-flow\">\n<div class=\"wp-block-group is-vertical is-layout-flex wp-container-core-group-is-layout-ea0cb840 wp-block-group-is-layout-flex\">\n<figure class=\"wp-block-image size-large is-resized is-style-not-rounded\"><img decoding=\"async\" src=\"https:\/\/phrase.com\/wp-content\/uploads\/2022\/11\/Logo_black_background.svg\" alt=\"Hintergrundfarbe des Phrase-Logos | Phrase\" class=\"wp-image-36466\" style=\"width:600px\" \/><\/figure>\n\n\n\n\n\n<p>Verwende ein vollfarbiges Logo mit wei\u00dfem Logotyp auf einem schwarzen Hintergrund.<\/p>\n<\/div>\n<\/div>\n<\/div>\n\n\n\n<div class=\"wp-block-columns alignwide is-layout-flex wp-container-core-columns-is-layout-ccc30f2c wp-block-columns-is-layout-flex\" style=\"padding-top:var(--wp--preset--spacing--45);padding-bottom:var(--wp--preset--spacing--45)\">\n<div class=\"wp-block-column is-layout-flow wp-block-column-is-layout-flow\">\n<div class=\"wp-block-group is-vertical is-layout-flex wp-container-core-group-is-layout-ea0cb840 wp-block-group-is-layout-flex\">\n<figure class=\"wp-block-image size-large is-resized is-style-not-rounded\"><img decoding=\"async\" src=\"https:\/\/phrase.com\/wp-content\/uploads\/2022\/11\/phrase-logo-background-green.svg\" alt=\"\" class=\"wp-image-48520\" style=\"width:600px\" \/><\/figure>\n\n\n\n\n\n<p>Verwende ein vollfarbiges Logo mit schwarzem Logotyp auf einem Phrase-Gr\u00fcn-Hintergrund, aber achte darauf, dass der Akzent im Icon wei\u00df und nicht gr\u00fcn ist.<\/p>\n<\/div>\n<\/div>\n\n\n\n<div class=\"wp-block-column is-layout-flow wp-block-column-is-layout-flow\"><\/div>\n<\/div>\n<\/div>\n\n\n\n<div class=\"wp-block-group alignwide has-global-padding is-layout-constrained wp-block-group-is-layout-constrained\" style=\"padding-top:var(--wp--preset--spacing--70);padding-bottom:var(--wp--preset--spacing--110)\">\n<h3 class=\"wp-block-heading has-text-align-center has-huge-font-size\" id=\"h-don-t\" style=\"margin-bottom:var(--wp--preset--spacing--8);font-style:normal;font-weight:400\">Nicht<\/h3>\n\n\n\n\n\n<div class=\"wp-block-columns alignwide is-layout-flex wp-container-core-columns-is-layout-ccc30f2c wp-block-columns-is-layout-flex\" style=\"padding-top:var(--wp--preset--spacing--45);padding-bottom:var(--wp--preset--spacing--45)\">\n<div class=\"wp-block-column is-layout-flow wp-block-column-is-layout-flow\">\n<div class=\"wp-block-group is-vertical is-layout-flex wp-container-core-group-is-layout-ea0cb840 wp-block-group-is-layout-flex\">\n<figure class=\"wp-block-image size-large is-resized is-style-not-rounded\"><img decoding=\"async\" src=\"https:\/\/phrase.com\/wp-content\/uploads\/2022\/11\/Logo_Donts_Single_Color_Logomark.svg\" alt=\"Phrase nicht einfarbiges Logo | Phrase\" class=\"wp-image-36504\" style=\"width:600px\" \/><\/figure>\n\n\n\n\n\n<p>Rendere das Logozeichen nicht einfarbig, au\u00dfer du verwendest speziell ausgewiesene Schwarz-Wei\u00df-Logo-Dateien.<\/p>\n<\/div>\n<\/div>\n\n\n\n<div class=\"wp-block-column is-layout-flow wp-block-column-is-layout-flow\">\n<div class=\"wp-block-group is-vertical is-layout-flex wp-container-core-group-is-layout-ea0cb840 wp-block-group-is-layout-flex\">\n<figure class=\"wp-block-image size-large is-resized is-style-not-rounded\"><img decoding=\"async\" src=\"https:\/\/phrase.com\/wp-content\/uploads\/2022\/11\/Logo_Donts_Lockup.svg\" alt=\"Phrase nicht gestapeltes Logo | Phrase\" class=\"wp-image-36494\" style=\"width:600px\" \/><\/figure>\n\n\n\n\n\n<p>\u00c4ndere die Anordnung des Logotyps und des Logozeichens nicht. Das Logozeichen befindet sich immer links vom Logotyp.<\/p>\n<\/div>\n<\/div>\n<\/div>\n\n\n\n<div class=\"wp-block-columns alignwide is-layout-flex wp-container-core-columns-is-layout-ccc30f2c wp-block-columns-is-layout-flex\" style=\"padding-top:var(--wp--preset--spacing--45);padding-bottom:var(--wp--preset--spacing--45)\">\n<div class=\"wp-block-column is-layout-flow wp-block-column-is-layout-flow\">\n<div class=\"wp-block-group is-vertical is-layout-flex wp-container-core-group-is-layout-ea0cb840 wp-block-group-is-layout-flex\">\n<figure class=\"wp-block-image size-large is-resized is-style-not-rounded\"><img decoding=\"async\" src=\"https:\/\/phrase.com\/wp-content\/uploads\/2022\/11\/Logo_Donts_Replace_Logotype.svg\" alt=\"Phrase nicht Schriftart-Logo | Phrase\" class=\"wp-image-36499\" style=\"width:600px\" \/><\/figure>\n\n\n\n\n\n<p>Passe die Schriftart des Logos nicht an und ersetze sie nicht durch eine andere Schriftart.<\/p>\n<\/div>\n<\/div>\n\n\n\n<div class=\"wp-block-column is-layout-flow wp-block-column-is-layout-flow\">\n<div class=\"wp-block-group is-vertical is-layout-flex wp-container-core-group-is-layout-ea0cb840 wp-block-group-is-layout-flex\">\n<figure class=\"wp-block-image size-large is-resized is-style-not-rounded\"><img decoding=\"async\" src=\"https:\/\/phrase.com\/wp-content\/uploads\/2022\/11\/Logo_Donts_Color.svg\" alt=\"Phrase nicht Farbwechsel-Logo | Phrase\" class=\"wp-image-36484\" style=\"width:600px\" \/><\/figure>\n\n\n\n\n\n<p>\u00c4ndere oder ver\u00e4ndere nicht die Farbe des Logozeichens. Schau dir den Farbabschnitt f\u00fcr zus\u00e4tzliche Hinweise an.<\/p>\n<\/div>\n<\/div>\n<\/div>\n\n\n\n<div class=\"wp-block-columns alignwide is-layout-flex wp-container-core-columns-is-layout-ccc30f2c wp-block-columns-is-layout-flex\" style=\"padding-top:var(--wp--preset--spacing--45);padding-bottom:var(--wp--preset--spacing--45)\">\n<div class=\"wp-block-column is-layout-flow wp-block-column-is-layout-flow\">\n<div class=\"wp-block-group is-vertical is-layout-flex wp-container-core-group-is-layout-ea0cb840 wp-block-group-is-layout-flex\">\n<figure class=\"wp-block-image size-large is-resized is-style-not-rounded\"><img decoding=\"async\" src=\"https:\/\/phrase.com\/wp-content\/uploads\/2022\/11\/Logo_Donts_Adjust_Size.svg\" alt=\"Phrase nicht Hintergrund-Logo | Phrase\" class=\"wp-image-36479\" style=\"width:600px\" \/><\/figure>\n\n\n\n\n\n<p>Passe die Breite oder H\u00f6he des Logos nicht an, um es besser in das Leerzeichen einzuf\u00fcgen.<\/p>\n<\/div>\n<\/div>\n\n\n\n<div class=\"wp-block-column is-layout-flow wp-block-column-is-layout-flow\">\n<div class=\"wp-block-group is-vertical is-layout-flex wp-container-core-group-is-layout-ea0cb840 wp-block-group-is-layout-flex\">\n<figure class=\"wp-block-image size-large is-resized is-style-not-rounded\"><img decoding=\"async\" src=\"https:\/\/phrase.com\/wp-content\/uploads\/2022\/11\/Logo_Donts_Green_on_Green-1.svg\" alt=\"Phrase nicht Hintergrund-Logo | Phrase\" class=\"wp-image-36518\" style=\"width:600px\" \/><\/figure>\n\n\n\n\n\n<p>Platziere das Logo nicht auf einem Hintergrund, der die gleiche Farbe wie das Logozeichen oder der Logotyp hat.<\/p>\n<\/div>\n<\/div>\n<\/div>\n<\/div>\n\n","protected":false},"excerpt":{"rendered":"<p>PHRASE BRAND GUIDELINES Phrase Styleguide Das einfache Kit dient zur Verwendung des Phrase-Logos. Logo Dies ist unser prim\u00e4res Logo. Beachte die horizontale Anordnung. Dies ist unser Logo + Tagline. Das komplett schwarze Logo sollte nur in Anwendungen verwendet werden, in denen es erforderlich ist, das Logo in einer Farbe zu verwenden. Hier ist das schwarze [&hellip;]<\/p>\n","protected":false},"author":22,"featured_media":0,"parent":0,"menu_order":0,"comment_status":"closed","ping_status":"closed","template":"page-refresh","meta":{"_acf_changed":false,"_stopmodifiedupdate":false,"_modified_date":"","_searchwp_excluded":"","episode_type":"","audio_file":"","podmotor_file_id":"","podmotor_episode_id":"","cover_image":"","cover_image_id":"","duration":"","filesize":"","filesize_raw":"","date_recorded":"","explicit":"","block":"","itunes_episode_number":"","itunes_title":"","itunes_season_number":"","itunes_episode_type":"","footnotes":""},"class_list":["post-119307","page","type-page","status-publish","hentry"],"acf":[],"_links":{"self":[{"href":"https:\/\/phrase.com\/de\/wp-json\/wp\/v2\/pages\/119307","targetHints":{"allow":["GET"]}}],"collection":[{"href":"https:\/\/phrase.com\/de\/wp-json\/wp\/v2\/pages"}],"about":[{"href":"https:\/\/phrase.com\/de\/wp-json\/wp\/v2\/types\/page"}],"author":[{"embeddable":true,"href":"https:\/\/phrase.com\/de\/wp-json\/wp\/v2\/users\/22"}],"replies":[{"embeddable":true,"href":"https:\/\/phrase.com\/de\/wp-json\/wp\/v2\/comments?post=119307"}],"version-history":[{"count":1,"href":"https:\/\/phrase.com\/de\/wp-json\/wp\/v2\/pages\/119307\/revisions"}],"predecessor-version":[{"id":119308,"href":"https:\/\/phrase.com\/de\/wp-json\/wp\/v2\/pages\/119307\/revisions\/119308"}],"wp:attachment":[{"href":"https:\/\/phrase.com\/de\/wp-json\/wp\/v2\/media?parent=119307"}],"curies":[{"name":"wp","href":"https:\/\/api.w.org\/{rel}","templated":true}]}}