{"id":119361,"date":"2023-10-19T15:54:35","date_gmt":"2023-10-19T13:54:35","guid":{"rendered":"https:\/\/phrase.com\/wise-st-global\/"},"modified":"2025-10-06T09:29:19","modified_gmt":"2025-10-06T07:29:19","slug":"wise-st-global","status":"publish","type":"page","link":"https:\/\/phrase.com\/de\/partners\/wise-st-global\/","title":{"rendered":"Wise ST Global"},"content":{"rendered":"\n<div id=\"acf\/text-block_1d18121c517ab0577cb6d964d3edcbc0\" class=\"pxblock pxblock--text spacing--default bg--white\">\n\n\t\n\t<div class=\"container\">\n\t\t<div class=\"wysiwyg animate-in block-center\">\n\t\t\t<p class=\"subhead\" style=\"text-align: center\">Phrase-Partner<\/p>\n<p style=\"text-align: center\"><img loading=\"lazy\" decoding=\"async\" class=\" wp-image-68156 aligncenter\" src=\"https:\/\/phrase.com\/wp-content\/uploads\/2023\/10\/Wise-ST-Global.png\" alt=\"Wise ST Global | Phrase\" width=\"101\" height=\"49\" \/><\/p>\n<p style=\"text-align: center\">Erweitere dein Business weltweit!<\/p>\n<p style=\"text-align: center\"><a href=\"https:\/\/www.wisest.co.kr\/\" target=\"_blank\" rel=\"noopener\"><span style=\"font-weight: 400\">www.wisest.co.kr<\/span><\/a><\/p>\n\t\t<\/div>\n\t<\/div>\n<\/div>\n\n\n\n<div id=\"acf\/columns-block_12636b367b7cea47b7fe828b5c9ed6dc\" class=\"pxblock pxblock--columns bg--grey\">\n\t\t<div class=\"container\">\n\n\t\t<div class=\"columns animate-in animate-children columns--text-text \">\n\t\t\t<div class=\"wysiwyg columns--text\"><div class=\"text-container\"><h1><span style=\"font-weight: 400\">Wise ST Global<\/span><\/h1>\n<p><span style=\"font-weight: 400\">Wise ST Global nimmt eine herausragende Stellung auf dem internationalen \u00dcbersetzungsmarkt ein und bietet seinen Kunden transparente, benutzerfreundliche und kosteng\u00fcnstige Dienstleistungen f\u00fcr ihren \u00dcbersetzungsbedarf. Ganz gleich, ob es sich um Dokumente, Webinhalte oder Videoinhalte handelt, es garantiert hochwertige \u00dcbersetzungen, die effizient geliefert werden.\u00a0<\/span><\/p>\n<p><span style=\"font-weight: 400\">Was es von anderen Optionen auf dem Markt, wie \u00dcbersetzungsunternehmen oder Online-Agenturen, abhebt, ist WiseTranslate.net. \u00dcber dieses Online-Portal verbindet es Kunden mit hochbewerteten, zertifizierten, muttersprachlichen \u00dcbersetzern aus der ganzen Welt, die konsequent au\u00dfergew\u00f6hnliche \u00dcbersetzungen liefern.<\/span><\/p>\n<p><span style=\"font-weight: 400\">WiseTranslate.net steht an der Spitze bei der Einf\u00fchrung und Optimierung von LLM-Technologien in \u00dcbersetzungs-Workflows und erm\u00f6glicht es den Usern, die Vorteile von LLMs f\u00fcr gesteigerte Produktivit\u00e4t und Qualit\u00e4t optimal zu nutzen. Besuche ihre Website und entdecke die innovativen \u00dcbersetzungsdienste, die angeboten werden.<\/span><\/p>\n<p>\u00a0<\/p>\n<p class=\"label\" style=\"text-align: left\">Standorte<\/p>\n<p style=\"text-align: left\">Republik Korea<\/p>\n<p>\u00a0<\/p>\n<p class=\"label\">Kontakt<\/p>\n<p class=\"btn-group\"><a class=\"btn btn--primary\" href=\"https:\/\/phrase.com\/demo\/\">Kontaktiere uns <\/a><a class=\"btn btn--outline\" href=\"https:\/\/www.wisest.co.kr\/\" target=\"_blank\" rel=\"noopener\">Website besuchen <\/a><\/p>\n<\/div><\/div>\n\n\t\t\t\t\t\t<div class=\"wysiwyg columns--text\"><div class=\"text-container\"><p class=\"label\" style=\"text-align: left\">Angebotene Dienstleistungen<\/p>\n<ul class=\"checklist--small\">\n<li>\u00dcbersetzungsdienste<\/li>\n<li>Online-\u00dcbersetzungsportal<\/li>\n<li>LLM-Prompt-Engineering<\/li>\n<li>Erhebung von Sprachdaten<\/li>\n<li>Anpassung von TMS f\u00fcr Unternehmen<\/li>\n<\/ul>\n<p>\u00a0<\/p>\n<p class=\"label\">Anmeldeinformationen<\/p>\n<p><span style=\"font-weight: 400\">Samsung, <\/span><span style=\"font-weight: 400\">LG, <\/span><span style=\"font-weight: 400\">Hanhwa, <\/span><span style=\"font-weight: 400\">Hyundai, <\/span><span style=\"font-weight: 400\">Google, <\/span><span style=\"font-weight: 400\">Microsoft, <\/span><span style=\"font-weight: 400\">Avast, <\/span><span style=\"font-weight: 400\">Ansys, <\/span><span style=\"font-weight: 400\">Omron<\/span><\/p>\n<\/div><\/div>\n\t\t\t\t\t<\/div>\n\t<\/div>\n<\/div>\n\n\n\n<div id=\"acf\/feature-block_f2eaa0cded43d7451094e7150f44c986\" class=\"pxblock pxblock--feature alignfull bg--green\">\n\t\t<div class=\"container animate-in\">\n\t\t<div class=\"feature--header\"><h2 class=\"h1\">Erfahre mehr \u00fcber weitere Partner<\/h2><\/div>\n\t\t<div class=\"feature--content\">\n\t\t\t<h3>Wir arbeiten mit f\u00fchrenden Technologieunternehmen zusammen, um sicherzustellen, dass dein Team jeden Tag mehr von Phrase profitiert.<\/h3>\n\t\t\t\t\t<\/div>\n\n\t\t\t\t\t<div class=\"feature--btns btn-group btn-group--center\">\n\t\t\t\t\t\t\t\t\t<a href=\"https:\/\/phrase.com\/de\/partners\/\" class=\"btn btn--primary\">\n\t\t\t\t\t\tPhrase-Partnerprogramm\t\t\t\t\t<\/a>\n\t\t\t\t\t\t\t\t\t\t<a href=\"https:\/\/phrase.com\/de\/partner-referrals\/\" class=\"btn btn--outline\">\n\t\t\t\t\t\tPartner-Empfehlung\t\t\t\t\t<\/a>\n\t\t\t\t\t\t\t\t<\/div>\n\t\t\t<\/div>\n<\/div>\n\n","protected":false},"excerpt":{"rendered":"","protected":false},"author":6,"featured_media":0,"parent":56573,"menu_order":1,"comment_status":"closed","ping_status":"closed","template":"page-refresh","meta":{"_acf_changed":false,"_stopmodifiedupdate":false,"_modified_date":"","_searchwp_excluded":"","episode_type":"","audio_file":"","podmotor_file_id":"","podmotor_episode_id":"","cover_image":"","cover_image_id":"","duration":"","filesize":"","filesize_raw":"","date_recorded":"","explicit":"","block":"","itunes_episode_number":"","itunes_title":"","itunes_season_number":"","itunes_episode_type":"","footnotes":""},"class_list":["post-119361","page","type-page","status-publish","hentry"],"acf":[],"_links":{"self":[{"href":"https:\/\/phrase.com\/de\/wp-json\/wp\/v2\/pages\/119361","targetHints":{"allow":["GET"]}}],"collection":[{"href":"https:\/\/phrase.com\/de\/wp-json\/wp\/v2\/pages"}],"about":[{"href":"https:\/\/phrase.com\/de\/wp-json\/wp\/v2\/types\/page"}],"author":[{"embeddable":true,"href":"https:\/\/phrase.com\/de\/wp-json\/wp\/v2\/users\/6"}],"replies":[{"embeddable":true,"href":"https:\/\/phrase.com\/de\/wp-json\/wp\/v2\/comments?post=119361"}],"version-history":[{"count":1,"href":"https:\/\/phrase.com\/de\/wp-json\/wp\/v2\/pages\/119361\/revisions"}],"predecessor-version":[{"id":119362,"href":"https:\/\/phrase.com\/de\/wp-json\/wp\/v2\/pages\/119361\/revisions\/119362"}],"up":[{"embeddable":true,"href":"https:\/\/phrase.com\/de\/wp-json\/wp\/v2\/pages\/56573"}],"wp:attachment":[{"href":"https:\/\/phrase.com\/de\/wp-json\/wp\/v2\/media?parent=119361"}],"curies":[{"name":"wp","href":"https:\/\/api.w.org\/{rel}","templated":true}]}}