{"id":119536,"date":"2024-01-24T16:04:54","date_gmt":"2024-01-24T15:04:54","guid":{"rendered":"https:\/\/phrase.com\/dyspatch-integration\/"},"modified":"2025-10-06T09:34:41","modified_gmt":"2025-10-06T07:34:41","slug":"dyspatch","status":"publish","type":"page","link":"https:\/\/phrase.com\/de\/integrations\/dyspatch\/","title":{"rendered":"Dyspatch-Integration"},"content":{"rendered":"\n<div id=\"acf\/hero-block_1ee4e78ce95bf5efc8f042a264caed7b\" class=\"pxblock pxblock--hero alignfull bg--white\">\n\t\t<div class=\"container\">\n\t\t<div class=\"columns animate-in animate-children columns--middle media--right\">\n\t\t\t<div class=\"wysiwyg column columns--text\">\n\n\t\t\t\t\t\t\t\t<div class=\"text--subheader subhead\">Integrationen<\/div>\n\t\t\t\t\n\t\t\t\t<div class=\"text--header\"><h1 class=\"secondary \">Phrase-Integration f\u00fcr Dyspatch<\/h1><\/div>\n\t\t\t\t<div class=\"text--copy\"><p><span style=\"font-weight: 400\">Mit Dyspatch kannst du ansprechende, interaktive E-Mails erstellen, ohne Code schreiben zu m\u00fcssen. Mit einem benutzerdefinierten, modularen E-Mail-Designsystem k\u00f6nnen nicht-technische Teams E-Mails ganz einfach erstellen. <\/span><\/p>\n<\/div>\n\n\t\t\t\t\t\t\t\t\t<div class=\"btn-group\">\n\t\t\t\t\t\t\t\t\t\t\t\t\t<a href=\"https:\/\/phrase.com\/demo\/\" class=\"btn btn--primary\">\n\t\t\t\t\t\t\t\tBuche eine Demo\t\t\t\t\t\t\t<\/a>\n\t\t\t\t\t\t\t\t\t\t\t\t\t\t<a href=\"https:\/\/eu.phrase.com\/idm-ui\/signup?uiLang=en-US&#038;_ga=2.200205926.976048021.1671362958-1023737756.1669969620\" class=\"btn btn--outline\">\n\t\t\t\t\t\t\t\tStarte eine kostenlose Testversion\t\t\t\t\t\t\t<\/a>\n\t\t\t\t\t\t\t\t\t\t\t\t<\/div>\n\t\t\t\t\t\t\t<\/div>\n\t\t\t<div class=\"column columns--media\">\n\t\t\t\t\t\t\t\t\t<div class=\"media media--image\">\n    <img loading=\"lazy\" decoding=\"async\" width=\"1260\" height=\"970\" src=\"https:\/\/phrase.com\/wp-content\/uploads\/2024\/01\/Dyspatch_Integration_Header.png\" class=\"attachment-original size-original\" alt=\"\" srcset=\"https:\/\/phrase.com\/wp-content\/uploads\/2024\/01\/Dyspatch_Integration_Header.png 1260w, https:\/\/phrase.com\/wp-content\/uploads\/2024\/01\/Dyspatch_Integration_Header-300x231.png 300w, https:\/\/phrase.com\/wp-content\/uploads\/2024\/01\/Dyspatch_Integration_Header-1024x788.png 1024w, https:\/\/phrase.com\/wp-content\/uploads\/2024\/01\/Dyspatch_Integration_Header-768x591.png 768w\" sizes=\"auto, (max-width: 1260px) 100vw, 1260px\" \/><\/div>\n\t\t\t\t\t\t\t<\/div>\n\t\t<\/div>\n\t<\/div>\n<\/div>\n\n\n\n<div id=\"acf\/badges-block_8c914ea21cd9618842ce3e17e5f4312a\" class=\"pxblock pxblock--badges alignfull bg--white justify-content--normal\" data-randomize=\"1\" data-limit=\"6\">\n\t\t<div class=\"container\">\n\t\t<div class=\"images animate-in animate-children\">\n\t\t\t\t\t\t\t\t\t<div class=\"image\">\n\t\t\t\t\t\t\t<span class=\"image_size--medium\"><img loading=\"lazy\" decoding=\"async\" width=\"225\" height=\"50\" src=\"https:\/\/phrase.com\/wp-content\/uploads\/2023\/04\/Huawei_Logo.png\" class=\"attachment-original size-original\" alt=\"Huawei logo colored for logo banner | Phrase\" \/><\/span>\t\t\t\t\t\t<\/div>\n\t\t\t\t\t\t\t\t\t\t\t\t<div class=\"image\">\n\t\t\t\t\t\t\t<span class=\"image_size--medium\"><img loading=\"lazy\" decoding=\"async\" width=\"149\" height=\"48\" src=\"https:\/\/phrase.com\/wp-content\/uploads\/2022\/08\/Uber.svg\" class=\"attachment-original size-original\" alt=\"Uber logo | Phrase\" \/><\/span>\t\t\t\t\t\t<\/div>\n\t\t\t\t\t\t\t\t\t\t\t\t<div class=\"image\">\n\t\t\t\t\t\t\t<span class=\"image_size--medium\"><img loading=\"lazy\" decoding=\"async\" width=\"267\" height=\"38\" src=\"https:\/\/phrase.com\/wp-content\/uploads\/2023\/04\/Lionbridge_Logo.png\" class=\"attachment-original size-original\" alt=\"Lionbridge logo colored for logo banner | Phrase\" \/><\/span>\t\t\t\t\t\t<\/div>\n\t\t\t\t\t\t\t\t\t\t\t\t<div class=\"image\">\n\t\t\t\t\t\t\t<span class=\"image_size--medium\"><img loading=\"lazy\" decoding=\"async\" width=\"220\" height=\"46\" src=\"https:\/\/phrase.com\/wp-content\/uploads\/2023\/04\/zendesk_logo-1.png\" class=\"attachment-original size-original\" alt=\"Zendesk logo colored for logo banner | Phrase\" \/><\/span>\t\t\t\t\t\t<\/div>\n\t\t\t\t\t\t\t\t\t\t\t\t<div class=\"image\">\n\t\t\t\t\t\t\t<span class=\"image_size--medium\"><img loading=\"lazy\" decoding=\"async\" width=\"200\" height=\"34\" src=\"https:\/\/phrase.com\/wp-content\/uploads\/2023\/04\/Fujifilm_Logo.png\" class=\"attachment-original size-original\" alt=\"Fujifilm logo colored for logo banner | Phrase\" \/><\/span>\t\t\t\t\t\t<\/div>\n\t\t\t\t\t\t\t\t\t\t\t\t<div class=\"image\">\n\t\t\t\t\t\t\t<span class=\"image_size--medium\"><img loading=\"lazy\" decoding=\"async\" width=\"208\" height=\"62\" src=\"https:\/\/phrase.com\/wp-content\/uploads\/2023\/04\/Shopify_Logo.png\" class=\"attachment-original size-original\" alt=\"Shopify logo colored for logo banner | Phrase\" \/><\/span>\t\t\t\t\t\t<\/div>\n\t\t\t\t\t\t\t\t\t\t\t\t<div class=\"image\">\n\t\t\t\t\t\t\t<span class=\"image_size--medium\"><img loading=\"lazy\" decoding=\"async\" width=\"314\" height=\"79\" src=\"https:\/\/phrase.com\/wp-content\/uploads\/2023\/10\/Decathlon_logo.png\" class=\"attachment-original size-original\" alt=\"Decathlon logo colored for logo banner | Phrase\" srcset=\"https:\/\/phrase.com\/wp-content\/uploads\/2023\/10\/Decathlon_logo.png 314w, https:\/\/phrase.com\/wp-content\/uploads\/2023\/10\/Decathlon_logo-300x75.png 300w\" sizes=\"auto, (max-width: 314px) 100vw, 314px\" \/><\/span>\t\t\t\t\t\t<\/div>\n\t\t\t\t\t\t\t\t\t\t\t\t<div class=\"image\">\n\t\t\t\t\t\t\t<span class=\"image_size--medium\"><img loading=\"lazy\" decoding=\"async\" width=\"332\" height=\"90\" src=\"https:\/\/phrase.com\/wp-content\/uploads\/2023\/10\/deliveroo_logo.png\" class=\"attachment-original size-original\" alt=\"Deliveroo logo colored for logo banner | Phrase\" srcset=\"https:\/\/phrase.com\/wp-content\/uploads\/2023\/10\/deliveroo_logo.png 332w, https:\/\/phrase.com\/wp-content\/uploads\/2023\/10\/deliveroo_logo-300x81.png 300w\" sizes=\"auto, (max-width: 332px) 100vw, 332px\" \/><\/span>\t\t\t\t\t\t<\/div>\n\t\t\t\t\t\t\t\t\t\t\t\t<div class=\"image\">\n\t\t\t\t\t\t\t<span class=\"image_size--medium\"><img loading=\"lazy\" decoding=\"async\" width=\"283\" height=\"40\" src=\"https:\/\/phrase.com\/wp-content\/uploads\/2023\/10\/Skoda_logo.png\" class=\"attachment-original size-original\" alt=\"Skoda\" \/><\/span>\t\t\t\t\t\t<\/div>\n\t\t\t\t\t\t\t\t\t\t\t\t<div class=\"image\">\n\t\t\t\t\t\t\t<span class=\"image_size--medium\"><img loading=\"lazy\" decoding=\"async\" width=\"277\" height=\"86\" src=\"https:\/\/phrase.com\/wp-content\/uploads\/2023\/10\/Personio_logo.png\" class=\"attachment-original size-original\" alt=\"Personio logo colored for logo banner | Phrase\" \/><\/span>\t\t\t\t\t\t<\/div>\n\t\t\t\t\t\t\t\t\t\t\t\t<div class=\"image\">\n\t\t\t\t\t\t\t<span class=\"image_size--medium\">#<\/span>\t\t\t\t\t\t<\/div>\n\t\t\t\t\t\t\t\t\t\t\t\t<div class=\"image\">\n\t\t\t\t\t\t\t<span class=\"image_size--medium\"><img loading=\"lazy\" decoding=\"async\" width=\"359\" height=\"78\" src=\"https:\/\/phrase.com\/wp-content\/uploads\/2022\/08\/pega_logo.png\" class=\"attachment-original size-original\" alt=\"PEGA logo\" srcset=\"https:\/\/phrase.com\/wp-content\/uploads\/2022\/08\/pega_logo.png 359w, https:\/\/phrase.com\/wp-content\/uploads\/2022\/08\/pega_logo-300x65.png 300w\" sizes=\"auto, (max-width: 359px) 100vw, 359px\" \/><\/span>\t\t\t\t\t\t<\/div>\n\t\t\t\t\t\t\t\t\t\t\t\t<div class=\"image\">\n\t\t\t\t\t\t\t<span class=\"image_size--medium\"><img loading=\"lazy\" decoding=\"async\" width=\"383\" height=\"88\" src=\"https:\/\/phrase.com\/wp-content\/uploads\/2024\/01\/Electrolux_logo-2.svg\" class=\"attachment-original size-original\" alt=\"\" \/><\/span>\t\t\t\t\t\t<\/div>\n\t\t\t\t\t\t\t\t\t\t\t\t<div class=\"image\">\n\t\t\t\t\t\t\t<span class=\"image_size--medium\">#<\/span>\t\t\t\t\t\t<\/div>\n\t\t\t\t\t\t\t\t<\/div>\n\t<\/div>\n<\/div>\n\n\n\n<div id=\"acf\/columns-block_ca8a96ef597dcccee7580eeebc9de010\" class=\"pxblock pxblock--columns alignfull bg--white\">\n\t\t<div class=\"container\">\n\n\t\t<div class=\"columns animate-in animate-children columns--text-media columns--middle media--right\">\n\t\t\t<div class=\"wysiwyg columns--text\"><div class=\"text-container\"><h2 class=\"p1\"><span style=\"font-weight: 400\">Werde agil mit einem Drag-and-Drop-E-Mail-Builder<\/span><\/h2>\n<p class=\"p1\"><span style=\"font-weight: 400\">H\u00f6r auf, HTML-E-Mails von Grund auf neu zu erstellen. Mit dem Drag-and-Drop-E-Mail-Builder von Dyspatch erstellst du Inhaltsbl\u00f6cke einmal und verwendest sie in mehreren E-Mail-Vorlagen. Verbringe weniger Zeit beim Erstellen und mehr Zeit mit strategischem Denken, Innovation und Exzellenz in deinem Bereich.<\/span><\/p>\n<\/div><\/div>\n\n\t\t\t<div class=\"media media--image\">\n    <img loading=\"lazy\" decoding=\"async\" width=\"1260\" height=\"990\" src=\"https:\/\/phrase.com\/wp-content\/uploads\/2024\/01\/Drag_Drop_Email_Builder.png\" class=\"attachment-original size-original\" alt=\"\" srcset=\"https:\/\/phrase.com\/wp-content\/uploads\/2024\/01\/Drag_Drop_Email_Builder.png 1260w, https:\/\/phrase.com\/wp-content\/uploads\/2024\/01\/Drag_Drop_Email_Builder-300x236.png 300w, https:\/\/phrase.com\/wp-content\/uploads\/2024\/01\/Drag_Drop_Email_Builder-1024x805.png 1024w, https:\/\/phrase.com\/wp-content\/uploads\/2024\/01\/Drag_Drop_Email_Builder-768x603.png 768w\" sizes=\"auto, (max-width: 1260px) 100vw, 1260px\" \/><\/div>\n\t\t<\/div>\n\t<\/div>\n<\/div>\n\n\n\n<div id=\"acf\/columns-block_2a6f7f0910fe3010ba7fa10731910de4\" class=\"pxblock pxblock--columns alignfull bg--white\">\n\t\t<div class=\"container\">\n\n\t\t<div class=\"columns animate-in animate-children columns--text-media columns--middle media--left\">\n\t\t\t<div class=\"wysiwyg columns--text\"><div class=\"text-container\"><h2 class=\"p1\"><span style=\"font-weight: 400\">Verbessere die Kundenerlebnisse mit dynamischen, interaktiven E-Mails<\/span><\/h2>\n<p class=\"p1\"><span style=\"font-weight: 400\">Interaktive und dynamische Content-Elemente einzubauen, muss nicht kompliziert sein. Zieh einfach vorgefertigte Content-Bl\u00f6cke in deine E-Mail-Vorlagen, um das Engagement um bis zu 500% zu steigern.<\/span><\/p>\n<\/div><\/div>\n\n\t\t\t<div class=\"media media--image\">\n    <img loading=\"lazy\" decoding=\"async\" width=\"1260\" height=\"690\" src=\"https:\/\/phrase.com\/wp-content\/uploads\/2024\/01\/Elevate_Customer_Experiences.png\" class=\"attachment-original size-original\" alt=\"\" srcset=\"https:\/\/phrase.com\/wp-content\/uploads\/2024\/01\/Elevate_Customer_Experiences.png 1260w, https:\/\/phrase.com\/wp-content\/uploads\/2024\/01\/Elevate_Customer_Experiences-300x164.png 300w, https:\/\/phrase.com\/wp-content\/uploads\/2024\/01\/Elevate_Customer_Experiences-1024x561.png 1024w, https:\/\/phrase.com\/wp-content\/uploads\/2024\/01\/Elevate_Customer_Experiences-768x421.png 768w\" sizes=\"auto, (max-width: 1260px) 100vw, 1260px\" \/><\/div>\n\t\t<\/div>\n\t<\/div>\n<\/div>\n\n\n\n<div id=\"acf\/columns-block_99a262762693bd6411dd5ef93c27c21c\" class=\"pxblock pxblock--columns alignfull bg--white\">\n\t\t<div class=\"container\">\n\n\t\t<div class=\"columns animate-in animate-children columns--text-media columns--middle media--right\">\n\t\t\t<div class=\"wysiwyg columns--text\"><div class=\"text-container\"><h2 class=\"p1\"><span style=\"font-weight: 400\">Zentralisiere deinen gesamten E-Mail-Produktionsprozess<\/span><\/h2>\n<p class=\"p1\"><span style=\"font-weight: 400\">Hilf deiner Marke, im Posteingang wiedererkennbar und zuverl\u00e4ssig zu sein. Setze Blockberechtigungen, um Komponenten wie Logos, Fu\u00dfzeilen und Social Links nicht bearbeiten zu k\u00f6nnen und die Markenkonsistenz m\u00fchelos zu gew\u00e4hrleisten.<\/span><\/p>\n<\/div><\/div>\n\n\t\t\t<div class=\"media media--image\">\n    <img loading=\"lazy\" decoding=\"async\" width=\"1260\" height=\"802\" src=\"https:\/\/phrase.com\/wp-content\/uploads\/2024\/01\/Centralize_Email-_Production.png\" class=\"attachment-original size-original\" alt=\"\" srcset=\"https:\/\/phrase.com\/wp-content\/uploads\/2024\/01\/Centralize_Email-_Production.png 1260w, https:\/\/phrase.com\/wp-content\/uploads\/2024\/01\/Centralize_Email-_Production-300x191.png 300w, https:\/\/phrase.com\/wp-content\/uploads\/2024\/01\/Centralize_Email-_Production-1024x652.png 1024w, https:\/\/phrase.com\/wp-content\/uploads\/2024\/01\/Centralize_Email-_Production-768x489.png 768w\" sizes=\"auto, (max-width: 1260px) 100vw, 1260px\" \/><\/div>\n\t\t<\/div>\n\t<\/div>\n<\/div>\n\n\n\n<div id=\"acf\/stats-block_5e30bb4854344e6b55e678d6aebd6224\" class=\"pxblock pxblock--stats alignfull bg--grey\">\n\t\t<div class=\"container\">\n\t\t<div class=\"columns\">\n\t\t\t<div class=\"column animate-in\">\n\t\t\t\t<div class=\"stats--sub-header\">Unser Impact<\/div>\n\t\t\t\t<h2 class=\"h2 stats--header\">Phrase in Zahlen<\/h2>\n\t\t\t\t<div class=\"stats--copy\"><\/div>\n\t\t\t<\/div>\n\t\t\t<div class=\"column\">\n\t\t\t\t<div class=\"columns animate-in animate-children delay-1\">\n\t\t\t\t\t\t\t\t\t\t<div class=\"column stat\">\n\t\t\t\t\t\t<div class=\"stat--num\">95%<\/div>\n\t\t\t\t\t\t<div class=\"stat--desc\">Reduzierung der Entwicklerressourcen<\/div>\n\t\t\t\t\t<\/div>\n\t\t\t\t\t\t\t\t\t\t<div class=\"column stat\">\n\t\t\t\t\t\t<div class=\"stat--num\">300%<\/div>\n\t\t\t\t\t\t<div class=\"stat--desc\">Steigerung der E-Mail-Konversionen<\/div>\n\t\t\t\t\t<\/div>\n\t\t\t\t\t\t\t\t\t\t<div class=\"column stat\">\n\t\t\t\t\t\t<div class=\"stat--num\">500%<\/div>\n\t\t\t\t\t\t<div class=\"stat--desc\">Erh\u00f6hung des E-Mail-Engagements<\/div>\n\t\t\t\t\t<\/div>\n\t\t\t\t\t\t\t\t\t<\/div>\n\t\t\t<\/div>\n\t\t<\/div>\n\t<\/div>\n<\/div>\n\n\n<div id=\"acf\/testimonials-block_7166b5306117bfa2774e004936efd70e\" class=\"pxblock pxblock--testimonials alignfull bg--green\">\n\t\n\t<div class=\"container\">\n\n\t\t<div class=\"testimonials animate-in\"><div class=\"testimonial\"><span class=\"testimonial__icon\"><\/span><p class=\"testimonial__quote length_class-small\"><p>Canva erstellt mehr als 20 E-Mails pro Woche, und mithilfe der Plattform k\u00f6nnen wir gew\u00e4hrleisten, dass jede einzelne davon markengerecht, lokalisiert und reaktionsschnell ist \u2013 ohne jeglichen technischen Aufwand.<\/p>\n<\/p><div class=\"testimonial__logo\"><img loading=\"lazy\" decoding=\"async\" width=\"548\" height=\"298\" src=\"https:\/\/phrase.com\/wp-content\/uploads\/2024\/01\/Canva-logo.png\" class=\"attachment-original size-original\" alt=\"Canva logo\" srcset=\"https:\/\/phrase.com\/wp-content\/uploads\/2024\/01\/Canva-logo.png 548w, https:\/\/phrase.com\/wp-content\/uploads\/2024\/01\/Canva-logo-300x163.png 300w\" sizes=\"auto, (max-width: 548px) 100vw, 548px\" \/><\/div><div class=\"testimonial__attribution\"><p class=\"testimonial__author\">Megan Walsh<\/p><p class=\"testimonial__author-title\">Global Head of Lifecycle Marketing<\/p><\/div><a class=\"btn btn--primary\" href=\"https:\/\/phrase.com\/customers\/\">See all case studies<\/a><\/div><\/div>\t<\/div>\n\n<\/div>\n\n\n\n<div id=\"acf\/feature-block_cab4cbde699141cace4bd3e99945b1ee\" class=\"pxblock pxblock--feature alignfull bg--yellow\">\n\t\t<div class=\"container animate-in\">\n\t\t<div class=\"feature--header\"><h2 class=\"h1\">Bereit loszulegen?<\/h2><\/div>\n\t\t<div class=\"feature--content\">\n\t\t\t<h3>Sprich eine gr\u00f6\u00dfere Zielgruppe an und verbessere die Kundenbindung.<\/h3>\n\t\t\t\t\t<\/div>\n\n\t\t\t\t\t<div class=\"feature--btns btn-group btn-group--center\">\n\t\t\t\t\t\t\t\t\t<a href=\"https:\/\/phrase.com\/de\/demo\/\" class=\"btn btn--primary\">\n\t\t\t\t\t\tDemo vereinbaren\t\t\t\t\t<\/a>\n\t\t\t\t\t\t\t\t\t\t<a href=\"https:\/\/phrase.com\/de\/pricing\/\" class=\"btn btn--outline\">\n\t\t\t\t\t\tPreise ansehen\t\t\t\t\t<\/a>\n\t\t\t\t\t\t\t\t<\/div>\n\t\t\t<\/div>\n<\/div>\n\n","protected":false},"excerpt":{"rendered":"","protected":false},"author":12,"featured_media":0,"parent":31701,"menu_order":1,"comment_status":"closed","ping_status":"closed","template":"page-refresh","meta":{"_acf_changed":false,"_stopmodifiedupdate":false,"_modified_date":"","_searchwp_excluded":"","episode_type":"","audio_file":"","podmotor_file_id":"","podmotor_episode_id":"","cover_image":"","cover_image_id":"","duration":"","filesize":"","filesize_raw":"","date_recorded":"","explicit":"","block":"","itunes_episode_number":"","itunes_title":"","itunes_season_number":"","itunes_episode_type":"","footnotes":""},"class_list":["post-119536","page","type-page","status-publish","hentry"],"acf":[],"_links":{"self":[{"href":"https:\/\/phrase.com\/de\/wp-json\/wp\/v2\/pages\/119536","targetHints":{"allow":["GET"]}}],"collection":[{"href":"https:\/\/phrase.com\/de\/wp-json\/wp\/v2\/pages"}],"about":[{"href":"https:\/\/phrase.com\/de\/wp-json\/wp\/v2\/types\/page"}],"author":[{"embeddable":true,"href":"https:\/\/phrase.com\/de\/wp-json\/wp\/v2\/users\/12"}],"replies":[{"embeddable":true,"href":"https:\/\/phrase.com\/de\/wp-json\/wp\/v2\/comments?post=119536"}],"version-history":[{"count":1,"href":"https:\/\/phrase.com\/de\/wp-json\/wp\/v2\/pages\/119536\/revisions"}],"predecessor-version":[{"id":119537,"href":"https:\/\/phrase.com\/de\/wp-json\/wp\/v2\/pages\/119536\/revisions\/119537"}],"up":[{"embeddable":true,"href":"https:\/\/phrase.com\/de\/wp-json\/wp\/v2\/pages\/31701"}],"wp:attachment":[{"href":"https:\/\/phrase.com\/de\/wp-json\/wp\/v2\/media?parent=119536"}],"curies":[{"name":"wp","href":"https:\/\/api.w.org\/{rel}","templated":true}]}}