{"id":119768,"date":"2023-05-17T11:00:00","date_gmt":"2023-05-17T09:00:00","guid":{"rendered":"https:\/\/phrase.com\/gpt\/"},"modified":"2025-10-06T09:40:17","modified_gmt":"2025-10-06T07:40:17","slug":"gpt","status":"publish","type":"page","link":"https:\/\/phrase.com\/de\/integrations\/gpt\/","title":{"rendered":"GPT"},"content":{"rendered":"\n<div id=\"acf\/hero-block_fb2d8541f62d8291ef1a5aa594fa4464\" class=\"pxblock pxblock--hero bg--white\">\n\t\t<div class=\"container\">\n\t\t<div class=\"columns animate-in animate-children columns--middle media--right\">\n\t\t\t<div class=\"wysiwyg column columns--text\">\n\n\t\t\t\t\t\t\t\t<div class=\"text--subheader subhead\">Werde Teil der Zukunft<\/div>\n\t\t\t\t\n\t\t\t\t<div class=\"text--header\"><h1 class=\" \">Bewirb dich f\u00fcr unser GPT-Beta-Programm<\/h1><\/div>\n\t\t\t\t<div class=\"text--copy\"><p>Unser Beta-Programm f\u00fcr GPT-\u00dcbersetzung bietet eine einzigartige Gelegenheit, die neuesten Innovationen in der k\u00fcnstlichen Intelligenz aus erster Hand zu erleben. Als Teilnehmer wirst du an der Spitze der Innovation stehen und uns helfen, relevante Anwendungen von OpenAIs gro\u00dfen Sprachmodellen in realen Lokalisierungsszenarien zu entwickeln.<br \/>\nUm dich zu registrieren und die Chance zu haben, die Vorteile dieser Integration vor allen anderen zu erleben, f\u00fclle einfach das nachfolgende Formular aus und gib deine Daten ein. Unser Team wird deine Bewerbung pr\u00fcfen und dich kontaktieren, falls du zur Teilnahme ausgew\u00e4hlt wirst.<\/p>\n<\/div>\n\n\t\t\t\t\t\t\t\t\t<div class=\"btn-group\">\n\t\t\t\t\t\t\t\t\t\t\t\t\t<a href=\"#apply\" class=\"btn btn--primary\">\n\t\t\t\t\t\t\t\tJetzt bewerben\t\t\t\t\t\t\t<\/a>\n\t\t\t\t\t\t\t\t\t\t\t\t<\/div>\n\t\t\t\t\t\t\t<\/div>\n\t\t\t<div class=\"column columns--media\">\n\t\t\t\t\t\t\t\t\t<div class=\"media media--image\">\n    <img loading=\"lazy\" decoding=\"async\" width=\"1260\" height=\"1153\" src=\"https:\/\/phrase.com\/wp-content\/uploads\/2023\/05\/GPT_Beta_Program_Hero-e1684300539427.png\" class=\"attachment-original size-original\" alt=\"GPT beta program May 2023 cadence launch | Phrase\" srcset=\"https:\/\/phrase.com\/wp-content\/uploads\/2023\/05\/GPT_Beta_Program_Hero-e1684300539427.png 1260w, https:\/\/phrase.com\/wp-content\/uploads\/2023\/05\/GPT_Beta_Program_Hero-e1684300539427-300x275.png 300w, https:\/\/phrase.com\/wp-content\/uploads\/2023\/05\/GPT_Beta_Program_Hero-e1684300539427-1024x937.png 1024w, https:\/\/phrase.com\/wp-content\/uploads\/2023\/05\/GPT_Beta_Program_Hero-e1684300539427-768x703.png 768w\" sizes=\"auto, (max-width: 1260px) 100vw, 1260px\" \/><\/div>\n\t\t\t\t\t\t\t<\/div>\n\t\t<\/div>\n\t<\/div>\n<\/div>\n\n\n\n<div id=\"#registration\" class=\"pxblock pxblock--form columns--two bg--green\">\n\t\t<div class=\"container\">\n\t\t\t\t\t<div class=\"columns animate-in animate-children\">\n\t\t\t\t<div class=\"column\">\n\t\t\t\t\t\t\t\t\t\t<div class=\"form--copy\"><h2 id=\"apply\" class=\"h3\">Bewirb dich f\u00fcr unser GPT-Beta-Programm<\/h2>\n<p>F\u00fclle einfach das Formular aus, um die Vorteile dieser Integration vor allen anderen zu erleben, dann setzen wir uns mit dir in Verbindung.<\/p>\n<\/div>\n\t\t\t\t<\/div>\n\t\t\t\t<div class=\"column form--holder\">\r\n\r\n  hbspt.forms.create({\r\n    region: &#8222;na1&#8220;,\r\n    portalId: &#8222;584311&#8220;,\r\n    formId: &#8222;4592d227-ce73-45a5-bd05-b3a83148934e&#8220;\r\n  });\r\n<\/div>\n\t\t\t<\/div>\n\t\t\t<\/div>\n<\/div>\n\n\n\n<div id=\"acf\/text-block_7a4632068aa0010a747d71b9205a0492\" class=\"pxblock pxblock--text spacing--default bg--white\">\n\n\t\n\t<div class=\"container\">\n\t\t<div class=\"wysiwyg animate-in block-center\">\n\t\t\t<p class=\"subhead\" style=\"text-align: center\">H\u00e4ufig gestellte Fragen<\/p>\n<h2 style=\"text-align: center\">Die Antworten auf deine Fragen \u00fcber unser GPT-Beta-Programm<\/h2>\n\t\t<\/div>\n\t<\/div>\n<\/div>\n\n\n\n<div id=\"acf\/accordion-block_4b8e3ae3b18f5ecba61d3c2955d78a5e\" class=\"pxblock pxblock--accordion bg--white \">\n\t\t<div class=\"container\">\n\t\t<div class=\"accordion animate-in\">\n\t\t\t\t\t\t\t\t\t<div class=\"accordion__tab\">\n\t\t\t\t<button class=\"heading toggle\" id=\"accordion_0\" aria-expanded=\"false\" aria-controls=\"accordion_section_0\">\n\t\t\t\t\t\t\t\t\t\t<div class=\"title\"><h3>Was ist das GPT-Beta-Programm?<\/h3><\/div>\n\t\t\t\t\t<span class=\"icon\">\n\t\t\t\t\t\t<svg width=\"22\" height=\"13\" viewBox=\"0 0 22 13\" fill=\"none\" xmlns=\"http:\/\/www.w3.org\/2000\/svg\"><path d=\"M20.113 1.5 11 10.613 1.887 1.5\" stroke=\"#1080FC\" stroke-width=\"2\" stroke-linecap=\"round\"\/><\/svg>\n<\/span>\n\t\t\t\t<\/button>\n\t\t\t\t<div id=\"accordion_section_0\" class=\"content\" role=\"region\" aria-labelledby=\"accordion_0\">\n\t\t\t\t\t<div class=\"text wysiwyg \">\n\t\t\t\t\t\t<p>Unser GPT-Beta-Programm ist ein exklusives Programm, das ausgew\u00e4hlten Kunden Vorabzugriff auf unsere Integration mit OpenAIs gro\u00dfen Sprachmodellen bietet. Indem du am Beta-Programm teilnimmst, erh\u00e4ltst du die Gelegenheit, das \u00dcbersetzen mit GPT und Phrase vor allen anderen auszutesten.<\/p>\n\t\t\t\t\t<\/div>\n\t\t\t\t<\/div>\n\t\t\t<\/div><!-- .accordion__tab-->\n\n\t\t\t\t\t\t\t\t\t<div class=\"accordion__tab\">\n\t\t\t\t<button class=\"heading toggle\" id=\"accordion_1\" aria-expanded=\"false\" aria-controls=\"accordion_section_1\">\n\t\t\t\t\t\t\t\t\t\t<div class=\"title\"><h3>Wer ist zur Teilnahme am Beta-Programm berechtigt?<\/h3><\/div>\n\t\t\t\t\t<span class=\"icon\">\n\t\t\t\t\t\t<svg width=\"22\" height=\"13\" viewBox=\"0 0 22 13\" fill=\"none\" xmlns=\"http:\/\/www.w3.org\/2000\/svg\"><path d=\"M20.113 1.5 11 10.613 1.887 1.5\" stroke=\"#1080FC\" stroke-width=\"2\" stroke-linecap=\"round\"\/><\/svg>\n<\/span>\n\t\t\t\t<\/button>\n\t\t\t\t<div id=\"accordion_section_1\" class=\"content\" role=\"region\" aria-labelledby=\"accordion_1\">\n\t\t\t\t\t<div class=\"text wysiwyg \">\n\t\t\t\t\t\t<p>Unser Beta-Programm steht allen offen. Bitte beachte jedoch, dass das Einreichen einer Bewerbung nicht garantiert, dass du zur Teilnahme ausgew\u00e4hlt wirst. Wir werden eine begrenzte Zahl von Kunden ausw\u00e4hlen, um allen Teilnehmern ein hochwertiges Erlebnis bieten zu k\u00f6nnen.<\/p>\n\t\t\t\t\t<\/div>\n\t\t\t\t<\/div>\n\t\t\t<\/div><!-- .accordion__tab-->\n\n\t\t\t\t\t\t\t\t\t<div class=\"accordion__tab\">\n\t\t\t\t<button class=\"heading toggle\" id=\"accordion_2\" aria-expanded=\"false\" aria-controls=\"accordion_section_2\">\n\t\t\t\t\t\t\t\t\t\t<div class=\"title\"><h3>Was sind die Vorteile der Teilnahme am Beta-Programm?<\/h3><\/div>\n\t\t\t\t\t<span class=\"icon\">\n\t\t\t\t\t\t<svg width=\"22\" height=\"13\" viewBox=\"0 0 22 13\" fill=\"none\" xmlns=\"http:\/\/www.w3.org\/2000\/svg\"><path d=\"M20.113 1.5 11 10.613 1.887 1.5\" stroke=\"#1080FC\" stroke-width=\"2\" stroke-linecap=\"round\"\/><\/svg>\n<\/span>\n\t\t\t\t<\/button>\n\t\t\t\t<div id=\"accordion_section_2\" class=\"content\" role=\"region\" aria-labelledby=\"accordion_2\">\n\t\t\t\t\t<div class=\"text wysiwyg \">\n\t\t\t\t\t\t<p>Indem du am Beta-Programm teilnimmst, erh\u00e4ltst du Zugriff auf unsere GPT-Implementierung vor allen anderen, was dir einen Wettbewerbsvorteil auf dem Markt verschafft. Du wirst au\u00dferdem die Gelegenheit haben, uns R\u00fcckmeldungen und Vorschl\u00e4ge zu geben, um die Zukunft unserer Integration mit OpenAIs gro\u00dfen Sprachmodellen zu gestalten.<\/p>\n\t\t\t\t\t<\/div>\n\t\t\t\t<\/div>\n\t\t\t<\/div><!-- .accordion__tab-->\n\n\t\t\t\t\t\t\t\t\t<div class=\"accordion__tab\">\n\t\t\t\t<button class=\"heading toggle\" id=\"accordion_3\" aria-expanded=\"false\" aria-controls=\"accordion_section_3\">\n\t\t\t\t\t\t\t\t\t\t<div class=\"title\"><h3>Wie erfahre ich, ob ich zur Teilnahme am Beta-Programm ausgew\u00e4hlt wurde?<\/h3><\/div>\n\t\t\t\t\t<span class=\"icon\">\n\t\t\t\t\t\t<svg width=\"22\" height=\"13\" viewBox=\"0 0 22 13\" fill=\"none\" xmlns=\"http:\/\/www.w3.org\/2000\/svg\"><path d=\"M20.113 1.5 11 10.613 1.887 1.5\" stroke=\"#1080FC\" stroke-width=\"2\" stroke-linecap=\"round\"\/><\/svg>\n<\/span>\n\t\t\t\t<\/button>\n\t\t\t\t<div id=\"accordion_section_3\" class=\"content\" role=\"region\" aria-labelledby=\"accordion_3\">\n\t\t\t\t\t<div class=\"text wysiwyg \">\n\t\t\t\t\t\t<p>Unser Team wird alle Bewerbungen pr\u00fcfen und sich mit ausgew\u00e4hlten Teilnehmern per E-Mail in Verbindung setzen. Bitte beachte, dass wir aufgrund der hohen Anzahl der eingehenden Bewerbungen nicht auf jede Bewerbung antworten k\u00f6nnen.<\/p>\n\t\t\t\t\t<\/div>\n\t\t\t\t<\/div>\n\t\t\t<\/div><!-- .accordion__tab-->\n\n\t\t\t\t\t<\/div><!-- .accordion-->\n\t<\/div><!-- .container-->\n<\/div>\n\n\n\n<div id=\"acf\/feature-block_672e58a1dab3276cfd162872cde65a7b\" class=\"pxblock pxblock--feature alignfull bg--yellow\">\n\t\t<div class=\"container animate-in\">\n\t\t<div class=\"feature--header\"><h2 class=\"h1\">Bereit loszulegen?<\/h2><\/div>\n\t\t<div class=\"feature--content\">\n\t\t\t<h3>Sprich eine gr\u00f6\u00dfere Zielgruppe an und verbessere die Kundenbindung.<\/h3>\n\t\t\t\t\t<\/div>\n\n\t\t\t\t\t<div class=\"feature--btns btn-group btn-group--center\">\n\t\t\t\t\t\t\t\t\t<a href=\"https:\/\/phrase.com\/de\/demo\/\" class=\"btn btn--primary\">\n\t\t\t\t\t\tDemo vereinbaren\t\t\t\t\t<\/a>\n\t\t\t\t\t\t\t\t\t\t<a href=\"https:\/\/phrase.com\/de\/pricing\/\" class=\"btn btn--outline\">\n\t\t\t\t\t\tPreise ansehen\t\t\t\t\t<\/a>\n\t\t\t\t\t\t\t\t<\/div>\n\t\t\t<\/div>\n<\/div>\n\n","protected":false},"excerpt":{"rendered":"","protected":false},"author":7,"featured_media":0,"parent":31701,"menu_order":0,"comment_status":"closed","ping_status":"closed","template":"page-refresh","meta":{"_acf_changed":false,"_stopmodifiedupdate":false,"_modified_date":"","_searchwp_excluded":"","episode_type":"","audio_file":"","podmotor_file_id":"","podmotor_episode_id":"","cover_image":"","cover_image_id":"","duration":"","filesize":"","filesize_raw":"","date_recorded":"","explicit":"","block":"","itunes_episode_number":"","itunes_title":"","itunes_season_number":"","itunes_episode_type":"","footnotes":""},"class_list":["post-119768","page","type-page","status-publish","hentry"],"acf":[],"_links":{"self":[{"href":"https:\/\/phrase.com\/de\/wp-json\/wp\/v2\/pages\/119768","targetHints":{"allow":["GET"]}}],"collection":[{"href":"https:\/\/phrase.com\/de\/wp-json\/wp\/v2\/pages"}],"about":[{"href":"https:\/\/phrase.com\/de\/wp-json\/wp\/v2\/types\/page"}],"author":[{"embeddable":true,"href":"https:\/\/phrase.com\/de\/wp-json\/wp\/v2\/users\/7"}],"replies":[{"embeddable":true,"href":"https:\/\/phrase.com\/de\/wp-json\/wp\/v2\/comments?post=119768"}],"version-history":[{"count":1,"href":"https:\/\/phrase.com\/de\/wp-json\/wp\/v2\/pages\/119768\/revisions"}],"predecessor-version":[{"id":119769,"href":"https:\/\/phrase.com\/de\/wp-json\/wp\/v2\/pages\/119768\/revisions\/119769"}],"up":[{"embeddable":true,"href":"https:\/\/phrase.com\/de\/wp-json\/wp\/v2\/pages\/31701"}],"wp:attachment":[{"href":"https:\/\/phrase.com\/de\/wp-json\/wp\/v2\/media?parent=119768"}],"curies":[{"name":"wp","href":"https:\/\/api.w.org\/{rel}","templated":true}]}}