{"id":119848,"date":"2024-07-23T14:33:41","date_gmt":"2024-07-23T12:33:41","guid":{"rendered":"https:\/\/phrase.com\/test-landingpage-ungeschutzter-content\/"},"modified":"2025-10-06T09:43:48","modified_gmt":"2025-10-06T07:43:48","slug":"test-landing-page-ungated-content","status":"publish","type":"page","link":"https:\/\/phrase.com\/de\/test-landing-page-ungated-content\/","title":{"rendered":"Test-Landingpage \u2013 ungesch\u00fctzter Content"},"content":{"rendered":"\n<div id=\"acf\/hero-block_65c8e965fb12d4d9c65d4b15a70efdb3\" class=\"pxblock pxblock--hero alignfull bg--white\">\n\t\t<div class=\"container\">\n\t\t<div class=\"columns animate-in animate-children columns--middle media--right\">\n\t\t\t<div class=\"wysiwyg column columns--text\">\n\n\t\t\t\t\t\t\t\t<div class=\"text--subheader subhead\">Kostenloses E\u2011Book <\/div>\n\t\t\t\t\n\t\t\t\t<div class=\"text--header\"><h1 class=\"secondary \">Das Localization Playbook f\u00fcr technische Kommunikation und Dokumentation<\/h1><\/div>\n\t\t\t\t<div class=\"text--copy\"><div class=\"column\">\n<ul class=\"checklist--small\">\n<li>Mit realen Szenarien und dem Fokus auf die Implementierung des richtigen Technologie-Stacks,<\/li>\n<li>stattet dieses Playbook dich mit den Tools und dem Wissen aus, um deinen Lokalisierungsprozess effektiv zu optimieren.<\/li>\n<li>Tauch ein und bring deine technische Kommunikation und Dokumentation selbstbewusst auf ein globales Publikum.<\/li>\n<\/ul>\n<\/div>\n<\/div>\n\n\t\t\t\t\t\t\t<\/div>\n\t\t\t<div class=\"column columns--media\">\n\t\t\t\t\t\t\t\t\t<div class=\"hero-form\">\n\t\t\t\t\t\t<p>Click the button for instant access to your ebook.<\/p>\n<p>  hbspt.forms.create({<br \/>\n    region: &#8222;na1&#8220;,<br \/>\n    portalId: &#8222;584311&#8220;,<br \/>\n    formId: &#8222;09ca3bf3-343d-4d94-a34a-16c9f6e33806&#8220;<br \/>\n  });<\/p>\n\t\t\t\t\t<\/div>\n\t\t\t\t\t\t\t<\/div>\n\t\t<\/div>\n\t<\/div>\n<\/div>\n\n\n\n<div id=\"acf\/form-block_15d1157ba599980d2d516d0a8c1f2635\" class=\"pxblock pxblock--form alignfull columns--one bg--white\">\n\t\t<div class=\"container\">\n\t\t\t\t\t<div class=\"form animate-in\">\n\t\t\t\t<div class=\"form--sub-header\"><\/div>\n\t\t\t\t<div class=\"form--header\"><h2><\/h2><\/div>\n\t\t\t\t<div class=\"form--copy\"><p class=\"subhead\">Kostenlos herunterladen<\/p>\n<p class=\"h3\"><strong>Dein umfassender Leitfaden zur Erstellung einer robusten mehrsprachigen Dokumentationsstrategie<\/strong><\/p>\n<p>In diesem E-Book tauchen wir in die Feinheiten der Vorbereitung von Content- und Translation-Memory-Migrationen ein, ordnen Legacy-Content den Zielmodellen zu und etablieren strategische Workflows f\u00fcr deinen Lokalisierungserfolg. Von der Konfiguration von Ver\u00f6ffentlichungs-Pipelines bis zur Planung der Migration von Content und \u00dcbersetzungsdaten geben wir dir praktische Einblicke und umsetzbare Schritte an die Hand, damit du die Komplexit\u00e4t der Lokalisierung meistern kannst.<\/p>\n<ul class=\"checklist--small\">\n<li>Verstehe die Bedeutung einer starken mehrsprachigen Dokumentationsstrategie<\/li>\n<li>Lerne wichtige \u00dcberlegungen, bevor du mit Migrationen beginnst<\/li>\n<li>Etabliere strategische Workflows f\u00fcr deinen Lokalisierungserfolg<\/li>\n<li>Konfiguriere Ver\u00f6ffentlichungs-Pipelines f\u00fcr optimalen Output<\/li>\n<li>Implementiere den richtigen Technologie-Stack f\u00fcr nahtlose Lokalisierung<\/li>\n<\/ul>\n<\/div>\n\t\t\t\t<div class=\"column form--holder\">\r\n\r\n  hbspt.forms.create({\r\n    region: &#8222;na1&#8220;,\r\n    portalId: &#8222;584311&#8220;,\r\n    formId: &#8222;09ca3bf3-343d-4d94-a34a-16c9f6e33806&#8220;\r\n  });\r\n<\/div>\n\t\t\t<\/div>\n\t\t\t<\/div>\n<\/div>\n\n\n\n<div id=\"acf\/form-block_876104fdf968a0cc424546c76a6d4136\" class=\"pxblock pxblock--form alignfull columns--two bg--white\">\n\t\t<div class=\"container\">\n\t\t\t\t\t<div class=\"columns animate-in animate-children\">\n\t\t\t\t<div class=\"column\">\n\t\t\t\t\t\t\t\t\t\t<div class=\"form--copy\"><p class=\"subhead\" style=\"text-align: left\">Kostenlos herunterladen<\/p>\n<p class=\"h3\" style=\"text-align: left\"><strong>Dein umfassender Leitfaden zur Erstellung einer robusten mehrsprachigen Dokumentationsstrategie<\/strong><\/p>\n<p style=\"text-align: left\">In diesem E\u2011Book tauchen wir in die Feinheiten der Vorbereitung von Content- und Translation-Memory-Migrationen ein, ordnen Legacy-Content den Zielmodellen zu und etablieren strategische Workflows f\u00fcr deinen Lokalisierungserfolg. Von der Konfiguration von Ver\u00f6ffentlichungs-Pipelines bis zur Planung der Migration von Content und \u00dcbersetzungsdaten bieten wir dir praktische Einblicke und umsetzbare Schritte, um die Komplexit\u00e4t der Lokalisierung zu meistern.<\/p>\n<ul class=\"checklist--small\">\n<li style=\"text-align: left\">Verstehe die Bedeutung einer starken mehrsprachigen Dokumentationsstrategie<\/li>\n<li style=\"text-align: left\">Lerne die wichtigsten \u00dcberlegungen kennen, bevor du mit Migrationen startest.<\/li>\n<li style=\"text-align: left\">Etabliere strategische Workflows f\u00fcr deinen Lokalisierungserfolg.<\/li>\n<li style=\"text-align: left\">Konfiguriere Ver\u00f6ffentlichungs-Pipelines f\u00fcr optimalen Output<\/li>\n<li style=\"text-align: left\">Implementiere den richtigen Technologie-Stack f\u00fcr eine nahtlose Lokalisierung.<\/li>\n<\/ul>\n<\/div>\n\t\t\t\t<\/div>\n\t\t\t\t<div class=\"column form--holder\">\r\n\r\n  hbspt.forms.create({\r\n    region: &#8222;na1&#8220;,\r\n    portalId: &#8222;584311&#8220;,\r\n    formId: &#8222;09ca3bf3-343d-4d94-a34a-16c9f6e33806&#8220;\r\n  });\r\n<\/div>\n\t\t\t<\/div>\n\t\t\t<\/div>\n<\/div>\n\n","protected":false},"excerpt":{"rendered":"","protected":false},"author":4,"featured_media":0,"parent":0,"menu_order":0,"comment_status":"closed","ping_status":"closed","template":"page-refresh","meta":{"_acf_changed":false,"_stopmodifiedupdate":false,"_modified_date":"","_searchwp_excluded":"","episode_type":"","audio_file":"","podmotor_file_id":"","podmotor_episode_id":"","cover_image":"","cover_image_id":"","duration":"","filesize":"","filesize_raw":"","date_recorded":"","explicit":"","block":"","itunes_episode_number":"","itunes_title":"","itunes_season_number":"","itunes_episode_type":"","footnotes":""},"class_list":["post-119848","page","type-page","status-publish","hentry"],"acf":[],"_links":{"self":[{"href":"https:\/\/phrase.com\/de\/wp-json\/wp\/v2\/pages\/119848","targetHints":{"allow":["GET"]}}],"collection":[{"href":"https:\/\/phrase.com\/de\/wp-json\/wp\/v2\/pages"}],"about":[{"href":"https:\/\/phrase.com\/de\/wp-json\/wp\/v2\/types\/page"}],"author":[{"embeddable":true,"href":"https:\/\/phrase.com\/de\/wp-json\/wp\/v2\/users\/4"}],"replies":[{"embeddable":true,"href":"https:\/\/phrase.com\/de\/wp-json\/wp\/v2\/comments?post=119848"}],"version-history":[{"count":1,"href":"https:\/\/phrase.com\/de\/wp-json\/wp\/v2\/pages\/119848\/revisions"}],"predecessor-version":[{"id":119849,"href":"https:\/\/phrase.com\/de\/wp-json\/wp\/v2\/pages\/119848\/revisions\/119849"}],"wp:attachment":[{"href":"https:\/\/phrase.com\/de\/wp-json\/wp\/v2\/media?parent=119848"}],"curies":[{"name":"wp","href":"https:\/\/api.w.org\/{rel}","templated":true}]}}