{"id":120480,"date":"2025-09-09T09:10:25","date_gmt":"2025-09-09T07:10:25","guid":{"rendered":"https:\/\/phrase.com\/pre-launch-podcast-registriere-dich\/"},"modified":"2025-10-06T09:58:30","modified_gmt":"2025-10-06T07:58:30","slug":"in-other-words-podcast-updates","status":"publish","type":"page","link":"https:\/\/phrase.com\/de\/in-other-words-podcast-updates\/","title":{"rendered":"Pre-Launch Podcast \u2013 Registriere dich"},"content":{"rendered":"\n<div class=\"wp-block-group alignfull has-background-images has-global-padding is-layout-constrained wp-block-group-is-layout-constrained\" style=\"background-image:url(https:\/\/phrase.com\/wp-content\/uploads\/2024\/03\/svgexport-1-18.svg),url(https:\/\/phrase.com\/wp-content\/uploads\/2024\/03\/svgexport-1-19.svg);background-position:100% 0%,0% 0%;background-attachment:scroll,scroll;background-repeat:no-repeat,no-repeat;background-size:auto,auto\">\n<h1 class=\"wp-block-heading alignwide\" id=\"h-in-other-words-straight-to-your-inbox\" style=\"padding-top:var(--wp--preset--spacing--80);padding-right:var(--wp--preset--spacing--70);padding-bottom:var(--wp--preset--spacing--80);padding-left:var(--wp--preset--spacing--70)\">In Other Words: direkt in dein Postfach<\/h1>\n\n\n\n<div class=\"wp-block-columns alignwide is-layout-flex wp-container-core-columns-is-layout-062e095d wp-block-columns-is-layout-flex\" style=\"margin-top:0;margin-bottom:0;padding-top:0;padding-right:var(--wp--preset--spacing--70);padding-bottom:0;padding-left:var(--wp--preset--spacing--70)\">\n<div class=\"wp-block-column is-layout-flow wp-block-column-is-layout-flow\">\n<p class=\"has-large-font-size\"><em>In Other Words<\/em> ist der Podcast, in dem globales Business, Kultur und Technologie aufeinandertreffen. Jede Episode bringt dir ehrliche Gespr\u00e4che mit F\u00fchrungskr\u00e4ften und Denkern, die gestalten, wie Organisationen mit Kunden in Kontakt treten, \u00fcber Grenzen hinweg wachsen und sich an Ver\u00e4nderungen anpassen.<\/p>\n\n\n\n<figure class=\"wp-block-video\"><video controls src=\"https:\/\/584311.fs1.hubspotusercontent-na1.net\/hubfs\/584311\/PHR%20-%204-Part%20Hook_v2.mp4\"><\/video><\/figure>\n\n\n\n<p>H\u00f6r von F\u00fchrungskr\u00e4ften bei TikTok, Canva, JLL, The Fresh Market, CarParts.com und vielen mehr. Sie werden ihre mutigen Ansichten zu allem teilen, von kultureller Relevanz und grenz\u00fcberschreitendem Wachstum bis hin zu F\u00fchrung, Resilienz und der Zukunft der KI.<\/p>\n\n\n\n<p class=\"has-large-font-size\">Registriere dich jetzt, um neue Episoden, Einblicke von G\u00e4sten und exklusive Momente hinter den Kulissen direkt in dein Postfach geliefert zu bekommen, und sei von Anfang an dabei.<\/p>\n\n\n\n<div style=\"height:20px\" aria-hidden=\"true\" class=\"wp-block-spacer\"><\/div>\n<\/div>\n\n\n\n<div class=\"wp-block-column is-vertically-aligned-center is-layout-flow wp-block-column-is-layout-flow\">\n<div style=\"height:10px\" aria-hidden=\"true\" class=\"wp-block-spacer\"><\/div>\n\n\n\n\n\n  hbspt.forms.create({\n    portalId: &#8222;584311&#8220;,\n    formId: &#8222;bc30ef86-8862-4d9c-998c-a4b98ac98eb9&#8220;,\n    region: &#8222;na1&#8220;\n  });\n\n<\/div>\n<\/div>\n\n\n\n<div style=\"height:200px\" aria-hidden=\"true\" class=\"wp-block-spacer\"><\/div>\n<\/div>\n\n","protected":false},"excerpt":{"rendered":"<p>In Other Words: direkt in dein Postfach In Other Words ist der Podcast, in dem globales Business, Kultur und Technologie aufeinandertreffen. Jede Episode bringt dir ehrliche Gespr\u00e4che mit F\u00fchrungskr\u00e4ften und Denkern, die gestalten, wie Organisationen mit Kunden in Kontakt treten, \u00fcber Grenzen hinweg wachsen und sich an Ver\u00e4nderungen anpassen. H\u00f6r von F\u00fchrungskr\u00e4ften bei TikTok, Canva, [&hellip;]<\/p>\n","protected":false},"author":78,"featured_media":115839,"parent":0,"menu_order":0,"comment_status":"closed","ping_status":"closed","template":"page-refresh","meta":{"_acf_changed":false,"_stopmodifiedupdate":false,"_modified_date":"","_searchwp_excluded":"","episode_type":"","audio_file":"","podmotor_file_id":"","podmotor_episode_id":"","cover_image":"","cover_image_id":"","duration":"","filesize":"","filesize_raw":"","date_recorded":"","explicit":"","block":"","itunes_episode_number":"","itunes_title":"","itunes_season_number":"","itunes_episode_type":"","footnotes":""},"class_list":["post-120480","page","type-page","status-publish","has-post-thumbnail","hentry"],"acf":[],"_links":{"self":[{"href":"https:\/\/phrase.com\/de\/wp-json\/wp\/v2\/pages\/120480","targetHints":{"allow":["GET"]}}],"collection":[{"href":"https:\/\/phrase.com\/de\/wp-json\/wp\/v2\/pages"}],"about":[{"href":"https:\/\/phrase.com\/de\/wp-json\/wp\/v2\/types\/page"}],"author":[{"embeddable":true,"href":"https:\/\/phrase.com\/de\/wp-json\/wp\/v2\/users\/78"}],"replies":[{"embeddable":true,"href":"https:\/\/phrase.com\/de\/wp-json\/wp\/v2\/comments?post=120480"}],"version-history":[{"count":1,"href":"https:\/\/phrase.com\/de\/wp-json\/wp\/v2\/pages\/120480\/revisions"}],"predecessor-version":[{"id":120481,"href":"https:\/\/phrase.com\/de\/wp-json\/wp\/v2\/pages\/120480\/revisions\/120481"}],"wp:featuredmedia":[{"embeddable":true,"href":"https:\/\/phrase.com\/de\/wp-json\/wp\/v2\/media\/115839"}],"wp:attachment":[{"href":"https:\/\/phrase.com\/de\/wp-json\/wp\/v2\/media?parent=120480"}],"curies":[{"name":"wp","href":"https:\/\/api.w.org\/{rel}","templated":true}]}}