{"id":121461,"date":"2024-07-02T10:26:50","date_gmt":"2024-07-02T08:26:50","guid":{"rendered":"https:\/\/phrase.com\/demo-buchen-ko\/"},"modified":"2025-10-06T10:23:49","modified_gmt":"2025-10-06T08:23:49","slug":"demo-kr","status":"publish","type":"page","link":"https:\/\/phrase.com\/de\/demo-kr\/","title":{"rendered":"Demo buchen &#8211; KO"},"content":{"rendered":"\n<div class=\"wp-block-group alignfull has-background-images has-global-padding is-layout-constrained wp-block-group-is-layout-constrained\" style=\"background-image:url(https:\/\/phrase.com\/wp-content\/uploads\/2024\/03\/svgexport-1-18.svg),url(https:\/\/phrase.com\/wp-content\/uploads\/2024\/03\/svgexport-1-19.svg);background-position:100% 0%,0% 0%;background-attachment:scroll,scroll;background-repeat:no-repeat,no-repeat;background-size:auto,auto\">\n<div class=\"wp-block-columns alignwide is-layout-flex wp-container-core-columns-is-layout-057d20c6 wp-block-columns-is-layout-flex\" style=\"padding-right:var(--wp--preset--spacing--70);padding-left:var(--wp--preset--spacing--70)\">\n<div class=\"wp-block-column is-layout-flow wp-block-column-is-layout-flow\">\n<div style=\"height:50px\" aria-hidden=\"true\" class=\"wp-block-spacer\"><\/div>\n\n\n\n<h1 class=\"wp-block-heading\" id=\"h-\ub370\ubaa8-\uc694\uccad\ud558\uae30\">Fordere eine Demo an<\/h1>\n\n\n\n<p class=\"has-large-font-size\">Wir demonstrieren die Funktionen von Phrase und beantworten alle deine Fragen. F\u00fclle dazu bitte das Formular aus, damit unser Team so schnell wie m\u00f6glich einen Termin f\u00fcr ein Treffen vereinbaren kann.<\/p>\n\n\n\n<p class=\"has-large-font-size\"><br><\/p>\n\n\n\n<div class=\"wp-block-group alignwide has-light-grey-background-color has-background has-background-images is-vertical is-layout-flex wp-container-core-group-is-layout-629585ae wp-block-group-is-layout-flex\" style=\"margin-top:var(--wp--preset--spacing--10);background-image:url(https:\/\/staging-phrasestagingpx-phrasedev.kinsta.cloud\/wp-content\/uploads\/2024\/03\/svgexport-1-8.svg),url(https:\/\/staging-phrasestagingpx-phrasedev.kinsta.cloud\/wp-content\/uploads\/2024\/03\/svgexport-1-9.svg);background-position:100% 100%,-4% 600%;background-attachment:scroll,scroll;background-repeat:no-repeat,no-repeat;background-size:auto,auto\">\n<div class=\"wp-block-group alignwide is-vertical is-layout-flex wp-container-core-group-is-layout-a0bebe47 wp-block-group-is-layout-flex\" style=\"margin-top:0;margin-bottom:0;padding-top:0;padding-right:0;padding-bottom:0;padding-left:0\">\n<p class=\"has-large-font-size\"><strong><strong>Preisgekr\u00f6nte Lokalisierungsplattform<\/strong><\/strong><\/p>\n\n\n\n<p class=\"is-style-default has-small-font-size\">Die authentischen Bewertungen von \u00fcber eintausend verifizierten G2-Usern machen uns zum vertrauensw\u00fcrdigen Marktf\u00fchrer, der dir die T\u00fcr zum globalen Gesch\u00e4ft \u00f6ffnet.<\/p>\n<\/div>\n\n\n\n<div class=\"wp-block-group alignwide is-horizontal is-content-justification-center is-layout-flex wp-container-core-group-is-layout-8558f6ec wp-block-group-is-layout-flex\">\n<figure class=\"wp-block-image size-full is-resized is-style-default\"><img loading=\"lazy\" decoding=\"async\" width=\"869\" height=\"1000\" src=\"https:\/\/phrase.com\/wp-content\/uploads\/2025\/03\/g2-grid-leader-enterprise-phrase.png\" alt=\"Das G2 Grid-Diagramm zeigt Phrase als einen der Marktf\u00fchrer in der Kategorie Unternehmenslokalisierung, wobei das Logo des Unternehmens im oberen rechten Quadranten positioniert ist\u00a0\u2013 ein Zeichen f\u00fcr starke Kundenzufriedenheit und hohe Marktpr\u00e4senz.\" class=\"wp-image-102761\" style=\"width:125px\" srcset=\"https:\/\/phrase.com\/wp-content\/uploads\/2025\/03\/g2-grid-leader-enterprise-phrase.png 869w, https:\/\/phrase.com\/wp-content\/uploads\/2025\/03\/g2-grid-leader-enterprise-phrase-261x300.png 261w, https:\/\/phrase.com\/wp-content\/uploads\/2025\/03\/g2-grid-leader-enterprise-phrase-768x884.png 768w\" sizes=\"auto, (max-width: 869px) 100vw, 869px\" \/><\/figure>\n\n\n\n<figure class=\"wp-block-image size-full is-resized\"><img loading=\"lazy\" decoding=\"async\" width=\"869\" height=\"1000\" src=\"https:\/\/phrase.com\/wp-content\/uploads\/2025\/03\/g2-grid-leader-mid-market-phrase.png\" alt=\"Das G2 Grid-Diagramm zeigt Phrase im Leader-Quadranten f\u00fcr mittelgro\u00dfe Lokalisierungsplattformen, was auf eine hohe Kundenzufriedenheit und eine starke Marktpr\u00e4senz auf der Grundlage verifizierter Nutzerbewertungen hindeutet.\" class=\"wp-image-102769\" style=\"width:125px\" srcset=\"https:\/\/phrase.com\/wp-content\/uploads\/2025\/03\/g2-grid-leader-mid-market-phrase.png 869w, https:\/\/phrase.com\/wp-content\/uploads\/2025\/03\/g2-grid-leader-mid-market-phrase-261x300.png 261w, https:\/\/phrase.com\/wp-content\/uploads\/2025\/03\/g2-grid-leader-mid-market-phrase-768x884.png 768w\" sizes=\"auto, (max-width: 869px) 100vw, 869px\" \/><\/figure>\n\n\n\n<figure class=\"wp-block-image size-full is-resized\"><img loading=\"lazy\" decoding=\"async\" width=\"869\" height=\"1000\" src=\"https:\/\/phrase.com\/wp-content\/uploads\/2025\/03\/g2-grid-leader-small-business-phrase.png\" alt=\"Dieses G2-Grid-Diagramm zeigt Phrase als Leader in der Kategorie Lokalisierung f\u00fcr kleine Unternehmen, positioniert im oberen rechten Quadranten\u00a0\u2013 was die Top-Bewertungen in Bezug auf Kundenzufriedenheit und Marktpr\u00e4senz unter den Nutzern kleiner Unternehmen widerspiegelt.\" class=\"wp-image-102777\" style=\"width:125px\" srcset=\"https:\/\/phrase.com\/wp-content\/uploads\/2025\/03\/g2-grid-leader-small-business-phrase.png 869w, https:\/\/phrase.com\/wp-content\/uploads\/2025\/03\/g2-grid-leader-small-business-phrase-261x300.png 261w, https:\/\/phrase.com\/wp-content\/uploads\/2025\/03\/g2-grid-leader-small-business-phrase-768x884.png 768w\" sizes=\"auto, (max-width: 869px) 100vw, 869px\" \/><\/figure>\n<\/div>\n<\/div>\n<\/div>\n\n\n\n<div class=\"wp-block-column is-layout-flow wp-block-column-is-layout-flow\">\n<div style=\"height:50px\" aria-hidden=\"true\" class=\"wp-block-spacer\"><\/div>\n\n\n\n\n\n  hbspt.forms.create({\n    region: &#8222;na1&#8220;,\n    portalId: &#8222;584311&#8220;,\n    formId: &#8222;88e00bbf-97b7-4cf8-a472-27bd63013dc9&#8220;\n  });\n\n\n\n\n\n\nvar cpTenantDomain = &#8222;phrase&#8220;; \/\/ replace with your subdomain\n\nvar cpRouterName = &#8222;phrase_new&#8220;; \/\/ replace with the router&#8217;s name\n\nvar lead = {};\n\nwindow.addEventListener(&#8222;message&#8220;, function (event) {\n\n if (event.data.type === &#8222;hsFormCallback&#8220;) {\n\n if (event.data.eventName === &#8222;onFormSubmit&#8220;) {\n\n for (var key in event.data.data) {\n\n if (Array.isArray(event.data.data[key].value)) {event.data.data[key].value = event.data.data[key].value.toString().replaceAll(&#8222;,&#8220;,&#8220;;&#8220;);}\n\n lead[event.data.data[key].name] = event.data.data[key].value;\n\n }\n\n if(Object.keys(lead).length &lt;= 1){lead = event.data.data;}\n\n } else if (event.data.eventName === &quot;onFormSubmitted&quot;) {\n\n ChiliPiper.submit(cpTenantDomain, cpRouterName, {map:true,lead:lead});\n\n }\n\n }\n\n});\n\n\n<\/div>\n<\/div>\n\n\n\n<div style=\"height:200px\" aria-hidden=\"true\" class=\"wp-block-spacer\"><\/div>\n<\/div>\n\n","protected":false},"excerpt":{"rendered":"<p>Fordere eine Demo an Wir demonstrieren die Funktionen von Phrase und beantworten alle deine Fragen. F\u00fclle dazu bitte das Formular aus, damit unser Team so schnell wie m\u00f6glich einen Termin f\u00fcr ein Treffen vereinbaren kann. Preisgekr\u00f6nte Lokalisierungsplattform Die authentischen Bewertungen von \u00fcber eintausend verifizierten G2-Usern machen uns zum vertrauensw\u00fcrdigen Marktf\u00fchrer, der dir die T\u00fcr zum [&hellip;]<\/p>\n","protected":false},"author":59,"featured_media":7474,"parent":0,"menu_order":0,"comment_status":"closed","ping_status":"closed","template":"page-refresh","meta":{"_acf_changed":false,"_stopmodifiedupdate":false,"_modified_date":"","_searchwp_excluded":"","episode_type":"","audio_file":"","podmotor_file_id":"","podmotor_episode_id":"","cover_image":"","cover_image_id":"","duration":"","filesize":"","filesize_raw":"","date_recorded":"","explicit":"","block":"","itunes_episode_number":"","itunes_title":"","itunes_season_number":"","itunes_episode_type":"","footnotes":""},"class_list":["post-121461","page","type-page","status-publish","has-post-thumbnail","hentry"],"acf":[],"_links":{"self":[{"href":"https:\/\/phrase.com\/de\/wp-json\/wp\/v2\/pages\/121461","targetHints":{"allow":["GET"]}}],"collection":[{"href":"https:\/\/phrase.com\/de\/wp-json\/wp\/v2\/pages"}],"about":[{"href":"https:\/\/phrase.com\/de\/wp-json\/wp\/v2\/types\/page"}],"author":[{"embeddable":true,"href":"https:\/\/phrase.com\/de\/wp-json\/wp\/v2\/users\/59"}],"replies":[{"embeddable":true,"href":"https:\/\/phrase.com\/de\/wp-json\/wp\/v2\/comments?post=121461"}],"version-history":[{"count":1,"href":"https:\/\/phrase.com\/de\/wp-json\/wp\/v2\/pages\/121461\/revisions"}],"predecessor-version":[{"id":121462,"href":"https:\/\/phrase.com\/de\/wp-json\/wp\/v2\/pages\/121461\/revisions\/121462"}],"wp:featuredmedia":[{"embeddable":true,"href":"https:\/\/phrase.com\/de\/wp-json\/wp\/v2\/media\/7474"}],"wp:attachment":[{"href":"https:\/\/phrase.com\/de\/wp-json\/wp\/v2\/media?parent=121461"}],"curies":[{"name":"wp","href":"https:\/\/api.w.org\/{rel}","templated":true}]}}