{"id":121501,"date":"2025-02-18T15:57:46","date_gmt":"2025-02-18T14:57:46","guid":{"rendered":"https:\/\/phrase.com\/business-statistik-hub\/"},"modified":"2025-10-06T10:24:35","modified_gmt":"2025-10-06T08:24:35","slug":"business-statistics-hub","status":"publish","type":"page","link":"https:\/\/phrase.com\/de\/business-statistics-hub\/","title":{"rendered":"Business-Statistik-Hub"},"content":{"rendered":"\n<div class=\"wp-block-group alignwide is-style-header-hero has-light-neutral-color has-green-90-background-color has-text-color has-background has-link-color wp-elements-469ed2a136d37eb8cc721032e049efaf is-layout-flow wp-block-group-is-layout-flow\"><div class=\"yoast-breadcrumbs\"><span><span><a href=\"https:\/\/phrase.com\/de\/\">Home<\/a><\/span> | <span class=\"breadcrumb_last\" aria-current=\"page\">Business-Statistik-Hub<\/span><\/span><\/div>\n\n\n<h1 class=\"wp-block-heading has-white-color has-text-color has-link-color wp-elements-74d4212bf9a8b9859c0d2746d1112b93\" id=\"h-business-statistics-hub\">Business-Statistik-Hub<\/h1>\n\n\n\n<p>xxx<\/p>\n\n\n\n<div class=\"wp-block-buttons is-layout-flex wp-block-buttons-is-layout-flex\">\n<div class=\"wp-block-button is-style-purple-filled\"><a class=\"wp-block-button__link wp-element-button\">CTA<\/a><\/div>\n<\/div>\n\n\n\n<div style=\"height:33px\" aria-hidden=\"true\" class=\"wp-block-spacer\"><\/div>\n<\/div>\n\n\n\n<figure class=\"wp-block-gallery alignwide has-nested-images columns-default is-cropped wp-block-gallery-1 is-layout-flex wp-block-gallery-is-layout-flex\">\n<figure class=\"wp-block-image size-full is-style-default\"><img loading=\"lazy\" decoding=\"async\" width=\"1200\" height=\"628\" data-id=\"100184\" src=\"https:\/\/phrase.com\/wp-content\/uploads\/2025\/02\/Demo_v3-2-1.jpg\" alt=\"\" class=\"wp-image-100184\" srcset=\"https:\/\/phrase.com\/wp-content\/uploads\/2025\/02\/Demo_v3-2-1.jpg 1200w, https:\/\/phrase.com\/wp-content\/uploads\/2025\/02\/Demo_v3-2-1-300x157.jpg 300w, https:\/\/phrase.com\/wp-content\/uploads\/2025\/02\/Demo_v3-2-1-1024x536.jpg 1024w, https:\/\/phrase.com\/wp-content\/uploads\/2025\/02\/Demo_v3-2-1-768x402.jpg 768w\" sizes=\"auto, (max-width: 1200px) 100vw, 1200px\" \/><\/figure>\n\n\n\n<figure class=\"wp-block-image size-full\"><img loading=\"lazy\" decoding=\"async\" width=\"1200\" height=\"628\" data-id=\"100172\" src=\"https:\/\/phrase.com\/wp-content\/uploads\/2025\/02\/Demo_v3-3-1.jpg\" alt=\"\" class=\"wp-image-100172\" srcset=\"https:\/\/phrase.com\/wp-content\/uploads\/2025\/02\/Demo_v3-3-1.jpg 1200w, https:\/\/phrase.com\/wp-content\/uploads\/2025\/02\/Demo_v3-3-1-300x157.jpg 300w, https:\/\/phrase.com\/wp-content\/uploads\/2025\/02\/Demo_v3-3-1-1024x536.jpg 1024w, https:\/\/phrase.com\/wp-content\/uploads\/2025\/02\/Demo_v3-3-1-768x402.jpg 768w\" sizes=\"auto, (max-width: 1200px) 100vw, 1200px\" \/><\/figure>\n<\/figure>\n\n\n\n<figure class=\"wp-block-image size-large\"><img loading=\"lazy\" decoding=\"async\" width=\"1024\" height=\"536\" src=\"https:\/\/phrase.com\/wp-content\/uploads\/2025\/02\/Demo_v3-2-2-1024x536.jpg\" alt=\"\" class=\"wp-image-100192\" srcset=\"https:\/\/phrase.com\/wp-content\/uploads\/2025\/02\/Demo_v3-2-2-1024x536.jpg 1024w, https:\/\/phrase.com\/wp-content\/uploads\/2025\/02\/Demo_v3-2-2-300x157.jpg 300w, https:\/\/phrase.com\/wp-content\/uploads\/2025\/02\/Demo_v3-2-2-768x402.jpg 768w, https:\/\/phrase.com\/wp-content\/uploads\/2025\/02\/Demo_v3-2-2.jpg 1200w\" sizes=\"auto, (max-width: 1024px) 100vw, 1024px\" \/><\/figure>\n\n\n\n<figure class=\"wp-block-gallery alignwide has-nested-images columns-default is-cropped wp-block-gallery-2 is-layout-flex wp-block-gallery-is-layout-flex\">\n<figure class=\"wp-block-image size-large\"><img loading=\"lazy\" decoding=\"async\" width=\"1024\" height=\"536\" data-id=\"100212\" src=\"https:\/\/phrase.com\/wp-content\/uploads\/2025\/02\/Demo_v3-2-3-1024x536.jpg\" alt=\"\" class=\"wp-image-100212\" srcset=\"https:\/\/phrase.com\/wp-content\/uploads\/2025\/02\/Demo_v3-2-3-1024x536.jpg 1024w, https:\/\/phrase.com\/wp-content\/uploads\/2025\/02\/Demo_v3-2-3-300x157.jpg 300w, https:\/\/phrase.com\/wp-content\/uploads\/2025\/02\/Demo_v3-2-3-768x402.jpg 768w, https:\/\/phrase.com\/wp-content\/uploads\/2025\/02\/Demo_v3-2-3.jpg 1200w\" sizes=\"auto, (max-width: 1024px) 100vw, 1024px\" \/><\/figure>\n\n\n\n<figure class=\"wp-block-image size-large\"><img loading=\"lazy\" decoding=\"async\" width=\"1024\" height=\"536\" data-id=\"100200\" src=\"https:\/\/phrase.com\/wp-content\/uploads\/2025\/02\/Demo_v3-3-2-1024x536.jpg\" alt=\"\" class=\"wp-image-100200\" srcset=\"https:\/\/phrase.com\/wp-content\/uploads\/2025\/02\/Demo_v3-3-2-1024x536.jpg 1024w, https:\/\/phrase.com\/wp-content\/uploads\/2025\/02\/Demo_v3-3-2-300x157.jpg 300w, https:\/\/phrase.com\/wp-content\/uploads\/2025\/02\/Demo_v3-3-2-768x402.jpg 768w, https:\/\/phrase.com\/wp-content\/uploads\/2025\/02\/Demo_v3-3-2.jpg 1200w\" sizes=\"auto, (max-width: 1024px) 100vw, 1024px\" \/><\/figure>\n\n\n\n<figure class=\"wp-block-image size-large\"><img loading=\"lazy\" decoding=\"async\" width=\"1024\" height=\"536\" data-id=\"100206\" src=\"https:\/\/phrase.com\/wp-content\/uploads\/2025\/02\/Demo_v3-4-1024x536.jpg\" alt=\"\" class=\"wp-image-100206\" srcset=\"https:\/\/phrase.com\/wp-content\/uploads\/2025\/02\/Demo_v3-4-1024x536.jpg 1024w, https:\/\/phrase.com\/wp-content\/uploads\/2025\/02\/Demo_v3-4-300x157.jpg 300w, https:\/\/phrase.com\/wp-content\/uploads\/2025\/02\/Demo_v3-4-768x402.jpg 768w, https:\/\/phrase.com\/wp-content\/uploads\/2025\/02\/Demo_v3-4.jpg 1200w\" sizes=\"auto, (max-width: 1024px) 100vw, 1024px\" \/><\/figure>\n<\/figure>\n\n\n\n<h2 class=\"wp-block-heading has-text-align-center\" id=\"h-technology\">Technologie<\/h2>\n\n\n<div class=\"alignwide wp-block-phrase-com-suggested-reading--hide-types alignwide wp-block-phrase-com-suggested-reading\"><div class=\"glide wp-block-phrase-com-suggested-reading__slider\"><div class=\"wp-block-phrase-com-suggested-reading__header\"><div class=\"wp-block-phrase-com-suggested-reading__controls\" data-glide-el=\"controls\"><button type=\"button\" class=\"glide__arrow wp-block-phrase-com-suggested-reading__prev-slide\" data-glide-dir=\"<\"><svg aria-hidden=\"true\" xmlns=\"http:\/\/www.w3.org\/2000\/svg\" width=\"22\" height=\"22\" fill=\"none\" viewBox=\"0 0 22 22\"><path fill=\"currentColor\" d=\"m10.191 11 3.01 3.036-.917.924L8.36 11l3.925-3.96.915.924L10.192 11Z\"\/><\/svg><span class=\"screen-reader-text\">Vorherige<\/span><\/button><button type=\"button\" class=\"glide__arrow wp-block-phrase-com-suggested-reading__next-slide\" data-glide-dir=\"&gt;\"><svg xmlns=\"http:\/\/www.w3.org\/2000\/svg\" width=\"22\" height=\"22\" fill=\"none\" viewBox=\"0 0 22 22\"><path fill=\"currentColor\" d=\"m11.809 11-3.01-3.036.916-.924L13.64 11l-3.925 3.96-.915-.924L11.808 11Z\"\/><\/svg><span class=\"screen-reader-text\">N\u00e4chste<\/span><\/button><\/div><\/div><div class=\"glide__track\" data-glide-el=\"track\"><div class=\"glide__slides\">\n<div class=\"wp-block-phrase-com-suggested-reading-item glide__slide wp-block-phrase-com-suggested-reading-custom\"><div class=\"wp-block-phrase-com-suggested-reading-item__inner\"><div class=\"wp-block-phrase-com-suggested-reading-item__header\"><figure class=\"wp-block-phrase-com-suggested-reading-item__image\"><img loading=\"lazy\" decoding=\"async\" width=\"1024\" height=\"581\" src=\"https:\/\/phrase.com\/wp-content\/uploads\/2025\/02\/Awards-Reviews-leader-g2-phrase-webpage-Badges-1024x581.jpg\" class=\"attachment-large size-large\" alt=\"G2 badge enterprise winter 2025 phrase\" srcset=\"https:\/\/phrase.com\/wp-content\/uploads\/2025\/02\/Awards-Reviews-leader-g2-phrase-webpage-Badges-1024x581.jpg 1024w, https:\/\/phrase.com\/wp-content\/uploads\/2025\/02\/Awards-Reviews-leader-g2-phrase-webpage-Badges-300x170.jpg 300w, https:\/\/phrase.com\/wp-content\/uploads\/2025\/02\/Awards-Reviews-leader-g2-phrase-webpage-Badges-768x436.jpg 768w, https:\/\/phrase.com\/wp-content\/uploads\/2025\/02\/Awards-Reviews-leader-g2-phrase-webpage-Badges-1536x872.jpg 1536w, https:\/\/phrase.com\/wp-content\/uploads\/2025\/02\/Awards-Reviews-leader-g2-phrase-webpage-Badges.jpg 1920w\" sizes=\"auto, (max-width: 1024px) 100vw, 1024px\" \/><\/figure><\/div><div class=\"wp-block-phrase-com-suggested-reading-item__content\"><h3>Enterprise Leader G2 Winter Report 2025<\/h3><p>Phrase wurde im neuesten Bericht aus dem Winter 2024\/25 mit dem Enterprise Leader-Abzeichen ausgezeichnet. Dies ist ein Beweis f\u00fcr die Unterst\u00fctzung und Exzellenz, die wir unseren Enterprise-Kunden bieten, um ihnen zu helfen, ihre Lokalisierungs- und \u00dcbersetzungsziele zu erreichen.<\/p><\/div><\/div><\/div>\n\n<div class=\"wp-block-phrase-com-suggested-reading-item glide__slide wp-block-phrase-com-suggested-reading-custom\"><div class=\"wp-block-phrase-com-suggested-reading-item__inner\"><div class=\"wp-block-phrase-com-suggested-reading-item__header\"><figure class=\"wp-block-phrase-com-suggested-reading-item__image\"><img loading=\"lazy\" decoding=\"async\" width=\"1024\" height=\"581\" src=\"https:\/\/phrase.com\/wp-content\/uploads\/2025\/02\/Awards-Reviews-leader-g2-phrase-webpage-Badges-1024x581.jpg\" class=\"attachment-large size-large\" alt=\"G2 badge enterprise winter 2025 phrase\" srcset=\"https:\/\/phrase.com\/wp-content\/uploads\/2025\/02\/Awards-Reviews-leader-g2-phrase-webpage-Badges-1024x581.jpg 1024w, https:\/\/phrase.com\/wp-content\/uploads\/2025\/02\/Awards-Reviews-leader-g2-phrase-webpage-Badges-300x170.jpg 300w, https:\/\/phrase.com\/wp-content\/uploads\/2025\/02\/Awards-Reviews-leader-g2-phrase-webpage-Badges-768x436.jpg 768w, https:\/\/phrase.com\/wp-content\/uploads\/2025\/02\/Awards-Reviews-leader-g2-phrase-webpage-Badges-1536x872.jpg 1536w, https:\/\/phrase.com\/wp-content\/uploads\/2025\/02\/Awards-Reviews-leader-g2-phrase-webpage-Badges.jpg 1920w\" sizes=\"auto, (max-width: 1024px) 100vw, 1024px\" \/><\/figure><\/div><div class=\"wp-block-phrase-com-suggested-reading-item__content\"><h3>Enterprise Leader G2 Winter Report 2025<\/h3><p>Phrase wurde im neuesten Bericht aus dem Winter 2024\/25 mit dem Enterprise Leader-Abzeichen ausgezeichnet. Dies ist ein Beweis f\u00fcr die Unterst\u00fctzung und Exzellenz, die wir unseren Enterprise-Kunden bieten, um ihnen zu helfen, ihre Lokalisierungs- und \u00dcbersetzungsziele zu erreichen.<\/p><\/div><\/div><\/div>\n\n<div class=\"wp-block-phrase-com-suggested-reading-item glide__slide wp-block-phrase-com-suggested-reading-custom\"><div class=\"wp-block-phrase-com-suggested-reading-item__inner\"><div class=\"wp-block-phrase-com-suggested-reading-item__header\"><figure class=\"wp-block-phrase-com-suggested-reading-item__image\"><img loading=\"lazy\" decoding=\"async\" width=\"1024\" height=\"581\" src=\"https:\/\/phrase.com\/wp-content\/uploads\/2025\/02\/Awards-Reviews-leader-g2-phrase-webpage-Badges-1024x581.jpg\" class=\"attachment-large size-large\" alt=\"G2 badge enterprise winter 2025 phrase\" srcset=\"https:\/\/phrase.com\/wp-content\/uploads\/2025\/02\/Awards-Reviews-leader-g2-phrase-webpage-Badges-1024x581.jpg 1024w, https:\/\/phrase.com\/wp-content\/uploads\/2025\/02\/Awards-Reviews-leader-g2-phrase-webpage-Badges-300x170.jpg 300w, https:\/\/phrase.com\/wp-content\/uploads\/2025\/02\/Awards-Reviews-leader-g2-phrase-webpage-Badges-768x436.jpg 768w, https:\/\/phrase.com\/wp-content\/uploads\/2025\/02\/Awards-Reviews-leader-g2-phrase-webpage-Badges-1536x872.jpg 1536w, https:\/\/phrase.com\/wp-content\/uploads\/2025\/02\/Awards-Reviews-leader-g2-phrase-webpage-Badges.jpg 1920w\" sizes=\"auto, (max-width: 1024px) 100vw, 1024px\" \/><\/figure><\/div><div class=\"wp-block-phrase-com-suggested-reading-item__content\"><h3>Enterprise Leader G2 Winter Report 2025<\/h3><p>Phrase wurde im neuesten Bericht aus dem Winter 2024\/25 mit dem Enterprise Leader-Abzeichen ausgezeichnet. Dies ist ein Beweis f\u00fcr die hervorragende Unterst\u00fctzung, die wir unseren Unternehmenskunden bieten, damit sie ihre Lokalisierungs- und \u00dcbersetzungsziele erreichen.<\/p><\/div><\/div><\/div>\n\n<div class=\"wp-block-phrase-com-suggested-reading-item glide__slide wp-block-phrase-com-suggested-reading-custom\"><div class=\"wp-block-phrase-com-suggested-reading-item__inner\"><div class=\"wp-block-phrase-com-suggested-reading-item__header\"><figure class=\"wp-block-phrase-com-suggested-reading-item__image\"><img loading=\"lazy\" decoding=\"async\" width=\"1024\" height=\"581\" src=\"https:\/\/phrase.com\/wp-content\/uploads\/2025\/02\/Awards-Reviews-Badges-translation-mangagement-software-1024x581.jpg\" class=\"attachment-large size-large\" alt=\"Phrase award badge for translation management software\" srcset=\"https:\/\/phrase.com\/wp-content\/uploads\/2025\/02\/Awards-Reviews-Badges-translation-mangagement-software-1024x581.jpg 1024w, https:\/\/phrase.com\/wp-content\/uploads\/2025\/02\/Awards-Reviews-Badges-translation-mangagement-software-300x170.jpg 300w, https:\/\/phrase.com\/wp-content\/uploads\/2025\/02\/Awards-Reviews-Badges-translation-mangagement-software-768x436.jpg 768w, https:\/\/phrase.com\/wp-content\/uploads\/2025\/02\/Awards-Reviews-Badges-translation-mangagement-software-1536x872.jpg 1536w, https:\/\/phrase.com\/wp-content\/uploads\/2025\/02\/Awards-Reviews-Badges-translation-mangagement-software.jpg 1920w\" sizes=\"auto, (max-width: 1024px) 100vw, 1024px\" \/><\/figure><\/div><div class=\"wp-block-phrase-com-suggested-reading-item__content\"><h3>Top Translation Management Software 2024<\/h3><p>Phrase wurde f\u00fcr seinen nachweislich gro\u00dfen Kundenstamm und Marktanteil in der \u00dcbersetzungsmanagementbranche ausgezeichnet. Wir danken unseren Kunden, die sich f\u00fcr Phrase als \u00dcbersetzungsdienstleister entschieden haben, und hoffen, dass wir unseren Marktanteil auch weiterhin ausbauen k\u00f6nnen.<\/p><\/div><\/div><\/div>\n\n<div class=\"wp-block-phrase-com-suggested-reading-item glide__slide wp-block-phrase-com-suggested-reading-custom\"><div class=\"wp-block-phrase-com-suggested-reading-item__inner\"><div class=\"wp-block-phrase-com-suggested-reading-item__header\"><figure class=\"wp-block-phrase-com-suggested-reading-item__image\"><img loading=\"lazy\" decoding=\"async\" width=\"1024\" height=\"581\" src=\"https:\/\/phrase.com\/wp-content\/uploads\/2025\/02\/Awards-Reviews-Webpage-Badges-top-trasnsation-solutions-provider--1024x581.jpg\" class=\"attachment-large size-large\" alt=\"Phrase award top translation software solutions provider\" srcset=\"https:\/\/phrase.com\/wp-content\/uploads\/2025\/02\/Awards-Reviews-Webpage-Badges-top-trasnsation-solutions-provider--1024x581.jpg 1024w, https:\/\/phrase.com\/wp-content\/uploads\/2025\/02\/Awards-Reviews-Webpage-Badges-top-trasnsation-solutions-provider--300x170.jpg 300w, https:\/\/phrase.com\/wp-content\/uploads\/2025\/02\/Awards-Reviews-Webpage-Badges-top-trasnsation-solutions-provider--768x436.jpg 768w, https:\/\/phrase.com\/wp-content\/uploads\/2025\/02\/Awards-Reviews-Webpage-Badges-top-trasnsation-solutions-provider--1536x872.jpg 1536w, https:\/\/phrase.com\/wp-content\/uploads\/2025\/02\/Awards-Reviews-Webpage-Badges-top-trasnsation-solutions-provider-.jpg 1920w\" sizes=\"auto, (max-width: 1024px) 100vw, 1024px\" \/><\/figure><\/div><div class=\"wp-block-phrase-com-suggested-reading-item__content\"><h3>Top Translation Software Solutions\u00a0Provider 2024<\/h3><p>Phrase wurde von CIO Review f\u00fcr seine entscheidende Rolle bei der F\u00f6rderung von Verst\u00e4ndnis und Kommunikation \u00fcber verschiedene Sprachen und Kulturen hinweg durch innovative Technologie ausgezeichnet.<\/p><\/div><\/div><\/div>\n<\/div><\/div><\/div><\/div>\n\n\n<h2 class=\"wp-block-heading has-text-align-center\" id=\"h-retail\">Einzelhandel<\/h2>\n\n\n<div class=\"alignwide wp-block-phrase-com-suggested-reading--hide-types alignwide wp-block-phrase-com-suggested-reading\"><div class=\"glide wp-block-phrase-com-suggested-reading__slider\"><div class=\"wp-block-phrase-com-suggested-reading__header\"><div class=\"wp-block-phrase-com-suggested-reading__controls\" data-glide-el=\"controls\"><button type=\"button\" class=\"glide__arrow wp-block-phrase-com-suggested-reading__prev-slide\" data-glide-dir=\"<\"><svg aria-hidden=\"true\" xmlns=\"http:\/\/www.w3.org\/2000\/svg\" width=\"22\" height=\"22\" fill=\"none\" viewBox=\"0 0 22 22\"><path fill=\"currentColor\" d=\"m10.191 11 3.01 3.036-.917.924L8.36 11l3.925-3.96.915.924L10.192 11Z\"\/><\/svg><span class=\"screen-reader-text\">Vorherige<\/span><\/button><button type=\"button\" class=\"glide__arrow wp-block-phrase-com-suggested-reading__next-slide\" data-glide-dir=\"&gt;\"><svg xmlns=\"http:\/\/www.w3.org\/2000\/svg\" width=\"22\" height=\"22\" fill=\"none\" viewBox=\"0 0 22 22\"><path fill=\"currentColor\" d=\"m11.809 11-3.01-3.036.916-.924L13.64 11l-3.925 3.96-.915-.924L11.808 11Z\"\/><\/svg><span class=\"screen-reader-text\">N\u00e4chste<\/span><\/button><\/div><\/div><div class=\"glide__track\" data-glide-el=\"track\"><div class=\"glide__slides\">\n<div class=\"wp-block-phrase-com-suggested-reading-item glide__slide wp-block-phrase-com-suggested-reading-custom\"><div class=\"wp-block-phrase-com-suggested-reading-item__inner\"><div class=\"wp-block-phrase-com-suggested-reading-item__header\"><figure class=\"wp-block-phrase-com-suggested-reading-item__image\"><img loading=\"lazy\" decoding=\"async\" width=\"1024\" height=\"581\" src=\"https:\/\/phrase.com\/wp-content\/uploads\/2025\/02\/Awards-Reviews-leader-g2-phrase-webpage-Badges-1024x581.jpg\" class=\"attachment-large size-large\" alt=\"G2 badge enterprise winter 2025 phrase\" srcset=\"https:\/\/phrase.com\/wp-content\/uploads\/2025\/02\/Awards-Reviews-leader-g2-phrase-webpage-Badges-1024x581.jpg 1024w, https:\/\/phrase.com\/wp-content\/uploads\/2025\/02\/Awards-Reviews-leader-g2-phrase-webpage-Badges-300x170.jpg 300w, https:\/\/phrase.com\/wp-content\/uploads\/2025\/02\/Awards-Reviews-leader-g2-phrase-webpage-Badges-768x436.jpg 768w, https:\/\/phrase.com\/wp-content\/uploads\/2025\/02\/Awards-Reviews-leader-g2-phrase-webpage-Badges-1536x872.jpg 1536w, https:\/\/phrase.com\/wp-content\/uploads\/2025\/02\/Awards-Reviews-leader-g2-phrase-webpage-Badges.jpg 1920w\" sizes=\"auto, (max-width: 1024px) 100vw, 1024px\" \/><\/figure><\/div><div class=\"wp-block-phrase-com-suggested-reading-item__content\"><h3>Enterprise Leader G2 Winter Report 2025<\/h3><p>Phrase wurde im neuesten Bericht aus dem Winter 2024\/25 mit dem Enterprise Leader-Abzeichen ausgezeichnet. Dies ist ein Beweis f\u00fcr die Unterst\u00fctzung und Exzellenz, die wir unseren Enterprise-Kunden bieten, um ihnen zu helfen, ihre Lokalisierungs- und \u00dcbersetzungsziele zu erreichen.<\/p><\/div><\/div><\/div>\n\n<div class=\"wp-block-phrase-com-suggested-reading-item glide__slide wp-block-phrase-com-suggested-reading-custom\"><div class=\"wp-block-phrase-com-suggested-reading-item__inner\"><div class=\"wp-block-phrase-com-suggested-reading-item__header\"><figure class=\"wp-block-phrase-com-suggested-reading-item__image\"><img loading=\"lazy\" decoding=\"async\" width=\"1024\" height=\"581\" src=\"https:\/\/phrase.com\/wp-content\/uploads\/2025\/02\/Awards-Reviews-leader-g2-phrase-webpage-Badges-1024x581.jpg\" class=\"attachment-large size-large\" alt=\"G2 badge enterprise winter 2025 phrase\" srcset=\"https:\/\/phrase.com\/wp-content\/uploads\/2025\/02\/Awards-Reviews-leader-g2-phrase-webpage-Badges-1024x581.jpg 1024w, https:\/\/phrase.com\/wp-content\/uploads\/2025\/02\/Awards-Reviews-leader-g2-phrase-webpage-Badges-300x170.jpg 300w, https:\/\/phrase.com\/wp-content\/uploads\/2025\/02\/Awards-Reviews-leader-g2-phrase-webpage-Badges-768x436.jpg 768w, https:\/\/phrase.com\/wp-content\/uploads\/2025\/02\/Awards-Reviews-leader-g2-phrase-webpage-Badges-1536x872.jpg 1536w, https:\/\/phrase.com\/wp-content\/uploads\/2025\/02\/Awards-Reviews-leader-g2-phrase-webpage-Badges.jpg 1920w\" sizes=\"auto, (max-width: 1024px) 100vw, 1024px\" \/><\/figure><\/div><div class=\"wp-block-phrase-com-suggested-reading-item__content\"><h3>Enterprise Leader G2 Winter Report 2025<\/h3><p>Phrase wurde im neuesten Bericht aus dem Winter 2024\/25 mit dem Enterprise Leader-Abzeichen ausgezeichnet. Dies ist ein Beweis f\u00fcr die Unterst\u00fctzung und Exzellenz, die wir unseren Enterprise-Kunden bieten, um ihnen zu helfen, ihre Lokalisierungs- und \u00dcbersetzungsziele zu erreichen.<\/p><\/div><\/div><\/div>\n\n<div class=\"wp-block-phrase-com-suggested-reading-item glide__slide wp-block-phrase-com-suggested-reading-custom\"><div class=\"wp-block-phrase-com-suggested-reading-item__inner\"><div class=\"wp-block-phrase-com-suggested-reading-item__header\"><figure class=\"wp-block-phrase-com-suggested-reading-item__image\"><img loading=\"lazy\" decoding=\"async\" width=\"1024\" height=\"581\" src=\"https:\/\/phrase.com\/wp-content\/uploads\/2025\/02\/Awards-Reviews-leader-g2-phrase-webpage-Badges-1024x581.jpg\" class=\"attachment-large size-large\" alt=\"G2 badge enterprise winter 2025 phrase\" srcset=\"https:\/\/phrase.com\/wp-content\/uploads\/2025\/02\/Awards-Reviews-leader-g2-phrase-webpage-Badges-1024x581.jpg 1024w, https:\/\/phrase.com\/wp-content\/uploads\/2025\/02\/Awards-Reviews-leader-g2-phrase-webpage-Badges-300x170.jpg 300w, https:\/\/phrase.com\/wp-content\/uploads\/2025\/02\/Awards-Reviews-leader-g2-phrase-webpage-Badges-768x436.jpg 768w, https:\/\/phrase.com\/wp-content\/uploads\/2025\/02\/Awards-Reviews-leader-g2-phrase-webpage-Badges-1536x872.jpg 1536w, https:\/\/phrase.com\/wp-content\/uploads\/2025\/02\/Awards-Reviews-leader-g2-phrase-webpage-Badges.jpg 1920w\" sizes=\"auto, (max-width: 1024px) 100vw, 1024px\" \/><\/figure><\/div><div class=\"wp-block-phrase-com-suggested-reading-item__content\"><h3>Enterprise Leader G2 Winter Report 2025<\/h3><p>Phrase wurde im neuesten Bericht aus dem Winter 2024\/25 mit dem Enterprise Leader-Abzeichen ausgezeichnet. Dies ist ein Beweis f\u00fcr die hervorragende Unterst\u00fctzung, die wir unseren Unternehmenskunden bieten, damit sie ihre Lokalisierungs- und \u00dcbersetzungsziele erreichen.<\/p><\/div><\/div><\/div>\n\n<div class=\"wp-block-phrase-com-suggested-reading-item glide__slide wp-block-phrase-com-suggested-reading-custom\"><div class=\"wp-block-phrase-com-suggested-reading-item__inner\"><div class=\"wp-block-phrase-com-suggested-reading-item__header\"><figure class=\"wp-block-phrase-com-suggested-reading-item__image\"><img loading=\"lazy\" decoding=\"async\" width=\"1024\" height=\"581\" src=\"https:\/\/phrase.com\/wp-content\/uploads\/2025\/02\/Awards-Reviews-Badges-translation-mangagement-software-1024x581.jpg\" class=\"attachment-large size-large\" alt=\"Phrase award badge for translation management software\" srcset=\"https:\/\/phrase.com\/wp-content\/uploads\/2025\/02\/Awards-Reviews-Badges-translation-mangagement-software-1024x581.jpg 1024w, https:\/\/phrase.com\/wp-content\/uploads\/2025\/02\/Awards-Reviews-Badges-translation-mangagement-software-300x170.jpg 300w, https:\/\/phrase.com\/wp-content\/uploads\/2025\/02\/Awards-Reviews-Badges-translation-mangagement-software-768x436.jpg 768w, https:\/\/phrase.com\/wp-content\/uploads\/2025\/02\/Awards-Reviews-Badges-translation-mangagement-software-1536x872.jpg 1536w, https:\/\/phrase.com\/wp-content\/uploads\/2025\/02\/Awards-Reviews-Badges-translation-mangagement-software.jpg 1920w\" sizes=\"auto, (max-width: 1024px) 100vw, 1024px\" \/><\/figure><\/div><div class=\"wp-block-phrase-com-suggested-reading-item__content\"><h3>Top Translation Management Software 2024<\/h3><p>Phrase wurde f\u00fcr seinen nachweislich gro\u00dfen Kundenstamm und Marktanteil in der \u00dcbersetzungsmanagementbranche ausgezeichnet. Wir danken unseren Kunden, die sich f\u00fcr Phrase als \u00dcbersetzungsdienstleister entschieden haben, und hoffen, dass wir unseren Marktanteil auch weiterhin ausbauen k\u00f6nnen.<\/p><\/div><\/div><\/div>\n\n<div class=\"wp-block-phrase-com-suggested-reading-item glide__slide wp-block-phrase-com-suggested-reading-custom\"><div class=\"wp-block-phrase-com-suggested-reading-item__inner\"><div class=\"wp-block-phrase-com-suggested-reading-item__header\"><figure class=\"wp-block-phrase-com-suggested-reading-item__image\"><img loading=\"lazy\" decoding=\"async\" width=\"1024\" height=\"581\" src=\"https:\/\/phrase.com\/wp-content\/uploads\/2025\/02\/Awards-Reviews-Webpage-Badges-top-trasnsation-solutions-provider--1024x581.jpg\" class=\"attachment-large size-large\" alt=\"Phrase award top translation software solutions provider\" srcset=\"https:\/\/phrase.com\/wp-content\/uploads\/2025\/02\/Awards-Reviews-Webpage-Badges-top-trasnsation-solutions-provider--1024x581.jpg 1024w, https:\/\/phrase.com\/wp-content\/uploads\/2025\/02\/Awards-Reviews-Webpage-Badges-top-trasnsation-solutions-provider--300x170.jpg 300w, https:\/\/phrase.com\/wp-content\/uploads\/2025\/02\/Awards-Reviews-Webpage-Badges-top-trasnsation-solutions-provider--768x436.jpg 768w, https:\/\/phrase.com\/wp-content\/uploads\/2025\/02\/Awards-Reviews-Webpage-Badges-top-trasnsation-solutions-provider--1536x872.jpg 1536w, https:\/\/phrase.com\/wp-content\/uploads\/2025\/02\/Awards-Reviews-Webpage-Badges-top-trasnsation-solutions-provider-.jpg 1920w\" sizes=\"auto, (max-width: 1024px) 100vw, 1024px\" \/><\/figure><\/div><div class=\"wp-block-phrase-com-suggested-reading-item__content\"><h3>Top Translation Software Solutions\u00a0Provider 2024<\/h3><p>Phrase wurde von CIO Review f\u00fcr seine innovative Technologie ausgezeichnet, die bei der F\u00f6rderung von Verst\u00e4ndnis und Kommunikation \u00fcber verschiedene Sprachen und Kulturen hinweg eine zentrale Rolle spielt.<\/p><\/div><\/div><\/div>\n<\/div><\/div><\/div><\/div>\n","protected":false},"excerpt":{"rendered":"<p>Business-Statistik-Hub xxx Technologie Einzelhandel<\/p>\n","protected":false},"author":77,"featured_media":0,"parent":0,"menu_order":0,"comment_status":"closed","ping_status":"closed","template":"page-refresh","meta":{"_acf_changed":false,"_stopmodifiedupdate":false,"_modified_date":"","_searchwp_excluded":"","episode_type":"","audio_file":"","podmotor_file_id":"","podmotor_episode_id":"","cover_image":"","cover_image_id":"","duration":"","filesize":"","filesize_raw":"","date_recorded":"","explicit":"","block":"","itunes_episode_number":"","itunes_title":"","itunes_season_number":"","itunes_episode_type":"","footnotes":""},"class_list":["post-121501","page","type-page","status-publish","hentry"],"acf":[],"_links":{"self":[{"href":"https:\/\/phrase.com\/de\/wp-json\/wp\/v2\/pages\/121501","targetHints":{"allow":["GET"]}}],"collection":[{"href":"https:\/\/phrase.com\/de\/wp-json\/wp\/v2\/pages"}],"about":[{"href":"https:\/\/phrase.com\/de\/wp-json\/wp\/v2\/types\/page"}],"author":[{"embeddable":true,"href":"https:\/\/phrase.com\/de\/wp-json\/wp\/v2\/users\/77"}],"replies":[{"embeddable":true,"href":"https:\/\/phrase.com\/de\/wp-json\/wp\/v2\/comments?post=121501"}],"version-history":[{"count":1,"href":"https:\/\/phrase.com\/de\/wp-json\/wp\/v2\/pages\/121501\/revisions"}],"predecessor-version":[{"id":121502,"href":"https:\/\/phrase.com\/de\/wp-json\/wp\/v2\/pages\/121501\/revisions\/121502"}],"wp:attachment":[{"href":"https:\/\/phrase.com\/de\/wp-json\/wp\/v2\/media?parent=121501"}],"curies":[{"name":"wp","href":"https:\/\/api.w.org\/{rel}","templated":true}]}}