{"id":122194,"date":"2025-09-18T00:19:27","date_gmt":"2025-09-17T22:19:27","guid":{"rendered":"https:\/\/phrase.com\/locworld54-monterey\/"},"modified":"2025-10-29T15:33:55","modified_gmt":"2025-10-29T14:33:55","slug":"locworld54-monterey-2025","status":"publish","type":"page","link":"https:\/\/phrase.com\/de\/events\/locworld54-monterey-2025\/","title":{"rendered":"LocWorld54, Monterey"},"content":{"rendered":"\n<div class=\"wp-block-group alignwide is-style-header-hero has-lightblue-to-transparent-gradient-background has-background is-layout-flow wp-block-group-is-layout-flow\" style=\"padding-top:var(--wp--preset--spacing--70);padding-bottom:var(--wp--preset--spacing--70)\">\n<div class=\"wp-block-columns alignwide media-text-columns media-text-columns--media-right is-layout-flex wp-container-core-columns-is-layout-28f84493 wp-block-columns-is-layout-flex\">\n<div class=\"wp-block-column is-vertically-aligned-center is-layout-flow wp-container-core-column-is-layout-eb7cd7b9 wp-block-column-is-layout-flow\" style=\"padding-top:var(--wp--preset--spacing--16);padding-right:0;padding-bottom:var(--wp--preset--spacing--16);padding-left:0;flex-basis:80%\">\n<h2 class=\"wp-block-heading has-blue-color has-text-color has-link-color wp-elements-5fa28fc5e7153e20a005b8f5220c4ebe\" id=\"h-besuche-uns-auf-der-locworld54-14-16-oktober\" style=\"padding-right:0;padding-left:0\"><br>Besuche uns auf der LocWorld54, <br>14.\u201316. Oktober<\/h2>\n\n\n\n<p style=\"padding-top:0;padding-right:var(--wp--preset--spacing--10);padding-bottom:0;padding-left:var(--wp--preset--spacing--10)\"><br>Wir sind auf der <strong>LocWorld54<\/strong> dabei \u2013 <em> <\/em>der f\u00fchrenden Konferenz f\u00fcr Lokalisierungsprofis, Networking und Brancheninnovation, die vom 14. bis 16. Oktober 2025 in Monterey stattfindet!<br><br>Die dreit\u00e4gige Veranstaltung bringt Praktiker, Technologieanbieter und F\u00fchrungskr\u00e4fte aus der Wirtschaft zusammen, um die realen Herausforderungen der globalen Skalierung von Inhalten zu diskutieren. Von KI und Automatisierung zu Kundenerfahrung und Strategie<\/p>\n<\/div>\n\n\n\n<div class=\"wp-block-column is-vertically-aligned-center is-layout-flow wp-block-column-is-layout-flow\" style=\"flex-basis:57.2131147541%\">\n<figure class=\"wp-block-image size-full\"><img loading=\"lazy\" decoding=\"async\" width=\"1004\" height=\"564\" src=\"https:\/\/phrase.com\/wp-content\/uploads\/2024\/11\/Screenshot-2024-11-01-at-13.12.52-e1731057220606.jpg\" alt=\"The exterior of the Monterey Conference Center with signage for LocWorld Monterey 2024, a conference focused on localization, AI, and global communication strategies, showing people entering the building under a clear blue sky.\" class=\"wp-image-94167\" srcset=\"https:\/\/phrase.com\/wp-content\/uploads\/2024\/11\/Screenshot-2024-11-01-at-13.12.52-e1731057220606.jpg 1004w, https:\/\/phrase.com\/wp-content\/uploads\/2024\/11\/Screenshot-2024-11-01-at-13.12.52-e1731057220606-300x169.jpg 300w, https:\/\/phrase.com\/wp-content\/uploads\/2024\/11\/Screenshot-2024-11-01-at-13.12.52-e1731057220606-768x431.jpg 768w\" sizes=\"auto, (max-width: 1004px) 100vw, 1004px\" \/><\/figure>\n<\/div>\n<\/div>\n<\/div>\n\n\n\n<div class=\"wp-block-group alignwide has-global-padding is-layout-constrained wp-block-group-is-layout-constrained\">\n<div class=\"wp-block-group alignwide has-blue-10-background-color has-background has-background-images has-global-padding is-layout-constrained wp-container-core-group-is-layout-6c1f4a5c wp-block-group-is-layout-constrained\" style=\"margin-top:var(--wp--preset--spacing--10);padding-top:var(--wp--preset--spacing--70);padding-right:var(--wp--preset--spacing--70);padding-bottom:var(--wp--preset--spacing--70);padding-left:var(--wp--preset--spacing--70);background-image:url(https:\/\/phrase.com\/wp-content\/uploads\/2024\/06\/background-blue-fade-1.svg);background-position:0% 0%;background-attachment:scroll;background-repeat:no-repeat;background-size:cover\">\n<div class=\"wp-block-group alignwide is-layout-flow wp-block-group-is-layout-flow\">\n<h2 class=\"wp-block-heading has-text-align-left\" id=\"h-komm-zu-unseren-kamingesprach\"><strong><strong><strong><strong><strong><strong>Komm zu unseren Kamingespr\u00e4ch<\/strong><\/strong><\/strong><\/strong><\/strong><\/strong><\/h2>\n\n\n\n<h3 class=\"wp-block-heading has-text-align-left\" id=\"h-von-der-mehrsprachigkeit-zur-mehrdimensionalitat-der-wettlauf-um-die-lokalisierung-von-inhalten-die-niemals-stillstehen\"><strong><strong><strong><strong><strong>Von der Mehrsprachigkeit zur Mehrdimensionalit\u00e4t: Der Wettlauf um die Lokalisierung von Inhalten, die niemals stillstehen<\/strong><\/strong><\/strong><\/strong><\/strong><\/h3>\n\n\n\n<p>Jeden Tag werden weltweit 402,74 Quintillionen Bytes an Daten erzeugt. Nachrichten werden heute in Echtzeit gestreamt, personalisiert und konsumiert. F\u00fcr weltweit agierende Unternehmen besteht die Herausforderung nicht mehr darin, eine endg\u00fcltige Version zu produzieren, sondern Erlebnisse zu gestalten, die sich sofort anpassen.<\/p>\n\n\n\n<p>Die Lokalisierung geht von der Mehrsprachigkeit zur Mehrdimensionalit\u00e4t \u00fcber, wobei Worte nur ein Teil der Gleichung sind. Kultur, Kontext, Format und Relevanz entscheiden heute dar\u00fcber, ob eine Botschaft ankommt. KI spielt eine zentrale Rolle bei der Erm\u00f6glichung dieses Wandels, da sie die Geschwindigkeit und Skalierbarkeit bietet, um Inhalte in Echtzeit anzupassen. Die eigentliche Frage lautet nicht l\u00e4nger, wie schnell wir \u00fcbersetzen k\u00f6nnen, sondern wie gut es uns gelingt, relevante Inhalte in dem Moment bereitzustellen, in dem sie konsumiert werden.<\/p>\n\n\n\n<p>Besuche unser Kamingespr\u00e4ch mit Georg Ell und Eddie Arrieta, bei dem es um die Frage geht, wie man Bedeutung schafft, wenn Inhalte niemals stillstehen, und warum die Zukunft der globalen Kommunikation an ihrer Wirkung im Moment gemessen werden wird.<\/p>\n\n\n\n<p><strong>Datum: <\/strong>16. Oktober 2025<\/p>\n\n\n\n<p><strong>Zeit: <\/strong>14:45 &#8211; 15:15 Uhr<\/p>\n\n\n\n<h4 class=\"wp-block-heading\" id=\"h-sprecher\"><strong>Sprecher<\/strong>:<\/h4>\n\n\n\n<div class=\"wp-block-columns is-layout-flex wp-container-core-columns-is-layout-28f84493 wp-block-columns-is-layout-flex\">\n<div class=\"wp-block-column is-layout-flow wp-block-column-is-layout-flow\">\n<figure class=\"wp-block-image size-full is-resized is-style-rounded\"><img loading=\"lazy\" decoding=\"async\" width=\"1200\" height=\"800\" src=\"https:\/\/phrase.com\/wp-content\/uploads\/2024\/07\/Georg_Ell_Phrase_CEO2.jpg\" alt=\"\" class=\"wp-image-88376\" style=\"object-fit:cover;width:200px;height:200px\" srcset=\"https:\/\/phrase.com\/wp-content\/uploads\/2024\/07\/Georg_Ell_Phrase_CEO2.jpg 1200w, https:\/\/phrase.com\/wp-content\/uploads\/2024\/07\/Georg_Ell_Phrase_CEO2-300x200.jpg 300w, https:\/\/phrase.com\/wp-content\/uploads\/2024\/07\/Georg_Ell_Phrase_CEO2-1024x683.jpg 1024w, https:\/\/phrase.com\/wp-content\/uploads\/2024\/07\/Georg_Ell_Phrase_CEO2-768x512.jpg 768w\" sizes=\"auto, (max-width: 1200px) 100vw, 1200px\" \/><\/figure>\n\n\n\n<p style=\"padding-right:110px\"><a href=\"https:\/\/www.linkedin.com\/in\/georgell\/\"><strong><strong>Georg Ell<\/strong><\/strong><br><\/a><strong>CEO, Phrase<\/strong><\/p>\n<\/div>\n\n\n\n<div class=\"wp-block-column is-layout-flow wp-block-column-is-layout-flow\">\n<figure class=\"wp-block-image size-full is-resized\"><img loading=\"lazy\" decoding=\"async\" width=\"400\" height=\"400\" src=\"https:\/\/phrase.com\/wp-content\/uploads\/2025\/09\/Eddie-Arrieta.jpeg\" alt=\"\" class=\"wp-image-117527\" style=\"object-fit:cover;width:200px;height:200px\" srcset=\"https:\/\/phrase.com\/wp-content\/uploads\/2025\/09\/Eddie-Arrieta.jpeg 400w, https:\/\/phrase.com\/wp-content\/uploads\/2025\/09\/Eddie-Arrieta-300x300.jpeg 300w, https:\/\/phrase.com\/wp-content\/uploads\/2025\/09\/Eddie-Arrieta-150x150.jpeg 150w\" sizes=\"auto, (max-width: 400px) 100vw, 400px\" \/><\/figure>\n\n\n\n<p style=\"padding-right:110px\"><a href=\"https:\/\/www.linkedin.com\/in\/eddiearrieta\/\"><strong><strong>Eddie Arrieta<\/strong><\/strong><br><\/a><strong>CEO, MultiLingual <\/strong><\/p>\n<\/div>\n\n\n\n<div class=\"wp-block-column is-layout-flow wp-block-column-is-layout-flow\"><\/div>\n\n\n\n<div class=\"wp-block-column is-layout-flow wp-block-column-is-layout-flow\"><\/div>\n<\/div>\n\n\n\n<div style=\"height:10px\" aria-hidden=\"true\" class=\"wp-block-spacer\"><\/div>\n\n\n\n<p><strong>Wichtige Erkenntnisse<\/strong>:<\/p>\n\n\n\n<ul class=\"wp-block-list\">\n<li><strong>Zusammenarbeit von Mensch und Technologie:<\/strong> Geschwindigkeit und Umfang m\u00fcssen mit kulturellem Verst\u00e4ndnis und Vertrauen einhergehen.<\/li>\n<\/ul>\n\n\n\n<ul class=\"wp-block-list\">\n<li><strong>Vermehrung von Inhalten:<\/strong> Die t\u00e4glichen Internetinhalte, die zunehmend von Menschen und KI generiert werden, werden in Quintillionen von Bytes gemessen und bilden den Kontext f\u00fcr Risiken wie Chancen zugleich.<\/li>\n<\/ul>\n\n\n\n<ul class=\"wp-block-list\">\n<li><strong>Mehrdimensionale Lokalisierung:<\/strong> Bedeutung h\u00e4ngt heute von der Kultur, dem Kontext, dem Format, der Relevanz und dem Zeitpunkt ab, nicht nur von der Genauigkeit der \u00dcbersetzung.<\/li>\n<\/ul>\n\n\n\n<ul class=\"wp-block-list\">\n<li><strong>Strategischer Schwerpunkt:<\/strong> In einer Flut von Inhalten z\u00e4hlt Resonanz mehr als Volumen.&nbsp;<\/li>\n<\/ul>\n\n\n\n<ul class=\"wp-block-list\">\n<li><strong>Echtzeit-Workflows:<\/strong> Bestehende Prozesse m\u00fcssen weiterentwickelt werden, wobei die Anpassung in Echtzeit zum Standard wird.<\/li>\n<\/ul>\n\n\n\n<div style=\"height:30px\" aria-hidden=\"true\" class=\"wp-block-spacer\"><\/div>\n\n\n\n<div class=\"wp-block-buttons is-content-justification-center is-layout-flex wp-container-core-buttons-is-layout-5b5683f2 wp-block-buttons-is-layout-flex\">\n<div class=\"wp-block-button\"><a class=\"wp-block-button__link wp-element-button\" href=\"https:\/\/locworld.com\/events\/locworld54-monterey-2025\/\" target=\"_blank\" rel=\"noreferrer noopener\">Sieh dir das vollst\u00e4ndige Programm an und melde dich an<\/a><\/div>\n<\/div>\n<\/div>\n<\/div>\n<\/div>\n\n\n\n<div class=\"wp-block-group alignwide is-style-default is-layout-grid wp-container-core-group-is-layout-e0ce3018 wp-block-group-is-layout-grid\" style=\"padding-right:0;padding-left:0\">\n<div class=\"wp-block-group has-light-neutral-background-color has-background is-vertical is-layout-flex wp-container-core-group-is-layout-e7059ca3 wp-block-group-is-layout-flex\" style=\"padding-top:var(--wp--preset--spacing--45);padding-right:var(--wp--preset--spacing--45);padding-bottom:var(--wp--preset--spacing--45);padding-left:var(--wp--preset--spacing--45)\">\n<div class=\"wp-block-columns is-layout-flex wp-container-core-columns-is-layout-28f84493 wp-block-columns-is-layout-flex\">\n<div class=\"wp-block-column is-layout-flow wp-block-column-is-layout-flow\">\n<figure class=\"wp-block-image size-full\"><img loading=\"lazy\" decoding=\"async\" width=\"200\" height=\"200\" src=\"https:\/\/phrase.com\/wp-content\/uploads\/2025\/09\/Event-Headshots-20.png\" alt=\"\" class=\"wp-image-117466\" srcset=\"https:\/\/phrase.com\/wp-content\/uploads\/2025\/09\/Event-Headshots-20.png 200w, https:\/\/phrase.com\/wp-content\/uploads\/2025\/09\/Event-Headshots-20-150x150.png 150w\" sizes=\"auto, (max-width: 200px) 100vw, 200px\" \/><\/figure>\n<\/div>\n\n\n\n<div class=\"wp-block-column is-layout-flow wp-block-column-is-layout-flow\">\n<figure class=\"wp-block-image size-full\"><img loading=\"lazy\" decoding=\"async\" width=\"200\" height=\"200\" src=\"https:\/\/phrase.com\/wp-content\/uploads\/2025\/09\/Event-Headshots-23.png\" alt=\"\" class=\"wp-image-117484\" srcset=\"https:\/\/phrase.com\/wp-content\/uploads\/2025\/09\/Event-Headshots-23.png 200w, https:\/\/phrase.com\/wp-content\/uploads\/2025\/09\/Event-Headshots-23-150x150.png 150w\" sizes=\"auto, (max-width: 200px) 100vw, 200px\" \/><\/figure>\n<\/div>\n\n\n\n<div class=\"wp-block-column is-layout-flow wp-block-column-is-layout-flow\">\n<figure class=\"wp-block-image size-full\"><img loading=\"lazy\" decoding=\"async\" width=\"200\" height=\"200\" src=\"https:\/\/phrase.com\/wp-content\/uploads\/2025\/09\/Event-Headshots-22.png\" alt=\"\" class=\"wp-image-117478\" srcset=\"https:\/\/phrase.com\/wp-content\/uploads\/2025\/09\/Event-Headshots-22.png 200w, https:\/\/phrase.com\/wp-content\/uploads\/2025\/09\/Event-Headshots-22-150x150.png 150w\" sizes=\"auto, (max-width: 200px) 100vw, 200px\" \/><\/figure>\n<\/div>\n\n\n\n<div class=\"wp-block-column is-layout-flow wp-block-column-is-layout-flow\">\n<figure class=\"wp-block-image size-full\"><img loading=\"lazy\" decoding=\"async\" width=\"200\" height=\"200\" src=\"https:\/\/phrase.com\/wp-content\/uploads\/2025\/09\/Event-Headshots-21.png\" alt=\"\" class=\"wp-image-117472\" srcset=\"https:\/\/phrase.com\/wp-content\/uploads\/2025\/09\/Event-Headshots-21.png 200w, https:\/\/phrase.com\/wp-content\/uploads\/2025\/09\/Event-Headshots-21-150x150.png 150w\" sizes=\"auto, (max-width: 200px) 100vw, 200px\" \/><\/figure>\n<\/div>\n<\/div>\n\n\n\n<h3 class=\"wp-block-heading has-large-font-size\" id=\"h-podiumsdiskussion\"><strong>Podiumsdiskussion<\/strong><\/h3>\n\n\n\n<p><strong>Karriere in der Lokalisierungsbranche im Zeitalter der KI<\/strong><\/p>\n\n\n\n<p>Mittwoch, 15. Oktober 2025 <br>16:30 &#8211; 17:15 Uhr<br>Standort: Steinbeck 3<\/p>\n\n\n\n<p>Nimm an dieser Paneldiskussion teil und erfahre von erfolgreichen Branchenf\u00fchrern, wie KI die Karrierechancen in der Lokalisierung verbessern und neue M\u00f6glichkeiten er\u00f6ffnen kann. <\/p>\n\n\n\n<p>Die Diskussionsteilnehmer werden er\u00f6rtern, wie KI die Rolle der Lokalisierung in ihrem Unternehmen neu definiert und mit welchen Strategien sie erfolgreich waren. Erfahre anhand von Beispielen aus der Praxis, wie du dich abheben und deine Karriere zukunftssicher gestalten kannst. Finde heraus, wie du mit den neuesten KI-Fortschritten auf dem Laufenden bleibst und gleichzeitig die Kluft zwischen technischen Durchbr\u00fcchen und gesch\u00e4ftlichen Auswirkungen \u00fcberbr\u00fccken kannst. <\/p>\n\n\n\n<p><strong>Diskussionsteilnehmer<\/strong><\/p>\n\n\n\n<p><a href=\"https:\/\/www.linkedin.com\/in\/francescasorrentinofsloc\/\" target=\"_blank\" rel=\"noreferrer noopener\">Francesca Sorrentino<\/a> \u2013 Localization Director, Phrase<\/p>\n\n\n\n<p><a href=\"https:\/\/www.linkedin.com\/in\/oleksandrpysaryuk\" target=\"_blank\" rel=\"noreferrer noopener\">Oleksandr Pysaryuk<\/a> \u2013 Senior Manager, Globalization Technology, Github<\/p>\n\n\n\n<p><a href=\"https:\/\/www.linkedin.com\/in\/melissa-sterner\/\" target=\"_blank\" rel=\"noreferrer noopener\">Melissa Sterner<\/a>\u2013 Localization Program Manager, Last Pass<\/p>\n\n\n\n<p><strong>Moderiert von <a href=\"https:\/\/www.linkedin.com\/in\/kevinodirl\/\" target=\"_blank\" rel=\"noreferrer noopener\">Kevin O&#8217;Donnell<\/a><\/strong> \u2013 Founder Global 10x<\/p>\n\n\n\n<p><\/p>\n<\/div>\n\n\n\n<div class=\"wp-block-group has-light-neutral-background-color has-background is-vertical is-layout-flex wp-container-core-group-is-layout-c00b4a73 wp-block-group-is-layout-flex\" style=\"padding-top:var(--wp--preset--spacing--45);padding-right:var(--wp--preset--spacing--45);padding-bottom:var(--wp--preset--spacing--45);padding-left:var(--wp--preset--spacing--45)\">\n<figure class=\"wp-block-image size-full is-resized has-custom-border\"><img loading=\"lazy\" decoding=\"async\" width=\"200\" height=\"200\" src=\"https:\/\/phrase.com\/wp-content\/uploads\/2025\/04\/Event-Headshots-8.png\" alt=\"\" class=\"wp-image-104012\" style=\"border-radius:25px;aspect-ratio:1;object-fit:cover;width:220px\" srcset=\"https:\/\/phrase.com\/wp-content\/uploads\/2025\/04\/Event-Headshots-8.png 200w, https:\/\/phrase.com\/wp-content\/uploads\/2025\/04\/Event-Headshots-8-150x150.png 150w\" sizes=\"auto, (max-width: 200px) 100vw, 200px\" \/><\/figure>\n\n\n\n<h3 class=\"wp-block-heading has-large-font-size\" id=\"h-triff-uns-im-ausstellerbereich\"><strong><strong><strong><strong><strong><strong><strong>Triff uns im Ausstellerbereich<\/strong><\/strong><\/strong><\/strong><\/strong><\/strong><\/strong><\/h3>\n\n\n\n<p>Schau an den <strong>St\u00e4nden #206 und #117<\/strong> vorbei, wo unser Team dir zeigt, wie Organisationen <strong>agentenbasierte Workflows<\/strong>, <strong>intelligente Automatisierung<\/strong> und <strong>adaptive Content-Strategien<\/strong> nutzen, um die Komplexit\u00e4t zu reduzieren und auf intelligentere Weise bessere Gesch\u00e4ftsergebnisse zu erzielen.<br><br>Entdecke, wie Phrase globale Unternehmen dabei unterst\u00fctzt, ihre Content-Abl\u00e4ufe zu optimieren, Qualit\u00e4t im gro\u00dfen Ma\u00dfstab zu verbessern und mithilfe von KI die Erstellung sowie Auslieferung von Inhalten zu beschleunigen.<\/p>\n\n\n\n<div class=\"wp-block-columns is-layout-flex wp-container-core-columns-is-layout-28f84493 wp-block-columns-is-layout-flex\">\n<div class=\"wp-block-column is-layout-flow wp-block-column-is-layout-flow\">\n<p><\/p>\n<\/div>\n<\/div>\n<\/div>\n<\/div>\n\n\n\n<h2 class=\"wp-block-heading has-text-align-center\" id=\"h-mehr-uber-die-neuesten-innovationen-im-bereich-ki\" style=\"border-style:none;border-width:0px;padding-right:0;padding-left:0\"><strong><strong><strong>Mehr \u00fcber die neuesten Innovationen im Bereich KI <\/strong><\/strong><\/strong><\/h2>\n\n\n<div class=\"alignwide wp-block-phrase-com-suggested-reading--hide-types alignwide wp-block-phrase-com-suggested-reading\"><div class=\"glide wp-block-phrase-com-suggested-reading__slider\"><div class=\"wp-block-phrase-com-suggested-reading__header\"><div class=\"wp-block-phrase-com-suggested-reading__controls\" data-glide-el=\"controls\"><button type=\"button\" class=\"glide__arrow wp-block-phrase-com-suggested-reading__prev-slide\" data-glide-dir=\"<\"><svg aria-hidden=\"true\" xmlns=\"http:\/\/www.w3.org\/2000\/svg\" width=\"22\" height=\"22\" fill=\"none\" viewBox=\"0 0 22 22\"><path fill=\"currentColor\" d=\"m10.191 11 3.01 3.036-.917.924L8.36 11l3.925-3.96.915.924L10.192 11Z\"\/><\/svg><span class=\"screen-reader-text\">Vorherige<\/span><\/button><button type=\"button\" class=\"glide__arrow wp-block-phrase-com-suggested-reading__next-slide\" data-glide-dir=\"&gt;\"><svg xmlns=\"http:\/\/www.w3.org\/2000\/svg\" width=\"22\" height=\"22\" fill=\"none\" viewBox=\"0 0 22 22\"><path fill=\"currentColor\" d=\"m11.809 11-3.01-3.036.916-.924L13.64 11l-3.925 3.96-.915-.924L11.808 11Z\"\/><\/svg><span class=\"screen-reader-text\">N\u00e4chste<\/span><\/button><\/div><\/div><div class=\"glide__track\" data-glide-el=\"track\"><div class=\"glide__slides\">\n\n\n<div class=\"wp-block-phrase-com-suggested-reading-item glide__slide wp-block-phrase-com-suggested-reading-custom\"><div class=\"wp-block-phrase-com-suggested-reading-item__inner\"><div class=\"wp-block-phrase-com-suggested-reading-item__header\"><figure class=\"wp-block-phrase-com-suggested-reading-item__image\"><\/figure><\/div><div class=\"wp-block-phrase-com-suggested-reading-item__content\"><h3><\/h3><p><\/p><\/div><\/div><\/div>\n\n<div class=\"wp-block-phrase-com-suggested-reading-item glide__slide wp-block-phrase-com-suggested-reading-dynamic\"><div class=\"wp-block-phrase-com-suggested-reading-item__inner\"><div class=\"wp-block-phrase-com-suggested-reading-item__header\"><figure class=\"wp-block-phrase-com-suggested-reading-item__image\"><img loading=\"lazy\" decoding=\"async\" width=\"1024\" height=\"576\" src=\"https:\/\/phrase.com\/wp-content\/uploads\/2025\/06\/gaming-AI-1024x576.jpg\" class=\"attachment-large size-large\" alt=\"Gamer playing on a high-end PC in a neon-lit setup, wearing a headset and interacting with an AI-driven video game.\" srcset=\"https:\/\/phrase.com\/wp-content\/uploads\/2025\/06\/gaming-AI-1024x576.jpg 1024w, https:\/\/phrase.com\/wp-content\/uploads\/2025\/06\/gaming-AI-300x169.jpg 300w, https:\/\/phrase.com\/wp-content\/uploads\/2025\/06\/gaming-AI-768x432.jpg 768w, https:\/\/phrase.com\/wp-content\/uploads\/2025\/06\/gaming-AI-1536x864.jpg 1536w, https:\/\/phrase.com\/wp-content\/uploads\/2025\/06\/gaming-AI.jpg 1920w\" sizes=\"auto, (max-width: 1024px) 100vw, 1024px\" \/><\/figure><p class=\"wp-block-phrase-com-suggested-reading-item__type is-post\">Blog post<\/p><\/div><div class=\"wp-block-phrase-com-suggested-reading-item__content\"><h3>Die KI-Revolution im Gaming: Personalisierung, Effizienz und Profitabilit\u00e4t<\/h3><p>KI ver\u00e4ndert jede Ebene der Gaming-Industrie, von personalisierten Erlebnissen und prozeduralem Content bis hin zu Echtzeit-Lokalisierung und Automatisierung von Live-Dienstleistungen. Finde heraus, wie Studios KI von einem kreativen Experiment in eine gesch\u00e4ftskritische Engine f\u00fcr Wachstum, Skalierbarkeit und globale Spielerbindung verwandeln.<\/p><div class=\"wp-block-button is-style-plain wp-block-phrase-com-suggested-reading-item__link\"><a href=\"https:\/\/phrase.com\/de\/blog\/posts\/ai-gaming-personalization-efficiency-localization\/\" class=\"wp-block-button__link wp-element-button\">Weiterlesen<\/a><\/div><\/div><\/div><\/div>\n<\/div><\/div><\/div><\/div>\n\n\n<div class=\"wp-block-group alignwide has-blue-10-background-color has-background has-global-padding is-layout-constrained wp-block-group-is-layout-constrained\" style=\"margin-top:var(--wp--preset--spacing--70)\">\n<h2 class=\"wp-block-heading has-text-align-center\" id=\"h-mehr-erfahren\">Mehr erfahren?<\/h2>\n\n\n\n<div class=\"wp-block-buttons is-content-justification-center is-layout-flex wp-container-core-buttons-is-layout-a89b3969 wp-block-buttons-is-layout-flex\">\n<div class=\"wp-block-button\"><a class=\"wp-block-button__link wp-element-button\" href=\"https:\/\/phrase.com\/de\/contact\/\">Sprich uns an<\/a><\/div>\n\n\n\n<div class=\"wp-block-button is-style-black-outline\"><a class=\"wp-block-button__link wp-element-button\" href=\"https:\/\/phrase.com\/de\/demo\/\">Demo vereinbaren<\/a><\/div>\n<\/div>\n<\/div>\n\n\n\n<p><\/p>\n","protected":false},"excerpt":{"rendered":"<p>Besuche uns auf der LocWorld54, 14.\u201316. Oktober Wir sind auf der LocWorld54 dabei \u2013 der f\u00fchrenden Konferenz f\u00fcr Lokalisierungsprofis, Networking und Brancheninnovation, die vom 14. bis 16. Oktober 2025 in Monterey stattfindet! Die dreit\u00e4gige Veranstaltung bringt Praktiker, Technologieanbieter und F\u00fchrungskr\u00e4fte aus der Wirtschaft zusammen, um die realen Herausforderungen der globalen Skalierung von Inhalten zu diskutieren. [&hellip;]<\/p>\n","protected":false},"author":78,"featured_media":0,"parent":61906,"menu_order":0,"comment_status":"closed","ping_status":"closed","template":"page-refresh","meta":{"_acf_changed":false,"_stopmodifiedupdate":false,"_modified_date":"","_searchwp_excluded":"","episode_type":"","audio_file":"","podmotor_file_id":"","podmotor_episode_id":"","cover_image":"","cover_image_id":"","duration":"","filesize":"","filesize_raw":"","date_recorded":"","explicit":"","block":"","itunes_episode_number":"","itunes_title":"","itunes_season_number":"","itunes_episode_type":"","footnotes":""},"class_list":["post-122194","page","type-page","status-publish","hentry"],"acf":[],"_links":{"self":[{"href":"https:\/\/phrase.com\/de\/wp-json\/wp\/v2\/pages\/122194","targetHints":{"allow":["GET"]}}],"collection":[{"href":"https:\/\/phrase.com\/de\/wp-json\/wp\/v2\/pages"}],"about":[{"href":"https:\/\/phrase.com\/de\/wp-json\/wp\/v2\/types\/page"}],"author":[{"embeddable":true,"href":"https:\/\/phrase.com\/de\/wp-json\/wp\/v2\/users\/78"}],"replies":[{"embeddable":true,"href":"https:\/\/phrase.com\/de\/wp-json\/wp\/v2\/comments?post=122194"}],"version-history":[{"count":7,"href":"https:\/\/phrase.com\/de\/wp-json\/wp\/v2\/pages\/122194\/revisions"}],"predecessor-version":[{"id":125773,"href":"https:\/\/phrase.com\/de\/wp-json\/wp\/v2\/pages\/122194\/revisions\/125773"}],"up":[{"embeddable":true,"href":"https:\/\/phrase.com\/de\/wp-json\/wp\/v2\/pages\/61906"}],"wp:attachment":[{"href":"https:\/\/phrase.com\/de\/wp-json\/wp\/v2\/media?parent=122194"}],"curies":[{"name":"wp","href":"https:\/\/api.w.org\/{rel}","templated":true}]}}