{"id":122261,"date":"2025-09-15T20:06:55","date_gmt":"2025-09-15T18:06:55","guid":{"rendered":"https:\/\/phrase.com\/congres-global-communications\/"},"modified":"2025-10-07T22:38:56","modified_gmt":"2025-10-07T20:38:56","slug":"cgc","status":"publish","type":"page","link":"https:\/\/phrase.com\/de\/partners\/cgc\/","title":{"rendered":"Congr\u00e8s Global Communications"},"content":{"rendered":"\n<div class=\"wp-block-group alignfull is-style-copy has-transparent-background-color has-background has-global-padding is-content-justification-center is-layout-constrained wp-block-group-is-layout-constrained\" style=\"padding-top:var(--wp--preset--spacing--45);padding-bottom:var(--wp--preset--spacing--45)\">\n<div class=\"wp-block-group alignwide has-global-padding is-content-justification-center is-layout-constrained wp-container-core-group-is-layout-cefc1864 wp-block-group-is-layout-constrained\" style=\"padding-left:var(--wp--preset--spacing--56)\">\n<p class=\"has-text-align-center has-blue-color has-text-color has-link-color wp-elements-fc4e1ddc0d74cbc314743c9090e21a46\">PHRASE PARTNER<\/p>\n\n\n\n<figure class=\"wp-block-image aligncenter size-full is-resized is-style-not-rounded\"><img loading=\"lazy\" decoding=\"async\" width=\"719\" height=\"480\" src=\"https:\/\/phrase.com\/wp-content\/uploads\/2025\/08\/image03.png\" alt=\"CGC-Logo\" class=\"wp-image-113508\" style=\"width:261px;height:auto\" srcset=\"https:\/\/phrase.com\/wp-content\/uploads\/2025\/08\/image03.png 719w, https:\/\/phrase.com\/wp-content\/uploads\/2025\/08\/image03-300x200.png 300w\" sizes=\"auto, (max-width: 719px) 100vw, 719px\" \/><\/figure>\n\n\n\n<h3 class=\"wp-block-heading has-text-align-center has-medium-font-size\" id=\"h-creating-the-future-through-communication\" style=\"margin-bottom:var(--wp--preset--spacing--8);font-style:normal;font-weight:400\">Durch Kommunikation die Zukunft gestalten<\/h3>\n\n\n\n<p class=\"has-text-align-center\"><a href=\"https:\/\/www.congre-gc.co.jp\/en\/\" target=\"_blank\" rel=\"noreferrer noopener\">congre-gc.co.jp<\/a><\/p>\n\n\n\n<div style=\"height:60px\" aria-hidden=\"true\" class=\"wp-block-spacer\"><\/div>\n\n\n\n<p class=\"has-text-align-center\" style=\"margin-top:0;margin-bottom:var(--wp--preset--spacing--40)\">Congr\u00e8s Global Communications wurde 1975 in Japan gegr\u00fcndet und bietet seit vielen Jahren \u00dcbersetzungs-, Dolmetsch- und Sprachendienstleistungen an, um die Kommunikationsprobleme unserer Kunden im Rahmen ihrer globalen Expansion zu l\u00f6sen. Daneben konzentrieren wir uns auf die Fusion von Technologie und erfahrenem Personal und fungieren als Drehscheibe bei der Kombination von Dienstleistungen.<br><br>Im Bereich \u00dcbersetzung zeichnen wir uns durch die effiziente Bearbeitung gro\u00dfer Dokumentenmengen aus, dank unserer umfangreichen Erfahrung im Umgang mit Computer-Assisted Translation (CAT)-Tools. Wir schaffen eine organische Verbindung zwischen Sprachressourcen und MT-Engines und engagieren uns aktiv in Beratungsaufgaben, um die \u00dcbersetzungs-Workflows unserer Kunden zu optimieren.<br><br>Wir bieten wirklich hocheffiziente \u00dcbersetzungsabl\u00e4ufe \u2013 dank unserer langj\u00e4hrigen Erfahrung, unserem Technologie-Know-how und der hohen Qualit\u00e4t unserer Human\u00fcbersetzungen.<\/p>\n\n\n\n<p class=\"has-text-align-center\"><strong>Standorte<br><\/strong><br>Japan<\/p>\n\n\n\n<div style=\"height:19px\" aria-hidden=\"true\" class=\"wp-block-spacer\"><\/div>\n\n\n\n<div class=\"wp-block-buttons is-content-justification-center is-layout-flex wp-container-core-buttons-is-layout-a89b3969 wp-block-buttons-is-layout-flex\">\n<div class=\"wp-block-button\"><a class=\"wp-block-button__link wp-element-button\" href=\"https:\/\/phrase.com\/de\/demo\/\" target=\"_blank\" rel=\"noreferrer noopener\">Sprich uns an<\/a><\/div>\n\n\n\n<div class=\"wp-block-button is-style-black-outline\"><a class=\"wp-block-button__link has-text-align-center wp-element-button\" href=\"https:\/\/www.congre-gc.co.jp\/en\/\" target=\"_blank\" rel=\"noreferrer noopener\">Website besuchen<\/a><\/div>\n<\/div>\n<\/div>\n<\/div>\n\n\n\n<div class=\"wp-block-columns alignwide are-vertically-aligned-center is-style-default is-layout-flex wp-container-core-columns-is-layout-28f84493 wp-block-columns-is-layout-flex\">\n<div class=\"wp-block-column is-vertically-aligned-center is-layout-flow wp-container-core-column-is-layout-6220b9e6 wp-block-column-is-layout-flow\" style=\"flex-basis:100%\">\n<h2 class=\"wp-block-heading has-text-align-center has-extra-large-font-size\" id=\"h-services-offered\"><strong>Angebotene Dienstleistungen<\/strong><\/h2>\n\n\n\n<div style=\"height:10px\" aria-hidden=\"true\" class=\"wp-block-spacer\"><\/div>\n\n\n\n<div class=\"wp-block-group is-content-justification-center is-nowrap is-layout-flex wp-container-core-group-is-layout-f52be266 wp-block-group-is-layout-flex\">\n<div class=\"wp-block-group is-vertical is-layout-flex wp-container-core-group-is-layout-9f8eab21 wp-block-group-is-layout-flex\">\n<ul class=\"wp-block-list\">\n<li>\u00dcbersetzung und Lokalisierung in \u00fcber 60 Sprachen und verschiedensten Fachbereichen<\/li>\n\n\n\n<li>Enterprise MT und MTPE<\/li>\n\n\n\n<li>Beratung bei der Automatisierung des \u00dcbersetzungsprozesses<\/li>\n\n\n\n<li>Unterst\u00fctzung bei der Implementierung von Phrase TMS<\/li>\n\n\n\n<li>Dolmetschdienste (haupts\u00e4chlich in Japan)<\/li>\n\n\n\n<li>Personaldienstleistungen (in Japan)<\/li>\n<\/ul>\n<\/div>\n<\/div>\n<\/div>\n<\/div>\n\n\n\n<div class=\"wp-block-columns alignwide are-vertically-aligned-center is-style-default is-layout-flex wp-container-core-columns-is-layout-28f84493 wp-block-columns-is-layout-flex\">\n<div class=\"wp-block-column is-vertically-aligned-center is-layout-flow wp-container-core-column-is-layout-6220b9e6 wp-block-column-is-layout-flow\" style=\"flex-basis:100%\">\n<h2 class=\"wp-block-heading has-text-align-center has-extra-large-font-size\" id=\"h-credentials\"><strong><strong>Referenzen<\/strong><\/strong><\/h2>\n\n\n\n<div style=\"height:10px\" aria-hidden=\"true\" class=\"wp-block-spacer\"><\/div>\n\n\n\n<div class=\"wp-block-group is-content-justification-center is-nowrap is-layout-flex wp-container-core-group-is-layout-f52be266 wp-block-group-is-layout-flex\">\n<div class=\"wp-block-group is-vertical is-layout-flex wp-container-core-group-is-layout-9f8eab21 wp-block-group-is-layout-flex\">\n<ul class=\"wp-block-list\">\n<li>Zertifizierungen: ISO 27001 Informationssicherheits-Managementsysteme, ISO 17100 Anforderungen an \u00dcbersetzungsdienstleistungen, Datenschutzzeichen<\/li>\n<\/ul>\n<\/div>\n<\/div>\n<\/div>\n<\/div>\n\n\n\n<div class=\"wp-block-group alignwide has-blue-10-background-color has-background has-background-images has-global-padding is-content-justification-left is-layout-constrained wp-container-core-group-is-layout-12dd3699 wp-block-group-is-layout-constrained\" style=\"background-image:url(https:\/\/phrase.com\/wp-content\/uploads\/2024\/06\/Untitled-design-6.jpg.webp);background-position:0% 0%;background-attachment:scroll;background-repeat:no-repeat;background-size:cover\"><div class=\"glide wp-block-phrase-com-testimonials\"><div class=\"glide__track\" data-glide-el=\"track\"><div class=\"glide__slides\"><\/div><\/div><\/div><\/div>\n\n\n\n<div class=\"wp-block-group alignwide has-yellow-background-color has-background has-global-padding is-layout-constrained wp-block-group-is-layout-constrained\" style=\"margin-top:var(--wp--preset--spacing--56)\">\n<div class=\"wp-block-group is-vertical is-content-justification-center is-layout-flex wp-container-core-group-is-layout-ce155fab wp-block-group-is-layout-flex\">\n<h2 class=\"wp-block-heading has-text-align-center\" id=\"h-discover-more-partners\">Erfahre mehr \u00fcber weitere Partner<\/h2>\n\n\n\n<p class=\"has-text-align-center\">Wir arbeiten mit f\u00fchrenden Technologieunternehmen zusammen, um sicherzustellen, dass dein Team<br>jeden Tag mehr Wert aus Phrase sch\u00f6pft.<\/p>\n<\/div>\n\n\n\n<div class=\"wp-block-buttons is-content-justification-center is-layout-flex wp-container-core-buttons-is-layout-a89b3969 wp-block-buttons-is-layout-flex\">\n<div class=\"wp-block-button\"><a class=\"wp-block-button__link wp-element-button\" href=\"https:\/\/phrase.com\/de\/partners\/\" target=\"_blank\" rel=\"noreferrer noopener\">Phrase-Partnerprogramm<\/a><\/div>\n\n\n\n<div class=\"wp-block-button is-style-black-outline\"><a class=\"wp-block-button__link wp-element-button\" href=\"https:\/\/phrase.com\/de\/partners-inquiries\/\" target=\"_blank\" rel=\"noreferrer noopener\">Partner-Empfehlung<\/a><\/div>\n<\/div>\n<\/div>\n\n","protected":false},"excerpt":{"rendered":"<p>PHRASE PARTNER Durch Kommunikation die Zukunft gestalten congre-gc.co.jp Congr\u00e8s Global Communications wurde 1975 in Japan gegr\u00fcndet und bietet seit vielen Jahren \u00dcbersetzungs-, Dolmetsch- und Sprachendienstleistungen an, um die Kommunikationsprobleme unserer Kunden im Rahmen ihrer globalen Expansion zu l\u00f6sen. Daneben konzentrieren wir uns auf die Fusion von Technologie und erfahrenem Personal und fungieren als Drehscheibe bei [&hellip;]<\/p>\n","protected":false},"author":77,"featured_media":0,"parent":56573,"menu_order":1,"comment_status":"closed","ping_status":"closed","template":"page-refresh","meta":{"_acf_changed":false,"_stopmodifiedupdate":false,"_modified_date":"","_searchwp_excluded":"","episode_type":"","audio_file":"","podmotor_file_id":"","podmotor_episode_id":"","cover_image":"","cover_image_id":"","duration":"","filesize":"","filesize_raw":"","date_recorded":"","explicit":"","block":"","itunes_episode_number":"","itunes_title":"","itunes_season_number":"","itunes_episode_type":"","footnotes":""},"class_list":["post-122261","page","type-page","status-publish","hentry"],"acf":[],"_links":{"self":[{"href":"https:\/\/phrase.com\/de\/wp-json\/wp\/v2\/pages\/122261","targetHints":{"allow":["GET"]}}],"collection":[{"href":"https:\/\/phrase.com\/de\/wp-json\/wp\/v2\/pages"}],"about":[{"href":"https:\/\/phrase.com\/de\/wp-json\/wp\/v2\/types\/page"}],"author":[{"embeddable":true,"href":"https:\/\/phrase.com\/de\/wp-json\/wp\/v2\/users\/77"}],"replies":[{"embeddable":true,"href":"https:\/\/phrase.com\/de\/wp-json\/wp\/v2\/comments?post=122261"}],"version-history":[{"count":3,"href":"https:\/\/phrase.com\/de\/wp-json\/wp\/v2\/pages\/122261\/revisions"}],"predecessor-version":[{"id":124436,"href":"https:\/\/phrase.com\/de\/wp-json\/wp\/v2\/pages\/122261\/revisions\/124436"}],"up":[{"embeddable":true,"href":"https:\/\/phrase.com\/de\/wp-json\/wp\/v2\/pages\/56573"}],"wp:attachment":[{"href":"https:\/\/phrase.com\/de\/wp-json\/wp\/v2\/media?parent=122261"}],"curies":[{"name":"wp","href":"https:\/\/api.w.org\/{rel}","templated":true}]}}