{"id":123160,"date":"2024-07-15T14:29:57","date_gmt":"2024-07-15T12:29:57","guid":{"rendered":"https:\/\/phrase.com\/phrase-forschungsprogramm\/"},"modified":"2025-10-06T11:11:52","modified_gmt":"2025-10-06T09:11:52","slug":"research-program","status":"publish","type":"page","link":"https:\/\/phrase.com\/de\/research-program\/","title":{"rendered":"Phrase Forschungsprogramm"},"content":{"rendered":"\n<div class=\"wp-block-group alignwide is-style-header-hero has-blue-color has-transparent-background-color has-text-color has-background has-link-color wp-elements-d026eb826fdd805371f074060dbcb207 is-vertical is-content-justification-center is-layout-flex wp-container-core-group-is-layout-ce155fab wp-block-group-is-layout-flex\"><div class=\"yoast-breadcrumbs\"><span><span><a href=\"https:\/\/phrase.com\/de\/\">Home<\/a><\/span> | <span class=\"breadcrumb_last\" aria-current=\"page\">Phrase Forschungsprogramm<\/span><\/span><\/div>\n\n\n<h1 class=\"wp-block-heading has-text-align-center has-black-color has-text-color has-link-color wp-elements-e5b8c55990a23cfdc00ef40d00aebf08\" id=\"h-influence-the-future-of-phrase-products\" style=\"padding-bottom:var(--wp--preset--spacing--10)\">Beeinflusse die Zukunft der Phrase-Produkte<\/h1>\n\n\n\n<p class=\"has-text-align-center has-black-color has-text-color has-link-color wp-elements-a427cbd39d51e63072387b0a8ded9447\">Teile deine Erfahrungen und Gedanken, um unsere n\u00e4chsten Schritte und Innovationen zu gestalten<\/p>\n\n\n\n<div class=\"wp-block-buttons is-content-justification-center is-layout-flex wp-container-core-buttons-is-layout-a89b3969 wp-block-buttons-is-layout-flex\">\n<div class=\"wp-block-button is-style-default\"><a class=\"wp-block-button__link has-text-align-center wp-element-button\" href=\"https:\/\/phrase.com\/de\/sign-up\/\">Registriere dich<\/a><\/div>\n<\/div>\n<\/div>\n\n\n\n<div class=\"wp-block-group alignfull has-background-images has-global-padding is-layout-constrained wp-block-group-is-layout-constrained\" style=\"background-image:url(https:\/\/phrase.com\/wp-content\/uploads\/2024\/03\/svgexport-1.svg),url(https:\/\/phrase.com\/wp-content\/uploads\/2024\/03\/svgexport-1-3.svg);background-position:0% 0%,100% 50%;background-attachment:scroll,scroll;background-repeat:no-repeat,no-repeat;background-size:auto,auto\">\n<div class=\"wp-block-group alignwide has-global-padding is-layout-constrained wp-block-group-is-layout-constrained\" style=\"padding-top:var(--wp--preset--spacing--45);padding-bottom:var(--wp--preset--spacing--45)\">\n<h2 class=\"wp-block-heading has-text-align-center\" id=\"h-what-s-in-it-for-you\"><strong>Was hast du davon?<\/strong><\/h2>\n\n\n\n<div style=\"height:17px\" aria-hidden=\"true\" class=\"wp-block-spacer\"><\/div>\n\n\n\n<div class=\"wp-block-group alignwide has-global-padding is-layout-constrained wp-container-core-group-is-layout-c8ee93ac wp-block-group-is-layout-constrained\" style=\"padding-right:var(--wp--preset--spacing--70);padding-left:var(--wp--preset--spacing--70)\">\n<div class=\"wp-block-columns alignwide is-not-stacked-on-mobile is-layout-flex wp-container-core-columns-is-layout-28f84493 wp-block-columns-is-layout-flex\">\n<div class=\"wp-block-column is-layout-flow wp-container-core-column-is-layout-e3d1c41b wp-block-column-is-layout-flow\">\n<figure class=\"wp-block-image size-full is-resized\"><img loading=\"lazy\" decoding=\"async\" width=\"84\" height=\"84\" src=\"https:\/\/phrase.com\/wp-content\/uploads\/2024\/07\/connect.png\" alt=\"\" class=\"wp-image-89272\" style=\"width:71px;height:auto\" \/><\/figure>\n\n\n\n<div style=\"height:1px\" aria-hidden=\"true\" class=\"wp-block-spacer\"><\/div>\n\n\n\n<p><strong>Verbinde dich direkt mit den Produktentwicklungsteams von Phrase<\/strong><\/p>\n\n\n\n<p>F\u00fchre direkte Gespr\u00e4che mit den K\u00f6pfen hinter unseren Produkten<\/p>\n<\/div>\n\n\n\n<div class=\"wp-block-column is-layout-flow wp-block-column-is-layout-flow\">\n<figure class=\"wp-block-image size-full is-resized\"><img loading=\"lazy\" decoding=\"async\" width=\"84\" height=\"84\" src=\"https:\/\/phrase.com\/wp-content\/uploads\/2024\/07\/sneek_peak.png\" alt=\"\" class=\"wp-image-89285\" style=\"width:71px;height:auto\" \/><\/figure>\n\n\n\n<p><strong>Wirf einen Blick hinter die Kulissen von Phrase<\/strong><\/p>\n\n\n\n<p>Sieh dir an, woran wir arbeiten, und gib Feedback zu kommenden Funktionen.<\/p>\n<\/div>\n\n\n\n<div class=\"wp-block-column is-layout-flow wp-block-column-is-layout-flow\">\n<figure class=\"wp-block-image size-full is-resized\"><img loading=\"lazy\" decoding=\"async\" width=\"84\" height=\"84\" src=\"https:\/\/phrase.com\/wp-content\/uploads\/2024\/07\/define_future_products.png\" alt=\"\" class=\"wp-image-89291\" style=\"width:71px;height:auto\" \/><\/figure>\n\n\n\n<p><strong>Hilf mit, die Zukunft der Phrase-Produkte zu gestalten<\/strong><\/p>\n\n\n\n<p>Teile pers\u00f6nliche Erfahrungen und Einblicke, die die Produktinnovation und die n\u00e4chsten Schritte beeinflussen.<\/p>\n<\/div>\n<\/div>\n<\/div>\n<\/div>\n\n\n\n<div class=\"wp-block-group alignwide has-global-padding is-layout-constrained wp-block-group-is-layout-constrained\">\n<div class=\"wp-block-columns alignwide is-layout-flex wp-container-core-columns-is-layout-87527e6a wp-block-columns-is-layout-flex\" style=\"padding-right:var(--wp--preset--spacing--70);padding-left:var(--wp--preset--spacing--70)\">\n<div class=\"wp-block-column has-global-padding is-layout-constrained wp-block-column-is-layout-constrained\">\n<h2 class=\"wp-block-heading has-extra-large-font-size\" id=\"h-what-can-you-expect\"><strong>Was kannst du erwarten?<\/strong><\/h2>\n\n\n\n<p class=\"has-large-font-size\">Unsere Forschung reicht von Interviews und Usability-Tests bis zu Umfragen. Jede Studie ist einzigartig! Das kannst du erwarten:<\/p>\n\n\n\n<ul style=\"padding-top:var(--wp--preset--spacing--10);padding-right:0;padding-bottom:var(--wp--preset--spacing--10);padding-left:0\" class=\"wp-block-list is-style-default has-medium-font-size\">\n<li class=\"has-medium-font-size\">Sprich mit unseren Forschern, Designern oder PMs per Videoanruf.<\/li>\n\n\n\n<li class=\"has-medium-font-size\">Spiel mit einem Prototyp, teste neue Funktionen, teile deinen Bildschirm oder probiere andere Aktivit\u00e4ten aus.<\/li>\n<\/ul>\n<\/div>\n\n\n\n<div class=\"wp-block-column is-layout-flow wp-block-column-is-layout-flow\">\n<figure class=\"wp-block-image size-full has-custom-border\"><img loading=\"lazy\" decoding=\"async\" width=\"1710\" height=\"1200\" src=\"https:\/\/phrase.com\/wp-content\/uploads\/2024\/07\/What_can_you_expect.jpg\" alt=\"\" class=\"wp-image-89297\" style=\"border-radius:15px\" srcset=\"https:\/\/phrase.com\/wp-content\/uploads\/2024\/07\/What_can_you_expect.jpg 1710w, https:\/\/phrase.com\/wp-content\/uploads\/2024\/07\/What_can_you_expect-300x211.jpg 300w, https:\/\/phrase.com\/wp-content\/uploads\/2024\/07\/What_can_you_expect-1024x719.jpg 1024w, https:\/\/phrase.com\/wp-content\/uploads\/2024\/07\/What_can_you_expect-768x539.jpg 768w, https:\/\/phrase.com\/wp-content\/uploads\/2024\/07\/What_can_you_expect-1536x1078.jpg 1536w\" sizes=\"auto, (max-width: 1710px) 100vw, 1710px\" \/><\/figure>\n<\/div>\n<\/div>\n<\/div>\n\n\n\n<div class=\"wp-block-group alignwide has-global-padding is-layout-constrained wp-block-group-is-layout-constrained\" style=\"padding-top:var(--wp--preset--spacing--45)\">\n<div class=\"wp-block-columns alignwide is-layout-flex wp-container-core-columns-is-layout-87527e6a wp-block-columns-is-layout-flex\" style=\"padding-right:var(--wp--preset--spacing--70);padding-left:var(--wp--preset--spacing--70)\">\n<div class=\"wp-block-column is-layout-flow wp-block-column-is-layout-flow\">\n<figure class=\"wp-block-image size-full is-resized has-custom-border\"><img loading=\"lazy\" decoding=\"async\" width=\"1710\" height=\"1200\" src=\"https:\/\/phrase.com\/wp-content\/uploads\/2024\/07\/How_does_it_work.jpg\" alt=\"\" class=\"wp-image-89303\" style=\"border-radius:15px;width:573px;height:auto\" srcset=\"https:\/\/phrase.com\/wp-content\/uploads\/2024\/07\/How_does_it_work.jpg 1710w, https:\/\/phrase.com\/wp-content\/uploads\/2024\/07\/How_does_it_work-300x211.jpg 300w, https:\/\/phrase.com\/wp-content\/uploads\/2024\/07\/How_does_it_work-1024x719.jpg 1024w, https:\/\/phrase.com\/wp-content\/uploads\/2024\/07\/How_does_it_work-768x539.jpg 768w, https:\/\/phrase.com\/wp-content\/uploads\/2024\/07\/How_does_it_work-1536x1078.jpg 1536w\" sizes=\"auto, (max-width: 1710px) 100vw, 1710px\" \/><\/figure>\n<\/div>\n\n\n\n<div class=\"wp-block-column has-global-padding is-layout-constrained wp-block-column-is-layout-constrained\" style=\"padding-top:var(--wp--preset--spacing--16)\">\n<h2 class=\"wp-block-heading has-extra-large-font-size\" id=\"h-how-does-it-work\"><strong>Wie funktioniert das?<\/strong><\/h2>\n\n\n\n<p>Registriere dich und erhalte E-Mail-Einladungen, um an Forschungsaktivit\u00e4ten teilzunehmen. <strong>Jede Studie ist anders, deshalb geben wir dir alle Details und du entscheidest, ob du teilnehmen m\u00f6chtest.<\/strong><\/p>\n<\/div>\n<\/div>\n<\/div>\n\n\n\n<div style=\"height:26px\" aria-hidden=\"true\" class=\"wp-block-spacer\"><\/div>\n\n\n\n<div class=\"wp-block-group alignwide has-yellow-background-color has-background has-global-padding is-layout-constrained wp-block-group-is-layout-constrained\" style=\"margin-top:var(--wp--preset--spacing--45);margin-bottom:var(--wp--preset--spacing--45)\">\n<h2 class=\"wp-block-heading has-text-align-center\" id=\"h-we-d-love-to-learn-from-you\"><strong>Wir w\u00fcrden gerne von dir lernen!<\/strong><\/h2>\n\n\n\n<div class=\"wp-block-buttons is-content-justification-center is-layout-flex wp-container-core-buttons-is-layout-a89b3969 wp-block-buttons-is-layout-flex\">\n<div class=\"wp-block-button\"><a class=\"wp-block-button__link wp-element-button\" href=\"https:\/\/phrase.com\/de\/sign-up\/\">Tritt dem Phrase Forschungsprogramm bei<\/a><\/div>\n<\/div>\n\n\n\n<p class=\"has-text-align-center\">Dauert nur 3 Minuten!<\/p>\n<\/div>\n<\/div>\n\n\n\n<div style=\"height:41px\" aria-hidden=\"true\" class=\"wp-block-spacer\"><\/div>\n\n\n\n<h2 class=\"wp-block-heading has-text-align-center\" id=\"h-questions-amp-answers\"><strong>Fragen &amp; Antworten<\/strong><\/h2>\n\n\n\n<div class=\"wp-block-wearerequired-accordion alignwide\">\n<div id=\"acc-wer-kann-an-der-phrase-forschung-teilnehmen\" tabindex=\"-1\" class=\"wp-block-wearerequired-accordion-section\">\n<h3 class=\"wp-block-wearerequired-accordion-heading\"><span aria-hidden=\"true\" class=\"wp-block-wearerequired-accordion-heading__icon\"><\/span><span class=\"wp-block-wearerequired-accordion-heading__text\">Wer kann an der Phrase-Forschung teilnehmen?<\/span><\/h3>\n\n\n\n<div class=\"wp-block-wearerequired-accordion-content is-layout-flow wp-block-wearerequired-accordion-content-is-layout-flow\">\n<p>Jede:r kann mitmachen. Wenn wir ein Projekt finden, das zu deinem Profil passt, melden wir uns per E-Mail bei dir. Bitte beantworte die Registrierungsfragen ehrlich, damit wir dich mit den passenden Studien zusammenbringen k\u00f6nnen.<br><\/p>\n<\/div>\n<\/div>\n\n\n\n<div id=\"acc-muss-ich-in-einem-bestimmten-land-leben-um-teilnehmen-zu-koennen\" tabindex=\"-1\" class=\"wp-block-wearerequired-accordion-section\">\n<h3 class=\"wp-block-wearerequired-accordion-heading\"><span aria-hidden=\"true\" class=\"wp-block-wearerequired-accordion-heading__icon\"><\/span><span class=\"wp-block-wearerequired-accordion-heading__text\">Muss ich in einem bestimmten Land leben, um teilnehmen zu k\u00f6nnen?<\/span><\/h3>\n\n\n\n<div class=\"wp-block-wearerequired-accordion-content is-layout-flow wp-block-wearerequired-accordion-content-is-layout-flow\">\n<p>Nein! Dank Videokonferenzen kannst du von \u00fcberall an unseren Studien teilnehmen. <\/p>\n<\/div>\n<\/div>\n\n\n\n<div id=\"acc-was-passiert-mit-meinen-persoenlichen-informationen\" tabindex=\"-1\" class=\"wp-block-wearerequired-accordion-section\">\n<h3 class=\"wp-block-wearerequired-accordion-heading\"><span aria-hidden=\"true\" class=\"wp-block-wearerequired-accordion-heading__icon\"><\/span><span class=\"wp-block-wearerequired-accordion-heading__text\">Was passiert mit meinen pers\u00f6nlichen Informationen?<\/span><\/h3>\n\n\n\n<div class=\"wp-block-wearerequired-accordion-content is-layout-flow wp-block-wearerequired-accordion-content-is-layout-flow\">\n<p>Deine Informationen werden nur von den Forschern von Phrase verwendet, um dich mit zuk\u00fcnftigen Studien zusammenzubringen. F\u00fcr weitere Details siehe unsere <a href=\"https:\/\/phrase.com\/de\/terms-and-conditions\/\">Allgemeinen Gesch\u00e4ftsbedingungen f\u00fcr das Phrase-Forschungsprogramm<\/a> und <a href=\"https:\/\/phrase.com\/de\/privacy\/\">Datenschutzerkl\u00e4rung<\/a>.<br><\/p>\n<\/div>\n<\/div>\n\n\n\n<div id=\"acc-kann-ich-das-programm-verlassen\" tabindex=\"-1\" class=\"wp-block-wearerequired-accordion-section\">\n<h3 class=\"wp-block-wearerequired-accordion-heading\"><span aria-hidden=\"true\" class=\"wp-block-wearerequired-accordion-heading__icon\"><\/span><span class=\"wp-block-wearerequired-accordion-heading__text\">Kann ich das Programm verlassen?<\/span><\/h3>\n\n\n\n<div class=\"wp-block-wearerequired-accordion-content is-layout-flow wp-block-wearerequired-accordion-content-is-layout-flow\">\n<p>Ja, die Teilnahme ist v\u00f6llig freiwillig. Du kannst jederzeit aussteigen, indem du uns unter <a href=\"mailto:research@phrase.com\">research@phrase.com<\/a> kontaktierst.<\/p>\n<\/div>\n<\/div>\n<\/div>\n\n\n\n<div class=\"wp-block-group alignwide has-transparent-background-color has-background has-global-padding is-layout-constrained wp-block-group-is-layout-constrained\" style=\"margin-top:var(--wp--preset--spacing--45);margin-bottom:var(--wp--preset--spacing--45)\">\n<p class=\"has-text-align-center has-large-font-size\"><strong>Hast du noch Fragen? Sende uns eine Nachricht an <a href=\"mailto:research@phrase.com\">research@phrase.com<\/a><\/strong><\/p>\n<\/div>\n\n","protected":false},"excerpt":{"rendered":"<p>Beeinflusse die Zukunft der Phrase-Produkte Teile deine Erfahrungen und Gedanken, um unsere n\u00e4chsten Schritte und Innovationen zu gestalten Was hast du davon? Verbinde dich direkt mit den Produktentwicklungsteams von Phrase F\u00fchre direkte Gespr\u00e4che mit den K\u00f6pfen hinter unseren Produkten Wirf einen Blick hinter die Kulissen von Phrase Sieh dir an, woran wir arbeiten, und gib [&hellip;]<\/p>\n","protected":false},"author":63,"featured_media":7474,"parent":0,"menu_order":0,"comment_status":"closed","ping_status":"closed","template":"page-refresh","meta":{"_acf_changed":false,"_stopmodifiedupdate":false,"_modified_date":"","_searchwp_excluded":"","episode_type":"","audio_file":"","podmotor_file_id":"","podmotor_episode_id":"","cover_image":"","cover_image_id":"","duration":"","filesize":"","filesize_raw":"","date_recorded":"","explicit":"","block":"","itunes_episode_number":"","itunes_title":"","itunes_season_number":"","itunes_episode_type":"","footnotes":""},"class_list":["post-123160","page","type-page","status-publish","has-post-thumbnail","hentry"],"acf":[],"_links":{"self":[{"href":"https:\/\/phrase.com\/de\/wp-json\/wp\/v2\/pages\/123160","targetHints":{"allow":["GET"]}}],"collection":[{"href":"https:\/\/phrase.com\/de\/wp-json\/wp\/v2\/pages"}],"about":[{"href":"https:\/\/phrase.com\/de\/wp-json\/wp\/v2\/types\/page"}],"author":[{"embeddable":true,"href":"https:\/\/phrase.com\/de\/wp-json\/wp\/v2\/users\/63"}],"replies":[{"embeddable":true,"href":"https:\/\/phrase.com\/de\/wp-json\/wp\/v2\/comments?post=123160"}],"version-history":[{"count":1,"href":"https:\/\/phrase.com\/de\/wp-json\/wp\/v2\/pages\/123160\/revisions"}],"predecessor-version":[{"id":123161,"href":"https:\/\/phrase.com\/de\/wp-json\/wp\/v2\/pages\/123160\/revisions\/123161"}],"wp:featuredmedia":[{"embeddable":true,"href":"https:\/\/phrase.com\/de\/wp-json\/wp\/v2\/media\/7474"}],"wp:attachment":[{"href":"https:\/\/phrase.com\/de\/wp-json\/wp\/v2\/media?parent=123160"}],"curies":[{"name":"wp","href":"https:\/\/api.w.org\/{rel}","templated":true}]}}