{"id":123620,"date":"2024-10-04T14:24:17","date_gmt":"2024-10-04T12:24:17","guid":{"rendered":"https:\/\/phrase.com\/phrase-partnerprogramm\/"},"modified":"2025-10-07T09:10:12","modified_gmt":"2025-10-07T07:10:12","slug":"programa-de-phrase-para-socios","status":"publish","type":"page","link":"https:\/\/phrase.com\/de\/partners\/programa-de-phrase-para-socios\/","title":{"rendered":"Phrase-Partnerprogramm"},"content":{"rendered":"\n<div id=\"acf\/text-block_dd979291b3adbf81f6f3b53667d24c94\" class=\"pxblock pxblock--text spacing--default bg--white\">\n\n\t\n\t<div class=\"container\">\n\t\t<div class=\"wysiwyg animate-in block-center\">\n\t\t\t<p class=\"subhead\" style=\"text-align: center\">Phrase-Partnerprogramm<\/p>\n<h1 style=\"text-align: center\">Entsperre M\u00f6glichkeiten<\/h1>\n<section class=\"css-1mxwy7u e1oj315g4\">\n<div class=\"css-1v1iaeg ew1hg250\">\n<div class=\"css-1gxmjfo e1oj315g3\">\n<div class=\"css-1et0sb e1oj315g2\">\n<p style=\"text-align: center\">Wir arbeiten mit f\u00fchrenden Technologieunternehmen, Kan\u00e4len und Systemintegratoren zusammen, um sicherzustellen, dass dein Team jeden Tag mehr Wert aus Phrase sch\u00f6pft.<\/p>\n<p style=\"text-align: center\"><a class=\"btn btn--primary\" href=\"https:\/\/phrase.com\/partners-inquiries\/\">Werde Partner<\/a>\u00a0 <a class=\"btn btn--outline\" href=\"https:\/\/phrase.com\/brand\/\">Markenleitfaden von Phrase<\/a><\/p>\n<\/div>\n<p class=\"small utility\" style=\"text-align: center\">Bist du schon ein Partner von Phrase? <a href=\"https:\/\/phrase.com\/partner-referrals\/\">Schicke deine Referenzen hier.<\/a><\/p>\n<\/div>\n<\/div>\n<\/section>\n\t\t<\/div>\n\t<\/div>\n<\/div>\n\n\n\n<div id=\"acf\/columns-block_ef40071a54c6850ff9eae81d21b83acb\" class=\"pxblock pxblock--columns bg--grey\">\n\t\t<div class=\"container\">\n\n\t\t<div class=\"columns animate-in animate-children columns--text-text \">\n\t\t\t<div class=\"wysiwyg columns--text\"><div class=\"text-container\"><p><img loading=\"lazy\" decoding=\"async\" class=\"alignnone size-full wp-image-38708\" src=\"https:\/\/phrase.com\/wp-content\/uploads\/2023\/01\/Channel_feature_visual-1.jpg\" alt=\"\" width=\"1710\" height=\"960\" srcset=\"https:\/\/phrase.com\/wp-content\/uploads\/2023\/01\/Channel_feature_visual-1.jpg 1710w, https:\/\/phrase.com\/wp-content\/uploads\/2023\/01\/Channel_feature_visual-1-300x168.jpg 300w, https:\/\/phrase.com\/wp-content\/uploads\/2023\/01\/Channel_feature_visual-1-1024x575.jpg 1024w, https:\/\/phrase.com\/wp-content\/uploads\/2023\/01\/Channel_feature_visual-1-768x431.jpg 768w, https:\/\/phrase.com\/wp-content\/uploads\/2023\/01\/Channel_feature_visual-1-1536x862.jpg 1536w\" sizes=\"auto, (max-width: 1710px) 100vw, 1710px\" \/><\/p>\n<h2>Partnerkan\u00e4le<\/h2>\n<p>Arbeite mit Phrase zusammen, um deine Kunden mit globalem Wachstumssupport noch besser zu unterst\u00fctzen. Erh\u00f6he deine Vertr\u00e4ge und entsperre M\u00f6glichkeiten mit Vertriebs-, technischen und Marketingressourcen unserer erfahrenen Teams.<\/p>\n<p><a href=\"https:\/\/phrase.com\/partners\/channel\/\">Erkunde das Programm f\u00fcr Partnerkan\u00e4le &gt;<\/a><\/p>\n<\/div><\/div>\n\n\t\t\t\t\t\t<div class=\"wysiwyg columns--text\"><div class=\"text-container\"><p><img loading=\"lazy\" decoding=\"async\" class=\"alignnone size-full wp-image-38703\" src=\"https:\/\/phrase.com\/wp-content\/uploads\/2023\/01\/Technology_partner_feature_visual.jpg\" alt=\"\" width=\"1710\" height=\"960\" srcset=\"https:\/\/phrase.com\/wp-content\/uploads\/2023\/01\/Technology_partner_feature_visual.jpg 1710w, https:\/\/phrase.com\/wp-content\/uploads\/2023\/01\/Technology_partner_feature_visual-300x168.jpg 300w, https:\/\/phrase.com\/wp-content\/uploads\/2023\/01\/Technology_partner_feature_visual-1024x575.jpg 1024w, https:\/\/phrase.com\/wp-content\/uploads\/2023\/01\/Technology_partner_feature_visual-768x431.jpg 768w, https:\/\/phrase.com\/wp-content\/uploads\/2023\/01\/Technology_partner_feature_visual-1536x862.jpg 1536w\" sizes=\"auto, (max-width: 1710px) 100vw, 1710px\" \/><\/p>\n<div class=\"css-qrxy7c el3qyxb0\">\n<div class=\"css-c3565y et138355\">\n<div class=\"css-ccyhe5-p-heading-2-heading-3-heading-4-heading-5-heading-6 e10vhuws1\">\n<h2>Verbundene Technologien<\/h2>\n<p>Erstelle, integriere und erweitere die Software, die bereit ist, global und effizient zu wachsen. Nutze unsere offene API, die detaillierte technische Dokumentation und Expertenunterst\u00fctzung. Arbeite mit Phrase zusammen, um deinen Nutzern beim Wachsen zu helfen.<\/p>\n<p><a href=\"https:\/\/phrase.com\/partners\/technology\/\">Erkunde das Technologieprogramm f\u00fcr Partner &gt;<\/a><\/p>\n<\/div>\n<\/div>\n<\/div>\n<\/div><\/div>\n\t\t\t\t\t<\/div>\n\t<\/div>\n<\/div>\n\n\n\n<div id=\"acf\/text-block_4cbef7fdaddc5c4e2ae02547e6d53026\" class=\"pxblock pxblock--text spacing--default bg--white\">\n\n\t\n\t<div class=\"container\">\n\t\t<div class=\"wysiwyg animate-in block-center\">\n\t\t\t<p class=\"subhead\" style=\"text-align: center\">Integrationen<\/p>\n<h2 style=\"text-align: center\">Werde Teil des Phrase-\u00d6kosystems<\/h2>\n<p style=\"text-align: center\">Bringe deine Teams, Technologien und Werkzeuge zusammen, um die Daten besser zu nutzen, Arbeitsabl\u00e4ufe zu optimieren und mehr Kontrolle zu erhalten.<\/p>\n\t\t<\/div>\n\t<\/div>\n<\/div>\n\n\n\n<div id=\"acf\/simple-card-block_8e2fde13963a4162f43e24c70e3b2218\" class=\"pxblock pxblock--simple-card columns--4 bg--white\">\n\t\t<div class=\"container\">\n\t\t<div class=\"cards animate-in animate-children\">\n\t\t\t\t\t\t\t\t\t\t<a href=\"https:\/\/phrase.com\/es\/integrations\/aem\/\" aria-label=\"Erkunde die AEM-Integration \">\t\t\t\t\t\t\t<div class=\"column card outline\">\n\t\t\t\t\t\t\t\t\t\t\t\t\t\t\t\t\t<div class=\"card--img\"><img loading=\"lazy\" decoding=\"async\" width=\"88\" height=\"79\" src=\"https:\/\/phrase.com\/wp-content\/uploads\/2022\/08\/adobe_integration.svg\" class=\"attachment-original size-original\" alt=\"Adobe logo | Phrase\" \/><\/div>\n\t\t\t\t\t\t\t\t\t\t\t\t\t\t\t\t\t\t\t\t\t\t\t\t\t<div class=\"card--title\">AEM<\/div>\n\t\t\t\t\t\t\t\t\t<div class=\"card--copy\"><\/div>\n\t\t\t\t\t\t\t\t\t\t\t\t\t\t\t\t\t\t\t\t\t\t\t<\/div>\n\t\t\t\t\t\t\t<\/a>\t\t\t\t\t\t\t\t\t\t\t\t\t\t\t\t\t\t\t<a href=\"https:\/\/phrase.com\/es\/integrations\/zendesk\/\" aria-label=\"Erkunde die Zendesk-Integration\">\t\t\t\t\t\t\t<div class=\"column card outline\">\n\t\t\t\t\t\t\t\t\t\t\t\t\t\t\t\t\t<div class=\"card--img\"><img loading=\"lazy\" decoding=\"async\" width=\"49\" height=\"37\" src=\"https:\/\/phrase.com\/wp-content\/uploads\/2022\/08\/Zendesk_integration.svg\" class=\"attachment-original size-original\" alt=\"Zendesk icon | Phrase\" \/><\/div>\n\t\t\t\t\t\t\t\t\t\t\t\t\t\t\t\t\t\t\t\t\t\t\t\t\t<div class=\"card--title\">Zendesk<\/div>\n\t\t\t\t\t\t\t\t\t<div class=\"card--copy\"><\/div>\n\t\t\t\t\t\t\t\t\t\t\t\t\t\t\t\t\t\t\t\t\t\t\t<\/div>\n\t\t\t\t\t\t\t<\/a>\t\t\t\t\t\t\t\t\t\t\t\t\t\t\t\t\t\t\t<a href=\"https:\/\/phrase.com\/es\/integrations\/wordpress-translation-plugin\/\" aria-label=\"Erkunde die WordPress-Integration\">\t\t\t\t\t\t\t<div class=\"column card outline\">\n\t\t\t\t\t\t\t\t\t\t\t\t\t\t\t\t\t<div class=\"card--img\"><img loading=\"lazy\" decoding=\"async\" width=\"64\" height=\"64\" src=\"https:\/\/phrase.com\/wp-content\/uploads\/2022\/08\/wordpress_integration.svg\" class=\"attachment-original size-original\" alt=\"WordPress icon | Phrase\" \/><\/div>\n\t\t\t\t\t\t\t\t\t\t\t\t\t\t\t\t\t\t\t\t\t\t\t\t\t<div class=\"card--title\">WordPress<\/div>\n\t\t\t\t\t\t\t\t\t<div class=\"card--copy\"><\/div>\n\t\t\t\t\t\t\t\t\t\t\t\t\t\t\t\t\t\t\t\t\t\t\t<\/div>\n\t\t\t\t\t\t\t<\/a>\t\t\t\t\t\t\t\t\t\t\t\t\t\t\t\t\t\t\t<a href=\"https:\/\/phrase.com\/es\/integrations\/marketo\/\" aria-label=\"Erkunde die Marketo-Integration\">\t\t\t\t\t\t\t<div class=\"column card outline\">\n\t\t\t\t\t\t\t\t\t\t\t\t\t\t\t\t\t<div class=\"card--img\"><img loading=\"lazy\" decoding=\"async\" width=\"60\" height=\"60\" src=\"https:\/\/phrase.com\/wp-content\/uploads\/2022\/08\/marketo_logo.svg\" class=\"attachment-original size-original\" alt=\"Marketo logo | Phrase\" \/><\/div>\n\t\t\t\t\t\t\t\t\t\t\t\t\t\t\t\t\t\t\t\t\t\t\t\t\t<div class=\"card--title\">Marketo<\/div>\n\t\t\t\t\t\t\t\t\t<div class=\"card--copy\"><\/div>\n\t\t\t\t\t\t\t\t\t\t\t\t\t\t\t\t\t\t\t\t\t\t\t<\/div>\n\t\t\t\t\t\t\t<\/a>\t\t\t\t\t\t\t\t\t\t\t\t\t\t\t\t\t\t\t<a href=\"https:\/\/phrase.com\/es\/integrations\/kontent-ai\/\" aria-label=\"Erkunde die Kontent.ai-Integration\">\t\t\t\t\t\t\t<div class=\"column card outline\">\n\t\t\t\t\t\t\t\t\t\t\t\t\t\t\t\t\t<div class=\"card--img\"><img loading=\"lazy\" decoding=\"async\" width=\"60\" height=\"60\" src=\"https:\/\/phrase.com\/wp-content\/uploads\/2022\/09\/Kontent_ai_logo.svg\" class=\"attachment-original size-original\" alt=\"Kontent.ai | Phrase\" \/><\/div>\n\t\t\t\t\t\t\t\t\t\t\t\t\t\t\t\t\t\t\t\t\t\t\t\t\t<div class=\"card--title\">Kontent.ai<\/div>\n\t\t\t\t\t\t\t\t\t<div class=\"card--copy\"><\/div>\n\t\t\t\t\t\t\t\t\t\t\t\t\t\t\t\t\t\t\t\t\t\t\t<\/div>\n\t\t\t\t\t\t\t<\/a>\t\t\t\t\t\t\t\t\t\t\t\t\t\t\t\t\t\t\t<a href=\"https:\/\/phrase.com\/es\/integrations\/hubspot\/\" aria-label=\"HubSpot-Integration\">\t\t\t\t\t\t\t<div class=\"column card outline\">\n\t\t\t\t\t\t\t\t\t\t\t\t\t\t\t\t\t<div class=\"card--img\"><img loading=\"lazy\" decoding=\"async\" width=\"60\" height=\"60\" src=\"https:\/\/phrase.com\/wp-content\/uploads\/2022\/08\/hubspot_logo.svg\" class=\"attachment-original size-original\" alt=\"HubSpot logo | Phrase\" \/><\/div>\n\t\t\t\t\t\t\t\t\t\t\t\t\t\t\t\t\t\t\t\t\t\t\t\t\t<div class=\"card--title\">HubSpot<\/div>\n\t\t\t\t\t\t\t\t\t<div class=\"card--copy\"><\/div>\n\t\t\t\t\t\t\t\t\t\t\t\t\t\t\t\t\t\t\t\t\t\t\t<\/div>\n\t\t\t\t\t\t\t<\/a>\t\t\t\t\t\t\t\t\t\t\t\t\t\t\t\t\t\t\t<a href=\"https:\/\/phrase.com\/es\/integrations\/github\/\" aria-label=\"GitHub-Integration\">\t\t\t\t\t\t\t<div class=\"column card outline\">\n\t\t\t\t\t\t\t\t\t\t\t\t\t\t\t\t\t<div class=\"card--img\"><img loading=\"lazy\" decoding=\"async\" width=\"50\" height=\"49\" src=\"https:\/\/phrase.com\/wp-content\/uploads\/2022\/08\/Github_integration.svg\" class=\"attachment-original size-original\" alt=\"GitHub icon | Phrase\" \/><\/div>\n\t\t\t\t\t\t\t\t\t\t\t\t\t\t\t\t\t\t\t\t\t\t\t\t\t<div class=\"card--title\">GitHub<\/div>\n\t\t\t\t\t\t\t\t\t<div class=\"card--copy\"><\/div>\n\t\t\t\t\t\t\t\t\t\t\t\t\t\t\t\t\t\t\t\t\t\t\t<\/div>\n\t\t\t\t\t\t\t<\/a>\t\t\t\t\t\t\t\t\t\t\t\t\t\t\t\t\t\t\t<a href=\"https:\/\/phrase.com\/es\/integrations\/figma\/\" aria-label=\"Figma-Integration\">\t\t\t\t\t\t\t<div class=\"column card outline\">\n\t\t\t\t\t\t\t\t\t\t\t\t\t\t\t\t\t<div class=\"card--img\"><img loading=\"lazy\" decoding=\"async\" width=\"36\" height=\"55\" src=\"https:\/\/phrase.com\/wp-content\/uploads\/2022\/08\/Figma_integration.svg\" class=\"attachment-original size-original\" alt=\"Figma icon | Phrase\" \/><\/div>\n\t\t\t\t\t\t\t\t\t\t\t\t\t\t\t\t\t\t\t\t\t\t\t\t\t<div class=\"card--title\">Figma<\/div>\n\t\t\t\t\t\t\t\t\t<div class=\"card--copy\"><\/div>\n\t\t\t\t\t\t\t\t\t\t\t\t\t\t\t\t\t\t\t\t\t\t\t<\/div>\n\t\t\t\t\t\t\t<\/a>\t\t\t\t\t\t\t\t\t\t\t\t\t\t\t\t\t\t\t<a href=\"https:\/\/phrase.com\/es\/integrations\/contentful\/\" aria-label=\"Contentful-Integration\">\t\t\t\t\t\t\t<div class=\"column card outline\">\n\t\t\t\t\t\t\t\t\t\t\t\t\t\t\t\t\t<div class=\"card--img\"><img loading=\"lazy\" decoding=\"async\" width=\"52\" height=\"59\" src=\"https:\/\/phrase.com\/wp-content\/uploads\/2022\/08\/contentful_integration.svg\" class=\"attachment-original size-original\" alt=\"Contentful icon | Phrase\" \/><\/div>\n\t\t\t\t\t\t\t\t\t\t\t\t\t\t\t\t\t\t\t\t\t\t\t\t\t<div class=\"card--title\">Contentful <\/div>\n\t\t\t\t\t\t\t\t\t<div class=\"card--copy\"><\/div>\n\t\t\t\t\t\t\t\t\t\t\t\t\t\t\t\t\t\t\t\t\t\t\t<\/div>\n\t\t\t\t\t\t\t<\/a>\t\t\t\t\t\t\t\t\t\t\t\t\t\t\t\t\t\t\t<a href=\"https:\/\/phrase.com\/es\/integrations\/adobe\/\" aria-label=\"adobe comm\">\t\t\t\t\t\t\t<div class=\"column card outline\">\n\t\t\t\t\t\t\t\t\t\t\t\t\t\t\t\t\t<div class=\"card--img\"><img loading=\"lazy\" decoding=\"async\" width=\"88\" height=\"79\" src=\"https:\/\/phrase.com\/wp-content\/uploads\/2022\/08\/adobe_integration-1.svg\" class=\"attachment-original size-original\" alt=\"Adobe Commerce logo | Phrase\" \/><\/div>\n\t\t\t\t\t\t\t\t\t\t\t\t\t\t\t\t\t\t\t\t\t\t\t\t\t<div class=\"card--title\">Adobe Commerce<\/div>\n\t\t\t\t\t\t\t\t\t<div class=\"card--copy\"><\/div>\n\t\t\t\t\t\t\t\t\t\t\t\t\t\t\t\t\t\t\t\t\t\t\t<\/div>\n\t\t\t\t\t\t\t<\/a>\t\t\t\t\t\t\t\t\t\t\t\t\t\t\t\t\t\t\t<a href=\"https:\/\/phrase.com\/es\/integrations\/sketch\/\" aria-label=\"Sketch-Integration\">\t\t\t\t\t\t\t<div class=\"column card outline\">\n\t\t\t\t\t\t\t\t\t\t\t\t\t\t\t\t\t<div class=\"card--img\"><img loading=\"lazy\" decoding=\"async\" width=\"394\" height=\"356\" src=\"https:\/\/phrase.com\/wp-content\/uploads\/2022\/08\/Sketch_integration-1.svg\" class=\"attachment-original size-original\" alt=\"Sketch icon | Phrase\" \/><\/div>\n\t\t\t\t\t\t\t\t\t\t\t\t\t\t\t\t\t\t\t\t\t\t\t\t\t<div class=\"card--title\">Sketch<\/div>\n\t\t\t\t\t\t\t\t\t<div class=\"card--copy\"><\/div>\n\t\t\t\t\t\t\t\t\t\t\t\t\t\t\t\t\t\t\t\t\t\t\t<\/div>\n\t\t\t\t\t\t\t<\/a>\t\t\t\t\t\t\t\t\t\t\t\t\t\t\t\t\t\t\t<a href=\"https:\/\/phrase.com\/integrations\/captionhub\/\" aria-label=\"CaptionHub-Integration\">\t\t\t\t\t\t\t<div class=\"column card outline\">\n\t\t\t\t\t\t\t\t\t\t\t\t\t\t\t\t\t<div class=\"card--img\"><img loading=\"lazy\" decoding=\"async\" width=\"400\" height=\"181\" src=\"https:\/\/phrase.com\/wp-content\/uploads\/2022\/09\/CaptionHub_Logo.png\" class=\"attachment-original size-original\" alt=\"Caption hub logo | Phrase\" srcset=\"https:\/\/phrase.com\/wp-content\/uploads\/2022\/09\/CaptionHub_Logo.png 400w, https:\/\/phrase.com\/wp-content\/uploads\/2022\/09\/CaptionHub_Logo-300x136.png 300w\" sizes=\"auto, (max-width: 400px) 100vw, 400px\" \/><\/div>\n\t\t\t\t\t\t\t\t\t\t\t\t\t\t\t\t\t\t\t\t\t\t\t\t\t<div class=\"card--title\">CaptionHub<\/div>\n\t\t\t\t\t\t\t\t\t<div class=\"card--copy\"><\/div>\n\t\t\t\t\t\t\t\t\t\t\t\t\t\t\t\t\t\t\t\t\t\t\t<\/div>\n\t\t\t\t\t\t\t<\/a>\t\t\t\t\t\t\t\t\t\t\t\t\t\t\t\t\t\t\t\t\t\t\t\t\t\t<div class=\"column card outline\">\n\t\t\t\t\t\t\t\t\t\t\t\t\t\t\t\t\t<div class=\"card--img\"><img loading=\"lazy\" decoding=\"async\" width=\"635\" height=\"678\" src=\"https:\/\/phrase.com\/wp-content\/uploads\/2023\/03\/CL-logo-04-2.png\" class=\"attachment-original size-original\" alt=\"Clearly Local | Phrase\" srcset=\"https:\/\/phrase.com\/wp-content\/uploads\/2023\/03\/CL-logo-04-2.png 635w, https:\/\/phrase.com\/wp-content\/uploads\/2023\/03\/CL-logo-04-2-281x300.png 281w\" sizes=\"auto, (max-width: 635px) 100vw, 635px\" \/><\/div>\n\t\t\t\t\t\t\t\t\t\t\t\t\t\t\t\t\t\t\t\t\t\t\t\t\t<div class=\"card--title\">Clearly Local<\/div>\n\t\t\t\t\t\t\t\t\t<div class=\"card--copy\"><\/div>\n\t\t\t\t\t\t\t\t\t\t\t\t\t\t\t\t\t\t\t\t\t\t\t<\/div>\n\t\t\t\t\t\t\t\t\t\t\t\t\t\t\t\t\t\t\t\t\t\t\t\t\t\t<a href=\"https:\/\/phrase.com\/integrations\/paligo\/\" aria-label=\"Paligo-Integration\">\t\t\t\t\t\t\t<div class=\"column card outline\">\n\t\t\t\t\t\t\t\t\t\t\t\t\t\t\t\t\t<div class=\"card--img\"><img loading=\"lazy\" decoding=\"async\" width=\"120\" height=\"120\" src=\"https:\/\/phrase.com\/wp-content\/uploads\/2022\/09\/Paligo_logo.png\" class=\"attachment-original size-original\" alt=\"\" \/><\/div>\n\t\t\t\t\t\t\t\t\t\t\t\t\t\t\t\t\t\t\t\t\t\t\t\t\t<div class=\"card--title\">Paligo<\/div>\n\t\t\t\t\t\t\t\t\t<div class=\"card--copy\"><\/div>\n\t\t\t\t\t\t\t\t\t\t\t\t\t\t\t\t\t\t\t\t\t\t\t<\/div>\n\t\t\t\t\t\t\t<\/a>\t\t\t\t\t\t\t\t\t\t\t\t\t\t<\/div>\n\t\t\t\t\t<div class=\"cards--button\">\n\t\t\t\t<a href=\"https:\/\/phrase.com\/es\/integrations\/\" aria-label=\"Erkunde alle Integrationen\" class=\"btn btn--outline animate-in\">Erkunde alle Integrationen<\/a>\n\t\t\t<\/div>\n\n\t\t\t<\/div>\n<\/div>\n\n\n\n<div id=\"acf\/testimonials-block_352b50b4cc7589ee9e0a402b4f9bc1ce\" class=\"pxblock pxblock--testimonials bg--green\">\n\t\n\t<div class=\"container\">\n\n\t\t<div class=\"testimonials animate-in\"><div class=\"testimonial\"><span class=\"testimonial__icon\"><\/span><p class=\"testimonial__quote length_class-small\"><p>Phrase ist weltweit das f\u00fchrende TMS f\u00fcr Linguist*innen und Lokalisierungsteams. Deshalb ist es uns eine gro\u00dfe Freude, unsere Partnerschaft mit Phrase auf die n\u00e4chste Stufe zu heben. Wir sind stolz auf die enge Zusammenarbeit und die gemeinsame Produktvision f\u00fcr den Lokalisierungsmarkt mit Phrase, und freuen uns auf unsere gemeinsame Zukunft.<\/p>\n<\/p><div class=\"testimonial__logo\"><img loading=\"lazy\" decoding=\"async\" width=\"290\" height=\"139\" src=\"https:\/\/phrase.com\/wp-content\/uploads\/2022\/08\/CaptionHub_Testimonial_Logo.png\" class=\"attachment-original size-original\" alt=\"CaptionHub logo for testimonial | Phrase\" \/><\/div><div class=\"testimonial__attribution\"><p class=\"testimonial__author\">Tom Bridges<\/p><p class=\"testimonial__author-title\">CEO<\/p><\/div><a class=\"btn btn--primary\" href=\"https:\/\/phrase.com\/es\/customers\/\">See all case studies<\/a><\/div><\/div>\t<\/div>\n\n<\/div>\n\n\n\n<div id=\"acf\/feature-block_a64b273f627f2b7619273abde01b4d96\" class=\"pxblock pxblock--feature bg--yellow\">\n\t\t<div class=\"container animate-in\">\n\t\t<div class=\"feature--header\"><h2 class=\"h1\">Bist du bereit, Partner zu werden?<\/h2><\/div>\n\t\t<div class=\"feature--content\">\n\t\t\t<h3>Schlie\u00dfe dich einem \u00d6kosystem an, das globalen Erfolg erm\u00f6glicht<\/h3>\n\t\t\t\t\t<\/div>\n\n\t\t\t\t\t<div class=\"feature--btns btn-group btn-group--center\">\n\t\t\t\t\t\t\t\t\t<a href=\"https:\/\/phrase.com\/partners-inquiries\/\" class=\"btn btn--primary\">\n\t\t\t\t\t\tWerde Partner\t\t\t\t\t<\/a>\n\t\t\t\t\t\t\t\t\t\t<a href=\"https:\/\/phrase.com\/brand\/\" class=\"btn btn--outline\">\n\t\t\t\t\t\tPhrase Multimedia-Kit\t\t\t\t\t<\/a>\n\t\t\t\t\t\t\t\t<\/div>\n\t\t\t<\/div>\n<\/div>\n\n","protected":false},"excerpt":{"rendered":"","protected":false},"author":4,"featured_media":0,"parent":56573,"menu_order":0,"comment_status":"closed","ping_status":"closed","template":"","meta":{"_acf_changed":false,"_stopmodifiedupdate":false,"_modified_date":"","_searchwp_excluded":"","episode_type":"","audio_file":"","podmotor_file_id":"","podmotor_episode_id":"","cover_image":"","cover_image_id":"","duration":"","filesize":"","filesize_raw":"","date_recorded":"","explicit":"","block":"","itunes_episode_number":"","itunes_title":"","itunes_season_number":"","itunes_episode_type":"","footnotes":""},"class_list":["post-123620","page","type-page","status-publish","hentry"],"acf":[],"_links":{"self":[{"href":"https:\/\/phrase.com\/de\/wp-json\/wp\/v2\/pages\/123620","targetHints":{"allow":["GET"]}}],"collection":[{"href":"https:\/\/phrase.com\/de\/wp-json\/wp\/v2\/pages"}],"about":[{"href":"https:\/\/phrase.com\/de\/wp-json\/wp\/v2\/types\/page"}],"author":[{"embeddable":true,"href":"https:\/\/phrase.com\/de\/wp-json\/wp\/v2\/users\/4"}],"replies":[{"embeddable":true,"href":"https:\/\/phrase.com\/de\/wp-json\/wp\/v2\/comments?post=123620"}],"version-history":[{"count":2,"href":"https:\/\/phrase.com\/de\/wp-json\/wp\/v2\/pages\/123620\/revisions"}],"predecessor-version":[{"id":124229,"href":"https:\/\/phrase.com\/de\/wp-json\/wp\/v2\/pages\/123620\/revisions\/124229"}],"up":[{"embeddable":true,"href":"https:\/\/phrase.com\/de\/wp-json\/wp\/v2\/pages\/56573"}],"wp:attachment":[{"href":"https:\/\/phrase.com\/de\/wp-json\/wp\/v2\/media?parent=123620"}],"curies":[{"name":"wp","href":"https:\/\/api.w.org\/{rel}","templated":true}]}}