{"id":124288,"date":"2025-10-06T10:41:01","date_gmt":"2025-10-06T08:41:01","guid":{"rendered":"https:\/\/phrase.com\/%e5%b9%bf%e5%91%8a-%e7%bf%bb%e8%af%91%e7%ae%a1%e7%90%86%e7%b3%bb%e7%bb%9f\/"},"modified":"2025-10-07T09:13:20","modified_gmt":"2025-10-07T07:13:20","slug":"ads-translation-management-system","status":"publish","type":"page","link":"https:\/\/phrase.com\/de\/ads-translation-management-system\/","title":{"rendered":"\u5e7f\u544a &#8211; \u7ffb\u8bd1\u7ba1\u7406\u7cfb\u7edf"},"content":{"rendered":"\n<div class=\"wp-block-group alignwide has-global-padding is-layout-constrained wp-block-group-is-layout-constrained\">\n<div class=\"wp-block-group alignwide is-style-header-hero has-white-color has-transparent-background-color has-text-color has-background has-link-color wp-elements-3ad05ae99f9567158df06d02dc2d72ae is-layout-flow wp-block-group-is-layout-flow\" style=\"padding-top:var(--wp--preset--spacing--70);padding-right:var(--wp--preset--spacing--10);padding-bottom:var(--wp--preset--spacing--70);padding-left:var(--wp--preset--spacing--10)\">\n<figure class=\"wp-block-image alignleft size-large is-resized\"><img decoding=\"async\" src=\"https:\/\/phrase.com\/wp-content\/uploads\/2022\/11\/Phrase-logo-notagline-fullcolor-2.svg\" alt=\"Logo ohne Slogan | Phrase\" class=\"wp-image-35966\" style=\"width:214px;height:auto\" \/><\/figure>\n<\/div>\n\n\n\n<div style=\"height:12px\" aria-hidden=\"true\" class=\"wp-block-spacer\"><\/div>\n<\/div>\n\n\n\n<div class=\"wp-block-group alignwide is-style-header-hero has-white-color has-blue-10-background-color has-text-color has-background has-link-color has-background-images wp-elements-8e070b8a5b3cfe0aca5c5d1f029ef3ed is-layout-flow wp-block-group-is-layout-flow\" style=\"padding-top:var(--wp--preset--spacing--70);padding-bottom:var(--wp--preset--spacing--70);background-image:url(https:\/\/phrase.com\/wp-content\/uploads\/2024\/03\/Subhero-Header-Image-Green-Phrase-TMS.png.webp);background-position:0% 0%;background-attachment:scroll;background-repeat:no-repeat;background-size:cover\"><div class=\"yoast-breadcrumbs\"><span><span><a href=\"https:\/\/phrase.com\/de\/\">Home<\/a><\/span> | <span class=\"breadcrumb_last\" aria-current=\"page\">\u00dcbersetzungsmanagementsystem<\/span><\/span><\/div>\n\n\n<h1 class=\"wp-block-heading has-phrase-green-color has-text-color has-link-color wp-elements-043d99a4187743b7bb38bad1e9f46b5c\" id=\"h-the-better-translation-management-system\" style=\"padding-top:0;padding-right:0;padding-bottom:0;padding-left:0\">Bessere \u00dcbersetzungen <br>Managementsystem<a href=\"https:\/\/phrase.com\/lp\/software-translation\/clkg\/https\/phrase.com\/demo\/\" target=\"_blank\" rel=\"noreferrer noopener\"><\/a><\/h1>\n\n\n\n<ul class=\"wp-block-list is-style-checkmark has-large-font-size\">\n<li class=\"has-medium-font-size\">Arbeite mit Produktmanagern und \u00dcbersetzern zusammen, um deinen Workflow zu optimieren<\/li>\n\n\n\n<li class=\"has-medium-font-size\">Nutze unsere zuweisbaren Aufgaben, um Aufgaben zu organisieren und zu kommunizieren<\/li>\n\n\n\n<li class=\"has-medium-font-size\">Verfolge den Fortschritt der \u00dcbersetzer in Echtzeit<\/li>\n<\/ul>\n\n\n\n<div class=\"wp-block-buttons is-layout-flex wp-block-buttons-is-layout-flex\">\n<div class=\"wp-block-button is-style-phrase-green-filled\"><a class=\"wp-block-button__link wp-element-button\" href=\"https:\/\/phrase.com\/de\/demo\/\">Demo buchen<\/a><\/div>\n<\/div>\n\n\n\n<div class=\"wp-block-group alignwide is-nowrap is-layout-flex wp-container-core-group-is-layout-929df6c8 wp-block-group-is-layout-flex\" style=\"padding-top:var(--wp--preset--spacing--16)\">\n<div class=\"wp-block-group alignwide is-nowrap is-layout-flex wp-container-core-group-is-layout-929df6c8 wp-block-group-is-layout-flex\" style=\"padding-top:var(--wp--preset--spacing--16)\">\n<figure class=\"wp-block-image size-full is-resized\"><img loading=\"lazy\" decoding=\"async\" width=\"293\" height=\"301\" src=\"https:\/\/phrase.com\/wp-content\/uploads\/2024\/04\/white-logo-f09d19275689a5627bda9e8d22aca24bdd580381643dd1d64e03e961595e62b2.png\" alt=\"\" class=\"wp-image-82212\" style=\"width:59px;height:auto\" \/><\/figure>\n\n\n\n<p class=\"has-text-align-left has-large-font-size\">\u2605\u2605\u2605\u2605\u2605<br>4.6<\/p>\n<\/div>\n<\/div>\n<\/div>\n\n\n\n<div class=\"wp-block-group alignwide is-content-justification-center is-layout-flex wp-container-core-group-is-layout-9f188630 wp-block-group-is-layout-flex\" style=\"padding-top:var(--wp--preset--spacing--16);padding-bottom:var(--wp--preset--spacing--16)\">\n<figure class=\"wp-block-image size-full is-resized\"><img loading=\"lazy\" decoding=\"async\" width=\"300\" height=\"43\" src=\"https:\/\/phrase.com\/wp-content\/uploads\/2024\/02\/Lionbridge_Logo-300x43-1.png\" alt=\"\" class=\"wp-image-75740\" style=\"width:auto;height:19px\"\/><\/figure>\n\n\n\n<figure class=\"wp-block-image size-full is-resized\"><img loading=\"lazy\" decoding=\"async\" width=\"128\" height=\"45\" src=\"https:\/\/phrase.com\/wp-content\/uploads\/2024\/02\/Uber_Logo.png\" alt=\"\" class=\"wp-image-75746\" style=\"width:auto;height:20px\"\/><\/figure>\n\n\n\n<figure class=\"wp-block-image size-full is-resized\"><img loading=\"lazy\" decoding=\"async\" width=\"332\" height=\"90\" src=\"https:\/\/phrase.com\/wp-content\/uploads\/2023\/10\/deliveroo_logo.png\" alt=\"Deliveroo logo | Phrase\" class=\"wp-image-66535\" style=\"width:114px;height:auto\" srcset=\"https:\/\/phrase.com\/wp-content\/uploads\/2023\/10\/deliveroo_logo.png 332w, https:\/\/phrase.com\/wp-content\/uploads\/2023\/10\/deliveroo_logo-300x81.png 300w\" sizes=\"auto, (max-width: 332px) 100vw, 332px\" \/><\/figure>\n\n\n\n<figure class=\"wp-block-image size-full is-resized\"><img loading=\"lazy\" decoding=\"async\" width=\"20933\" height=\"4584\" src=\"https:\/\/phrase.com\/wp-content\/uploads\/2024\/05\/Tripadvisor_Logo_horizontal-lockup_registered_RGB-01.png\" alt=\"\" class=\"wp-image-83505\" style=\"width:169px;height:auto\"\/><\/figure>\n\n\n\n<figure class=\"wp-block-image size-full is-resized\"><img loading=\"lazy\" decoding=\"async\" width=\"227\" height=\"113\" src=\"https:\/\/phrase.com\/wp-content\/uploads\/2024\/02\/Puma_logo.svg\" alt=\"Puma logo | Phrase\" class=\"wp-image-75541\" style=\"width:auto;height:30px\"\/><\/figure>\n\n\n\n<figure class=\"wp-block-image size-full is-resized\"><img loading=\"lazy\" decoding=\"async\" width=\"220\" height=\"46\" src=\"https:\/\/phrase.com\/wp-content\/uploads\/2023\/04\/zendesk_logo-1.png\" alt=\"Zendesk logo colored for logo banner | Phrase\" class=\"wp-image-45659\" style=\"width:120px;height:auto\"\/><\/figure>\n\n\n\n<figure class=\"wp-block-image size-full is-resized\"><img loading=\"lazy\" decoding=\"async\" width=\"314\" height=\"79\" src=\"https:\/\/phrase.com\/wp-content\/uploads\/2023\/10\/Decathlon_logo.png\" alt=\"Decathlon logo | Phrase\" class=\"wp-image-66541\" style=\"width:auto;height:30px\" srcset=\"https:\/\/phrase.com\/wp-content\/uploads\/2023\/10\/Decathlon_logo.png 314w, https:\/\/phrase.com\/wp-content\/uploads\/2023\/10\/Decathlon_logo-300x75.png 300w\" sizes=\"auto, (max-width: 314px) 100vw, 314px\" \/><\/figure>\n<\/div>\n\n\n\n<div style=\"height:40px\" aria-hidden=\"true\" class=\"wp-block-spacer\"><\/div>\n\n\n\n<div class=\"wp-block-group alignwide has-global-padding is-layout-constrained wp-block-group-is-layout-constrained\">\n<div style=\"height:15px\" aria-hidden=\"true\" class=\"wp-block-spacer\"><\/div>\n\n\n\n<div class=\"wp-block-columns alignwide are-vertically-aligned-center media-text-columns media-text-columns--media-right is-layout-flex wp-container-core-columns-is-layout-28f84493 wp-block-columns-is-layout-flex\">\n<div class=\"wp-block-column is-vertically-aligned-center is-layout-flow wp-block-column-is-layout-flow\" style=\"flex-basis:41.9672131148%\">\n<h3 class=\"wp-block-heading has-large-font-size\" id=\"h-beyond-a-translation-management-system\">\u8fdc\u8d85\u666e\u901a\u7684\u7ffb\u8bd1\u7ba1\u7406\u7cfb\u7edf<\/h3>\n\n\n\n<p>Phrase TMS ist ein umfassendes \u00dcbersetzungsmanagementsystem, das Computerunterst\u00fctzte \u00dcbersetzung (CAT)-Tools integriert und es dir sowie deinem Team erm\u00f6glicht, auf jeder Plattform m\u00fchelos optimale \u00dcbersetzungsergebnisse zu erzielen.<\/p>\n<\/div>\n\n\n\n<div class=\"wp-block-column is-vertically-aligned-center is-layout-flow wp-block-column-is-layout-flow\" style=\"flex-basis:57.2131147541%\">\n<figure class=\"wp-block-image size-full\"><img loading=\"lazy\" decoding=\"async\" width=\"1260\" height=\"1159\" src=\"https:\/\/phrase.com\/wp-content\/uploads\/2022\/09\/TMS_Hero-e1678895852531.png\" alt=\"Phrase TMS | Phrase\" class=\"wp-image-7479\" srcset=\"https:\/\/phrase.com\/wp-content\/uploads\/2022\/09\/TMS_Hero-e1678895852531.png 1260w, https:\/\/phrase.com\/wp-content\/uploads\/2022\/09\/TMS_Hero-e1678895852531-300x276.png 300w, https:\/\/phrase.com\/wp-content\/uploads\/2022\/09\/TMS_Hero-e1678895852531-1024x942.png 1024w, https:\/\/phrase.com\/wp-content\/uploads\/2022\/09\/TMS_Hero-e1678895852531-768x706.png 768w\" sizes=\"auto, (max-width: 1260px) 100vw, 1260px\" \/><\/figure>\n<\/div>\n<\/div>\n\n\n\n<div class=\"wp-block-columns alignwide are-vertically-aligned-center media-text-columns media-text-columns--media-left is-layout-flex wp-container-core-columns-is-layout-28f84493 wp-block-columns-is-layout-flex\">\n<div class=\"wp-block-column is-vertically-aligned-center is-layout-flow wp-block-column-is-layout-flow\" style=\"flex-basis:57.2131147541%\">\n<figure class=\"wp-block-image size-full\"><img loading=\"lazy\" decoding=\"async\" width=\"1891\" height=\"1407\" src=\"https:\/\/phrase.com\/wp-content\/uploads\/2022\/08\/MT_Engines-1.png\" alt=\"Visualisierung der Auswahl unterschiedlicher Maschinen\u00fcbersetzungs-Engines | Phrase\" class=\"wp-image-1289\" srcset=\"https:\/\/phrase.com\/wp-content\/uploads\/2022\/08\/MT_Engines-1.png 1891w, https:\/\/phrase.com\/wp-content\/uploads\/2022\/08\/MT_Engines-1-300x223.png 300w, https:\/\/phrase.com\/wp-content\/uploads\/2022\/08\/MT_Engines-1-1024x762.png 1024w, https:\/\/phrase.com\/wp-content\/uploads\/2022\/08\/MT_Engines-1-768x571.png 768w, https:\/\/phrase.com\/wp-content\/uploads\/2022\/08\/MT_Engines-1-1536x1143.png 1536w\" sizes=\"auto, (max-width: 1891px) 100vw, 1891px\" \/><\/figure>\n<\/div>\n\n\n\n<div class=\"wp-block-column is-vertically-aligned-center is-layout-flow wp-block-column-is-layout-flow\" style=\"flex-basis:41.9672131148%\">\n<h3 class=\"wp-block-heading has-large-font-size\" id=\"h-extensive-machine-translation-engine-support\">Umfassende Unterst\u00fctzung f\u00fcr Maschinen\u00fcbersetzungs-Engines<\/h3>\n\n\n\n<p>Wir f\u00fcgen kontinuierlich vollautomatische \u00dcbersetzungs-Engines hinzu, sodass du sie ohne die Hilfe von Entwicklern selbst hinzuf\u00fcgen kannst.Wenn du den Engine wechseln m\u00f6chtest, kannst du manuell \u00fcber 30 unterst\u00fctzte Standard- und benutzerdefinierte Engines hinzuf\u00fcgen.<\/p>\n<\/div>\n<\/div>\n\n\n\n<div class=\"wp-block-columns alignwide are-vertically-aligned-center media-text-columns media-text-columns--media-right is-layout-flex wp-container-core-columns-is-layout-28f84493 wp-block-columns-is-layout-flex\">\n<div class=\"wp-block-column is-vertically-aligned-center is-layout-flow wp-block-column-is-layout-flow\" style=\"flex-basis:41.9672131148%\">\n<h3 class=\"wp-block-heading has-large-font-size\" id=\"h-elevate-your-workflow\">Optimiere deinen Workflow<\/h3>\n\n\n\n<p>\u8bbf\u95ee\u6211\u4eec\u5305\u542b 50 \u591a\u79cd\u5f3a\u5927\u96c6\u6210\u7684\u5e93\uff0c\u6db5\u76d6\u5185\u5bb9\u7ba1\u7406\u7cfb\u7edf\u3001\u8425\u9500\u81ea\u52a8\u5316\u5e73\u53f0\u3001\u6e90\u4ee3\u7801\u5b58\u50a8\u5e93\u53ca\u7b2c\u4e09\u65b9\u7cfb\u7edf\u3002Fehlt dir deine bevorzugte Integrationsl\u00f6sung?Keine Sorge: Unsere leistungsstarke API erm\u00f6glicht es dir, eine ma\u00dfgeschneiderte L\u00f6sung zu erstellen.<\/p>\n<\/div>\n\n\n\n<div class=\"wp-block-column is-vertically-aligned-center is-layout-flow wp-block-column-is-layout-flow\" style=\"flex-basis:57.2131147541%\">\n<figure class=\"wp-block-image size-full\"><img loading=\"lazy\" decoding=\"async\" width=\"2094\" height=\"1266\" src=\"https:\/\/phrase.com\/wp-content\/uploads\/2024\/03\/API-to-reduce-integration-times-Phrase-Strings.png\" alt=\"\" class=\"wp-image-77581\" srcset=\"https:\/\/phrase.com\/wp-content\/uploads\/2024\/03\/API-to-reduce-integration-times-Phrase-Strings.png 2094w, https:\/\/phrase.com\/wp-content\/uploads\/2024\/03\/API-to-reduce-integration-times-Phrase-Strings-300x181.png 300w, https:\/\/phrase.com\/wp-content\/uploads\/2024\/03\/API-to-reduce-integration-times-Phrase-Strings-1024x619.png 1024w, https:\/\/phrase.com\/wp-content\/uploads\/2024\/03\/API-to-reduce-integration-times-Phrase-Strings-768x464.png 768w, https:\/\/phrase.com\/wp-content\/uploads\/2024\/03\/API-to-reduce-integration-times-Phrase-Strings-1536x929.png 1536w, https:\/\/phrase.com\/wp-content\/uploads\/2024\/03\/API-to-reduce-integration-times-Phrase-Strings-2048x1238.png 2048w\" sizes=\"auto, (max-width: 2094px) 100vw, 2094px\" \/><\/figure>\n<\/div>\n<\/div>\n\n\n\n<div class=\"wp-block-columns alignwide are-vertically-aligned-center media-text-columns media-text-columns--media-left is-layout-flex wp-container-core-columns-is-layout-28f84493 wp-block-columns-is-layout-flex\">\n<div class=\"wp-block-column is-vertically-aligned-center is-layout-flow wp-block-column-is-layout-flow\" style=\"flex-basis:57.2131147541%\">\n<figure class=\"wp-block-image size-full\"><img loading=\"lazy\" decoding=\"async\" width=\"1260\" height=\"1070\" src=\"https:\/\/phrase.com\/wp-content\/uploads\/2024\/03\/Workflow_Automation_UI.png\" alt=\"Benutzeroberfl\u00e4che f\u00fcr Workflow-Automatisierung\" class=\"wp-image-76385\" srcset=\"https:\/\/phrase.com\/wp-content\/uploads\/2024\/03\/Workflow_Automation_UI.png 1260w, https:\/\/phrase.com\/wp-content\/uploads\/2024\/03\/Workflow_Automation_UI-300x255.png 300w, https:\/\/phrase.com\/wp-content\/uploads\/2024\/03\/Workflow_Automation_UI-1024x870.png 1024w, https:\/\/phrase.com\/wp-content\/uploads\/2024\/03\/Workflow_Automation_UI-768x652.png 768w\" sizes=\"auto, (max-width: 1260px) 100vw, 1260px\" \/><\/figure>\n<\/div>\n\n\n\n<div class=\"wp-block-column is-vertically-aligned-center is-layout-flow wp-block-column-is-layout-flow\" style=\"flex-basis:41.9672131148%\">\n<h3 class=\"wp-block-heading has-large-font-size\" id=\"h-adapts-to-your-needs\">Erf\u00fclle deine Bed\u00fcrfnisse<\/h3>\n\n\n\n<p>Wir haben eine breite Palette an Tools vorbereitet, die den vielf\u00e4ltigen Bed\u00fcrfnissen und Anwendungsf\u00e4llen der Nutzer gerecht werden und alle Szenarien abdecken \u2013 von der Verwaltung interner Lokalisierungsteams bis hin zu externen Partnern.\u00a0<\/p>\n\n\n\n<p>Du kannst dein Team verwalten, indem du Rollen zuweist, mit Projektvorlagen Zeit sparst und Kosten sowie Arbeitsaufwand analysierst.<\/p>\n<\/div>\n<\/div>\n<\/div>\n\n\n\n<div class=\"wp-block-group alignwide has-global-padding is-layout-constrained wp-block-group-is-layout-constrained\">\n<h2 class=\"wp-block-heading has-text-align-center\" id=\"h-phrase-by-the-numbers\">Zahlen, die f\u00fcr Phrase sprechen<\/h2>\n\n\n\n<div class=\"wp-block-columns alignwide is-style-connected is-layout-flex wp-container-core-columns-is-layout-2626a488 wp-block-columns-is-layout-flex\" style=\"margin-top:var(--wp--preset--spacing--45);margin-bottom:var(--wp--preset--spacing--70)\">\n<div class=\"wp-block-column is-layout-flow wp-block-column-is-layout-flow\">\n<div class=\"wp-block-group is-vertical is-content-justification-center is-layout-flex wp-container-core-group-is-layout-ce155fab wp-block-group-is-layout-flex\">\n<p class=\"is-style-large-gradient-text has-purple-color has-text-color has-link-color has-gigantic-font-size wp-elements-6d95b70e393648a53046fd787180de52\">30\u00a0%<\/p>\n\n\n\n<p class=\"has-text-align-center\">\u672c\u5730\u5316\u5468\u671f\u66f4\u5feb<\/p>\n<\/div>\n<\/div>\n\n\n\n<div class=\"wp-block-column is-vertically-aligned-top is-layout-flow wp-block-column-is-layout-flow\">\n<div class=\"wp-block-group is-vertical is-content-justification-center is-layout-flex wp-container-core-group-is-layout-ce155fab wp-block-group-is-layout-flex\">\n<p class=\"is-style-large-gradient-text has-color-scheme has-purple-color-scheme has-purple-color has-text-color has-link-color has-gigantic-font-size wp-elements-d1731c74f171ccc7ee24f75652f24a93\">2.500<\/p>\n\n\n\n<p class=\"has-text-align-center\">Zahlreiche Unternehmen vertrauen auf Phrase TMS<\/p>\n<\/div>\n<\/div>\n\n\n\n<div class=\"wp-block-column is-layout-flow wp-block-column-is-layout-flow\">\n<div class=\"wp-block-group is-vertical is-content-justification-center is-layout-flex wp-container-core-group-is-layout-ce155fab wp-block-group-is-layout-flex\">\n<p class=\"is-style-large-gradient-text has-color-scheme has-purple-color-scheme has-purple-color has-text-color has-link-color has-gigantic-font-size wp-elements-b5b18ef24e12bbeef28c9edc48c2c343\">24\/7<\/p>\n\n\n\n<p class=\"has-text-align-center\">\u6280\u672f\u652f\u6301<\/p>\n<\/div>\n<\/div>\n<\/div>\n<\/div>\n\n\n\n<div class=\"wp-block-group alignwide has-phrase-green-background-color has-background has-background-images has-global-padding is-content-justification-left is-layout-constrained wp-container-core-group-is-layout-12dd3699 wp-block-group-is-layout-constrained\" style=\"background-image:url(https:\/\/phrase.com\/wp-content\/uploads\/2024\/02\/b73d2cc70754ac3f815cbb0c99a61057-1.jpeg.webp);background-position:0% 0%;background-attachment:scroll;background-repeat:no-repeat;background-size:cover\"><div class=\"glide wp-block-phrase-com-testimonials\"><div class=\"glide__track\" data-glide-el=\"track\"><div class=\"glide__slides\">\t<div class=\"wp-block-phrase-com-testimonial glide__slide\">\n\t\t<div class=\"wp-block-phrase-com-testimonial__text \">\n\t\t\t<p>Der Wechsel zu Phrase TMS war wie der \u00dcbergang vom Fahrrad zum Auto.<br \/>\nWir konnten unsere Abwicklungszeit f\u00fcr \u00dcbersetzungen um 80\u00a0% verringern.<\/p>\n\t\t<\/div>\n\t\t<div class=\"wp-block-phrase-com-testimonial__author\">\n\t\t\t\n\t\t\t<div class=\"wp-block-phrase-com-testimonial__author-info\">\n\t\t\t\t<img loading=\"lazy\" decoding=\"async\" width=\"300\" height=\"121\" src=\"https:\/\/phrase.com\/wp-content\/uploads\/2022\/08\/Huawei_Testimonial_Logo.png\" class=\"wp-block-phrase-com-testimonial__author-company-logo\" alt=\"Logo of Huawei zu Phrase TMS\" srcset=\"https:\/\/phrase.com\/wp-content\/uploads\/2022\/08\/Huawei_Testimonial_Logo.png 314w, https:\/\/phrase.com\/wp-content\/uploads\/2022\/08\/Huawei_Testimonial_Logo-300x121.png 300w\" sizes=\"auto, (max-width: 300px) 100vw, 300px\" \/>\n\t\t\t\t<p class=\"wp-block-phrase-com-testimonial__author-name\">\n\t\t\t\t\tSergio Llorens Gonz\u00e1lez\t\t\t\t<\/p>\n\n\t\t\t\t<p class=\"wp-block-phrase-com-testimonial__author-title\">\n\t\t\t\t\tLokalisierungsmanager\t\t\t\t<\/p>\n\t\t\t<\/div>\n\t\t<\/div>\n\t<\/div>\n\t<\/div><\/div><\/div><\/div>\n\n\n\n<div class=\"wp-block-group alignwide has-yellow-background-color has-background has-global-padding is-layout-constrained wp-block-group-is-layout-constrained\">\n<h2 class=\"wp-block-heading has-text-align-center\" id=\"h-free-trial-easy-to-set-up\">Kostenlos testen.Einfach einzurichten.<\/h2>\n\n\n\n<p class=\"has-text-align-center\">Jederzeit kaufen oder k\u00fcndigen.<a href=\"https:\/\/phrase.com\/lp\/mobile-app-localization\/clkg\/https\/phrase.com\/demo\/\" target=\"_blank\" rel=\"noreferrer noopener\"><\/a><\/p>\n\n\n\n<div class=\"wp-block-buttons is-content-justification-center is-layout-flex wp-container-core-buttons-is-layout-a89b3969 wp-block-buttons-is-layout-flex\">\n<div class=\"wp-block-button\"><a class=\"wp-block-button__link wp-element-button\" href=\"https:\/\/phrase.com\/de\/demo\/\">Demo anfordern<\/a><\/div>\n<\/div>\n<\/div>\n\n\n\n<div style=\"height:100px\" aria-hidden=\"true\" class=\"wp-block-spacer\"><\/div>\n\n\n","protected":false},"excerpt":{"rendered":"<p>Bessere \u00dcbersetzungen Managementsystem \u2605\u2605\u2605\u2605\u26054.6 \u8fdc\u8d85\u666e\u901a\u7684\u7ffb\u8bd1\u7ba1\u7406\u7cfb\u7edf Phrase TMS ist ein umfassendes \u00dcbersetzungsmanagementsystem, das Computerunterst\u00fctzte \u00dcbersetzung (CAT)-Tools integriert und es dir sowie deinem Team erm\u00f6glicht, auf jeder Plattform m\u00fchelos optimale \u00dcbersetzungsergebnisse zu erzielen. Umfassende Unterst\u00fctzung f\u00fcr Maschinen\u00fcbersetzungs-Engines Wir f\u00fcgen kontinuierlich vollautomatische \u00dcbersetzungs-Engines hinzu, sodass du sie ohne die Hilfe von Entwicklern selbst hinzuf\u00fcgen kannst.Wenn du den Engine [&hellip;]<\/p>\n","protected":false},"author":77,"featured_media":7474,"parent":0,"menu_order":0,"comment_status":"closed","ping_status":"closed","template":"page-refresh","meta":{"_acf_changed":false,"_stopmodifiedupdate":false,"_modified_date":"","_searchwp_excluded":"","episode_type":"","audio_file":"","podmotor_file_id":"","podmotor_episode_id":"","cover_image":"","cover_image_id":"","duration":"","filesize":"","filesize_raw":"","date_recorded":"","explicit":"","block":"","itunes_episode_number":"","itunes_title":"","itunes_season_number":"","itunes_episode_type":"","footnotes":""},"class_list":["post-124288","page","type-page","status-publish","has-post-thumbnail","hentry"],"acf":[],"_links":{"self":[{"href":"https:\/\/phrase.com\/de\/wp-json\/wp\/v2\/pages\/124288","targetHints":{"allow":["GET"]}}],"collection":[{"href":"https:\/\/phrase.com\/de\/wp-json\/wp\/v2\/pages"}],"about":[{"href":"https:\/\/phrase.com\/de\/wp-json\/wp\/v2\/types\/page"}],"author":[{"embeddable":true,"href":"https:\/\/phrase.com\/de\/wp-json\/wp\/v2\/users\/77"}],"replies":[{"embeddable":true,"href":"https:\/\/phrase.com\/de\/wp-json\/wp\/v2\/comments?post=124288"}],"version-history":[{"count":1,"href":"https:\/\/phrase.com\/de\/wp-json\/wp\/v2\/pages\/124288\/revisions"}],"predecessor-version":[{"id":124289,"href":"https:\/\/phrase.com\/de\/wp-json\/wp\/v2\/pages\/124288\/revisions\/124289"}],"wp:featuredmedia":[{"embeddable":true,"href":"https:\/\/phrase.com\/de\/wp-json\/wp\/v2\/media\/7474"}],"wp:attachment":[{"href":"https:\/\/phrase.com\/de\/wp-json\/wp\/v2\/media?parent=124288"}],"curies":[{"name":"wp","href":"https:\/\/api.w.org\/{rel}","templated":true}]}}