{"id":130481,"date":"2025-12-03T09:34:18","date_gmt":"2025-12-03T08:34:18","guid":{"rendered":"https:\/\/phrase.com\/google-drive\/"},"modified":"2025-12-16T16:56:15","modified_gmt":"2025-12-16T15:56:15","slug":"google-drive","status":"publish","type":"page","link":"https:\/\/phrase.com\/de\/integrations\/google-drive\/","title":{"rendered":"Google Drive"},"content":{"rendered":"\n<div class=\"wp-block-group alignwide is-style-header-hero has-white-color has-white-background-color has-text-color has-background has-link-color has-background-images wp-elements-924eeb04d65bee40105358667d197d08 is-layout-flow wp-block-group-is-layout-flow\" style=\"padding-top:var(--wp--preset--spacing--110);padding-bottom:var(--wp--preset--spacing--110);background-image:url(https:\/\/phrase.com\/wp-content\/uploads\/2025\/07\/phrase-header-purple.jpg.webp);background-position:0% 100%;background-attachment:scroll;background-repeat:no-repeat;background-size:cover\">\n<div class=\"wp-block-group has-global-padding is-content-justification-left is-layout-constrained wp-container-core-group-is-layout-4513c74a wp-block-group-is-layout-constrained\"><div class=\"yoast-breadcrumbs\"><span><span><a href=\"https:\/\/phrase.com\/de\/\">Home<\/a><\/span> | <span><a href=\"https:\/\/phrase.com\/de\/integrations\/\">Integrationen<\/a><\/span> | <span class=\"breadcrumb_last\" aria-current=\"page\">Google Drive<\/span><\/span><\/div>\n\n\n<h2 class=\"wp-block-heading has-text-align-left has-gigantic-font-size\" id=\"h-google-drive-integration\" style=\"font-style:normal;font-weight:400\">Google Drive-Integration<\/h2>\n\n\n\n<div class=\"wp-block-group has-global-padding is-content-justification-left is-layout-constrained wp-container-core-group-is-layout-12dd3699 wp-block-group-is-layout-constrained\">\n<p class=\"has-text-align-left\">Automatisiere und vereinfache deinen dateibasierten \u00dcbersetzungsprozess mit einer Phrase Google Drive-Integration.<\/p>\n<\/div>\n\n\n\n<div class=\"wp-block-buttons is-content-justification-left is-layout-flex wp-container-core-buttons-is-layout-fc4fd283 wp-block-buttons-is-layout-flex\">\n<div class=\"wp-block-button is-style-purple-filled\"><a class=\"wp-block-button__link wp-element-button\" href=\"https:\/\/phrase.com\/de\/demo\/\" target=\"_blank\" rel=\"noreferrer noopener\">Demo vereinbaren<\/a><\/div>\n<\/div>\n<\/div>\n<\/div>\n\n\n\n<div style=\"height:0px\" aria-hidden=\"true\" class=\"wp-block-spacer\"><\/div>\n\n\n\n<div class=\"wp-block-group alignwide has-blue-10-background-color has-background has-background-images has-global-padding is-layout-constrained wp-block-group-is-layout-constrained\" style=\"margin-top:var(--wp--preset--spacing--10);background-image:url(https:\/\/phrase.com\/wp-content\/uploads\/2024\/03\/svgexport-1-2.svg);background-position:100% 30%;background-attachment:scroll;background-repeat:no-repeat;background-size:auto\">\n<div class=\"wp-block-group alignwide is-layout-flow wp-block-group-is-layout-flow\">\n<h2 class=\"wp-block-heading has-text-align-left\" id=\"h-lokalisierung-direkt-aus-google-drive-automatisieren\">Lokalisierung direkt aus Google Drive automatisieren<\/h2>\n\n\n\n<div class=\"wp-block-group alignwide has-global-padding is-layout-constrained wp-block-group-is-layout-constrained\" style=\"margin-top:var(--wp--preset--spacing--10)\">\n<div class=\"wp-block-group alignwide is-layout-flow wp-block-group-is-layout-flow\">\n<p class=\"has-text-align-left\">Die Zeit der manuellen Uploads, E-Mail-Ketten und unkoordinierten Arbeitsabl\u00e4ufe ist vorbei. Erlebe schnelle, hochwertige \u00dcbersetzungen, die sofort gestartet werden, sobald Content zu deinen Drive-Ordnern hinzugef\u00fcgt wird. Von Dokumenten bis hin zu Videos unterst\u00fctzt Phrase \u00fcber 50 Dateiformate, die jeden Anwendungsfall abdecken.<\/p>\n<\/div>\n<\/div>\n<\/div>\n<\/div>\n\n\n\n<div class=\"wp-block-columns alignwide are-vertically-aligned-center media-text-columns media-text-columns--media-left is-layout-flex wp-container-core-columns-is-layout-28f84493 wp-block-columns-is-layout-flex\">\n<div class=\"wp-block-column is-vertically-aligned-center is-layout-flow wp-block-column-is-layout-flow\" style=\"flex-basis:57.2131147541%\">\n<figure class=\"wp-block-image size-full\"><img loading=\"lazy\" decoding=\"async\" width=\"1398\" height=\"838\" src=\"https:\/\/phrase.com\/wp-content\/uploads\/2025\/11\/Phrase-Gdrive-document.jpg\" alt=\"\" class=\"wp-image-128559\" srcset=\"https:\/\/phrase.com\/wp-content\/uploads\/2025\/11\/Phrase-Gdrive-document.jpg 1398w, https:\/\/phrase.com\/wp-content\/uploads\/2025\/11\/Phrase-Gdrive-document-300x180.jpg 300w, https:\/\/phrase.com\/wp-content\/uploads\/2025\/11\/Phrase-Gdrive-document-1024x614.jpg 1024w, https:\/\/phrase.com\/wp-content\/uploads\/2025\/11\/Phrase-Gdrive-document-768x460.jpg 768w\" sizes=\"auto, (max-width: 1398px) 100vw, 1398px\" \/><\/figure>\n\n\n\n<div class=\"wp-block-buttons is-layout-flex wp-block-buttons-is-layout-flex\"><\/div>\n<\/div>\n\n\n\n<div class=\"wp-block-column is-vertically-aligned-center is-layout-flow wp-block-column-is-layout-flow\" style=\"flex-basis:41.9672131148%\">\n<h2 class=\"wp-block-heading has-extra-large-font-size\" id=\"h-dokumentubersetzung-mit-google-drive\"><strong><strong>Dokument\u00fcbersetzung mit Google Drive<\/strong><\/strong><\/h2>\n\n\n\n<p>Beim Verbinden von Phrase TMS mit Google Drive werden neue oder aktualisierte Dateien in ausgew\u00e4hlten Google Drive-Ordnern automatisch zur \u00dcbersetzung an Phrase weitergeleitet. <br><br>KI-\u00dcbersetzung, Qualit\u00e4tsbewertung und menschliche \u00dcberpr\u00fcfung (falls erforderlich) k\u00f6nnen ganz nach bevorzugtem Arbeitsablauf hinzugef\u00fcgt werden. Sobald die \u00dcbersetzungen fertig sind, werden sie direkt an Drive zur\u00fcckgesandt, ohne dass weitere manuelle Schritte erforderlich sind.<\/p>\n<\/div>\n<\/div>\n\n\n\n<div class=\"wp-block-columns alignwide are-vertically-aligned-center media-text-columns media-text-columns--media-right is-layout-flex wp-container-core-columns-is-layout-28f84493 wp-block-columns-is-layout-flex\">\n<div class=\"wp-block-column is-vertically-aligned-center is-layout-flow wp-block-column-is-layout-flow\" style=\"flex-basis:41.9672131148%\">\n<h2 class=\"wp-block-heading has-extra-large-font-size\" id=\"h-video-untertitelung-und-synchronisation-aus-google-drive\"><strong>Video-Untertitelung und Synchronisation aus Google Drive<\/strong><\/h2>\n\n\n\n<p>Verbinde Phrase Studio mit Google Drive, um automatisch neue Videos f\u00fcr die Untertitelung und Synchronisation zu importieren. Deine Workflows werden sofort ausgel\u00f6st \u2013 \u00dcbersetzungs- und \u00dcberpr\u00fcfungsauftr\u00e4ge werden erstellt und fertige Videos zur\u00fcck zu Drive exportiert. <br><br>Die durchg\u00e4ngige Automatisierung erm\u00f6glicht eine Video-Lokalisierung auf Unternehmensniveau und erlaubt die Untertitelung und Synchronisierung von Hunderten von Videos pro Monat.<\/p>\n<\/div>\n\n\n\n<div class=\"wp-block-column is-vertically-aligned-center is-layout-flow wp-block-column-is-layout-flow\" style=\"flex-basis:57.2131147541%\">\n<figure class=\"wp-block-image size-full\"><img loading=\"lazy\" decoding=\"async\" width=\"1398\" height=\"838\" src=\"https:\/\/phrase.com\/wp-content\/uploads\/2025\/11\/Phrase-Gdrive-video.jpg\" alt=\"\" class=\"wp-image-128560\" srcset=\"https:\/\/phrase.com\/wp-content\/uploads\/2025\/11\/Phrase-Gdrive-video.jpg 1398w, https:\/\/phrase.com\/wp-content\/uploads\/2025\/11\/Phrase-Gdrive-video-300x180.jpg 300w, https:\/\/phrase.com\/wp-content\/uploads\/2025\/11\/Phrase-Gdrive-video-1024x614.jpg 1024w, https:\/\/phrase.com\/wp-content\/uploads\/2025\/11\/Phrase-Gdrive-video-768x460.jpg 768w\" sizes=\"auto, (max-width: 1398px) 100vw, 1398px\" \/><\/figure>\n\n\n\n<div class=\"wp-block-buttons is-layout-flex wp-block-buttons-is-layout-flex\"><\/div>\n<\/div>\n<\/div>\n\n\n\n<div class=\"wp-block-group has-global-padding is-layout-constrained wp-block-group-is-layout-constrained\">\n<h2 class=\"wp-block-heading has-text-align-center\" id=\"h-vom-engpass-zur-automatisierung\" style=\"margin-top:var(--wp--preset--spacing--45)\">Vom Engpass zur Automatisierung<\/h2>\n\n\n\n<p class=\"has-text-align-center\">Verwandle \u00dcbersetzungsanfragen in automatisierte Workflows, bei denen sich jeder selbst bedienen kann. <strong>Versetze ganze Teams in die Lage<\/strong>, den \u00dcbersetzungsprozess auszul\u00f6sen \u2013 durch einfaches Verschieben einer Datei in einen daf\u00fcr vorgesehenen Google Drive-Ordner.<\/p>\n<\/div>\n\n\n\n<div class=\"wp-block-group alignwide has-light-neutral-background-color has-background has-global-padding is-layout-constrained wp-block-group-is-layout-constrained\">\n<figure class=\"wp-block-table alignwide is-style-comparison\"><table class=\"has-fixed-layout\"><thead><tr><th>Vor Phrase<\/th><th>Mit Phrase<\/th><\/tr><\/thead><tbody><tr><td>Manuelle Exporte, Uploads und Diskussionen mit Auftragnehmern<\/td><td>Neue oder aktualisierte Dateien in Drive werden <strong>automatisch zur \u00dcbersetzung gesendet<\/strong><\/td><\/tr><tr><td>Versionsinkonsistenzen zwischen Sprachen<\/td><td><strong>Phrase erkennt \u00c4nderungen an Dokumenten<\/strong> und leitet nur den aktualisierten Content weiter<\/td><\/tr><tr><td>Uneinheitliche \u00dcbersetzungsqualit\u00e4t<\/td><td><strong>QA- und KI-F\u00e4higkeiten<\/strong> bewerten die Qualit\u00e4t und gew\u00e4hrleisten Konsistenz<\/td><\/tr><tr><td>Hohe Abh\u00e4ngigkeit von Lokalisierungsteams bei jeder Anfrage<\/td><td><strong>Interne Teams arbeiten nur in Drive<\/strong>, w\u00e4hrend Phrase im Hintergrund die Lokalisierung \u00fcbernimmt.<\/td><\/tr><tr><td>Verpasste Deadlines und Skalierbarkeitsprobleme<\/td><td><strong>Automatisierung im Dauerbetrieb<\/strong> sorgt f\u00fcr schnellere Bearbeitungszeiten und bearbeitet auch gro\u00dfe Inhaltsmengen<\/td><\/tr><\/tbody><\/table><\/figure>\n<\/div>\n\n\n\n<div style=\"height:0px\" aria-hidden=\"true\" class=\"wp-block-spacer\"><\/div>\n\n\n\n<div class=\"wp-block-group alignwide has-light-neutral-background-color has-background has-global-padding is-layout-constrained wp-block-group-is-layout-constrained\">\n<h2 class=\"wp-block-heading has-text-align-center\" id=\"h-warum-phrase-fur-die-ubersetzung-mit-google-drive-wahlen\">Warum Phrase f\u00fcr die \u00dcbersetzung mit Google Drive w\u00e4hlen?<\/h2>\n\n\n\n<p class=\"has-text-align-center\">Vereinfache deinen dateibasierten \u00dcbersetzungsprozess und nutze Automatisierung, KI und Kontrolle auf Unternehmensniveau \u2013 direkt aus den Tools, die du bereits verwendest.<\/p>\n\n\n\n<div class=\"wp-block-group alignwide has-light-neutral-background-color has-background has-global-padding is-layout-constrained wp-block-group-is-layout-constrained\" style=\"margin-top:0\">\n<div class=\"wp-block-group alignwide is-layout-grid wp-container-core-group-is-layout-fa589e10 wp-block-group-is-layout-grid\" style=\"margin-top:var(--wp--preset--spacing--45)\">\n<div class=\"wp-block-group is-vertical is-content-justification-center is-layout-flex wp-container-core-group-is-layout-5e763914 wp-block-group-is-layout-flex\">\n<figure class=\"wp-block-image size-full is-resized is-style-not-rounded\"><img loading=\"lazy\" decoding=\"async\" width=\"180\" height=\"180\" src=\"https:\/\/phrase.com\/wp-content\/uploads\/2025\/06\/Increase-Efficiency-icon.png\" alt=\"Symbol f\u00fcr Effizienzsteigerung\" class=\"wp-image-108137\" style=\"width:60px\" srcset=\"https:\/\/phrase.com\/wp-content\/uploads\/2025\/06\/Increase-Efficiency-icon.png 180w, https:\/\/phrase.com\/wp-content\/uploads\/2025\/06\/Increase-Efficiency-icon-150x150.png 150w\" sizes=\"auto, (max-width: 180px) 100vw, 180px\" \/><\/figure>\n\n\n\n<p class=\"has-text-align-center\"><strong><strong>Zeit sparen und manuellen Aufwand reduzieren<\/strong><\/strong><\/p>\n\n\n\n<p class=\"has-text-align-center\">Eliminiere manuelle Schritte durch vollautomatische Dateierkennung, Weiterleitung und Lieferung.<\/p>\n<\/div>\n\n\n\n<div class=\"wp-block-group is-vertical is-content-justification-center is-layout-flex wp-container-core-group-is-layout-5e763914 wp-block-group-is-layout-flex\">\n<figure class=\"wp-block-image size-full is-resized is-style-not-rounded\"><img loading=\"lazy\" decoding=\"async\" width=\"72\" height=\"72\" src=\"https:\/\/phrase.com\/wp-content\/uploads\/2025\/07\/favorites.svg\" alt=\"\" class=\"wp-image-110326\" style=\"width:60px\"\/><\/figure>\n\n\n\n<p class=\"has-text-align-center\"><strong>Verbessere Qualit\u00e4t und Konsistenz<\/strong><\/p>\n\n\n\n<p class=\"has-text-align-center\">Nutze benutzerdefinierte KI-\u00dcbersetzungen, Qualit\u00e4tsbewertung und automatisch angepassten Inhalt.<\/p>\n<\/div>\n\n\n\n<div class=\"wp-block-group is-vertical is-content-justification-center is-layout-flex wp-container-core-group-is-layout-5e763914 wp-block-group-is-layout-flex\">\n<figure class=\"wp-block-image size-full is-resized is-style-not-rounded\"><img loading=\"lazy\" decoding=\"async\" width=\"73\" height=\"73\" src=\"https:\/\/phrase.com\/wp-content\/uploads\/2025\/07\/machine-translation-suggestion-icon.png\" alt=\"\" class=\"wp-image-111615\" style=\"width:60px\"\/><\/figure>\n\n\n\n<p class=\"has-text-align-center\"><strong><strong>Arbeitsabl\u00e4ufe im Team<\/strong><\/strong><br><strong><strong>vereinfachen<\/strong><\/strong><\/p>\n\n\n\n<p class=\"has-text-align-center\">Content-Teams k\u00f6nnen in Google Drive arbeiten, w\u00e4hrend Phrase den \u00dcbersetzungsprozess unsichtbar im Hintergrund ausf\u00fchrt.<\/p>\n<\/div>\n\n\n\n<div class=\"wp-block-group is-vertical is-content-justification-center is-layout-flex wp-container-core-group-is-layout-5e763914 wp-block-group-is-layout-flex\">\n<figure class=\"wp-block-image size-full is-resized is-style-not-rounded\"><img loading=\"lazy\" decoding=\"async\" width=\"72\" height=\"72\" src=\"https:\/\/phrase.com\/wp-content\/uploads\/2025\/07\/automation-icon.png\" alt=\"\" class=\"wp-image-111463\" style=\"width:60px\"\/><\/figure>\n\n\n\n<p class=\"has-text-align-center\"><strong><strong>Anpassung auf Unternehmensebene<\/strong><\/strong><\/p>\n\n\n\n<p class=\"has-text-align-center\">Passe Workflows mit Phrase Orchestrator an und integriere sie \u00fcber Webhooks in deinen umfassenderen Tech-Stack.<\/p>\n<\/div>\n\n\n\n<div class=\"wp-block-group is-vertical is-content-justification-center is-layout-flex wp-container-core-group-is-layout-5e763914 wp-block-group-is-layout-flex\">\n<figure class=\"wp-block-image size-full is-resized is-style-not-rounded\"><img loading=\"lazy\" decoding=\"async\" width=\"72\" height=\"72\" src=\"https:\/\/phrase.com\/wp-content\/uploads\/2025\/07\/file-1.svg\" alt=\"\" class=\"wp-image-110350\" style=\"width:60px\"\/><\/figure>\n\n\n\n<p class=\"has-text-align-center\"><strong><strong>Einfache Verarbeitung aller Dateitypen<\/strong><\/strong><\/p>\n\n\n\n<p class=\"has-text-align-center\">\u00dcbersetze Dokumente und lokalisiere Videos, ohne deinen Arbeitsablauf zu unterbrechen.<\/p>\n<\/div>\n<\/div>\n<\/div>\n<\/div>\n\n\n\n<div class=\"wp-block-group alignwide has-phrase-green-background-color has-background has-background-images has-global-padding is-content-justification-left is-layout-constrained wp-container-core-group-is-layout-12dd3699 wp-block-group-is-layout-constrained\" style=\"background-image:url(https:\/\/phrase.com\/wp-content\/uploads\/2025\/07\/woman-ipad-background.jpg.webp);background-position:0% 0%;background-attachment:scroll;background-repeat:no-repeat;background-size:cover\"><div class=\"glide wp-block-phrase-com-testimonials\"><div class=\"glide__track\" data-glide-el=\"track\"><div class=\"glide__slides\">\t<div class=\"wp-block-phrase-com-testimonial glide__slide\">\n\t\t<div class=\"wp-block-phrase-com-testimonial__text \">\n\t\t\tDie Google Drive-Integration war einer der Hauptgr\u00fcnde, warum <a href=\"https:\/\/phrase.com\/de\/customers\/mercari\/\">Mercari<\/a>  sich f\u00fcr Phrase entschieden hat. Es ist so einfach und schnell, Dateien an Phrase zu senden, dass die meisten manuellen Aufgaben entfallen. Wir legen die Dateien einfach in einem gemeinsamen Google Drive-Ordner ab, und Phrase erstellt automatisch ein Projekt und weist es den \u00dcbersetzenden zu. Dadurch konnte der Zeitaufwand f\u00fcr die Erstellung eines \u00dcbersetzungsprojekts um 80\u00a0% verringert werden.\t\t<\/div>\n\t\t<div class=\"wp-block-phrase-com-testimonial__author\">\n\t\t\t\n\t\t\t<div class=\"wp-block-phrase-com-testimonial__author-info\">\n\t\t\t\t<img loading=\"lazy\" decoding=\"async\" width=\"300\" height=\"66\" src=\"https:\/\/phrase.com\/wp-content\/uploads\/2025\/11\/Mercari_logo_2018.svg.png\" class=\"wp-block-phrase-com-testimonial__author-company-logo\" alt=\"Logo of Mercari (Google Drive-Integration)\" srcset=\"https:\/\/phrase.com\/wp-content\/uploads\/2025\/11\/Mercari_logo_2018.svg.png 960w, https:\/\/phrase.com\/wp-content\/uploads\/2025\/11\/Mercari_logo_2018.svg-300x66.png 300w, https:\/\/phrase.com\/wp-content\/uploads\/2025\/11\/Mercari_logo_2018.svg-768x168.png 768w\" sizes=\"auto, (max-width: 300px) 100vw, 300px\" \/>\n\t\t\t\t<p class=\"wp-block-phrase-com-testimonial__author-name\">\n\t\t\t\t\tEmma Davis\t\t\t\t<\/p>\n\n\t\t\t\t<p class=\"wp-block-phrase-com-testimonial__author-title\">\n\t\t\t\t\tChief Editor, Mercari\t\t\t\t<\/p>\n\t\t\t<\/div>\n\t\t<\/div>\n\t<\/div>\n\t<\/div><\/div><\/div><\/div>\n\n\n\n<div style=\"height:4px\" aria-hidden=\"true\" class=\"wp-block-spacer\"><\/div>\n\n\n\n<h2 class=\"wp-block-heading has-text-align-center\" id=\"h-phrase-gdrive-integration-faq\" style=\"margin-top:0\">Phrase-GDrive-Integration \u2013 FAQ<\/h2>\n\n\n\n<div class=\"wp-block-wearerequired-accordion alignwide\">\n<div id=\"acc-wie-funktioniert-die-integration-von-phrase-in-google-drive\" tabindex=\"-1\" class=\"wp-block-wearerequired-accordion-section\">\n<h3 class=\"wp-block-wearerequired-accordion-heading\"><span aria-hidden=\"true\" class=\"wp-block-wearerequired-accordion-heading__icon\"><\/span><span class=\"wp-block-wearerequired-accordion-heading__text\">Wie funktioniert die Integration von Phrase in Google Drive?<\/span><\/h3>\n\n\n\n<div class=\"wp-block-wearerequired-accordion-content is-layout-flow wp-block-wearerequired-accordion-content-is-layout-flow\">\n<p>Sobald die Verbindung hergestellt ist, werden alle neuen oder aktualisierten Dateien, die in daf\u00fcr vorgesehenen Drive-Ordnern abgelegt werden, automatisch in Phrase importiert, durch den von dir definierten \u00dcbersetzungs-Workflow geleitet und zur\u00fcck an Drive geliefert \u2013 ohne dass manuelle Schritte erforderlich sind.<\/p>\n<\/div>\n<\/div>\n\n\n\n<div id=\"acc-welche-dateiformate-werden-unterstuetzt\" tabindex=\"-1\" class=\"wp-block-wearerequired-accordion-section\">\n<h3 class=\"wp-block-wearerequired-accordion-heading\"><span aria-hidden=\"true\" class=\"wp-block-wearerequired-accordion-heading__icon\"><\/span><span class=\"wp-block-wearerequired-accordion-heading__text\">Welche Dateiformate werden unterst\u00fctzt?<\/span><\/h3>\n\n\n\n<div class=\"wp-block-wearerequired-accordion-content is-layout-flow wp-block-wearerequired-accordion-content-is-layout-flow\">\n<p>Der Google Drive-Konnektor f\u00fcr Phrase TMS unterst\u00fctzt Dokumente, Tabellenkalkulationen, Pr\u00e4sentationen und mehr (<a href=\"https:\/\/support.phrase.com\/hc\/de\/articles\/5709621471516-Supported-File-Formats-TMS\" target=\"_blank\" rel=\"noreferrer noopener\">siehe hier<\/a>).<br><br>Der Google Drive-Konnektor f\u00fcr Phrase Studio unterst\u00fctzt Untertitel und Videodateien (<a href=\"https:\/\/support.phrase.com\/hc\/de\/articles\/23847234754972-Supported-File-Formats-Studio\">siehe hier<\/a>).<\/p>\n<\/div>\n<\/div>\n\n\n\n<div id=\"acc-kann-ich-den-von-google-drive-ausgeloesten-uebersetzungs-workflow-anpassen\" tabindex=\"-1\" class=\"wp-block-wearerequired-accordion-section\">\n<h3 class=\"wp-block-wearerequired-accordion-heading\"><span aria-hidden=\"true\" class=\"wp-block-wearerequired-accordion-heading__icon\"><\/span><span class=\"wp-block-wearerequired-accordion-heading__text\">Kann ich den von Google Drive ausgel\u00f6sten \u00dcbersetzungs-Workflow anpassen?<\/span><\/h3>\n\n\n\n<div class=\"wp-block-wearerequired-accordion-content is-layout-flow wp-block-wearerequired-accordion-content-is-layout-flow\">\n<p>Ja. In Phrase Orchestrator lassen sich KI-\u00dcbersetzung, menschliche \u00dcberpr\u00fcfungsschritte, Qualit\u00e4tspr\u00fcfungen und Weiterleitungsregeln definieren. Jede importierte Datei folgt automatisch dem vordefinierten Workflow.<\/p>\n<\/div>\n<\/div>\n\n\n\n<div id=\"acc-unterstuetzt-die-integration-die-videolokalisierung-untertitelung-und-synchronisation\" tabindex=\"-1\" class=\"wp-block-wearerequired-accordion-section\">\n<h3 class=\"wp-block-wearerequired-accordion-heading\"><span aria-hidden=\"true\" class=\"wp-block-wearerequired-accordion-heading__icon\"><\/span><span class=\"wp-block-wearerequired-accordion-heading__text\">Unterst\u00fctzt die Integration die Videolokalisierung (Untertitelung und Synchronisation)?<\/span><\/h3>\n\n\n\n<div class=\"wp-block-wearerequired-accordion-content is-layout-flow wp-block-wearerequired-accordion-content-is-layout-flow\">\n<p>Ja. Phrase Studio importiert automatisch neue Videos aus Drive, startet deine Untertitelungs- oder Voiceover-Workflows und exportiert die fertigen lokalisierten Versionen zur\u00fcck nach Drive \u2013 ideal f\u00fcr die Videoproduktion im Unternehmensma\u00dfstab.<\/p>\n<\/div>\n<\/div>\n<\/div>\n\n\n\n<div class=\"wp-block-group alignwide has-black-color has-yellow-background-color has-text-color has-background has-link-color wp-elements-206de9de440a1095eda4a58358b72d43 has-global-padding is-layout-constrained wp-block-group-is-layout-constrained\" style=\"margin-top:var(--wp--preset--spacing--56)\">\n<h2 class=\"wp-block-heading has-text-align-center\" id=\"h-mehr-erfahren\">Mehr erfahren?<\/h2>\n\n\n\n<p class=\"has-text-align-center\">Sprich eine gr\u00f6\u00dfere Zielgruppe an und verbessere die Kundenbindung.<\/p>\n\n\n\n<div class=\"wp-block-buttons is-content-justification-center is-layout-flex wp-container-core-buttons-is-layout-a89b3969 wp-block-buttons-is-layout-flex\">\n<div class=\"wp-block-button is-style-default\"><a class=\"wp-block-button__link wp-element-button\" href=\"https:\/\/phrase.com\/de\/demo\/\" target=\"_blank\" rel=\"noreferrer noopener\">Demo vereinbaren<\/a><\/div>\n\n\n\n<div class=\"wp-block-button is-style-black-outline\"><a class=\"wp-block-button__link wp-element-button\" href=\"https:\/\/phrase.com\/de\/pricing\/\" target=\"_blank\" rel=\"noreferrer noopener\">Preise anzeigen<\/a><\/div>\n<\/div>\n<\/div>\n","protected":false},"excerpt":{"rendered":"<p>Google Drive-Integration Automatisiere und vereinfache deinen dateibasierten \u00dcbersetzungsprozess mit einer Phrase Google Drive-Integration. Lokalisierung direkt aus Google Drive automatisieren Die Zeit der manuellen Uploads, E-Mail-Ketten und unkoordinierten Arbeitsabl\u00e4ufe ist vorbei. Erlebe schnelle, hochwertige \u00dcbersetzungen, die sofort gestartet werden, sobald Content zu deinen Drive-Ordnern hinzugef\u00fcgt wird. Von Dokumenten bis hin zu Videos unterst\u00fctzt Phrase \u00fcber 50 [&hellip;]<\/p>\n","protected":false},"author":77,"featured_media":128559,"parent":31701,"menu_order":0,"comment_status":"closed","ping_status":"closed","template":"page-refresh","meta":{"_acf_changed":false,"_stopmodifiedupdate":false,"_modified_date":"","_searchwp_excluded":"","episode_type":"","audio_file":"","podmotor_file_id":"","podmotor_episode_id":"","cover_image":"","cover_image_id":"","duration":"","filesize":"","filesize_raw":"","date_recorded":"","explicit":"","block":"","itunes_episode_number":"","itunes_title":"","itunes_season_number":"","itunes_episode_type":"","footnotes":""},"class_list":["post-130481","page","type-page","status-publish","has-post-thumbnail","hentry"],"acf":[],"_links":{"self":[{"href":"https:\/\/phrase.com\/de\/wp-json\/wp\/v2\/pages\/130481","targetHints":{"allow":["GET"]}}],"collection":[{"href":"https:\/\/phrase.com\/de\/wp-json\/wp\/v2\/pages"}],"about":[{"href":"https:\/\/phrase.com\/de\/wp-json\/wp\/v2\/types\/page"}],"author":[{"embeddable":true,"href":"https:\/\/phrase.com\/de\/wp-json\/wp\/v2\/users\/77"}],"replies":[{"embeddable":true,"href":"https:\/\/phrase.com\/de\/wp-json\/wp\/v2\/comments?post=130481"}],"version-history":[{"count":3,"href":"https:\/\/phrase.com\/de\/wp-json\/wp\/v2\/pages\/130481\/revisions"}],"predecessor-version":[{"id":130958,"href":"https:\/\/phrase.com\/de\/wp-json\/wp\/v2\/pages\/130481\/revisions\/130958"}],"up":[{"embeddable":true,"href":"https:\/\/phrase.com\/de\/wp-json\/wp\/v2\/pages\/31701"}],"wp:featuredmedia":[{"embeddable":true,"href":"https:\/\/phrase.com\/de\/wp-json\/wp\/v2\/media\/128559"}],"wp:attachment":[{"href":"https:\/\/phrase.com\/de\/wp-json\/wp\/v2\/media?parent=130481"}],"curies":[{"name":"wp","href":"https:\/\/api.w.org\/{rel}","templated":true}]}}