{"id":130514,"date":"2025-12-03T10:01:44","date_gmt":"2025-12-03T09:01:44","guid":{"rendered":"https:\/\/phrase.com\/phrase-orchestrator-anmeldung\/"},"modified":"2025-12-11T18:57:36","modified_gmt":"2025-12-11T17:57:36","slug":"phrase-orchestrator-workflow-sign-up","status":"publish","type":"page","link":"https:\/\/phrase.com\/de\/phrase-orchestrator-workflow-sign-up\/","title":{"rendered":"Phrase Orchestrator \u2013 Anmeldung"},"content":{"rendered":"\n<div class=\"wp-block-columns alignwide has-light-neutral-background-color has-background is-layout-flex wp-container-core-columns-is-layout-28f84493 wp-block-columns-is-layout-flex\" id=\"sign-up\">\n<div class=\"wp-block-column is-layout-flow wp-block-column-is-layout-flow\">\n<div class=\"wp-block-group alignwide has-light-neutral-background-color has-background is-layout-flow wp-block-group-is-layout-flow\" id=\"demo-request\" style=\"padding-top:var(--wp--preset--spacing--110);padding-bottom:var(--wp--preset--spacing--110)\">\n<h2 class=\"wp-block-heading has-text-align-left has-blue-80-color has-text-color has-link-color has-huge-font-size wp-elements-b4f027c9796b52841ff182016fca9d6f\" id=\"h-workflows-mit-hohem-auftragsvolumen-bearbeitet-in-sekunden\" style=\"font-style:normal;font-weight:400\"><strong>Workflows mit hohem Auftragsvolumen,<\/strong><br><strong>bearbeitet in Sekunden<\/strong><\/h2>\n\n\n\n<p class=\"has-text-align-left\">Erlebe die n\u00e4chste Generation der Phrase Orchestrator Workflow-Engine, die f\u00fcr eine echte Unternehmensautomatisierung im gro\u00dfen Ma\u00dfstab entwickelt wurde.<\/p>\n\n\n\n<p>Komplexe Workflows, die bisher Stunden in Anspruch nahmen, k\u00f6nnen jetzt in Sekundenschnelle ausgef\u00fchrt werden und bieten einen bis zu 50-mal schnelleren Durchsatz \u2013 bei un\u00fcbertroffener Stabilit\u00e4t.<br><br>Phrase Orchestrator bietet Bearbeitung in Echtzeit, h\u00f6chste Zuverl\u00e4ssigkeit und m\u00fchelose Skalierung, damit der gesamte Lokalisierungsprozess beschleunigt werden kann \u2013 auch bei hohem Auftragsvolumen.<\/p>\n\n\n\n<p class=\"has-text-align-left\">Melde dich jetzt f\u00fcr den Zugriff an.<br><\/p>\n<\/div>\n<\/div>\n\n\n\n<div class=\"wp-block-column is-layout-flow wp-block-column-is-layout-flow\" style=\"padding-top:var(--wp--preset--spacing--110);padding-right:0;padding-left:var(--wp--preset--spacing--70)\">\n<script charset=\"utf-8\" type=\"text\/javascript\" src=\"\/\/js.hsforms.net\/forms\/embed\/v2.js\"><\/script>\n<script>\n  hbspt.forms.create({\n    portalId: \"584311\",\n    formId: \"1e9ae57a-e3c9-47d6-8961-79e5c2247414\",\n    region: \"na1\"\n  });\n<\/script>\n<\/div>\n<\/div>\n\n\n\n<div style=\"height:20px\" aria-hidden=\"true\" class=\"wp-block-spacer\"><\/div>\n","protected":false},"excerpt":{"rendered":"<p>Workflows mit hohem Auftragsvolumen,bearbeitet in Sekunden Erlebe die n\u00e4chste Generation der Phrase Orchestrator Workflow-Engine, die f\u00fcr eine echte Unternehmensautomatisierung im gro\u00dfen Ma\u00dfstab entwickelt wurde. Komplexe Workflows, die bisher Stunden in Anspruch nahmen, k\u00f6nnen jetzt in Sekundenschnelle ausgef\u00fchrt werden und bieten einen bis zu 50-mal schnelleren Durchsatz \u2013 bei un\u00fcbertroffener Stabilit\u00e4t. Phrase Orchestrator bietet Bearbeitung in [&hellip;]<\/p>\n","protected":false},"author":77,"featured_media":7474,"parent":0,"menu_order":0,"comment_status":"closed","ping_status":"closed","template":"page-refresh","meta":{"_acf_changed":false,"_stopmodifiedupdate":false,"_modified_date":"","_searchwp_excluded":"","episode_type":"","audio_file":"","podmotor_file_id":"","podmotor_episode_id":"","cover_image":"","cover_image_id":"","duration":"","filesize":"","filesize_raw":"","date_recorded":"","explicit":"","block":"","itunes_episode_number":"","itunes_title":"","itunes_season_number":"","itunes_episode_type":"","footnotes":""},"class_list":["post-130514","page","type-page","status-publish","has-post-thumbnail","hentry"],"acf":[],"_links":{"self":[{"href":"https:\/\/phrase.com\/de\/wp-json\/wp\/v2\/pages\/130514","targetHints":{"allow":["GET"]}}],"collection":[{"href":"https:\/\/phrase.com\/de\/wp-json\/wp\/v2\/pages"}],"about":[{"href":"https:\/\/phrase.com\/de\/wp-json\/wp\/v2\/types\/page"}],"author":[{"embeddable":true,"href":"https:\/\/phrase.com\/de\/wp-json\/wp\/v2\/users\/77"}],"replies":[{"embeddable":true,"href":"https:\/\/phrase.com\/de\/wp-json\/wp\/v2\/comments?post=130514"}],"version-history":[{"count":3,"href":"https:\/\/phrase.com\/de\/wp-json\/wp\/v2\/pages\/130514\/revisions"}],"predecessor-version":[{"id":130528,"href":"https:\/\/phrase.com\/de\/wp-json\/wp\/v2\/pages\/130514\/revisions\/130528"}],"wp:featuredmedia":[{"embeddable":true,"href":"https:\/\/phrase.com\/de\/wp-json\/wp\/v2\/media\/7474"}],"wp:attachment":[{"href":"https:\/\/phrase.com\/de\/wp-json\/wp\/v2\/media?parent=130514"}],"curies":[{"name":"wp","href":"https:\/\/api.w.org\/{rel}","templated":true}]}}