{"id":130543,"date":"2025-12-03T09:28:35","date_gmt":"2025-12-03T08:28:35","guid":{"rendered":"https:\/\/phrase.com\/storyblok\/"},"modified":"2025-12-11T19:34:32","modified_gmt":"2025-12-11T18:34:32","slug":"storyblok","status":"publish","type":"page","link":"https:\/\/phrase.com\/de\/integrations\/storyblok\/","title":{"rendered":"Storyblok"},"content":{"rendered":"\n<div class=\"wp-block-group alignwide is-style-header-hero has-white-color has-white-background-color has-text-color has-background has-link-color has-background-images wp-elements-d627cedbf8eaec6f5ee12e90ea479dd2 is-layout-flow wp-block-group-is-layout-flow\" style=\"padding-top:var(--wp--preset--spacing--110);padding-bottom:var(--wp--preset--spacing--110);background-image:url(https:\/\/phrase.com\/wp-content\/uploads\/2025\/07\/phrase-header-purple.jpg.webp);background-position:0% 100%;background-attachment:scroll;background-repeat:no-repeat;background-size:cover\">\n<div class=\"wp-block-group has-global-padding is-content-justification-left is-layout-constrained wp-container-core-group-is-layout-b0ba78b1 wp-block-group-is-layout-constrained\"><div class=\"yoast-breadcrumbs\"><span><span><a href=\"https:\/\/phrase.com\/de\/\">Home<\/a><\/span> | <span class=\"breadcrumb_last\" aria-current=\"page\">Storyblok<\/span><\/span><\/div>\n\n\n<h2 class=\"wp-block-heading has-text-align-left has-gigantic-font-size\" id=\"h-storyblok-integration\" style=\"font-style:normal;font-weight:400\">Storyblok-Integration<\/h2>\n\n\n\n<div class=\"wp-block-group has-global-padding is-content-justification-left is-layout-constrained wp-container-core-group-is-layout-12dd3699 wp-block-group-is-layout-constrained\">\n<p class=\"has-text-align-left\">Liefere mehrsprachigen Storyblok-Content schneller als je zuvor \u2013 mit KI-gest\u00fctzter \u00dcbersetzung nur einen Klick entfernt.<\/p>\n<\/div>\n\n\n\n<div class=\"wp-block-buttons is-content-justification-left is-layout-flex wp-container-core-buttons-is-layout-fc4fd283 wp-block-buttons-is-layout-flex\">\n<div class=\"wp-block-button is-style-purple-filled\"><a class=\"wp-block-button__link wp-element-button\" href=\"https:\/\/phrase.com\/de\/demo\/\" target=\"_blank\" rel=\"noreferrer noopener\">Demo vereinbaren<\/a><\/div>\n<\/div>\n<\/div>\n<\/div>\n\n\n\n<div class=\"wp-block-columns alignwide are-vertically-aligned-center media-text-columns media-text-columns--media-left is-layout-flex wp-container-core-columns-is-layout-28f84493 wp-block-columns-is-layout-flex\">\n<div class=\"wp-block-column is-vertically-aligned-center is-layout-flow wp-block-column-is-layout-flow\" style=\"flex-basis:57.2131147541%\">\n<figure class=\"wp-block-image size-full\"><img loading=\"lazy\" decoding=\"async\" width=\"1398\" height=\"838\" src=\"https:\/\/phrase.com\/wp-content\/uploads\/2025\/11\/Storyblok-website-translation.jpg\" alt=\"\" class=\"wp-image-128532\" srcset=\"https:\/\/phrase.com\/wp-content\/uploads\/2025\/11\/Storyblok-website-translation.jpg 1398w, https:\/\/phrase.com\/wp-content\/uploads\/2025\/11\/Storyblok-website-translation-300x180.jpg 300w, https:\/\/phrase.com\/wp-content\/uploads\/2025\/11\/Storyblok-website-translation-1024x614.jpg 1024w, https:\/\/phrase.com\/wp-content\/uploads\/2025\/11\/Storyblok-website-translation-768x460.jpg 768w\" sizes=\"auto, (max-width: 1398px) 100vw, 1398px\" \/><\/figure>\n\n\n\n<div class=\"wp-block-buttons is-layout-flex wp-block-buttons-is-layout-flex\"><\/div>\n<\/div>\n\n\n\n<div class=\"wp-block-column is-vertically-aligned-center is-layout-flow wp-block-column-is-layout-flow\" style=\"flex-basis:41.9672131148%\">\n<h2 class=\"wp-block-heading has-extra-large-font-size\" id=\"h-automated-content-translation-for-storyblok\"><strong>Automatisierte Content-\u00dcbersetzung f\u00fcr Storyblok<\/strong><\/h2>\n\n\n\n<p>\u00dcbersetze deine Website, ohne Storyblok zu verlassen. In Phrase sorgen Translation Memory, KI-\u00dcbersetzung, QA-Pr\u00fcfungen und optionale menschliche \u00dcberpr\u00fcfung f\u00fcr eine genaue und einheitliche \u00dcbersetzungsqualit\u00e4t. <br><br>Sobald die \u00dcbersetzungen fertig sind, werden sie direkt mit Storyblok synchronisiert und k\u00f6nnen ver\u00f6ffentlicht werden.<\/p>\n<\/div>\n<\/div>\n\n\n\n<div style=\"height:0px\" aria-hidden=\"true\" class=\"wp-block-spacer\"><\/div>\n\n\n\n<div class=\"wp-block-group has-global-padding is-layout-constrained wp-block-group-is-layout-constrained\">\n<h2 class=\"wp-block-heading alignwide has-text-align-center\" id=\"h-from-manual-processes-to-seamless-automation\" style=\"margin-top:var(--wp--preset--spacing--45)\"><strong>Von manuellen Prozessen zur nahtlosen Automatisierung<\/strong><\/h2>\n\n\n\n<p class=\"has-text-align-center\">Marketingteams sind oft mit zeitaufw\u00e4ndigen \u00dcbersetzungsabl\u00e4ufen konfrontiert. Mit dem Phrase-Plug-in f\u00fcr Storyblok automatisierst du Workflows und sorgst f\u00fcr gleichbleibende \u00dcbersetzungsqualit\u00e4t, Geschwindigkeit und Kostenkontrolle \u2013 damit sich die Teams auf die Erstellung und nicht auf die Verwaltung von Dateien konzentrieren k\u00f6nnen.<\/p>\n<\/div>\n\n\n\n<div class=\"wp-block-group alignwide has-light-neutral-background-color has-background has-global-padding is-layout-constrained wp-block-group-is-layout-constrained\">\n<figure class=\"wp-block-table alignwide is-style-comparison\"><table class=\"has-fixed-layout\"><thead><tr><th>Vor Phrase<\/th><th>Mit Phrase<\/th><\/tr><\/thead><tbody><tr><td>Manuelle Exporte und Importe von Inhalten<\/td><td><strong>Nahtlose Synchronisierung<\/strong> zwischen Storyblok und Phrase TMS<\/td><\/tr><tr><td>Hohe \u00dcbersetzungskosten aufgrund der begrenzten Verwendung von KI<\/td><td><strong>Hochwertige KI-\u00dcbersetzung<\/strong> bedeutet minimale menschliche Nachbearbeitung und geringere Kosten<\/td><\/tr><tr><td>Zeitaufw\u00e4ndige Koordination mit \u00dcbersetzungsdienstleistern<\/td><td><strong>Automatisierte Job-Zuweisungen<\/strong> und Fortschrittsaktualisierungen<\/td><\/tr><tr><td>Begrenzte Sichtbarkeit der \u00dcbersetzungsqualit\u00e4t<\/td><td><strong>Qualit\u00e4tskontrollen und Dashboards<\/strong> zur \u00dcberwachung der Qualit\u00e4t im Zeitverlauf<\/td><\/tr><tr><td>Begrenzte Nachverfolgung und Analyse<\/td><td><strong>Echtzeitverfolgung<\/strong> und leistungsstarke Statistiken<\/td><\/tr><tr><td>Abgeschottete \u00dcbersetzungsprozesse pro Abteilung<\/td><td><strong>Zentralisierte Kontrolle<\/strong> mit einheitlichem \u00dcbersetzungsmanagement<\/td><\/tr><\/tbody><\/table><\/figure>\n<\/div>\n\n\n\n<div style=\"height:0px\" aria-hidden=\"true\" class=\"wp-block-spacer\"><\/div>\n\n\n\n<div class=\"wp-block-group alignwide has-light-neutral-background-color has-background has-global-padding is-layout-constrained wp-block-group-is-layout-constrained\">\n<h2 class=\"wp-block-heading has-text-align-center\" id=\"h-why-choose-phrase-for-storyblok-localization\"><strong>Warum Phrase f\u00fcr die Lokalisierung von Storyblok?<\/strong><\/h2>\n\n\n\n<p class=\"has-text-align-center\">Im Gegensatz zu anderen Storyblok-\u00dcbersetzungsintegrationen vereint Phrase alle Lokalisierungs-Workflows auf einer einzigen Plattform.<\/p>\n\n\n\n<div class=\"wp-block-group alignwide has-light-neutral-background-color has-background has-global-padding is-layout-constrained wp-block-group-is-layout-constrained\" style=\"margin-top:0\">\n<div class=\"wp-block-group alignwide is-layout-grid wp-container-core-group-is-layout-7717984b wp-block-group-is-layout-grid\" style=\"margin-top:var(--wp--preset--spacing--45)\">\n<div class=\"wp-block-group is-vertical is-content-justification-center is-layout-flex wp-container-core-group-is-layout-5e763914 wp-block-group-is-layout-flex\">\n<figure class=\"wp-block-image size-full is-resized is-style-not-rounded\"><img loading=\"lazy\" decoding=\"async\" width=\"72\" height=\"72\" src=\"https:\/\/phrase.com\/wp-content\/uploads\/2025\/07\/cost-decrease-icon.png\" alt=\"\" class=\"wp-image-111451\" style=\"width:60px\" \/><\/figure>\n\n\n\n<p class=\"has-text-align-center\"><strong>Geringere Nachbearbeitungskosten<\/strong><\/p>\n\n\n\n<p class=\"has-text-align-center\">durch die Nutzung eines einheitlichen Translation Memory (TM)<\/p>\n<\/div>\n\n\n\n<div class=\"wp-block-group is-vertical is-content-justification-center is-layout-flex wp-container-core-group-is-layout-5e763914 wp-block-group-is-layout-flex\">\n<figure class=\"wp-block-image size-full is-resized is-style-not-rounded\"><img loading=\"lazy\" decoding=\"async\" width=\"72\" height=\"72\" src=\"https:\/\/phrase.com\/wp-content\/uploads\/2025\/07\/control-icon.png\" alt=\"\" class=\"wp-image-111445\" style=\"width:60px\" \/><\/figure>\n\n\n\n<p class=\"has-text-align-center\"><strong>Bessere Qualit\u00e4tskontrolle<\/strong><\/p>\n\n\n\n<p class=\"has-text-align-center\">dank zentralisierter Qualit\u00e4tssicherungs-Tools<\/p>\n<\/div>\n\n\n\n<div class=\"wp-block-group is-vertical is-content-justification-center is-layout-flex wp-container-core-group-is-layout-5e763914 wp-block-group-is-layout-flex\">\n<figure class=\"wp-block-image size-full is-resized\"><img loading=\"lazy\" decoding=\"async\" width=\"72\" height=\"72\" src=\"https:\/\/phrase.com\/wp-content\/uploads\/2025\/07\/automation-icon.png\" alt=\"\" class=\"wp-image-111463\" style=\"width:60px\" \/><\/figure>\n\n\n\n<p class=\"has-text-align-center\"><strong>Automatisierung als erster Ansatz<\/strong><\/p>\n\n\n\n<p class=\"has-text-align-center\">reduziert repetitive manuelle T\u00e4tigkeiten<\/p>\n<\/div>\n\n\n\n<div class=\"wp-block-group is-vertical is-content-justification-center is-layout-flex wp-container-core-group-is-layout-5e763914 wp-block-group-is-layout-flex\">\n<figure class=\"wp-block-image size-full is-resized is-style-not-rounded\"><img loading=\"lazy\" decoding=\"async\" width=\"73\" height=\"73\" src=\"https:\/\/phrase.com\/wp-content\/uploads\/2025\/07\/translation-icon.png\" alt=\"\" class=\"wp-image-111457\" style=\"width:60px\" \/><\/figure>\n\n\n\n<p class=\"has-text-align-center\"><strong>KI-\u00dcbersetzung auf dem neuesten Stand der Technik<\/strong><\/p>\n\n\n\n<p class=\"has-text-align-center\">erm\u00f6glicht schnellere Abl\u00e4ufe und geringere Kosten<\/p>\n<\/div>\n\n\n\n<div class=\"wp-block-group is-vertical is-content-justification-center is-layout-flex wp-container-core-group-is-layout-5e763914 wp-block-group-is-layout-flex\">\n<figure class=\"wp-block-image size-full is-resized is-style-not-rounded\"><img loading=\"lazy\" decoding=\"async\" width=\"72\" height=\"72\" src=\"https:\/\/phrase.com\/wp-content\/uploads\/2025\/07\/people-icon.png\" alt=\"\" class=\"wp-image-111273\" style=\"width:60px\" \/><\/figure>\n\n\n\n<p class=\"has-text-align-center\"><strong><strong>Anbieterunabh\u00e4ngige Plattform<\/strong><\/strong><\/p>\n\n\n\n<p class=\"has-text-align-center\">unterst\u00fctzt die Zusammenarbeit mit allen Partnern<\/p>\n<\/div>\n\n\n\n<div class=\"wp-block-group is-vertical is-content-justification-center is-layout-flex wp-container-core-group-is-layout-5e763914 wp-block-group-is-layout-flex\">\n<figure class=\"wp-block-image size-full is-resized is-style-not-rounded\"><img loading=\"lazy\" decoding=\"async\" width=\"72\" height=\"72\" src=\"https:\/\/phrase.com\/wp-content\/uploads\/2025\/07\/sales-icon.png\" alt=\"\" class=\"wp-image-111285\" style=\"width:60px\" \/><\/figure>\n\n\n\n<p class=\"has-text-align-center\"><strong><strong><strong>Skalierbarkeit<\/strong><\/strong><\/strong><\/p>\n\n\n\n<p class=\"has-text-align-center\">entwickelt f\u00fcr gro\u00dfe Inhaltsmengen und ein zukunftssicheres Setup<\/p>\n<\/div>\n<\/div>\n<\/div>\n<\/div>\n\n\n\n<div class=\"wp-block-columns alignwide is-layout-flex wp-container-core-columns-is-layout-87527e6a wp-block-columns-is-layout-flex\" style=\"padding-right:var(--wp--preset--spacing--70);padding-left:var(--wp--preset--spacing--70)\">\n<div class=\"wp-block-column has-global-padding is-layout-constrained wp-block-column-is-layout-constrained\">\n<div class=\"wp-block-group is-vertical is-layout-flex wp-container-core-group-is-layout-f84d1e41 wp-block-group-is-layout-flex\" style=\"padding-top:0;padding-bottom:0\">\n<div class=\"wp-block-group has-global-padding is-layout-constrained wp-block-group-is-layout-constrained\">\n<h2 class=\"wp-block-heading\" id=\"h-benefits-of-the-phrase-plugin-for-storyblok\"><strong>Vorteile des Phrase-Plugins f\u00fcr Storyblok<\/strong><\/h2>\n\n\n\n<figure class=\"wp-block-image size-full is-resized\"><img loading=\"lazy\" decoding=\"async\" width=\"72\" height=\"72\" src=\"https:\/\/phrase.com\/wp-content\/uploads\/2025\/07\/product-icon.png\" alt=\"\" class=\"wp-image-111279\" style=\"width:70px\" \/><\/figure>\n\n\n\n<h4 class=\"wp-block-heading has-large-font-size\" id=\"h-intuitive-ux\" style=\"margin-top:var(--wp--preset--spacing--10);margin-bottom:var(--wp--preset--spacing--10);padding-top:0;padding-bottom:0\"><strong><strong><strong><strong><strong><strong>Intuitive UX<\/strong><\/strong><\/strong><\/strong><\/strong><\/strong><\/h4>\n\n\n\n<p>Profitiere von einer benutzerfreundlichen Plugin-Oberfl\u00e4che, Statusaktualisierungen in Echtzeit und dem automatischen Abruf von Inhalten, sobald die \u00dcbersetzung in Phrase abgeschlossen ist.<\/p>\n<\/div>\n\n\n\n<div class=\"wp-block-group has-global-padding is-layout-constrained wp-block-group-is-layout-constrained\">\n<figure class=\"wp-block-image size-full is-resized is-style-not-rounded\"><img loading=\"lazy\" decoding=\"async\" width=\"72\" height=\"72\" src=\"https:\/\/phrase.com\/wp-content\/uploads\/2025\/07\/control-icon.png\" alt=\"\" class=\"wp-image-111445\" style=\"width:70px\" \/><\/figure>\n\n\n\n<h4 class=\"wp-block-heading has-large-font-size\" id=\"h-full-control\" style=\"margin-top:var(--wp--preset--spacing--10);margin-bottom:var(--wp--preset--spacing--10)\"><strong><strong><strong><strong><strong><strong>Volle Kontrolle<\/strong><\/strong><\/strong><\/strong><\/strong><\/strong><\/h4>\n\n\n\n<p>W\u00e4hrend andere L\u00f6sungen nur \u00dcbersetzungen auf Ordnerebene unterst\u00fctzen, lassen sich mit dem Phrase Plug-in einzelne Beitr\u00e4ge gezielt zur \u00dcbersetzung ausw\u00e4hlen.<\/p>\n<\/div>\n\n\n\n<div class=\"wp-block-group has-global-padding is-layout-constrained wp-block-group-is-layout-constrained\">\n<figure class=\"wp-block-image size-full is-resized is-style-not-rounded\"><img loading=\"lazy\" decoding=\"async\" width=\"73\" height=\"73\" src=\"https:\/\/phrase.com\/wp-content\/uploads\/2025\/07\/translation-icon.png\" alt=\"\" class=\"wp-image-111457\" style=\"width:70px\" \/><\/figure>\n\n\n\n<h4 class=\"wp-block-heading has-large-font-size\" id=\"h-batch-translation\" style=\"margin-top:var(--wp--preset--spacing--10);margin-bottom:var(--wp--preset--spacing--10)\"><strong><strong><strong><strong><strong><strong>Batch-\u00dcbersetzung<\/strong><\/strong><\/strong><\/strong><\/strong><\/strong><\/h4>\n\n\n\n<p>Fordere \u00dcbersetzungen f\u00fcr mehrere Beitr\u00e4ge, Ordner und Sprachen gleichzeitig an.<\/p>\n<\/div>\n<\/div>\n<\/div>\n\n\n\n<div class=\"wp-block-column is-layout-flow wp-block-column-is-layout-flow\">\n<figure class=\"wp-block-image alignright size-large is-resized is-style-default\"><img loading=\"lazy\" decoding=\"async\" width=\"776\" height=\"1024\" src=\"https:\/\/phrase.com\/wp-content\/uploads\/2025\/11\/Storyblok-Multilingual-Storyblok-experiences-776x1024.jpg\" alt=\"\" class=\"wp-image-128533\" style=\"width:474px;height:auto\" srcset=\"https:\/\/phrase.com\/wp-content\/uploads\/2025\/11\/Storyblok-Multilingual-Storyblok-experiences-776x1024.jpg 776w, https:\/\/phrase.com\/wp-content\/uploads\/2025\/11\/Storyblok-Multilingual-Storyblok-experiences-227x300.jpg 227w, https:\/\/phrase.com\/wp-content\/uploads\/2025\/11\/Storyblok-Multilingual-Storyblok-experiences-768x1013.jpg 768w, https:\/\/phrase.com\/wp-content\/uploads\/2025\/11\/Storyblok-Multilingual-Storyblok-experiences.jpg 1122w\" sizes=\"auto, (max-width: 776px) 100vw, 776px\" \/><\/figure>\n<\/div>\n<\/div>\n\n\n\n<div class=\"wp-block-group alignwide has-phrase-green-background-color has-background has-background-images has-global-padding is-content-justification-left is-layout-constrained wp-container-core-group-is-layout-836d34cb wp-block-group-is-layout-constrained\" style=\"margin-top:var(--wp--preset--spacing--70);background-image:url(https:\/\/phrase.com\/wp-content\/uploads\/2025\/07\/woman-ipad-background.jpg.webp);background-position:0% 0%;background-attachment:scroll;background-repeat:no-repeat;background-size:cover\"><div class=\"glide wp-block-phrase-com-testimonials\"><div class=\"glide__track\" data-glide-el=\"track\"><div class=\"glide__slides\">\t<div class=\"wp-block-phrase-com-testimonial glide__slide\">\n\t\t<div class=\"wp-block-phrase-com-testimonial__text \">\n\t\t\tDas Storyblok-Plug-in von Phrase ist eines der am meisten erwarteten, das von unserem Kundennetzwerk immer wieder angefragt wurde. Ich kann es kaum erwarten, dass es live geht.\u2028F\u00fcr unsere Kunden wird die Bereitstellung robuster und umfassender \u00dcbersetzungsfunktionen, sowohl auf Feld- als auch auf Ordnerebene, sicherlich eine bahnbrechende Neuerung darstellen.\t\t<\/div>\n\t\t<div class=\"wp-block-phrase-com-testimonial__author\">\n\t\t\t<img loading=\"lazy\" decoding=\"async\" width=\"65\" height=\"65\" src=\"https:\/\/phrase.com\/wp-content\/uploads\/2025\/12\/Alin-Tanase-Storyblok-150x150.jpeg\" class=\"wp-block-phrase-com-testimonial__author-avatar\" alt=\"Photo of Alin Tanase\" srcset=\"https:\/\/phrase.com\/wp-content\/uploads\/2025\/12\/Alin-Tanase-Storyblok-150x150.jpeg 150w, https:\/\/phrase.com\/wp-content\/uploads\/2025\/12\/Alin-Tanase-Storyblok.jpeg 200w\" sizes=\"auto, (max-width: 65px) 100vw, 65px\" \/>\n\t\t\t<div class=\"wp-block-phrase-com-testimonial__author-info\">\n\t\t\t\t<img loading=\"lazy\" decoding=\"async\" width=\"206\" height=\"43\" src=\"https:\/\/phrase.com\/wp-content\/uploads\/2025\/12\/Storyblok-logo.png\" class=\"wp-block-phrase-com-testimonial__author-company-logo\" alt=\"Logo of Storyblok (Plug-in-Partner)\" \/>\n\t\t\t\t<p class=\"wp-block-phrase-com-testimonial__author-name\">\n\t\t\t\t\tAlin Tanase\t\t\t\t<\/p>\n\n\t\t\t\t<p class=\"wp-block-phrase-com-testimonial__author-title\">\n\t\t\t\t\tSeniorpartner Technologiemanager\t\t\t\t<\/p>\n\t\t\t<\/div>\n\t\t<\/div>\n\t<\/div>\n\t<\/div><\/div><\/div><\/div>\n\n\n\n<div style=\"height:4px\" aria-hidden=\"true\" class=\"wp-block-spacer\"><\/div>\n\n\n\n<h2 class=\"wp-block-heading has-text-align-center\" id=\"h-faqs\" style=\"margin-top:0\">H\u00c4UFIGE FRAGEN (FAQ)<\/h2>\n\n\n\n<div class=\"wp-block-wearerequired-accordion alignwide\">\n<div id=\"acc-gibt-es-eine-grenze-fuer-den-umfang-des-inhalts-oder-die-anzahl-der-beitraege-pro-uebersetzungsauftrag\" tabindex=\"-1\" class=\"wp-block-wearerequired-accordion-section\">\n<h3 class=\"wp-block-wearerequired-accordion-heading\"><span aria-hidden=\"true\" class=\"wp-block-wearerequired-accordion-heading__icon\"><\/span><span class=\"wp-block-wearerequired-accordion-heading__text\">Gibt es eine Grenze f\u00fcr den Umfang des Inhalts oder die Anzahl der Beitr\u00e4ge pro \u00dcbersetzungsauftrag?<\/span><\/h3>\n\n\n\n<div class=\"wp-block-wearerequired-accordion-content is-layout-flow wp-block-wearerequired-accordion-content-is-layout-flow\">\n<p>Es gibt keine festen Grenzen. Man kann mehrere Beitr\u00e4ge, Komponenten oder Sprachen gleichzeitig zur \u00dcbersetzung einsenden. Allerdings kann die Verarbeitung sehr gro\u00dfer Batches etwas l\u00e4nger dauern.<\/p>\n<\/div>\n<\/div>\n\n\n\n<div id=\"acc-wie-wird-mein-storyblok-content-waehrend-der-uebersetzung-gesichert-werden-irgendwelche-daten-ausserhalb-des-cms-oder-der-lokalisierungsplattform-gespeichert\" tabindex=\"-1\" class=\"wp-block-wearerequired-accordion-section\">\n<h3 class=\"wp-block-wearerequired-accordion-heading\"><span aria-hidden=\"true\" class=\"wp-block-wearerequired-accordion-heading__icon\"><\/span><span class=\"wp-block-wearerequired-accordion-heading__text\">Wie wird mein Storyblok-Content w\u00e4hrend der \u00dcbersetzung gesichert? Werden irgendwelche Daten au\u00dferhalb des CMS oder der Lokalisierungsplattform gespeichert?<\/span><\/h3>\n\n\n\n<div class=\"wp-block-wearerequired-accordion-content is-layout-flow wp-block-wearerequired-accordion-content-is-layout-flow\">\n<p>S\u00e4mtliche Inhalte werden der \u00dcbertragung und im Ruhezustand verschl\u00fcsselt. Phrase erf\u00fcllt hohe Sicherheits- und DSGVO-Standards und speichert keine Daten au\u00dferhalb von Storyblok oder der Phrase-Lokalisierungsplattform.<\/p>\n<\/div>\n<\/div>\n\n\n\n<div id=\"acc-kann-ich-meine-uebersetzungs-workflows-ueberpruefungsschritte-automatisierungsregeln-weiterleitung-an-auftragnehmer-anpassen\" tabindex=\"-1\" class=\"wp-block-wearerequired-accordion-section\">\n<h3 class=\"wp-block-wearerequired-accordion-heading\"><span aria-hidden=\"true\" class=\"wp-block-wearerequired-accordion-heading__icon\"><\/span><span class=\"wp-block-wearerequired-accordion-heading__text\">Kann ich meine \u00dcbersetzungs-Workflows (\u00dcberpr\u00fcfungsschritte, Automatisierungsregeln, Weiterleitung an Auftragnehmer) anpassen?<\/span><\/h3>\n\n\n\n<div class=\"wp-block-wearerequired-accordion-content is-layout-flow wp-block-wearerequired-accordion-content-is-layout-flow\">\n<p>Ja. Alle Storyblok-Inhalte, die \u00fcber das Plug-in gesendet werden, gelangen in den \u00dcbersetzungs-Workflow, den du in Phrase eingerichtet hast \u2013 einschlie\u00dflich automatisierter Weiterleitung, \u00dcberpr\u00fcfungsschritten, Qualit\u00e4tspr\u00fcfungen und Auftragnehmerauswahl.<\/p>\n<\/div>\n<\/div>\n\n\n\n<div id=\"acc-welche-storyblok-inhaltstypen-werden-unterstuetzt\" tabindex=\"-1\" class=\"wp-block-wearerequired-accordion-section\">\n<h3 class=\"wp-block-wearerequired-accordion-heading\"><span aria-hidden=\"true\" class=\"wp-block-wearerequired-accordion-heading__icon\"><\/span><span class=\"wp-block-wearerequired-accordion-heading__text\">Welche Storyblok-Inhaltstypen werden unterst\u00fctzt?<\/span><\/h3>\n\n\n\n<div class=\"wp-block-wearerequired-accordion-content is-layout-flow wp-block-wearerequired-accordion-content-is-layout-flow\">\n<p>Das Phrase-Plugin f\u00fcr Storyblok unterst\u00fctzt die \u00dcbersetzung von Inhalten sowohl auf Ordner- als auch auf Beitragsebene und arbeitet mit allen Inhalten, die Storyblok als \u00fcbersetzbar markiert hat.<\/p>\n<\/div>\n<\/div>\n<\/div>\n\n\n\n<div class=\"wp-block-group alignwide has-black-color has-yellow-background-color has-text-color has-background has-link-color wp-elements-8ea14c46edd474b7c5893a21736f2e58 has-global-padding is-layout-constrained wp-block-group-is-layout-constrained\" style=\"margin-top:var(--wp--preset--spacing--56)\">\n<h2 class=\"wp-block-heading has-text-align-center\" id=\"h-want-to-find-out-more\">Mehr erfahren?<\/h2>\n\n\n\n<p class=\"has-text-align-center\">Sprich eine gr\u00f6\u00dfere Zielgruppe an und verbessere die Kundenbindung.<\/p>\n\n\n\n<div class=\"wp-block-buttons is-content-justification-center is-layout-flex wp-container-core-buttons-is-layout-a89b3969 wp-block-buttons-is-layout-flex\">\n<div class=\"wp-block-button is-style-default\"><a class=\"wp-block-button__link wp-element-button\" href=\"https:\/\/phrase.com\/de\/demo\/\" target=\"_blank\" rel=\"noreferrer noopener\">Demo vereinbaren<\/a><\/div>\n\n\n\n<div class=\"wp-block-button is-style-black-outline\"><a class=\"wp-block-button__link wp-element-button\" href=\"https:\/\/phrase.com\/de\/pricing\/\" target=\"_blank\" rel=\"noreferrer noopener\">Preise anzeigen<\/a><\/div>\n<\/div>\n<\/div>\n\n","protected":false},"excerpt":{"rendered":"<p>Storyblok-Integration Liefere mehrsprachigen Storyblok-Content schneller als je zuvor \u2013 mit KI-gest\u00fctzter \u00dcbersetzung nur einen Klick entfernt. Automatisierte Content-\u00dcbersetzung f\u00fcr Storyblok \u00dcbersetze deine Website, ohne Storyblok zu verlassen. In Phrase sorgen Translation Memory, KI-\u00dcbersetzung, QA-Pr\u00fcfungen und optionale menschliche \u00dcberpr\u00fcfung f\u00fcr eine genaue und einheitliche \u00dcbersetzungsqualit\u00e4t. Sobald die \u00dcbersetzungen fertig sind, werden sie direkt mit Storyblok synchronisiert [&hellip;]<\/p>\n","protected":false},"author":77,"featured_media":128532,"parent":31701,"menu_order":0,"comment_status":"closed","ping_status":"closed","template":"page-refresh","meta":{"_acf_changed":false,"_stopmodifiedupdate":false,"_modified_date":"","_searchwp_excluded":"","episode_type":"","audio_file":"","podmotor_file_id":"","podmotor_episode_id":"","cover_image":"","cover_image_id":"","duration":"","filesize":"","filesize_raw":"","date_recorded":"","explicit":"","block":"","itunes_episode_number":"","itunes_title":"","itunes_season_number":"","itunes_episode_type":"","footnotes":""},"class_list":["post-130543","page","type-page","status-publish","has-post-thumbnail","hentry"],"acf":[],"_links":{"self":[{"href":"https:\/\/phrase.com\/de\/wp-json\/wp\/v2\/pages\/130543","targetHints":{"allow":["GET"]}}],"collection":[{"href":"https:\/\/phrase.com\/de\/wp-json\/wp\/v2\/pages"}],"about":[{"href":"https:\/\/phrase.com\/de\/wp-json\/wp\/v2\/types\/page"}],"author":[{"embeddable":true,"href":"https:\/\/phrase.com\/de\/wp-json\/wp\/v2\/users\/77"}],"replies":[{"embeddable":true,"href":"https:\/\/phrase.com\/de\/wp-json\/wp\/v2\/comments?post=130543"}],"version-history":[{"count":1,"href":"https:\/\/phrase.com\/de\/wp-json\/wp\/v2\/pages\/130543\/revisions"}],"predecessor-version":[{"id":130544,"href":"https:\/\/phrase.com\/de\/wp-json\/wp\/v2\/pages\/130543\/revisions\/130544"}],"up":[{"embeddable":true,"href":"https:\/\/phrase.com\/de\/wp-json\/wp\/v2\/pages\/31701"}],"wp:featuredmedia":[{"embeddable":true,"href":"https:\/\/phrase.com\/de\/wp-json\/wp\/v2\/media\/128532"}],"wp:attachment":[{"href":"https:\/\/phrase.com\/de\/wp-json\/wp\/v2\/media?parent=130543"}],"curies":[{"name":"wp","href":"https:\/\/api.w.org\/{rel}","templated":true}]}}