{"id":133731,"date":"2026-01-27T18:02:52","date_gmt":"2026-01-27T17:02:52","guid":{"rendered":"https:\/\/phrase.com\/intento\/"},"modified":"2026-02-04T17:05:44","modified_gmt":"2026-02-04T16:05:44","slug":"intento","status":"publish","type":"page","link":"https:\/\/phrase.com\/de\/partners\/intento\/","title":{"rendered":"Intento"},"content":{"rendered":"\n<div class=\"wp-block-group alignfull is-style-copy has-transparent-background-color has-background has-global-padding is-content-justification-center is-layout-constrained wp-block-group-is-layout-constrained\" style=\"padding-top:var(--wp--preset--spacing--45);padding-bottom:var(--wp--preset--spacing--45)\">\n<div class=\"wp-block-group alignwide has-global-padding is-content-justification-center is-layout-constrained wp-container-core-group-is-layout-cefc1864 wp-block-group-is-layout-constrained\" style=\"padding-left:var(--wp--preset--spacing--56)\">\n<p class=\"has-text-align-center has-blue-color has-text-color has-link-color wp-elements-fc4e1ddc0d74cbc314743c9090e21a46\">PHRASE PARTNER<\/p>\n\n\n\n<figure class=\"wp-block-image aligncenter size-full is-resized is-style-not-rounded\"><img loading=\"lazy\" decoding=\"async\" width=\"2000\" height=\"372\" src=\"https:\/\/phrase.com\/wp-content\/uploads\/2026\/01\/MAIN-Intento-Logo-White-BG.png\" alt=\"\" class=\"wp-image-132903\" style=\"width:276px;height:auto\" srcset=\"https:\/\/phrase.com\/wp-content\/uploads\/2026\/01\/MAIN-Intento-Logo-White-BG.png 2000w, https:\/\/phrase.com\/wp-content\/uploads\/2026\/01\/MAIN-Intento-Logo-White-BG-300x56.png 300w, https:\/\/phrase.com\/wp-content\/uploads\/2026\/01\/MAIN-Intento-Logo-White-BG-1024x190.png 1024w, https:\/\/phrase.com\/wp-content\/uploads\/2026\/01\/MAIN-Intento-Logo-White-BG-768x143.png 768w, https:\/\/phrase.com\/wp-content\/uploads\/2026\/01\/MAIN-Intento-Logo-White-BG-1536x286.png 1536w\" sizes=\"auto, (max-width: 2000px) 100vw, 2000px\" \/><\/figure>\n\n\n\n<div style=\"height:20px\" aria-hidden=\"true\" class=\"wp-block-spacer\"><\/div>\n\n\n\n<h3 class=\"wp-block-heading has-text-align-center has-medium-font-size\" id=\"h-intento-language-hub-for-phrase\" style=\"margin-bottom:var(--wp--preset--spacing--8);font-style:normal;font-weight:400\">Intento Language Hub f\u00fcr Phrase<\/h3>\n\n\n\n<p class=\"has-text-align-center\"><a href=\"https:\/\/www.acclaro.com\/?utm_campaign=Partner%20Marketing&amp;utm_source=Phrase%20partner%20listing&amp;utm_medium=Main%20link&amp;utm_term=Acclaro\" target=\"_blank\" rel=\"noreferrer noopener\"><\/a><a href=\"https:\/\/www.actumdigital.com\/\"><\/a><a href=\"https:\/\/blog.attachedglobal.com\/en\/attached-partners-with-phrase-to-elevate-enterprise-translation-solutions\"><\/a><a href=\"https:\/\/www.clearlyloc.com\/\" target=\"_blank\" rel=\"noreferrer noopener\"><\/a><a href=\"https:\/\/inten.to\/\" target=\"_blank\" rel=\"noreferrer noopener\">www.inten.to\u202f<\/a><\/p>\n\n\n\n<div style=\"height:40px\" aria-hidden=\"true\" class=\"wp-block-spacer\"><\/div>\n\n\n\n<p class=\"has-text-align-left\" style=\"margin-top:0;margin-bottom:var(--wp--preset--spacing--40)\"><strong><br>MT, die deinen Regeln entspricht: automatisierte Workflows mit KI-\u00dcbersetzungsagenten und LQA (Sprachqualit\u00e4tseinsch\u00e4tzung) gesch\u00e4ftsgerechte Qualit\u00e4t und Terminologiekontrolle in \u00fcber 650 Sprachen.<\/strong><br><br>Intento automatisiert die \u00dcbersetzung f\u00fcr globale Unternehmen mit KI-Agenten. Das Enterprise Language Hub erm\u00f6glicht es Unternehmen wie Procore und Subway, einheitliche, authentische Spracherlebnisse \u00fcber alle M\u00e4rkte und Zielgruppen hinweg zu liefern.<br><br>Es kombiniert maschinelle \u00dcbersetzung und LLMs in Multi-Agenten-KI-Workflows, passt sie an Kundendaten an und integriert sie in die bestehenden Softwaresysteme der Kunden f\u00fcr Lokalisierung, Marketing, Kundensupport und andere Business-Funktionen.<br><br>Mit Intento erhalten Kunden qualitativ hochwertige Echtzeit-\u00dcbersetzungen \u2013 f\u00fcr alle User und Teammitglieder weltweit. Das Enterprise Language Hub ist ISO-27001-zertifiziert und gew\u00e4hrleistet damit h\u00f6chste Sicherheit f\u00fcr GenAI-L\u00f6sungen auf Unternehmensniveau.<br><br>Intento bietet daneben auch ISO-9001-zertifizierten Experten-Support f\u00fcr die Einrichtung und Wartung von MT- und KI-Modellen mit neuen Daten und User-Feedback.<\/p>\n\n\n\n<div style=\"height:15px\" aria-hidden=\"true\" class=\"wp-block-spacer\"><\/div>\n\n\n\n<div class=\"wp-block-buttons is-content-justification-center is-layout-flex wp-container-core-buttons-is-layout-a89b3969 wp-block-buttons-is-layout-flex\">\n<div class=\"wp-block-button\"><a class=\"wp-block-button__link wp-element-button\" href=\"https:\/\/phrase.com\/de\/demo\/\" target=\"_blank\" rel=\"noreferrer noopener\">Sprich uns an<\/a><\/div>\n\n\n\n<div class=\"wp-block-button is-style-black-outline\"><a class=\"wp-block-button__link has-text-align-center wp-element-button\" href=\"https:\/\/inten.to\/\" target=\"_blank\" rel=\"noreferrer noopener\">Website besuchen<\/a><\/div>\n<\/div>\n\n\n\n<div style=\"height:40px\" aria-hidden=\"true\" class=\"wp-block-spacer\"><\/div>\n\n\n\n<div class=\"wp-block-group alignwide has-blue-10-background-color has-background has-global-padding is-content-justification-center is-layout-constrained wp-block-group-is-layout-constrained\">\n<blockquote class=\"wp-block-quote is-layout-flow wp-block-quote-is-layout-flow\">\n<p><em><strong><em>Viele Unternehmen verwalten ihre Lokalisierung in Phrase. Intento unterst\u00fctzt Teams bei der Automatisierung von \u00dcbersetzungen mit einem anforderungsbasierten KI-Ansatz, indem es eine KI-Qualit\u00e4tsschicht direkt in Phrase-Workflows einf\u00fcgt. Gemeinsam erleichtern wir die Skalierung der Automatisierung mit konsistenten Ergebnissen \u2013 abgestimmt auf deine Terminologie, deinen Stil und deine Compliance-Anforderungen. Und w\u00e4hrend sich die Dinge \u00e4ndern \u2013 mit neuem Content, Sprachen und Standards \u2013, halten unsere Experten deine Workflows optimiert<\/em><\/strong><\/em>.<\/p>\n<cite><em><strong>Konstantin Savenkov,<\/strong> CEO &amp; Co-Founder, Intento<\/em><\/cite><\/blockquote>\n<\/div>\n<\/div>\n<\/div>\n\n\n\n<div class=\"wp-block-group alignwide has-yellow-background-color has-background has-global-padding is-layout-constrained wp-block-group-is-layout-constrained\" style=\"margin-top:var(--wp--preset--spacing--56)\">\n<div class=\"wp-block-group is-vertical is-content-justification-center is-layout-flex wp-container-core-group-is-layout-ce155fab wp-block-group-is-layout-flex\">\n<h2 class=\"wp-block-heading has-text-align-center\" id=\"h-discover-more-partners\">Erfahre mehr \u00fcber weitere Partner<\/h2>\n\n\n\n<p class=\"has-text-align-center\">Wir arbeiten mit f\u00fchrenden Technologieunternehmen zusammen, um sicherzustellen, dass dein Team<br>jeden Tag mehr Wert aus Phrase sch\u00f6pft.<\/p>\n<\/div>\n\n\n\n<div class=\"wp-block-buttons is-content-justification-center is-layout-flex wp-container-core-buttons-is-layout-a89b3969 wp-block-buttons-is-layout-flex\">\n<div class=\"wp-block-button\"><a class=\"wp-block-button__link wp-element-button\" href=\"https:\/\/phrase.com\/de\/partners\/\" target=\"_blank\" rel=\"noreferrer noopener\">Phrase-Partnerprogramm<\/a><\/div>\n\n\n\n<div class=\"wp-block-button is-style-black-outline\"><a class=\"wp-block-button__link wp-element-button\" href=\"https:\/\/phrase.com\/de\/partners-inquiries\/\" target=\"_blank\" rel=\"noreferrer noopener\">Partner-Empfehlung<\/a><\/div>\n<\/div>\n<\/div>\n\n","protected":false},"excerpt":{"rendered":"<p>PHRASE PARTNER Intento Language Hub f\u00fcr Phrase www.inten.to\u202f MT, die deinen Regeln entspricht: automatisierte Workflows mit KI-\u00dcbersetzungsagenten und LQA (Sprachqualit\u00e4tseinsch\u00e4tzung) gesch\u00e4ftsgerechte Qualit\u00e4t und Terminologiekontrolle in \u00fcber 650 Sprachen. Intento automatisiert die \u00dcbersetzung f\u00fcr globale Unternehmen mit KI-Agenten. Das Enterprise Language Hub erm\u00f6glicht es Unternehmen wie Procore und Subway, einheitliche, authentische Spracherlebnisse \u00fcber alle M\u00e4rkte und [&hellip;]<\/p>\n","protected":false},"author":78,"featured_media":7474,"parent":56573,"menu_order":1,"comment_status":"closed","ping_status":"closed","template":"page-refresh","meta":{"_acf_changed":false,"_stopmodifiedupdate":false,"_modified_date":"","_searchwp_excluded":"","episode_type":"","audio_file":"","podmotor_file_id":"","podmotor_episode_id":"","cover_image":"","cover_image_id":"","duration":"","filesize":"","filesize_raw":"","date_recorded":"","explicit":"","block":"","itunes_episode_number":"","itunes_title":"","itunes_season_number":"","itunes_episode_type":"","footnotes":""},"class_list":["post-133731","page","type-page","status-publish","has-post-thumbnail","hentry"],"acf":[],"_links":{"self":[{"href":"https:\/\/phrase.com\/de\/wp-json\/wp\/v2\/pages\/133731","targetHints":{"allow":["GET"]}}],"collection":[{"href":"https:\/\/phrase.com\/de\/wp-json\/wp\/v2\/pages"}],"about":[{"href":"https:\/\/phrase.com\/de\/wp-json\/wp\/v2\/types\/page"}],"author":[{"embeddable":true,"href":"https:\/\/phrase.com\/de\/wp-json\/wp\/v2\/users\/78"}],"replies":[{"embeddable":true,"href":"https:\/\/phrase.com\/de\/wp-json\/wp\/v2\/comments?post=133731"}],"version-history":[{"count":3,"href":"https:\/\/phrase.com\/de\/wp-json\/wp\/v2\/pages\/133731\/revisions"}],"predecessor-version":[{"id":133744,"href":"https:\/\/phrase.com\/de\/wp-json\/wp\/v2\/pages\/133731\/revisions\/133744"}],"up":[{"embeddable":true,"href":"https:\/\/phrase.com\/de\/wp-json\/wp\/v2\/pages\/56573"}],"wp:featuredmedia":[{"embeddable":true,"href":"https:\/\/phrase.com\/de\/wp-json\/wp\/v2\/media\/7474"}],"wp:attachment":[{"href":"https:\/\/phrase.com\/de\/wp-json\/wp\/v2\/media?parent=133731"}],"curies":[{"name":"wp","href":"https:\/\/api.w.org\/{rel}","templated":true}]}}