{"id":136992,"date":"2026-02-19T14:41:39","date_gmt":"2026-02-19T13:41:39","guid":{"rendered":"https:\/\/phrase.com\/modelfront\/"},"modified":"2026-03-06T12:55:33","modified_gmt":"2026-03-06T11:55:33","slug":"modelfront","status":"publish","type":"page","link":"https:\/\/phrase.com\/de\/partners\/modelfront\/","title":{"rendered":"ModelFront"},"content":{"rendered":"\n<div class=\"wp-block-group alignfull is-style-copy has-transparent-background-color has-background has-global-padding is-content-justification-center is-layout-constrained wp-block-group-is-layout-constrained\" style=\"padding-top:var(--wp--preset--spacing--45);padding-bottom:var(--wp--preset--spacing--45)\">\n<div class=\"wp-block-group alignwide has-global-padding is-content-justification-center is-layout-constrained wp-container-core-group-is-layout-cefc1864 wp-block-group-is-layout-constrained\" style=\"padding-left:var(--wp--preset--spacing--56)\">\n<p class=\"has-text-align-center has-blue-color has-text-color has-link-color wp-elements-fc4e1ddc0d74cbc314743c9090e21a46\">PHRASE PARTNER<\/p>\n\n\n\n<figure class=\"wp-block-image aligncenter size-full is-resized is-style-not-rounded\"><img loading=\"lazy\" decoding=\"async\" width=\"7774\" height=\"3000\" src=\"https:\/\/phrase.com\/wp-content\/uploads\/2026\/02\/modelfront-Logo-_-light-bg-rounded.png\" alt=\"\" class=\"wp-image-135617\" style=\"width:276px;height:auto\" srcset=\"https:\/\/phrase.com\/wp-content\/uploads\/2026\/02\/modelfront-Logo-_-light-bg-rounded.png 7774w, https:\/\/phrase.com\/wp-content\/uploads\/2026\/02\/modelfront-Logo-_-light-bg-rounded-300x116.png 300w, https:\/\/phrase.com\/wp-content\/uploads\/2026\/02\/modelfront-Logo-_-light-bg-rounded-1024x395.png 1024w, https:\/\/phrase.com\/wp-content\/uploads\/2026\/02\/modelfront-Logo-_-light-bg-rounded-768x296.png 768w, https:\/\/phrase.com\/wp-content\/uploads\/2026\/02\/modelfront-Logo-_-light-bg-rounded-1536x593.png 1536w, https:\/\/phrase.com\/wp-content\/uploads\/2026\/02\/modelfront-Logo-_-light-bg-rounded-2048x790.png 2048w\" sizes=\"auto, (max-width: 7774px) 100vw, 7774px\" \/><\/figure>\n\n\n\n<h3 class=\"wp-block-heading has-text-align-center has-medium-font-size\" id=\"h-ai-to-scale-translation-while-keeping-human-quality\" style=\"margin-bottom:var(--wp--preset--spacing--8);font-style:normal;font-weight:400\">KI zur Skalierung von \u00dcbersetzungen \u2013 bei gleichbleibender menschlicher Qualit\u00e4t<\/h3>\n\n\n\n<p class=\"has-text-align-center\"><a href=\"https:\/\/www.modelfront.com\" target=\"_blank\" rel=\"noreferrer noopener\">modelfront.com<\/a><\/p>\n\n\n\n<div style=\"height:40px\" aria-hidden=\"true\" class=\"wp-block-spacer\"><\/div>\n\n\n\n<p class=\"has-text-align-left\" style=\"margin-top:0;margin-bottom:var(--wp--preset--spacing--40)\"><strong><br>ModelFront ist eine KI, die KI-\u00dcbersetzungen pr\u00fcft und korrigiert und bei Bedarf menschliche Nachbearbeitung anfordert.<br><\/strong><br>Unternehmen verwenden ModelFront, um \u00dcbersetzungen zu skalieren und dabei die menschliche Qualit\u00e4t zu gew\u00e4hrleisten.<br><br>Verifizierung anstelle von ungepr\u00fcfter Generierung: Das ist der Schl\u00fcssel zum Aufbau einer Welt mit mehr Content, in mehr Sprachen, f\u00fcr mehr Menschen.<br><br>Das Einzigartige an ModelFront ist die erfolgreiche Kombination von \u201eQualit\u00e4tseinsch\u00e4tzung\u201c und \u201eautomatischer Nachbearbeitung\u201c in einer einfachen L\u00f6sung f\u00fcr gro\u00dfe \u00dcbersetzungskunden, die in der Praxis tats\u00e4chlich funktioniert.<br><br>ModelFront bietet keine manuellen menschlichen \u00dcbersetzungsdienste an.<\/p>\n\n\n\n<h2 class=\"wp-block-heading has-text-align-center\" id=\"h-services-offered\">Angebotene Dienstleistungen<\/h2>\n\n\n\n<ul class=\"wp-block-list\">\n<li>Qualit\u00e4tssch\u00e4tzung \u2013 KI zur \u00dcberpr\u00fcfung von KI-\u00dcbersetzungen, die bei Bedarf menschliche Nachbearbeitung anfordert.<\/li>\n\n\n\n<li>Automatisches Post-Editing \u2013 KI zur Korrektur von KI-\u00dcbersetzungen<\/li>\n<\/ul>\n\n\n\n<div style=\"height:15px\" aria-hidden=\"true\" class=\"wp-block-spacer\"><\/div>\n\n\n\n<div class=\"wp-block-buttons is-content-justification-center is-layout-flex wp-container-core-buttons-is-layout-a89b3969 wp-block-buttons-is-layout-flex\">\n<div class=\"wp-block-button\"><a class=\"wp-block-button__link wp-element-button\" href=\"https:\/\/phrase.com\/de\/demo\/\" target=\"_blank\" rel=\"noreferrer noopener\">Sprich uns an<\/a><\/div>\n\n\n\n<div class=\"wp-block-button is-style-black-outline\"><a class=\"wp-block-button__link has-text-align-center wp-element-button\" href=\"https:\/\/www.modelfront.com\" target=\"_blank\" rel=\"noreferrer noopener\">Website besuchen<\/a><\/div>\n<\/div>\n<\/div>\n<\/div>\n\n\n\n<div class=\"wp-block-group alignwide has-blue-10-background-color has-background has-background-images has-global-padding is-content-justification-left is-layout-constrained wp-container-core-group-is-layout-12dd3699 wp-block-group-is-layout-constrained\" style=\"background-image:url(https:\/\/phrase.com\/wp-content\/uploads\/2024\/06\/Untitled-design-6.jpg.webp);background-position:0% 0%;background-attachment:scroll;background-repeat:no-repeat;background-size:cover\"><div class=\"glide wp-block-phrase-com-testimonials\"><div class=\"glide__track\" data-glide-el=\"track\"><div class=\"glide__slides\">\t<div class=\"wp-block-phrase-com-testimonial glide__slide\">\n\t\t<div class=\"wp-block-phrase-com-testimonial__text \">\n\t\t\t<div class=\"TypographyPresentation TypographyPresentation--medium RichText3-paragraph--withVSpacingNormal RichText3-paragraph HighlightSol HighlightSol--buildingBlock\">Die Partnerschaft entwickelte sich auf nat\u00fcrliche Weise, dank der flexiblen Workflows und skalierbaren APIs von Phrase, die die Einf\u00fchrung von KI \u2013 einschlie\u00dflich menschlicher Feedback-Schleifen \u2013 vereinfachen, sowie dank der globalen Technologieunternehmen, die zu den Kunden von Phrase z\u00e4hlen und die Grenzen der Automatisierung erweitern. Ich freue mich, jetzt auch offiziell mitteilen zu k\u00f6nnen, dass die ModelFront-KI nahtlos innerhalb von Phrase arbeitet, um f\u00fcr f\u00fchrende Lokalisierungsteams der Fortune 500-Unternehmen Millionen neuer W\u00f6rter zu automatisieren \u2013 w\u00e4hrend sie gleichzeitig die menschliche Qualit\u00e4t beibeh\u00e4lt.\t\t<\/div>\n\t\t<div class=\"wp-block-phrase-com-testimonial__author\">\n\t\t\t\n\t\t\t<div class=\"wp-block-phrase-com-testimonial__author-info\">\n\t\t\t\t<img loading=\"lazy\" decoding=\"async\" width=\"300\" height=\"116\" src=\"https:\/\/phrase.com\/wp-content\/uploads\/2026\/02\/modefront-Logo-_-light-bg.png\" class=\"wp-block-phrase-com-testimonial__author-company-logo\" alt=\"Logo of ModelFront (Partner)\" srcset=\"https:\/\/phrase.com\/wp-content\/uploads\/2026\/02\/modefront-Logo-_-light-bg.png 2560w, https:\/\/phrase.com\/wp-content\/uploads\/2026\/02\/modefront-Logo-_-light-bg-300x116.png 300w, https:\/\/phrase.com\/wp-content\/uploads\/2026\/02\/modefront-Logo-_-light-bg-1024x395.png 1024w, https:\/\/phrase.com\/wp-content\/uploads\/2026\/02\/modefront-Logo-_-light-bg-768x296.png 768w, https:\/\/phrase.com\/wp-content\/uploads\/2026\/02\/modefront-Logo-_-light-bg-1536x593.png 1536w, https:\/\/phrase.com\/wp-content\/uploads\/2026\/02\/modefront-Logo-_-light-bg-2048x790.png 2048w\" sizes=\"auto, (max-width: 300px) 100vw, 300px\" \/>\n\t\t\t\t<p class=\"wp-block-phrase-com-testimonial__author-name\">\n\t\t\t\t\tAdam Bittlingmayer\t\t\t\t<\/p>\n\n\t\t\t\t<p class=\"wp-block-phrase-com-testimonial__author-title\">\n\t\t\t\t\tCEO, ModelFront\t\t\t\t<\/p>\n\t\t\t<\/div>\n\t\t<\/div>\n\t<\/div>\n\t<\/div><\/div><\/div><\/div>\n\n\n\n<div class=\"wp-block-group alignwide has-yellow-background-color has-background has-global-padding is-layout-constrained wp-block-group-is-layout-constrained\" style=\"margin-top:var(--wp--preset--spacing--56)\">\n<div class=\"wp-block-group is-vertical is-content-justification-center is-layout-flex wp-container-core-group-is-layout-ce155fab wp-block-group-is-layout-flex\">\n<h2 class=\"wp-block-heading has-text-align-center\" id=\"h-discover-more-partners\">Erfahre mehr \u00fcber weitere Partner<\/h2>\n\n\n\n<p class=\"has-text-align-center\">Wir arbeiten mit f\u00fchrenden Technologieunternehmen zusammen, um sicherzustellen, dass dein Team<br>jeden Tag mehr von Phrase profitiert.<\/p>\n<\/div>\n\n\n\n<div class=\"wp-block-buttons is-content-justification-center is-layout-flex wp-container-core-buttons-is-layout-a89b3969 wp-block-buttons-is-layout-flex\">\n<div class=\"wp-block-button\"><a class=\"wp-block-button__link wp-element-button\" href=\"https:\/\/phrase.com\/de\/partners\/\" target=\"_blank\" rel=\"noreferrer noopener\">Phrase-Partnerprogramm<\/a><\/div>\n\n\n\n<div class=\"wp-block-button is-style-black-outline\"><a class=\"wp-block-button__link wp-element-button\" href=\"https:\/\/phrase.com\/de\/partners-inquiries\/\" target=\"_blank\" rel=\"noreferrer noopener\">Partner-Empfehlung<\/a><\/div>\n<\/div>\n<\/div>\n\n","protected":false},"excerpt":{"rendered":"<p>PHRASE PARTNER KI zur Skalierung von \u00dcbersetzungen \u2013 bei gleichbleibender menschlicher Qualit\u00e4t modelfront.com ModelFront ist eine KI, die KI-\u00dcbersetzungen pr\u00fcft und korrigiert und bei Bedarf menschliche Nachbearbeitung anfordert.Unternehmen verwenden ModelFront, um \u00dcbersetzungen zu skalieren und dabei die menschliche Qualit\u00e4t zu gew\u00e4hrleisten. Verifizierung anstelle von ungepr\u00fcfter Generierung: Das ist der Schl\u00fcssel zum Aufbau einer Welt mit [&hellip;]<\/p>\n","protected":false},"author":77,"featured_media":7474,"parent":56573,"menu_order":1,"comment_status":"closed","ping_status":"closed","template":"page-refresh","meta":{"_acf_changed":false,"_stopmodifiedupdate":false,"_modified_date":"","_searchwp_excluded":"","episode_type":"","audio_file":"","podmotor_file_id":"","podmotor_episode_id":"","cover_image":"","cover_image_id":"","duration":"","filesize":"","filesize_raw":"","date_recorded":"","explicit":"","block":"","itunes_episode_number":"","itunes_title":"","itunes_season_number":"","itunes_episode_type":"","footnotes":""},"class_list":["post-136992","page","type-page","status-publish","has-post-thumbnail","hentry"],"acf":[],"_links":{"self":[{"href":"https:\/\/phrase.com\/de\/wp-json\/wp\/v2\/pages\/136992","targetHints":{"allow":["GET"]}}],"collection":[{"href":"https:\/\/phrase.com\/de\/wp-json\/wp\/v2\/pages"}],"about":[{"href":"https:\/\/phrase.com\/de\/wp-json\/wp\/v2\/types\/page"}],"author":[{"embeddable":true,"href":"https:\/\/phrase.com\/de\/wp-json\/wp\/v2\/users\/77"}],"replies":[{"embeddable":true,"href":"https:\/\/phrase.com\/de\/wp-json\/wp\/v2\/comments?post=136992"}],"version-history":[{"count":4,"href":"https:\/\/phrase.com\/de\/wp-json\/wp\/v2\/pages\/136992\/revisions"}],"predecessor-version":[{"id":137016,"href":"https:\/\/phrase.com\/de\/wp-json\/wp\/v2\/pages\/136992\/revisions\/137016"}],"up":[{"embeddable":true,"href":"https:\/\/phrase.com\/de\/wp-json\/wp\/v2\/pages\/56573"}],"wp:featuredmedia":[{"embeddable":true,"href":"https:\/\/phrase.com\/de\/wp-json\/wp\/v2\/media\/7474"}],"wp:attachment":[{"href":"https:\/\/phrase.com\/de\/wp-json\/wp\/v2\/media?parent=136992"}],"curies":[{"name":"wp","href":"https:\/\/api.w.org\/{rel}","templated":true}]}}