{"id":137252,"date":"2026-02-26T10:47:15","date_gmt":"2026-02-26T09:47:15","guid":{"rendered":"https:\/\/phrase.com\/braze\/"},"modified":"2026-03-10T21:49:46","modified_gmt":"2026-03-10T20:49:46","slug":"braze","status":"publish","type":"page","link":"https:\/\/phrase.com\/de\/integrations\/braze\/","title":{"rendered":"Braze"},"content":{"rendered":"\n<div class=\"wp-block-group alignwide is-style-header-hero has-white-color has-white-background-color has-text-color has-background has-link-color has-background-images wp-elements-342aef4d4ff414d9ba0d1e22c222f319 is-layout-flow wp-block-group-is-layout-flow\" style=\"padding-top:var(--wp--preset--spacing--110);padding-bottom:var(--wp--preset--spacing--110);background-image:url(https:\/\/phrase.com\/wp-content\/uploads\/2025\/07\/phrase-header-purple.jpg.webp);background-position:0% 100%;background-attachment:scroll;background-repeat:no-repeat;background-size:cover\">\n<div class=\"wp-block-group has-global-padding is-content-justification-left is-layout-constrained wp-container-core-group-is-layout-19cf7228 wp-block-group-is-layout-constrained\"><div class=\"yoast-breadcrumbs\"><span><span><a href=\"https:\/\/phrase.com\/de\/\">Home<\/a><\/span> | <span><a href=\"https:\/\/phrase.com\/de\/integrations\/\">Integrationen<\/a><\/span> | <span class=\"breadcrumb_last\" aria-current=\"page\">Braze<\/span><\/span><\/div>\n\n\n<h2 class=\"wp-block-heading has-text-align-left has-gigantic-font-size\" id=\"h-email-translation-made-easy\" style=\"font-style:normal;font-weight:400\">E-Mail-\u00dcbersetzung leicht gemacht<\/h2>\n\n\n\n<div class=\"wp-block-group has-global-padding is-content-justification-left is-layout-constrained wp-container-core-group-is-layout-12dd3699 wp-block-group-is-layout-constrained\">\n<p class=\"has-text-align-left\">Phrase bietet die einzige Braze-Integration, mit der du E-Mail-Content direkt zur \u00dcbersetzung senden kannst \u2013 ganz ohne manuellen Vorbereitungsaufwand.<\/p>\n<\/div>\n\n\n\n<div class=\"wp-block-buttons is-content-justification-left is-layout-flex wp-container-core-buttons-is-layout-fc4fd283 wp-block-buttons-is-layout-flex\">\n<div class=\"wp-block-button is-style-purple-filled\"><a class=\"wp-block-button__link wp-element-button\" href=\"https:\/\/phrase.com\/de\/demo\/\" target=\"_blank\" rel=\"noreferrer noopener\">Demo vereinbaren<\/a><\/div>\n<\/div>\n<\/div>\n<\/div>\n\n\n\n<div style=\"height:0px\" aria-hidden=\"true\" class=\"wp-block-spacer\"><\/div>\n\n\n\n<div class=\"wp-block-group alignwide has-blue-10-background-color has-background has-background-images has-global-padding is-layout-constrained wp-block-group-is-layout-constrained\" style=\"margin-top:var(--wp--preset--spacing--10);background-image:url(https:\/\/phrase.com\/wp-content\/uploads\/2024\/03\/svgexport-1-2.svg);background-position:100% 30%;background-attachment:scroll;background-repeat:no-repeat;background-size:auto\">\n<div class=\"wp-block-group alignwide is-layout-flow wp-block-group-is-layout-flow\">\n<h2 class=\"wp-block-heading has-text-align-left\" id=\"h-enjoy-higher-email-performance-and-customer-engagement\">Bessere E-Mail-Performance und Kundenbindung<\/h2>\n\n\n\n<div class=\"wp-block-group alignwide has-global-padding is-layout-constrained wp-block-group-is-layout-constrained\" style=\"margin-top:var(--wp--preset--spacing--10)\">\n<div class=\"wp-block-group alignwide is-layout-flow wp-block-group-is-layout-flow\">\n<p class=\"has-text-align-left\">Lokalisierte E-Mails bringen bessere Ergebnisse \u2013 das wissen wir alle. Dennoch lokalisieren viele E-Mail-Vermarkter ihre E-Mails nicht durchgehend, weil ihnen der manuelle Aufwand zu hoch ist. Hier kommt die Braze-Integration von Phrase ins Spiel, die manuelle Vorbereitungsaufgaben \u00fcberfl\u00fcssig macht und eine vollst\u00e4ndige E-Mail-Lokalisierung erlaubt.<\/p>\n<\/div>\n<\/div>\n<\/div>\n<\/div>\n\n\n\n<div class=\"wp-block-columns alignwide are-vertically-aligned-center media-text-columns media-text-columns--media-left is-layout-flex wp-container-core-columns-is-layout-28f84493 wp-block-columns-is-layout-flex\">\n<div class=\"wp-block-column is-vertically-aligned-center is-layout-flow wp-block-column-is-layout-flow\" style=\"flex-basis:57.2131147541%\">\n<figure class=\"wp-block-image size-full\"><img loading=\"lazy\" decoding=\"async\" width=\"1398\" height=\"838\" src=\"https:\/\/phrase.com\/wp-content\/uploads\/2026\/02\/Phrase-Braze-integration.jpg\" alt=\"Mobiltelefon, das eine lokalisierte E-Mail mit mehreren internationalen Flaggen anzeigt, die die Integration der E-Mail-Lokalisierung von Phrase und Braze symbolisieren.\" class=\"wp-image-136252\" srcset=\"https:\/\/phrase.com\/wp-content\/uploads\/2026\/02\/Phrase-Braze-integration.jpg 1398w, https:\/\/phrase.com\/wp-content\/uploads\/2026\/02\/Phrase-Braze-integration-300x180.jpg 300w, https:\/\/phrase.com\/wp-content\/uploads\/2026\/02\/Phrase-Braze-integration-1024x614.jpg 1024w, https:\/\/phrase.com\/wp-content\/uploads\/2026\/02\/Phrase-Braze-integration-768x460.jpg 768w\" sizes=\"auto, (max-width: 1398px) 100vw, 1398px\" \/><\/figure>\n\n\n\n<div class=\"wp-block-buttons is-layout-flex wp-block-buttons-is-layout-flex\"><\/div>\n<\/div>\n\n\n\n<div class=\"wp-block-column is-vertically-aligned-center is-layout-flow wp-block-column-is-layout-flow\" style=\"flex-basis:41.9672131148%\">\n<h2 class=\"wp-block-heading has-extra-large-font-size\" id=\"h-localize-without-prep-effort\"><strong><strong>Lokalisierung ohne Vorbereitungsaufwand<\/strong><\/strong><\/h2>\n\n\n\n<p>Bei allen anderen Lokalisierungsintegrationen auf dem Markt muss jedes Textsegment in einer Braze-E-Mail durch Hinzuf\u00fcgen von Anfangs- und End-Tags gekennzeichnet werden. Die Integration von Phrase erfordert insgesamt nur zwei Tags: einen am Anfang und einen am Ende.<br><br>Bei einer Standard-E-Mail mit 50 Segmenten und 100 manuellen Tags bedeutet dies eine Zeitersparnis von 98\u00a0% \u2013 ein wahrer Wendepunkt der E-Mail-Lokalisierung.<\/p>\n<\/div>\n<\/div>\n\n\n\n<div class=\"wp-block-group has-global-padding is-layout-constrained wp-block-group-is-layout-constrained\">\n<h2 class=\"wp-block-heading has-text-align-center\" id=\"h-from-blockers-to-full-automation\" style=\"margin-top:var(--wp--preset--spacing--45)\">Von Blockern zur vollst\u00e4ndigen Automatisierung<\/h2>\n\n\n\n<p class=\"has-text-align-center\">\u00dcbersetze E-Mail-Texte in einem automatisierten Prozess. Deine \u00dcbersetzungs-Workflows werden in Phrase vorkonfiguriert \u2013 und sobald danach neuer Content gesendet wird, laufen sie im Hintergrund an.<\/p>\n<\/div>\n\n\n\n<div class=\"wp-block-group alignwide has-light-neutral-background-color has-background has-global-padding is-layout-constrained wp-block-group-is-layout-constrained\">\n<figure class=\"wp-block-table alignwide is-style-comparison\"><table class=\"has-fixed-layout\"><thead><tr><th>Vor Phrase<\/th><th>Mit Phrase<\/th><\/tr><\/thead><tbody><tr><td>Der hohe manuelle Aufwand zur Vorbereitung von E-Mails f\u00fcr die Lokalisierung war ein Blocker.<\/td><td>Die Braze-Integration von Phrase macht 98\u00a0% des Vorbereitungsaufwands \u00fcberfl\u00fcssig und erm\u00f6glicht eine vollst\u00e4ndige E-Mail-Lokalisierung.<\/td><\/tr><tr><td>Allgemeine, zu w\u00f6rtliche oder aus dem Kontext gerissene \u00dcbersetzungen schreckten viele Kund:innen ab.<\/td><td>Phrase AI passt die \u00dcbersetzungen an den Tonfall und die Terminologie deiner Marke an. Linguisten k\u00f6nnen den Text in einer visuellen Vorschau \u00fcberpr\u00fcfen, um sicherzustellen, dass alles an der richtigen Stelle in der E-Mail erscheint.<\/td><\/tr><tr><td>Die manuelle \u00dcbergabe an die \u00dcbersetzungsdienstleister nahm Zeit in Anspruch und f\u00fchrte zu Verz\u00f6gerungen.<\/td><td>Vollautomatisierte Workflows synchronisieren Inhalte mit Phrase, benachrichtigen deine bevorzugten Anbieter und liefern \u00dcbersetzungen zur\u00fcck, ohne dass du dich um das Projektmanagement k\u00fcmmern musst.<\/td><\/tr><tr><td>Ein isolierter E-Mail-Lokalisierungsprozess f\u00fchrte zu inkonsistenten Aussagen \u00fcber alle Kan\u00e4le hinweg (E-Mail, Support, Website).<\/td><td>Alle Lokalisierungsanforderungen sind in Phrase zentralisiert. F\u00fcr alle Inhalte werden dieselben sprachlichen Ressourcen verwendet, so dass die Kunden \u00fcber alle Kan\u00e4le hinweg Content wie in ihrer Muttersprache erhalten.<\/td><\/tr><tr><td>Nicht alle Braze-Inhalte k\u00f6nnen lokalisiert werden. Integrationen haben Einschr\u00e4nkungen und unterst\u00fctzen nicht jede Form von Content. UTM-Parameter in Links werden w\u00e4hrend der \u00dcbersetzung nicht immer beibehalten.<\/td><td>Phrase unterst\u00fctzt die Lokalisierung von Braze-E-Mails, Push-Benachrichtigungen, In-App-Nachrichten und Bannern (einschlie\u00dflich E-Mails, die mit dem Drag-and-Drop-Editor erstellt wurden) und bewahrt UTM-Parameter in Links w\u00e4hrend des \u00dcbersetzungsvorgangs.<\/td><\/tr><\/tbody><\/table><\/figure>\n<\/div>\n\n\n\n<div style=\"height:0px\" aria-hidden=\"true\" class=\"wp-block-spacer\"><\/div>\n\n\n\n<div class=\"wp-block-group alignwide has-light-neutral-background-color has-background has-global-padding is-layout-constrained wp-block-group-is-layout-constrained\">\n<h2 class=\"wp-block-heading has-text-align-center\" id=\"h-why-choose-phrase-for-braze-email-translation\">Warum Phrase f\u00fcr die \u00dcbersetzung von Braze-E-Mails?<\/h2>\n\n\n\n<div class=\"wp-block-group alignwide has-light-neutral-background-color has-background has-global-padding is-layout-constrained wp-block-group-is-layout-constrained\" style=\"margin-top:0\">\n<div class=\"wp-block-group alignwide is-layout-grid wp-container-core-group-is-layout-a7f6c222 wp-block-group-is-layout-grid\" style=\"margin-top:var(--wp--preset--spacing--45)\">\n<div class=\"wp-block-group is-vertical is-content-justification-center is-layout-flex wp-container-core-group-is-layout-5e763914 wp-block-group-is-layout-flex\">\n<figure class=\"wp-block-image size-full is-resized is-style-not-rounded\"><img loading=\"lazy\" decoding=\"async\" width=\"180\" height=\"180\" src=\"https:\/\/phrase.com\/wp-content\/uploads\/2025\/06\/Increase-Efficiency-icon.png\" alt=\"Symbol f\u00fcr Effizienzsteigerung\" class=\"wp-image-108137\" style=\"width:60px\" srcset=\"https:\/\/phrase.com\/wp-content\/uploads\/2025\/06\/Increase-Efficiency-icon.png 180w, https:\/\/phrase.com\/wp-content\/uploads\/2025\/06\/Increase-Efficiency-icon-150x150.png 150w\" sizes=\"auto, (max-width: 180px) 100vw, 180px\" \/><\/figure>\n\n\n\n<p class=\"has-text-align-center\"><strong><strong>Kein Vorbereitungsaufwand<\/strong><\/strong><\/p>\n\n\n\n<p class=\"has-text-align-center\">Sende E-Mail-Texte zur \u00dcbersetzung in Sekundenschnelle \u2013 ohne Braze zu verlassen.<\/p>\n<\/div>\n\n\n\n<div class=\"wp-block-group is-vertical is-content-justification-center is-layout-flex wp-container-core-group-is-layout-5e763914 wp-block-group-is-layout-flex\">\n<figure class=\"wp-block-image size-full is-resized is-style-not-rounded\"><img loading=\"lazy\" decoding=\"async\" width=\"72\" height=\"72\" src=\"https:\/\/phrase.com\/wp-content\/uploads\/2025\/07\/sliders.svg\" alt=\"\" class=\"wp-image-110295\" style=\"width:60px\" \/><\/figure>\n\n\n\n<p class=\"has-text-align-center\"><strong>KI-\u00dcbersetzungen nach Ma\u00df<\/strong><\/p>\n\n\n\n<p class=\"has-text-align-center\">Passe \u00dcbersetzungen mithilfe der neuesten KI an die Stimme deiner Marke an.<\/p>\n<\/div>\n\n\n\n<div class=\"wp-block-group is-vertical is-content-justification-center is-layout-flex wp-container-core-group-is-layout-5e763914 wp-block-group-is-layout-flex\">\n<figure class=\"wp-block-image size-full is-resized is-style-not-rounded\"><img loading=\"lazy\" decoding=\"async\" width=\"72\" height=\"72\" src=\"https:\/\/phrase.com\/wp-content\/uploads\/2025\/07\/dataflow-1.svg\" alt=\"\" class=\"wp-image-110270\" style=\"width:60px\" \/><\/figure>\n\n\n\n<p class=\"has-text-align-center\"><strong>Automatisierte Workflows<\/strong><\/p>\n\n\n\n<p class=\"has-text-align-center\">Keine \u00dcbergaben oder Projektmanagement. Vorkonfigurierte Workflows laufen im Hintergrund, wann immer neue Inhalte eintreffen.<\/p>\n<\/div>\n\n\n\n<div class=\"wp-block-group is-vertical is-content-justification-center is-layout-flex wp-container-core-group-is-layout-5e763914 wp-block-group-is-layout-flex\">\n<figure class=\"wp-block-image size-full is-resized is-style-not-rounded\"><img loading=\"lazy\" decoding=\"async\" width=\"72\" height=\"72\" src=\"https:\/\/phrase.com\/wp-content\/uploads\/2025\/07\/file-1.svg\" alt=\"\" class=\"wp-image-110350\" style=\"width:60px\" \/><\/figure>\n\n\n\n<p class=\"has-text-align-center\"><strong><strong>Visuelle Vorschau<\/strong><\/strong><\/p>\n\n\n\n<p class=\"has-text-align-center\">\u00dcbersetzende finden im CAT-Editor eine kontextbezogene Vorschau. Damit l\u00e4sst sich sicherstellen, dass jede \u00dcbersetzung genau an die Stelle passt, an der sie erscheint.<\/p>\n<\/div>\n<\/div>\n<\/div>\n<\/div>\n\n\n<!--presto-player:video_id=99--><figure class=\"wp-block-video presto-block-video  presto-provider-youtube\" style=\"--plyr-color-main: var(--presto-player-highlight-color, #03eab3); --plyr-captions-background: #000000; --presto-player-logo-width: 50px; \">\n    <presto-player  id=\"presto-player-1\" src=\"\/\/www.youtube.com\/embed\/VN8SCD1Dgwg?iv_load_policy=3&amp;modestbranding=1&amp;playinline=1&amp;showinfo=0&amp;rel=0&amp;enablejsapi=1\" media-title=\"Phrase Demo: New Braze integration\" css=\"\" class=\"presto-video-id-99 presto-preset-id-6 skin-default caption-style-default is-style-video-gradient-purple\" skin=\"default\" icon-url=\"https:\/\/phrase.com\/wp-content\/plugins\/presto-player\/img\/sprite.svg\" preload=\"\" poster=\"\" playsinline  >\n        \n    <div class=\"presto-iframe-fallback-container\">\n        <iframe style=\"width: 100%\" title=\"Youtube Video\" class=\"presto-fallback-iframe\" id=\"presto-iframe-fallback-1\" data-src=\"https:\/\/www.youtube.com\/embed\/VN8SCD1Dgwg?iv_load_policy=3&amp;modestbranding=1&amp;playsinline=1&amp;showinfo=0&amp;rel=0&amp;enablejsapi=1\" allowfullscreen allowtransparency allow=\"autoplay\"><\/iframe>\n    <\/div>\n\n    <\/presto-player>\n<\/figure>\t\t<script>\n\t\t\tvar player = document.querySelector('presto-player#presto-player-1');\n\t\t\tplayer.video_id = 99;\n\t\t\t\t\t\t\t\t\t\t\t\tplayer.preset = {\"id\":6,\"name\":\"Phrase preset\",\"slug\":\"phrase-preset\",\"icon\":\"\",\"skin\":\"default\",\"play-large\":false,\"rewind\":false,\"play\":true,\"fast-forward\":false,\"progress\":true,\"current-time\":true,\"mute\":true,\"volume\":true,\"speed\":true,\"pip\":false,\"fullscreen\":true,\"captions\":false,\"reset_on_end\":false,\"auto_hide\":true,\"captions_enabled\":false,\"save_player_position\":false,\"sticky_scroll\":false,\"sticky_scroll_position\":\"\",\"on_video_end\":\"loop\",\"play_video_viewport\":false,\"hide_youtube\":true,\"lazy_load_youtube\":false,\"hide_logo\":true,\"border_radius\":0,\"caption_style\":\"default\",\"caption_background\":\"#000000\",\"is_locked\":false,\"cta\":{\"enabled\":false,\"percentage\":100,\"show_rewatch\":true,\"show_skip\":true,\"headline\":\"\",\"bottom_text\":\"\",\"show_button\":true,\"button_text\":\"\",\"button_color\":\"\",\"button_text_color\":\"\",\"background_opacity\":0,\"button_link\":{\"id\":\"\",\"url\":\"\",\"type\":\"\",\"opensInNewTab\":false},\"button_radius\":0},\"watermark\":{\"enabled\":false,\"text\":\"\",\"backgroundColor\":\"\",\"color\":\"\",\"opacity\":0,\"position\":\"\"},\"search\":{\"enabled\":false,\"minMatchCharLength\":1,\"threshold\":0.3,\"placeholder\":\"Search\"},\"email_collection\":{\"enabled\":false,\"behavior\":\"pause\",\"percentage\":0,\"allow_skip\":false,\"provider\":\"\",\"provider_list\":\"\",\"provider_tag\":\"\",\"border_radius\":0,\"headline\":\"\",\"bottom_text\":\"\",\"button_text\":\"\",\"button_color\":\"\",\"button_text_color\":\"\"},\"action_bar\":{\"enabled\":false,\"percentage_start\":0,\"text\":\"Like this?\",\"background_color\":\"\",\"button_type\":\"none\",\"button_count\":false,\"button_text\":\"Click Here\",\"button_radius\":0,\"button_color\":\"\",\"button_text_color\":\"\",\"button_link\":{\"id\":\"\",\"url\":\"\",\"type\":\"\",\"opensInNewTab\":false}},\"created_by\":27,\"created_at\":\"2023-11-17 15:06:29\",\"updated_at\":\"2024-02-01 21:11:53\",\"deleted_at\":\"\",\"show_time_elapsed\":false};\n\t\t\t\t\t\t\t\t\t\t\t\t\t\t\t\tplayer.chapters = [];\n\t\t\t\t\t\t\t\t\t\t\t\t\t\t\t\tplayer.overlays = [];\n\t\t\t\t\t\t\t\t\t\t\t\t\t\t\t\tplayer.tracks = [];\n\t\t\t\t\t\t\t\t\t\t\t\t\t\t\t\tplayer.branding = {\"color\":\"#03eab3\",\"logo_width\":50,\"player_css\":\"\"};\n\t\t\t\t\t\t\t\t\t\t\t\t\t\t\t\tplayer.blockAttributes = {\"playsInline\":true,\"id\":99,\"src\":\"https:\\\/\\\/www.youtube.com\\\/watch?v=VN8SCD1Dgwg\",\"preset\":6,\"video_id\":\"VN8SCD1Dgwg\",\"className\":\"is-style-video-gradient-purple\",\"title\":\"Phrase Demo: New Braze integration\"};\n\t\t\t\t\t\t\t\t\t\t\t\t\t\t\t\t\t\t\t\t\t\t\tplayer.skin = \"default\";\n\t\t\t\t\t\t\t\t\t\t\t\t\t\t\t\tplayer.analytics = true;\n\t\t\t\t\t\t\t\t\t\t\t\t\t\t\t\tplayer.automations = true;\n\t\t\t\t\t\t\t\t\t\t\t\t\t\t\t\tplayer.provider = \"youtube\";\n\t\t\t\t\t\t\t\t\t\t\t\t\t\t\t\tplayer.video_id = 99;\n\t\t\t\t\t\t\t\t\t\t\t\t\t\t\t\t\t\t\t\t\t\t\t\t\t\t\t\t\t\tplayer.provider_video_id = \"VN8SCD1Dgwg\";\n\t\t\t\t\t\t\t\t\t\t\t\t\t\t\t\tplayer.youtube = {\"noCookie\":false,\"channelId\":\"\",\"show_count\":false};\n\t\t\t\t\t\t\t\t\t<\/script>\n\t\t\n\n\n<div class=\"wp-block-group alignwide has-phrase-green-background-color has-background has-background-images has-global-padding is-content-justification-left is-layout-constrained wp-container-core-group-is-layout-12dd3699 wp-block-group-is-layout-constrained\" style=\"background-image:url(https:\/\/phrase.com\/wp-content\/uploads\/2025\/07\/woman-ipad-background.jpg.webp);background-position:0% 0%;background-attachment:scroll;background-repeat:no-repeat;background-size:cover\"><div class=\"glide wp-block-phrase-com-testimonials\"><div class=\"glide__track\" data-glide-el=\"track\"><div class=\"glide__slides\">\t<div class=\"wp-block-phrase-com-testimonial glide__slide\">\n\t\t<div class=\"wp-block-phrase-com-testimonial__text \">\n\t\t\tEin globales E-Commerce-Unternehmen wechselte von der manuellen E-Mail-Lokalisierung zur Braze-Integration von Phrase und sparte so 20-30 Minuten pro E-Mail (gesch\u00e4tzte 115 Stunden pro Jahr). Die in Phrase integrierte visuelle Vorschau verbesserte die \u00dcbersetzungsqualit\u00e4t, da die \u00dcbersetzenden jetzt den Text im Kontext \u00fcberpr\u00fcfen k\u00f6nnen, was Fehler und Nacharbeit reduziert. Diese Verbesserungen haben es dem Unternehmen erm\u00f6glicht, die Lokalisierung von Braze-Content in acht neue Sprachen zu planen.\t\t<\/div>\n\t\t<div class=\"wp-block-phrase-com-testimonial__author\">\n\t\t\t\n\t\t\t<div class=\"wp-block-phrase-com-testimonial__author-info\">\n\t\t\t\t\n\t\t\t\t<p class=\"wp-block-phrase-com-testimonial__author-name\">\n\t\t\t\t\t\t\t\t\t<\/p>\n\n\t\t\t\t<p class=\"wp-block-phrase-com-testimonial__author-title\">\n\t\t\t\t\t\t\t\t\t<\/p>\n\t\t\t<\/div>\n\t\t<\/div>\n\t<\/div>\n\t<\/div><\/div><\/div><\/div>\n\n\n\n<div style=\"height:4px\" aria-hidden=\"true\" class=\"wp-block-spacer\"><\/div>\n\n\n\n<h2 class=\"wp-block-heading has-text-align-center\" id=\"h-faqs-about-the-phrase-braze-integration\" style=\"margin-top:0\"><strong>H\u00e4ufige Fragen (FAQ) zur Phrase-Integration in Braze<\/strong><\/h2>\n\n\n\n<div class=\"wp-block-wearerequired-accordion alignwide\">\n<div id=\"acc-wie-kann-ich-braze-e-mails-mit-visuellem-kontext-uebersetzen\" tabindex=\"-1\" class=\"wp-block-wearerequired-accordion-section\">\n<h3 class=\"wp-block-wearerequired-accordion-heading\"><span aria-hidden=\"true\" class=\"wp-block-wearerequired-accordion-heading__icon\"><\/span><span class=\"wp-block-wearerequired-accordion-heading__text\">Wie kann ich Braze-E-Mails mit visuellem Kontext \u00fcbersetzen?<\/span><\/h3>\n\n\n\n<div class=\"wp-block-wearerequired-accordion-content is-layout-flow wp-block-wearerequired-accordion-content-is-layout-flow\">\n<p>Die Integration von Phrase in Braze bietet eine visuelle Vorschau von HTML-E-Mails innerhalb des Phrase CAT-Editors. Wenn du eine E-Mail an Phrase zur \u00dcbersetzung sendest, k\u00f6nnen Linguisten genau sehen, wie der Inhalt im Layout erscheint, einschlie\u00dflich Formatierung und Struktur. Dadurch wird sichergestellt, dass die \u00dcbersetzungen korrekt und markenkonform sind und sich genau in das Design einf\u00fcgen, bevor sie zur\u00fcck nach Braze exportiert werden.<\/p>\n<\/div>\n<\/div>\n\n\n\n<div id=\"acc-welche-arten-von-braze-content-koennen-mit-phrase-uebersetzt-werden\" tabindex=\"-1\" class=\"wp-block-wearerequired-accordion-section\">\n<h3 class=\"wp-block-wearerequired-accordion-heading\"><span aria-hidden=\"true\" class=\"wp-block-wearerequired-accordion-heading__icon\"><\/span><span class=\"wp-block-wearerequired-accordion-heading__text\">Welche Arten von Braze-Content k\u00f6nnen mit Phrase \u00fcbersetzt werden?<\/span><\/h3>\n\n\n\n<div class=\"wp-block-wearerequired-accordion-content is-layout-flow wp-block-wearerequired-accordion-content-is-layout-flow\">\n<p>Die Integration unterst\u00fctzt E-Mails, E-Mail-Vorlagen, In-App-Nachrichten, Push-Benachrichtigungen, Banner, Content-Bl\u00f6cke und Content Cards. Sie ist in Braze Campaigns und Canvases integriert und unterst\u00fctzt sowohl den Drag-and-Drop-Editor als auch den HTML-Editor.<\/p>\n<\/div>\n<\/div>\n\n\n\n<div id=\"acc-wie-richte-ich-die-braze-integration-ein\" tabindex=\"-1\" class=\"wp-block-wearerequired-accordion-section\">\n<h3 class=\"wp-block-wearerequired-accordion-heading\"><span aria-hidden=\"true\" class=\"wp-block-wearerequired-accordion-heading__icon\"><\/span><span class=\"wp-block-wearerequired-accordion-heading__text\">Wie richte ich die Braze-Integration ein?<\/span><\/h3>\n\n\n\n<div class=\"wp-block-wearerequired-accordion-content is-layout-flow wp-block-wearerequired-accordion-content-is-layout-flow\">\n<p>Um die Integration einzurichten, ben\u00f6tigst du ein Phrase-Konto mit dem Braze Integration-Add-on, einen Braze REST API-Key mit den passenden Berechtigungen und deinen Braze REST-Endpunkt.. Nachdem du die mehrsprachigen Einstellungen in Braze konfiguriert hast, verbindest du Braze mit Phrase TMS und testest die Verbindung, bevor du Inhalte zum \u00dcbersetzen importierst. <a href=\"https:\/\/support.phrase.com\/hc\/de\/articles\/7765050212380-Braze-TMS\" target=\"_blank\" rel=\"noreferrer noopener\">Weitere Details findest du hier.<\/a><\/p>\n<\/div>\n<\/div>\n\n\n\n<div id=\"acc-wie-kann-ich-e-mails-und-anderen-marketing-content-mit-phrase-lokalisieren\" tabindex=\"-1\" class=\"wp-block-wearerequired-accordion-section\">\n<h3 class=\"wp-block-wearerequired-accordion-heading\"><span aria-hidden=\"true\" class=\"wp-block-wearerequired-accordion-heading__icon\"><\/span><span class=\"wp-block-wearerequired-accordion-heading__text\"><br>Wie kann ich E-Mails und anderen Marketing-Content mit Phrase lokalisieren?<\/span><\/h3>\n\n\n\n<div class=\"wp-block-wearerequired-accordion-content is-layout-flow wp-block-wearerequired-accordion-content-is-layout-flow\">\n<p>Phrase unterst\u00fctzt Marketingteams bei der Lokalisierung von E-Mails, Landing Pages, In-App-Nachrichten, Push-Benachrichtigungen und anderen Marketingelementen in gro\u00dfem Umfang. Mit automatisierten Workflows, KI-gest\u00fctzten \u00dcbersetzungen, die auf deine Marke zugeschnitten sind, und optionalen menschlichen Pr\u00fcfprozessen kannst du die Lokalisierung globaler Kampagnen optimieren und die Markteinf\u00fchrungszeit verk\u00fcrzen. <a href=\"https:\/\/phrase.com\/de\/solutions\/marketing-content-and-campaign-localization\/\" target=\"_blank\" rel=\"noreferrer noopener\">Mehr \u00fcber die Lokalisierung von Marketing-Content und Kampagnen<\/a>.<\/p>\n<\/div>\n<\/div>\n<\/div>\n\n\n\n<div class=\"wp-block-group alignwide has-black-color has-yellow-background-color has-text-color has-background has-link-color wp-elements-292792f6be072ff9eff20462795110a6 has-global-padding is-layout-constrained wp-block-group-is-layout-constrained\" style=\"margin-top:var(--wp--preset--spacing--56)\">\n<h2 class=\"wp-block-heading has-text-align-center\" id=\"h-want-to-find-out-more\">Willst du mehr erfahren?<\/h2>\n\n\n\n<p class=\"has-text-align-center\">Sprich eine gr\u00f6\u00dfere Zielgruppe an und verbessere die Kundenbindung.<\/p>\n\n\n\n<div class=\"wp-block-buttons is-content-justification-center is-layout-flex wp-container-core-buttons-is-layout-a89b3969 wp-block-buttons-is-layout-flex\">\n<div class=\"wp-block-button is-style-default\"><a class=\"wp-block-button__link wp-element-button\" href=\"https:\/\/phrase.com\/de\/demo\/\" target=\"_blank\" rel=\"noreferrer noopener\">Demo vereinbaren<\/a><\/div>\n\n\n\n<div class=\"wp-block-button is-style-black-outline\"><a class=\"wp-block-button__link wp-element-button\" href=\"https:\/\/phrase.com\/de\/pricing\/\" target=\"_blank\" rel=\"noreferrer noopener\">Preise anzeigen<\/a><\/div>\n<\/div>\n<\/div>\n\n","protected":false},"excerpt":{"rendered":"<p>E-Mail-\u00dcbersetzung leicht gemacht Phrase bietet die einzige Braze-Integration, mit der du E-Mail-Content direkt zur \u00dcbersetzung senden kannst \u2013 ganz ohne manuellen Vorbereitungsaufwand. Bessere E-Mail-Performance und Kundenbindung Lokalisierte E-Mails bringen bessere Ergebnisse \u2013 das wissen wir alle. Dennoch lokalisieren viele E-Mail-Vermarkter ihre E-Mails nicht durchgehend, weil ihnen der manuelle Aufwand zu hoch ist. Hier kommt die [&hellip;]<\/p>\n","protected":false},"author":77,"featured_media":136252,"parent":31701,"menu_order":0,"comment_status":"closed","ping_status":"closed","template":"page-refresh","meta":{"_acf_changed":false,"_stopmodifiedupdate":false,"_modified_date":"","_searchwp_excluded":"","episode_type":"","audio_file":"","podmotor_file_id":"","podmotor_episode_id":"","cover_image":"","cover_image_id":"","duration":"","filesize":"","filesize_raw":"","date_recorded":"","explicit":"","block":"","itunes_episode_number":"","itunes_title":"","itunes_season_number":"","itunes_episode_type":"","footnotes":""},"class_list":["post-137252","page","type-page","status-publish","has-post-thumbnail","hentry"],"acf":[],"_links":{"self":[{"href":"https:\/\/phrase.com\/de\/wp-json\/wp\/v2\/pages\/137252","targetHints":{"allow":["GET"]}}],"collection":[{"href":"https:\/\/phrase.com\/de\/wp-json\/wp\/v2\/pages"}],"about":[{"href":"https:\/\/phrase.com\/de\/wp-json\/wp\/v2\/types\/page"}],"author":[{"embeddable":true,"href":"https:\/\/phrase.com\/de\/wp-json\/wp\/v2\/users\/77"}],"replies":[{"embeddable":true,"href":"https:\/\/phrase.com\/de\/wp-json\/wp\/v2\/comments?post=137252"}],"version-history":[{"count":3,"href":"https:\/\/phrase.com\/de\/wp-json\/wp\/v2\/pages\/137252\/revisions"}],"predecessor-version":[{"id":137288,"href":"https:\/\/phrase.com\/de\/wp-json\/wp\/v2\/pages\/137252\/revisions\/137288"}],"up":[{"embeddable":true,"href":"https:\/\/phrase.com\/de\/wp-json\/wp\/v2\/pages\/31701"}],"wp:featuredmedia":[{"embeddable":true,"href":"https:\/\/phrase.com\/de\/wp-json\/wp\/v2\/media\/136252"}],"wp:attachment":[{"href":"https:\/\/phrase.com\/de\/wp-json\/wp\/v2\/media?parent=137252"}],"curies":[{"name":"wp","href":"https:\/\/api.w.org\/{rel}","templated":true}]}}