{"id":141472,"date":"2026-03-17T06:22:56","date_gmt":"2026-03-17T05:22:56","guid":{"rendered":"https:\/\/phrase.com\/taus-2\/"},"modified":"2026-04-27T16:19:40","modified_gmt":"2026-04-27T14:19:40","slug":"taus","status":"publish","type":"page","link":"https:\/\/phrase.com\/de\/partners\/taus\/","title":{"rendered":"TAUS"},"content":{"rendered":"\n<div class=\"wp-block-group alignfull is-style-copy has-transparent-background-color has-background has-global-padding is-content-justification-center is-layout-constrained wp-block-group-is-layout-constrained\" style=\"padding-top:var(--wp--preset--spacing--10);padding-bottom:var(--wp--preset--spacing--10)\">\n<div class=\"wp-block-group alignwide has-global-padding is-content-justification-center is-layout-constrained wp-container-core-group-is-layout-cefc1864 wp-block-group-is-layout-constrained\" style=\"padding-left:var(--wp--preset--spacing--56)\">\n<p class=\"has-text-align-center has-blue-color has-text-color has-link-color wp-elements-fc4e1ddc0d74cbc314743c9090e21a46\">PHRASE PARTNER<\/p>\n\n\n\n<figure class=\"wp-block-image aligncenter size-full is-resized is-style-not-rounded\"><img loading=\"lazy\" decoding=\"async\" width=\"1000\" height=\"173\" src=\"https:\/\/phrase.com\/wp-content\/uploads\/2026\/03\/Taus_Logo_Final-1.svg\" alt=\"\" class=\"wp-image-137082\" style=\"width:276px;height:auto\" \/><\/figure>\n\n\n\n<div style=\"height:20px\" aria-hidden=\"true\" class=\"wp-block-spacer\"><\/div>\n\n\n\n<h3 class=\"wp-block-heading has-text-align-center has-medium-font-size\" id=\"h-your-ai-quality-companion\" style=\"margin-bottom:var(--wp--preset--spacing--8);font-style:normal;font-weight:400\">Dein KI-Qualit\u00e4tsbegleiter<\/h3>\n\n\n\n<p class=\"has-text-align-center\"><a href=\"https:\/\/www.taus.net\/\" target=\"_blank\" rel=\"noreferrer noopener\">taus.net<\/a><\/p>\n\n\n\n<div style=\"height:60px\" aria-hidden=\"true\" class=\"wp-block-spacer\"><\/div>\n\n\n\n<p class=\"has-text-align-center\" style=\"margin-top:0;margin-bottom:var(--wp--preset--spacing--40)\"><strong><br><\/strong>TAUS wurde als unabh\u00e4ngiger Thinktank f\u00fcr die Lokalisierungsbranche und verf\u00fcgt \u00fcber zwei Jahrzehnte Erfahrung im Bereich der Verbesserung der \u00dcbersetzungsqualit\u00e4t durch Forschung, Benchmarking und Sprachtechnologie.<\/p>\n\n\n\n<p class=\"has-text-align-center\" style=\"margin-top:0;margin-bottom:var(--wp--preset--spacing--40)\">Heute kombinieren wir linguistische Expertise, Sprachdaten und KI-gesteuerte Tools, um Unternehmen und Sprachdienstleistern zu helfen, mehrsprachige Inhalte mit Vertrauen und Effizienz zu liefern.<\/p>\n\n\n\n<h2 class=\"wp-block-heading has-text-align-center\" id=\"h-core-capabilities\"><strong>Kernf\u00e4higkeiten<\/strong><\/h2>\n\n\n\n<ul class=\"wp-block-list\">\n<li><strong>Pipeline f\u00fcr kontinuierliches Lernen und Retraining:<\/strong><br>Die EPIC-F\u00e4higkeiten werden kontinuierlich durch die Integration neuer Trainingsdaten, Unterst\u00fctzung f\u00fcr zus\u00e4tzliche Sprachen und Verfeinerungen verbessert, basierend auf sich entwickelnden Anwendungsf\u00e4llen und Kundenbed\u00fcrfnissen.<\/li>\n\n\n\n<li><strong>Propriet\u00e4re QE-Modelle, die auf kuratierten TAUS-Daten trainiert wurden:<\/strong><br>Entwickelt mit gro\u00dfen Mengen hochwertiger \u00dcbersetzungsdaten aus dem umfangreichen mehrsprachigen Repository von TAUS, das Qualit\u00e4tsbewertungen liefert, welche eng mit den Benchmarks der menschlichen Bewertung \u00fcbereinstimmen.<\/li>\n\n\n\n<li><strong>Benutzerdefinierte Modellanpassung und -training:<\/strong> TAUS kann Modelle f\u00fcr bestimmte Sprachen, Fachbereiche, Inhaltstypen oder Markenstandards mit deinen eigenen Daten feinabstimmen. Automatisierte Pipelines f\u00fcr Datenvorbereitung, Training und Benchmarking erm\u00f6glichen eine schnelle und effiziente Lieferung mit minimalem manuellem Aufwand.<\/li>\n\n\n\n<li><strong>Vertrauensindex, kalibriert f\u00fcr jedes Sprachpaar:<\/strong><br>TAUS bietet f\u00fcr jedes Sprachpaar angepasste Vertrauenswerte, die Kunden dabei unterst\u00fctzen, Qualit\u00e4tsschwellenwerte zu kalibrieren und gleichzeitig die Kompromisse zwischen Risiko und Kosteneinsparungen zu verstehen. Dies erm\u00f6glicht fundiertere Entscheidungen dar\u00fcber, wann maschinell \u00fcbersetzte Inhalte akzeptiert, \u00fcberpr\u00fcft oder nachbearbeitet werden sollten.<\/li>\n<\/ul>\n<\/div>\n<\/div>\n\n\n\n<div class=\"wp-block-group has-global-padding is-layout-constrained wp-block-group-is-layout-constrained\">\n<h2 class=\"wp-block-heading has-text-align-center\" id=\"h-services-offered\">Angebotene Dienstleistungen<\/h2>\n\n\n\n<ul class=\"wp-block-list\">\n<li>Qualit\u00e4tseinsch\u00e4tzung<\/li>\n\n\n\n<li>Automatisiertes Post-Editing<\/li>\n\n\n\n<li>Entwicklung benutzerdefinierter QE-Modelle<\/li>\n\n\n\n<li>NLP-Beratung<\/li>\n<\/ul>\n<\/div>\n\n\n\n<div class=\"wp-block-buttons is-content-justification-center is-layout-flex wp-container-core-buttons-is-layout-a89b3969 wp-block-buttons-is-layout-flex\">\n<div class=\"wp-block-button\"><a class=\"wp-block-button__link wp-element-button\" href=\"https:\/\/phrase.com\/de\/demo\/\" target=\"_blank\" rel=\"noreferrer noopener\">Sprich uns an<\/a><\/div>\n\n\n\n<div class=\"wp-block-button is-style-black-outline\"><a class=\"wp-block-button__link has-text-align-center wp-element-button\" href=\"https:\/\/www.taus.net\/\" target=\"_blank\" rel=\"noreferrer noopener\">Website besuchen<\/a><\/div>\n<\/div>\n\n\n\n<div class=\"wp-block-group alignwide has-blue-10-background-color has-background has-background-images has-global-padding is-content-justification-left is-layout-constrained wp-container-core-group-is-layout-12dd3699 wp-block-group-is-layout-constrained\" style=\"background-image:url(https:\/\/phrase.com\/wp-content\/uploads\/2024\/06\/Untitled-design-6.jpg.webp);background-position:0% 0%;background-attachment:scroll;background-repeat:no-repeat;background-size:cover\"><div class=\"glide wp-block-phrase-com-testimonials\"><div class=\"glide__track\" data-glide-el=\"track\"><div class=\"glide__slides\">\t<div class=\"wp-block-phrase-com-testimonial glide__slide\">\n\t\t<div class=\"wp-block-phrase-com-testimonial__text \">\n\t\t\t<p data-pm-slice=\"1 1 []\">Unsere Integration mit Phrase stellt einen entscheidenden Schritt dar, um automatisierte Qualit\u00e4tsevaluation und Post-Editing-Funktionen mit einer erstklassigen Lokalisierungsplattform zu vereinen. Durch die Integration von EPIC QE und APE direkt in das Phrase-\u00d6kosystem erm\u00f6glichen wir dir, eine h\u00f6here \u00dcbersetzungsqualit\u00e4t, schnellere Bearbeitungszeiten und nahtlose Workflows in gro\u00dfem Ma\u00dfstab zu erreichen. Diese Partnerschaft spiegelt unser gemeinsames Engagement f\u00fcr offene \u00d6kosysteme und kundenorientierte Innovation wider und gibt globalen Teams die Tools an die Hand, die sie ben\u00f6tigen, um wirkungsvollen, einheitlichen Content \u00fcber Sprachen und M\u00e4rkte hinweg zu liefern.<\/p>\t\t<\/div>\n\t\t<div class=\"wp-block-phrase-com-testimonial__author\">\n\t\t\t\n\t\t\t<div class=\"wp-block-phrase-com-testimonial__author-info\">\n\t\t\t\t<img loading=\"lazy\" decoding=\"async\" width=\"1000\" height=\"173\" src=\"https:\/\/phrase.com\/wp-content\/uploads\/2026\/03\/Taus_Logo_Final-1.svg\" class=\"wp-block-phrase-com-testimonial__author-company-logo\" alt=\"Logo of TAUS (Partner)\" \/>\n\t\t\t\t<p class=\"wp-block-phrase-com-testimonial__author-name\">\n\t\t\t\t\tJaap van der Meer, CEO\t\t\t\t<\/p>\n\n\t\t\t\t<p class=\"wp-block-phrase-com-testimonial__author-title\">\n\t\t\t\t\tCEO\t\t\t\t<\/p>\n\t\t\t<\/div>\n\t\t<\/div>\n\t<\/div>\n\t<\/div><\/div><\/div><\/div>\n\n\n\n<div class=\"wp-block-group alignwide has-yellow-background-color has-background has-global-padding is-layout-constrained wp-block-group-is-layout-constrained\" style=\"margin-top:var(--wp--preset--spacing--56)\">\n<div class=\"wp-block-group is-vertical is-content-justification-center is-layout-flex wp-container-core-group-is-layout-ce155fab wp-block-group-is-layout-flex\">\n<h2 class=\"wp-block-heading has-text-align-center\" id=\"h-discover-more-partners\">Erfahre mehr \u00fcber weitere Partner<\/h2>\n\n\n\n<p class=\"has-text-align-center\">Wir arbeiten mit f\u00fchrenden Technologieunternehmen zusammen, um sicherzustellen, dass dein Team<br>jeden Tag mehr von Phrase profitiert.<\/p>\n<\/div>\n\n\n\n<div class=\"wp-block-buttons is-content-justification-center is-layout-flex wp-container-core-buttons-is-layout-a89b3969 wp-block-buttons-is-layout-flex\">\n<div class=\"wp-block-button\"><a class=\"wp-block-button__link wp-element-button\" href=\"https:\/\/phrase.com\/de\/partners\/\" target=\"_blank\" rel=\"noreferrer noopener\">Phrase-Partnerprogramm<\/a><\/div>\n\n\n\n<div class=\"wp-block-button is-style-black-outline\"><a class=\"wp-block-button__link wp-element-button\" href=\"https:\/\/phrase.com\/de\/partners-inquiries\/\" target=\"_blank\" rel=\"noreferrer noopener\">Partner-Empfehlung<\/a><\/div>\n<\/div>\n<\/div>\n\n","protected":false},"excerpt":{"rendered":"<p>PHRASE PARTNER Dein KI-Qualit\u00e4tsbegleiter taus.net TAUS wurde als unabh\u00e4ngiger Thinktank f\u00fcr die Lokalisierungsbranche und verf\u00fcgt \u00fcber zwei Jahrzehnte Erfahrung im Bereich der Verbesserung der \u00dcbersetzungsqualit\u00e4t durch Forschung, Benchmarking und Sprachtechnologie. Heute kombinieren wir linguistische Expertise, Sprachdaten und KI-gesteuerte Tools, um Unternehmen und Sprachdienstleistern zu helfen, mehrsprachige Inhalte mit Vertrauen und Effizienz zu liefern. Kernf\u00e4higkeiten Angebotene [&hellip;]<\/p>\n","protected":false},"author":77,"featured_media":0,"parent":56573,"menu_order":1,"comment_status":"closed","ping_status":"closed","template":"page-refresh","meta":{"_acf_changed":false,"_stopmodifiedupdate":false,"_modified_date":"","_searchwp_excluded":"","episode_type":"","audio_file":"","podmotor_file_id":"","podmotor_episode_id":"","cover_image":"","cover_image_id":"","duration":"","filesize":"","filesize_raw":"","date_recorded":"","explicit":"","block":"","itunes_episode_number":"","itunes_title":"","itunes_season_number":"","itunes_episode_type":"","footnotes":""},"class_list":["post-141472","page","type-page","status-publish","hentry"],"acf":[],"_links":{"self":[{"href":"https:\/\/phrase.com\/de\/wp-json\/wp\/v2\/pages\/141472","targetHints":{"allow":["GET"]}}],"collection":[{"href":"https:\/\/phrase.com\/de\/wp-json\/wp\/v2\/pages"}],"about":[{"href":"https:\/\/phrase.com\/de\/wp-json\/wp\/v2\/types\/page"}],"author":[{"embeddable":true,"href":"https:\/\/phrase.com\/de\/wp-json\/wp\/v2\/users\/77"}],"replies":[{"embeddable":true,"href":"https:\/\/phrase.com\/de\/wp-json\/wp\/v2\/comments?post=141472"}],"version-history":[{"count":2,"href":"https:\/\/phrase.com\/de\/wp-json\/wp\/v2\/pages\/141472\/revisions"}],"predecessor-version":[{"id":141475,"href":"https:\/\/phrase.com\/de\/wp-json\/wp\/v2\/pages\/141472\/revisions\/141475"}],"up":[{"embeddable":true,"href":"https:\/\/phrase.com\/de\/wp-json\/wp\/v2\/pages\/56573"}],"wp:attachment":[{"href":"https:\/\/phrase.com\/de\/wp-json\/wp\/v2\/media?parent=141472"}],"curies":[{"name":"wp","href":"https:\/\/api.w.org\/{rel}","templated":true}]}}