{"id":27765,"date":"2022-08-10T21:06:35","date_gmt":"2022-08-10T19:06:35","guid":{"rendered":"https:\/\/phrase.com\/?page_id=27765"},"modified":"2025-10-06T09:48:02","modified_gmt":"2025-10-06T07:48:02","slug":"jobs","status":"publish","type":"page","link":"https:\/\/phrase.com\/de\/careers\/jobs\/","title":{"rendered":"Jobs"},"content":{"rendered":"\n<div id=\"acf\/text-block_b74d15ef0c2d701de79c0372922d5fb4\" class=\"pxblock pxblock--text alignfull spacing--default bg--white\">\n\n\t\n\t<div class=\"container\">\n\t\t<div class=\"wysiwyg animate-in block-center\">\n\t\t\t<h1 class=\"secondary\" style=\"text-align: center\">Offene Stellen<\/h1>\n<p style=\"text-align: center\">Finde die Stelle, die deinen F\u00e4higkeiten entspricht und dir Raum zur Entfaltung gibt.<\/p>\n\t\t<\/div>\n\t<\/div>\n<\/div>\n\n\n\n\n\t<div id=\"acf\/jobs-block_6ce02ef2c56136c4b10b3526c12dcd0f\" class=\"pxblock pxblock--jobs alignfull bg--white\">\n\t\t\n\t\t<div class=\"container\">\n\t\t\t<div class=\"job__filters\">\n\n\t\t\t\t<div class=\"filter-container\">\n\t\t\t\t\t<h4><\/h4><select id=\"filter-by-department\"><option value=\"all\">All Departments<\/option><option value=\"customer-success\">Customer Success<\/option><option value=\"engineering\">Engineering<\/option><option value=\"product\">Product<\/option><option value=\"marketing\">Marketing<\/option><\/select>\t\t\t\t<\/div>\n\n\t\t\t\t<div class=\"filter-container\">\n\t\t\t\t\t<h4><\/h4><select id=\"filter-by-location\"><option value=\"all\">All Offices<\/option><option value=\"europe-(entities-in-czech-republic,-germany,-ireland,-spain,-united-kingdom)\">Europe (Entities in Czech Republic, Germany, Ireland, Spain, United Kingdom)<\/option><option value=\"europe-(entities-in-czech-republic,-germany,-spain,-ireland,-united-kingdom)\">Europe (Entities in Czech Republic, Germany, Spain, Ireland, United Kingdom)<\/option><\/select>\t\t\t\t<\/div>\n\n\t\t\t<\/div>\n\t\t\t<div class=\"job__department\"><h3>Customer Success<\/h3><div class=\"cards\"><a href=\"https:\/\/phrase.com\/careers\/jobs\/?gh_jid=4783051101\" aria-label=\"Customer Enablement Specialist\" data-location=\"europe-(entities-in-czech-republic,-germany,-ireland,-spain,-united-kingdom)\" data-department=\"customer-success\"><div class=\"column card outline\"><div class=\"card--title\">Customer Enablement Specialist<\/div><div class=\"card--copy\">Europe (Entities in Czech Republic, Germany, Ireland, Spain, United Kingdom)<\/div><div class=\"card--link\"><span href=\"https:\/\/phrase.com\/careers\/jobs\/?gh_jid=4783051101\" aria-label=\"Customer Enablement Specialist\" class=\"text-link\">View job details<\/span><\/div><\/div><\/a><\/div><\/div><div class=\"job__department\"><h3>Engineering<\/h3><div class=\"cards\"><a href=\"https:\/\/phrase.com\/careers\/jobs\/?gh_jid=4795932101\" aria-label=\"DevOps Engineer\" data-location=\"europe-(entities-in-czech-republic,-germany,-ireland,-spain,-united-kingdom)\" data-department=\"engineering\"><div class=\"column card outline\"><div class=\"card--title\">DevOps Engineer<\/div><div class=\"card--copy\">Europe (Entities in Czech Republic, Germany, Ireland, Spain, United Kingdom)<\/div><div class=\"card--link\"><span href=\"https:\/\/phrase.com\/careers\/jobs\/?gh_jid=4795932101\" aria-label=\"DevOps Engineer\" class=\"text-link\">View job details<\/span><\/div><\/div><\/a><\/div><\/div><div class=\"job__department\"><h3>Product<\/h3><div class=\"cards\"><a href=\"https:\/\/phrase.com\/careers\/jobs\/?gh_jid=4741102101\" aria-label=\"Head of Product Design\" data-location=\"europe-(entities-in-czech-republic,-germany,-ireland,-spain,-united-kingdom)\" data-department=\"product\"><div class=\"column card outline\"><div class=\"card--title\">Head of Product Design<\/div><div class=\"card--copy\">Europe (Entities in Czech Republic, Germany, Ireland, Spain, United Kingdom)<\/div><div class=\"card--link\"><span href=\"https:\/\/phrase.com\/careers\/jobs\/?gh_jid=4741102101\" aria-label=\"Head of Product Design\" class=\"text-link\">View job details<\/span><\/div><\/div><\/a><a href=\"https:\/\/phrase.com\/careers\/jobs\/?gh_jid=4797504101\" aria-label=\"Senior Product Manager\" data-location=\"europe-(entities-in-czech-republic,-germany,-spain,-ireland,-united-kingdom)\" data-department=\"product\"><div class=\"column card outline\"><div class=\"card--title\">Senior Product Manager<\/div><div class=\"card--copy\">Europe (Entities in Czech Republic, Germany, Spain, Ireland, United Kingdom)<\/div><div class=\"card--link\"><span href=\"https:\/\/phrase.com\/careers\/jobs\/?gh_jid=4797504101\" aria-label=\"Senior Product Manager\" class=\"text-link\">View job details<\/span><\/div><\/div><\/a><\/div><\/div><div class=\"job__department\"><h3>Marketing<\/h3><div class=\"cards\"><a href=\"https:\/\/phrase.com\/careers\/jobs\/?gh_jid=4739481101\" aria-label=\"Virtual Events and Podcast Manager\" data-location=\"europe-(entities-in-czech-republic,-germany,-ireland,-spain,-united-kingdom)\" data-department=\"marketing\"><div class=\"column card outline\"><div class=\"card--title\">Virtual Events and Podcast Manager<\/div><div class=\"card--copy\">Europe (Entities in Czech Republic, Germany, Ireland, Spain, United Kingdom)<\/div><div class=\"card--link\"><span href=\"https:\/\/phrase.com\/careers\/jobs\/?gh_jid=4739481101\" aria-label=\"Virtual Events and Podcast Manager\" class=\"text-link\">View job details<\/span><\/div><\/div><\/a><\/div><\/div>\n\t\t\t\t<div class=\"no-results-message wysiwyg\">\n\t\t\t\t\t\t\t\t\t<\/div>\n\n\t\t\t<\/div>\n\t\t<\/div>\n\t<\/div>\n\n\n\n\n<div id=\"acf\/text-block_e1e619a7e458bba91644109e36e31bb3\" class=\"pxblock pxblock--text alignfull spacing--default bg--white\">\n\n\t\n\t<div class=\"container\">\n\t\t<div class=\"wysiwyg animate-in block-center\">\n\t\t\t<h2 style=\"text-align: center\">Unser Bewerbungsverfahren<\/h2>\n\t\t<\/div>\n\t<\/div>\n<\/div>\n\n\n\n<div id=\"acf\/accordion-block_9ccfc9afdb28de3b8c064f465b87aab4\" class=\"pxblock pxblock--accordion alignfull bg--white \">\n\t\t<div class=\"container\">\n\t\t<div class=\"accordion animate-in\">\n\t\t\t\t\t\t\t\t\t<div class=\"accordion__tab\">\n\t\t\t\t<button class=\"heading toggle\" id=\"accordion_0\" aria-expanded=\"false\" aria-controls=\"accordion_section_0\">\n\t\t\t\t\t<img decoding=\"async\" src=\"https:\/\/phrase.com\/wp-content\/uploads\/2022\/08\/team.svg\" alt=\"Sprich uns an\"\/>\t\t\t\t\t<div class=\"title\"><h3>Sprich uns an<\/h3><\/div>\n\t\t\t\t\t<span class=\"icon\">\n\t\t\t\t\t\t<svg width=\"22\" height=\"13\" viewBox=\"0 0 22 13\" fill=\"none\" xmlns=\"http:\/\/www.w3.org\/2000\/svg\"><path d=\"M20.113 1.5 11 10.613 1.887 1.5\" stroke=\"#1080FC\" stroke-width=\"2\" stroke-linecap=\"round\"\/><\/svg>\n<\/span>\n\t\t\t\t<\/button>\n\t\t\t\t<div id=\"accordion_section_0\" class=\"content\" role=\"region\" aria-labelledby=\"accordion_0\">\n\t\t\t\t\t<div class=\"text wysiwyg icon\">\n\t\t\t\t\t\t<p>Reiche deine Bewerbung \u00fcber die Stellenanzeige ein.<\/p>\n<p>Wie du deine Bewerbung besonders hervorheben kannst:<\/p>\n<ul class=\"checklist--small\">\n<li>Lass uns deine Pronomen wissen, damit wir dich richtig ansprechen k\u00f6nnen.<\/li>\n<li>Lies bitte unsere Stellenbeschreibungen aufmerksam durch und bewirb dich auf die Stelle(n), die am besten zu deiner Erfahrung passen.<\/li>\n<li>Teile uns mit, warum du an einer Mitarbeit in unserem Team interessiert bist und ob du dich mit unserer Mission identifizieren kannst.<\/li>\n<li>Vergewissere dich, dass wir alles wissen, was wir wissen m\u00fcssen: deine Qualifikationen, deine St\u00e4rken und Ambitionen. Dies kann in Form eines Lebenslaufs, Anschreibens, Portfolios, Websites oder Arbeitsproben geschehen.<\/li>\n<li>Gib uns deine aktuellen Kontaktdaten.<\/li>\n<li>Bewirb dich bitte auf Englisch. Wir sind ein internationales Unternehmen, aber unsere Unternehmenssprache ist Englisch. Durch eine Bewerbung in englischer Sprache ist gew\u00e4hrleistet, dass alle bei uns verstehen, was du zu bieten hast.<\/li>\n<\/ul>\n\t\t\t\t\t<\/div>\n\t\t\t\t<\/div>\n\t\t\t<\/div><!-- .accordion__tab-->\n\n\t\t\t\t\t\t\t\t\t<div class=\"accordion__tab\">\n\t\t\t\t<button class=\"heading toggle\" id=\"accordion_1\" aria-expanded=\"false\" aria-controls=\"accordion_section_1\">\n\t\t\t\t\t<img decoding=\"async\" src=\"https:\/\/phrase.com\/wp-content\/uploads\/2022\/12\/Feedback.svg\" alt=\"Wir kommen ins Gespr\u00e4ch\"\/>\t\t\t\t\t<div class=\"title\"><h3>Wir kommen ins Gespr\u00e4ch<\/h3><\/div>\n\t\t\t\t\t<span class=\"icon\">\n\t\t\t\t\t\t<svg width=\"22\" height=\"13\" viewBox=\"0 0 22 13\" fill=\"none\" xmlns=\"http:\/\/www.w3.org\/2000\/svg\"><path d=\"M20.113 1.5 11 10.613 1.887 1.5\" stroke=\"#1080FC\" stroke-width=\"2\" stroke-linecap=\"round\"\/><\/svg>\n<\/span>\n\t\t\t\t<\/button>\n\t\t\t\t<div id=\"accordion_section_1\" class=\"content\" role=\"region\" aria-labelledby=\"accordion_1\">\n\t\t\t\t\t<div class=\"text wysiwyg icon\">\n\t\t\t\t\t\t<p>Wenn deine F\u00e4higkeiten unseren Anforderungen entsprechen, melden wir uns, damit wir uns kennenlernen k\u00f6nnen.<\/p>\n<p>Ein Mitglied unseres Teams f\u00fcr Talentakquise wird dich kontaktieren, um einen Videocall zu vereinbaren, damit wir mehr \u00fcber dich und deine Geschichte erfahren k\u00f6nnen. Das gibt auch dir Gelegenheit, mehr \u00fcber unser Unternehmen, das Team und die Stelle zu erfahren, auf die du dich bewirbst.<\/p>\n<p>Wie es weitergeht, h\u00e4ngt unter anderem davon ab, f\u00fcr welches Team und welche Position du dich bewirbst, aber grunds\u00e4tzlich sieht der Ablauf so aus:<\/p>\n<ul class=\"checklist--small\">\n<li>Du lernst die Person kennen, der du zuarbeiten wirst.<\/li>\n<li>Es wird eine Art Kompetenzpr\u00fcfung geben \u2013 beispielsweise einen Programmier- oder Design-Test, ein Rollenspiel oder einen Gesch\u00e4ftsfall.<\/li>\n<li>Du wirst einige der wichtigsten Akteure und Teammitglieder kennenlernen. Dein Talent Acquisition Partner wird dich w\u00e4hrend des gesamten Prozesses begleiten, dich auf dem Laufenden halten, dir sagen, wen du als N\u00e4chstes treffen wirst und wo du stehst.<\/li>\n<\/ul>\n<p>Einige Aspekte sind zu beachten:<\/p>\n<ul class=\"checklist--small\">\n<li>Der gesamte Interviewprozess erfolgt virtuell. Wir arbeiten mit Google Meet und Zoom.<\/li>\n<li>Wir beurteilen deine F\u00e4higkeiten und m\u00f6chten sehen, ob deine Werte und Ziele mit den unseren \u00fcbereinstimmen.<\/li>\n<\/ul>\n\t\t\t\t\t<\/div>\n\t\t\t\t<\/div>\n\t\t\t<\/div><!-- .accordion__tab-->\n\n\t\t\t\t\t\t\t\t\t<div class=\"accordion__tab\">\n\t\t\t\t<button class=\"heading toggle\" id=\"accordion_2\" aria-expanded=\"false\" aria-controls=\"accordion_section_2\">\n\t\t\t\t\t<img decoding=\"async\" src=\"https:\/\/phrase.com\/wp-content\/uploads\/2022\/08\/checkmark.svg\" alt=\"Sichere dir den Arbeitsplatz\"\/>\t\t\t\t\t<div class=\"title\"><h3>Sichere dir den Arbeitsplatz<\/h3><\/div>\n\t\t\t\t\t<span class=\"icon\">\n\t\t\t\t\t\t<svg width=\"22\" height=\"13\" viewBox=\"0 0 22 13\" fill=\"none\" xmlns=\"http:\/\/www.w3.org\/2000\/svg\"><path d=\"M20.113 1.5 11 10.613 1.887 1.5\" stroke=\"#1080FC\" stroke-width=\"2\" stroke-linecap=\"round\"\/><\/svg>\n<\/span>\n\t\t\t\t<\/button>\n\t\t\t\t<div id=\"accordion_section_2\" class=\"content\" role=\"region\" aria-labelledby=\"accordion_2\">\n\t\t\t\t\t<div class=\"text wysiwyg icon\">\n\t\t\t\t\t\t<p>Wenn wir ein besseres Bild voneinander haben, ist es an der Zeit, eine Entscheidung zu treffen.<\/p>\n<ul class=\"checklist--small\">\n<li>Wir bem\u00fchen uns, innerhalb weniger Tage \u00fcber die Besetzung einer Stelle zu entscheiden. Aufgrund mehrerer Bewerbungen f\u00fcr dieselbe Stelle kann es zu Verz\u00f6gerungen kommen. Aber wir halten dich auf dem Laufenden. Und wir hoffen nat\u00fcrlich, dass du gegebenenfalls dasselbe tun wirst.<\/li>\n<li>Bei Fragen oder \u00c4nderungen ist dein Talent Acquisition Partner f\u00fcr dich da.<\/li>\n<li>Wenn wir uns entscheiden, dich nicht einzustellen, erh\u00e4ltst du von uns eine R\u00fcckmeldung. Und wenn auch du uns Feedback geben willst, freuen wir uns. Denn wir lernen gerne dazu und wollen unsere Prozesse verbessern.<\/li>\n<\/ul>\n\t\t\t\t\t<\/div>\n\t\t\t\t<\/div>\n\t\t\t<\/div><!-- .accordion__tab-->\n\n\t\t\t\t\t<\/div><!-- .accordion-->\n\t<\/div><!-- .container-->\n<\/div>\n\n","protected":false},"excerpt":{"rendered":"","protected":false},"author":6,"featured_media":0,"parent":27750,"menu_order":0,"comment_status":"closed","ping_status":"closed","template":"","meta":{"_acf_changed":false,"_stopmodifiedupdate":false,"_modified_date":"","_searchwp_excluded":"","episode_type":"","audio_file":"","podmotor_file_id":"","podmotor_episode_id":"","cover_image":"","cover_image_id":"","duration":"","filesize":"","filesize_raw":"","date_recorded":"","explicit":"","block":"","itunes_episode_number":"","itunes_title":"","itunes_season_number":"","itunes_episode_type":"","footnotes":""},"class_list":["post-27765","page","type-page","status-publish","hentry"],"acf":[],"_links":{"self":[{"href":"https:\/\/phrase.com\/de\/wp-json\/wp\/v2\/pages\/27765","targetHints":{"allow":["GET"]}}],"collection":[{"href":"https:\/\/phrase.com\/de\/wp-json\/wp\/v2\/pages"}],"about":[{"href":"https:\/\/phrase.com\/de\/wp-json\/wp\/v2\/types\/page"}],"author":[{"embeddable":true,"href":"https:\/\/phrase.com\/de\/wp-json\/wp\/v2\/users\/6"}],"replies":[{"embeddable":true,"href":"https:\/\/phrase.com\/de\/wp-json\/wp\/v2\/comments?post=27765"}],"version-history":[{"count":14,"href":"https:\/\/phrase.com\/de\/wp-json\/wp\/v2\/pages\/27765\/revisions"}],"predecessor-version":[{"id":135594,"href":"https:\/\/phrase.com\/de\/wp-json\/wp\/v2\/pages\/27765\/revisions\/135594"}],"up":[{"embeddable":true,"href":"https:\/\/phrase.com\/de\/wp-json\/wp\/v2\/pages\/27750"}],"wp:attachment":[{"href":"https:\/\/phrase.com\/de\/wp-json\/wp\/v2\/media?parent=27765"}],"curies":[{"name":"wp","href":"https:\/\/api.w.org\/{rel}","templated":true}]}}