{"id":27798,"date":"2022-08-13T20:25:25","date_gmt":"2022-08-13T18:25:25","guid":{"rendered":"https:\/\/phrase.com\/?page_id=27798"},"modified":"2025-12-18T16:31:19","modified_gmt":"2025-12-18T15:31:19","slug":"contact","status":"publish","type":"page","link":"https:\/\/phrase.com\/de\/contact\/","title":{"rendered":"Kontakt"},"content":{"rendered":"\n<div class=\"wp-block-group alignwide is-style-header-hero has-white-color has-white-background-color has-text-color has-background has-link-color has-background-images wp-elements-a405f757dc2192325be0a42b0a9d9831 is-layout-flow wp-block-group-is-layout-flow\" style=\"padding-top:var(--wp--preset--spacing--110);padding-bottom:var(--wp--preset--spacing--110);background-image:url(https:\/\/phrase.com\/wp-content\/uploads\/2025\/07\/phrase-header-blue.jpg.webp);background-position:0% 100%;background-attachment:scroll;background-repeat:no-repeat;background-size:cover\">\n<div class=\"wp-block-group has-global-padding is-content-justification-left is-layout-constrained wp-container-core-group-is-layout-4513c74a wp-block-group-is-layout-constrained\"><div class=\"yoast-breadcrumbs\"><span><span><a href=\"https:\/\/phrase.com\/de\/\">Home<\/a><\/span> | <span class=\"breadcrumb_last\" aria-current=\"page\">Kontakt<\/span><\/span><\/div>\n\n\n<h2 class=\"wp-block-heading has-text-align-left has-gigantic-font-size\" id=\"h-melde-dich-bei-uns-wir-helfen-gerne\" style=\"font-style:normal;font-weight:400\">Melde dich bei uns, <br>wir helfen gerne<\/h2>\n\n\n\n<div class=\"wp-block-group has-global-padding is-content-justification-left is-layout-constrained wp-container-core-group-is-layout-12dd3699 wp-block-group-is-layout-constrained\">\n<p class=\"has-text-align-left\">Fragen, technischer Support, Feedback \u2013 wir unterst\u00fctzen dich.<\/p>\n<\/div>\n\n\n\n<div class=\"wp-block-buttons is-content-justification-left is-layout-flex wp-container-core-buttons-is-layout-fc4fd283 wp-block-buttons-is-layout-flex\">\n<div class=\"wp-block-button is-style-blue-filled\"><a class=\"wp-block-button__link wp-element-button\" href=\"https:\/\/phrase.com\/de\/demo\/\">Demo vereinbaren<\/a><\/div>\n<\/div>\n<\/div>\n<\/div>\n\n\n\n<div class=\"wp-block-group alignwide is-style-feature-grid is-layout-grid wp-container-core-group-is-layout-49b543a3 wp-block-group-is-layout-grid\" style=\"padding-right:var(--wp--preset--spacing--70);padding-left:var(--wp--preset--spacing--70)\">\n<div class=\"wp-block-group is-vertical is-layout-flex wp-container-core-group-is-layout-fe9cc265 wp-block-group-is-layout-flex\">\n<figure class=\"wp-block-image size-full is-resized\"><img loading=\"lazy\" decoding=\"async\" width=\"72\" height=\"72\" src=\"https:\/\/phrase.com\/wp-content\/uploads\/2025\/07\/search.png\" alt=\"\" class=\"wp-image-111022\" style=\"width:80px\"\/><\/figure>\n\n\n\n<h2 class=\"wp-block-heading has-large-font-size\" id=\"h-produkt-preise-und-plane\">Produkt, Preise und Pl\u00e4ne<\/h2>\n\n\n\n<p class=\"is-style-default\">\u00dcberlegst du, welches Produkt optimal zu deinem Unternehmen passt, oder m\u00f6chtest du Phrase einfach mal in Aktion sehen?<\/p>\n\n\n\n<div class=\"wp-block-buttons is-layout-flex wp-block-buttons-is-layout-flex\">\n<div class=\"wp-block-button is-style-plain\"><a class=\"wp-block-button__link wp-element-button\" href=\"https:\/\/phrase.com\/de\/demo\/\">Team kontaktieren<\/a><\/div>\n<\/div>\n<\/div>\n\n\n\n<div class=\"wp-block-group is-vertical is-layout-flex wp-container-core-group-is-layout-fe9cc265 wp-block-group-is-layout-flex\">\n<figure class=\"wp-block-image size-full is-resized is-style-not-rounded\"><img loading=\"lazy\" decoding=\"async\" width=\"72\" height=\"72\" src=\"https:\/\/phrase.com\/wp-content\/uploads\/2025\/07\/technical.png\" alt=\"\" class=\"wp-image-111042\" style=\"width:80px\"\/><\/figure>\n\n\n\n<h2 class=\"wp-block-heading has-large-font-size\" id=\"h-technischer-support\">Technischer Support<\/h2>\n\n\n\n<p>Du verwendest Phrase bereits und ben\u00f6tigst technische Unterst\u00fctzung?<\/p>\n\n\n\n<div class=\"wp-block-buttons is-layout-flex wp-block-buttons-is-layout-flex\">\n<div class=\"wp-block-button is-style-plain\"><a class=\"wp-block-button__link wp-element-button\" href=\"https:\/\/support.phrase.com\/hc\/de\/requests\/new\">Unterst\u00fctzung anfordern<\/a><\/div>\n<\/div>\n<\/div>\n\n\n\n<div class=\"wp-block-group is-vertical is-layout-flex wp-container-core-group-is-layout-fe9cc265 wp-block-group-is-layout-flex\">\n<figure class=\"wp-block-image size-full is-resized is-style-not-rounded\"><img loading=\"lazy\" decoding=\"async\" width=\"72\" height=\"72\" src=\"https:\/\/phrase.com\/wp-content\/uploads\/2025\/07\/partner.png\" alt=\"\" class=\"wp-image-111048\" style=\"width:80px\"\/><\/figure>\n\n\n\n<h2 class=\"wp-block-heading has-large-font-size\" id=\"h-partner\">Partner<\/h2>\n\n\n\n<p>M\u00f6chtest du dein Gesch\u00e4ft als Phrase-Partner ausbauen?<\/p>\n\n\n\n<div class=\"wp-block-buttons is-layout-flex wp-block-buttons-is-layout-flex\">\n<div class=\"wp-block-button is-style-plain\"><a class=\"wp-block-button__link wp-element-button\" href=\"https:\/\/phrase.com\/de\/partners\/\">Partnerprogramm<\/a><\/div>\n<\/div>\n<\/div>\n\n\n\n<div class=\"wp-block-group is-vertical is-layout-flex wp-container-core-group-is-layout-fe9cc265 wp-block-group-is-layout-flex\">\n<figure class=\"wp-block-image size-full is-resized is-style-not-rounded\"><img loading=\"lazy\" decoding=\"async\" width=\"73\" height=\"73\" src=\"https:\/\/phrase.com\/wp-content\/uploads\/2025\/07\/media.png\" alt=\"\" class=\"wp-image-111054\" style=\"width:80px\"\/><\/figure>\n\n\n\n<h2 class=\"wp-block-heading has-large-font-size\" id=\"h-medienanfragen\">Medienanfragen<\/h2>\n\n\n\n<p>F\u00fcr Medienanfragen wende dich bitte per E-Mail oder Telefon direkt an unser Media Relations-Team.<\/p>\n\n\n\n<p>E-Mail: pr@phrase.com<br>Telefon: 00442071506886 <br><strong>Nur f\u00fcr Medienanfragen<\/strong><\/p>\n<\/div>\n\n\n\n<div class=\"wp-block-group is-vertical is-layout-flex wp-container-core-group-is-layout-fe9cc265 wp-block-group-is-layout-flex\">\n<figure class=\"wp-block-image size-full is-resized is-style-not-rounded\"><img loading=\"lazy\" decoding=\"async\" width=\"72\" height=\"72\" src=\"https:\/\/phrase.com\/wp-content\/uploads\/2025\/07\/career.png\" alt=\"\" class=\"wp-image-111060\" style=\"width:80px\"\/><\/figure>\n\n\n\n<h2 class=\"wp-block-heading has-large-font-size\" id=\"h-karrieremoglichkeiten\">Karrierem\u00f6glichkeiten<\/h2>\n\n\n\n<p>Interessierst du dich f\u00fcr ein Stellenangebot oder ben\u00f6tigst weitere Informationen \u00fcber das Bewerbungsverfahren?<\/p>\n\n\n\n<div class=\"wp-block-buttons is-layout-flex wp-block-buttons-is-layout-flex\">\n<div class=\"wp-block-button is-style-plain\"><a class=\"wp-block-button__link wp-element-button\" href=\"https:\/\/phrase.com\/de\/careers\/\">Sprich uns an<\/a><\/div>\n<\/div>\n<\/div>\n\n\n\n<div class=\"wp-block-group is-vertical is-layout-flex wp-container-core-group-is-layout-fe9cc265 wp-block-group-is-layout-flex\">\n<figure class=\"wp-block-image size-full is-resized is-style-not-rounded\"><img loading=\"lazy\" decoding=\"async\" width=\"72\" height=\"72\" src=\"https:\/\/phrase.com\/wp-content\/uploads\/2025\/07\/General-inquiries.png\" alt=\"\" class=\"wp-image-111066\" style=\"width:80px\"\/><\/figure>\n\n\n\n<h2 class=\"wp-block-heading has-large-font-size\" id=\"h-allgemeine-anfragen\">Allgemeine Anfragen<\/h2>\n\n\n\n<p>Hast du Fragen oder m\u00f6chtest du dich mit uns austauschen?<\/p>\n\n\n\n<div class=\"wp-block-buttons is-layout-flex wp-block-buttons-is-layout-flex\">\n<div class=\"wp-block-button is-style-plain\"><a class=\"wp-block-button__link wp-element-button\" href=\"https:\/\/phrase.com\/de\/general-inquiries\/\">Vernetzen<\/a><\/div>\n<\/div>\n<\/div>\n<\/div>\n\n\n\n<div class=\"wp-block-group alignfull has-global-padding is-layout-constrained wp-block-group-is-layout-constrained\">\n<h2 class=\"wp-block-heading alignwide has-text-align-center\" id=\"h-ein-globales-team-verbunden-durch-gemeinsame-leidenschaft\"><strong>Ein globales Team, verbunden durch gemeinsame Leidenschaft<\/strong><\/h2>\n\n\n\n<div class=\"wp-block-group alignfull has-transparent-background-color has-background has-global-padding is-layout-constrained wp-block-group-is-layout-constrained\">\n<div class=\"wp-block-group alignwide is-layout-flow wp-block-group-is-layout-flow\">\n<h2 class=\"wp-block-heading alignwide has-extra-large-font-size\" id=\"h-unsere-buros\" style=\"margin-bottom:0;font-style:normal;font-weight:600\">Unsere B\u00fcros<\/h2>\n<\/div>\n\n\n<div class=\"tabs overflow-default alignwide is-style-shadow wp-block-wearerequired-tabs\"><div class=\"wp-block-wearerequired-tabs__tablist tablist\" role=\"tablist\"><button class=\"wp-block-wearerequired-tabs__tab tab is-active\" role=\"tab\" aria-selected=\"true\" aria-controls=\"tab-czech-republic-5eda960a-79ce-4d52-b945-a870f4688dd5\" id=\"tab-button-czech-republic-5eda960a-79ce-4d52-b945-a870f4688dd5\"><span class=\"wp-block-wearerequired-tabs__tab-label\">Tschechische Republik<\/span><\/button><button class=\"wp-block-wearerequired-tabs__tab tab\" role=\"tab\" aria-selected=\"false\" aria-controls=\"tab-germany-825e932f-f429-4b33-b69a-8bdf556c5442\" id=\"tab-button-germany-825e932f-f429-4b33-b69a-8bdf556c5442\" tabindex=\"-1\"><span class=\"wp-block-wearerequired-tabs__tab-label\">Deutschland<\/span><\/button><button class=\"wp-block-wearerequired-tabs__tab tab\" role=\"tab\" aria-selected=\"false\" aria-controls=\"tab-united-kingdom-11f529c3-4ed9-4cf2-8cca-710552468300\" id=\"tab-button-united-kingdom-11f529c3-4ed9-4cf2-8cca-710552468300\" tabindex=\"-1\"><span class=\"wp-block-wearerequired-tabs__tab-label\">Vereinigtes K\u00f6nigreich<\/span><\/button><button class=\"wp-block-wearerequired-tabs__tab tab\" role=\"tab\" aria-selected=\"false\" aria-controls=\"tab-united-states-6350aca2-824f-4b9b-9eac-6d1ae29376a2\" id=\"tab-button-united-states-6350aca2-824f-4b9b-9eac-6d1ae29376a2\" tabindex=\"-1\"><span class=\"wp-block-wearerequired-tabs__tab-label\">USA<\/span><\/button><\/div> <div class=\"wp-block-wearerequired-tabs__tabpanels tabpanels\">\n<div class=\"tabpanel wp-block-wearerequired-tab-panel is-visible is-layout-flow wp-block-wearerequired-tab-panel-is-layout-flow\" id=\"tab-czech-republic-5eda960a-79ce-4d52-b945-a870f4688dd5\" role=\"tabpanel\" tabindex=\"0\" aria-labelledby=\"tab-button-czech-republic-5eda960a-79ce-4d52-b945-a870f4688dd5\" data-tab-title=\"Tschechische Republik\">\n\n<div class=\"wp-block-columns is-layout-flex wp-container-core-columns-is-layout-28f84493 wp-block-columns-is-layout-flex\">\n<div class=\"wp-block-column is-vertically-aligned-center is-layout-flow wp-block-column-is-layout-flow\" style=\"flex-basis:55%\">\n<p class=\"has-large-font-size\"><strong>Tschechische Republik<\/strong><\/p>\n\n\n\n<p>V\u00e1clavsk\u00e9 n\u00e1m\u011bst\u00ed 2132\/47<\/p>\n\n\n\n<p>110 00 Praha 1<\/p>\n\n\n\n<p>Tschechische Republik<\/p>\n\n\n\n<div class=\"wp-block-buttons is-layout-flex wp-block-buttons-is-layout-flex\"><\/div>\n<\/div>\n\n\n\n<div class=\"wp-block-column is-vertically-aligned-center is-layout-flow wp-block-column-is-layout-flow\" style=\"flex-basis:45%\">\n<figure class=\"wp-block-image size-large\"><img loading=\"lazy\" decoding=\"async\" width=\"1024\" height=\"580\" src=\"https:\/\/phrase.com\/wp-content\/uploads\/2022\/08\/Prague_location-1024x580.png\" alt=\"\" class=\"wp-image-46061\" srcset=\"https:\/\/phrase.com\/wp-content\/uploads\/2022\/08\/Prague_location-1024x580.png 1024w, https:\/\/phrase.com\/wp-content\/uploads\/2022\/08\/Prague_location-300x170.png 300w, https:\/\/phrase.com\/wp-content\/uploads\/2022\/08\/Prague_location-768x435.png 768w, https:\/\/phrase.com\/wp-content\/uploads\/2022\/08\/Prague_location.png 1260w\" sizes=\"auto, (max-width: 1024px) 100vw, 1024px\" \/><\/figure>\n<\/div>\n<\/div>\n\n<\/div>\n\n<div class=\"tabpanel wp-block-wearerequired-tab-panel is-layout-flow wp-block-wearerequired-tab-panel-is-layout-flow\" id=\"tab-germany-825e932f-f429-4b33-b69a-8bdf556c5442\" role=\"tabpanel\" tabindex=\"0\" aria-labelledby=\"tab-button-germany-825e932f-f429-4b33-b69a-8bdf556c5442\" data-tab-title=\"Deutschland\">\n\n<div class=\"wp-block-columns is-layout-flex wp-container-core-columns-is-layout-28f84493 wp-block-columns-is-layout-flex\">\n<div class=\"wp-block-column is-vertically-aligned-center is-layout-flow wp-block-column-is-layout-flow\" style=\"flex-basis:55%\">\n<p class=\"has-large-font-size\"><strong>Deutschland<\/strong><\/p>\n\n\n\n<p>ABC-Stra\u00dfe 4<\/p>\n\n\n\n<p>20354 Hamburg<\/p>\n\n\n\n<p>Deutschland<\/p>\n\n\n\n<div class=\"wp-block-buttons is-layout-flex wp-block-buttons-is-layout-flex\"><\/div>\n<\/div>\n\n\n\n<div class=\"wp-block-column is-vertically-aligned-center is-layout-flow wp-block-column-is-layout-flow\" style=\"flex-basis:45%\">\n<figure class=\"wp-block-image size-large\"><img loading=\"lazy\" decoding=\"async\" width=\"1024\" height=\"580\" src=\"https:\/\/phrase.com\/wp-content\/uploads\/2022\/08\/Hamburg_location-1024x580.png\" alt=\"\" class=\"wp-image-46057\" srcset=\"https:\/\/phrase.com\/wp-content\/uploads\/2022\/08\/Hamburg_location-1024x580.png 1024w, https:\/\/phrase.com\/wp-content\/uploads\/2022\/08\/Hamburg_location-300x170.png 300w, https:\/\/phrase.com\/wp-content\/uploads\/2022\/08\/Hamburg_location-768x435.png 768w, https:\/\/phrase.com\/wp-content\/uploads\/2022\/08\/Hamburg_location.png 1260w\" sizes=\"auto, (max-width: 1024px) 100vw, 1024px\" \/><\/figure>\n<\/div>\n<\/div>\n\n<\/div>\n\n<div class=\"tabpanel wp-block-wearerequired-tab-panel is-layout-flow wp-block-wearerequired-tab-panel-is-layout-flow\" id=\"tab-united-kingdom-11f529c3-4ed9-4cf2-8cca-710552468300\" role=\"tabpanel\" tabindex=\"0\" aria-labelledby=\"tab-button-united-kingdom-11f529c3-4ed9-4cf2-8cca-710552468300\" data-tab-title=\"Vereinigtes K\u00f6nigreich\">\n\n<div class=\"wp-block-columns is-layout-flex wp-container-core-columns-is-layout-28f84493 wp-block-columns-is-layout-flex\">\n<div class=\"wp-block-column is-vertically-aligned-center is-layout-flow wp-block-column-is-layout-flow\" style=\"flex-basis:55%\">\n<p class=\"has-large-font-size\"><strong>Vereinigtes K\u00f6nigreich<\/strong><\/p>\n\n\n\n<p>27 Old Gloucester Street <br>London <br>Vereinigtes K\u00f6nigreich<\/p>\n\n\n\n<div class=\"wp-block-buttons is-layout-flex wp-block-buttons-is-layout-flex\"><\/div>\n<\/div>\n\n\n\n<div class=\"wp-block-column is-vertically-aligned-center is-layout-flow wp-block-column-is-layout-flow\" style=\"flex-basis:45%\">\n<figure class=\"wp-block-image size-large is-style-rounded\"><img loading=\"lazy\" decoding=\"async\" width=\"1024\" height=\"580\" src=\"https:\/\/phrase.com\/wp-content\/uploads\/2022\/09\/London-1024x580.jpg\" alt=\"London | Phrase\" class=\"wp-image-26704\" srcset=\"https:\/\/phrase.com\/wp-content\/uploads\/2022\/09\/London-1024x580.jpg 1024w, https:\/\/phrase.com\/wp-content\/uploads\/2022\/09\/London-300x170.jpg 300w, https:\/\/phrase.com\/wp-content\/uploads\/2022\/09\/London-768x435.jpg 768w, https:\/\/phrase.com\/wp-content\/uploads\/2022\/09\/London.jpg 1260w\" sizes=\"auto, (max-width: 1024px) 100vw, 1024px\" \/><\/figure>\n<\/div>\n<\/div>\n\n<\/div>\n\n<div class=\"tabpanel wp-block-wearerequired-tab-panel is-layout-flow wp-block-wearerequired-tab-panel-is-layout-flow\" id=\"tab-united-states-6350aca2-824f-4b9b-9eac-6d1ae29376a2\" role=\"tabpanel\" tabindex=\"0\" aria-labelledby=\"tab-button-united-states-6350aca2-824f-4b9b-9eac-6d1ae29376a2\" data-tab-title=\"USA\">\n\n<p><\/p>\n\n\n\n<div class=\"wp-block-columns is-layout-flex wp-container-core-columns-is-layout-28f84493 wp-block-columns-is-layout-flex\">\n<div class=\"wp-block-column is-vertically-aligned-center is-layout-flow wp-block-column-is-layout-flow\" style=\"flex-basis:55%\">\n<p class=\"has-large-font-size\"><strong>USA<\/strong><\/p>\n\n\n\n<p>350 East Avenue, Suite 203<\/p>\n\n\n\n<p>Rochester, NY 14604<\/p>\n\n\n\n<p>USA<\/p>\n\n\n\n<div class=\"wp-block-buttons is-layout-flex wp-block-buttons-is-layout-flex\"><\/div>\n<\/div>\n\n\n\n<div class=\"wp-block-column is-vertically-aligned-center is-layout-flow wp-block-column-is-layout-flow\" style=\"flex-basis:45%\">\n<figure class=\"wp-block-image size-full is-style-rounded\"><img loading=\"lazy\" decoding=\"async\" width=\"637\" height=\"358\" src=\"https:\/\/phrase.com\/wp-content\/uploads\/2024\/10\/NY_Rochester.jpg\" alt=\"\" class=\"wp-image-92560\" srcset=\"https:\/\/phrase.com\/wp-content\/uploads\/2024\/10\/NY_Rochester.jpg 637w, https:\/\/phrase.com\/wp-content\/uploads\/2024\/10\/NY_Rochester-300x169.jpg 300w\" sizes=\"auto, (max-width: 637px) 100vw, 637px\" \/><\/figure>\n<\/div>\n<\/div>\n\n<\/div>\n<\/div><\/div><\/div>\n<\/div>\n","protected":false},"excerpt":{"rendered":"<p>Melde dich bei uns, wir helfen gerne Fragen, technischer Support, Feedback \u2013 wir unterst\u00fctzen dich. Produkt, Preise und Pl\u00e4ne \u00dcberlegst du, welches Produkt optimal zu deinem Unternehmen passt, oder m\u00f6chtest du Phrase einfach mal in Aktion sehen? Technischer Support Du verwendest Phrase bereits und ben\u00f6tigst technische Unterst\u00fctzung? Partner M\u00f6chtest du dein Gesch\u00e4ft als Phrase-Partner ausbauen? [&hellip;]<\/p>\n","protected":false},"author":6,"featured_media":7474,"parent":0,"menu_order":0,"comment_status":"closed","ping_status":"closed","template":"page-refresh","meta":{"_acf_changed":false,"_stopmodifiedupdate":false,"_modified_date":"","_searchwp_excluded":"","episode_type":"","audio_file":"","podmotor_file_id":"","podmotor_episode_id":"","cover_image":"","cover_image_id":"","duration":"","filesize":"","filesize_raw":"","date_recorded":"","explicit":"","block":"","itunes_episode_number":"","itunes_title":"","itunes_season_number":"","itunes_episode_type":"","footnotes":""},"class_list":["post-27798","page","type-page","status-publish","has-post-thumbnail","hentry"],"acf":[],"_links":{"self":[{"href":"https:\/\/phrase.com\/de\/wp-json\/wp\/v2\/pages\/27798","targetHints":{"allow":["GET"]}}],"collection":[{"href":"https:\/\/phrase.com\/de\/wp-json\/wp\/v2\/pages"}],"about":[{"href":"https:\/\/phrase.com\/de\/wp-json\/wp\/v2\/types\/page"}],"author":[{"embeddable":true,"href":"https:\/\/phrase.com\/de\/wp-json\/wp\/v2\/users\/6"}],"replies":[{"embeddable":true,"href":"https:\/\/phrase.com\/de\/wp-json\/wp\/v2\/comments?post=27798"}],"version-history":[{"count":22,"href":"https:\/\/phrase.com\/de\/wp-json\/wp\/v2\/pages\/27798\/revisions"}],"predecessor-version":[{"id":131064,"href":"https:\/\/phrase.com\/de\/wp-json\/wp\/v2\/pages\/27798\/revisions\/131064"}],"wp:featuredmedia":[{"embeddable":true,"href":"https:\/\/phrase.com\/de\/wp-json\/wp\/v2\/media\/7474"}],"wp:attachment":[{"href":"https:\/\/phrase.com\/de\/wp-json\/wp\/v2\/media?parent=27798"}],"curies":[{"name":"wp","href":"https:\/\/api.w.org\/{rel}","templated":true}]}}