{"id":27829,"date":"2022-08-22T13:38:07","date_gmt":"2022-08-22T11:38:07","guid":{"rendered":"https:\/\/phrase.com\/?page_id=27829"},"modified":"2026-01-19T11:14:53","modified_gmt":"2026-01-19T10:14:53","slug":"download","status":"publish","type":"page","link":"https:\/\/phrase.com\/de\/download\/","title":{"rendered":"Herunterladen"},"content":{"rendered":"\n<div class=\"wp-block-group alignwide is-style-header-hero has-white-color has-white-background-color has-text-color has-background has-link-color has-background-images wp-elements-c1a50f655e340f7cf19965c137f2afca is-layout-flow wp-block-group-is-layout-flow\" style=\"padding-top:var(--wp--preset--spacing--110);padding-bottom:var(--wp--preset--spacing--110);background-image:url(https:\/\/phrase.com\/wp-content\/uploads\/2025\/07\/phrase-header-green.jpg.webp);background-position:0% 100%;background-attachment:scroll;background-repeat:no-repeat;background-size:cover\">\n<div class=\"wp-block-group has-global-padding is-content-justification-left is-layout-constrained wp-container-core-group-is-layout-4513c74a wp-block-group-is-layout-constrained\"><div class=\"yoast-breadcrumbs\"><span><span><a href=\"https:\/\/phrase.com\/de\/\">Home<\/a><\/span> | <span class=\"breadcrumb_last\" aria-current=\"page\">Herunterladen<\/span><\/span><\/div>\n\n\n<h2 class=\"wp-block-heading has-text-align-left has-gigantic-font-size\" id=\"h-arbeite-mit-phrase-auf-deine-art\" style=\"font-style:normal;font-weight:400\">Arbeite mit Phrase \u2013 auf deine Art<\/h2>\n\n\n\n<div class=\"wp-block-group has-global-padding is-content-justification-left is-layout-constrained wp-container-core-group-is-layout-12dd3699 wp-block-group-is-layout-constrained\">\n<p class=\"has-text-align-left\">Lade alle Tools herunter, die du ben\u00f6tigst, um mit Phrase auf die Weise zu interagieren, die <br>dir am besten passt.<\/p>\n<\/div>\n\n\n\n<div class=\"wp-block-buttons is-content-justification-left is-layout-flex wp-container-core-buttons-is-layout-fc4fd283 wp-block-buttons-is-layout-flex\">\n<div class=\"wp-block-button is-style-phrase-green-filled\"><a class=\"wp-block-button__link wp-element-button\" href=\"https:\/\/phrase.com\/de\/demo\/\" target=\"_blank\" rel=\"noreferrer noopener\">Demo vereinbaren<\/a><\/div>\n<\/div>\n<\/div>\n<\/div>\n\n\n\n<div class=\"wp-block-group alignwide has-blue-10-background-color has-background has-background-images has-global-padding is-layout-constrained wp-block-group-is-layout-constrained\" style=\"margin-top:var(--wp--preset--spacing--10);background-image:url(https:\/\/phrase.com\/wp-content\/uploads\/2024\/03\/svgexport-1-5.svg);background-position:0% 0%;background-attachment:scroll;background-repeat:no-repeat;background-size:auto\">\n<div class=\"wp-block-group alignwide is-layout-flow wp-block-group-is-layout-flow\">\n<h2 class=\"wp-block-heading has-text-align-center\" id=\"h-downloads-und-setup-anleitungen\"><strong>Downloads und Setup-Anleitungen<\/strong><\/h2>\n\n\n\n<p class=\"has-text-align-center has-large-font-size\">Passe Phrase deinen Anforderungen und deinem Arbeitsablauf an.<\/p>\n<\/div>\n<\/div>\n\n\n\n<div class=\"wp-block-columns alignwide are-vertically-aligned-center media-text-columns media-text-columns--media-right is-layout-flex wp-container-core-columns-is-layout-28f84493 wp-block-columns-is-layout-flex\">\n<div class=\"wp-block-column is-vertically-aligned-center is-layout-flow wp-block-column-is-layout-flow\" style=\"flex-basis:41.9672131148%\">\n<h2 class=\"wp-block-heading has-extra-large-font-size\" id=\"h-ubersetze-von-uberall-aus\"><strong>\u00dcbersetze von \u00fcberall aus<\/strong><\/h2>\n\n\n\n<p>Lade den neuesten Desktop-Editor f\u00fcr Phrase TMS (26.2.1) herunter und bearbeite deine \u00dcbersetzungsjobs auch ohne Internetverbindung.<br><br><a href=\"https:\/\/download.memsource.com\/production\/updates\/memsource-editor\/win\/archive\/install\/Phrase-26.2.1-windows.exe\" target=\"_blank\" rel=\"noreferrer noopener\">Herunterladen f\u00fcr Windows \u2192<\/a><br><a href=\"https:\/\/download.memsource.com\/production\/updates\/memsource-editor\/mac\/archive\/install\/Phrase-26.2.1-mac.app.zip\" target=\"_blank\" rel=\"noreferrer noopener\">Herunterladen f\u00fcr Mac \u2192<\/a><br><a href=\"https:\/\/download.memsource.com\/production\/updates\/memsource-editor\/linux\/x64\/archive\/install\/Phrase-26.2.1-x64.run\" target=\"_blank\" rel=\"noreferrer noopener\">Herunterladen f\u00fcr Linux (Ubuntu) <\/a>\u2192<\/p>\n<\/div>\n\n\n\n<div class=\"wp-block-column is-vertically-aligned-center is-layout-flow wp-block-column-is-layout-flow\" style=\"flex-basis:57.2131147541%\">\n<figure class=\"wp-block-image size-full\"><img loading=\"lazy\" decoding=\"async\" width=\"1024\" height=\"768\" src=\"https:\/\/phrase.com\/wp-content\/uploads\/2025\/07\/phrase-download.jpg\" alt=\"Phrase-Download\" class=\"wp-image-110833\" srcset=\"https:\/\/phrase.com\/wp-content\/uploads\/2025\/07\/phrase-download.jpg 1024w, https:\/\/phrase.com\/wp-content\/uploads\/2025\/07\/phrase-download-300x225.jpg 300w, https:\/\/phrase.com\/wp-content\/uploads\/2025\/07\/phrase-download-768x576.jpg 768w\" sizes=\"auto, (max-width: 1024px) 100vw, 1024px\" \/><\/figure>\n\n\n\n<div class=\"wp-block-buttons is-layout-flex wp-block-buttons-is-layout-flex\">\n<div class=\"wp-block-button is-style-plain\"><a class=\"wp-block-button__link wp-element-button\" href=\"https:\/\/support.phrase.com\/hc\/en-us\/articles\/5709683873052-CAT-Desktop-Editor-TMS?_gl=1*1ov3vn0*_ga*Nzc4MzYzNC4xNjY5OTc5OTk2*_ga_J2EQJSNGG3*MTcxMzQ0MDY3My43LjEuMTcxMzQ0MzEwNy4wLjAuMA..\" target=\"_blank\" rel=\"noreferrer noopener\">Hier geht es zur Installationsanleitung<\/a><\/div>\n<\/div>\n<\/div>\n<\/div>\n\n\n\n<div class=\"wp-block-columns alignwide are-vertically-aligned-center media-text-columns media-text-columns--media-left is-layout-flex wp-container-core-columns-is-layout-28f84493 wp-block-columns-is-layout-flex\">\n<div class=\"wp-block-column is-vertically-aligned-center is-layout-flow wp-block-column-is-layout-flow\" style=\"flex-basis:57.2131147541%\">\n<figure class=\"wp-block-image size-full\"><img loading=\"lazy\" decoding=\"async\" width=\"2520\" height=\"1090\" src=\"https:\/\/phrase.com\/wp-content\/uploads\/2022\/08\/CLI@2x.png\" alt=\"CLI Screenshot | Phrase\" class=\"wp-image-4232\" srcset=\"https:\/\/phrase.com\/wp-content\/uploads\/2022\/08\/CLI@2x.png 2520w, https:\/\/phrase.com\/wp-content\/uploads\/2022\/08\/CLI@2x-300x130.png 300w, https:\/\/phrase.com\/wp-content\/uploads\/2022\/08\/CLI@2x-1024x443.png 1024w, https:\/\/phrase.com\/wp-content\/uploads\/2022\/08\/CLI@2x-768x332.png 768w, https:\/\/phrase.com\/wp-content\/uploads\/2022\/08\/CLI@2x-1536x664.png 1536w, https:\/\/phrase.com\/wp-content\/uploads\/2022\/08\/CLI@2x-2048x886.png 2048w\" sizes=\"auto, (max-width: 2520px) 100vw, 2520px\" \/><\/figure>\n\n\n\n<div class=\"wp-block-buttons is-layout-flex wp-block-buttons-is-layout-flex\">\n<div class=\"wp-block-button is-style-plain\"><a class=\"wp-block-button__link wp-element-button\" href=\"https:\/\/support.phrase.com\/hc\/en-us\/articles\/5784093863964-CLI-Installation-Strings?_gl=1*usq6q2*_ga*Nzc4MzYzNC4xNjY5OTc5OTk2*_ga_J2EQJSNGG3*MTcxMzQ0MDY3My43LjEuMTcxMzQ0MzEwNy4wLjAuMA..\" target=\"_blank\" rel=\"noreferrer noopener\">Hier geht es zur Installationsanleitung<\/a><\/div>\n<\/div>\n<\/div>\n\n\n\n<div class=\"wp-block-column is-vertically-aligned-center is-layout-flow wp-block-column-is-layout-flow\" style=\"flex-basis:41.9672131148%\">\n<h2 class=\"wp-block-heading has-extra-large-font-size\" id=\"h-zugriff-auf-die-gesamte-phrase-strings-api-in-deinem-terminal\"><strong>Zugriff auf die gesamte Phrase Strings-API in deinem Terminal<\/strong><\/h2>\n\n\n\n<p>Mit dem Phrase Strings CLI-Tool kannst du schnell in der Kommandozeile durch deine Projekte und \u00dcbersetzungen navigieren, ohne dich mit langen curl-Befehlen herumzuschlagen. Verf\u00fcgbar f\u00fcr Linux, macOS und Windows.<br><a href=\"https:\/\/github.com\/phrase\/phrase-cli\/releases\">Herunterladen f\u00fcr Windows \u2192<\/a><br><a href=\"https:\/\/github.com\/phrase\/phrase-cli\/releases\">Herunterladen f\u00fcr Mac \u2192<\/a><br><a href=\"https:\/\/github.com\/phrase\/phrase-cli\/releases\">Herunterladen f\u00fcr Linux (Ubuntu) \u2192<\/a><\/p>\n<\/div>\n<\/div>\n\n\n\n<div class=\"wp-block-group alignwide has-phrase-green-background-color has-background has-background-images has-global-padding is-content-justification-left is-layout-constrained wp-container-core-group-is-layout-836d34cb wp-block-group-is-layout-constrained\" style=\"margin-top:var(--wp--preset--spacing--70);background-image:url(https:\/\/phrase.com\/wp-content\/uploads\/2024\/03\/Background_thinking.jpeg.webp);background-position:0% 0%;background-attachment:scroll;background-repeat:no-repeat;background-size:cover\"><div class=\"glide wp-block-phrase-com-testimonials\"><div class=\"glide__track\" data-glide-el=\"track\"><div class=\"glide__slides\">\t<div class=\"wp-block-phrase-com-testimonial glide__slide\">\n\t\t<div class=\"wp-block-phrase-com-testimonial__text \">\n\t\t\t<p>Phrase ist f\u00fcr Projektmanager und Linguisten intuitiv zu erlernen. Derart fortschrittliche Funktionen in einem Cloud-basierten Tool nutzen zu k\u00f6nnen, ist einfach erstaunlich \u2013 ganz zu schweigen von den plattform\u00fcbergreifenden Editoren f\u00fcr Mac und Windows.<\/p>\n\t\t<\/div>\n\t\t<div class=\"wp-block-phrase-com-testimonial__author\">\n\t\t\t\n\t\t\t<div class=\"wp-block-phrase-com-testimonial__author-info\">\n\t\t\t\t<img loading=\"lazy\" decoding=\"async\" width=\"300\" height=\"134\" src=\"https:\/\/phrase.com\/wp-content\/uploads\/2022\/08\/MiddleburyInstitute_Testimonial_Logo.png\" class=\"wp-block-phrase-com-testimonial__author-company-logo\" alt=\"Logo of Middlebury Institute of International Studies, Monterey\" srcset=\"https:\/\/phrase.com\/wp-content\/uploads\/2022\/08\/MiddleburyInstitute_Testimonial_Logo.png 2127w, https:\/\/phrase.com\/wp-content\/uploads\/2022\/08\/MiddleburyInstitute_Testimonial_Logo-300x134.png 300w, https:\/\/phrase.com\/wp-content\/uploads\/2022\/08\/MiddleburyInstitute_Testimonial_Logo-1024x456.png 1024w, https:\/\/phrase.com\/wp-content\/uploads\/2022\/08\/MiddleburyInstitute_Testimonial_Logo-768x342.png 768w, https:\/\/phrase.com\/wp-content\/uploads\/2022\/08\/MiddleburyInstitute_Testimonial_Logo-1536x685.png 1536w, https:\/\/phrase.com\/wp-content\/uploads\/2022\/08\/MiddleburyInstitute_Testimonial_Logo-2048x913.png 2048w\" sizes=\"auto, (max-width: 300px) 100vw, 300px\" \/>\n\t\t\t\t<p class=\"wp-block-phrase-com-testimonial__author-name\">\n\t\t\t\t\tMax Troyer \t\t\t\t<\/p>\n\n\t\t\t\t<p class=\"wp-block-phrase-com-testimonial__author-title\">\n\t\t\t\t\tAssistenzprofessor\t\t\t\t<\/p>\n\t\t\t<\/div>\n\t\t<\/div>\n\t<\/div>\n\t\t<div class=\"wp-block-phrase-com-testimonial glide__slide\">\n\t\t<div class=\"wp-block-phrase-com-testimonial__text \">\n\t\t\t<p>Canva erstellt mehr als 20 E-Mails pro Woche, und mithilfe der Plattform k\u00f6nnen wir gew\u00e4hrleisten, dass jede einzelne davon markengerecht, lokalisiert und reaktionsschnell ist \u2013 ohne jeglichen technischen Aufwand.<\/p>\n\t\t<\/div>\n\t\t<div class=\"wp-block-phrase-com-testimonial__author\">\n\t\t\t\n\t\t\t<div class=\"wp-block-phrase-com-testimonial__author-info\">\n\t\t\t\t<img loading=\"lazy\" decoding=\"async\" width=\"300\" height=\"163\" src=\"https:\/\/phrase.com\/wp-content\/uploads\/2024\/01\/Canva-logo.png\" class=\"wp-block-phrase-com-testimonial__author-company-logo\" alt=\"Logo of Canva\" srcset=\"https:\/\/phrase.com\/wp-content\/uploads\/2024\/01\/Canva-logo.png 548w, https:\/\/phrase.com\/wp-content\/uploads\/2024\/01\/Canva-logo-300x163.png 300w\" sizes=\"auto, (max-width: 300px) 100vw, 300px\" \/>\n\t\t\t\t<p class=\"wp-block-phrase-com-testimonial__author-name\">\n\t\t\t\t\tMegan Walsh\t\t\t\t<\/p>\n\n\t\t\t\t<p class=\"wp-block-phrase-com-testimonial__author-title\">\n\t\t\t\t\tGlobal Head of Lifecycle Marketing\t\t\t\t<\/p>\n\t\t\t<\/div>\n\t\t<\/div>\n\t<\/div>\n\t\t<div class=\"wp-block-phrase-com-testimonial glide__slide\">\n\t\t<div class=\"wp-block-phrase-com-testimonial__text \">\n\t\t\t<p>Dank Phrase war <a href=\"https:\/\/phrase.com\/de\/customers\/cvent\/\">Cvent<\/a> in der Lage, unseren Lokalisierungsprozess zu modernisieren und unsere Anwendungssuite einem gr\u00f6\u00dferen, globalen Publikum zug\u00e4nglich zu machen.<\/p>\n\t\t<\/div>\n\t\t<div class=\"wp-block-phrase-com-testimonial__author\">\n\t\t\t\n\t\t\t<div class=\"wp-block-phrase-com-testimonial__author-info\">\n\t\t\t\t<img loading=\"lazy\" decoding=\"async\" width=\"248\" height=\"113\" src=\"https:\/\/phrase.com\/wp-content\/uploads\/2022\/08\/Cvent_Testimonial_Logo.png\" class=\"wp-block-phrase-com-testimonial__author-company-logo\" alt=\"Logo of Cvent\" \/>\n\t\t\t\t<p class=\"wp-block-phrase-com-testimonial__author-name\">\n\t\t\t\t\tMichael Stemle Jr.\t\t\t\t<\/p>\n\n\t\t\t\t<p class=\"wp-block-phrase-com-testimonial__author-title\">\n\t\t\t\t\tPrincipal Software Engineer\t\t\t\t<\/p>\n\t\t\t<\/div>\n\t\t<\/div>\n\t<\/div>\n\t<\/div><\/div>\t<div class=\"wp-block-phrase-com-testimonials__carousel-controls\">\n\t\t<div class=\"wp-block-phrase-com-testimonials__carousel-progress-bar\"><\/div>\n\t\t<div class=\"glide__arrows wp-block-phrase-com-testimonials__carousel-arrows\" data-glide-el=\"controls\">\n\t\t\t<button type=\"button\" class=\"glide__arrow wp-block-phrase-com-testimonials__carousel-arrow\" data-glide-dir=\"<\">\n\t\t\t\t<svg aria-hidden=\"true\" xmlns=\"http:\/\/www.w3.org\/2000\/svg\" width=\"22\" height=\"22\" fill=\"none\" viewBox=\"0 0 22 22\"><path fill=\"currentColor\" d=\"m10.191 11 3.01 3.036-.917.924L8.36 11l3.925-3.96.915.924L10.192 11Z\"\/><\/svg>\n\t\t\t\t<span class=\"screen-reader-text\">Vorherige<\/span>\n\t\t\t<\/button>\n\t\t\t<button type=\"button\" class=\"glide__arrow wp-block-phrase-com-testimonials__carousel-arrow\" data-glide-dir=\"&gt;\">\n\t\t\t\t<svg xmlns=\"http:\/\/www.w3.org\/2000\/svg\" width=\"22\" height=\"22\" fill=\"none\" viewBox=\"0 0 22 22\"><path fill=\"currentColor\" d=\"m11.809 11-3.01-3.036.916-.924L13.64 11l-3.925 3.96-.915-.924L11.808 11Z\"\/><\/svg>\n\t\t\t\t<span class=\"screen-reader-text\">N\u00e4chste<\/span>\n\t\t\t<\/button>\n\t\t<\/div>\n\t<\/div>\n\n\t<div class=\"glide__bullets wp-block-phrase-com-testimonials__company-logos\" data-glide-el=\"controls[nav]\">\n\t\t\t\t\t\t\t\t\t<button type=\"button\" class=\"glide__bullet wp-block-phrase-com-testimonials__company-logo\" data-glide-dir=\"=0\">\n\t\t\t\t\t<img loading=\"lazy\" decoding=\"async\" width=\"300\" height=\"134\" src=\"https:\/\/phrase.com\/wp-content\/uploads\/2022\/08\/MiddleburyInstitute_Testimonial_Logo.png\" class=\"attachment-300x300 size-300x300\" alt=\"\" srcset=\"https:\/\/phrase.com\/wp-content\/uploads\/2022\/08\/MiddleburyInstitute_Testimonial_Logo.png 2127w, https:\/\/phrase.com\/wp-content\/uploads\/2022\/08\/MiddleburyInstitute_Testimonial_Logo-300x134.png 300w, https:\/\/phrase.com\/wp-content\/uploads\/2022\/08\/MiddleburyInstitute_Testimonial_Logo-1024x456.png 1024w, https:\/\/phrase.com\/wp-content\/uploads\/2022\/08\/MiddleburyInstitute_Testimonial_Logo-768x342.png 768w, https:\/\/phrase.com\/wp-content\/uploads\/2022\/08\/MiddleburyInstitute_Testimonial_Logo-1536x685.png 1536w, https:\/\/phrase.com\/wp-content\/uploads\/2022\/08\/MiddleburyInstitute_Testimonial_Logo-2048x913.png 2048w\" sizes=\"auto, (max-width: 300px) 100vw, 300px\" \/>\t\t\t\t<\/button>\n\t\t\t\t\t\t\t\t\t\t\t\t<button type=\"button\" class=\"glide__bullet wp-block-phrase-com-testimonials__company-logo\" data-glide-dir=\"=1\">\n\t\t\t\t\t<img loading=\"lazy\" decoding=\"async\" width=\"300\" height=\"163\" src=\"https:\/\/phrase.com\/wp-content\/uploads\/2024\/01\/Canva-logo.png\" class=\"attachment-300x300 size-300x300\" alt=\"\" srcset=\"https:\/\/phrase.com\/wp-content\/uploads\/2024\/01\/Canva-logo.png 548w, https:\/\/phrase.com\/wp-content\/uploads\/2024\/01\/Canva-logo-300x163.png 300w\" sizes=\"auto, (max-width: 300px) 100vw, 300px\" \/>\t\t\t\t<\/button>\n\t\t\t\t\t\t\t\t\t\t\t\t<button type=\"button\" class=\"glide__bullet wp-block-phrase-com-testimonials__company-logo\" data-glide-dir=\"=2\">\n\t\t\t\t\t<img loading=\"lazy\" decoding=\"async\" width=\"248\" height=\"113\" src=\"https:\/\/phrase.com\/wp-content\/uploads\/2022\/08\/Cvent_Testimonial_Logo.png\" class=\"attachment-300x300 size-300x300\" alt=\"\" \/>\t\t\t\t<\/button>\n\t\t\t\t\t\t<\/div>\n\t<\/div>\n\n\n<div class=\"wp-block-buttons is-layout-flex wp-block-buttons-is-layout-flex\">\n<div class=\"wp-block-button is-style-dark-green-filled\"><a class=\"wp-block-button__link wp-element-button\" href=\"https:\/\/phrase.com\/de\/customers\/\">Zu den Fallstudien<\/a><\/div>\n<\/div>\n<\/div>\n\n\n\n<div class=\"wp-block-group alignwide has-global-padding is-layout-constrained wp-block-group-is-layout-constrained\">\n<p class=\"has-text-align-center has-blue-color has-text-color has-link-color wp-elements-67c89e5be16708a0efc4edc0450e371f\">H\u00c4UFIG GESTELLTE FRAGEN<\/p>\n\n\n\n<h2 class=\"wp-block-heading has-text-align-center\" id=\"h-hier-beantworten-wir-deine-fragen\">Hier beantworten wir deine Fragen<\/h2>\n\n\n\n<div class=\"wp-block-wearerequired-accordion alignwide is-style-default\">\n<div id=\"acc-verfuegt-der-desktop-editor-ueber-die-gleichen-funktionen-wie-der-web-editor\" tabindex=\"-1\" class=\"wp-block-wearerequired-accordion-section\">\n<h3 class=\"wp-block-wearerequired-accordion-heading\"><span aria-hidden=\"true\" class=\"wp-block-wearerequired-accordion-heading__icon\"><\/span><span class=\"wp-block-wearerequired-accordion-heading__text\">Verf\u00fcgt der Desktop-Editor \u00fcber die gleichen Funktionen wie der Web-Editor?<\/span><\/h3>\n\n\n\n<div class=\"wp-block-wearerequired-accordion-content is-layout-flow wp-block-wearerequired-accordion-content-is-layout-flow\">\n<p>Beide Versionen des Editors haben den gleichen Funktionsumfang und sind vollkommen kompatibel. Der Desktop-Editor bietet den zus\u00e4tzlichen Vorteil, dass du auch offline an deinen Projekten arbeiten kannst.<\/p>\n<\/div>\n<\/div>\n<\/div>\n<\/div>\n\n\n\n<div class=\"wp-block-group alignwide has-yellow-background-color has-background has-global-padding is-layout-constrained wp-block-group-is-layout-constrained\">\n<h2 class=\"wp-block-heading has-text-align-center\" id=\"h-mehr-erfahren\">Mehr erfahren?<\/h2>\n\n\n\n<div class=\"wp-block-buttons is-content-justification-center is-layout-flex wp-container-core-buttons-is-layout-a89b3969 wp-block-buttons-is-layout-flex\">\n<div class=\"wp-block-button\"><a class=\"wp-block-button__link wp-element-button\" href=\"https:\/\/phrase.com\/de\/pricing\/\">Preise<\/a><\/div>\n\n\n\n<div class=\"wp-block-button is-style-black-outline\"><a class=\"wp-block-button__link wp-element-button\" href=\"https:\/\/phrase.com\/de\/demo\/\">Demo vereinbaren<\/a><\/div>\n<\/div>\n<\/div>\n","protected":false},"excerpt":{"rendered":"<p>Arbeite mit Phrase \u2013 auf deine Art Lade alle Tools herunter, die du ben\u00f6tigst, um mit Phrase auf die Weise zu interagieren, die dir am besten passt. Downloads und Setup-Anleitungen Passe Phrase deinen Anforderungen und deinem Arbeitsablauf an. \u00dcbersetze von \u00fcberall aus Lade den neuesten Desktop-Editor f\u00fcr Phrase TMS (26.2.1) herunter und bearbeite deine \u00dcbersetzungsjobs [&hellip;]<\/p>\n","protected":false},"author":4,"featured_media":0,"parent":0,"menu_order":0,"comment_status":"closed","ping_status":"closed","template":"page-refresh","meta":{"_acf_changed":false,"_stopmodifiedupdate":false,"_modified_date":"","_searchwp_excluded":"","episode_type":"","audio_file":"","podmotor_file_id":"","podmotor_episode_id":"","cover_image":"","cover_image_id":"","duration":"","filesize":"","filesize_raw":"","date_recorded":"","explicit":"","block":"","itunes_episode_number":"","itunes_title":"","itunes_season_number":"","itunes_episode_type":"","footnotes":""},"class_list":["post-27829","page","type-page","status-publish","hentry"],"acf":[],"_links":{"self":[{"href":"https:\/\/phrase.com\/de\/wp-json\/wp\/v2\/pages\/27829","targetHints":{"allow":["GET"]}}],"collection":[{"href":"https:\/\/phrase.com\/de\/wp-json\/wp\/v2\/pages"}],"about":[{"href":"https:\/\/phrase.com\/de\/wp-json\/wp\/v2\/types\/page"}],"author":[{"embeddable":true,"href":"https:\/\/phrase.com\/de\/wp-json\/wp\/v2\/users\/4"}],"replies":[{"embeddable":true,"href":"https:\/\/phrase.com\/de\/wp-json\/wp\/v2\/comments?post=27829"}],"version-history":[{"count":100,"href":"https:\/\/phrase.com\/de\/wp-json\/wp\/v2\/pages\/27829\/revisions"}],"predecessor-version":[{"id":132196,"href":"https:\/\/phrase.com\/de\/wp-json\/wp\/v2\/pages\/27829\/revisions\/132196"}],"wp:attachment":[{"href":"https:\/\/phrase.com\/de\/wp-json\/wp\/v2\/media?parent=27829"}],"curies":[{"name":"wp","href":"https:\/\/api.w.org\/{rel}","templated":true}]}}