{"id":27851,"date":"2022-08-22T15:41:12","date_gmt":"2022-08-22T13:41:12","guid":{"rendered":"https:\/\/phrase.com\/?page_id=27851"},"modified":"2025-10-06T09:20:12","modified_gmt":"2025-10-06T07:20:12","slug":"adobe","status":"publish","type":"page","link":"https:\/\/phrase.com\/de\/integrations\/adobe\/","title":{"rendered":"Integration von Adobe Commerce"},"content":{"rendered":"\n<div id=\"acf\/hero-block_d638310acfe34ec801a6a0f83444dbb6\" class=\"pxblock pxblock--hero alignfull bg--white\">\n\t\t<div class=\"container\">\n\t\t<div class=\"columns animate-in animate-children columns--middle media--right\">\n\t\t\t<div class=\"wysiwyg column columns--text\">\n\n\t\t\t\t\t\t\t\t<div class=\"text--subheader subhead\">Integrationen<\/div>\n\t\t\t\t\n\t\t\t\t<div class=\"text--header\"><h1 class=\"secondary \">Phrase-Integration f\u00fcr Adobe Commerce<\/h1><\/div>\n\t\t\t\t<div class=\"text--copy\"><p>\u00dcbersetze deine E-Commerce-Website ganz einfach in mehrere Sprachen und biete internationalen Kunden ein vollst\u00e4ndig lokalisiertes Online-Einkaufserlebnis.<\/p>\n<\/div>\n\n\t\t\t\t\t\t\t\t\t<div class=\"btn-group\">\n\t\t\t\t\t\t\t\t\t\t\t\t\t<a href=\"https:\/\/phrase.com\/demo\/\" class=\"btn btn--primary\">\n\t\t\t\t\t\t\t\tDemo buchen\t\t\t\t\t\t\t<\/a>\n\t\t\t\t\t\t\t\t\t\t\t\t\t\t<a href=\"https:\/\/eu.phrase.com\/idm-ui\/signup?uiLang=en-US\" class=\"btn btn--outline\">\n\t\t\t\t\t\t\t\tJetzt kostenlos testen\t\t\t\t\t\t\t<\/a>\n\t\t\t\t\t\t\t\t\t\t\t\t<\/div>\n\t\t\t\t\t\t\t<\/div>\n\t\t\t<div class=\"column columns--media\">\n\t\t\t\t\t\t\t\t\t<div class=\"media media--image\">\n    <img loading=\"lazy\" decoding=\"async\" width=\"2520\" height=\"1940\" src=\"https:\/\/phrase.com\/wp-content\/uploads\/2022\/08\/Adobe_Commerce_Integration_Header.png\" class=\"attachment-original size-original\" alt=\"Adobe Commerce integration visual | Phrase\" srcset=\"https:\/\/phrase.com\/wp-content\/uploads\/2022\/08\/Adobe_Commerce_Integration_Header.png 2520w, https:\/\/phrase.com\/wp-content\/uploads\/2022\/08\/Adobe_Commerce_Integration_Header-300x231.png 300w, https:\/\/phrase.com\/wp-content\/uploads\/2022\/08\/Adobe_Commerce_Integration_Header-1024x788.png 1024w, https:\/\/phrase.com\/wp-content\/uploads\/2022\/08\/Adobe_Commerce_Integration_Header-768x591.png 768w, https:\/\/phrase.com\/wp-content\/uploads\/2022\/08\/Adobe_Commerce_Integration_Header-1536x1182.png 1536w, https:\/\/phrase.com\/wp-content\/uploads\/2022\/08\/Adobe_Commerce_Integration_Header-2048x1577.png 2048w\" sizes=\"auto, (max-width: 2520px) 100vw, 2520px\" \/><\/div>\n\t\t\t\t\t\t\t<\/div>\n\t\t<\/div>\n\t<\/div>\n<\/div>\n\n\n\n<div id=\"acf\/badges-block_7ba823ee532316de0493070b471a2816\" class=\"pxblock pxblock--badges alignfull bg--white justify-content--normal\" data-randomize=\"1\" data-limit=\"6\">\n\t\t<div class=\"container\">\n\t\t<div class=\"images animate-in animate-children\">\n\t\t\t\t\t\t\t\t\t<div class=\"image\">\n\t\t\t\t\t\t\t<span class=\"image_size--medium\"><img loading=\"lazy\" decoding=\"async\" width=\"225\" height=\"50\" src=\"https:\/\/phrase.com\/wp-content\/uploads\/2023\/04\/Huawei_Logo.png\" class=\"attachment-original size-original\" alt=\"Huawei logo colored for logo banner | Phrase\" \/><\/span>\t\t\t\t\t\t<\/div>\n\t\t\t\t\t\t\t\t\t\t\t\t<div class=\"image\">\n\t\t\t\t\t\t\t<span class=\"image_size--medium\"><img loading=\"lazy\" decoding=\"async\" width=\"149\" height=\"48\" src=\"https:\/\/phrase.com\/wp-content\/uploads\/2022\/08\/Uber.svg\" class=\"attachment-original size-original\" alt=\"Uber logo | Phrase\" \/><\/span>\t\t\t\t\t\t<\/div>\n\t\t\t\t\t\t\t\t\t\t\t\t<div class=\"image\">\n\t\t\t\t\t\t\t<span class=\"image_size--medium\"><img loading=\"lazy\" decoding=\"async\" width=\"267\" height=\"38\" src=\"https:\/\/phrase.com\/wp-content\/uploads\/2023\/04\/Lionbridge_Logo.png\" class=\"attachment-original size-original\" alt=\"Lionbridge logo colored for logo banner | Phrase\" \/><\/span>\t\t\t\t\t\t<\/div>\n\t\t\t\t\t\t\t\t\t\t\t\t<div class=\"image\">\n\t\t\t\t\t\t\t<span class=\"image_size--medium\"><img loading=\"lazy\" decoding=\"async\" width=\"220\" height=\"46\" src=\"https:\/\/phrase.com\/wp-content\/uploads\/2023\/04\/zendesk_logo-1.png\" class=\"attachment-original size-original\" alt=\"Zendesk logo colored for logo banner | Phrase\" \/><\/span>\t\t\t\t\t\t<\/div>\n\t\t\t\t\t\t\t\t\t\t\t\t<div class=\"image\">\n\t\t\t\t\t\t\t<span class=\"image_size--medium\"><img loading=\"lazy\" decoding=\"async\" width=\"200\" height=\"34\" src=\"https:\/\/phrase.com\/wp-content\/uploads\/2023\/04\/Fujifilm_Logo.png\" class=\"attachment-original size-original\" alt=\"Fujifilm logo colored for logo banner | Phrase\" \/><\/span>\t\t\t\t\t\t<\/div>\n\t\t\t\t\t\t\t\t\t\t\t\t<div class=\"image\">\n\t\t\t\t\t\t\t<span class=\"image_size--medium\"><img loading=\"lazy\" decoding=\"async\" width=\"208\" height=\"62\" src=\"https:\/\/phrase.com\/wp-content\/uploads\/2023\/04\/Shopify_Logo.png\" class=\"attachment-original size-original\" alt=\"Shopify logo colored for logo banner | Phrase\" \/><\/span>\t\t\t\t\t\t<\/div>\n\t\t\t\t\t\t\t\t\t\t\t\t<div class=\"image\">\n\t\t\t\t\t\t\t<span class=\"image_size--medium\"><img loading=\"lazy\" decoding=\"async\" width=\"314\" height=\"79\" src=\"https:\/\/phrase.com\/wp-content\/uploads\/2023\/10\/Decathlon_logo.png\" class=\"attachment-original size-original\" alt=\"Decathlon logo colored for logo banner | Phrase\" srcset=\"https:\/\/phrase.com\/wp-content\/uploads\/2023\/10\/Decathlon_logo.png 314w, https:\/\/phrase.com\/wp-content\/uploads\/2023\/10\/Decathlon_logo-300x75.png 300w\" sizes=\"auto, (max-width: 314px) 100vw, 314px\" \/><\/span>\t\t\t\t\t\t<\/div>\n\t\t\t\t\t\t\t\t\t\t\t\t<div class=\"image\">\n\t\t\t\t\t\t\t<span class=\"image_size--medium\"><img loading=\"lazy\" decoding=\"async\" width=\"332\" height=\"90\" src=\"https:\/\/phrase.com\/wp-content\/uploads\/2023\/10\/deliveroo_logo.png\" class=\"attachment-original size-original\" alt=\"Deliveroo logo colored for logo banner | Phrase\" srcset=\"https:\/\/phrase.com\/wp-content\/uploads\/2023\/10\/deliveroo_logo.png 332w, https:\/\/phrase.com\/wp-content\/uploads\/2023\/10\/deliveroo_logo-300x81.png 300w\" sizes=\"auto, (max-width: 332px) 100vw, 332px\" \/><\/span>\t\t\t\t\t\t<\/div>\n\t\t\t\t\t\t\t\t\t\t\t\t<div class=\"image\">\n\t\t\t\t\t\t\t<span class=\"image_size--medium\"><img loading=\"lazy\" decoding=\"async\" width=\"283\" height=\"40\" src=\"https:\/\/phrase.com\/wp-content\/uploads\/2023\/10\/Skoda_logo.png\" class=\"attachment-original size-original\" alt=\"Skoda\" \/><\/span>\t\t\t\t\t\t<\/div>\n\t\t\t\t\t\t\t\t\t\t\t\t<div class=\"image\">\n\t\t\t\t\t\t\t<span class=\"image_size--medium\"><img loading=\"lazy\" decoding=\"async\" width=\"277\" height=\"86\" src=\"https:\/\/phrase.com\/wp-content\/uploads\/2023\/10\/Personio_logo.png\" class=\"attachment-original size-original\" alt=\"Personio logo colored for logo banner | Phrase\" \/><\/span>\t\t\t\t\t\t<\/div>\n\t\t\t\t\t\t\t\t\t\t\t\t<div class=\"image\">\n\t\t\t\t\t\t\t<span class=\"image_size--medium\">#<\/span>\t\t\t\t\t\t<\/div>\n\t\t\t\t\t\t\t\t\t\t\t\t<div class=\"image\">\n\t\t\t\t\t\t\t<span class=\"image_size--medium\"><img loading=\"lazy\" decoding=\"async\" width=\"359\" height=\"78\" src=\"https:\/\/phrase.com\/wp-content\/uploads\/2022\/08\/pega_logo.png\" class=\"attachment-original size-original\" alt=\"PEGA logo\" srcset=\"https:\/\/phrase.com\/wp-content\/uploads\/2022\/08\/pega_logo.png 359w, https:\/\/phrase.com\/wp-content\/uploads\/2022\/08\/pega_logo-300x65.png 300w\" sizes=\"auto, (max-width: 359px) 100vw, 359px\" \/><\/span>\t\t\t\t\t\t<\/div>\n\t\t\t\t\t\t\t\t\t\t\t\t<div class=\"image\">\n\t\t\t\t\t\t\t<span class=\"image_size--medium\"><img loading=\"lazy\" decoding=\"async\" width=\"383\" height=\"88\" src=\"https:\/\/phrase.com\/wp-content\/uploads\/2024\/01\/Electrolux_logo-2.svg\" class=\"attachment-original size-original\" alt=\"\" \/><\/span>\t\t\t\t\t\t<\/div>\n\t\t\t\t\t\t\t\t\t\t\t\t<div class=\"image\">\n\t\t\t\t\t\t\t<span class=\"image_size--medium\">#<\/span>\t\t\t\t\t\t<\/div>\n\t\t\t\t\t\t\t\t<\/div>\n\t<\/div>\n<\/div>\n\n\n\n<div id=\"acf\/columns-block_de65ecf82c352858d9ec649a6d500886\" class=\"pxblock pxblock--columns alignfull bg--white\">\n\t\t<div class=\"container\">\n\n\t\t<div class=\"columns animate-in animate-children columns--text-media columns--middle media--right\">\n\t\t\t<div class=\"wysiwyg columns--text\"><div class=\"text-container\"><h2><span class=\"h2\">Einfaches Projektmanagement<\/span><\/h2>\n<p><span>Mit Phrase entfallen die Verwaltung von \u00dcbersetzungen mit CSV-Dateien und der Versand per E-Mail. Phrase kann neue und aktualisierte Inhalte automatisch zur \u00dcbersetzung senden, ohne dass du Adobe Commerce verlassen musst. F\u00fcr durchg\u00e4ngige \u00dcbersetzungsabl\u00e4ufe ohne Stolpersteine.<\/span><\/p>\n<\/div><\/div>\n\n\t\t\t<div class=\"media media--image\">\n    <img loading=\"lazy\" decoding=\"async\" width=\"2520\" height=\"1604\" src=\"https:\/\/phrase.com\/wp-content\/uploads\/2022\/08\/Adobe_commerce_automation@2x.png\" class=\"attachment-original size-original\" alt=\"Adobe Commerce automation visual | Phrase\" srcset=\"https:\/\/phrase.com\/wp-content\/uploads\/2022\/08\/Adobe_commerce_automation@2x.png 2520w, https:\/\/phrase.com\/wp-content\/uploads\/2022\/08\/Adobe_commerce_automation@2x-300x191.png 300w, https:\/\/phrase.com\/wp-content\/uploads\/2022\/08\/Adobe_commerce_automation@2x-1024x652.png 1024w, https:\/\/phrase.com\/wp-content\/uploads\/2022\/08\/Adobe_commerce_automation@2x-768x489.png 768w, https:\/\/phrase.com\/wp-content\/uploads\/2022\/08\/Adobe_commerce_automation@2x-1536x978.png 1536w, https:\/\/phrase.com\/wp-content\/uploads\/2022\/08\/Adobe_commerce_automation@2x-2048x1304.png 2048w\" sizes=\"auto, (max-width: 2520px) 100vw, 2520px\" \/><\/div>\n\t\t<\/div>\n\t<\/div>\n<\/div>\n\n\n\n<div id=\"acf\/columns-block_a243dd534129230b6e2a2cacf3b63145\" class=\"pxblock pxblock--columns alignfull bg--white\">\n\t\t<div class=\"container\">\n\n\t\t<div class=\"columns animate-in animate-children columns--text-media columns--middle media--left\">\n\t\t\t<div class=\"wysiwyg columns--text\"><div class=\"text-container\"><h2>Gewinne neue Kund:innen<\/h2>\n<p>Erschlie\u00dfe neue M\u00e4rkte und steigere das globale Wachstum mit lokalisierten Produkten in all deinen E-Commerce-Shops. \u00dcbersetze deine Produkte, Kategorien, Seiten und Bl\u00f6cke und steigere die Konversionsraten.<\/p>\n<\/div><\/div>\n\n\t\t\t<div class=\"media media--image\">\n    <img loading=\"lazy\" decoding=\"async\" width=\"1260\" height=\"908\" src=\"https:\/\/phrase.com\/wp-content\/uploads\/2022\/08\/Campaign_launch.png\" class=\"attachment-original size-original\" alt=\"Campaign launch visual | Phrase\" srcset=\"https:\/\/phrase.com\/wp-content\/uploads\/2022\/08\/Campaign_launch.png 1260w, https:\/\/phrase.com\/wp-content\/uploads\/2022\/08\/Campaign_launch-300x216.png 300w, https:\/\/phrase.com\/wp-content\/uploads\/2022\/08\/Campaign_launch-1024x738.png 1024w, https:\/\/phrase.com\/wp-content\/uploads\/2022\/08\/Campaign_launch-768x553.png 768w\" sizes=\"auto, (max-width: 1260px) 100vw, 1260px\" \/><\/div>\n\t\t<\/div>\n\t<\/div>\n<\/div>\n\n\n\n<div id=\"acf\/columns-block_93833da45c4c846a0d5401ef8953a9fc\" class=\"pxblock pxblock--columns alignfull bg--white\">\n\t\t<div class=\"container\">\n\n\t\t<div class=\"columns animate-in animate-children columns--text-media columns--middle media--right\">\n\t\t\t<div class=\"wysiwyg columns--text\"><div class=\"text-container\"><h2>Effizient \u00fcbersetzen<\/h2>\n<p>\u00dcbersetze Produktinformationen mit <a href=\"https:\/\/phrase.com\/platform\/ai\/\">KI-gest\u00fctzter maschineller \u00dcbersetzung<\/a> und Translation Memory. Sobald ein Segment \u00fcbersetzt wurde, wird es in Phrase automatisch gespeichert. Das bedeutet: Kein Satz muss zweimal \u00fcbersetzt werden.<\/p>\n<\/div><\/div>\n\n\t\t\t<div class=\"media media--image\">\n    <img loading=\"lazy\" decoding=\"async\" width=\"1260\" height=\"864\" src=\"https:\/\/phrase.com\/wp-content\/uploads\/2022\/08\/Translation_memory.png\" class=\"attachment-original size-original\" alt=\"Translation memory visual | Phrase\" srcset=\"https:\/\/phrase.com\/wp-content\/uploads\/2022\/08\/Translation_memory.png 1260w, https:\/\/phrase.com\/wp-content\/uploads\/2022\/08\/Translation_memory-300x206.png 300w, https:\/\/phrase.com\/wp-content\/uploads\/2022\/08\/Translation_memory-1024x702.png 1024w, https:\/\/phrase.com\/wp-content\/uploads\/2022\/08\/Translation_memory-768x527.png 768w\" sizes=\"auto, (max-width: 1260px) 100vw, 1260px\" \/><\/div>\n\t\t<\/div>\n\t<\/div>\n<\/div>\n\n\n\n<div id=\"\" class=\"pxblock pxblock--standalone-button alignfull\">\n\t\t<div class=\"container\">\n\t\t<div class=\"btn-group btn-group--center\">\n\t\t\t\t\t\t\t<a href=\"https:\/\/phrase.com\/platform\/\" class=\"btn btn--primary\">\n\t\t\t\t\tErkunde die Phrase-Plattform\t\t\t\t<\/a>\n\t\t\t\t\t\t<\/div>\n\t<\/div>\n<\/div>\n\n\n\n<div id=\"acf\/stats-block_6b6560ffc3ce12d5f04b496fec324fa2\" class=\"pxblock pxblock--stats alignfull bg--grey\">\n\t\t<div class=\"container\">\n\t\t<div class=\"columns\">\n\t\t\t<div class=\"column animate-in\">\n\t\t\t\t<div class=\"stats--sub-header\">Was wir erreichen<\/div>\n\t\t\t\t<h2 class=\"h2 stats--header\">Phrase in Zahlen<\/h2>\n\t\t\t\t<div class=\"stats--copy\"><\/div>\n\t\t\t<\/div>\n\t\t\t<div class=\"column\">\n\t\t\t\t<div class=\"columns animate-in animate-children delay-1\">\n\t\t\t\t\t\t\t\t\t\t<div class=\"column stat\">\n\t\t\t\t\t\t<div class=\"stat--num\">&gt; 500<\/div>\n\t\t\t\t\t\t<div class=\"stat--desc\">unterst\u00fctzte Sprachen<\/div>\n\t\t\t\t\t<\/div>\n\t\t\t\t\t\t\t\t\t\t<div class=\"column stat\">\n\t\t\t\t\t\t<div class=\"stat--num\">&gt; 2 Mrd.<\/div>\n\t\t\t\t\t\t<div class=\"stat--desc\">monatlich bearbeitete W\u00f6rter<\/div>\n\t\t\t\t\t<\/div>\n\t\t\t\t\t\t\t\t\t\t<div class=\"column stat\">\n\t\t\t\t\t\t<div class=\"stat--num\">&gt; 200.000<\/div>\n\t\t\t\t\t\t<div class=\"stat--desc\">User weltweit<\/div>\n\t\t\t\t\t<\/div>\n\t\t\t\t\t\t\t\t\t\t<div class=\"column stat\">\n\t\t\t\t\t\t<div class=\"stat--num\">&gt; 50<\/div>\n\t\t\t\t\t\t<div class=\"stat--desc\">Unterst\u00fctzte Dateitypen<\/div>\n\t\t\t\t\t<\/div>\n\t\t\t\t\t\t\t\t\t<\/div>\n\t\t\t<\/div>\n\t\t<\/div>\n\t<\/div>\n<\/div>\n\n\n<div id=\"acf\/testimonials-block_73ec70210f31158d42449b8cf5bad01e\" class=\"pxblock pxblock--testimonials alignfull bg--green\">\n\t\n\t<div class=\"container\">\n\n\t\t<div class=\"testimonials animate-in\"><div class=\"testimonial\"><span class=\"testimonial__icon\"><\/span><p class=\"testimonial__quote length_class-small\"><p>Now, thanks to automation, we can easily translate product descriptions on our e-commerce website and our localization cycle is 30% faster.<\/p>\n<\/p><div class=\"testimonial__logo\"><img loading=\"lazy\" decoding=\"async\" width=\"305\" height=\"138\" src=\"https:\/\/phrase.com\/wp-content\/uploads\/2022\/08\/Tennispoint_Testimonial_Logo-1.png\" class=\"attachment-original size-original\" alt=\"Tennis Point logo for testimonial | Phrase\" srcset=\"https:\/\/phrase.com\/wp-content\/uploads\/2022\/08\/Tennispoint_Testimonial_Logo-1.png 305w, https:\/\/phrase.com\/wp-content\/uploads\/2022\/08\/Tennispoint_Testimonial_Logo-1-300x136.png 300w\" sizes=\"auto, (max-width: 305px) 100vw, 305px\" \/><\/div><div class=\"testimonial__attribution\"><p class=\"testimonial__author\">Fabian Lauer<\/p><p class=\"testimonial__author-title\">Software Developer<\/p><\/div><a class=\"btn btn--primary\" href=\"https:\/\/phrase.com\/customers\/\">See all case studies<\/a><\/div><\/div>\t<\/div>\n\n<\/div>\n\n\n\n<div id=\"acf\/feature-block_5d6dba5c9c04474d33183489dfde007a\" class=\"pxblock pxblock--feature alignfull bg--yellow\">\n\t\t<div class=\"container animate-in\">\n\t\t<div class=\"feature--header\"><h2 class=\"h1\">Bereit loszulegen?<\/h2><\/div>\n\t\t<div class=\"feature--content\">\n\t\t\t<h3>Sprich eine gr\u00f6\u00dfere Zielgruppe an und verbessere die Kundenbindung.<\/h3>\n\t\t\t\t\t<\/div>\n\n\t\t\t\t\t<div class=\"feature--btns btn-group btn-group--center\">\n\t\t\t\t\t\t\t\t\t<a href=\"https:\/\/phrase.com\/de\/demo\/\" class=\"btn btn--primary\">\n\t\t\t\t\t\tDemo vereinbaren\t\t\t\t\t<\/a>\n\t\t\t\t\t\t\t\t\t\t<a href=\"https:\/\/phrase.com\/de\/pricing\/\" class=\"btn btn--outline\">\n\t\t\t\t\t\tPreise ansehen\t\t\t\t\t<\/a>\n\t\t\t\t\t\t\t\t<\/div>\n\t\t\t<\/div>\n<\/div>\n\n","protected":false},"excerpt":{"rendered":"","protected":false},"author":7,"featured_media":0,"parent":31701,"menu_order":0,"comment_status":"closed","ping_status":"closed","template":"","meta":{"_acf_changed":false,"_stopmodifiedupdate":false,"_modified_date":"","_searchwp_excluded":"","episode_type":"","audio_file":"","podmotor_file_id":"","podmotor_episode_id":"","cover_image":"","cover_image_id":"","duration":"","filesize":"","filesize_raw":"","date_recorded":"","explicit":"","block":"","itunes_episode_number":"","itunes_title":"","itunes_season_number":"","itunes_episode_type":"","footnotes":""},"class_list":["post-27851","page","type-page","status-publish","hentry"],"acf":[],"_links":{"self":[{"href":"https:\/\/phrase.com\/de\/wp-json\/wp\/v2\/pages\/27851","targetHints":{"allow":["GET"]}}],"collection":[{"href":"https:\/\/phrase.com\/de\/wp-json\/wp\/v2\/pages"}],"about":[{"href":"https:\/\/phrase.com\/de\/wp-json\/wp\/v2\/types\/page"}],"author":[{"embeddable":true,"href":"https:\/\/phrase.com\/de\/wp-json\/wp\/v2\/users\/7"}],"replies":[{"embeddable":true,"href":"https:\/\/phrase.com\/de\/wp-json\/wp\/v2\/comments?post=27851"}],"version-history":[{"count":19,"href":"https:\/\/phrase.com\/de\/wp-json\/wp\/v2\/pages\/27851\/revisions"}],"predecessor-version":[{"id":119086,"href":"https:\/\/phrase.com\/de\/wp-json\/wp\/v2\/pages\/27851\/revisions\/119086"}],"up":[{"embeddable":true,"href":"https:\/\/phrase.com\/de\/wp-json\/wp\/v2\/pages\/31701"}],"wp:attachment":[{"href":"https:\/\/phrase.com\/de\/wp-json\/wp\/v2\/media?parent=27851"}],"curies":[{"name":"wp","href":"https:\/\/api.w.org\/{rel}","templated":true}]}}