{"id":29008,"date":"2022-08-14T18:09:32","date_gmt":"2022-08-14T16:09:32","guid":{"rendered":"https:\/\/phrase.com\/sicherheit\/"},"modified":"2025-10-06T10:07:24","modified_gmt":"2025-10-06T08:07:24","slug":"secure-localization-platform","status":"publish","type":"page","link":"https:\/\/phrase.com\/de\/secure-localization-platform\/","title":{"rendered":"Sicherheit bei Phrase"},"content":{"rendered":"\n<div class=\"wp-block-group alignwide is-style-header-hero has-white-color has-white-background-color has-text-color has-background has-link-color has-background-images wp-elements-dbc201cc16b6e8ac3e5cd51a11157a71 is-layout-flow wp-block-group-is-layout-flow\" style=\"padding-top:var(--wp--preset--spacing--110);padding-bottom:var(--wp--preset--spacing--110);background-image:url(https:\/\/phrase.com\/wp-content\/uploads\/2025\/07\/phrase-header-red.jpg.webp);background-position:0% 100%;background-attachment:scroll;background-repeat:no-repeat;background-size:cover\">\n<div class=\"wp-block-group has-global-padding is-content-justification-left is-layout-constrained wp-container-core-group-is-layout-4513c74a wp-block-group-is-layout-constrained\"><div class=\"yoast-breadcrumbs\"><span><span><a href=\"https:\/\/phrase.com\/de\/\">Home<\/a><\/span> | <span class=\"breadcrumb_last\" aria-current=\"page\">Sicherheit bei Phrase<\/span><\/span><\/div>\n\n\n<h2 class=\"wp-block-heading has-text-align-left has-gigantic-font-size\" id=\"h-phrase-security\" style=\"font-style:normal;font-weight:400\">Sicherheit bei Phrase<\/h2>\n\n\n\n<div class=\"wp-block-group has-global-padding is-content-justification-left is-layout-constrained wp-container-core-group-is-layout-12dd3699 wp-block-group-is-layout-constrained\">\n<p class=\"has-text-align-left\">Profitiere von den Sicherheitsstandards und der Zuverl\u00e4ssigkeit, die f\u00fcr Unternehmen entwickelt wurden. Wir sorgen daf\u00fcr, dass du dich ohne Unterbrechungen auf deine Arbeit konzentrieren und Daten in einer sicheren Umgebung austauschen kannst.<\/p>\n<\/div>\n\n\n\n<div class=\"wp-block-buttons is-content-justification-left is-layout-flex wp-container-core-buttons-is-layout-fc4fd283 wp-block-buttons-is-layout-flex\">\n<div class=\"wp-block-button is-style-red-filled\"><a class=\"wp-block-button__link wp-element-button\" href=\"https:\/\/phrase.com\/de\/demo\/\" target=\"_blank\" rel=\"noreferrer noopener\">Demo vereinbaren<\/a><\/div>\n<\/div>\n<\/div>\n<\/div>\n\n\n\n<div class=\"wp-block-columns alignwide are-vertically-aligned-center media-text-columns media-text-columns--media-right is-layout-flex wp-container-core-columns-is-layout-28f84493 wp-block-columns-is-layout-flex\">\n<div class=\"wp-block-column is-vertically-aligned-center is-layout-flow wp-block-column-is-layout-flow\" style=\"flex-basis:41.9672131148%\">\n<h2 class=\"wp-block-heading has-extra-large-font-size\" id=\"h-control-user-access-rights\">Nutzungszugriffsrechte verwalten<\/h2>\n\n\n\n<p>Du kannst f\u00fcr das Team vordefinierte Userrollen verwenden und diese den Projektanforderungen anpassen, damit alle Mitarbeiter Zugriff auf die ben\u00f6tigten Ressourcen haben.<\/p>\n\n\n\n<ul class=\"wp-block-list\">\n<li>Zur Authentifizierung werden SSO, 2fA und IP-Adressfilterung genutzt.<\/li>\n\n\n\n<li>In Phrase TMS kannst du auch die M\u00f6glichkeit zum Herunterladen von Dateien einschr\u00e4nken, damit sensible Daten Phrase TMS nicht verlassen.<\/li>\n<\/ul>\n\n\n\n<div class=\"wp-block-buttons is-layout-flex wp-block-buttons-is-layout-flex\">\n<div class=\"wp-block-button is-style-plain\"><a class=\"wp-block-button__link wp-element-button\" href=\"https:\/\/support.phrase.com\/hc\/de\/articles\/5709585565980-Access-and-Security-TMS\" target=\"_blank\" rel=\"noreferrer noopener\">Mehr zum Nutzungszugriff<\/a><\/div>\n<\/div>\n<\/div>\n\n\n\n<div class=\"wp-block-column is-vertically-aligned-center is-layout-flow wp-block-column-is-layout-flow\" style=\"flex-basis:57.2131147541%\">\n<figure class=\"wp-block-image size-full\"><img loading=\"lazy\" decoding=\"async\" width=\"1260\" height=\"613\" src=\"https:\/\/phrase.com\/wp-content\/uploads\/2022\/08\/User_management.png\" alt=\"Zugriffsrechte abh\u00e4ngig von der User-Rolle | Phrase\" class=\"wp-image-2729\" srcset=\"https:\/\/phrase.com\/wp-content\/uploads\/2022\/08\/User_management.png 1260w, https:\/\/phrase.com\/wp-content\/uploads\/2022\/08\/User_management-300x146.png 300w, https:\/\/phrase.com\/wp-content\/uploads\/2022\/08\/User_management-1024x498.png 1024w, https:\/\/phrase.com\/wp-content\/uploads\/2022\/08\/User_management-768x374.png 768w\" sizes=\"auto, (max-width: 1260px) 100vw, 1260px\" \/><\/figure>\n<\/div>\n<\/div>\n\n\n\n<div class=\"wp-block-columns alignwide are-vertically-aligned-center media-text-columns media-text-columns--media-left is-layout-flex wp-container-core-columns-is-layout-28f84493 wp-block-columns-is-layout-flex\">\n<div class=\"wp-block-column is-vertically-aligned-center is-layout-flow wp-block-column-is-layout-flow\" style=\"flex-basis:57.2131147541%\">\n<figure class=\"wp-block-image size-full\"><img loading=\"lazy\" decoding=\"async\" width=\"1260\" height=\"711\" src=\"https:\/\/phrase.com\/wp-content\/uploads\/2022\/08\/Data_center_map.png\" alt=\"Abbildung Rechenzentrum Aufbau | Phrase\" class=\"wp-image-2736\" srcset=\"https:\/\/phrase.com\/wp-content\/uploads\/2022\/08\/Data_center_map.png 1260w, https:\/\/phrase.com\/wp-content\/uploads\/2022\/08\/Data_center_map-300x169.png 300w, https:\/\/phrase.com\/wp-content\/uploads\/2022\/08\/Data_center_map-1024x578.png 1024w, https:\/\/phrase.com\/wp-content\/uploads\/2022\/08\/Data_center_map-768x433.png 768w\" sizes=\"auto, (max-width: 1260px) 100vw, 1260px\" \/><\/figure>\n<\/div>\n\n\n\n<div class=\"wp-block-column is-vertically-aligned-center is-layout-flow wp-block-column-is-layout-flow\" style=\"flex-basis:41.9672131148%\">\n<h2 class=\"wp-block-heading has-extra-large-font-size\" id=\"h-choose-where-your-data-is-stored\">Entscheide selbst, wo deine Daten gespeichert werden<\/h2>\n\n\n\n<p>Du kannst entscheiden, ob deine Inhalte in einem Rechenzentrum in Irland oder den USA gespeichert werden sollen. Unsere Server sind auch physisch auf h\u00f6chstem technischen Niveau gesch\u00fctzt.<\/p>\n\n\n\n<div class=\"wp-block-buttons is-layout-flex wp-block-buttons-is-layout-flex\">\n<div class=\"wp-block-button is-style-plain\"><a class=\"wp-block-button__link wp-element-button\" href=\"https:\/\/support.phrase.com\/hc\/de\/articles\/5748008399388-Data-Centers\" target=\"_blank\" rel=\"noreferrer noopener\">Mehr \u00fcber Rechenzentren<\/a><\/div>\n<\/div>\n<\/div>\n<\/div>\n\n\n\n<div class=\"wp-block-columns alignwide are-vertically-aligned-center media-text-columns media-text-columns--media-right is-layout-flex wp-container-core-columns-is-layout-28f84493 wp-block-columns-is-layout-flex\">\n<div class=\"wp-block-column is-vertically-aligned-center is-layout-flow wp-block-column-is-layout-flow\" style=\"flex-basis:41.9672131148%\">\n<h2 class=\"wp-block-heading has-extra-large-font-size\" id=\"h-rely-on-a-modern-saas-platform\">Alle Vorz\u00fcge einer modernen SaaS-Plattform<\/h2>\n\n\n\n<p>Neue Versionen werden ohne Ausfallzeiten bereitgestellt, damit du neue Funktionen ohne Unterbrechungen im Lokalisierungsprozess nutzen kannst. F\u00fcr Unternehmenskunden sind SLAs f\u00fcr Verf\u00fcgbarkeit und technischen Support verf\u00fcgbar.<\/p>\n\n\n\n<div class=\"wp-block-buttons is-layout-flex wp-block-buttons-is-layout-flex\">\n<div class=\"wp-block-button is-style-plain\"><a class=\"wp-block-button__link wp-element-button\" href=\"https:\/\/status.phrase.com\/\" target=\"_blank\" rel=\"noreferrer noopener\">Verf\u00fcgbarkeitsstatus live anzeigen<\/a><\/div>\n<\/div>\n<\/div>\n\n\n\n<div class=\"wp-block-column is-vertically-aligned-center is-layout-flow wp-block-column-is-layout-flow\" style=\"flex-basis:57.2131147541%\">\n<figure class=\"wp-block-image size-full\"><img loading=\"lazy\" decoding=\"async\" width=\"1260\" height=\"965\" src=\"https:\/\/phrase.com\/wp-content\/uploads\/2022\/08\/security.png\" alt=\"Sicherheit Icon | Phrase\" class=\"wp-image-1182\" srcset=\"https:\/\/phrase.com\/wp-content\/uploads\/2022\/08\/security.png 1260w, https:\/\/phrase.com\/wp-content\/uploads\/2022\/08\/security-300x230.png 300w, https:\/\/phrase.com\/wp-content\/uploads\/2022\/08\/security-1024x784.png 1024w, https:\/\/phrase.com\/wp-content\/uploads\/2022\/08\/security-768x588.png 768w\" sizes=\"auto, (max-width: 1260px) 100vw, 1260px\" \/><\/figure>\n<\/div>\n<\/div>\n\n\n\n<div class=\"wp-block-columns alignwide are-vertically-aligned-center media-text-columns media-text-columns--media-left is-layout-flex wp-container-core-columns-is-layout-28f84493 wp-block-columns-is-layout-flex\">\n<div class=\"wp-block-column is-vertically-aligned-center is-layout-flow wp-block-column-is-layout-flow\" style=\"flex-basis:57.2131147541%\">\n<figure class=\"wp-block-image size-full\"><img loading=\"lazy\" decoding=\"async\" width=\"1260\" height=\"784\" src=\"https:\/\/phrase.com\/wp-content\/uploads\/2022\/08\/Compliance.png\" alt=\"Compliance Icon | Phrase\" class=\"wp-image-2749\" srcset=\"https:\/\/phrase.com\/wp-content\/uploads\/2022\/08\/Compliance.png 1260w, https:\/\/phrase.com\/wp-content\/uploads\/2022\/08\/Compliance-300x187.png 300w, https:\/\/phrase.com\/wp-content\/uploads\/2022\/08\/Compliance-1024x637.png 1024w, https:\/\/phrase.com\/wp-content\/uploads\/2022\/08\/Compliance-768x478.png 768w\" sizes=\"auto, (max-width: 1260px) 100vw, 1260px\" \/><\/figure>\n\n\n\n<div class=\"wp-block-buttons is-layout-flex wp-block-buttons-is-layout-flex\"><\/div>\n<\/div>\n\n\n\n<div class=\"wp-block-column is-vertically-aligned-center is-layout-flow wp-block-column-is-layout-flow\" style=\"flex-basis:41.9672131148%\">\n<h2 class=\"wp-block-heading has-extra-large-font-size\" id=\"h-easily-adhere-to-your-organization-s-compliance-requirements\">Erf\u00fclle m\u00fchelos die Compliance-Anforderungen deines Unternehmens<\/h2>\n\n\n\n<p>Phrase ist mit einer Vielzahl von Sicherheitsfunktionen ausgestattet, die gew\u00e4hrleisten, dass deine Daten und Informationen stets sicher sind. Unsere ISO-27001-Zertifizierung ist nur eine dieser Ma\u00dfnahmen.<\/p>\n<\/div>\n<\/div>\n\n\n\n<div class=\"wp-block-group alignwide has-phrase-green-background-color has-background has-background-images has-global-padding is-content-justification-left is-layout-constrained wp-container-core-group-is-layout-12dd3699 wp-block-group-is-layout-constrained\" style=\"background-image:url(https:\/\/phrase.com\/wp-content\/uploads\/2025\/07\/woman-ipad-background.jpg.webp);background-position:0% 0%;background-attachment:scroll;background-repeat:no-repeat;background-size:cover\"><div class=\"glide wp-block-phrase-com-testimonials\"><div class=\"glide__track\" data-glide-el=\"track\"><div class=\"glide__slides\">\t<div class=\"wp-block-phrase-com-testimonial glide__slide\">\n\t\t<div class=\"wp-block-phrase-com-testimonial__text \">\n\t\t\t<p>Vor der Einf\u00fchrung von Phrase war es f\u00fcr die Mitarbeiter*innen von <a href=\"https:\/\/phrase.com\/de\/customers\/honyaku-center\/\">Honyaku Center<\/a> oft am bequemsten, Projektdateien in Form von E-Mail-Anh\u00e4ngen auszutauschen. So konnten die Dateien auch externen \u00dcbersetzern und Korrektoren zug\u00e4nglich gemacht werden. Der Workflow von \u00dcbersetzungsprojekten gestaltet sich jedoch weit effizienter, wenn Projektdaten in der Cloud gespeichert werden und bei der \u00dcbergabe eines Jobs vom \u00dcbersetzer an den Korrektor keine Verz\u00f6gerungen auftreten. Zun\u00e4chst gab es bei Honyaku Center Vorbehalte hinsichtlich der Sicherheit einer Cloud-basierten L\u00f6sung. Aber das Unternehmen stellte bald fest, dass die Zugriffskontrolle f\u00fcr Projekte und die zugeh\u00f6rigen Daten und die Statusverfolgung f\u00fcr alle Teammitglieder in der Cloud objektiv sicherer sind als bei der Nutzung von E-Mail. Auch dieser Aspekt spielte eine wesentliche Rolle bei der Entscheidung des Unternehmens f\u00fcr Phrase.<\/p>\n\t\t<\/div>\n\t\t<div class=\"wp-block-phrase-com-testimonial__author\">\n\t\t\t\n\t\t\t<div class=\"wp-block-phrase-com-testimonial__author-info\">\n\t\t\t\t<img loading=\"lazy\" decoding=\"async\" width=\"298\" height=\"127\" src=\"https:\/\/phrase.com\/wp-content\/uploads\/2022\/08\/Honyaku_Testimonial_Logo.png\" class=\"wp-block-phrase-com-testimonial__author-company-logo\" alt=\"Logo of Honyaku Center \u00fcber Phrase Security\" \/>\n\t\t\t\t<p class=\"wp-block-phrase-com-testimonial__author-name\">\n\t\t\t\t\tNana Tajima\t\t\t\t<\/p>\n\n\t\t\t\t<p class=\"wp-block-phrase-com-testimonial__author-title\">\n\t\t\t\t\tGeneral Manager, Abteilung f\u00fcr Qualit\u00e4tsmanagement\t\t\t\t<\/p>\n\t\t\t<\/div>\n\t\t<\/div>\n\t<\/div>\n\t\t<div class=\"wp-block-phrase-com-testimonial glide__slide\">\n\t\t<div class=\"wp-block-phrase-com-testimonial__text \">\n\t\t\t<p>Phrase ist seinen Mitbewerbern bei SaaS-L\u00f6sungen weit voraus \u2013 es sieht ganz so aus, dass der Wettbewerb hinterherhinkt. Wir wissen nie, was wir als N\u00e4chstes ben\u00f6tigen werden, doch eines ist sicher: Wir k\u00f6nnen darauf vertrauen, dass Phrase auch alle kommenden Herausforderungen bew\u00e4ltigen wird.<\/p>\n\t\t<\/div>\n\t\t<div class=\"wp-block-phrase-com-testimonial__author\">\n\t\t\t\n\t\t\t<div class=\"wp-block-phrase-com-testimonial__author-info\">\n\t\t\t\t<img loading=\"lazy\" decoding=\"async\" width=\"300\" height=\"108\" src=\"https:\/\/phrase.com\/wp-content\/uploads\/2022\/08\/OVH_Testimonial_Logo.png\" class=\"wp-block-phrase-com-testimonial__author-company-logo\" alt=\"Logo of OVH\" srcset=\"https:\/\/phrase.com\/wp-content\/uploads\/2022\/08\/OVH_Testimonial_Logo.png 329w, https:\/\/phrase.com\/wp-content\/uploads\/2022\/08\/OVH_Testimonial_Logo-300x108.png 300w\" sizes=\"auto, (max-width: 300px) 100vw, 300px\" \/>\n\t\t\t\t<p class=\"wp-block-phrase-com-testimonial__author-name\">\n\t\t\t\t\tMichael Kapus\t\t\t\t<\/p>\n\n\t\t\t\t<p class=\"wp-block-phrase-com-testimonial__author-title\">\n\t\t\t\t\tContent Localization Manager\t\t\t\t<\/p>\n\t\t\t<\/div>\n\t\t<\/div>\n\t<\/div>\n\t<\/div><\/div>\t<div class=\"wp-block-phrase-com-testimonials__carousel-controls\">\n\t\t<div class=\"wp-block-phrase-com-testimonials__carousel-progress-bar\"><\/div>\n\t\t<div class=\"glide__arrows wp-block-phrase-com-testimonials__carousel-arrows\" data-glide-el=\"controls\">\n\t\t\t<button type=\"button\" class=\"glide__arrow wp-block-phrase-com-testimonials__carousel-arrow\" data-glide-dir=\"<\">\n\t\t\t\t<svg aria-hidden=\"true\" xmlns=\"http:\/\/www.w3.org\/2000\/svg\" width=\"22\" height=\"22\" fill=\"none\" viewBox=\"0 0 22 22\"><path fill=\"currentColor\" d=\"m10.191 11 3.01 3.036-.917.924L8.36 11l3.925-3.96.915.924L10.192 11Z\"\/><\/svg>\n\t\t\t\t<span class=\"screen-reader-text\">Vorherige<\/span>\n\t\t\t<\/button>\n\t\t\t<button type=\"button\" class=\"glide__arrow wp-block-phrase-com-testimonials__carousel-arrow\" data-glide-dir=\"&gt;\">\n\t\t\t\t<svg xmlns=\"http:\/\/www.w3.org\/2000\/svg\" width=\"22\" height=\"22\" fill=\"none\" viewBox=\"0 0 22 22\"><path fill=\"currentColor\" d=\"m11.809 11-3.01-3.036.916-.924L13.64 11l-3.925 3.96-.915-.924L11.808 11Z\"\/><\/svg>\n\t\t\t\t<span class=\"screen-reader-text\">N\u00e4chste<\/span>\n\t\t\t<\/button>\n\t\t<\/div>\n\t<\/div>\n\n\t<div class=\"glide__bullets wp-block-phrase-com-testimonials__company-logos\" data-glide-el=\"controls[nav]\">\n\t\t\t\t\t\t\t\t\t<button type=\"button\" class=\"glide__bullet wp-block-phrase-com-testimonials__company-logo\" data-glide-dir=\"=0\">\n\t\t\t\t\t<img loading=\"lazy\" decoding=\"async\" width=\"298\" height=\"127\" src=\"https:\/\/phrase.com\/wp-content\/uploads\/2022\/08\/Honyaku_Testimonial_Logo.png\" class=\"attachment-300x300 size-300x300\" alt=\"\" \/>\t\t\t\t<\/button>\n\t\t\t\t\t\t\t\t\t\t\t\t<button type=\"button\" class=\"glide__bullet wp-block-phrase-com-testimonials__company-logo\" data-glide-dir=\"=1\">\n\t\t\t\t\t<img loading=\"lazy\" decoding=\"async\" width=\"300\" height=\"108\" src=\"https:\/\/phrase.com\/wp-content\/uploads\/2022\/08\/OVH_Testimonial_Logo.png\" class=\"attachment-300x300 size-300x300\" alt=\"\" srcset=\"https:\/\/phrase.com\/wp-content\/uploads\/2022\/08\/OVH_Testimonial_Logo.png 329w, https:\/\/phrase.com\/wp-content\/uploads\/2022\/08\/OVH_Testimonial_Logo-300x108.png 300w\" sizes=\"auto, (max-width: 300px) 100vw, 300px\" \/>\t\t\t\t<\/button>\n\t\t\t\t\t\t<\/div>\n\t<\/div><\/div>\n\n\n\n<div class=\"wp-block-group alignwide has-black-color has-yellow-background-color has-text-color has-background has-link-color wp-elements-59887151c087f6535458a74bc297b9b8 has-global-padding is-layout-constrained wp-block-group-is-layout-constrained\" style=\"margin-top:var(--wp--preset--spacing--56)\">\n<h2 class=\"wp-block-heading has-text-align-center\" id=\"h-ready-to-get-started\">Bereit zum Loslegen?<\/h2>\n\n\n\n<p class=\"has-text-align-center\">Sprich eine gr\u00f6\u00dfere Zielgruppe an und verbessere die Kundenbindung.<\/p>\n\n\n\n<div class=\"wp-block-buttons is-content-justification-center is-layout-flex wp-container-core-buttons-is-layout-a89b3969 wp-block-buttons-is-layout-flex\">\n<div class=\"wp-block-button is-style-default\"><a class=\"wp-block-button__link wp-element-button\" href=\"https:\/\/phrase.com\/de\/demo\/\" target=\"_blank\" rel=\"noreferrer noopener\">Demo vereinbaren<\/a><\/div>\n\n\n\n<div class=\"wp-block-button is-style-black-outline\"><a class=\"wp-block-button__link wp-element-button\" href=\"https:\/\/phrase.com\/de\/pricing\/\" target=\"_blank\" rel=\"noreferrer noopener\">Preise<\/a><\/div>\n<\/div>\n<\/div>\n\n","protected":false},"excerpt":{"rendered":"<p>Sicherheit bei Phrase Profitiere von den Sicherheitsstandards und der Zuverl\u00e4ssigkeit, die f\u00fcr Unternehmen entwickelt wurden. Wir sorgen daf\u00fcr, dass du dich ohne Unterbrechungen auf deine Arbeit konzentrieren und Daten in einer sicheren Umgebung austauschen kannst. Nutzungszugriffsrechte verwalten Du kannst f\u00fcr das Team vordefinierte Userrollen verwenden und diese den Projektanforderungen anpassen, damit alle Mitarbeiter Zugriff auf [&hellip;]<\/p>\n","protected":false},"author":6,"featured_media":0,"parent":0,"menu_order":0,"comment_status":"closed","ping_status":"closed","template":"page-refresh","meta":{"_acf_changed":false,"_stopmodifiedupdate":false,"_modified_date":"","_searchwp_excluded":"","episode_type":"","audio_file":"","podmotor_file_id":"","podmotor_episode_id":"","cover_image":"","cover_image_id":"","duration":"","filesize":"","filesize_raw":"","date_recorded":"","explicit":"","block":"","itunes_episode_number":"","itunes_title":"","itunes_season_number":"","itunes_episode_type":"","footnotes":""},"class_list":["post-29008","page","type-page","status-publish","hentry"],"acf":[],"_links":{"self":[{"href":"https:\/\/phrase.com\/de\/wp-json\/wp\/v2\/pages\/29008","targetHints":{"allow":["GET"]}}],"collection":[{"href":"https:\/\/phrase.com\/de\/wp-json\/wp\/v2\/pages"}],"about":[{"href":"https:\/\/phrase.com\/de\/wp-json\/wp\/v2\/types\/page"}],"author":[{"embeddable":true,"href":"https:\/\/phrase.com\/de\/wp-json\/wp\/v2\/users\/6"}],"replies":[{"embeddable":true,"href":"https:\/\/phrase.com\/de\/wp-json\/wp\/v2\/comments?post=29008"}],"version-history":[{"count":18,"href":"https:\/\/phrase.com\/de\/wp-json\/wp\/v2\/pages\/29008\/revisions"}],"predecessor-version":[{"id":115773,"href":"https:\/\/phrase.com\/de\/wp-json\/wp\/v2\/pages\/29008\/revisions\/115773"}],"wp:attachment":[{"href":"https:\/\/phrase.com\/de\/wp-json\/wp\/v2\/media?parent=29008"}],"curies":[{"name":"wp","href":"https:\/\/api.w.org\/{rel}","templated":true}]}}