{"id":29198,"date":"2022-08-13T18:54:42","date_gmt":"2022-08-13T16:54:42","guid":{"rendered":"https:\/\/phrase.com\/ressourcen-center\/"},"modified":"2026-03-10T20:47:13","modified_gmt":"2026-03-10T19:47:13","slug":"resources","status":"publish","type":"page","link":"https:\/\/phrase.com\/de\/resources\/","title":{"rendered":"Ressourcen"},"content":{"rendered":"\n<div class=\"wp-block-group alignfull is-style-header-hero has-background-images has-global-padding is-layout-constrained wp-block-group-is-layout-constrained\" style=\"background-image:url(https:\/\/phrase.com\/wp-content\/uploads\/2025\/07\/hero_resource_hub_2025.png.webp);background-position:100% 0%;background-attachment:scroll;background-repeat:no-repeat;background-size:auto 100%\">\n<div class=\"wp-block-group alignwide is-layout-flow wp-container-core-group-is-layout-f3715ea4 wp-block-group-is-layout-flow\">\n<h1 class=\"wp-block-heading\" id=\"h-phrase-resource-hub\">Phrase <br>Ressourcen-Center<\/h1>\n\n\n\n<p>Umfassendes Lokalisierungs-Know-how auf Knopfdruck.<\/p>\n\n\n\n<div class=\"wp-block-buttons is-layout-flex wp-block-buttons-is-layout-flex\">\n<div class=\"wp-block-button is-style-purple-filled\"><a class=\"wp-block-button__link wp-element-button\" href=\"https:\/\/support.phrase.com\/hc\/de\/\">Hilfe-Center<\/a><\/div>\n\n\n\n<div class=\"wp-block-button is-style-purple-filled\"><a class=\"wp-block-button__link wp-element-button\" href=\"https:\/\/phrase.com\/de\/academy\/\">Phrase Academy<\/a><\/div>\n<\/div>\n<\/div>\n<\/div>\n\n\n\n<div class=\"wp-block-group alignwide is-content-justification-space-between is-nowrap is-layout-flex wp-container-core-group-is-layout-cb46ffcb wp-block-group-is-layout-flex\">\n<h2 class=\"wp-block-heading\" id=\"h-blogs\">Blogs<\/h2>\n\n\n\n<div class=\"wp-block-buttons is-layout-flex wp-block-buttons-is-layout-flex\">\n<div class=\"wp-block-button\"><a class=\"wp-block-button__link wp-element-button\" href=\"\/blog\/\">Mehr anzeigen<\/a><\/div>\n<\/div>\n<\/div>\n\n\n\n<div class=\"wp-block-group alignwide has-global-padding is-layout-constrained wp-block-group-is-layout-constrained\" style=\"margin-top:var(--wp--preset--spacing--32)\">\n<div data-wp-context=\"{}\" data-wp-interactive=\"core\/query\" data-wp-key=\"1\" data-wp-router-region=\"query-1\" class=\"wp-block-query alignwide is-layout-flow wp-block-query-is-layout-flow\"><ul class=\"columns-3 wp-block-post-template is-layout-grid wp-container-core-post-template-is-layout-6d3fbd8f wp-block-post-template-is-layout-grid\"><li data-wp-key=\"post-template-item-136864\" class=\"wp-block-post post-136864 post type-post status-publish format-standard has-post-thumbnail hentry category-globale-strategie\">\n<figure class=\"wp-block-post-featured-image\"><a href=\"https:\/\/phrase.com\/de\/blog\/posts\/ai-gaming-personalization-efficiency-localization\/\" target=\"_self\" rel=\"https:\/\/phrase.com\/blog\/posts\/emoji-language-miscommunication\/\" ><img loading=\"lazy\" decoding=\"async\" width=\"1920\" height=\"1080\" src=\"https:\/\/phrase.com\/wp-content\/uploads\/2025\/06\/gaming-AI.jpg\" class=\"attachment-post-thumbnail size-post-thumbnail wp-post-image\" alt=\"Die KI-Revolution im Gaming: Personalisierung, Effizienz und Profitabilit\u00e4t\" style=\"object-fit:cover;\" srcset=\"https:\/\/phrase.com\/wp-content\/uploads\/2025\/06\/gaming-AI.jpg 1920w, https:\/\/phrase.com\/wp-content\/uploads\/2025\/06\/gaming-AI-300x169.jpg 300w, https:\/\/phrase.com\/wp-content\/uploads\/2025\/06\/gaming-AI-1024x576.jpg 1024w, https:\/\/phrase.com\/wp-content\/uploads\/2025\/06\/gaming-AI-768x432.jpg 768w, https:\/\/phrase.com\/wp-content\/uploads\/2025\/06\/gaming-AI-1536x864.jpg 1536w\" sizes=\"auto, (max-width: 1920px) 100vw, 1920px\" \/><\/a><\/figure>\n\n\n<div class=\"wp-block-group wp-block-post__content is-layout-flow wp-block-group-is-layout-flow\"><h3 class=\"wp-block-post-title\">Die KI-Revolution im Gaming: Personalisierung, Effizienz und Profitabilit\u00e4t<\/h3>\n\n<div class=\"wp-block-post-excerpt\"><p class=\"wp-block-post-excerpt__excerpt\">KI ver\u00e4ndert jede Ebene der Gaming-Industrie, von personalisierten Erlebnissen und prozeduralem Content bis hin zu Echtzeit-Lokalisierung und Automatisierung von Live-Dienstleistungen. Finde heraus, wie Studios KI von einem kreativen Experiment in&hellip;<\/p><p class=\"wp-block-post-excerpt__more-text\"><a class=\"wp-block-post-excerpt__more-link\" href=\"https:\/\/phrase.com\/de\/blog\/posts\/ai-gaming-personalization-efficiency-localization\/\">Read more<\/a><\/p><\/div><\/div>\n\n<\/li><li data-wp-key=\"post-template-item-136887\" class=\"wp-block-post post-136887 post type-post status-publish format-standard has-post-thumbnail hentry category-in-eigener-sache category-software-lokalisierung\">\n<figure class=\"wp-block-post-featured-image\"><a href=\"https:\/\/phrase.com\/de\/blog\/posts\/unity-game-localization-plugin-phrase-strings\/\" target=\"_self\" rel=\"https:\/\/phrase.com\/blog\/posts\/emoji-language-miscommunication\/\" ><img loading=\"lazy\" decoding=\"async\" width=\"1220\" height=\"529\" src=\"https:\/\/phrase.com\/wp-content\/uploads\/2024\/07\/Unity_Header.jpg\" class=\"attachment-post-thumbnail size-post-thumbnail wp-post-image\" alt=\"Die Lokalisierung von Unity-Spielen mit dem offiziellen Phrase Plug-in\" style=\"object-fit:cover;\" srcset=\"https:\/\/phrase.com\/wp-content\/uploads\/2024\/07\/Unity_Header.jpg 1220w, https:\/\/phrase.com\/wp-content\/uploads\/2024\/07\/Unity_Header-300x130.jpg 300w, https:\/\/phrase.com\/wp-content\/uploads\/2024\/07\/Unity_Header-1024x444.jpg 1024w, https:\/\/phrase.com\/wp-content\/uploads\/2024\/07\/Unity_Header-768x333.jpg 768w\" sizes=\"auto, (max-width: 1220px) 100vw, 1220px\" \/><\/a><\/figure>\n\n\n<div class=\"wp-block-group wp-block-post__content is-layout-flow wp-block-group-is-layout-flow\"><h3 class=\"wp-block-post-title\">Die Lokalisierung von Unity-Spielen mit dem offiziellen Phrase Plug-in<\/h3>\n\n<div class=\"wp-block-post-excerpt\"><p class=\"wp-block-post-excerpt__excerpt\">Willst du dein Unity-Spiel ohne das CSV-Chaos lokalisieren? Entdecke, wie das offizielle Phrase Strings Unity-Plugin deinen Lokalisierungs-Workflow vereinfacht \u2013 vom Setup der Strings-Tabelle bis zum direkten Abrufen von \u00dcbersetzungen in&hellip;<\/p><p class=\"wp-block-post-excerpt__more-text\"><a class=\"wp-block-post-excerpt__more-link\" href=\"https:\/\/phrase.com\/de\/blog\/posts\/unity-game-localization-plugin-phrase-strings\/\">Read more<\/a><\/p><\/div><\/div>\n\n<\/li><li data-wp-key=\"post-template-item-109698\" class=\"wp-block-post post-109698 post type-post status-publish format-standard has-post-thumbnail hentry category-maschinelle-uebersetzung\">\n<figure class=\"wp-block-post-featured-image\"><a href=\"https:\/\/phrase.com\/de\/blog\/posts\/machine-translation-tools\/\" target=\"_self\" rel=\"https:\/\/phrase.com\/blog\/posts\/emoji-language-miscommunication\/\" ><img loading=\"lazy\" decoding=\"async\" width=\"1920\" height=\"1080\" src=\"https:\/\/phrase.com\/wp-content\/uploads\/2024\/10\/Untitled-design-15.jpg\" class=\"attachment-post-thumbnail size-post-thumbnail wp-post-image\" alt=\"Die beste maschinelle \u00dcbersetzungssoftware 2026 \u2013 zum Ausprobieren (und Verwenden)\" style=\"object-fit:cover;\" srcset=\"https:\/\/phrase.com\/wp-content\/uploads\/2024\/10\/Untitled-design-15.jpg 1920w, https:\/\/phrase.com\/wp-content\/uploads\/2024\/10\/Untitled-design-15-300x169.jpg 300w, https:\/\/phrase.com\/wp-content\/uploads\/2024\/10\/Untitled-design-15-1024x576.jpg 1024w, https:\/\/phrase.com\/wp-content\/uploads\/2024\/10\/Untitled-design-15-768x432.jpg 768w, https:\/\/phrase.com\/wp-content\/uploads\/2024\/10\/Untitled-design-15-1536x864.jpg 1536w\" sizes=\"auto, (max-width: 1920px) 100vw, 1920px\" \/><\/a><\/figure>\n\n\n<div class=\"wp-block-group wp-block-post__content is-layout-flow wp-block-group-is-layout-flow\"><h3 class=\"wp-block-post-title\">Die beste maschinelle \u00dcbersetzungssoftware 2026 \u2013 zum Ausprobieren (und Verwenden)<\/h3>\n\n<div class=\"wp-block-post-excerpt\"><p class=\"wp-block-post-excerpt__excerpt\">Phrase erkl\u00e4rt, wie du das beste Tool f\u00fcr maschinelle \u00dcbersetzung f\u00fcr deine Bed\u00fcrfnisse findest.<\/p><p class=\"wp-block-post-excerpt__more-text\"><a class=\"wp-block-post-excerpt__more-link\" href=\"https:\/\/phrase.com\/de\/blog\/posts\/machine-translation-tools\/\">Read more<\/a><\/p><\/div><\/div>\n\n<\/li><\/ul><\/div>\n<\/div>\n\n\n\n<div class=\"wp-block-group alignwide is-content-justification-space-between is-nowrap is-layout-flex wp-container-core-group-is-layout-cb46ffcb wp-block-group-is-layout-flex\">\n<h2 class=\"wp-block-heading\" id=\"h-webinars\">Webinare<\/h2>\n\n\n\n<div class=\"wp-block-buttons is-layout-flex wp-block-buttons-is-layout-flex\">\n<div class=\"wp-block-button\"><a class=\"wp-block-button__link wp-element-button\" href=\"\/resources\/webinars\/\">Mehr anzeigen<\/a><\/div>\n<\/div>\n<\/div>\n\n\n\n<div class=\"wp-block-group alignwide has-global-padding is-layout-constrained wp-block-group-is-layout-constrained\" style=\"margin-top:var(--wp--preset--spacing--32)\">\n<div data-wp-context=\"{}\" data-wp-interactive=\"core\/query\" data-wp-key=\"2\" data-wp-router-region=\"query-2\" class=\"wp-block-query alignwide is-layout-flow wp-block-query-is-layout-flow\"><ul class=\"columns-3 wp-block-post-template is-layout-grid wp-container-core-post-template-is-layout-6d3fbd8f wp-block-post-template-is-layout-grid\"><li data-wp-key=\"post-template-item-118932\" class=\"wp-block-post post-118932 webinar type-webinar status-publish has-post-thumbnail hentry\">\n<figure class=\"wp-block-post-featured-image\"><a href=\"https:\/\/phrase.com\/de\/resources\/webinars\/phrase-bootcamp-job-sync\/\" target=\"_self\"  ><img loading=\"lazy\" decoding=\"async\" width=\"1700\" height=\"960\" src=\"https:\/\/phrase.com\/wp-content\/uploads\/2025\/09\/P1275-Webinar-1700px-X-960px-1.jpg\" class=\"attachment-post-thumbnail size-post-thumbnail wp-post-image\" alt=\"Phrase Bootcamp: Job Sync meistern \u2013 f\u00fcr eine intelligentere und schnellere Lokalisierung\" style=\"object-fit:cover;\" srcset=\"https:\/\/phrase.com\/wp-content\/uploads\/2025\/09\/P1275-Webinar-1700px-X-960px-1.jpg 1700w, https:\/\/phrase.com\/wp-content\/uploads\/2025\/09\/P1275-Webinar-1700px-X-960px-1-300x169.jpg 300w, https:\/\/phrase.com\/wp-content\/uploads\/2025\/09\/P1275-Webinar-1700px-X-960px-1-1024x578.jpg 1024w, https:\/\/phrase.com\/wp-content\/uploads\/2025\/09\/P1275-Webinar-1700px-X-960px-1-768x434.jpg 768w, https:\/\/phrase.com\/wp-content\/uploads\/2025\/09\/P1275-Webinar-1700px-X-960px-1-1536x867.jpg 1536w\" sizes=\"auto, (max-width: 1700px) 100vw, 1700px\" \/><\/a><\/figure>\n\n\n<div class=\"wp-block-group wp-block-post__content is-layout-flow wp-block-group-is-layout-flow\"><h3 class=\"wp-block-post-title\">Phrase Bootcamp: Job Sync meistern \u2013 f\u00fcr eine intelligentere und schnellere Lokalisierung<\/h3>\n\n<div class=\"wp-block-post-excerpt\"><p class=\"wp-block-post-excerpt__excerpt\">Mit Phrase Job Sync lassen sich Phrase Strings und Phrase TMS nahtlos miteinander verbinden, um mehrsprachige Softwarekopien in einem einzigen, optimierten Workflow zu verwalten. Zentralisiere deine Ressourcen, verbessere die \u00dcbersetzungsqualit\u00e4t&hellip;<\/p><p class=\"wp-block-post-excerpt__more-text\"><a class=\"wp-block-post-excerpt__more-link\" href=\"https:\/\/phrase.com\/de\/resources\/webinars\/phrase-bootcamp-job-sync\/\">Read more<\/a><\/p><\/div><\/div>\n\n<\/li><li data-wp-key=\"post-template-item-102096\" class=\"wp-block-post post-102096 webinar type-webinar status-publish has-post-thumbnail hentry\">\n<figure class=\"wp-block-post-featured-image\"><a href=\"https:\/\/phrase.com\/de\/resources\/webinars\/automate-translation-optimizely\/\" target=\"_self\"  ><img loading=\"lazy\" decoding=\"async\" width=\"1700\" height=\"960\" src=\"https:\/\/phrase.com\/wp-content\/uploads\/2025\/03\/Optimizely-webinar-visual.jpg\" class=\"attachment-post-thumbnail size-post-thumbnail wp-post-image\" alt=\"\u00dcbersetzung von Inhalten mit Phrase und Optimizely automatisieren und skalieren\" style=\"object-fit:cover;\" srcset=\"https:\/\/phrase.com\/wp-content\/uploads\/2025\/03\/Optimizely-webinar-visual.jpg 1700w, https:\/\/phrase.com\/wp-content\/uploads\/2025\/03\/Optimizely-webinar-visual-300x169.jpg 300w, https:\/\/phrase.com\/wp-content\/uploads\/2025\/03\/Optimizely-webinar-visual-1024x578.jpg 1024w, https:\/\/phrase.com\/wp-content\/uploads\/2025\/03\/Optimizely-webinar-visual-768x434.jpg 768w, https:\/\/phrase.com\/wp-content\/uploads\/2025\/03\/Optimizely-webinar-visual-1536x867.jpg 1536w\" sizes=\"auto, (max-width: 1700px) 100vw, 1700px\" \/><\/a><\/figure>\n\n\n<div class=\"wp-block-group wp-block-post__content is-layout-flow wp-block-group-is-layout-flow\"><h3 class=\"wp-block-post-title\">\u00dcbersetzung von Inhalten mit Phrase und Optimizely automatisieren und skalieren<\/h3>\n\n<div class=\"wp-block-post-excerpt\"><p class=\"wp-block-post-excerpt__excerpt\">Erhalte einen exklusiven ersten Blick auf die Phrase-Optimizely-Integration! In dieser Session erf\u00e4hrst du, wie KI-gest\u00fctzte Automatisierung die \u00dcbersetzung von Website-Inhalten optimieren kann. Die Zeiten der manuellen Exporte und unzusammenh\u00e4ngenden Arbeitsabl\u00e4ufe&hellip;<\/p><p class=\"wp-block-post-excerpt__more-text\"><a class=\"wp-block-post-excerpt__more-link\" href=\"https:\/\/phrase.com\/de\/resources\/webinars\/automate-translation-optimizely\/\">Read more<\/a><\/p><\/div><\/div>\n\n<\/li><li data-wp-key=\"post-template-item-93348\" class=\"wp-block-post post-93348 webinar type-webinar status-publish has-post-thumbnail hentry\">\n<figure class=\"wp-block-post-featured-image\"><a href=\"https:\/\/phrase.com\/de\/resources\/webinars\/phrase-bootcamp-full-platform-potential\/\" target=\"_self\"  ><img loading=\"lazy\" decoding=\"async\" width=\"3401\" height=\"1921\" src=\"https:\/\/phrase.com\/wp-content\/uploads\/2024\/09\/P1007-Registration-Page-Image-1700-X-961-1.png\" class=\"attachment-post-thumbnail size-post-thumbnail wp-post-image\" alt=\"Phrase-Bootcamp: Entdecke das volle Potenzial der Phrase Platform\" style=\"object-fit:cover;\" srcset=\"https:\/\/phrase.com\/wp-content\/uploads\/2024\/09\/P1007-Registration-Page-Image-1700-X-961-1.png 3401w, https:\/\/phrase.com\/wp-content\/uploads\/2024\/09\/P1007-Registration-Page-Image-1700-X-961-1-300x169.png 300w, https:\/\/phrase.com\/wp-content\/uploads\/2024\/09\/P1007-Registration-Page-Image-1700-X-961-1-1024x578.png 1024w, https:\/\/phrase.com\/wp-content\/uploads\/2024\/09\/P1007-Registration-Page-Image-1700-X-961-1-768x434.png 768w, https:\/\/phrase.com\/wp-content\/uploads\/2024\/09\/P1007-Registration-Page-Image-1700-X-961-1-1536x868.png 1536w, https:\/\/phrase.com\/wp-content\/uploads\/2024\/09\/P1007-Registration-Page-Image-1700-X-961-1-2048x1157.png 2048w\" sizes=\"auto, (max-width: 3401px) 100vw, 3401px\" \/><\/a><\/figure>\n\n\n<div class=\"wp-block-group wp-block-post__content is-layout-flow wp-block-group-is-layout-flow\"><h3 class=\"wp-block-post-title\">Phrase-Bootcamp: Entdecke das volle Potenzial der Phrase Platform<\/h3>\n\n<div class=\"wp-block-post-excerpt\"><p class=\"wp-block-post-excerpt__excerpt\">Das Phrase Bootcamp ist deine Gelegenheit, die vollst\u00e4ndigen Funktionalit\u00e4ten der Phrase Platform zu erkunden \u2013 Tools, die speziell darauf ausgelegt sind, deine Workflows zu optimieren und greifbare Ergebnisse zu erzielen.&hellip;<\/p><p class=\"wp-block-post-excerpt__more-text\"><a class=\"wp-block-post-excerpt__more-link\" href=\"https:\/\/phrase.com\/de\/resources\/webinars\/phrase-bootcamp-full-platform-potential\/\">Read more<\/a><\/p><\/div><\/div>\n\n<\/li><\/ul><\/div>\n<\/div>\n\n\n\n<div class=\"wp-block-group alignwide is-content-justification-space-between is-nowrap is-layout-flex wp-container-core-group-is-layout-cb46ffcb wp-block-group-is-layout-flex\">\n<h2 class=\"wp-block-heading\" id=\"h-reports-amp-guides\">Berichte &amp; Leitf\u00e4den<\/h2>\n\n\n\n<div class=\"wp-block-buttons is-layout-flex wp-block-buttons-is-layout-flex\">\n<div class=\"wp-block-button\"><a class=\"wp-block-button__link wp-element-button\" href=\"\/resources\/reports\/\">Mehr anzeigen<\/a><\/div>\n<\/div>\n<\/div>\n\n\n\n<div class=\"wp-block-group alignwide has-global-padding is-layout-constrained wp-block-group-is-layout-constrained\" style=\"margin-top:var(--wp--preset--spacing--32)\">\n<div data-wp-context=\"{}\" data-wp-interactive=\"core\/query\" data-wp-key=\"3\" data-wp-router-region=\"query-3\" class=\"wp-block-query alignwide is-layout-flow wp-block-query-is-layout-flow\"><\/div>\n<\/div>\n\n","protected":false},"excerpt":{"rendered":"<p>Phrase Ressourcen-Center Umfassendes Lokalisierungs-Know-how auf Knopfdruck. Blogs Webinare Berichte &amp; Leitf\u00e4den<\/p>\n","protected":false},"author":6,"featured_media":0,"parent":0,"menu_order":0,"comment_status":"closed","ping_status":"closed","template":"page-refresh","meta":{"_acf_changed":false,"_stopmodifiedupdate":false,"_modified_date":"","_searchwp_excluded":"","episode_type":"","audio_file":"","podmotor_file_id":"","podmotor_episode_id":"","cover_image":"","cover_image_id":"","duration":"","filesize":"","filesize_raw":"","date_recorded":"","explicit":"","block":"","itunes_episode_number":"","itunes_title":"","itunes_season_number":"","itunes_episode_type":"","footnotes":""},"class_list":["post-29198","page","type-page","status-publish","hentry"],"acf":[],"_links":{"self":[{"href":"https:\/\/phrase.com\/de\/wp-json\/wp\/v2\/pages\/29198","targetHints":{"allow":["GET"]}}],"collection":[{"href":"https:\/\/phrase.com\/de\/wp-json\/wp\/v2\/pages"}],"about":[{"href":"https:\/\/phrase.com\/de\/wp-json\/wp\/v2\/types\/page"}],"author":[{"embeddable":true,"href":"https:\/\/phrase.com\/de\/wp-json\/wp\/v2\/users\/6"}],"replies":[{"embeddable":true,"href":"https:\/\/phrase.com\/de\/wp-json\/wp\/v2\/comments?post=29198"}],"version-history":[{"count":16,"href":"https:\/\/phrase.com\/de\/wp-json\/wp\/v2\/pages\/29198\/revisions"}],"predecessor-version":[{"id":137199,"href":"https:\/\/phrase.com\/de\/wp-json\/wp\/v2\/pages\/29198\/revisions\/137199"}],"wp:attachment":[{"href":"https:\/\/phrase.com\/de\/wp-json\/wp\/v2\/media?parent=29198"}],"curies":[{"name":"wp","href":"https:\/\/api.w.org\/{rel}","templated":true}]}}