{"id":33179,"date":"2022-09-27T00:19:27","date_gmt":"2022-09-26T22:19:27","guid":{"rendered":"https:\/\/phrase.com\/blog-2\/"},"modified":"2025-10-06T09:22:19","modified_gmt":"2025-10-06T07:22:19","slug":"blog","status":"publish","type":"page","link":"https:\/\/phrase.com\/de\/blog\/","title":{"rendered":"Blog"},"content":{"rendered":"\n<div class=\"wp-block-group alignfull is-style-header-hero has-background-images has-global-padding is-layout-constrained wp-block-group-is-layout-constrained\" style=\"background-image:url(https:\/\/phrase.com\/wp-content\/uploads\/2025\/07\/hero_blog_2025.png.webp);background-position:100% 0%;background-attachment:scroll;background-repeat:no-repeat;background-size:auto 100%\">\n<div class=\"wp-block-group alignwide is-layout-flow wp-block-group-is-layout-flow\">\n<h1 class=\"wp-block-heading\" id=\"h-blog\" style=\"margin-bottom:var(--wp--preset--spacing--16)\">Blog<\/h1>\n\n\n\n<p>Experteneinblicke, praktische Strategien und echte Geschichten, die dir helfen, die Lokalisierung zu vereinfachen und zu optimieren, mit Zielgruppen in Kontakt zu treten und dein Business weltweit auszubauen.<\/p>\n<\/div>\n<\/div>\n\n\n\n<div class=\"wp-block-group alignwide has-global-padding is-layout-constrained wp-block-group-is-layout-constrained\" style=\"margin-top:var(--wp--preset--spacing--56)\">\n<div data-wp-context=\"{}\" data-wp-interactive=\"core\/query\" data-wp-key=\"1\" data-wp-router-region=\"query-1\" class=\"wp-block-query alignwide is-layout-flow wp-block-query-is-layout-flow\"><div class=\"wp-block-phrase-com-query-search\">\n\t<form data-wp-interactive=\"phrase\/query-search\" id=\"searchform-1\" data-wp-context='{\"value\":\"\"}' data-wp-on--submit=\"actions.search\">\n\t\t<button type=\"submit\" class=\"wp-block-phrase-com-query-search__submit\">\n\t\t\t<span class=\"screen-reader-text\">Search<\/span>\n\t\t\t<svg xmlns=\"http:\/\/www.w3.org\/2000\/svg\" width=\"15\" height=\"15\" fill=\"none\" viewBox=\"0 0 15 15\"><path fill=\"currentColor\" d=\"m13.833 15-5.25-5.25a5.08 5.08 0 0 1-3.167 1.083c-1.513 0-2.794-.524-3.843-1.573C.524 8.212 0 6.93 0 5.417c0-1.514.524-2.795 1.573-3.844S3.903 0 5.417 0C6.93 0 8.212.524 9.26 1.573c1.049 1.049 1.573 2.33 1.573 3.844A5.08 5.08 0 0 1 9.75 8.583l5.25 5.25L13.833 15ZM5.417 9.167c1.041 0 1.927-.365 2.656-1.094.73-.73 1.094-1.615 1.094-2.656 0-1.042-.365-1.927-1.094-2.657-.73-.729-1.615-1.093-2.656-1.093-1.042 0-1.927.364-2.657 1.093-.729.73-1.093 1.615-1.093 2.657 0 1.041.364 1.927 1.093 2.656.73.73 1.615 1.094 2.657 1.094Z\"\/><\/svg>\n\t\t<\/button>\n\t\t<label for=\"searchform-1-input\" class=\"screen-reader-text\">\n\t\t\tSearch:\t\t<\/label>\n\t\t<input value=\"\"\n\t\t\ttype=\"search\"\n\t\t\tinputmode=\"search\"\n\t\t\tname=\"query-1-s\"\n\t\t\tid=\"searchform-1-input\"\n\t\t\tplaceholder=\"Type to search\u2026\"\n\t\t\tclass=\"wp-block-phrase-com-query-search__input\"\n\t\t\tdata-wp-bind--value=\"context.value\"\n\t\t\tdata-wp-on--input=\"actions.updateValue\"\n\t\t\tdata-wp-on--keyup=\"actions.autoSearch\"\n\t\t\/>\n\t\t<button hidden type=\"button\" class=\"wp-block-phrase-com-query-search__reset\" data-wp-on--click=\"actions.reset\" data-wp-bind--hidden=\"!context.value\">\n\t\t\t<span class=\"screen-reader-text\">Reset<\/span>\n\t\t\t<svg aria-hidden=\"true\" xmlns=\"http:\/\/www.w3.org\/2000\/svg\" width=\"24\" height=\"24\" fill=\"none\" viewBox=\"0 0 24 24\"><path stroke=\"currentColor\" stroke-linecap=\"round\" stroke-linejoin=\"round\" stroke-width=\"2\" d=\"M18 6 6 18M6 6l12 12\"\/><\/svg>\n\t\t<\/button>\n\t<\/form>\n<\/div>\n\n\n<ul style=\"margin-top:var(--wp--preset--spacing--24);margin-bottom:var(--wp--preset--spacing--32);\" class=\"wp-block-phrase-com-query-terms-filter\" data-wp-interactive=\"phrase\/query-terms-filter\">\n\t\t\t<li class=\"phrase-query-terms-filter__all\">\n\t\t\t<a\n\t\t\t\thref=\"https:\/\/phrase.com\/de\/wp-json\/wp\/v2\/pages\/33179\"\n\t\t\t\trel=\"nofollow\"\n\t\t\t\trole=\"menuitemcheckbox\"\n\t\t\t\taria-checked=\"true\"\n\t\t\t\tdata-wp-on--click=\"actions.navigate\"\n\t\t\t\tdata-wp-on-async--mouseenter=\"actions.prefetch\"\n\t\t\t>\n\t\t\t\tAll\t\t\t<\/a>\n\t\t<\/li>\n\t\t\t<li class=\"phrase-query-terms-filter__item\">\n\t\t\t<a\n\t\t\t\thref=\"https:\/\/phrase.com\/de\/wp-json\/wp\/v2\/pages\/33179?query-1-category_name%5B0%5D=globale-strategie\"\n\t\t\t\trel=\"nofollow\"\n\t\t\t\trole=\"menuitemcheckbox\"\n\t\t\t\taria-checked=\"false\"\n\t\t\t\tdata-wp-on--click=\"actions.navigate\"\n\t\t\t\tdata-wp-on-async--mouseenter=\"actions.prefetch\"\n\t\t\t>\n\t\t\t\tGlobales Gesch\u00e4ft\t\t\t<\/a>\n\t\t<\/li>\n\t\t\t<li class=\"phrase-query-terms-filter__item\">\n\t\t\t<a\n\t\t\t\thref=\"https:\/\/phrase.com\/de\/wp-json\/wp\/v2\/pages\/33179?query-1-category_name%5B0%5D=lokalisierungsstrategie\"\n\t\t\t\trel=\"nofollow\"\n\t\t\t\trole=\"menuitemcheckbox\"\n\t\t\t\taria-checked=\"false\"\n\t\t\t\tdata-wp-on--click=\"actions.navigate\"\n\t\t\t\tdata-wp-on-async--mouseenter=\"actions.prefetch\"\n\t\t\t>\n\t\t\t\tLokalisierungsstrategie\t\t\t<\/a>\n\t\t<\/li>\n\t\t\t<li class=\"phrase-query-terms-filter__item\">\n\t\t\t<a\n\t\t\t\thref=\"https:\/\/phrase.com\/de\/wp-json\/wp\/v2\/pages\/33179?query-1-category_name%5B0%5D=maschinelle-uebersetzung\"\n\t\t\t\trel=\"nofollow\"\n\t\t\t\trole=\"menuitemcheckbox\"\n\t\t\t\taria-checked=\"false\"\n\t\t\t\tdata-wp-on--click=\"actions.navigate\"\n\t\t\t\tdata-wp-on-async--mouseenter=\"actions.prefetch\"\n\t\t\t>\n\t\t\t\tMaschinelle \u00dcbersetzung\t\t\t<\/a>\n\t\t<\/li>\n\t\t\t<li class=\"phrase-query-terms-filter__item\">\n\t\t\t<a\n\t\t\t\thref=\"https:\/\/phrase.com\/de\/wp-json\/wp\/v2\/pages\/33179?query-1-category_name%5B0%5D=in-eigener-sache\"\n\t\t\t\trel=\"nofollow\"\n\t\t\t\trole=\"menuitemcheckbox\"\n\t\t\t\taria-checked=\"false\"\n\t\t\t\tdata-wp-on--click=\"actions.navigate\"\n\t\t\t\tdata-wp-on-async--mouseenter=\"actions.prefetch\"\n\t\t\t>\n\t\t\t\tPhrase und mehr\t\t\t<\/a>\n\t\t<\/li>\n\t\t\t<li class=\"phrase-query-terms-filter__item\">\n\t\t\t<a\n\t\t\t\thref=\"https:\/\/phrase.com\/de\/wp-json\/wp\/v2\/pages\/33179?query-1-category_name%5B0%5D=software-lokalisierung\"\n\t\t\t\trel=\"nofollow\"\n\t\t\t\trole=\"menuitemcheckbox\"\n\t\t\t\taria-checked=\"false\"\n\t\t\t\tdata-wp-on--click=\"actions.navigate\"\n\t\t\t\tdata-wp-on-async--mouseenter=\"actions.prefetch\"\n\t\t\t>\n\t\t\t\tSoftware-Lokalisierung\t\t\t<\/a>\n\t\t<\/li>\n\t\t\t<li class=\"phrase-query-terms-filter__item\">\n\t\t\t<a\n\t\t\t\thref=\"https:\/\/phrase.com\/de\/wp-json\/wp\/v2\/pages\/33179?query-1-category_name%5B0%5D=uebersetzungsmanagement\"\n\t\t\t\trel=\"nofollow\"\n\t\t\t\trole=\"menuitemcheckbox\"\n\t\t\t\taria-checked=\"false\"\n\t\t\t\tdata-wp-on--click=\"actions.navigate\"\n\t\t\t\tdata-wp-on-async--mouseenter=\"actions.prefetch\"\n\t\t\t>\n\t\t\t\t\u00dcbersetzungsmanagement\t\t\t<\/a>\n\t\t<\/li>\n\t<\/ul>\n\n\n<ul class=\"columns-3 wp-block-post-template is-layout-grid wp-container-core-post-template-is-layout-6d3fbd8f wp-block-post-template-is-layout-grid\"><li data-wp-key=\"post-template-item-136864\" class=\"wp-block-post post-136864 post type-post status-publish format-standard has-post-thumbnail hentry category-globale-strategie\">\n<figure class=\"wp-block-post-featured-image\"><a href=\"https:\/\/phrase.com\/de\/blog\/posts\/ai-gaming-personalization-efficiency-localization\/\" target=\"_blank\"  ><img loading=\"lazy\" decoding=\"async\" width=\"1920\" height=\"1080\" src=\"https:\/\/phrase.com\/wp-content\/uploads\/2025\/06\/gaming-AI.jpg\" class=\"attachment-post-thumbnail size-post-thumbnail wp-post-image\" alt=\"Die KI-Revolution im Gaming: Personalisierung, Effizienz und Profitabilit\u00e4t\" style=\"object-fit:cover;\" srcset=\"https:\/\/phrase.com\/wp-content\/uploads\/2025\/06\/gaming-AI.jpg 1920w, https:\/\/phrase.com\/wp-content\/uploads\/2025\/06\/gaming-AI-300x169.jpg 300w, https:\/\/phrase.com\/wp-content\/uploads\/2025\/06\/gaming-AI-1024x576.jpg 1024w, https:\/\/phrase.com\/wp-content\/uploads\/2025\/06\/gaming-AI-768x432.jpg 768w, https:\/\/phrase.com\/wp-content\/uploads\/2025\/06\/gaming-AI-1536x864.jpg 1536w\" sizes=\"auto, (max-width: 1920px) 100vw, 1920px\" \/><\/a><\/figure>\n\n\n<div class=\"wp-block-group wp-block-post__content is-layout-flow wp-block-group-is-layout-flow\"><h3 class=\"wp-block-post-title\">Die KI-Revolution im Gaming: Personalisierung, Effizienz und Profitabilit\u00e4t<\/h3>\n\n<div class=\"wp-block-post-excerpt\"><p class=\"wp-block-post-excerpt__excerpt\">KI ver\u00e4ndert jede Ebene der Gaming-Industrie, von personalisierten Erlebnissen und prozeduralem Content bis hin zu Echtzeit-Lokalisierung und Automatisierung von Live-Dienstleistungen. Finde heraus, wie Studios KI von einem kreativen Experiment in&hellip;<\/p><p class=\"wp-block-post-excerpt__more-text\"><a class=\"wp-block-post-excerpt__more-link\" href=\"https:\/\/phrase.com\/de\/blog\/posts\/ai-gaming-personalization-efficiency-localization\/\">Read more<\/a><\/p><\/div><\/div>\n\n<\/li><li data-wp-key=\"post-template-item-136887\" class=\"wp-block-post post-136887 post type-post status-publish format-standard has-post-thumbnail hentry category-in-eigener-sache category-software-lokalisierung\">\n<figure class=\"wp-block-post-featured-image\"><a href=\"https:\/\/phrase.com\/de\/blog\/posts\/unity-game-localization-plugin-phrase-strings\/\" target=\"_blank\"  ><img loading=\"lazy\" decoding=\"async\" width=\"1220\" height=\"529\" src=\"https:\/\/phrase.com\/wp-content\/uploads\/2024\/07\/Unity_Header.jpg\" class=\"attachment-post-thumbnail size-post-thumbnail wp-post-image\" alt=\"Die Lokalisierung von Unity-Spielen mit dem offiziellen Phrase Plug-in\" style=\"object-fit:cover;\" srcset=\"https:\/\/phrase.com\/wp-content\/uploads\/2024\/07\/Unity_Header.jpg 1220w, https:\/\/phrase.com\/wp-content\/uploads\/2024\/07\/Unity_Header-300x130.jpg 300w, https:\/\/phrase.com\/wp-content\/uploads\/2024\/07\/Unity_Header-1024x444.jpg 1024w, https:\/\/phrase.com\/wp-content\/uploads\/2024\/07\/Unity_Header-768x333.jpg 768w\" sizes=\"auto, (max-width: 1220px) 100vw, 1220px\" \/><\/a><\/figure>\n\n\n<div class=\"wp-block-group wp-block-post__content is-layout-flow wp-block-group-is-layout-flow\"><h3 class=\"wp-block-post-title\">Die Lokalisierung von Unity-Spielen mit dem offiziellen Phrase Plug-in<\/h3>\n\n<div class=\"wp-block-post-excerpt\"><p class=\"wp-block-post-excerpt__excerpt\">Willst du dein Unity-Spiel ohne das CSV-Chaos lokalisieren? Entdecke, wie das offizielle Phrase Strings Unity-Plugin deinen Lokalisierungs-Workflow vereinfacht \u2013 vom Setup der Strings-Tabelle bis zum direkten Abrufen von \u00dcbersetzungen in&hellip;<\/p><p class=\"wp-block-post-excerpt__more-text\"><a class=\"wp-block-post-excerpt__more-link\" href=\"https:\/\/phrase.com\/de\/blog\/posts\/unity-game-localization-plugin-phrase-strings\/\">Read more<\/a><\/p><\/div><\/div>\n\n<\/li><li data-wp-key=\"post-template-item-109698\" class=\"wp-block-post post-109698 post type-post status-publish format-standard has-post-thumbnail hentry category-maschinelle-uebersetzung\">\n<figure class=\"wp-block-post-featured-image\"><a href=\"https:\/\/phrase.com\/de\/blog\/posts\/machine-translation-tools\/\" target=\"_blank\"  ><img loading=\"lazy\" decoding=\"async\" width=\"1920\" height=\"1080\" src=\"https:\/\/phrase.com\/wp-content\/uploads\/2024\/10\/Untitled-design-15.jpg\" class=\"attachment-post-thumbnail size-post-thumbnail wp-post-image\" alt=\"Die beste maschinelle \u00dcbersetzungssoftware 2026 \u2013 zum Ausprobieren (und Verwenden)\" style=\"object-fit:cover;\" srcset=\"https:\/\/phrase.com\/wp-content\/uploads\/2024\/10\/Untitled-design-15.jpg 1920w, https:\/\/phrase.com\/wp-content\/uploads\/2024\/10\/Untitled-design-15-300x169.jpg 300w, https:\/\/phrase.com\/wp-content\/uploads\/2024\/10\/Untitled-design-15-1024x576.jpg 1024w, https:\/\/phrase.com\/wp-content\/uploads\/2024\/10\/Untitled-design-15-768x432.jpg 768w, https:\/\/phrase.com\/wp-content\/uploads\/2024\/10\/Untitled-design-15-1536x864.jpg 1536w\" sizes=\"auto, (max-width: 1920px) 100vw, 1920px\" \/><\/a><\/figure>\n\n\n<div class=\"wp-block-group wp-block-post__content is-layout-flow wp-block-group-is-layout-flow\"><h3 class=\"wp-block-post-title\">Die beste maschinelle \u00dcbersetzungssoftware 2026 \u2013 zum Ausprobieren (und Verwenden)<\/h3>\n\n<div class=\"wp-block-post-excerpt\"><p class=\"wp-block-post-excerpt__excerpt\">Phrase erkl\u00e4rt, wie du das beste Tool f\u00fcr maschinelle \u00dcbersetzung f\u00fcr deine Bed\u00fcrfnisse findest.<\/p><p class=\"wp-block-post-excerpt__more-text\"><a class=\"wp-block-post-excerpt__more-link\" href=\"https:\/\/phrase.com\/de\/blog\/posts\/machine-translation-tools\/\">Read more<\/a><\/p><\/div><\/div>\n\n<\/li><li data-wp-key=\"post-template-item-3575\" class=\"wp-block-post post-3575 post type-post status-publish format-standard has-post-thumbnail hentry category-globale-strategie\">\n<figure class=\"wp-block-post-featured-image\"><a href=\"https:\/\/phrase.com\/de\/blog\/posts\/global-content-strategy\/\" target=\"_blank\"  ><img loading=\"lazy\" decoding=\"async\" width=\"1920\" height=\"1080\" src=\"https:\/\/phrase.com\/wp-content\/uploads\/2024\/10\/Global-Content-Strategy-Making-Global-Content-Work-in-Local-Markets-1.jpg\" class=\"attachment-post-thumbnail size-post-thumbnail wp-post-image\" alt=\"Globale Content-Strategie richtig entwickeln\" style=\"object-fit:cover;\" srcset=\"https:\/\/phrase.com\/wp-content\/uploads\/2024\/10\/Global-Content-Strategy-Making-Global-Content-Work-in-Local-Markets-1.jpg 1920w, https:\/\/phrase.com\/wp-content\/uploads\/2024\/10\/Global-Content-Strategy-Making-Global-Content-Work-in-Local-Markets-1-300x169.jpg 300w, https:\/\/phrase.com\/wp-content\/uploads\/2024\/10\/Global-Content-Strategy-Making-Global-Content-Work-in-Local-Markets-1-1024x576.jpg 1024w, https:\/\/phrase.com\/wp-content\/uploads\/2024\/10\/Global-Content-Strategy-Making-Global-Content-Work-in-Local-Markets-1-768x432.jpg 768w, https:\/\/phrase.com\/wp-content\/uploads\/2024\/10\/Global-Content-Strategy-Making-Global-Content-Work-in-Local-Markets-1-1536x864.jpg 1536w\" sizes=\"auto, (max-width: 1920px) 100vw, 1920px\" \/><\/a><\/figure>\n\n\n<div class=\"wp-block-group wp-block-post__content is-layout-flow wp-block-group-is-layout-flow\"><h3 class=\"wp-block-post-title\">Globale Content-Strategie richtig entwickeln<\/h3>\n\n<div class=\"wp-block-post-excerpt\"><p class=\"wp-block-post-excerpt__excerpt\">Um Menschen in verschiedenen Zielm\u00e4rkten weltweit mit deinem Content zu erreichen, brauchst du die richtige Strategie. Wie das geht, liest du hier.<\/p><p class=\"wp-block-post-excerpt__more-text\"><a class=\"wp-block-post-excerpt__more-link\" href=\"https:\/\/phrase.com\/de\/blog\/posts\/global-content-strategy\/\">Read more<\/a><\/p><\/div><\/div>\n\n<\/li><li data-wp-key=\"post-template-item-133262\" class=\"wp-block-post post-133262 post type-post status-publish format-standard has-post-thumbnail hentry category-globale-strategie\">\n<figure class=\"wp-block-post-featured-image\"><a href=\"https:\/\/phrase.com\/de\/blog\/posts\/website-translation\/\" target=\"_blank\"  ><img loading=\"lazy\" decoding=\"async\" width=\"2368\" height=\"1338\" src=\"https:\/\/phrase.com\/wp-content\/uploads\/2024\/07\/Screenshot-2024-07-16-at-16.55.19.jpg\" class=\"attachment-post-thumbnail size-post-thumbnail wp-post-image\" alt=\"Globales Wachstum durch effektive Website-\u00dcbersetzung: Wichtige Erkenntnisse und Strategien\" style=\"object-fit:cover;\" srcset=\"https:\/\/phrase.com\/wp-content\/uploads\/2024\/07\/Screenshot-2024-07-16-at-16.55.19.jpg 2368w, https:\/\/phrase.com\/wp-content\/uploads\/2024\/07\/Screenshot-2024-07-16-at-16.55.19-300x170.jpg 300w, https:\/\/phrase.com\/wp-content\/uploads\/2024\/07\/Screenshot-2024-07-16-at-16.55.19-1024x579.jpg 1024w, https:\/\/phrase.com\/wp-content\/uploads\/2024\/07\/Screenshot-2024-07-16-at-16.55.19-768x434.jpg 768w, https:\/\/phrase.com\/wp-content\/uploads\/2024\/07\/Screenshot-2024-07-16-at-16.55.19-1536x868.jpg 1536w, https:\/\/phrase.com\/wp-content\/uploads\/2024\/07\/Screenshot-2024-07-16-at-16.55.19-2048x1157.jpg 2048w\" sizes=\"auto, (max-width: 2368px) 100vw, 2368px\" \/><\/a><\/figure>\n\n\n<div class=\"wp-block-group wp-block-post__content is-layout-flow wp-block-group-is-layout-flow\"><h3 class=\"wp-block-post-title\">Globales Wachstum durch effektive Website-\u00dcbersetzung: Wichtige Erkenntnisse und Strategien<\/h3>\n\n<div class=\"wp-block-post-excerpt\"><p class=\"wp-block-post-excerpt__excerpt\">Dieser Artikel besch\u00e4ftigt sich mit den Herausforderungen und L\u00f6sungen f\u00fcr die Umsetzung einer erfolgreichen mehrsprachigen Strategie. Finde heraus, warum die \u00dcbersetzung von Websites wichtig ist, wie sie die Nutzerbindung verbessert,&hellip;<\/p><p class=\"wp-block-post-excerpt__more-text\"><a class=\"wp-block-post-excerpt__more-link\" href=\"https:\/\/phrase.com\/de\/blog\/posts\/website-translation\/\">Read more<\/a><\/p><\/div><\/div>\n\n<\/li><li data-wp-key=\"post-template-item-109683\" class=\"wp-block-post post-109683 post type-post status-publish format-standard has-post-thumbnail hentry category-maschinelle-uebersetzung\">\n<figure class=\"wp-block-post-featured-image\"><a href=\"https:\/\/phrase.com\/de\/blog\/posts\/chatgpt-translation\/\" target=\"_blank\"  ><img loading=\"lazy\" decoding=\"async\" width=\"2560\" height=\"1440\" src=\"https:\/\/phrase.com\/wp-content\/uploads\/2024\/07\/AI_data_storage_shutterstock_1107715973-scaled.jpg\" class=\"attachment-post-thumbnail size-post-thumbnail wp-post-image\" alt=\"ChatGPT-\u00dcbersetzung: KI nutzen, um globales Unternehmenswachstum voranzutreiben\" style=\"object-fit:cover;\" srcset=\"https:\/\/phrase.com\/wp-content\/uploads\/2024\/07\/AI_data_storage_shutterstock_1107715973-scaled.jpg 2560w, https:\/\/phrase.com\/wp-content\/uploads\/2024\/07\/AI_data_storage_shutterstock_1107715973-300x169.jpg 300w, https:\/\/phrase.com\/wp-content\/uploads\/2024\/07\/AI_data_storage_shutterstock_1107715973-1024x576.jpg 1024w, https:\/\/phrase.com\/wp-content\/uploads\/2024\/07\/AI_data_storage_shutterstock_1107715973-768x432.jpg 768w, https:\/\/phrase.com\/wp-content\/uploads\/2024\/07\/AI_data_storage_shutterstock_1107715973-1536x864.jpg 1536w, https:\/\/phrase.com\/wp-content\/uploads\/2024\/07\/AI_data_storage_shutterstock_1107715973-2048x1152.jpg 2048w\" sizes=\"auto, (max-width: 2560px) 100vw, 2560px\" \/><\/a><\/figure>\n\n\n<div class=\"wp-block-group wp-block-post__content is-layout-flow wp-block-group-is-layout-flow\"><h3 class=\"wp-block-post-title\">ChatGPT-\u00dcbersetzung: KI nutzen, um globales Unternehmenswachstum voranzutreiben<\/h3>\n\n<div class=\"wp-block-post-excerpt\"><p class=\"wp-block-post-excerpt__excerpt\">ChatGPT wird von globalen Unternehmen f\u00fcr die \u00dcbersetzung verwendet. Im Folgenden erl\u00e4utern wir sein F\u00e4higkeiten, Vorteile und Einschr\u00e4nkungen und die besten Methoden f\u00fcr die Integration von KI-gest\u00fctzten L\u00f6sungen, um die&hellip;<\/p><p class=\"wp-block-post-excerpt__more-text\"><a class=\"wp-block-post-excerpt__more-link\" href=\"https:\/\/phrase.com\/de\/blog\/posts\/chatgpt-translation\/\">Read more<\/a><\/p><\/div><\/div>\n\n<\/li><li data-wp-key=\"post-template-item-136842\" class=\"wp-block-post post-136842 post type-post status-publish format-standard has-post-thumbnail hentry category-lokalisierungsstrategie\">\n<figure class=\"wp-block-post-featured-image\"><a href=\"https:\/\/phrase.com\/de\/blog\/posts\/video-game-localization-3\/\" target=\"_blank\"  ><img loading=\"lazy\" decoding=\"async\" width=\"1920\" height=\"1080\" src=\"https:\/\/phrase.com\/wp-content\/uploads\/2024\/07\/Gaming_Blog_Feature_Imagel.jpg\" class=\"attachment-post-thumbnail size-post-thumbnail wp-post-image\" alt=\"Videospiel-Lokalisierung: So expandierst du global erfolgreich\" style=\"object-fit:cover;\" srcset=\"https:\/\/phrase.com\/wp-content\/uploads\/2024\/07\/Gaming_Blog_Feature_Imagel.jpg 1920w, https:\/\/phrase.com\/wp-content\/uploads\/2024\/07\/Gaming_Blog_Feature_Imagel-300x169.jpg 300w, https:\/\/phrase.com\/wp-content\/uploads\/2024\/07\/Gaming_Blog_Feature_Imagel-1024x576.jpg 1024w, https:\/\/phrase.com\/wp-content\/uploads\/2024\/07\/Gaming_Blog_Feature_Imagel-768x432.jpg 768w, https:\/\/phrase.com\/wp-content\/uploads\/2024\/07\/Gaming_Blog_Feature_Imagel-1536x864.jpg 1536w\" sizes=\"auto, (max-width: 1920px) 100vw, 1920px\" \/><\/a><\/figure>\n\n\n<div class=\"wp-block-group wp-block-post__content is-layout-flow wp-block-group-is-layout-flow\"><h3 class=\"wp-block-post-title\">Videospiel-Lokalisierung: So expandierst du global erfolgreich<\/h3>\n\n<div class=\"wp-block-post-excerpt\"><p class=\"wp-block-post-excerpt__excerpt\">Erfahre, warum Lokalisierung f\u00fcr den Erfolg auf dem globalen Videospielmarkt unerl\u00e4sslich ist, und erhalte praktische Einblicke in die Gestaltung deines Lokalisierungsprozesses f\u00fcr einen dauerhaften Erfolg.<\/p><p class=\"wp-block-post-excerpt__more-text\"><a class=\"wp-block-post-excerpt__more-link\" href=\"https:\/\/phrase.com\/de\/blog\/posts\/video-game-localization-3\/\">Read more<\/a><\/p><\/div><\/div>\n\n<\/li><li data-wp-key=\"post-template-item-133267\" class=\"wp-block-post post-133267 post type-post status-publish format-standard has-post-thumbnail hentry category-globale-strategie\">\n<figure class=\"wp-block-post-featured-image\"><a href=\"https:\/\/phrase.com\/de\/blog\/posts\/international-marketing\/\" target=\"_blank\"  ><img loading=\"lazy\" decoding=\"async\" width=\"1710\" height=\"960\" src=\"https:\/\/phrase.com\/wp-content\/uploads\/2022\/08\/Global_Business_Featured_Image.jpg\" class=\"attachment-post-thumbnail size-post-thumbnail wp-post-image\" alt=\"Marketing f\u00fcr internationale M\u00e4rkte \u2013 ein Leitfaden\" style=\"object-fit:cover;\" srcset=\"https:\/\/phrase.com\/wp-content\/uploads\/2022\/08\/Global_Business_Featured_Image.jpg 1710w, https:\/\/phrase.com\/wp-content\/uploads\/2022\/08\/Global_Business_Featured_Image-300x168.jpg 300w, https:\/\/phrase.com\/wp-content\/uploads\/2022\/08\/Global_Business_Featured_Image-1024x575.jpg 1024w, https:\/\/phrase.com\/wp-content\/uploads\/2022\/08\/Global_Business_Featured_Image-768x431.jpg 768w, https:\/\/phrase.com\/wp-content\/uploads\/2022\/08\/Global_Business_Featured_Image-1536x862.jpg 1536w\" sizes=\"auto, (max-width: 1710px) 100vw, 1710px\" \/><\/a><\/figure>\n\n\n<div class=\"wp-block-group wp-block-post__content is-layout-flow wp-block-group-is-layout-flow\"><h3 class=\"wp-block-post-title\">Marketing f\u00fcr internationale M\u00e4rkte \u2013 ein Leitfaden<\/h3>\n\n<div class=\"wp-block-post-excerpt\"><p class=\"wp-block-post-excerpt__excerpt\">In diesem Artikel erf\u00e4hrst du, wie internationales Marketing Unternehmen dabei hilft, Produkte und Dienstleistungen in verschiedenen Zielm\u00e4rkten zu bewerben, indem sie an lokale W\u00fcnsche und Bed\u00fcrfnisse angepasst werden.<\/p><p class=\"wp-block-post-excerpt__more-text\"><a class=\"wp-block-post-excerpt__more-link\" href=\"https:\/\/phrase.com\/de\/blog\/posts\/international-marketing\/\">Read more<\/a><\/p><\/div><\/div>\n\n<\/li><li data-wp-key=\"post-template-item-109661\" class=\"wp-block-post post-109661 post type-post status-publish format-standard has-post-thumbnail hentry category-uebersetzungsmanagement\">\n<figure class=\"wp-block-post-featured-image\"><a href=\"https:\/\/phrase.com\/de\/blog\/posts\/how-translate-web-page\/\" target=\"_blank\"  ><img loading=\"lazy\" decoding=\"async\" width=\"1710\" height=\"960\" src=\"https:\/\/phrase.com\/wp-content\/uploads\/2023\/09\/translate-webpage.jpg\" class=\"attachment-post-thumbnail size-post-thumbnail wp-post-image\" alt=\"Wie du eine Website \u00fcbersetzt: Methoden, Tools und was tats\u00e4chlich funktioniert\" style=\"object-fit:cover;\" srcset=\"https:\/\/phrase.com\/wp-content\/uploads\/2023\/09\/translate-webpage.jpg 1710w, https:\/\/phrase.com\/wp-content\/uploads\/2023\/09\/translate-webpage-300x168.jpg 300w, https:\/\/phrase.com\/wp-content\/uploads\/2023\/09\/translate-webpage-1024x575.jpg 1024w, https:\/\/phrase.com\/wp-content\/uploads\/2023\/09\/translate-webpage-768x431.jpg 768w, https:\/\/phrase.com\/wp-content\/uploads\/2023\/09\/translate-webpage-1536x862.jpg 1536w\" sizes=\"auto, (max-width: 1710px) 100vw, 1710px\" \/><\/a><\/figure>\n\n\n<div class=\"wp-block-group wp-block-post__content is-layout-flow wp-block-group-is-layout-flow\"><h3 class=\"wp-block-post-title\">Wie du eine Website \u00fcbersetzt: Methoden, Tools und was tats\u00e4chlich funktioniert<\/h3>\n\n<div class=\"wp-block-post-excerpt\"><p class=\"wp-block-post-excerpt__excerpt\">Der beste Weg, eine Website zu \u00fcbersetzen, h\u00e4ngt von deinen Inhalten, dem Umfang und den Qualit\u00e4tsanforderungen ab. Die meisten Organisationen kombinieren KI-\u00dcbersetzung, menschliche \u00dcberpr\u00fcfung und maschinelle \u00dcbersetzung innerhalb eines strukturierten&hellip;<\/p><p class=\"wp-block-post-excerpt__more-text\"><a class=\"wp-block-post-excerpt__more-link\" href=\"https:\/\/phrase.com\/de\/blog\/posts\/how-translate-web-page\/\">Read more<\/a><\/p><\/div><\/div>\n\n<\/li><\/ul>\n\n\n\n<div class=\"wp-block-infinite-scroll-load-more-button\" data-wp-interactive=\"wearerequired\/infinite-scroll\" data-wp-context='{\"instanceId\":\"wearerequired\\\/infinite-scroll-1\"}' data-wp-class--is-loading=\"state.isLoading\">\n\t\t<button\n\t\t\ttype=\"button\"\n\t\t\tclass=\"wp-element-button wp-block-infinite-scroll-load-more-button__button\"\n\t\t\tdata-wp-on-async--click=\"actions.loadMore\"\n\t\t\tdata-wp-bind--disabled=\"state.isLoading\"\n\t\t\tdata-wp-bind--hidden=\"state.isButtonHidden\"\n\t\t>\n\t\t\tLoad more\n\t\t<\/button>\n\t\t<div hidden class=\"wp-block-infinite-scroll-load-more-button__loading-indicator\" data-wp-bind--hidden=\"!state.isLoading\">Loading\u2026<\/div>\n\t<\/div><\/div>\n<\/div>\n\n","protected":false},"excerpt":{"rendered":"<p>Blog Experteneinblicke, praktische Strategien und echte Geschichten, die dir helfen, die Lokalisierung zu vereinfachen und zu optimieren, mit Zielgruppen in Kontakt zu treten und dein Business weltweit auszubauen.<\/p>\n","protected":false},"author":6,"featured_media":0,"parent":0,"menu_order":0,"comment_status":"closed","ping_status":"closed","template":"page-refresh","meta":{"_acf_changed":false,"_stopmodifiedupdate":false,"_modified_date":"","_searchwp_excluded":"","episode_type":"","audio_file":"","podmotor_file_id":"","podmotor_episode_id":"","cover_image":"","cover_image_id":"","duration":"","filesize":"","filesize_raw":"","date_recorded":"","explicit":"","block":"","itunes_episode_number":"","itunes_title":"","itunes_season_number":"","itunes_episode_type":"","footnotes":""},"class_list":["post-33179","page","type-page","status-publish","hentry"],"acf":[],"_links":{"self":[{"href":"https:\/\/phrase.com\/de\/wp-json\/wp\/v2\/pages\/33179","targetHints":{"allow":["GET"]}}],"collection":[{"href":"https:\/\/phrase.com\/de\/wp-json\/wp\/v2\/pages"}],"about":[{"href":"https:\/\/phrase.com\/de\/wp-json\/wp\/v2\/types\/page"}],"author":[{"embeddable":true,"href":"https:\/\/phrase.com\/de\/wp-json\/wp\/v2\/users\/6"}],"replies":[{"embeddable":true,"href":"https:\/\/phrase.com\/de\/wp-json\/wp\/v2\/comments?post=33179"}],"version-history":[{"count":23,"href":"https:\/\/phrase.com\/de\/wp-json\/wp\/v2\/pages\/33179\/revisions"}],"predecessor-version":[{"id":119131,"href":"https:\/\/phrase.com\/de\/wp-json\/wp\/v2\/pages\/33179\/revisions\/119131"}],"wp:attachment":[{"href":"https:\/\/phrase.com\/de\/wp-json\/wp\/v2\/media?parent=33179"}],"curies":[{"name":"wp","href":"https:\/\/api.w.org\/{rel}","templated":true}]}}