{"id":37006,"date":"2022-12-02T18:43:58","date_gmt":"2022-12-02T17:43:58","guid":{"rendered":"https:\/\/phrase.com\/?page_id=37006"},"modified":"2026-01-27T16:45:46","modified_gmt":"2026-01-27T15:45:46","slug":"channel","status":"publish","type":"page","link":"https:\/\/phrase.com\/de\/partners\/channel\/","title":{"rendered":"Vertriebspartner"},"content":{"rendered":"\n<div class=\"wp-block-group alignwide is-style-header-hero has-white-color has-white-background-color has-text-color has-background has-link-color has-background-images wp-elements-6b597c4c2d8cd81d9d9bc5364c8cee79 is-layout-flow wp-block-group-is-layout-flow\" style=\"padding-bottom:0;background-image:url(https:\/\/phrase.com\/wp-content\/uploads\/2025\/05\/Solutions-partners-banner.jpg.webp);background-position:0% 0%;background-attachment:scroll;background-repeat:no-repeat;background-size:cover\">\n<div class=\"wp-block-columns is-layout-flex wp-container-core-columns-is-layout-28f84493 wp-block-columns-is-layout-flex\">\n<div class=\"wp-block-column is-layout-flow wp-block-column-is-layout-flow\"><div class=\"yoast-breadcrumbs\"><span><span><a href=\"https:\/\/phrase.com\/de\/\">Home<\/a><\/span> | <span><a href=\"https:\/\/phrase.com\/de\/partners\/\">Phrase-Partnerprogramm<\/a><\/span> | <span class=\"breadcrumb_last\" aria-current=\"page\">Vertriebspartner<\/span><\/span><\/div>\n\n\n<h1 class=\"wp-block-heading has-white-color has-text-color has-link-color wp-elements-2178c51cd762aef0e324da3675d8030c\" id=\"h-losungspartner\">L\u00f6sungspartner<\/h1>\n\n\n\n<p class=\"has-white-color has-text-color has-link-color wp-elements-78dd085129fb0c108b9df836de504565\"><br>Wir arbeiten mit vertrauensw\u00fcrdigen Integratoren, Agenturen und Beratern zusammen, <br>um ma\u00dfgeschneiderte Lokalisierungsl\u00f6sungen zu liefern \u2013 ganz gleich, ob es um individuelle <br>Integrationen oder strategische Beratung geht.<\/p>\n\n\n\n<div class=\"wp-block-buttons is-content-justification-left is-layout-flex wp-container-core-buttons-is-layout-fc4fd283 wp-block-buttons-is-layout-flex\">\n<div class=\"wp-block-button is-style-phrase-green-filled\"><a class=\"wp-block-button__link has-text-align-left wp-element-button\" href=\"https:\/\/phrase.com\/de\/demo\/\" target=\"_blank\" rel=\"noreferrer noopener\">Demo buchen<\/a><\/div>\n\n\n\n<div class=\"wp-block-button is-style-white-outline\"><a class=\"wp-block-button__link wp-element-button\" href=\"https:\/\/phrase.com\/de\/contact\/\">Sprich uns an<\/a><\/div>\n<\/div>\n\n\n\n<p><br><\/p>\n<\/div>\n<\/div>\n<\/div>\n\n\n\n<h2 class=\"wp-block-heading has-text-align-center\" id=\"h-warum-eine-partnerschaft-mit-einem-phrase-losungspartner\">Warum eine Partnerschaft mit einem Phrase-L\u00f6sungspartner?<\/h2>\n\n\n\n<div class=\"wp-block-group alignfull has-background-images has-global-padding is-layout-constrained wp-container-core-group-is-layout-a3b46bdf wp-block-group-is-layout-constrained\" style=\"margin-top:var(--wp--preset--spacing--10);margin-bottom:var(--wp--preset--spacing--10);padding-top:var(--wp--preset--spacing--10);padding-right:var(--wp--preset--spacing--70);padding-bottom:var(--wp--preset--spacing--10);padding-left:var(--wp--preset--spacing--70);background-image:url(https:\/\/phrase.com\/wp-content\/uploads\/2024\/03\/svgexport-1-10.svg),url(https:\/\/phrase.com\/wp-content\/uploads\/2024\/03\/svgexport-1-17.svg);background-position:0% 70%,100% 100%;background-attachment:scroll,scroll;background-repeat:no-repeat,no-repeat;background-size:auto,auto\">\n<div class=\"wp-block-group alignwide is-style-feature-grid is-layout-grid wp-container-core-group-is-layout-7f02655c wp-block-group-is-layout-grid\">\n<div class=\"wp-block-group is-vertical is-layout-flex wp-container-core-group-is-layout-fe9cc265 wp-block-group-is-layout-flex\">\n<figure class=\"wp-block-image size-full is-resized\"><img loading=\"lazy\" decoding=\"async\" width=\"252\" height=\"252\" src=\"https:\/\/phrase.com\/wp-content\/uploads\/2025\/05\/Joint-discovery-Icon.png\" alt=\"Symbol einer Lupe \u00fcber zwei \u00fcberlappenden Kreisen, die gemeinsame Entdeckung und kollaborative Erkundung darstellen.\" class=\"wp-image-105918\" style=\"width:100px\" srcset=\"https:\/\/phrase.com\/wp-content\/uploads\/2025\/05\/Joint-discovery-Icon.png 252w, https:\/\/phrase.com\/wp-content\/uploads\/2025\/05\/Joint-discovery-Icon-150x150.png 150w\" sizes=\"auto, (max-width: 252px) 100vw, 252px\" \/><\/figure>\n\n\n\n<h3 class=\"wp-block-heading has-large-font-size\" id=\"h-joint-discovery-amp-scoping\">Gemeinsames Inhalts- und Umfangsmanagement<\/h3>\n\n\n\n<p>Ma\u00dfgeschneiderte Lokalisierungsstrategien auf der Grundlage eines umfassenden Verst\u00e4ndnisses der jeweiligen spezifischen Anforderungen.<\/p>\n<\/div>\n\n\n\n<div class=\"wp-block-group is-vertical is-layout-flex wp-container-core-group-is-layout-fe9cc265 wp-block-group-is-layout-flex\">\n<figure class=\"wp-block-image size-full is-resized\"><img loading=\"lazy\" decoding=\"async\" width=\"252\" height=\"252\" src=\"https:\/\/phrase.com\/wp-content\/uploads\/2025\/05\/Coordinated-Sales-Process-Icon.png\" alt=\"Das Symbol zeigt zwei H\u00e4nde, die sich \u00fcber einem Zahnrad sch\u00fctteln, und steht f\u00fcr einen koordinierten Verkaufsprozess und die Ausrichtung der Partnerschaft.\" class=\"wp-image-105900\" style=\"width:100px\" srcset=\"https:\/\/phrase.com\/wp-content\/uploads\/2025\/05\/Coordinated-Sales-Process-Icon.png 252w, https:\/\/phrase.com\/wp-content\/uploads\/2025\/05\/Coordinated-Sales-Process-Icon-150x150.png 150w\" sizes=\"auto, (max-width: 252px) 100vw, 252px\" \/><\/figure>\n\n\n\n<h3 class=\"wp-block-heading has-large-font-size\" id=\"h-coordinated-sales-process\">Koordinierter Verkaufsprozess<\/h3>\n\n\n\n<p>Eine nahtlose, einheitliche Erfahrung \u2013 von der ersten Beratung bis zur Bereitstellung der L\u00f6sung.<\/p>\n<\/div>\n\n\n\n<div class=\"wp-block-group is-vertical is-layout-flex wp-container-core-group-is-layout-fe9cc265 wp-block-group-is-layout-flex\">\n<figure class=\"wp-block-image size-full is-resized\"><img loading=\"lazy\" decoding=\"async\" width=\"252\" height=\"252\" src=\"https:\/\/phrase.com\/wp-content\/uploads\/2025\/05\/Co-developed-solutions-Icon.png\" alt=\"Das Symbol zweier Puzzleteile, die zusammenpassen, symbolisiert gemeinsam entwickelte L\u00f6sungen und Zusammenarbeit.\" class=\"wp-image-105894\" style=\"width:100px\" srcset=\"https:\/\/phrase.com\/wp-content\/uploads\/2025\/05\/Co-developed-solutions-Icon.png 252w, https:\/\/phrase.com\/wp-content\/uploads\/2025\/05\/Co-developed-solutions-Icon-150x150.png 150w\" sizes=\"auto, (max-width: 252px) 100vw, 252px\" \/><\/figure>\n\n\n\n<h3 class=\"wp-block-heading has-large-font-size\" id=\"h-co-developed-solutions\">Gemeinsam entwickelte L\u00f6sungen<\/h3>\n\n\n\n<p>Ma\u00dfgeschneiderte L\u00f6sungen, die gemeinsam entwickelt werden, um deine individuellen Gesch\u00e4ftsziele zu erreichen.<\/p>\n<\/div>\n\n\n\n<div class=\"wp-block-group is-vertical is-layout-flex wp-container-core-group-is-layout-fe9cc265 wp-block-group-is-layout-flex\">\n<figure class=\"wp-block-image size-full is-resized\"><img loading=\"lazy\" decoding=\"async\" width=\"252\" height=\"252\" src=\"https:\/\/phrase.com\/wp-content\/uploads\/2025\/05\/Joint-implementation-Onboarding-Icon.png\" alt=\"Symbol von zwei Zahnr\u00e4dern und einem H\u00e4kchen, das die gemeinsame Implementierung und die Zusammenarbeit beim Onboarding symbolisiert.\" class=\"wp-image-105906\" style=\"width:100px\" srcset=\"https:\/\/phrase.com\/wp-content\/uploads\/2025\/05\/Joint-implementation-Onboarding-Icon.png 252w, https:\/\/phrase.com\/wp-content\/uploads\/2025\/05\/Joint-implementation-Onboarding-Icon-150x150.png 150w\" sizes=\"auto, (max-width: 252px) 100vw, 252px\" \/><\/figure>\n\n\n\n<h3 class=\"wp-block-heading has-large-font-size\" id=\"h-joint-implementation-amp-onboarding\">Gemeinsame Implementierung &amp; Onboarding<\/h3>\n\n\n\n<p>Reibungsloses, effizientes Onboarding mit fachkundiger Anleitung sowohl von Technologie- als auch von Dienstleistungsanbietern.<\/p>\n<\/div>\n\n\n\n<div class=\"wp-block-group is-vertical is-layout-flex wp-container-core-group-is-layout-fe9cc265 wp-block-group-is-layout-flex\">\n<figure class=\"wp-block-image size-full is-resized\"><img loading=\"lazy\" decoding=\"async\" width=\"252\" height=\"252\" src=\"https:\/\/phrase.com\/wp-content\/uploads\/2025\/05\/Joint-Customer-Support-Icon.png\" alt=\"Symbol von zwei sich \u00fcberlappenden Sprechblasen mit einem Zahnrad, das gemeinsame Kundenbetreuung und kollaborativen Service darstellt.\" class=\"wp-image-105912\" style=\"width:100px\" srcset=\"https:\/\/phrase.com\/wp-content\/uploads\/2025\/05\/Joint-Customer-Support-Icon.png 252w, https:\/\/phrase.com\/wp-content\/uploads\/2025\/05\/Joint-Customer-Support-Icon-150x150.png 150w\" sizes=\"auto, (max-width: 252px) 100vw, 252px\" \/><\/figure>\n\n\n\n<h3 class=\"wp-block-heading has-large-font-size\" id=\"h-joint-customer-support\">Gemeinsamer Kundendienst<\/h3>\n\n\n\n<p>Umfassender Support durch Phrase und Partner, der eine schnelle Probleml\u00f6sung gew\u00e4hrleistet.<\/p>\n<\/div>\n\n\n\n<div class=\"wp-block-group is-vertical is-layout-flex wp-container-core-group-is-layout-fe9cc265 wp-block-group-is-layout-flex\">\n<figure class=\"wp-block-image size-full is-resized\"><img loading=\"lazy\" decoding=\"async\" width=\"252\" height=\"252\" src=\"https:\/\/phrase.com\/wp-content\/uploads\/2025\/05\/Maintenance-Icon.png\" alt=\"Flaches Symbol eines Schraubenschl\u00fcssels und eines Zahnrads, das Wartung oder Systemkonfiguration darstellt.\" class=\"wp-image-105888\" style=\"width:100px\" srcset=\"https:\/\/phrase.com\/wp-content\/uploads\/2025\/05\/Maintenance-Icon.png 252w, https:\/\/phrase.com\/wp-content\/uploads\/2025\/05\/Maintenance-Icon-150x150.png 150w\" sizes=\"auto, (max-width: 252px) 100vw, 252px\" \/><\/figure>\n\n\n\n<h3 class=\"wp-block-heading has-large-font-size\" id=\"h-tm-tb-maintenance\">TM\/TB-Wartung<\/h3>\n\n\n\n<p>Fortlaufende Verwaltung von Translation Memorys und Terminologiedatenbanken \u2013 zur Gew\u00e4hrleistung von Konsistenz und langfristiger Qualit\u00e4t.<\/p>\n<\/div>\n<\/div>\n\n\n\n<div class=\"wp-block-buttons is-content-justification-center is-layout-flex wp-container-core-buttons-is-layout-31558199 wp-block-buttons-is-layout-flex\" style=\"margin-top:var(--wp--preset--spacing--70);margin-bottom:var(--wp--preset--spacing--70)\">\n<div class=\"wp-block-button is-style-grey-filled\"><a class=\"wp-block-button__link wp-element-button\" href=\"https:\/\/phrase.com\/de\/partners\/become-a-partner\/\">Partner werden<\/a><\/div>\n<\/div>\n<\/div>\n\n\n\n\n<h2 class=\"wp-block-heading has-text-align-center\" style=\"margin-top:var(--wp--preset--spacing--110)\">Lernen Sie einige unserer Partner kennen<a href=\"https:\/\/phrase.com\/de\/partners\/actum-digital\/\"><\/a><\/h2>\n\n\n\n<div class=\"wp-block-group alignwide is-layout-grid wp-container-core-group-is-layout-8c6ccdf6 wp-block-group-is-layout-grid\">\n<div class=\"wp-block-group is-style-rounded-teaser is-vertical is-layout-flex wp-container-core-group-is-layout-c87b11c6 wp-block-group-is-layout-flex\" style=\"padding-top:var(--wp--preset--spacing--16);padding-right:var(--wp--preset--spacing--16);padding-bottom:var(--wp--preset--spacing--16);padding-left:var(--wp--preset--spacing--16)\">\n<figure class=\"wp-block-image size-full is-resized\"><img loading=\"lazy\" decoding=\"async\" width=\"500\" height=\"500\" src=\"https:\/\/phrase.com\/wp-content\/uploads\/2025\/01\/cropped-the-sinapi-team-logo.png\" alt=\"\" class=\"wp-image-97475\" style=\"object-fit:contain;width:72px;height:72px\" srcset=\"https:\/\/phrase.com\/wp-content\/uploads\/2025\/01\/cropped-the-sinapi-team-logo.png 500w, https:\/\/phrase.com\/wp-content\/uploads\/2025\/01\/cropped-the-sinapi-team-logo-300x300.png 300w, https:\/\/phrase.com\/wp-content\/uploads\/2025\/01\/cropped-the-sinapi-team-logo-150x150.png 150w\" sizes=\"auto, (max-width: 500px) 100vw, 500px\" \/><\/figure>\n\n\n\n<p><strong><a href=\"https:\/\/phrase.com\/de\/partners\/sinapi\/\">Sinapi<\/a><\/strong><\/p>\n<\/div>\n\n\n\n<div class=\"wp-block-group is-style-rounded-teaser is-vertical is-layout-flex wp-container-core-group-is-layout-fe9cc265 wp-block-group-is-layout-flex\">\n<figure class=\"wp-block-image size-full is-resized\"><img loading=\"lazy\" decoding=\"async\" width=\"373\" height=\"87\" src=\"https:\/\/phrase.com\/wp-content\/uploads\/2023\/04\/Actum_logo.png\" alt=\"ACTUM Digital | Phrase Partner\" class=\"wp-image-45398\" style=\"object-fit:contain;width:72px;height:72px\" srcset=\"https:\/\/phrase.com\/wp-content\/uploads\/2023\/04\/Actum_logo.png 373w, https:\/\/phrase.com\/wp-content\/uploads\/2023\/04\/Actum_logo-300x70.png 300w\" sizes=\"auto, (max-width: 373px) 100vw, 373px\" \/><\/figure>\n\n\n\n<p><strong><a href=\"https:\/\/phrase.com\/de\/partners\/actum-digital\/\">Actum Digital<\/a><\/strong><\/p>\n<\/div>\n\n\n\n<div class=\"wp-block-group is-style-rounded-teaser is-vertical is-layout-flex wp-container-core-group-is-layout-c87b11c6 wp-block-group-is-layout-flex\" style=\"padding-top:var(--wp--preset--spacing--16);padding-right:var(--wp--preset--spacing--16);padding-bottom:var(--wp--preset--spacing--16);padding-left:var(--wp--preset--spacing--16)\">\n<figure class=\"wp-block-image size-full is-resized\"><img loading=\"lazy\" decoding=\"async\" width=\"2717\" height=\"870\" src=\"https:\/\/phrase.com\/wp-content\/uploads\/2023\/08\/TEXTree-CI.png\" alt=\"TEXTree-Logo | Phrase\" class=\"wp-image-61165\" style=\"object-fit:contain;width:72px;height:72px\" srcset=\"https:\/\/phrase.com\/wp-content\/uploads\/2023\/08\/TEXTree-CI.png 2717w, https:\/\/phrase.com\/wp-content\/uploads\/2023\/08\/TEXTree-CI-300x96.png 300w, https:\/\/phrase.com\/wp-content\/uploads\/2023\/08\/TEXTree-CI-1024x328.png 1024w, https:\/\/phrase.com\/wp-content\/uploads\/2023\/08\/TEXTree-CI-768x246.png 768w, https:\/\/phrase.com\/wp-content\/uploads\/2023\/08\/TEXTree-CI-1536x492.png 1536w, https:\/\/phrase.com\/wp-content\/uploads\/2023\/08\/TEXTree-CI-2048x656.png 2048w\" sizes=\"auto, (max-width: 2717px) 100vw, 2717px\" \/><\/figure>\n\n\n\n<p><strong><a href=\"https:\/\/phrase.com\/de\/partners\/textree\/\">TEXTree<\/a><\/strong><\/p>\n<\/div>\n\n\n\n<div class=\"wp-block-group is-style-rounded-teaser is-vertical is-layout-flex wp-container-core-group-is-layout-c87b11c6 wp-block-group-is-layout-flex\" style=\"padding-top:var(--wp--preset--spacing--16);padding-right:var(--wp--preset--spacing--16);padding-bottom:var(--wp--preset--spacing--16);padding-left:var(--wp--preset--spacing--16)\">\n<figure class=\"wp-block-image size-full is-resized\"><img loading=\"lazy\" decoding=\"async\" width=\"278\" height=\"276\" src=\"https:\/\/phrase.com\/wp-content\/uploads\/2025\/06\/PDS_ICO.png\" alt=\"\" class=\"wp-image-108648\" style=\"object-fit:contain;width:72px;height:72px\" srcset=\"https:\/\/phrase.com\/wp-content\/uploads\/2025\/06\/PDS_ICO.png 278w, https:\/\/phrase.com\/wp-content\/uploads\/2025\/06\/PDS_ICO-150x150.png 150w\" sizes=\"auto, (max-width: 278px) 100vw, 278px\" \/><\/figure>\n\n\n\n<p><strong><a href=\"https:\/\/phrase.com\/de\/partners\/paladini-digital-solutions\/\" target=\"_blank\" rel=\"noreferrer noopener\">Paladini Digital Solutions<\/a><\/strong><\/p>\n<\/div>\n\n\n\n<div class=\"wp-block-group is-style-rounded-teaser is-vertical is-layout-flex wp-container-core-group-is-layout-c87b11c6 wp-block-group-is-layout-flex\" style=\"padding-top:var(--wp--preset--spacing--16);padding-right:var(--wp--preset--spacing--16);padding-bottom:var(--wp--preset--spacing--16);padding-left:var(--wp--preset--spacing--16)\">\n<figure class=\"wp-block-image size-full is-resized\"><img loading=\"lazy\" decoding=\"async\" width=\"298\" height=\"68\" src=\"https:\/\/phrase.com\/wp-content\/uploads\/2025\/08\/LocVerse-Main-Logo-Transparent-bg.svg\" alt=\"LocVerse Hauptlogo\" class=\"wp-image-113235\" style=\"aspect-ratio:1;object-fit:contain;width:72px\"\/><\/figure>\n\n\n\n<p><strong><a href=\"https:\/\/phrase.com\/de\/partners\/locverse\/\" target=\"_blank\" rel=\"noreferrer noopener\">LocVerse<\/a><\/strong><\/p>\n<\/div>\n<\/div>\n\n\n\n<div class=\"wp-block-buttons is-content-justification-center is-layout-flex wp-container-core-buttons-is-layout-ce94c4b5 wp-block-buttons-is-layout-flex\" style=\"margin-top:var(--wp--preset--spacing--45)\">\n<div class=\"wp-block-button is-style-grey-filled\"><a class=\"wp-block-button__link wp-element-button\" href=\"https:\/\/phrase.com\/de\/integrations\/\">Integrationen und Partner-Hub entdecken<\/a><\/div>\n<\/div>\n\n\n\n<div class=\"wp-block-group alignwide has-phrase-green-background-color has-background has-background-images has-global-padding is-content-justification-left is-layout-constrained wp-container-core-group-is-layout-12dd3699 wp-block-group-is-layout-constrained\" style=\"background-image:url(https:\/\/phrase.com\/wp-content\/uploads\/2024\/02\/b73d2cc70754ac3f815cbb0c99a61057-1.jpeg.webp);background-position:0% 0%;background-attachment:scroll;background-repeat:no-repeat;background-size:cover\"><div class=\"glide wp-block-phrase-com-testimonials\"><div class=\"glide__track\" data-glide-el=\"track\"><div class=\"glide__slides\">\t<div class=\"wp-block-phrase-com-testimonial glide__slide\">\n\t\t<div class=\"wp-block-phrase-com-testimonial__text \">\n\t\t\t<p>Phrase ist weltweit das f\u00fchrende TMS f\u00fcr Linguist*innen und Lokalisierungsteams. Deshalb ist es uns eine gro\u00dfe Freude, unsere Partnerschaft mit Phrase auf die n\u00e4chste Stufe zu heben. Wir sind stolz auf die enge Zusammenarbeit und die gemeinsame Produktvision f\u00fcr den Lokalisierungsmarkt mit Phrase, und freuen uns auf unsere gemeinsame Zukunft.<\/p>\n\t\t<\/div>\n\t\t<div class=\"wp-block-phrase-com-testimonial__author\">\n\t\t\t\n\t\t\t<div class=\"wp-block-phrase-com-testimonial__author-info\">\n\t\t\t\t<img loading=\"lazy\" decoding=\"async\" width=\"290\" height=\"139\" src=\"https:\/\/phrase.com\/wp-content\/uploads\/2022\/08\/CaptionHub_Testimonial_Logo.png\" class=\"wp-block-phrase-com-testimonial__author-company-logo\" alt=\"Logo of CaptionHub\" \/>\n\t\t\t\t<p class=\"wp-block-phrase-com-testimonial__author-name\">\n\t\t\t\t\tTom Bridges\t\t\t\t<\/p>\n\n\t\t\t\t<p class=\"wp-block-phrase-com-testimonial__author-title\">\n\t\t\t\t\tCEO\t\t\t\t<\/p>\n\t\t\t<\/div>\n\t\t<\/div>\n\t<\/div>\n\t<\/div><\/div><\/div><\/div>\n\n\n\n<div class=\"wp-block-group alignwide has-yellow-background-color has-background has-global-padding is-layout-constrained wp-block-group-is-layout-constrained\">\n<h2 class=\"wp-block-heading has-text-align-center has-black-color has-text-color has-link-color wp-elements-cd2cc4ae54276c3f77031793bdd2f5ee\" id=\"h-mochtest-du-mehr-erfahren\">M\u00f6chtest du mehr erfahren?<\/h2>\n\n\n\n<p class=\"has-text-align-center has-black-color has-text-color has-link-color wp-elements-3115ee03627b7554c2720164f76d585d\">Nimm Kontakt mit uns auf, und wir beantworten deine Fragen.<\/p>\n\n\n\n<div class=\"wp-block-buttons is-content-justification-center is-layout-flex wp-container-core-buttons-is-layout-a89b3969 wp-block-buttons-is-layout-flex\">\n<div class=\"wp-block-button is-style-default\"><a class=\"wp-block-button__link wp-element-button\" href=\"https:\/\/phrase.com\/de\/demo\/\" target=\"_blank\" rel=\"noreferrer noopener\">Jetzt Demo-Termin vereinbaren<\/a><\/div>\n\n\n\n<div class=\"wp-block-button is-style-black-outline\"><a class=\"wp-block-button__link wp-element-button\" href=\"https:\/\/phrase.com\/de\/general-inquiries\/\">Kontaktiere uns<\/a><\/div>\n<\/div>\n<\/div>\n","protected":false},"excerpt":{"rendered":"<p>L\u00f6sungspartner Wir arbeiten mit vertrauensw\u00fcrdigen Integratoren, Agenturen und Beratern zusammen, um ma\u00dfgeschneiderte Lokalisierungsl\u00f6sungen zu liefern \u2013 ganz gleich, ob es um individuelle Integrationen oder strategische Beratung geht. Warum eine Partnerschaft mit einem Phrase-L\u00f6sungspartner? Lernen Sie einige unserer Partner kennen Sinapi Actum Digital TEXTree Paladini Digital Solutions LocVerse M\u00f6chtest du mehr erfahren? Nimm Kontakt mit uns [&hellip;]<\/p>\n","protected":false},"author":4,"featured_media":0,"parent":56573,"menu_order":1,"comment_status":"closed","ping_status":"closed","template":"page-refresh","meta":{"_acf_changed":false,"_stopmodifiedupdate":false,"_modified_date":"","_searchwp_excluded":"","episode_type":"","audio_file":"","podmotor_file_id":"","podmotor_episode_id":"","cover_image":"","cover_image_id":"","duration":"","filesize":"","filesize_raw":"","date_recorded":"","explicit":"","block":"","itunes_episode_number":"","itunes_title":"","itunes_season_number":"","itunes_episode_type":"","footnotes":""},"class_list":["post-37006","page","type-page","status-publish","hentry"],"acf":[],"_links":{"self":[{"href":"https:\/\/phrase.com\/de\/wp-json\/wp\/v2\/pages\/37006","targetHints":{"allow":["GET"]}}],"collection":[{"href":"https:\/\/phrase.com\/de\/wp-json\/wp\/v2\/pages"}],"about":[{"href":"https:\/\/phrase.com\/de\/wp-json\/wp\/v2\/types\/page"}],"author":[{"embeddable":true,"href":"https:\/\/phrase.com\/de\/wp-json\/wp\/v2\/users\/4"}],"replies":[{"embeddable":true,"href":"https:\/\/phrase.com\/de\/wp-json\/wp\/v2\/comments?post=37006"}],"version-history":[{"count":21,"href":"https:\/\/phrase.com\/de\/wp-json\/wp\/v2\/pages\/37006\/revisions"}],"predecessor-version":[{"id":133246,"href":"https:\/\/phrase.com\/de\/wp-json\/wp\/v2\/pages\/37006\/revisions\/133246"}],"up":[{"embeddable":true,"href":"https:\/\/phrase.com\/de\/wp-json\/wp\/v2\/pages\/56573"}],"wp:attachment":[{"href":"https:\/\/phrase.com\/de\/wp-json\/wp\/v2\/media?parent=37006"}],"curies":[{"name":"wp","href":"https:\/\/api.w.org\/{rel}","templated":true}]}}