{"id":54654,"date":"2023-05-17T11:00:00","date_gmt":"2023-05-17T09:00:00","guid":{"rendered":"https:\/\/phrase.com\/phrase-launch-woche-17-bis-24-mai-2023\/"},"modified":"2025-10-06T10:11:02","modified_gmt":"2025-10-06T08:11:02","slug":"phrase-suite-may-2023-launch","status":"publish","type":"page","link":"https:\/\/phrase.com\/de\/phrase-suite-may-2023-launch\/","title":{"rendered":"Phrase Launch-Woche: 17. bis 24. Mai 2023"},"content":{"rendered":"\n<div class=\"wp-block-group alignwide is-style-header-hero has-white-color has-white-background-color has-text-color has-background has-link-color has-background-images wp-elements-45122e31298c346fa0951a0f64397810 is-layout-flow wp-block-group-is-layout-flow\" style=\"padding-top:var(--wp--preset--spacing--110);padding-bottom:var(--wp--preset--spacing--110);background-image:url(https:\/\/phrase.com\/wp-content\/uploads\/2025\/07\/phrase-header-green.jpg.webp);background-position:0% 100%;background-attachment:scroll;background-repeat:no-repeat;background-size:cover\">\n<div class=\"wp-block-group has-global-padding is-content-justification-left is-layout-constrained wp-container-core-group-is-layout-b0ba78b1 wp-block-group-is-layout-constrained\"><div class=\"yoast-breadcrumbs\"><span><span><a href=\"https:\/\/phrase.com\/de\/\">Home<\/a><\/span> | <span class=\"breadcrumb_last\" aria-current=\"page\">Phrase Launch-Woche: 17. bis 24. Mai 2023<\/span><\/span><\/div>\n\n\n<h2 class=\"wp-block-heading has-text-align-left has-gigantic-font-size\" id=\"h-unlock-connectivity-unleash-opportunity-0\" style=\"font-style:normal;font-weight:400\">Konnektivit\u00e4t entsperren, Chancen entfesseln<\/h2>\n\n\n\n<div class=\"wp-block-group has-global-padding is-content-justification-left is-layout-constrained wp-container-core-group-is-layout-12dd3699 wp-block-group-is-layout-constrained\">\n<p class=\"has-text-align-left\">Verbinde dich auf neue und verbesserte Weise mit der Phrase Suite mit unseren neuesten Konnektivit\u00e4tsfunktionen. Von leistungsstarken neuen Integrationen und verbesserter plattform\u00fcbergreifender Synchronisierung bis hin zu optimierter Benutzerfreundlichkeit und Anpassung \u2013 unsere neuen Funktionen machen deinen Lokalisierungsprozess schneller, qualitativer und kosteneffizienter.<\/p>\n<\/div>\n<\/div>\n<\/div>\n\n\n\n<h2 class=\"wp-block-heading has-text-align-center\" id=\"h-enhanced-connectivity-across-the-board\">Verbesserte Konnektivit\u00e4t<br>auf ganzer Linie<\/h2>\n\n\n\n<div class=\"wp-block-columns alignwide are-vertically-aligned-center media-text-columns media-text-columns--media-left is-layout-flex wp-container-core-columns-is-layout-28f84493 wp-block-columns-is-layout-flex\">\n<div class=\"wp-block-column is-vertically-aligned-center is-layout-flow wp-block-column-is-layout-flow\" style=\"flex-basis:57.2131147541%\">\n<figure class=\"wp-block-image size-full\"><img loading=\"lazy\" decoding=\"async\" width=\"1260\" height=\"1048\" src=\"https:\/\/phrase.com\/wp-content\/uploads\/2023\/05\/Job_Sync_May_Cadence_LP.png\" alt=\"Job Sync Mai 2023 Rhythmus-Start | Phrase\" class=\"wp-image-53746\" srcset=\"https:\/\/phrase.com\/wp-content\/uploads\/2023\/05\/Job_Sync_May_Cadence_LP.png 1260w, https:\/\/phrase.com\/wp-content\/uploads\/2023\/05\/Job_Sync_May_Cadence_LP-300x250.png 300w, https:\/\/phrase.com\/wp-content\/uploads\/2023\/05\/Job_Sync_May_Cadence_LP-1024x852.png 1024w, https:\/\/phrase.com\/wp-content\/uploads\/2023\/05\/Job_Sync_May_Cadence_LP-768x639.png 768w\" sizes=\"auto, (max-width: 1260px) 100vw, 1260px\" \/><\/figure>\n<\/div>\n\n\n\n<div class=\"wp-block-column is-vertically-aligned-center is-layout-flow wp-block-column-is-layout-flow\" style=\"flex-basis:41.9672131148%\">\n<h2 class=\"wp-block-heading has-extra-large-font-size\" id=\"h-new-and-improved-cross-platform-sync\">Neue und verbesserte plattform\u00fcbergreifende Synchronisierung<\/h2>\n\n\n\n<p>Profitiere von noch mehr Konnektivit\u00e4t in der Phrase Localization Platform! Wenn Keys in Phrase Strings hinzugef\u00fcgt oder aktualisiert werden, k\u00f6nnen Projekte automatisch synchronisiert und \u00fcber Phrase TMS vor\u00fcbersetzt werden. Sobald dies abgeschlossen ist, k\u00f6nnen auch Translation Memories in Phrase TMS automatisch aktualisiert werden, sodass deine Teams immer mit dem aktuellsten Content arbeiten.<\/p>\n\n\n\n<div class=\"wp-block-buttons is-layout-flex wp-block-buttons-is-layout-flex\">\n<div class=\"wp-block-button is-style-plain\"><a class=\"wp-block-button__link wp-element-button\" href=\"https:\/\/phrase.com\/de\/platform\/job-sync\/\" target=\"_blank\" rel=\"noreferrer noopener\">Erkunde Job Sync<\/a><\/div>\n\n\n<\/div>\n<\/div>\n<\/div>\n\n\n\n<div class=\"wp-block-columns alignwide are-vertically-aligned-center media-text-columns media-text-columns--media-right is-layout-flex wp-container-core-columns-is-layout-28f84493 wp-block-columns-is-layout-flex\">\n<div class=\"wp-block-column is-vertically-aligned-center is-layout-flow wp-block-column-is-layout-flow\" style=\"flex-basis:41.9672131148%\">\n<h2 class=\"wp-block-heading has-extra-large-font-size\" id=\"h-unlock-the-power-of-ai-with-the-phrase-gpt-beta-program\">Nutze die Leistungsf\u00e4higkeit von KI mit dem Phrase GPT Beta-Programm<\/h2>\n\n\n\n<p>Du m\u00f6chtest die neuesten Fortschritte im Bereich der k\u00fcnstliche Intelligenz aus erster Hand erleben? Wir starten unser GPT-Beta-Programm \u2013 ausgew\u00e4hlte Kunden erhalten die M\u00f6glichkeit, unsere GPT-Integrationen vor allen anderen zu nutzen.<\/p>\n<\/div>\n\n\n\n<div class=\"wp-block-column is-vertically-aligned-center is-layout-flow wp-block-column-is-layout-flow\" style=\"flex-basis:57.2131147541%\">\n<figure class=\"wp-block-image size-full\"><img loading=\"lazy\" decoding=\"async\" width=\"1260\" height=\"864\" src=\"https:\/\/phrase.com\/wp-content\/uploads\/2023\/05\/GPT_Beta_Program_Feature.png\" alt=\"GPT-Beta-Programm-Feature | Phrase\" class=\"wp-image-54048\" srcset=\"https:\/\/phrase.com\/wp-content\/uploads\/2023\/05\/GPT_Beta_Program_Feature.png 1260w, https:\/\/phrase.com\/wp-content\/uploads\/2023\/05\/GPT_Beta_Program_Feature-300x206.png 300w, https:\/\/phrase.com\/wp-content\/uploads\/2023\/05\/GPT_Beta_Program_Feature-1024x702.png 1024w, https:\/\/phrase.com\/wp-content\/uploads\/2023\/05\/GPT_Beta_Program_Feature-768x527.png 768w\" sizes=\"auto, (max-width: 1260px) 100vw, 1260px\" \/><\/figure>\n<\/div>\n<\/div>\n\n\n\n<div class=\"wp-block-columns alignwide are-vertically-aligned-center media-text-columns media-text-columns--media-left is-layout-flex wp-container-core-columns-is-layout-28f84493 wp-block-columns-is-layout-flex\">\n<div class=\"wp-block-column is-vertically-aligned-center is-layout-flow wp-block-column-is-layout-flow\" style=\"flex-basis:57.2131147541%\">\n<figure class=\"wp-block-image size-full\"><img loading=\"lazy\" decoding=\"async\" width=\"1260\" height=\"777\" src=\"https:\/\/phrase.com\/wp-content\/uploads\/2023\/05\/Orchestrator_May_Cadence_LP.png\" alt=\"\" class=\"wp-image-53653\" srcset=\"https:\/\/phrase.com\/wp-content\/uploads\/2023\/05\/Orchestrator_May_Cadence_LP.png 1260w, https:\/\/phrase.com\/wp-content\/uploads\/2023\/05\/Orchestrator_May_Cadence_LP-300x185.png 300w, https:\/\/phrase.com\/wp-content\/uploads\/2023\/05\/Orchestrator_May_Cadence_LP-1024x631.png 1024w, https:\/\/phrase.com\/wp-content\/uploads\/2023\/05\/Orchestrator_May_Cadence_LP-768x474.png 768w\" sizes=\"auto, (max-width: 1260px) 100vw, 1260px\" \/>Phrase Orchestrator Mai 2023 Rhythmus-Start | Phrase&lt;2&gt;<\/figure>\n<\/div>\n\n\n\n<div class=\"wp-block-column is-vertically-aligned-center is-layout-flow wp-block-column-is-layout-flow\" style=\"flex-basis:41.9672131148%\">\n<h2 class=\"wp-block-heading has-extra-large-font-size\" id=\"h-powerful-new-enhancements-for-phrase-orchestrator\">Leistungsstarke neue Erweiterungen f\u00fcr Phrase Orchestrator<\/h2>\n\n\n\n<p>Beseitige Ineffizienzen und verbessere die Produktivit\u00e4t mit unseren neuen Loop-, Iterations- und Paginierungsfunktionen. Diese Verbesserungen fassen mehrere Workflow-Schritte zu einer Aktion zusammen, sodass du Workflow-Aufgaben schneller als je zuvor ausf\u00fchren kannst. Profitiere von schnelleren Verarbeitungszeiten und einer verbesserten Benutzererfahrung bei der Verarbeitung gro\u00dfer Datenmengen.<\/p>\n\n\n\n<div class=\"wp-block-buttons is-layout-flex wp-block-buttons-is-layout-flex\">\n<div class=\"wp-block-button is-style-plain\"><a class=\"wp-block-button__link wp-element-button\" href=\"https:\/\/phrase.com\/de\/platform\/orchestrator\/\" target=\"_blank\" rel=\"noreferrer noopener\">Erkunde Orchestrator<\/a><\/div>\n\n\n\n<div class=\"wp-block-button is-style-plain\"><a class=\"wp-block-button__link wp-element-button\" href=\"https:\/\/www.youtube.com\/watch?v=iI9hCY9IqoA\">Tutorial ansehen<\/a><\/div>\n<\/div>\n<\/div>\n<\/div>\n\n\n\n<div class=\"wp-block-group alignwide has-global-padding is-layout-constrained wp-block-group-is-layout-constrained\" style=\"padding-top:0;padding-bottom:0\">\n<h3 class=\"wp-block-heading has-text-align-center has-huge-font-size\" id=\"h-our-latest-suite-of-releases\" style=\"margin-bottom:var(--wp--preset--spacing--8);font-style:normal;font-weight:400\">Unsere neuesten Ver\u00f6ffentlichungen<\/h3>\n\n\n\n<h3 class=\"wp-block-heading has-text-align-center\" id=\"h-phrase-tms\">Phrase TMS<\/h3>\n\n\n\n<div class=\"wp-block-columns alignwide is-layout-flex wp-container-core-columns-is-layout-bd983c88 wp-block-columns-is-layout-flex\" style=\"margin-bottom:80px;padding-top:var(--wp--preset--spacing--45);padding-bottom:var(--wp--preset--spacing--45)\">\n<div class=\"wp-block-column is-layout-flow wp-block-column-is-layout-flow\">\n<div class=\"wp-block-group is-vertical is-layout-flex wp-container-core-group-is-layout-ea0cb840 wp-block-group-is-layout-flex\">\n<figure class=\"wp-block-image size-large is-resized is-style-default\"><img loading=\"lazy\" decoding=\"async\" width=\"1024\" height=\"575\" src=\"https:\/\/phrase.com\/wp-content\/uploads\/2023\/05\/Contentful_May_Cadence_LP-1024x575.jpg\" alt=\"Phrase TMS-App f\u00fcr Contentful Mai 2023 Rhythmus-Start | Phrase\" class=\"wp-image-53684\" style=\"width:415px;height:auto\" srcset=\"https:\/\/phrase.com\/wp-content\/uploads\/2023\/05\/Contentful_May_Cadence_LP-1024x575.jpg 1024w, https:\/\/phrase.com\/wp-content\/uploads\/2023\/05\/Contentful_May_Cadence_LP-300x168.jpg 300w, https:\/\/phrase.com\/wp-content\/uploads\/2023\/05\/Contentful_May_Cadence_LP-768x431.jpg 768w, https:\/\/phrase.com\/wp-content\/uploads\/2023\/05\/Contentful_May_Cadence_LP-1536x862.jpg 1536w, https:\/\/phrase.com\/wp-content\/uploads\/2023\/05\/Contentful_May_Cadence_LP.jpg 1710w\" sizes=\"auto, (max-width: 1024px) 100vw, 1024px\" \/><\/figure>\n\n\n\n<div style=\"height:20px\" aria-hidden=\"true\" class=\"wp-block-spacer wp-container-content-62aae154\"><\/div>\n\n\n\n<h4 class=\"wp-block-heading\" id=\"h-manage-your-translation-process-directly-in-contentful\" style=\"font-style:normal;font-weight:700\">Verwalte deinen \u00dcbersetzungsprozess direkt in Contentful!<\/h4>\n\n\n\n<p>Anstatt zwischen den Tools zu wechseln, kannst du \u00dcbersetzungen jetzt ganz einfach direkt in Contentful verwalten. Die brandneue Phrase TMS-App f\u00fcr Contentful bindet sich an die Funktionen von Phrase an, um deinen Lokalisierungsprozess zu optimieren und dir dabei zu helfen, qualitativ hochwertige mehrsprachige Inhalte in gro\u00dfem Umfang bereitzustellen.<\/p>\n\n\n\n<div style=\"height:20px\" aria-hidden=\"true\" class=\"wp-block-spacer wp-container-content-62aae154\"><\/div>\n\n\n\n<div class=\"wp-block-buttons is-layout-flex wp-block-buttons-is-layout-flex\">\n<div class=\"wp-block-button\"><a class=\"wp-block-button__link wp-element-button\" href=\"https:\/\/phrase.com\/de\/integrations\/contentful\/\" target=\"_blank\" rel=\"noreferrer noopener\">Entdecke Integration<\/a><\/div>\n<\/div>\n<\/div>\n<\/div>\n\n\n\n<div class=\"wp-block-column is-layout-flow wp-block-column-is-layout-flow\">\n<div class=\"wp-block-group is-vertical is-layout-flex wp-container-core-group-is-layout-ea0cb840 wp-block-group-is-layout-flex\">\n<figure class=\"wp-block-image size-large is-style-default\"><img loading=\"lazy\" decoding=\"async\" width=\"1024\" height=\"575\" src=\"https:\/\/phrase.com\/wp-content\/uploads\/2023\/05\/Analytics_May_Cadence_LP-1024x575.jpg\" alt=\"Phrase Statistiken Mai 2023 Rhythmus-Start | Phrase\" class=\"wp-image-53696\" srcset=\"https:\/\/phrase.com\/wp-content\/uploads\/2023\/05\/Analytics_May_Cadence_LP-1024x575.jpg 1024w, https:\/\/phrase.com\/wp-content\/uploads\/2023\/05\/Analytics_May_Cadence_LP-300x168.jpg 300w, https:\/\/phrase.com\/wp-content\/uploads\/2023\/05\/Analytics_May_Cadence_LP-768x431.jpg 768w, https:\/\/phrase.com\/wp-content\/uploads\/2023\/05\/Analytics_May_Cadence_LP-1536x862.jpg 1536w, https:\/\/phrase.com\/wp-content\/uploads\/2023\/05\/Analytics_May_Cadence_LP.jpg 1710w\" sizes=\"auto, (max-width: 1024px) 100vw, 1024px\" \/><\/figure>\n\n\n\n<div style=\"height:20px\" aria-hidden=\"true\" class=\"wp-block-spacer wp-container-content-62aae154\"><\/div>\n\n\n\n<h4 class=\"wp-block-heading\" id=\"h-instant-insights-with-enhanced-analytics\" style=\"font-style:normal;font-weight:700\">Direkte Einblicke mit verbesserten Statistiken<\/h4>\n\n\n\n<p>Unsere neuen Dashboards bieten Ihnen direkte Einblicke in Jobangebote, Kosten und Einsparungen \u00fcber alle Inhaltstypen hinweg. So kannst du dein Ausgabenmuster analysieren und \u00fcberwachen, dein \u00dcbersetzungsbudget effektiver planen und Ressourcen besser einsetzen.<\/p>\n\n\n\n<div style=\"height:20px\" aria-hidden=\"true\" class=\"wp-block-spacer wp-container-content-62aae154\"><\/div>\n\n\n\n<div class=\"wp-block-buttons is-layout-flex wp-block-buttons-is-layout-flex\">\n<div class=\"wp-block-button\"><a class=\"wp-block-button__link wp-element-button\" href=\"https:\/\/phrase.com\/de\/platform\/analytics\/\" target=\"_blank\" rel=\"noreferrer noopener\">Entdecke Phrase Statistiken<\/a><\/div>\n<\/div>\n<\/div>\n<\/div>\n\n\n\n<div class=\"wp-block-column is-layout-flow wp-block-column-is-layout-flow\">\n<div class=\"wp-block-group is-vertical is-layout-flex wp-container-core-group-is-layout-ea0cb840 wp-block-group-is-layout-flex\">\n<figure class=\"wp-block-image size-large is-style-default\"><img loading=\"lazy\" decoding=\"async\" width=\"1024\" height=\"575\" src=\"https:\/\/phrase.com\/wp-content\/uploads\/2023\/05\/Phrase_NextMT_May_Cadence-1024x575.jpg\" alt=\"Phrase NextMT Mai 2023 Rhythmus-Start | Phrase\" class=\"wp-image-53790\" srcset=\"https:\/\/phrase.com\/wp-content\/uploads\/2023\/05\/Phrase_NextMT_May_Cadence-1024x575.jpg 1024w, https:\/\/phrase.com\/wp-content\/uploads\/2023\/05\/Phrase_NextMT_May_Cadence-300x168.jpg 300w, https:\/\/phrase.com\/wp-content\/uploads\/2023\/05\/Phrase_NextMT_May_Cadence-768x431.jpg 768w, https:\/\/phrase.com\/wp-content\/uploads\/2023\/05\/Phrase_NextMT_May_Cadence-1536x862.jpg 1536w, https:\/\/phrase.com\/wp-content\/uploads\/2023\/05\/Phrase_NextMT_May_Cadence.jpg 1710w\" sizes=\"auto, (max-width: 1024px) 100vw, 1024px\" \/><\/figure>\n\n\n\n<div style=\"height:20px\" aria-hidden=\"true\" class=\"wp-block-spacer wp-container-content-62aae154\"><\/div>\n\n\n\n<h4 class=\"wp-block-heading\" id=\"h-english-to-chinese-and-vice-versa-with-phrase-nextmt\" style=\"font-style:normal;font-weight:700\">Von Englisch zu Chinesisch und umgekehrt mit Phrase NextMT<\/h4>\n\n\n\n<p>Phrase NextMT, unsere eigene TMS-f\u00e4hige Engine f\u00fcr maschinelle \u00dcbersetzung, unterst\u00fctzt jetzt \u00dcbersetzungen vom Englischen ins Chinesische und umgekehrt! Damit kannst du vorhandene Translation Memories und Glossare nutzen, um die bestm\u00f6gliche MT-Qualit\u00e4t zu liefern.<\/p>\n\n\n\n<div style=\"height:20px\" aria-hidden=\"true\" class=\"wp-block-spacer wp-container-content-62aae154\"><\/div>\n\n\n\n<div class=\"wp-block-buttons is-layout-flex wp-block-buttons-is-layout-flex\">\n<div class=\"wp-block-button\"><a class=\"wp-block-button__link wp-element-button\" href=\"https:\/\/phrase.com\/de\/platform\/nextmt\/\" target=\"_blank\" rel=\"noreferrer noopener\">Erkunde Phrase NextMT<\/a><\/div>\n<\/div>\n<\/div>\n<\/div>\n<\/div>\n\n\n\n<h3 class=\"wp-block-heading has-text-align-center\" id=\"h-phrase-strings\">Phrase Strings<\/h3>\n\n\n\n<div class=\"wp-block-columns alignwide is-layout-flex wp-container-core-columns-is-layout-bd983c88 wp-block-columns-is-layout-flex\" style=\"margin-bottom:80px;padding-top:var(--wp--preset--spacing--45);padding-bottom:var(--wp--preset--spacing--45)\">\n<div class=\"wp-block-column is-layout-flow wp-block-column-is-layout-flow\">\n<div class=\"wp-block-group is-vertical is-layout-flex wp-container-core-group-is-layout-ea0cb840 wp-block-group-is-layout-flex\">\n<figure class=\"wp-block-image size-large is-resized is-style-default\"><img loading=\"lazy\" decoding=\"async\" width=\"1024\" height=\"575\" src=\"https:\/\/phrase.com\/wp-content\/uploads\/2023\/05\/ICE_May_Cadence_LP-1024x575.jpg\" alt=\"In-Kontext-Editor \u2013 Einf\u00fchrung im Mai 2023 | Phrase\" class=\"wp-image-53806\" style=\"width:415px;height:auto\" srcset=\"https:\/\/phrase.com\/wp-content\/uploads\/2023\/05\/ICE_May_Cadence_LP-1024x575.jpg 1024w, https:\/\/phrase.com\/wp-content\/uploads\/2023\/05\/ICE_May_Cadence_LP-300x168.jpg 300w, https:\/\/phrase.com\/wp-content\/uploads\/2023\/05\/ICE_May_Cadence_LP-768x431.jpg 768w, https:\/\/phrase.com\/wp-content\/uploads\/2023\/05\/ICE_May_Cadence_LP-1536x862.jpg 1536w, https:\/\/phrase.com\/wp-content\/uploads\/2023\/05\/ICE_May_Cadence_LP.jpg 1710w\" sizes=\"auto, (max-width: 1024px) 100vw, 1024px\" \/><\/figure>\n\n\n\n<div style=\"height:20px\" aria-hidden=\"true\" class=\"wp-block-spacer wp-container-content-62aae154\"><\/div>\n\n\n\n<h4 class=\"wp-block-heading\" id=\"h-say-goodbye-to-translations-that-break-designs\" style=\"font-style:normal;font-weight:700\">Verabschiede dich von \u00dcbersetzungen, die Designs verunstalten<\/h4>\n\n\n\n<p>Der neue In-Context Editor erm\u00f6glicht \u00dcbersetzern, ihre Arbeit in Echtzeit im Design zu sehen \u2013 das sorgt f\u00fcr bessere \u00dcbersetzungen, vermeidet Hin und Her und macht auch Designer und Entwickler gl\u00fccklich.<\/p>\n\n\n\n<div style=\"height:20px\" aria-hidden=\"true\" class=\"wp-block-spacer wp-container-content-62aae154\"><\/div>\n\n\n\n<div class=\"wp-block-buttons is-layout-flex wp-block-buttons-is-layout-flex\">\n<div class=\"wp-block-button\"><a class=\"wp-block-button__link wp-element-button\" href=\"https:\/\/youtu.be\/MLorQCKb5js\" target=\"_blank\" rel=\"noreferrer noopener\">Tutorial ansehen<\/a><\/div>\n<\/div>\n<\/div>\n<\/div>\n\n\n\n<div class=\"wp-block-column is-layout-flow wp-block-column-is-layout-flow\">\n<div class=\"wp-block-group is-vertical is-layout-flex wp-container-core-group-is-layout-ea0cb840 wp-block-group-is-layout-flex\">\n<figure class=\"wp-block-image size-large is-style-default\"><img loading=\"lazy\" decoding=\"async\" width=\"1024\" height=\"575\" src=\"https:\/\/phrase.com\/wp-content\/uploads\/2023\/05\/Advanced_Search_May_Cadence_LP-1024x575.jpg\" alt=\"Erweiterte Suche Mai 2023 Rhythmus-Start | Phrase\" class=\"wp-image-53666\" srcset=\"https:\/\/phrase.com\/wp-content\/uploads\/2023\/05\/Advanced_Search_May_Cadence_LP-1024x575.jpg 1024w, https:\/\/phrase.com\/wp-content\/uploads\/2023\/05\/Advanced_Search_May_Cadence_LP-300x168.jpg 300w, https:\/\/phrase.com\/wp-content\/uploads\/2023\/05\/Advanced_Search_May_Cadence_LP-768x431.jpg 768w, https:\/\/phrase.com\/wp-content\/uploads\/2023\/05\/Advanced_Search_May_Cadence_LP-1536x862.jpg 1536w, https:\/\/phrase.com\/wp-content\/uploads\/2023\/05\/Advanced_Search_May_Cadence_LP.jpg 1710w\" sizes=\"auto, (max-width: 1024px) 100vw, 1024px\" \/><\/figure>\n\n\n\n<div style=\"height:20px\" aria-hidden=\"true\" class=\"wp-block-spacer wp-container-content-62aae154\"><\/div>\n\n\n\n<h4 class=\"wp-block-heading\" id=\"h-save-time-with-our-completely-new-advanced-search\" style=\"font-style:normal;font-weight:700\">Spare Zeit mit unserer brandneuen erweiterten Suche<\/h4>\n\n\n\n<p>Hast du Schwierigkeiten, den richtigen Key zum richtigen Zeitpunkt zu finden? Mit unserer neuen erweiterten globale Suche kannst du deine Suchergebnisse einfach filtern, um schneller genau das zu finden, wonach du suchst.<\/p>\n\n\n\n<div style=\"height:20px\" aria-hidden=\"true\" class=\"wp-block-spacer wp-container-content-62aae154\"><\/div>\n\n\n\n<div class=\"wp-block-buttons is-layout-flex wp-block-buttons-is-layout-flex\">\n<div class=\"wp-block-button\"><a class=\"wp-block-button__link wp-element-button\" href=\"https:\/\/youtu.be\/x5hSyZNsjE4\" target=\"_blank\" rel=\"noreferrer noopener\">Tutorial ansehen<\/a><\/div>\n<\/div>\n<\/div>\n<\/div>\n\n\n\n<div class=\"wp-block-column is-layout-flow wp-block-column-is-layout-flow\">\n<div class=\"wp-block-group is-vertical is-layout-flex wp-container-core-group-is-layout-ea0cb840 wp-block-group-is-layout-flex\">\n<figure class=\"wp-block-image size-large is-style-default\"><img loading=\"lazy\" decoding=\"async\" width=\"1024\" height=\"575\" src=\"https:\/\/phrase.com\/wp-content\/uploads\/2023\/05\/Contextual_Sidebar_May_Cadence_LP-1024x575.jpg\" alt=\"Kontextuelle Seitenleiste Mai 2023 Rhythmus-Start | Phrase\" class=\"wp-image-53672\" srcset=\"https:\/\/phrase.com\/wp-content\/uploads\/2023\/05\/Contextual_Sidebar_May_Cadence_LP-1024x575.jpg 1024w, https:\/\/phrase.com\/wp-content\/uploads\/2023\/05\/Contextual_Sidebar_May_Cadence_LP-300x168.jpg 300w, https:\/\/phrase.com\/wp-content\/uploads\/2023\/05\/Contextual_Sidebar_May_Cadence_LP-768x431.jpg 768w, https:\/\/phrase.com\/wp-content\/uploads\/2023\/05\/Contextual_Sidebar_May_Cadence_LP-1536x862.jpg 1536w, https:\/\/phrase.com\/wp-content\/uploads\/2023\/05\/Contextual_Sidebar_May_Cadence_LP.jpg 1710w\" sizes=\"auto, (max-width: 1024px) 100vw, 1024px\" \/><\/figure>\n\n\n\n<div style=\"height:20px\" aria-hidden=\"true\" class=\"wp-block-spacer wp-container-content-62aae154\"><\/div>\n\n\n\n<h4 class=\"wp-block-heading\" id=\"h-improve-efficiency-with-the-customizable-sidebar\" style=\"font-style:normal;font-weight:700\">Verbessere deine Effizienz mit der anpassbaren Seitenleiste<\/h4>\n\n\n\n<p>Mit der neuesten Version der anpassbaren, kontextbasierten Seitenleiste kannst du Abschnitte neu anordnen oder ausblenden und eine Arbeitsumgebung schaffen, mit der du am effizientesten arbeiten kannst.<\/p>\n\n\n\n<div style=\"height:20px\" aria-hidden=\"true\" class=\"wp-block-spacer wp-container-content-62aae154\"><\/div>\n\n\n\n<div class=\"wp-block-buttons is-layout-flex wp-block-buttons-is-layout-flex\">\n<div class=\"wp-block-button\"><a class=\"wp-block-button__link wp-element-button\" href=\"https:\/\/phrase.com\/de\/platform\/strings\/strings-editor\/\" target=\"_blank\" rel=\"noreferrer noopener\">Erkunde Funktion<\/a><\/div>\n<\/div>\n<\/div>\n<\/div>\n<\/div>\n<\/div>\n\n\n\n<div class=\"wp-block-group alignwide has-black-color has-yellow-background-color has-text-color has-background has-link-color wp-elements-e58cba971c08eaf86488bf2cd5e5d377 has-global-padding is-layout-constrained wp-block-group-is-layout-constrained\" style=\"margin-top:var(--wp--preset--spacing--56)\">\n<h2 class=\"wp-block-heading has-text-align-center\" id=\"h-ready-to-get-started\">Bereit zum Loslegen?<\/h2>\n\n\n\n<p class=\"has-text-align-center\">Sprich eine gr\u00f6\u00dfere Zielgruppe an und verbessere die Kundenbindung.<\/p>\n\n\n\n<div class=\"wp-block-buttons is-content-justification-center is-layout-flex wp-container-core-buttons-is-layout-a89b3969 wp-block-buttons-is-layout-flex\">\n<div class=\"wp-block-button is-style-default\"><a class=\"wp-block-button__link wp-element-button\" href=\"https:\/\/phrase.com\/de\/demo\/\" target=\"_blank\" rel=\"noreferrer noopener\">Demo vereinbaren<\/a><\/div>\n\n\n\n<div class=\"wp-block-button is-style-black-outline\"><a class=\"wp-block-button__link wp-element-button\" href=\"https:\/\/phrase.com\/de\/pricing\/\" target=\"_blank\" rel=\"noreferrer noopener\">Preise ansehen<\/a><\/div>\n<\/div>\n<\/div>\n\n","protected":false},"excerpt":{"rendered":"<p>Konnektivit\u00e4t entsperren, Chancen entfesseln Verbinde dich auf neue und verbesserte Weise mit der Phrase Suite mit unseren neuesten Konnektivit\u00e4tsfunktionen. Von leistungsstarken neuen Integrationen und verbesserter plattform\u00fcbergreifender Synchronisierung bis hin zu optimierter Benutzerfreundlichkeit und Anpassung \u2013 unsere neuen Funktionen machen deinen Lokalisierungsprozess schneller, qualitativer und kosteneffizienter. Verbesserte Konnektivit\u00e4tauf ganzer Linie Neue und verbesserte plattform\u00fcbergreifende Synchronisierung Profitiere [&hellip;]<\/p>\n","protected":false},"author":7,"featured_media":0,"parent":0,"menu_order":0,"comment_status":"closed","ping_status":"closed","template":"page-refresh","meta":{"_acf_changed":false,"_stopmodifiedupdate":false,"_modified_date":"","_searchwp_excluded":"","episode_type":"","audio_file":"","podmotor_file_id":"","podmotor_episode_id":"","cover_image":"","cover_image_id":"","duration":"","filesize":"","filesize_raw":"","date_recorded":"","explicit":"","block":"","itunes_episode_number":"","itunes_title":"","itunes_season_number":"","itunes_episode_type":"","footnotes":""},"class_list":["post-54654","page","type-page","status-publish","hentry"],"acf":[],"_links":{"self":[{"href":"https:\/\/phrase.com\/de\/wp-json\/wp\/v2\/pages\/54654","targetHints":{"allow":["GET"]}}],"collection":[{"href":"https:\/\/phrase.com\/de\/wp-json\/wp\/v2\/pages"}],"about":[{"href":"https:\/\/phrase.com\/de\/wp-json\/wp\/v2\/types\/page"}],"author":[{"embeddable":true,"href":"https:\/\/phrase.com\/de\/wp-json\/wp\/v2\/users\/7"}],"replies":[{"embeddable":true,"href":"https:\/\/phrase.com\/de\/wp-json\/wp\/v2\/comments?post=54654"}],"version-history":[{"count":12,"href":"https:\/\/phrase.com\/de\/wp-json\/wp\/v2\/pages\/54654\/revisions"}],"predecessor-version":[{"id":120996,"href":"https:\/\/phrase.com\/de\/wp-json\/wp\/v2\/pages\/54654\/revisions\/120996"}],"wp:attachment":[{"href":"https:\/\/phrase.com\/de\/wp-json\/wp\/v2\/media?parent=54654"}],"curies":[{"name":"wp","href":"https:\/\/api.w.org\/{rel}","templated":true}]}}