{"id":61906,"date":"2023-03-02T08:35:18","date_gmt":"2023-03-02T07:35:18","guid":{"rendered":"https:\/\/phrase.com\/?page_id=61906"},"modified":"2026-02-10T16:06:44","modified_gmt":"2026-02-10T15:06:44","slug":"events","status":"publish","type":"page","link":"https:\/\/phrase.com\/de\/events\/","title":{"rendered":"Veranstaltungen"},"content":{"rendered":"\n<div class=\"wp-block-columns alignwide is-layout-flex wp-container-core-columns-is-layout-28f84493 wp-block-columns-is-layout-flex\">\n<div class=\"wp-block-column is-layout-flow wp-block-column-is-layout-flow\" style=\"padding-top:var(--wp--preset--spacing--80);padding-right:var(--wp--preset--spacing--80);padding-bottom:var(--wp--preset--spacing--24);padding-left:var(--wp--preset--spacing--80);flex-basis:60%\"><div class=\"yoast-breadcrumbs\"><span><span><a href=\"https:\/\/phrase.com\/de\/\">Home<\/a><\/span> | <span class=\"breadcrumb_last\" aria-current=\"page\">Veranstaltungen<\/span><\/span><\/div>\n\n\n<h1 class=\"wp-block-heading\" id=\"h-phrase-veranstaltungen\">Phrase Veranstaltungen<\/h1>\n\n\n\n<p class=\"has-medium-font-size\" style=\"margin-bottom:var(--wp--preset--spacing--24);font-style:normal;font-weight:400\">Schlie\u00df dich uns bei einer unserer Pr\u00e4senzveranstaltungen an, um aus erster Hand zu sehen, wie wir die Kundenerfahrungen transformieren und internationales Wachstum mit unseren neuesten Technologien, Innovationen und Branchenkenntnissen vorantreiben.<\/p>\n<\/div>\n\n\n\n<div class=\"wp-block-column is-vertically-aligned-top is-layout-flow wp-block-column-is-layout-flow\">\n<figure class=\"wp-block-image size-full is-resized\"><img loading=\"lazy\" decoding=\"async\" width=\"650\" height=\"662\" src=\"https:\/\/phrase.com\/wp-content\/uploads\/2025\/02\/phrase-events-localization.png\" alt=\"Phrase Veranstaltungen in der Lokalisierung\" class=\"wp-image-99231\" style=\"width:486px;height:auto\" srcset=\"https:\/\/phrase.com\/wp-content\/uploads\/2025\/02\/phrase-events-localization.png 650w, https:\/\/phrase.com\/wp-content\/uploads\/2025\/02\/phrase-events-localization-295x300.png 295w\" sizes=\"auto, (max-width: 650px) 100vw, 650px\" \/><\/figure>\n<\/div>\n<\/div>\n\n\n<div class=\"alignwide wp-block-phrase-com-suggested-reading--hide-types wp-block-phrase-com-suggested-reading--grid is-grid-columns-3 has-color-scheme has-blue-color-scheme alignwide wp-block-phrase-com-suggested-reading\"><div class=\"wp-block-phrase-com-suggested-reading__header\"><h2 class=\"wp-block-heading has-huge-font-size\">Unsere veranstaltungen 2026<\/h2><\/div><div class=\"glide wp-block-phrase-com-suggested-reading__grid\">\n<div class=\"wp-block-phrase-com-suggested-reading-item wp-block-phrase-com-suggested-reading-custom\"><div class=\"wp-block-phrase-com-suggested-reading-item__inner\"><div class=\"wp-block-phrase-com-suggested-reading-item__header\"><figure class=\"wp-block-phrase-com-suggested-reading-item__image\"><img loading=\"lazy\" decoding=\"async\" width=\"600\" height=\"400\" src=\"https:\/\/phrase.com\/wp-content\/uploads\/2026\/01\/Event-Landing-Pages-2025-26.png\" class=\"attachment-large size-large\" alt=\"\" srcset=\"https:\/\/phrase.com\/wp-content\/uploads\/2026\/01\/Event-Landing-Pages-2025-26.png 600w, https:\/\/phrase.com\/wp-content\/uploads\/2026\/01\/Event-Landing-Pages-2025-26-300x200.png 300w\" sizes=\"auto, (max-width: 600px) 100vw, 600px\" \/><\/figure><\/div><div class=\"wp-block-phrase-com-suggested-reading-item__content\"><h3><strong>Loc Tech Live 202<\/strong>6<br>FEBRUARY 25-26, 2026<\/h3><p>Join us at Loc Tech Live, the online conference built for localization technology practitioners. Discover the latest trends and see live demos, hosted by the Loc Tech community. You&#8217;ll also gain insights from partners who share real technical problems they&#8217;ve experienced, and how they fixed them. <\/p><div class=\"wp-block-button is-style-plain wp-block-phrase-com-suggested-reading-item__link\"><a href=\"https:\/\/loctechlive.com\/\" class=\"wp-block-button__link wp-element-button\" target=\"_blank\">Find out more about Loc Tech Live<\/a><\/div><\/div><\/div><\/div>\n\n<div class=\"wp-block-phrase-com-suggested-reading-item wp-block-phrase-com-suggested-reading-custom\"><div class=\"wp-block-phrase-com-suggested-reading-item__inner\"><div class=\"wp-block-phrase-com-suggested-reading-item__header\"><figure class=\"wp-block-phrase-com-suggested-reading-item__image\"><img loading=\"lazy\" decoding=\"async\" width=\"600\" height=\"400\" src=\"https:\/\/phrase.com\/wp-content\/uploads\/2026\/01\/Event-Landing-Pages-2026-2.png\" class=\"attachment-large size-large\" alt=\"\" srcset=\"https:\/\/phrase.com\/wp-content\/uploads\/2026\/01\/Event-Landing-Pages-2026-2.png 600w, https:\/\/phrase.com\/wp-content\/uploads\/2026\/01\/Event-Landing-Pages-2026-2-300x200.png 300w\" sizes=\"auto, (max-width: 600px) 100vw, 600px\" \/><\/figure><\/div><div class=\"wp-block-phrase-com-suggested-reading-item__content\"><h3>GALA WorldReady Conference 2026<br>12 &#8211; 14 April, 2026<\/h3><p>Join us in Berlin for the WorldReady Conference hosted by GALA. For those in globalization and localization, this event will bring together industry leaders to share best practices, trends and challenges.<\/p><div class=\"wp-block-button is-style-plain wp-block-phrase-com-suggested-reading-item__link\"><a href=\"https:\/\/www.gala-global.org\/worldready-conference\" class=\"wp-block-button__link wp-element-button\" target=\"_blank\">Find out more about GALA<\/a><\/div><\/div><\/div><\/div>\n\n<div class=\"wp-block-phrase-com-suggested-reading-item wp-block-phrase-com-suggested-reading-custom\"><div class=\"wp-block-phrase-com-suggested-reading-item__inner\"><div class=\"wp-block-phrase-com-suggested-reading-item__header\"><figure class=\"wp-block-phrase-com-suggested-reading-item__image\"><img loading=\"lazy\" decoding=\"async\" width=\"600\" height=\"400\" src=\"https:\/\/phrase.com\/wp-content\/uploads\/2026\/01\/Event-Landing-Pages-2026-3.jpg\" class=\"attachment-large size-large\" alt=\"\" srcset=\"https:\/\/phrase.com\/wp-content\/uploads\/2026\/01\/Event-Landing-Pages-2026-3.jpg 600w, https:\/\/phrase.com\/wp-content\/uploads\/2026\/01\/Event-Landing-Pages-2026-3-300x200.jpg 300w\" sizes=\"auto, (max-width: 600px) 100vw, 600px\" \/><\/figure><\/div><div class=\"wp-block-phrase-com-suggested-reading-item__content\"><h3><strong>SlatorCon London<\/strong><br>MAY 22, 2026<\/h3><p>The world&#8217;s leading conference for language AI and language solutions returns to London and Phrase will be there. Hear directly from industry experts as they share actionable insights on the trends shaping language AI and the solutions driving business impact.<\/p><div class=\"wp-block-button is-style-plain wp-block-phrase-com-suggested-reading-item__link\"><a href=\"https:\/\/slator.com\/event\/slatorcon-london-2026\/\" class=\"wp-block-button__link wp-element-button\" target=\"_blank\">Find out more about SlatorCon London<\/a><\/div><\/div><\/div><\/div>\n<\/div><\/div>\n\n<div class=\"alignwide wp-block-phrase-com-suggested-reading--hide-types alignwide wp-block-phrase-com-suggested-reading\"><div class=\"glide wp-block-phrase-com-suggested-reading__slider\"><div class=\"wp-block-phrase-com-suggested-reading__header\"><h2 class=\"wp-block-heading has-huge-font-size\">Mehr von Phrase<\/h2><div class=\"wp-block-phrase-com-suggested-reading__controls\" data-glide-el=\"controls\"><button type=\"button\" class=\"glide__arrow wp-block-phrase-com-suggested-reading__prev-slide\" data-glide-dir=\"<\"><svg aria-hidden=\"true\" xmlns=\"http:\/\/www.w3.org\/2000\/svg\" width=\"22\" height=\"22\" fill=\"none\" viewBox=\"0 0 22 22\"><path fill=\"currentColor\" d=\"m10.191 11 3.01 3.036-.917.924L8.36 11l3.925-3.96.915.924L10.192 11Z\"\/><\/svg><span class=\"screen-reader-text\">Vorherige<\/span><\/button><button type=\"button\" class=\"glide__arrow wp-block-phrase-com-suggested-reading__next-slide\" data-glide-dir=\"&gt;\"><svg xmlns=\"http:\/\/www.w3.org\/2000\/svg\" width=\"22\" height=\"22\" fill=\"none\" viewBox=\"0 0 22 22\"><path fill=\"currentColor\" d=\"m11.809 11-3.01-3.036.916-.924L13.64 11l-3.925 3.96-.915-.924L11.808 11Z\"\/><\/svg><span class=\"screen-reader-text\">N\u00e4chste<\/span><\/button><\/div><\/div><div class=\"glide__track\" data-glide-el=\"track\"><div class=\"glide__slides\">\n<div class=\"wp-block-phrase-com-suggested-reading-item glide__slide wp-block-phrase-com-suggested-reading-custom\"><div class=\"wp-block-phrase-com-suggested-reading-item__inner\"><div class=\"wp-block-phrase-com-suggested-reading-item__header\"><figure class=\"wp-block-phrase-com-suggested-reading-item__image\"><img loading=\"lazy\" decoding=\"async\" width=\"1024\" height=\"377\" src=\"https:\/\/phrase.com\/wp-content\/uploads\/2025\/11\/phrase-launch-dec-25-header-1024x377.jpg\" class=\"attachment-large size-large\" alt=\"\" srcset=\"https:\/\/phrase.com\/wp-content\/uploads\/2025\/11\/phrase-launch-dec-25-header-1024x377.jpg 1024w, https:\/\/phrase.com\/wp-content\/uploads\/2025\/11\/phrase-launch-dec-25-header-300x110.jpg 300w, https:\/\/phrase.com\/wp-content\/uploads\/2025\/11\/phrase-launch-dec-25-header-768x283.jpg 768w, https:\/\/phrase.com\/wp-content\/uploads\/2025\/11\/phrase-launch-dec-25-header-1536x565.jpg 1536w, https:\/\/phrase.com\/wp-content\/uploads\/2025\/11\/phrase-launch-dec-25-header-2048x754.jpg 2048w\" sizes=\"auto, (max-width: 1024px) 100vw, 1024px\" \/><\/figure><\/div><div class=\"wp-block-phrase-com-suggested-reading-item__content\"><h3><strong>Die Plattform skalieren<\/strong>\u00a0<strong>Das \u00d6kosystem erweitern<\/strong><\/h3><p>Dieses Release ist eine direkte Antwort auf die W\u00fcnsche von Kunden und Partnern: eine besser vernetzte Plattform, die Freiheit, die eigene Technologie zu verwenden, und bessere Skalierbarkeit f\u00fcr Unternehmen ohne zus\u00e4tzliche Komplexit\u00e4t.<\/p><div class=\"wp-block-button is-style-plain wp-block-phrase-com-suggested-reading-item__link\"><a href=\"https:\/\/phrase.com\/de\/product-launch-december-2025\/\" class=\"wp-block-button__link wp-element-button\"><a href=\"https:\/\/phrase.com\/de\/phrase-launch-week-september-2025\/\" target=\"_blank\" rel=\"noreferrer noopener\">Mehr zum Dezember-Launch<\/a><\/a><\/div><\/div><\/div><\/div>\n\n<div class=\"wp-block-phrase-com-suggested-reading-item glide__slide wp-block-phrase-com-suggested-reading-custom\"><div class=\"wp-block-phrase-com-suggested-reading-item__inner\"><div class=\"wp-block-phrase-com-suggested-reading-item__header\"><figure class=\"wp-block-phrase-com-suggested-reading-item__image\"><img loading=\"lazy\" decoding=\"async\" width=\"1024\" height=\"461\" src=\"https:\/\/phrase.com\/wp-content\/uploads\/2025\/09\/Phrase-September-2025-product-launch-1024x461.jpg\" class=\"attachment-large size-large\" alt=\"\" srcset=\"https:\/\/phrase.com\/wp-content\/uploads\/2025\/09\/Phrase-September-2025-product-launch-1024x461.jpg 1024w, https:\/\/phrase.com\/wp-content\/uploads\/2025\/09\/Phrase-September-2025-product-launch-300x135.jpg 300w, https:\/\/phrase.com\/wp-content\/uploads\/2025\/09\/Phrase-September-2025-product-launch-768x346.jpg 768w, https:\/\/phrase.com\/wp-content\/uploads\/2025\/09\/Phrase-September-2025-product-launch-1536x691.jpg 1536w, https:\/\/phrase.com\/wp-content\/uploads\/2025\/09\/Phrase-September-2025-product-launch-2048x922.jpg 2048w\" sizes=\"auto, (max-width: 1024px) 100vw, 1024px\" \/><\/figure><\/div><div class=\"wp-block-phrase-com-suggested-reading-item__content\"><h3><strong>Wir geben das Tempo der Innovation vor.<\/strong><\/h3><p>Die neueste Version von Phrase f\u00fchrt wichtige Upgrades f\u00fcr die KI-gest\u00fctzte Lokalisierung ein, darunter einen KI-\u00dcbersetzungsagenten f\u00fcr hochwertige Ergebnisse mit minimaler \u00dcberpr\u00fcfung sowie neue Video-Lokalisierungsfunktionen in Phrase Studio. Weitere Verbesserungen optimieren die Arbeitsabl\u00e4ufe durch eine verbesserte Strings-TMS-Synchronisation, Figma-Vorschauen in Echtzeit und ein flexibleres Termbank-Management f\u00fcr eine konsistente Markendarstellung.<\/p><div class=\"wp-block-button is-style-plain wp-block-phrase-com-suggested-reading-item__link\"><a href=\"https:\/\/phrase.com\/de\/phrase-launch-week-september-2025\/\" class=\"wp-block-button__link wp-element-button\"><a href=\"https:\/\/phrase.com\/de\/phrase-launch-week-september-2025\/\" target=\"_blank\" rel=\"noreferrer noopener\">Mehr zum September-Launch<\/a><\/a><\/div><\/div><\/div><\/div>\n\n<div class=\"wp-block-phrase-com-suggested-reading-item glide__slide wp-block-phrase-com-suggested-reading-custom\"><div class=\"wp-block-phrase-com-suggested-reading-item__inner\"><div class=\"wp-block-phrase-com-suggested-reading-item__header\"><figure class=\"wp-block-phrase-com-suggested-reading-item__image\"><img loading=\"lazy\" decoding=\"async\" width=\"674\" height=\"674\" src=\"https:\/\/phrase.com\/wp-content\/uploads\/2025\/06\/product-launch-june.jpg\" class=\"attachment-large size-large\" alt=\"\" srcset=\"https:\/\/phrase.com\/wp-content\/uploads\/2025\/06\/product-launch-june.jpg 674w, https:\/\/phrase.com\/wp-content\/uploads\/2025\/06\/product-launch-june-300x300.jpg 300w, https:\/\/phrase.com\/wp-content\/uploads\/2025\/06\/product-launch-june-150x150.jpg 150w\" sizes=\"auto, (max-width: 674px) 100vw, 674px\" \/><\/figure><\/div><div class=\"wp-block-phrase-com-suggested-reading-item__content\"><h3>Eine Plattform, grenzenloses Potenzial<\/h3><p>Unsere neueste Version ist ein entscheidender Schritt auf dem Weg zu einer echten Sprachplattform. Sie definiert die Art und Weise neu, wie globale Inhalte erstellt, angepasst und bereitgestellt werden. Mit der Einf\u00fchrung von Phrase Studio f\u00fcr die Multimedia-Lokalisierung, der Einf\u00fchrung des Phrase KI-\u00dcbersetzungsagenten, der Erweiterung von Phrase Language AI zu Phrase Strings und dem v\u00f6llig neuen Developer Hub bauen wir auf unserer bestehenden Plattform auf, um ein vollst\u00e4ndig vernetztes Spracherlebnis zu bieten.<\/p><div class=\"wp-block-button is-style-plain wp-block-phrase-com-suggested-reading-item__link\"><a href=\"https:\/\/phrase.com\/de\/phrase-launch-week-june-2025\/\" class=\"wp-block-button__link wp-element-button\"><a href=\"https:\/\/phrase.com\/de\/phrase-launch-week-june-2025\/\" target=\"_blank\" rel=\"noreferrer noopener\">Mehr zum Juni-Launch<\/a><\/a><\/div><\/div><\/div><\/div>\n<\/div><\/div><\/div><\/div>\n\n\n<div class=\"wp-block-group alignwide has-yellow-background-color has-background has-global-padding is-layout-constrained wp-block-group-is-layout-constrained\" style=\"margin-top:var(--wp--preset--spacing--70)\">\n<h2 class=\"wp-block-heading has-text-align-center has-black-color has-text-color has-link-color wp-elements-1269c634bf590da8eba520d619b56e78\" id=\"h-mehr-erfahren\">Mehr erfahren?<\/h2>\n\n\n\n<div class=\"wp-block-buttons is-content-justification-center is-layout-flex wp-container-core-buttons-is-layout-a89b3969 wp-block-buttons-is-layout-flex\">\n<div class=\"wp-block-button is-style-default\"><a class=\"wp-block-button__link wp-element-button\" href=\"https:\/\/phrase.com\/de\/contact\/\">Sprich uns an<\/a><\/div>\n\n\n\n<div class=\"wp-block-button is-style-grey-filled\"><a class=\"wp-block-button__link wp-element-button\" href=\"https:\/\/phrase.com\/de\/demo\/\">Demo vereinbaren<\/a><\/div>\n<\/div>\n<\/div>\n","protected":false},"excerpt":{"rendered":"<p>Phrase Veranstaltungen Schlie\u00df dich uns bei einer unserer Pr\u00e4senzveranstaltungen an, um aus erster Hand zu sehen, wie wir die Kundenerfahrungen transformieren und internationales Wachstum mit unseren neuesten Technologien, Innovationen und Branchenkenntnissen vorantreiben. Mehr erfahren?<\/p>\n","protected":false},"author":6,"featured_media":114850,"parent":0,"menu_order":0,"comment_status":"closed","ping_status":"closed","template":"page-refresh","meta":{"_acf_changed":false,"_stopmodifiedupdate":false,"_modified_date":"","_searchwp_excluded":"","episode_type":"","audio_file":"","podmotor_file_id":"","podmotor_episode_id":"","cover_image":"","cover_image_id":"","duration":"","filesize":"","filesize_raw":"","date_recorded":"","explicit":"","block":"","itunes_episode_number":"","itunes_title":"","itunes_season_number":"","itunes_episode_type":"","footnotes":""},"class_list":["post-61906","page","type-page","status-publish","has-post-thumbnail","hentry"],"acf":[],"_links":{"self":[{"href":"https:\/\/phrase.com\/de\/wp-json\/wp\/v2\/pages\/61906","targetHints":{"allow":["GET"]}}],"collection":[{"href":"https:\/\/phrase.com\/de\/wp-json\/wp\/v2\/pages"}],"about":[{"href":"https:\/\/phrase.com\/de\/wp-json\/wp\/v2\/types\/page"}],"author":[{"embeddable":true,"href":"https:\/\/phrase.com\/de\/wp-json\/wp\/v2\/users\/6"}],"replies":[{"embeddable":true,"href":"https:\/\/phrase.com\/de\/wp-json\/wp\/v2\/comments?post=61906"}],"version-history":[{"count":15,"href":"https:\/\/phrase.com\/de\/wp-json\/wp\/v2\/pages\/61906\/revisions"}],"predecessor-version":[{"id":134270,"href":"https:\/\/phrase.com\/de\/wp-json\/wp\/v2\/pages\/61906\/revisions\/134270"}],"wp:featuredmedia":[{"embeddable":true,"href":"https:\/\/phrase.com\/de\/wp-json\/wp\/v2\/media\/114850"}],"wp:attachment":[{"href":"https:\/\/phrase.com\/de\/wp-json\/wp\/v2\/media?parent=61906"}],"curies":[{"name":"wp","href":"https:\/\/api.w.org\/{rel}","templated":true}]}}