{"id":68731,"date":"2023-10-25T12:38:12","date_gmt":"2023-10-25T10:38:12","guid":{"rendered":"https:\/\/phrase.com\/?page_id=68731"},"modified":"2025-10-06T09:27:13","modified_gmt":"2025-10-06T07:27:13","slug":"builder-io","status":"publish","type":"page","link":"https:\/\/phrase.com\/de\/integrations\/builder-io\/","title":{"rendered":"Builder.io"},"content":{"rendered":"\n<div class=\"wp-block-group alignwide is-style-header-hero has-white-color has-white-background-color has-text-color has-background has-link-color has-background-images wp-elements-f193e93f330e1928a92e3638210bd4e6 is-layout-flow wp-block-group-is-layout-flow\" style=\"padding-top:var(--wp--preset--spacing--110);padding-bottom:var(--wp--preset--spacing--110);background-image:url(https:\/\/phrase.com\/wp-content\/uploads\/2025\/07\/phrase-header-green.jpg.webp);background-position:0% 100%;background-attachment:scroll;background-repeat:no-repeat;background-size:cover\">\n<div class=\"wp-block-group has-global-padding is-content-justification-left is-layout-constrained wp-container-core-group-is-layout-4513c74a wp-block-group-is-layout-constrained\"><div class=\"yoast-breadcrumbs\"><span><span><a href=\"https:\/\/phrase.com\/de\/\">Home<\/a><\/span> | <span><a href=\"https:\/\/phrase.com\/de\/integrations\/\">Integrationen<\/a><\/span> | <span class=\"breadcrumb_last\" aria-current=\"page\">Builder.io<\/span><\/span><\/div>\n\n\n<h2 class=\"wp-block-heading has-text-align-left has-gigantic-font-size\" id=\"h-phrase-integration-for-builder-io\" style=\"font-style:normal;font-weight:400\">Phrase Integration f\u00fcr Builder.io<\/h2>\n\n\n\n<div class=\"wp-block-group has-global-padding is-content-justification-left is-layout-constrained wp-container-core-group-is-layout-12dd3699 wp-block-group-is-layout-constrained\">\n<p class=\"has-text-align-left\">Modernisiere die Lokalisierungs-Workflows deiner digitalen Inhalte mit Phrase und Builder.io in drei Klicks<\/p>\n<\/div>\n\n\n\n<div class=\"wp-block-buttons is-content-justification-left is-layout-flex wp-container-core-buttons-is-layout-fc4fd283 wp-block-buttons-is-layout-flex\">\n<div class=\"wp-block-button is-style-phrase-green-filled\"><a class=\"wp-block-button__link wp-element-button\" href=\"https:\/\/phrase.com\/de\/demo\/\" target=\"_blank\" rel=\"noreferrer noopener\">Demo vereinbaren<\/a><\/div>\n<\/div>\n<\/div>\n<\/div>\n\n\n<div class=\"alignwide wp-block-phrase-com-image-carousel\"><div class=\"wp-block-phrase-com-image-carousel__slider embla\"><div class=\"wp-block-phrase-com-image-carousel__slides embla__viewport\"><div class=\"embla__container\">\n\n<figure class=\"wp-block-image size-full is-resized embla__slide\"><img decoding=\"async\" width=\"246\" height=\"80\" loading=\"eager\" src=\"https:\/\/phrase.com\/wp-content\/uploads\/2025\/01\/uber-logo.png\" alt=\"\" class=\"wp-image-98759\" style=\"object-fit:cover;width:94px;height:auto\" \/><\/figure>\n\n\n\n<figure class=\"wp-block-image size-full embla__slide\"><img decoding=\"async\" width=\"246\" height=\"80\" loading=\"eager\" src=\"https:\/\/phrase.com\/wp-content\/uploads\/2025\/01\/lionbridge-logo.png\" alt=\"lionbridge logo\" class=\"wp-image-98772\" style=\"object-fit:cover\" \/><\/figure>\n\n\n\n<figure class=\"wp-block-image size-medium embla__slide\"><img decoding=\"async\" width=\"300\" height=\"66\" loading=\"eager\" src=\"https:\/\/phrase.com\/wp-content\/uploads\/2024\/12\/tripadvisor-logo-phrase-300x66.png\" alt=\"\" class=\"wp-image-96344\" style=\"object-fit:cover\" srcset=\"https:\/\/phrase.com\/wp-content\/uploads\/2024\/12\/tripadvisor-logo-phrase-300x66.png 300w, https:\/\/phrase.com\/wp-content\/uploads\/2024\/12\/tripadvisor-logo-phrase-1024x225.png 1024w, https:\/\/phrase.com\/wp-content\/uploads\/2024\/12\/tripadvisor-logo-phrase-768x168.png 768w, https:\/\/phrase.com\/wp-content\/uploads\/2024\/12\/tripadvisor-logo-phrase-1536x337.png 1536w, https:\/\/phrase.com\/wp-content\/uploads\/2024\/12\/tripadvisor-logo-phrase.png 2048w\" sizes=\"(max-width: 300px) 100vw, 300px\" \/><\/figure>\n\n\n\n<figure class=\"wp-block-image size-full is-style-linked embla__slide\"><a href=\"https:\/\/phrase.com\/de\/customers\/zendesk\/\" target=\"_blank\" rel=\" noreferrer noopener\"><img decoding=\"async\" width=\"246\" height=\"80\" loading=\"eager\" src=\"https:\/\/phrase.com\/wp-content\/uploads\/2025\/01\/zendesk-logo-phrase.png\" alt=\"Zendesk logo\" class=\"wp-image-98787\" style=\"object-fit:cover\" \/><\/a><figcaption class=\"wp-element-caption\"><a href=\"https:\/\/phrase.com\/de\/customers\/zendesk\/\" target=\"_blank\" rel=\" noreferrer noopener\">Case Study<\/a><\/figcaption><\/figure>\n\n\n\n<figure class=\"wp-block-image size-full embla__slide\"><img decoding=\"async\" width=\"246\" height=\"80\" loading=\"eager\" src=\"https:\/\/phrase.com\/wp-content\/uploads\/2025\/01\/aws-logo.png\" alt=\"aws logo\" class=\"wp-image-98752\" style=\"object-fit:cover\" \/><\/figure>\n\n\n\n<figure class=\"wp-block-image size-full embla__slide\"><img decoding=\"async\" width=\"246\" height=\"80\" loading=\"eager\" src=\"https:\/\/phrase.com\/wp-content\/uploads\/2025\/01\/snowflake-logo-1.png\" alt=\"snowflake logo\" class=\"wp-image-98871\" style=\"object-fit:cover\" \/><\/figure>\n\n\n\n<figure class=\"wp-block-image size-full is-resized embla__slide\"><img decoding=\"async\" width=\"246\" height=\"80\" loading=\"eager\" src=\"https:\/\/phrase.com\/wp-content\/uploads\/2025\/05\/Footlocker-Logo.png\" alt=\"\" class=\"wp-image-106774\" style=\"object-fit:cover;width:123px;height:auto\" \/><\/figure>\n\n\n\n<figure class=\"wp-block-image size-full is-resized is-style-linked embla__slide\"><a href=\"https:\/\/phrase.com\/de\/customers\/deliveroo\/\" target=\"_blank\" rel=\" noreferrer noopener\"><img decoding=\"async\" width=\"246\" height=\"80\" loading=\"eager\" src=\"https:\/\/phrase.com\/wp-content\/uploads\/2025\/01\/deliveroo-logo.png\" alt=\"deliveroo logo\" class=\"wp-image-98853\" style=\"object-fit:cover;width:123px;height:auto\" \/><\/a><figcaption class=\"wp-element-caption\"><a href=\"https:\/\/phrase.com\/de\/customers\/deliveroo\/\" target=\"_blank\" rel=\" noreferrer noopener\">Case Study<\/a><\/figcaption><\/figure>\n\n\n\n<figure class=\"wp-block-image size-full is-resized embla__slide\"><img decoding=\"async\" width=\"246\" height=\"80\" loading=\"eager\" src=\"https:\/\/phrase.com\/wp-content\/uploads\/2025\/01\/Decathlon-logo.png\" alt=\"decathlon logo\" class=\"wp-image-98825\" style=\"object-fit:cover;width:123px;height:auto\" \/><\/figure>\n\n\n\n<figure class=\"wp-block-image size-large is-resized is-style-linked embla__slide\"><a href=\"https:\/\/phrase.com\/de\/customers\/braze\/\" target=\"_blank\" rel=\" noreferrer noopener\"><img fetchpriority=\"high\" decoding=\"async\" width=\"1024\" height=\"516\" loading=\"eager\" src=\"https:\/\/phrase.com\/wp-content\/uploads\/2024\/12\/Braze_Primary_logo_PURPLE_CROPPED-1024x516.png\" alt=\"\" class=\"wp-image-96328\" style=\"width:79px;height:auto\" \/><\/a><figcaption class=\"wp-element-caption\"><a href=\"https:\/\/phrase.com\/de\/customers\/braze\/\" target=\"_blank\" rel=\" noreferrer noopener\">Case Study<\/a><\/figcaption><\/figure>\n\n\n\n<figure class=\"wp-block-image size-full is-resized embla__slide\"><img decoding=\"async\" width=\"246\" height=\"80\" loading=\"eager\" src=\"https:\/\/phrase.com\/wp-content\/uploads\/2025\/01\/electrolux-logo.png\" alt=\"electrolux logo\" class=\"wp-image-98840\" style=\"object-fit:cover;width:123px;height:auto\" \/><\/figure>\n\n\n\n<figure class=\"wp-block-image size-full is-resized embla__slide\"><img decoding=\"async\" width=\"1200\" height=\"453\" loading=\"eager\" src=\"https:\/\/phrase.com\/wp-content\/uploads\/2025\/08\/Zoetis_logo.svg.png\" alt=\"Zoetis_logo\" class=\"wp-image-113374\" style=\"object-fit:cover;width:123px;height:auto\" srcset=\"https:\/\/phrase.com\/wp-content\/uploads\/2025\/08\/Zoetis_logo.svg.png 1200w, https:\/\/phrase.com\/wp-content\/uploads\/2025\/08\/Zoetis_logo.svg-300x113.png 300w, https:\/\/phrase.com\/wp-content\/uploads\/2025\/08\/Zoetis_logo.svg-1024x387.png 1024w, https:\/\/phrase.com\/wp-content\/uploads\/2025\/08\/Zoetis_logo.svg-768x290.png 768w\" sizes=\"(max-width: 1200px) 100vw, 1200px\" \/><\/figure>\n\n\n\n<figure class=\"wp-block-image size-full is-resized is-style-linked embla__slide\"><a href=\"https:\/\/phrase.com\/de\/customers\/what3words\/\" target=\"_blank\" rel=\" noreferrer noopener\"><img decoding=\"async\" width=\"246\" height=\"80\" loading=\"eager\" src=\"https:\/\/phrase.com\/wp-content\/uploads\/2025\/01\/What3Words-logo.png\" alt=\"What3Words logo\" class=\"wp-image-98883\" style=\"object-fit:cover;width:123px;height:auto\" \/><\/a><figcaption class=\"wp-element-caption\"><a href=\"https:\/\/phrase.com\/de\/customers\/what3words\/\" target=\"_blank\" rel=\" noreferrer noopener\">Case Study<\/a><\/figcaption><\/figure>\n\n\n\n<figure class=\"wp-block-image size-full is-resized embla__slide\"><img decoding=\"async\" width=\"246\" height=\"80\" loading=\"eager\" src=\"https:\/\/phrase.com\/wp-content\/uploads\/2025\/01\/puma-logo.png\" alt=\"puma logo\" class=\"wp-image-98766\" style=\"object-fit:cover;width:123px;height:auto\" \/><\/figure>\n\n\n\n<figure class=\"wp-block-image size-full is-resized embla__slide\"><img decoding=\"async\" width=\"246\" height=\"80\" loading=\"eager\" src=\"https:\/\/phrase.com\/wp-content\/uploads\/2025\/01\/vestiaire-collective-logo-1.png\" alt=\"vestiaire collective logo\" class=\"wp-image-98911\" style=\"object-fit:cover;width:123px;height:auto\" \/><\/figure>\n\n\n\n<figure class=\"wp-block-image size-full is-resized is-style-linked embla__slide\"><a href=\"https:\/\/phrase.com\/de\/customers\/yamazaki-mazak-corporation\/\" target=\"_blank\" rel=\" noreferrer noopener\"><img decoding=\"async\" width=\"246\" height=\"80\" loading=\"eager\" src=\"https:\/\/phrase.com\/wp-content\/uploads\/2025\/04\/Website-Dynamic-Bar-Logos-1.png\" alt=\"\" class=\"wp-image-105020\" style=\"object-fit:cover;width:123px;height:auto\" \/><\/a><figcaption class=\"wp-element-caption\"><a href=\"https:\/\/phrase.com\/de\/customers\/yamazaki-mazak-corporation\/\" target=\"_blank\" rel=\" noreferrer noopener\">Case Study<\/a><\/figcaption><\/figure>\n\n\n\n<figure class=\"wp-block-image size-full is-resized embla__slide\"><img decoding=\"async\" width=\"868\" height=\"599\" loading=\"eager\" src=\"https:\/\/phrase.com\/wp-content\/uploads\/2025\/10\/PP_Logo_Global_All-Black_2023Dec.png\" alt=\"\" class=\"wp-image-125252\" style=\"object-fit:cover;width:67px;height:auto\" srcset=\"https:\/\/phrase.com\/wp-content\/uploads\/2025\/10\/PP_Logo_Global_All-Black_2023Dec.png 868w, https:\/\/phrase.com\/wp-content\/uploads\/2025\/10\/PP_Logo_Global_All-Black_2023Dec-300x207.png 300w, https:\/\/phrase.com\/wp-content\/uploads\/2025\/10\/PP_Logo_Global_All-Black_2023Dec-768x530.png 768w\" sizes=\"(max-width: 868px) 100vw, 868px\" \/><\/figure>\n\n\n\n<figure class=\"wp-block-image size-full is-style-linked embla__slide\"><a href=\"https:\/\/phrase.com\/de\/customers\/pega\/\" target=\"_blank\" rel=\" noreferrer noopener\"><img decoding=\"async\" width=\"246\" height=\"80\" loading=\"eager\" src=\"https:\/\/phrase.com\/wp-content\/uploads\/2025\/01\/Website-Dynamic-Bar-Logos-4.png\" alt=\"\" class=\"wp-image-128394\" \/><\/a><figcaption class=\"wp-element-caption\"><a href=\"https:\/\/phrase.com\/de\/customers\/pega\/\" target=\"_blank\" rel=\" noreferrer noopener\">Case Study<\/a><\/figcaption><\/figure>\n\n\n\n<figure class=\"wp-block-image size-full is-resized embla__slide\"><img decoding=\"async\" width=\"246\" height=\"80\" loading=\"eager\" src=\"https:\/\/phrase.com\/wp-content\/uploads\/2025\/01\/skoda-logo-phrase.png\" alt=\"\" class=\"wp-image-98919\" style=\"object-fit:cover;width:123px;height:auto\" \/><\/figure>\n\n\n\n<figure class=\"wp-block-image size-large is-resized is-style-linked embla__slide\"><a href=\"https:\/\/phrase.com\/de\/customers\/kucoin\/\" target=\"_blank\" rel=\" noreferrer noopener\"><img decoding=\"async\" width=\"1024\" height=\"235\" loading=\"eager\" src=\"https:\/\/phrase.com\/wp-content\/uploads\/2025\/08\/KuCoin-logo-1024x235.png\" alt=\"\" class=\"wp-image-114895\" style=\"width:123px\" srcset=\"https:\/\/phrase.com\/wp-content\/uploads\/2025\/08\/KuCoin-logo-1024x235.png 1024w, https:\/\/phrase.com\/wp-content\/uploads\/2025\/08\/KuCoin-logo-300x69.png 300w, https:\/\/phrase.com\/wp-content\/uploads\/2025\/08\/KuCoin-logo-768x176.png 768w, https:\/\/phrase.com\/wp-content\/uploads\/2025\/08\/KuCoin-logo.png 1280w\" sizes=\"(max-width: 1024px) 100vw, 1024px\" \/><\/a><figcaption class=\"wp-element-caption\"><a href=\"https:\/\/phrase.com\/de\/customers\/kucoin\/\" target=\"_blank\" rel=\" noreferrer noopener\">Case Study<\/a><\/figcaption><\/figure>\n\n<\/div><\/div><div class=\"embla__controls\"><button type=\"button\" class=\"embla__prev\" data-glide-dir=\"<\"><svg aria-hidden=\"true\" xmlns=\"http:\/\/www.w3.org\/2000\/svg\" width=\"22\" height=\"22\" fill=\"none\" viewBox=\"0 0 22 22\"><path fill=\"currentColor\" d=\"m10.191 11 3.01 3.036-.917.924L8.36 11l3.925-3.96.915.924L10.192 11Z\"\/><\/svg><span class=\"screen-reader-text\">Vorherige<\/span><\/button><button type=\"button\" class=\"embla__next\" data-glide-dir=\"&gt;\"><svg xmlns=\"http:\/\/www.w3.org\/2000\/svg\" width=\"22\" height=\"22\" fill=\"none\" viewBox=\"0 0 22 22\"><path fill=\"currentColor\" d=\"m11.809 11-3.01-3.036.916-.924L13.64 11l-3.925 3.96-.915-.924L11.808 11Z\"\/><\/svg><span class=\"screen-reader-text\">N\u00e4chste<\/span><\/button><\/div><\/div><\/div>\n\n\n<div class=\"wp-block-columns alignwide are-vertically-aligned-center media-text-columns media-text-columns--media-right is-layout-flex wp-container-core-columns-is-layout-28f84493 wp-block-columns-is-layout-flex\">\n<div class=\"wp-block-column is-vertically-aligned-center is-layout-flow wp-block-column-is-layout-flow\" style=\"flex-basis:41.9672131148%\">\n<h2 class=\"wp-block-heading has-extra-large-font-size\" id=\"h-one-click-content-translation-requests\">\u00dcbersetzungsanfragen in einem Klick<\/h2>\n\n\n\n<p>Eliminiere verloren gegangene \u00dcbersetzungsanfragen, Aufgaben und Tickets und verk\u00fcrze die Zeit bis zur \u00dcbersetzung. Klicke auf die Schalfl\u00e4che \u201e\u00dcbersetzen\u201c in Builder.io, um in Phrase eine Aufgabe f\u00fcr Lokalisierungsexperten zu erstellen.<\/p>\n<\/div>\n\n\n\n<div class=\"wp-block-column is-vertically-aligned-center is-layout-flow wp-block-column-is-layout-flow\" style=\"flex-basis:57.2131147541%\">\n<figure class=\"wp-block-image size-full\"><img loading=\"lazy\" decoding=\"async\" width=\"1260\" height=\"802\" src=\"https:\/\/phrase.com\/wp-content\/uploads\/2023\/10\/Builderio_Integration_LP_Feature_1.png\" alt=\"Builder.io Funktionsbild | Phrase\" class=\"wp-image-68741\" srcset=\"https:\/\/phrase.com\/wp-content\/uploads\/2023\/10\/Builderio_Integration_LP_Feature_1.png 1260w, https:\/\/phrase.com\/wp-content\/uploads\/2023\/10\/Builderio_Integration_LP_Feature_1-300x191.png 300w, https:\/\/phrase.com\/wp-content\/uploads\/2023\/10\/Builderio_Integration_LP_Feature_1-1024x652.png 1024w, https:\/\/phrase.com\/wp-content\/uploads\/2023\/10\/Builderio_Integration_LP_Feature_1-768x489.png 768w\" sizes=\"auto, (max-width: 1260px) 100vw, 1260px\" \/><\/figure>\n\n\n\n<div class=\"wp-block-buttons is-layout-flex wp-block-buttons-is-layout-flex\"><\/div>\n<\/div>\n<\/div>\n\n\n\n<div class=\"wp-block-columns alignwide are-vertically-aligned-center media-text-columns media-text-columns--media-left is-layout-flex wp-container-core-columns-is-layout-28f84493 wp-block-columns-is-layout-flex\">\n<div class=\"wp-block-column is-vertically-aligned-center is-layout-flow wp-block-column-is-layout-flow\" style=\"flex-basis:57.2131147541%\">\n<figure class=\"wp-block-image size-full\"><img loading=\"lazy\" decoding=\"async\" width=\"1260\" height=\"802\" src=\"https:\/\/phrase.com\/wp-content\/uploads\/2023\/10\/Builderio_Integration_LP_Feature_2.png\" alt=\"Builder.io Funktionsbild | Phrase\" class=\"wp-image-68747\" srcset=\"https:\/\/phrase.com\/wp-content\/uploads\/2023\/10\/Builderio_Integration_LP_Feature_2.png 1260w, https:\/\/phrase.com\/wp-content\/uploads\/2023\/10\/Builderio_Integration_LP_Feature_2-300x191.png 300w, https:\/\/phrase.com\/wp-content\/uploads\/2023\/10\/Builderio_Integration_LP_Feature_2-1024x652.png 1024w, https:\/\/phrase.com\/wp-content\/uploads\/2023\/10\/Builderio_Integration_LP_Feature_2-768x489.png 768w\" sizes=\"auto, (max-width: 1260px) 100vw, 1260px\" \/><\/figure>\n\n\n\n<div class=\"wp-block-buttons is-layout-flex wp-block-buttons-is-layout-flex\"><\/div>\n<\/div>\n\n\n\n<div class=\"wp-block-column is-vertically-aligned-center is-layout-flow wp-block-column-is-layout-flow\" style=\"flex-basis:41.9672131148%\">\n<h2 class=\"wp-block-heading has-extra-large-font-size\" id=\"h-one-click-to-apply-translations\">Wende \u00dcbersetzungen mit einem Klick an<\/h2>\n\n\n\n<p>Eliminiere Fehler, die beim Kopieren\/Einf\u00fcgen oder bei manuellen Arbeitsschritten auftreten. Content-Creator, die den visuellen Builder.io-Editor verwenden, klicken einfach auf die Schaltfl\u00e4che \u201e\u00dcbersetzung \u00fcbernehmen\u201c und \u00fcbertragen die \u00dcbersetzungen so automatisch von Phrase auf Builder.io. Creator in Builder.io stellen sicher, dass alles korrekt aussieht, indem sie zwischen den Sprachen im Builder Studio wechseln und sich die Phrase-\u00dcbersetzung anzeigen lassen.<\/p>\n<\/div>\n<\/div>\n\n\n\n<div class=\"wp-block-columns alignwide are-vertically-aligned-center media-text-columns media-text-columns--media-right is-layout-flex wp-container-core-columns-is-layout-28f84493 wp-block-columns-is-layout-flex\">\n<div class=\"wp-block-column is-vertically-aligned-center is-layout-flow wp-block-column-is-layout-flow\" style=\"flex-basis:41.9672131148%\">\n<h2 class=\"wp-block-heading has-extra-large-font-size\" id=\"h-one-click-to-get-started\">Mit einem Klick kann\u2018s losgehen<\/h2>\n\n\n\n<p>Jetzt anfangen \u2013 ohne individuelle Programmierung. Aktiviere die Phrase-Integration mit Builder.io mit nur einem Klick auf der Builder.io-Integrationsseite.<\/p>\n<\/div>\n\n\n\n<div class=\"wp-block-column is-vertically-aligned-center is-layout-flow wp-block-column-is-layout-flow\" style=\"flex-basis:57.2131147541%\">\n<figure class=\"wp-block-image size-full\"><img loading=\"lazy\" decoding=\"async\" width=\"1260\" height=\"802\" src=\"https:\/\/phrase.com\/wp-content\/uploads\/2023\/10\/Builderio_Integration_LP_Feature_3.png\" alt=\"Builder.io Funktionsbild | Phrase\" class=\"wp-image-68753\" srcset=\"https:\/\/phrase.com\/wp-content\/uploads\/2023\/10\/Builderio_Integration_LP_Feature_3.png 1260w, https:\/\/phrase.com\/wp-content\/uploads\/2023\/10\/Builderio_Integration_LP_Feature_3-300x191.png 300w, https:\/\/phrase.com\/wp-content\/uploads\/2023\/10\/Builderio_Integration_LP_Feature_3-1024x652.png 1024w, https:\/\/phrase.com\/wp-content\/uploads\/2023\/10\/Builderio_Integration_LP_Feature_3-768x489.png 768w\" sizes=\"auto, (max-width: 1260px) 100vw, 1260px\" \/><\/figure>\n\n\n\n<div class=\"wp-block-buttons is-layout-flex wp-block-buttons-is-layout-flex\"><\/div>\n<\/div>\n<\/div>\n\n\n\n<div class=\"wp-block-buttons is-content-justification-center is-layout-flex wp-container-core-buttons-is-layout-a89b3969 wp-block-buttons-is-layout-flex\">\n<div class=\"wp-block-button\"><a class=\"wp-block-button__link wp-element-button\" href=\"https:\/\/phrase.com\/de\/platform\/\" target=\"_blank\" rel=\"noreferrer noopener\">Erkunde die Phrase Platform<\/a><\/div>\n<\/div>\n\n\n\n<div class=\"wp-block-group alignwide has-light-grey-background-color has-background has-global-padding is-layout-constrained wp-block-group-is-layout-constrained\" style=\"margin-bottom:var(--wp--preset--spacing--80);padding-top:var(--wp--preset--spacing--56);padding-bottom:var(--wp--preset--spacing--56)\">\n<div class=\"wp-block-group is-vertical is-content-justification-center is-layout-flex wp-container-core-group-is-layout-ce155fab wp-block-group-is-layout-flex\">\n<p class=\"has-text-align-center has-blue-color has-text-color has-link-color wp-elements-bf8245a65e849fc90b7d2669782de054\">WAS WIR ERREICHEN<\/p>\n\n\n\n<h2 class=\"wp-block-heading has-text-align-center has-extra-large-font-size\" id=\"h-phrase-by-the-numbers\">Phrase in Zahlen<\/h2>\n<\/div>\n\n\n\n<div class=\"wp-block-columns alignwide is-style-connected2 is-layout-flex wp-container-core-columns-is-layout-12d6d694 wp-block-columns-is-layout-flex\" style=\"padding-top:var(--wp--preset--spacing--32);padding-bottom:var(--wp--preset--spacing--32)\">\n<div class=\"wp-block-column is-layout-flow wp-block-column-is-layout-flow\">\n<div class=\"wp-block-group is-vertical is-content-justification-center is-layout-flex wp-container-core-group-is-layout-ce155fab wp-block-group-is-layout-flex\">\n<p class=\"is-style-large-gradient-text has-purple-color has-text-color has-link-color has-extra-huge-font-size wp-elements-fb1bc2a13289a34da4ebcd73831f7ee7\">500+<\/p>\n\n\n\n<p class=\"has-text-align-center\"><strong>unterst\u00fctzte Sprachen<\/strong><\/p>\n<\/div>\n<\/div>\n\n\n\n<div class=\"wp-block-column is-vertically-aligned-top is-layout-flow wp-block-column-is-layout-flow\">\n<div class=\"wp-block-group is-vertical is-content-justification-center is-layout-flex wp-container-core-group-is-layout-ce155fab wp-block-group-is-layout-flex\">\n<p class=\"is-style-large-gradient-text has-color-scheme has-purple-color-scheme has-purple-color has-text-color has-link-color has-extra-huge-font-size wp-elements-0852bf31d79b3fd0d26e4684c3f7c4ff\">2 Mrd.+<\/p>\n\n\n\n<p class=\"has-text-align-center\"><strong>monatlich bearbeitete W\u00f6rter<\/strong><\/p>\n<\/div>\n<\/div>\n\n\n\n<div class=\"wp-block-column is-layout-flow wp-block-column-is-layout-flow\">\n<div class=\"wp-block-group is-vertical is-content-justification-center is-layout-flex wp-container-core-group-is-layout-ce155fab wp-block-group-is-layout-flex\">\n<p class=\"is-style-large-gradient-text has-color-scheme has-purple-color-scheme has-purple-color has-text-color has-link-color has-extra-huge-font-size wp-elements-3cb10c10770e0b43d2126cf7e34403d4\">200.000+<\/p>\n\n\n\n<p class=\"has-text-align-center\"><strong>User weltweit<\/strong><\/p>\n<\/div>\n<\/div>\n\n\n\n<div class=\"wp-block-column is-layout-flow wp-block-column-is-layout-flow\">\n<div class=\"wp-block-group is-vertical is-content-justification-center is-layout-flex wp-container-core-group-is-layout-ce155fab wp-block-group-is-layout-flex\">\n<p class=\"is-style-large-gradient-text has-color-scheme has-purple-color-scheme has-purple-color has-text-color has-link-color has-extra-huge-font-size wp-elements-300ea5e16cc0312712fca48fd66d19be\">50+<\/p>\n\n\n\n<p class=\"has-text-align-center\"><strong>unterst\u00fctzte Dateitypen<\/strong><\/p>\n<\/div>\n<\/div>\n<\/div>\n\n\n<\/div>\n\n\n\n<div class=\"wp-block-group alignwide has-yellow-background-color has-background has-global-padding is-layout-constrained wp-block-group-is-layout-constrained\">\n<h2 class=\"wp-block-heading has-text-align-center has-black-color has-text-color has-link-color wp-elements-126ac2b76f32555d135b491f14263239\" id=\"h-ready-to-get-started\"><strong>Bereit zum Loslegen?<\/strong><\/h2>\n\n\n\n<p class=\"has-text-align-center has-black-color has-text-color has-link-color wp-elements-4d13c351b24b5fae12e0bcaf278d9de5\">Sprich eine gr\u00f6\u00dfere Zielgruppe an und verbessere die Kundenbindung.<\/p>\n\n\n\n<div class=\"wp-block-buttons is-content-justification-center is-layout-flex wp-container-core-buttons-is-layout-a89b3969 wp-block-buttons-is-layout-flex\">\n<div class=\"wp-block-button is-style-default\"><a class=\"wp-block-button__link wp-element-button\" href=\"https:\/\/phrase.com\/de\/demo\/\">Demo buchen<\/a><\/div>\n\n\n\n<div class=\"wp-block-button is-style-black-outline\"><a class=\"wp-block-button__link wp-element-button\" href=\"https:\/\/phrase.com\/de\/pricing\/\">Preise<\/a><\/div>\n<\/div>\n<\/div>\n\n","protected":false},"excerpt":{"rendered":"<p>Phrase Integration f\u00fcr Builder.io Modernisiere die Lokalisierungs-Workflows deiner digitalen Inhalte mit Phrase und Builder.io in drei Klicks \u00dcbersetzungsanfragen in einem Klick Eliminiere verloren gegangene \u00dcbersetzungsanfragen, Aufgaben und Tickets und verk\u00fcrze die Zeit bis zur \u00dcbersetzung. Klicke auf die Schalfl\u00e4che \u201e\u00dcbersetzen\u201c in Builder.io, um in Phrase eine Aufgabe f\u00fcr Lokalisierungsexperten zu erstellen. Wende \u00dcbersetzungen mit einem [&hellip;]<\/p>\n","protected":false},"author":57,"featured_media":7474,"parent":31701,"menu_order":0,"comment_status":"closed","ping_status":"closed","template":"page-refresh","meta":{"_acf_changed":false,"_stopmodifiedupdate":false,"_modified_date":"","_searchwp_excluded":"","episode_type":"","audio_file":"","podmotor_file_id":"","podmotor_episode_id":"","cover_image":"","cover_image_id":"","duration":"","filesize":"","filesize_raw":"","date_recorded":"","explicit":"","block":"","itunes_episode_number":"","itunes_title":"","itunes_season_number":"","itunes_episode_type":"","footnotes":""},"class_list":["post-68731","page","type-page","status-publish","has-post-thumbnail","hentry"],"acf":[],"_links":{"self":[{"href":"https:\/\/phrase.com\/de\/wp-json\/wp\/v2\/pages\/68731","targetHints":{"allow":["GET"]}}],"collection":[{"href":"https:\/\/phrase.com\/de\/wp-json\/wp\/v2\/pages"}],"about":[{"href":"https:\/\/phrase.com\/de\/wp-json\/wp\/v2\/types\/page"}],"author":[{"embeddable":true,"href":"https:\/\/phrase.com\/de\/wp-json\/wp\/v2\/users\/57"}],"replies":[{"embeddable":true,"href":"https:\/\/phrase.com\/de\/wp-json\/wp\/v2\/comments?post=68731"}],"version-history":[{"count":2,"href":"https:\/\/phrase.com\/de\/wp-json\/wp\/v2\/pages\/68731\/revisions"}],"predecessor-version":[{"id":116184,"href":"https:\/\/phrase.com\/de\/wp-json\/wp\/v2\/pages\/68731\/revisions\/116184"}],"up":[{"embeddable":true,"href":"https:\/\/phrase.com\/de\/wp-json\/wp\/v2\/pages\/31701"}],"wp:featuredmedia":[{"embeddable":true,"href":"https:\/\/phrase.com\/de\/wp-json\/wp\/v2\/media\/7474"}],"wp:attachment":[{"href":"https:\/\/phrase.com\/de\/wp-json\/wp\/v2\/media?parent=68731"}],"curies":[{"name":"wp","href":"https:\/\/api.w.org\/{rel}","templated":true}]}}