{"id":92531,"date":"2024-10-04T14:24:17","date_gmt":"2024-10-04T12:24:17","guid":{"rendered":"https:\/\/phrase.com\/?page_id=92531"},"modified":"2026-02-23T10:50:14","modified_gmt":"2026-02-23T09:50:14","slug":"become-a-partner","status":"publish","type":"page","link":"https:\/\/phrase.com\/de\/partners\/become-a-partner\/","title":{"rendered":"Partner werden"},"content":{"rendered":"\n<div class=\"wp-block-group alignwide is-style-header-hero has-black-color has-white-color has-light-grey-background-color has-text-color has-background has-link-color has-background-images wp-elements-00f75faa352deba60eb815dd92a482e1 is-layout-flow wp-block-group-is-layout-flow\" style=\"padding-bottom:0;background-image:url(https:\/\/phrase.com\/wp-content\/uploads\/2025\/05\/phrase-partners-main.jpg.webp);background-position:0% 0%;background-attachment:scroll;background-repeat:no-repeat;background-size:cover\"><div class=\"yoast-breadcrumbs\"><span><span><a href=\"https:\/\/phrase.com\/de\/\">Home<\/a><\/span> | <span><a href=\"https:\/\/phrase.com\/de\/partners\/\">Phrase-Partnerprogramm<\/a><\/span> | <span class=\"breadcrumb_last\" aria-current=\"page\">Partner werden<\/span><\/span><\/div>\n\n\n<div class=\"wp-block-columns is-layout-flex wp-container-core-columns-is-layout-28f84493 wp-block-columns-is-layout-flex\">\n<div class=\"wp-block-column is-layout-flow wp-block-column-is-layout-flow\">\n<h1 class=\"wp-block-heading has-white-color has-text-color has-link-color wp-elements-6ee715ff630eadacb5f4ef9dbf8fd83d\" id=\"h-partner-werden\">Partner werden<\/h1>\n\n\n\n<p class=\"has-white-color has-text-color has-link-color wp-elements-bb600665f70222f521aef435cad5ab45\"><br>Wir arbeiten mit f\u00fchrenden Technologieunternehmen, Dienstleistern, <br>Systemintegratoren und Beratern zusammen, um ma\u00dfgeschneiderte, <br>kollaborative L\u00f6sungen f\u00fcr gemeinsame Kunden bereitzustellen.<\/p>\n\n\n\n<div class=\"wp-block-buttons is-content-justification-left is-layout-flex wp-container-core-buttons-is-layout-fc4fd283 wp-block-buttons-is-layout-flex\"><\/div>\n\n\n\n<p><br><\/p>\n<\/div>\n<\/div>\n<\/div>\n\n\n\n<div class=\"wp-block-group has-global-padding is-layout-constrained wp-block-group-is-layout-constrained\" style=\"margin-top:var(--wp--preset--spacing--70);margin-bottom:var(--wp--preset--spacing--70)\">\n<h2 class=\"wp-block-heading has-text-align-center\" id=\"h-zusammenarbeit-bringt-mehrwert\">Zusammenarbeit bringt Mehrwert<\/h2>\n\n\n\n<p class=\"has-text-align-center\">Mit Phrase lassen neue M\u00e4rkte mit Zuversicht erschlie\u00dfen \u2013 dank der Rationalisierung des Lokalisierungsprozesses.<br>Unsere leistungsstarke Plattform gew\u00e4hrleistet einheitliche, qualitativ hochwertige \u00dcbersetzungen und l\u00e4sst sich m\u00fchelos skalieren, um wachsenden Anforderungen gerecht zu werden.<\/p>\n<\/div>\n\n\n\n<div class=\"wp-block-group alignfull has-background-images has-global-padding is-layout-constrained wp-block-group-is-layout-constrained\" style=\"background-image:url(https:\/\/phrase.com\/wp-content\/uploads\/2024\/03\/svgexport-1-16.svg),url(https:\/\/phrase.com\/wp-content\/uploads\/2024\/03\/svgexport-1-10.svg),url(https:\/\/phrase.com\/wp-content\/uploads\/2024\/03\/svgexport-1-17.svg);background-position:100% 0%,0% 70%,100% 100%;background-attachment:scroll,scroll,scroll;background-repeat:no-repeat,no-repeat,no-repeat;background-size:auto,auto,auto\">\n<div class=\"wp-block-group alignwide is-style-feature-grid is-layout-grid wp-container-core-group-is-layout-7f02655c wp-block-group-is-layout-grid\">\n<div class=\"wp-block-group is-vertical is-layout-flex wp-container-core-group-is-layout-fe9cc265 wp-block-group-is-layout-flex\">\n<figure class=\"wp-block-image size-full is-resized is-style-not-rounded\"><img loading=\"lazy\" decoding=\"async\" width=\"72\" height=\"72\" src=\"https:\/\/phrase.com\/wp-content\/uploads\/2025\/07\/marketing-icon.png\" alt=\"\" class=\"wp-image-111267\" style=\"width:80px\"\/><\/figure>\n\n\n\n<h3 class=\"wp-block-heading has-large-font-size\" id=\"h-vertriebs-und-marketingmaterialien\">Vertriebs- und Marketingmaterialien<\/h3>\n\n\n\n<p>Wir stellen sicher, dass die Botschaft unserer Partner und unser gemeinsames Angebot \u2013 das eine reibungslose Einf\u00fchrung in die Technologien von Phrase erm\u00f6glicht \u2013 bei der richtigen Zielgruppe ankommen.<\/p>\n<\/div>\n\n\n\n<div class=\"wp-block-group is-vertical is-layout-flex wp-container-core-group-is-layout-fe9cc265 wp-block-group-is-layout-flex\">\n<figure class=\"wp-block-image size-full is-resized is-style-not-rounded\"><img loading=\"lazy\" decoding=\"async\" width=\"72\" height=\"72\" src=\"https:\/\/phrase.com\/wp-content\/uploads\/2025\/07\/search.png\" alt=\"\" class=\"wp-image-111022\" style=\"width:80px\"\/><\/figure>\n\n\n\n<h3 class=\"wp-block-heading has-large-font-size\" id=\"h-prasenz-auf-unserer-website\">Pr\u00e4senz auf unserer Website<\/h3>\n\n\n\n<p>Phrase-Kunden haben \u00fcber unsere Website volle Transparenz \u00fcber unser genehmigtes Partnernetzwerk.<\/p>\n<\/div>\n\n\n\n<div class=\"wp-block-group is-vertical is-layout-flex wp-container-core-group-is-layout-fe9cc265 wp-block-group-is-layout-flex\">\n<figure class=\"wp-block-image size-full is-resized\"><img loading=\"lazy\" decoding=\"async\" width=\"73\" height=\"73\" src=\"https:\/\/phrase.com\/wp-content\/uploads\/2025\/07\/media.png\" alt=\"\" class=\"wp-image-111054\" style=\"width:80px\"\/><\/figure>\n\n\n\n<h3 class=\"wp-block-heading has-large-font-size\" id=\"h-gemeinsame-veranstaltungen-und-webinare\">Gemeinsame Veranstaltungen und Webinare<\/h3>\n\n\n\n<p>Plane gemeinsame Webinare, Meetups oder Kooperationen bei Branchenveranstaltungen sowie Wissensaustausch.<\/p>\n<\/div>\n\n\n\n<div class=\"wp-block-group is-vertical is-layout-flex wp-container-core-group-is-layout-fe9cc265 wp-block-group-is-layout-flex\">\n<figure class=\"wp-block-image size-large is-resized is-style-not-rounded\"><img loading=\"lazy\" decoding=\"async\" width=\"72\" height=\"72\" src=\"https:\/\/phrase.com\/wp-content\/uploads\/2025\/07\/favorites.svg\" alt=\"\" class=\"wp-image-110326\" style=\"width:80px\"\/><\/figure>\n\n\n\n<h3 class=\"wp-block-heading has-large-font-size\" id=\"h-erfolgsplanung-fur-partner\">Erfolgsplanung f\u00fcr Partner<\/h3>\n\n\n\n<p>Unsere Partner erhalten Zugang zu dedizierten Partner-Manager*innen, die sie dabei unterst\u00fctzen, vom ersten Tag an erfolgreich zu sein und einen Mehrwert zu erzielen.<\/p>\n<\/div>\n\n\n\n<div class=\"wp-block-group is-vertical is-layout-flex wp-container-core-group-is-layout-fe9cc265 wp-block-group-is-layout-flex\">\n<figure class=\"wp-block-image size-large is-resized is-style-not-rounded\"><img loading=\"lazy\" decoding=\"async\" width=\"72\" height=\"72\" src=\"https:\/\/phrase.com\/wp-content\/uploads\/2025\/07\/puzzle-piece.svg\" alt=\"\" class=\"wp-image-110301\" style=\"width:80px\"\/><\/figure>\n\n\n\n<h3 class=\"wp-block-heading has-large-font-size\" id=\"h-account-mapping\">Account-Mapping<\/h3>\n\n\n\n<p>Wir aktivieren Mapping, damit du bestehende Werte durch Account-\u00dcberschneidungen und neue gemeinsame Business-Chancen erkennen kannst.<\/p>\n<\/div>\n\n\n\n<div class=\"wp-block-group is-vertical is-layout-flex wp-container-core-group-is-layout-fe9cc265 wp-block-group-is-layout-flex\">\n<figure class=\"wp-block-image size-full is-resized is-style-not-rounded\"><img loading=\"lazy\" decoding=\"async\" width=\"72\" height=\"72\" src=\"https:\/\/phrase.com\/wp-content\/uploads\/2025\/07\/arrow-synch.svg\" alt=\"\" class=\"wp-image-110314\" style=\"width:80px\"\/><\/figure>\n\n\n\n<h3 class=\"wp-block-heading has-large-font-size\" id=\"h-regelmassiger-rhythmus\">Regelm\u00e4\u00dfiger Rhythmus<\/h3>\n\n\n\n<p>Wir setzen alles daran, dass die Ziele unserer Partnerschaft stets erreicht werden \u2013 weshalb wir uns regelm\u00e4\u00dfig in einem gemeinsam vereinbarten Rhythmus treffen.<\/p>\n<\/div>\n\n\n\n<div class=\"wp-block-group is-vertical is-layout-flex wp-container-core-group-is-layout-fe9cc265 wp-block-group-is-layout-flex\">\n<figure class=\"wp-block-image size-full is-resized is-style-not-rounded\"><img loading=\"lazy\" decoding=\"async\" width=\"72\" height=\"72\" src=\"https:\/\/phrase.com\/wp-content\/uploads\/2025\/07\/partner.png\" alt=\"\" class=\"wp-image-111048\" style=\"width:80px\"\/><\/figure>\n\n\n\n<h3 class=\"wp-block-heading has-large-font-size\" id=\"h-kundenfeedback\">Kundenfeedback<\/h3>\n\n\n\n<p>Die Einbindung eines gemeinsamen Kundenfeedback-Kreislaufs kann helfen, Support-Eskalationen zu reduzieren und die Kundenzufriedenheit, Traktion und Kundenbindung zu steigern.<\/p>\n<\/div>\n\n\n\n<div class=\"wp-block-group is-vertical is-layout-flex wp-container-core-group-is-layout-fe9cc265 wp-block-group-is-layout-flex\">\n<figure class=\"wp-block-image size-full is-resized is-style-not-rounded\"><img loading=\"lazy\" decoding=\"async\" width=\"49\" height=\"48\" src=\"https:\/\/phrase.com\/wp-content\/uploads\/2025\/07\/table.svg\" alt=\"\" class=\"wp-image-110477\" style=\"width:80px\"\/><\/figure>\n\n\n\n<h3 class=\"wp-block-heading has-large-font-size\" id=\"h-statistische-berichterstattung\">Statistische Berichterstattung<\/h3>\n\n\n\n<p>Mit den richtigen Zahlen \u2013 beispielsweise Win-Rates, Auswirkungen auf den Gesch\u00e4ftszyklus und vieles mehr \u2013 l\u00e4sst sich ein besseres Verst\u00e4ndnis gemeinsamer Engagements gewinnen.<\/p>\n<\/div>\n\n\n\n<div class=\"wp-block-group is-vertical is-layout-flex wp-container-core-group-is-layout-fe9cc265 wp-block-group-is-layout-flex\">\n<figure class=\"wp-block-image size-full is-resized is-style-not-rounded\"><img loading=\"lazy\" decoding=\"async\" width=\"72\" height=\"72\" src=\"https:\/\/phrase.com\/wp-content\/uploads\/2025\/07\/technical.png\" alt=\"\" class=\"wp-image-111042\" style=\"width:80px\"\/><\/figure>\n\n\n\n<h3 class=\"wp-block-heading has-large-font-size\" id=\"h-unterstutzung-bei-api-und-technischer-dokumentation\">Unterst\u00fctzung bei API und technischer Dokumentation<\/h3>\n\n\n\n<p>Nutze unsere leistungsstarke, offene API mit dem technischen Support, der f\u00fcr eine erfolgreiche Expansion ben\u00f6tigt wird.<\/p>\n<\/div>\n<\/div>\n\n\n\n<div class=\"wp-block-buttons is-content-justification-center is-layout-flex wp-container-core-buttons-is-layout-31558199 wp-block-buttons-is-layout-flex\" style=\"margin-top:var(--wp--preset--spacing--70);margin-bottom:var(--wp--preset--spacing--70)\">\n<div class=\"wp-block-button is-style-grey-filled\"><a class=\"wp-block-button__link wp-element-button\" href=\"https:\/\/phrase.com\/de\/partners-inquiries\/\">Partner werden<\/a><\/div>\n<\/div>\n<\/div>\n\n\n\n<div class=\"wp-block-group alignwide has-phrase-green-background-color has-background has-background-images has-global-padding is-content-justification-left is-layout-constrained wp-container-core-group-is-layout-12dd3699 wp-block-group-is-layout-constrained\" style=\"background-image:url(https:\/\/phrase.com\/wp-content\/uploads\/2024\/02\/b73d2cc70754ac3f815cbb0c99a61057-1.jpeg.webp);background-position:0% 0%;background-attachment:scroll;background-repeat:no-repeat;background-size:cover\"><div class=\"glide wp-block-phrase-com-testimonials\"><div class=\"glide__track\" data-glide-el=\"track\"><div class=\"glide__slides\">\t<div class=\"wp-block-phrase-com-testimonial glide__slide\">\n\t\t<div class=\"wp-block-phrase-com-testimonial__text \">\n\t\t\tWir freuen uns \u00fcber die Zusammenarbeit mit Phrase. Angesichts der j\u00fcngsten Fortschritte in den Bereichen Technologie, KI und dem st\u00e4ndig zunehmenden Bedarf an neuen Inhalten spielt die Bedeutung der Lokalisierung eine immer st\u00e4rkere Rolle. Durch die Partnerschaft mit Phrase k\u00f6nnen wir die neuesten Lokalisierungstechnologien mit unserem umfassenden Fachwissen in den Bereichen Sprachen und globale Content-L\u00f6sungen kombinieren.\t\t<\/div>\n\t\t<div class=\"wp-block-phrase-com-testimonial__author\">\n\t\t\t\n\t\t\t<div class=\"wp-block-phrase-com-testimonial__author-info\">\n\t\t\t\t<img loading=\"lazy\" decoding=\"async\" width=\"300\" height=\"190\" src=\"https:\/\/phrase.com\/wp-content\/uploads\/2023\/11\/Vistatec_40.png\" class=\"wp-block-phrase-com-testimonial__author-company-logo\" alt=\"Logo of Vistatec \u2013 Partner\" srcset=\"https:\/\/phrase.com\/wp-content\/uploads\/2023\/11\/Vistatec_40.png 400w, https:\/\/phrase.com\/wp-content\/uploads\/2023\/11\/Vistatec_40-300x190.png 300w\" sizes=\"auto, (max-width: 300px) 100vw, 300px\" \/>\n\t\t\t\t<p class=\"wp-block-phrase-com-testimonial__author-name\">\n\t\t\t\t\tPhil Ritchie\t\t\t\t<\/p>\n\n\t\t\t\t<p class=\"wp-block-phrase-com-testimonial__author-title\">\n\t\t\t\t\tCTO\t\t\t\t<\/p>\n\t\t\t<\/div>\n\t\t<\/div>\n\t<\/div>\n\t\t<div class=\"wp-block-phrase-com-testimonial glide__slide\">\n\t\t<div class=\"wp-block-phrase-com-testimonial__text \">\n\t\t\t<p>Phrase ist weltweit das f\u00fchrende TMS f\u00fcr Linguist*innen und Lokalisierungsteams. Deshalb ist es uns eine gro\u00dfe Freude, unsere Partnerschaft mit Phrase auf die n\u00e4chste Stufe zu heben. Wir sind stolz auf die enge Zusammenarbeit und die gemeinsame Produktvision f\u00fcr den Lokalisierungsmarkt mit Phrase, und freuen uns auf unsere gemeinsame Zukunft.<\/p>\n\t\t<\/div>\n\t\t<div class=\"wp-block-phrase-com-testimonial__author\">\n\t\t\t\n\t\t\t<div class=\"wp-block-phrase-com-testimonial__author-info\">\n\t\t\t\t<img loading=\"lazy\" decoding=\"async\" width=\"290\" height=\"139\" src=\"https:\/\/phrase.com\/wp-content\/uploads\/2022\/08\/CaptionHub_Testimonial_Logo.png\" class=\"wp-block-phrase-com-testimonial__author-company-logo\" alt=\"Logo of CaptionHub\" \/>\n\t\t\t\t<p class=\"wp-block-phrase-com-testimonial__author-name\">\n\t\t\t\t\tTom Bridges\t\t\t\t<\/p>\n\n\t\t\t\t<p class=\"wp-block-phrase-com-testimonial__author-title\">\n\t\t\t\t\tCEO\t\t\t\t<\/p>\n\t\t\t<\/div>\n\t\t<\/div>\n\t<\/div>\n\t\t<div class=\"wp-block-phrase-com-testimonial glide__slide\">\n\t\t<div class=\"wp-block-phrase-com-testimonial__text \">\n\t\t\t<p>Wenn gro\u00dfe, profilierte Unternehmen Sprachdienstleistungen einkaufen, ben\u00f6tigen sie mehr als nur \u00dcbersetzungen \u2013 sie verlangen innovative und effiziente L\u00f6sungen. Zu diesen L\u00f6sungen geh\u00f6ren unter anderem Plug-ins und Konnektoren f\u00fcr die verschiedenen Content-Management-Systeme. Hier hat Phrase uns geholfen, neue Kunden zu gewinnen und bestehende Kunden zu halten. Dank der API von Phrase konnten wir leistungsstarke und attraktive Integrationen entwickeln, die unseren Kunden helfen, ihre Arbeitsabl\u00e4ufe zu verbessern und zu automatisieren.<\/p>\n\t\t<\/div>\n\t\t<div class=\"wp-block-phrase-com-testimonial__author\">\n\t\t\t\n\t\t\t<div class=\"wp-block-phrase-com-testimonial__author-info\">\n\t\t\t\t<img loading=\"lazy\" decoding=\"async\" width=\"277\" height=\"131\" src=\"https:\/\/phrase.com\/wp-content\/uploads\/2022\/08\/Acolad_Testimonial_Logo.png\" class=\"wp-block-phrase-com-testimonial__author-company-logo\" alt=\"Logo of Acolad\" \/>\n\t\t\t\t<p class=\"wp-block-phrase-com-testimonial__author-name\">\n\t\t\t\t\tFr\u00e9d\u00e9ric Queudret\t\t\t\t<\/p>\n\n\t\t\t\t<p class=\"wp-block-phrase-com-testimonial__author-title\">\n\t\t\t\t\tChief AI &amp; Technology Officer\t\t\t\t<\/p>\n\t\t\t<\/div>\n\t\t<\/div>\n\t<\/div>\n\t<\/div><\/div>\t<div class=\"wp-block-phrase-com-testimonials__carousel-controls\">\n\t\t<div class=\"wp-block-phrase-com-testimonials__carousel-progress-bar\"><\/div>\n\t\t<div class=\"glide__arrows wp-block-phrase-com-testimonials__carousel-arrows\" data-glide-el=\"controls\">\n\t\t\t<button type=\"button\" class=\"glide__arrow wp-block-phrase-com-testimonials__carousel-arrow\" data-glide-dir=\"<\">\n\t\t\t\t<svg aria-hidden=\"true\" xmlns=\"http:\/\/www.w3.org\/2000\/svg\" width=\"22\" height=\"22\" fill=\"none\" viewBox=\"0 0 22 22\"><path fill=\"currentColor\" d=\"m10.191 11 3.01 3.036-.917.924L8.36 11l3.925-3.96.915.924L10.192 11Z\"\/><\/svg>\n\t\t\t\t<span class=\"screen-reader-text\">Vorherige<\/span>\n\t\t\t<\/button>\n\t\t\t<button type=\"button\" class=\"glide__arrow wp-block-phrase-com-testimonials__carousel-arrow\" data-glide-dir=\"&gt;\">\n\t\t\t\t<svg xmlns=\"http:\/\/www.w3.org\/2000\/svg\" width=\"22\" height=\"22\" fill=\"none\" viewBox=\"0 0 22 22\"><path fill=\"currentColor\" d=\"m11.809 11-3.01-3.036.916-.924L13.64 11l-3.925 3.96-.915-.924L11.808 11Z\"\/><\/svg>\n\t\t\t\t<span class=\"screen-reader-text\">N\u00e4chste<\/span>\n\t\t\t<\/button>\n\t\t<\/div>\n\t<\/div>\n\n\t<div class=\"glide__bullets wp-block-phrase-com-testimonials__company-logos\" data-glide-el=\"controls[nav]\">\n\t\t\t\t\t\t\t\t\t<button type=\"button\" class=\"glide__bullet wp-block-phrase-com-testimonials__company-logo\" data-glide-dir=\"=0\">\n\t\t\t\t\t<img loading=\"lazy\" decoding=\"async\" width=\"300\" height=\"190\" src=\"https:\/\/phrase.com\/wp-content\/uploads\/2023\/11\/Vistatec_40.png\" class=\"attachment-300x300 size-300x300\" alt=\"\" srcset=\"https:\/\/phrase.com\/wp-content\/uploads\/2023\/11\/Vistatec_40.png 400w, https:\/\/phrase.com\/wp-content\/uploads\/2023\/11\/Vistatec_40-300x190.png 300w\" sizes=\"auto, (max-width: 300px) 100vw, 300px\" \/>\t\t\t\t<\/button>\n\t\t\t\t\t\t\t\t\t\t\t\t<button type=\"button\" class=\"glide__bullet wp-block-phrase-com-testimonials__company-logo\" data-glide-dir=\"=1\">\n\t\t\t\t\t<img loading=\"lazy\" decoding=\"async\" width=\"290\" height=\"139\" src=\"https:\/\/phrase.com\/wp-content\/uploads\/2022\/08\/CaptionHub_Testimonial_Logo.png\" class=\"attachment-300x300 size-300x300\" alt=\"\" \/>\t\t\t\t<\/button>\n\t\t\t\t\t\t\t\t\t\t\t\t<button type=\"button\" class=\"glide__bullet wp-block-phrase-com-testimonials__company-logo\" data-glide-dir=\"=2\">\n\t\t\t\t\t<img loading=\"lazy\" decoding=\"async\" width=\"277\" height=\"131\" src=\"https:\/\/phrase.com\/wp-content\/uploads\/2022\/08\/Acolad_Testimonial_Logo.png\" class=\"attachment-300x300 size-300x300\" alt=\"\" \/>\t\t\t\t<\/button>\n\t\t\t\t\t\t<\/div>\n\t<\/div><\/div>\n","protected":false},"excerpt":{"rendered":"<p>Partner werden Wir arbeiten mit f\u00fchrenden Technologieunternehmen, Dienstleistern, Systemintegratoren und Beratern zusammen, um ma\u00dfgeschneiderte, kollaborative L\u00f6sungen f\u00fcr gemeinsame Kunden bereitzustellen. Zusammenarbeit bringt Mehrwert Mit Phrase lassen neue M\u00e4rkte mit Zuversicht erschlie\u00dfen \u2013 dank der Rationalisierung des Lokalisierungsprozesses.Unsere leistungsstarke Plattform gew\u00e4hrleistet einheitliche, qualitativ hochwertige \u00dcbersetzungen und l\u00e4sst sich m\u00fchelos skalieren, um wachsenden Anforderungen gerecht zu werden. [&hellip;]<\/p>\n","protected":false},"author":4,"featured_media":0,"parent":56573,"menu_order":0,"comment_status":"closed","ping_status":"closed","template":"page-refresh","meta":{"_acf_changed":false,"_stopmodifiedupdate":false,"_modified_date":"","_searchwp_excluded":"","episode_type":"","audio_file":"","podmotor_file_id":"","podmotor_episode_id":"","cover_image":"","cover_image_id":"","duration":"","filesize":"","filesize_raw":"","date_recorded":"","explicit":"","block":"","itunes_episode_number":"","itunes_title":"","itunes_season_number":"","itunes_episode_type":"","footnotes":""},"class_list":["post-92531","page","type-page","status-publish","hentry"],"acf":[],"_links":{"self":[{"href":"https:\/\/phrase.com\/de\/wp-json\/wp\/v2\/pages\/92531","targetHints":{"allow":["GET"]}}],"collection":[{"href":"https:\/\/phrase.com\/de\/wp-json\/wp\/v2\/pages"}],"about":[{"href":"https:\/\/phrase.com\/de\/wp-json\/wp\/v2\/types\/page"}],"author":[{"embeddable":true,"href":"https:\/\/phrase.com\/de\/wp-json\/wp\/v2\/users\/4"}],"replies":[{"embeddable":true,"href":"https:\/\/phrase.com\/de\/wp-json\/wp\/v2\/comments?post=92531"}],"version-history":[{"count":10,"href":"https:\/\/phrase.com\/de\/wp-json\/wp\/v2\/pages\/92531\/revisions"}],"predecessor-version":[{"id":135841,"href":"https:\/\/phrase.com\/de\/wp-json\/wp\/v2\/pages\/92531\/revisions\/135841"}],"up":[{"embeddable":true,"href":"https:\/\/phrase.com\/de\/wp-json\/wp\/v2\/pages\/56573"}],"wp:attachment":[{"href":"https:\/\/phrase.com\/de\/wp-json\/wp\/v2\/media?parent=92531"}],"curies":[{"name":"wp","href":"https:\/\/api.w.org\/{rel}","templated":true}]}}