{"id":98085,"date":"2025-01-09T09:36:45","date_gmt":"2025-01-09T08:36:45","guid":{"rendered":"https:\/\/phrase.com\/sinapi\/"},"modified":"2026-03-13T15:23:02","modified_gmt":"2026-03-13T14:23:02","slug":"sinapi","status":"publish","type":"page","link":"https:\/\/phrase.com\/de\/partners\/sinapi\/","title":{"rendered":"Sinapi"},"content":{"rendered":"\n<div style=\"height:25px\" aria-hidden=\"true\" class=\"wp-block-spacer\"><\/div>\n\n\n\n<div class=\"wp-block-group alignfull has-global-padding is-layout-constrained wp-block-group-is-layout-constrained\">\n<p class=\"has-text-align-center has-blue-color has-text-color has-link-color has-medium-font-size wp-elements-b32868c2efa32d33e5256e07bfb5f3a4\">PHRASE PARTNER<br><\/p>\n\n\n\n<figure class=\"wp-block-image aligncenter size-full is-resized is-style-not-rounded\"><img loading=\"lazy\" decoding=\"async\" width=\"870\" height=\"435\" src=\"https:\/\/phrase.com\/wp-content\/uploads\/2025\/01\/Logo-Sinapi.webp\" alt=\"\" class=\"wp-image-97467\" style=\"width:298px;height:auto\" srcset=\"https:\/\/phrase.com\/wp-content\/uploads\/2025\/01\/Logo-Sinapi.webp 870w, https:\/\/phrase.com\/wp-content\/uploads\/2025\/01\/Logo-Sinapi-300x150.webp 300w, https:\/\/phrase.com\/wp-content\/uploads\/2025\/01\/Logo-Sinapi-768x384.webp 768w\" sizes=\"auto, (max-width: 870px) 100vw, 870px\" \/><\/figure>\n\n\n\n<h2 class=\"wp-block-heading has-text-align-center has-medium-font-size\" id=\"h-we-re-different-so-your-brand-stands-out-thesinapiteam-com\">Wir sind anders. Damit deine Marke auff\u00e4llt.<br><br><a href=\"https:\/\/www.thesinapiteam.com\/\" target=\"_blank\" rel=\"noreferrer noopener\">thesinapiteam.com<\/a><\/h2>\n<\/div>\n\n\n\n<div class=\"wp-block-group alignfull is-style-copy has-transparent-background-color has-background has-global-padding is-layout-constrained wp-block-group-is-layout-constrained\" style=\"padding-top:var(--wp--preset--spacing--8);padding-bottom:var(--wp--preset--spacing--8)\">\n<div class=\"wp-block-group alignwide has-global-padding is-layout-constrained wp-container-core-group-is-layout-f6a58a2d wp-block-group-is-layout-constrained\" style=\"padding-left:var(--wp--preset--spacing--56)\">\n<p class=\"has-text-align-center\">Seit unserer Gr\u00fcndung 2015 glauben wir fest daran, dass die Zusammenarbeit mit unseren Kunden ihren Erfolg sichert und uns gleichzeitig wachsen l\u00e4sst. Unsere Mission ist die Bereitstellung ma\u00dfgeschneiderter L\u00f6sungen, die unseren Kunden eine effiziente und erfolgreiche Globalisierung erm\u00f6glichen. Dabei haben wir uns zum Ziel gesetzt, unsere Mitarbeitenden, deine Kunden, die Qualit\u00e4t unserer Dienstleistung und den Erfolg deines Unternehmens so zu behandeln, als ob unser Unternehmen davon abh\u00e4nge. Weil das der Fall ist.<\/p>\n\n\n\n<p class=\"has-text-align-center\">Bei jeder Dienstleistung sind wir bestrebt, als strategischer Partner zu agieren und uns auf die Bereitstellung individueller L\u00f6sungen zu konzentrieren \u2013 damit du deine Ziele erreichen kannst. Wir helfen dir, dich auf das Gesamtbild zu konzentrieren, damit du dein Hauptziel in den Vordergrund stellen und wirkungsvolle Ergebnisse erzielen kannst. Unsere zertifizierten Technikteams und Lokalisierungsingenieure unterst\u00fctzen dich w\u00e4hrend des gesamten Globalisierungsprozesses. Wir sind darauf geschult, dich bei der Entwicklung, Einrichtung, Integration und Bereitstellung einer Vielzahl von Software-Tools und -Systemen zu unterst\u00fctzen \u2013 egal wann und wo du uns brauchst.<\/p>\n\n\n\n<p class=\"has-text-align-center\">Unser Lokalisierungsteam liefert intelligente, effiziente und qualitativ hochwertige L\u00f6sungen f\u00fcr Lokalisierung, Desktop-Publishing und Projektmanagement und sorgt so daf\u00fcr, dass deine Markenbotschaft klar und deutlich ankommt.<\/p>\n\n\n\n<p class=\"has-text-align-center\">Im Bereich Digitales Marketing managen wir komplexe Omnichannel-Marketingstrategien und schaffen ein ganzheitliches Markenerlebnis, das deine Kunden in den Mittelpunkt stellt. Von der Lead-Akquise bis zur Pflege von Kundenbeziehungen: Wir helfen dir, das Optimum aus deinen MarTech-Investitionen herauszuholen.<\/p>\n\n\n\n<p class=\"has-text-align-center\">Sinapi ist eines der wenigen Dienstleistungsunternehmen, das die B Corp-Zertifizierung erhalten hat, was unser Engagement f\u00fcr die Einhaltung strenger Standards f\u00fcr soziale und \u00f6kologische Verantwortung unterstreicht. Diese Errungenschaft unterstreicht unser Ziel, Technologie zur Verbesserung der Gesellschaft einzusetzen, und wir konzentrieren uns dabei konsequent auf die Bew\u00e4ltigung von Herausforderungen wie Klimawandel und sozialer Ungerechtigkeit.<br><br><strong>Standorte<\/strong><\/p>\n\n\n\n<p class=\"has-text-align-center\">Vereinigte Staaten von Amerika, Argentinien<\/p>\n\n\n\n<div style=\"height:19px\" aria-hidden=\"true\" class=\"wp-block-spacer\"><\/div>\n\n\n\n<div class=\"wp-block-buttons is-content-justification-center is-layout-flex wp-container-core-buttons-is-layout-a89b3969 wp-block-buttons-is-layout-flex\">\n<div class=\"wp-block-button\"><a class=\"wp-block-button__link wp-element-button\" href=\"https:\/\/phrase.com\/de\/demo\/\" target=\"_blank\" rel=\"noreferrer noopener\">Sprich uns an<\/a><\/div>\n\n\n\n<div class=\"wp-block-button is-style-black-outline\"><a class=\"wp-block-button__link has-text-align-center wp-element-button\" href=\"https:\/\/www.thesinapiteam.com\/\" target=\"_blank\" rel=\"noreferrer noopener\">Website besuchen<\/a><\/div>\n<\/div>\n<\/div>\n<\/div>\n\n\n\n<div class=\"wp-block-columns alignwide are-vertically-aligned-center is-style-default is-layout-flex wp-container-core-columns-is-layout-28f84493 wp-block-columns-is-layout-flex\">\n<div class=\"wp-block-column is-vertically-aligned-center is-layout-flow wp-container-core-column-is-layout-6220b9e6 wp-block-column-is-layout-flow\" style=\"flex-basis:100%\">\n<h2 class=\"wp-block-heading has-text-align-center has-extra-large-font-size\" id=\"h-services-offered\"><strong>Angebotene Dienstleistungen<\/strong><\/h2>\n\n\n\n<div style=\"height:10px\" aria-hidden=\"true\" class=\"wp-block-spacer\"><\/div>\n\n\n\n<div class=\"wp-block-group is-content-justification-center is-nowrap is-layout-flex wp-container-core-group-is-layout-a68142b0 wp-block-group-is-layout-flex\">\n<div class=\"wp-block-group is-vertical is-layout-flex wp-container-core-group-is-layout-d572cf77 wp-block-group-is-layout-flex\">\n<p>Technischer Support:<\/p>\n\n\n\n<ul class=\"wp-block-list\">\n<li>Jira-Experten<\/li>\n\n\n\n<li>Automatisierung<\/li>\n\n\n\n<li>SharePoint<\/li>\n\n\n\n<li>Windows Server<\/li>\n\n\n\n<li>Anwendungsentwicklung<\/li>\n\n\n\n<li>\u00dcbersetzungsmanagement<\/li>\n\n\n\n<li>Expansionspartner<\/li>\n\n\n\n<li>Systemadministratoren<\/li>\n\n\n\n<li>Integrationsl\u00f6sungen<\/li>\n<\/ul>\n<\/div>\n\n\n\n<div class=\"wp-block-group is-vertical is-layout-flex wp-container-core-group-is-layout-d572cf77 wp-block-group-is-layout-flex\">\n<p>Lokalisierung:<\/p>\n\n\n\n<ul class=\"wp-block-list\">\n<li>Lokalisierungsl\u00f6sungen<\/li>\n\n\n\n<li>\u00dcbersetzung<\/li>\n\n\n\n<li>\u00dcberpr\u00fcfung<\/li>\n\n\n\n<li>DTP<\/li>\n\n\n\n<li>Projektmanagement<\/li>\n\n\n\n<li>Lokalisierungspartner<\/li>\n\n\n\n<li>Qualit\u00e4tssicherung<\/li>\n<\/ul>\n<\/div>\n\n\n\n<div class=\"wp-block-group is-vertical is-layout-flex wp-container-core-group-is-layout-d572cf77 wp-block-group-is-layout-flex\">\n<p>Digital Marketing:<\/p>\n\n\n\n<ul class=\"wp-block-list\">\n<li>Marketing-Automatisierung<\/li>\n\n\n\n<li>Digital Asset Management<\/li>\n\n\n\n<li>E-Mail-Kampagnen<\/li>\n\n\n\n<li>Konversionstreiber<\/li>\n\n\n\n<li>ROI-Maximierer<\/li>\n\n\n\n<li>Web-Entwicklung<\/li>\n\n\n\n<li>Datenanalyse<\/li>\n\n\n\n<li>Adobe Marketo<\/li>\n\n\n\n<li>Abobe Analytics<\/li>\n\n\n\n<li>HubSpot<\/li>\n\n\n\n<li>Salesforce<\/li>\n<\/ul>\n<\/div>\n<\/div>\n\n\n\n<h2 class=\"wp-block-heading has-text-align-center has-extra-large-font-size\" id=\"h-credentials\"><strong>Referenzen<\/strong><\/h2>\n\n\n\n<ul class=\"wp-block-list\">\n<li>ISO 9001:2015<\/li>\n\n\n\n<li>ISO 17100:2015<\/li>\n\n\n\n<li>GPTW (Great Place To Work) zertifiziert<\/li>\n\n\n\n<li>B Corp zertifiziert<\/li>\n<\/ul>\n<\/div>\n<\/div>\n\n\n\n<div style=\"height:20px\" aria-hidden=\"true\" class=\"wp-block-spacer\"><\/div>\n\n\n\n<div class=\"wp-block-group alignwide has-yellow-background-color has-background has-global-padding is-layout-constrained wp-block-group-is-layout-constrained\" style=\"margin-top:var(--wp--preset--spacing--56)\">\n<div class=\"wp-block-group is-vertical is-content-justification-center is-layout-flex wp-container-core-group-is-layout-ce155fab wp-block-group-is-layout-flex\">\n<h2 class=\"wp-block-heading has-text-align-center\" id=\"h-discover-more-partners\">Erfahre mehr \u00fcber weitere Partner<\/h2>\n\n\n\n<p class=\"has-text-align-center\">Wir arbeiten mit f\u00fchrenden Technologieunternehmen zusammen, um sicherzustellen, dass dein Team<br>jeden Tag mehr von Phrase profitiert.<\/p>\n<\/div>\n\n\n\n<div class=\"wp-block-buttons is-content-justification-center is-layout-flex wp-container-core-buttons-is-layout-a89b3969 wp-block-buttons-is-layout-flex\">\n<div class=\"wp-block-button\"><a class=\"wp-block-button__link wp-element-button\" href=\"https:\/\/phrase.com\/de\/partners\/\" target=\"_blank\" rel=\"noreferrer noopener\">Phrase-Partnerprogramm<\/a><\/div>\n\n\n\n<div class=\"wp-block-button is-style-black-outline\"><a class=\"wp-block-button__link wp-element-button\" href=\"https:\/\/phrase.com\/partner-referrals\/\" target=\"_blank\" rel=\"noreferrer noopener\">Partner-Empfehlung<\/a><\/div>\n<\/div>\n<\/div>\n\n","protected":false},"excerpt":{"rendered":"<p>PHRASE PARTNER Wir sind anders. Damit deine Marke auff\u00e4llt. thesinapiteam.com Seit unserer Gr\u00fcndung 2015 glauben wir fest daran, dass die Zusammenarbeit mit unseren Kunden ihren Erfolg sichert und uns gleichzeitig wachsen l\u00e4sst. Unsere Mission ist die Bereitstellung ma\u00dfgeschneiderter L\u00f6sungen, die unseren Kunden eine effiziente und erfolgreiche Globalisierung erm\u00f6glichen. Dabei haben wir uns zum Ziel gesetzt, [&hellip;]<\/p>\n","protected":false},"author":77,"featured_media":0,"parent":56573,"menu_order":1,"comment_status":"closed","ping_status":"closed","template":"page-refresh","meta":{"_acf_changed":false,"_stopmodifiedupdate":false,"_modified_date":"","_searchwp_excluded":"","episode_type":"","audio_file":"","podmotor_file_id":"","podmotor_episode_id":"","cover_image":"","cover_image_id":"","duration":"","filesize":"","filesize_raw":"","date_recorded":"","explicit":"","block":"","itunes_episode_number":"","itunes_title":"","itunes_season_number":"","itunes_episode_type":"","footnotes":""},"class_list":["post-98085","page","type-page","status-publish","hentry"],"acf":[],"_links":{"self":[{"href":"https:\/\/phrase.com\/de\/wp-json\/wp\/v2\/pages\/98085","targetHints":{"allow":["GET"]}}],"collection":[{"href":"https:\/\/phrase.com\/de\/wp-json\/wp\/v2\/pages"}],"about":[{"href":"https:\/\/phrase.com\/de\/wp-json\/wp\/v2\/types\/page"}],"author":[{"embeddable":true,"href":"https:\/\/phrase.com\/de\/wp-json\/wp\/v2\/users\/77"}],"replies":[{"embeddable":true,"href":"https:\/\/phrase.com\/de\/wp-json\/wp\/v2\/comments?post=98085"}],"version-history":[{"count":5,"href":"https:\/\/phrase.com\/de\/wp-json\/wp\/v2\/pages\/98085\/revisions"}],"predecessor-version":[{"id":137800,"href":"https:\/\/phrase.com\/de\/wp-json\/wp\/v2\/pages\/98085\/revisions\/137800"}],"up":[{"embeddable":true,"href":"https:\/\/phrase.com\/de\/wp-json\/wp\/v2\/pages\/56573"}],"wp:attachment":[{"href":"https:\/\/phrase.com\/de\/wp-json\/wp\/v2\/media?parent=98085"}],"curies":[{"name":"wp","href":"https:\/\/api.w.org\/{rel}","templated":true}]}}