{"id":100043,"date":"2025-02-05T10:56:04","date_gmt":"2025-02-05T09:56:04","guid":{"rendered":"https:\/\/phrase.com\/declaracion-de-sostenibilidad-medioambiental-y-social\/"},"modified":"2025-10-06T11:00:14","modified_gmt":"2025-10-06T09:00:14","slug":"environmental-and-social-sustainability-statement","status":"publish","type":"page","link":"https:\/\/phrase.com\/es\/about\/environmental-and-social-sustainability-statement\/","title":{"rendered":"Declaraci\u00f3n de sostenibilidad medioambiental y social"},"content":{"rendered":"\n<div class=\"wp-block-group alignwide is-style-header-hero has-white-color has-white-background-color has-text-color has-background has-link-color has-background-images wp-elements-bca71b6d988dcf04d394537a762b7afc is-layout-flow wp-block-group-is-layout-flow\" style=\"padding-top:var(--wp--preset--spacing--110);padding-bottom:var(--wp--preset--spacing--110);background-image:url(https:\/\/phrase.com\/wp-content\/uploads\/2025\/07\/phrase-header-green.jpg.webp);background-position:0% 100%;background-attachment:scroll;background-repeat:no-repeat;background-size:cover\">\n<div class=\"wp-block-group has-global-padding is-content-justification-left is-layout-constrained wp-container-core-group-is-layout-4513c74a wp-block-group-is-layout-constrained\"><div class=\"yoast-breadcrumbs\"><span><span><a href=\"https:\/\/phrase.com\/es\/\">Home<\/a><\/span> | <span><a href=\"https:\/\/phrase.com\/es\/about\/\">Sobre nosotros<\/a><\/span> | <span class=\"breadcrumb_last\" aria-current=\"page\">Declaraci\u00f3n de sostenibilidad medioambiental y social<\/span><\/span><\/div>\n\n\n<h2 class=\"wp-block-heading has-text-align-left has-gigantic-font-size\" id=\"h-phrase-environmental-amp-social-sustainability-statement-0\" style=\"font-style:normal;font-weight:400\">Declaraci\u00f3n de sostenibilidad <br>medioambiental y social <br>de Phrase<\/h2>\n<\/div>\n<\/div>\n\n\n\n<div class=\"wp-block-group alignwide has-global-padding is-layout-constrained wp-block-group-is-layout-constrained\">\n<h3 class=\"wp-block-heading alignwide has-text-align-center\" id=\"h-social-sustainability\"><strong>Sostenibilidad social<\/strong><\/h3>\n\n\n\n<p>En Phrase, la sostenibilidad social es una parte esencial de nuestro compromiso de crear un impacto positivo en nuestra gente y en la comunidad en general.\u00a0<\/p>\n\n\n\n<p>A trav\u00e9s de nuestros <strong>Give Back Days<\/strong>, se anima a los empleados a dedicar dos d\u00edas al a\u00f1o al voluntariado, a apoyar a las comunidades locales y a participar en iniciativas sociales significativas.\u00a0<\/p>\n\n\n\n<p>Promovemos activamente la diversidad, la equidad y la inclusi\u00f3n (DEI) a trav\u00e9s de nuestro <strong>grupo de recursos DEI<\/strong>, que impulsa la concienciaci\u00f3n, fomenta una cultura inclusiva y defiende iniciativas que mejoran la diversidad y la accesibilidad para todos.\u00a0<\/p>\n\n\n\n<p>El bienestar de los empleados es una prioridad, con una serie de iniciativas dise\u00f1adas para apoyar tanto la <strong>salud f\u00edsica como la mental<\/strong>, incluido el acceso a primeros auxilios en salud mental para obtener ayuda y orientaci\u00f3n.\u00a0<\/p>\n\n\n\n<p>Nuestro programa de desarrollo <strong>EmpowerHER<\/strong> est\u00e1 dise\u00f1ado espec\u00edficamente para apoyar y elevar a las mujeres hacia puestos de liderazgo para fomentar el equilibrio de g\u00e9nero y la progresi\u00f3n profesional.\u00a0<\/p>\n\n\n\n<p>Mediante estos esfuerzos, nos aseguramos de que la sostenibilidad social est\u00e9 arraigada en nuestra cultura, haciendo de Phrase un lugar donde la gente prospere, se sienta apoyada y contribuya a una sociedad m\u00e1s equitativa.<\/p>\n<\/div>\n\n\n\n<div class=\"wp-block-group alignwide has-global-padding is-layout-constrained wp-block-group-is-layout-constrained\">\n<h3 class=\"wp-block-heading alignwide has-text-align-center\" id=\"h-environmental-sustainability\"><strong>Sostenibilidad medioambiental<\/strong><\/h3>\n\n\n\n<p>En Phrase, estamos comprometidos con operaciones responsables que se alinean con los objetivos globales de descarbonizaci\u00f3n, incluidos los del Acuerdo de Par\u00eds para limitar el calentamiento global a 1,5\u00a0\u00b0C. Reconocemos nuestra responsabilidad de minimizar nuestro impacto medioambiental en todos los aspectos de nuestro negocio y hemos adoptado los siguientes objetivos:<\/p>\n<\/div>\n\n\n\n<div class=\"wp-block-group has-global-padding is-layout-constrained wp-block-group-is-layout-constrained\">\n<h4 class=\"wp-block-heading\" id=\"h-scope-1-direct-emissions\"><strong>Objetivo 1: Emisiones directas<\/strong><\/h4>\n\n\n\n<ul class=\"wp-block-list wp-block-list\">\n<li><strong>Emisiones operativas<\/strong>: Como empresa de SaaS con emisiones directas m\u00ednimas, nos centramos en mantener esta baja huella pero sin dejar de explorar nuevas reducciones siempre que sea posible.<\/li>\n\n\n\n<li><strong>Promovemos la eficiencia digital reduciendo al m\u00ednimo indispensable el uso del papel, y utilizamos documentos electr\u00f3nicos para el 99\u00a0% de las comunicaciones internas y externas.<\/li>\n\n\n\n<li><strong>Adopci\u00f3n de veh\u00edculos el\u00e9ctricos<\/strong>: Contamos con una flota de veh\u00edculos de empresa peque\u00f1os limitada exclusivamente a veh\u00edculos totalmente el\u00e9ctricos, que garantiza que no se produzcan emisiones directas del transporte provocadas por la empresa.<\/li>\n<\/ul>\n<\/div>\n\n\n\n<div class=\"wp-block-group has-global-padding is-layout-constrained wp-block-group-is-layout-constrained\">\n<h4 class=\"wp-block-heading\" id=\"h-scope-2-indirect-emissions-from-purchased-energy\"><strong>Objetivo 2: Emisiones indirectas de energ\u00eda adquirida<\/strong><\/strong><\/h4>\n\n\n\n<ul class=\"wp-block-list wp-block-list\">\n<li><strong>Oficinas sostenibles<\/strong>: Nuestra oficina de Praga se sit\u00faa en el <a href=\"https:\/\/www.floweast.com\/portfolio\/vn-47\/\">edificio Flow<\/a>, que es el primero de la Rep\u00fablica Checa en obtener la calificaci\u00f3n de sobresaliente de BREEAM, la certificaci\u00f3n m\u00e1s alta de sostenibilidad medioambiental. Adem\u00e1s, estamos evaluando la posibilidad de pasar el suministro el\u00e9ctrico de nuestra oficina de Hamburgo a un proveedor de energ\u00eda 100\u00a0% sostenible en 2025.<\/li>\n\n\n\n<li><strong>Proveedores de alojamiento y socios tecnol\u00f3gicos clave comprometidos con las energ\u00edas renovables<\/strong>:<\/li>\n<\/ul>\n\n\n\n<p>Nos asociamos activamente con los principales proveedores de tecnolog\u00eda que mantienen s\u00f3lidos objetivos y certificaciones de sostenibilidad. He aqu\u00ed algunos ejemplos:<\/p>\n\n\n\n<ul class=\"wp-block-list wp-block-list\">\n<li><strong>AWS<\/strong>: Se ha comprometido a operar con energ\u00eda 100\u00a0% renovable para 2025 (<a href=\"https:\/\/aws.amazon.com\/sustainability\/\">Sostenibilidad de AWS<\/a>).<\/li>\n\n\n\n<li><strong>OpenAI<\/strong>: Dedicada al desarrollo responsable de la IA con la sostenibilidad como objetivo clave (<a href=\"https:\/\/openai.com\/\">responsabilidad medioambiental de OpenAI<\/a>).<\/li>\n\n\n\n<li><strong>Google<\/strong>: Logr\u00f3 la neutralidad de carbono en 2007 y ahora, para 2030, aspira a funcionar con energ\u00eda limpia las 24 horas al d\u00eda, los siete d\u00edas de la semana, para 2030 (<a href=\"https:\/\/sustainability.google\/\">sostenibilidad de Google<\/a>).<\/li>\n\n\n\n<li><strong>Snowflake<\/strong>: Se centra en operaciones de datos en la nube neutras en carbono (<a href=\"https:\/\/www.snowflake.com\/en\/company\/overview\/sustainability-at-snowflake\/\">sostenibilidad de Snowflake<\/a>).<\/li>\n\n\n\n<li><strong>HubSpot<\/strong>: Da prioridad a la gesti\u00f3n medioambiental en todas sus operaciones (<a href=\"https:\/\/www.hubspot.com\/sustainability\">sostenibilidad de Hubspot<\/a>).<\/li>\n\n\n\n<li><strong>Salesforce<\/strong>: Su objetivo son las cero emisiones netas en sus operaciones y en la cadena de suministro (<a href=\"https:\/\/www.salesforce.com\/company\/sustainability\/\">sostenibilidad de Salesforce<\/a>).<\/li>\n\n\n\n<li><strong>Mixpanel<\/strong>: Hace hincapi\u00e9 en las pr\u00e1cticas responsables en materia de infraestructuras (<a href=\"https:\/\/mixpanel.com\/\">objetivos medioambientales de Mixpanel<\/a>).<\/li>\n\n\n\n<li><strong>Datadog<\/strong>: Comprometidos a minimizar el impacto de la infraestructura en la nube (<a href=\"https:\/\/www.datadoghq.com\/\">sostenibilidad de Datadog<\/a>).<\/li>\n<\/ul>\n\n\n\n<p>Estas asociaciones garantizan que nuestra tecnolog\u00eda est\u00e9 alineada con nuestro compromiso de reducir el impacto medioambiental.<\/p>\n<\/div>\n\n\n\n<div class=\"wp-block-group has-global-padding is-layout-constrained wp-block-group-is-layout-constrained\">\n<h4 class=\"wp-block-heading\" id=\"h-scope-3-indirect-emissions-across-the-value-chain\"><strong><strong><strong>Objetivo 3: Emisiones indirectas en toda la cadena de valor<\/strong><\/strong><\/strong><\/h4>\n\n\n\n<ul class=\"wp-block-list wp-block-list\">\n<li><strong>Desplazamientos y viajes<\/strong>:\n<ul class=\"wp-block-list wp-block-list\">\n<li>Hemos minimizado los viajes de negocios priorizando las comunicaciones a distancia y prefiriendo las reuniones virtuales.<\/li>\n\n\n\n<li>Para apoyar la sostenibilidad de los empleados, facilitamos el acceso a programas de desplazamiento en bicicleta al trabajo cuando est\u00e1n disponibles.<\/li>\n<\/ul>\n<\/li>\n\n\n\n<li><strong>Iniciativas de reforestaci\u00f3n<\/strong>: Por cada empleado contratado, plantamos un \u00e1rbol como parte de nuestro programa de reforestaci\u00f3n, a trav\u00e9s de una plataforma certificada como empresa B. Hasta la fecha, hemos plantado m\u00e1s de 300 \u00e1rboles y ya nos hemos comprometido a plantar otros 300, reforzando nuestra contribuci\u00f3n a los esfuerzos mundiales de compensaci\u00f3n de emisiones de carbono.<\/li>\n<\/ul>\n<\/div>\n\n\n\n<div class=\"wp-block-group alignwide has-global-padding is-layout-constrained wp-block-group-is-layout-constrained\">\n<h3 class=\"wp-block-heading alignwide has-text-align-center\" id=\"h-our-commitment-to-sustainability\"><strong>Nuestro compromiso con la sostenibilidad<\/strong><\/h3>\n\n\n\n<p>Nuestras pol\u00edticas reflejan un firme compromiso con las operaciones sostenibles en la actualidad, con planes para ampliar estos esfuerzos en el futuro. Las acciones clave incluyen la reducci\u00f3n de los viajes superfluos, la transici\u00f3n a energ\u00edas renovables y el fomento de pr\u00e1cticas ecol\u00f3gicas entre los empleados.<\/p>\n\n\n\n<p>Seguiremos explorando asociaciones, certificaciones y objetivos que garanticen que Phrase integra la sostenibilidad en sus operaciones diarias y que contribuye de forma significativa a los objetivos clim\u00e1ticos globales.<\/p>\n<\/div>\n\n","protected":false},"excerpt":{"rendered":"<p>Declaraci\u00f3n de sostenibilidad medioambiental y social de Phrase Sostenibilidad social En Phrase, la sostenibilidad social es una parte esencial de nuestro compromiso de crear un impacto positivo en nuestra gente y en la comunidad en general.\u00a0 A trav\u00e9s de nuestros Give Back Days, se anima a los empleados a dedicar dos d\u00edas al a\u00f1o al [&hellip;]<\/p>\n","protected":false},"author":77,"featured_media":7474,"parent":27206,"menu_order":0,"comment_status":"closed","ping_status":"closed","template":"page-refresh","meta":{"_acf_changed":false,"_stopmodifiedupdate":false,"_modified_date":"","_searchwp_excluded":"","episode_type":"","audio_file":"","podmotor_file_id":"","podmotor_episode_id":"","cover_image":"","cover_image_id":"","duration":"","filesize":"","filesize_raw":"","date_recorded":"","explicit":"","block":"","itunes_episode_number":"","itunes_title":"","itunes_season_number":"","itunes_episode_type":"","footnotes":""},"class_list":["post-100043","page","type-page","status-publish","has-post-thumbnail","hentry"],"acf":[],"_links":{"self":[{"href":"https:\/\/phrase.com\/es\/wp-json\/wp\/v2\/pages\/100043","targetHints":{"allow":["GET"]}}],"collection":[{"href":"https:\/\/phrase.com\/es\/wp-json\/wp\/v2\/pages"}],"about":[{"href":"https:\/\/phrase.com\/es\/wp-json\/wp\/v2\/types\/page"}],"author":[{"embeddable":true,"href":"https:\/\/phrase.com\/es\/wp-json\/wp\/v2\/users\/77"}],"replies":[{"embeddable":true,"href":"https:\/\/phrase.com\/es\/wp-json\/wp\/v2\/comments?post=100043"}],"version-history":[{"count":3,"href":"https:\/\/phrase.com\/es\/wp-json\/wp\/v2\/pages\/100043\/revisions"}],"predecessor-version":[{"id":122654,"href":"https:\/\/phrase.com\/es\/wp-json\/wp\/v2\/pages\/100043\/revisions\/122654"}],"up":[{"embeddable":true,"href":"https:\/\/phrase.com\/es\/wp-json\/wp\/v2\/pages\/27206"}],"wp:featuredmedia":[{"embeddable":true,"href":"https:\/\/phrase.com\/es\/wp-json\/wp\/v2\/media\/7474"}],"wp:attachment":[{"href":"https:\/\/phrase.com\/es\/wp-json\/wp\/v2\/media?parent=100043"}],"curies":[{"name":"wp","href":"https:\/\/api.w.org\/{rel}","templated":true}]}}