{"id":100460,"date":"2022-12-02T18:43:58","date_gmt":"2022-12-02T17:43:58","guid":{"rendered":"https:\/\/phrase.com\/socios-de-distribucion\/"},"modified":"2025-10-06T09:26:10","modified_gmt":"2025-10-06T07:26:10","slug":"channel","status":"publish","type":"page","link":"https:\/\/phrase.com\/es\/partners\/channel\/","title":{"rendered":"Socios de distribuci\u00f3n"},"content":{"rendered":"\n<div class=\"wp-block-group alignwide is-style-header-hero has-white-color has-white-background-color has-text-color has-background has-link-color has-background-images wp-elements-5befc50b2505ee70f114e20744d1fe4f is-layout-flow wp-block-group-is-layout-flow\" style=\"padding-bottom:0;background-image:url(https:\/\/phrase.com\/wp-content\/uploads\/2025\/05\/Solutions-partners-banner.jpg.webp);background-position:0% 0%;background-attachment:scroll;background-repeat:no-repeat;background-size:cover\">\n<div class=\"wp-block-columns is-layout-flex wp-container-core-columns-is-layout-28f84493 wp-block-columns-is-layout-flex\">\n<div class=\"wp-block-column is-layout-flow wp-block-column-is-layout-flow\"><div class=\"yoast-breadcrumbs\"><span><span><a href=\"https:\/\/phrase.com\/es\/\">Home<\/a><\/span> | <span><a href=\"https:\/\/phrase.com\/es\/partners\/\">Programa de Phrase para socios<\/a><\/span> | <span class=\"breadcrumb_last\" aria-current=\"page\">Socios de distribuci\u00f3n<\/span><\/span><\/div>\n\n\n<h1 class=\"wp-block-heading has-white-color has-text-color has-link-color wp-elements-d1cdac64e2ef181bac19b8a6f8bac221\" id=\"h-solution-partners\">Socios de soluciones<\/h1>\n\n\n\n<p class=\"has-white-color has-text-color has-link-color wp-elements-6eef6b8a389eaf161f34d49f8ebeaa14\"><br>Nos asociamos con integradores, agencias y consultores de confianza para <br>entregar soluciones de localizaci\u00f3n personalizadas, tanto si necesitas una personalizaci\u00f3n <br>de integraciones o una orientaci\u00f3n estrat\u00e9gica.<\/p>\n\n\n\n<div class=\"wp-block-buttons is-content-justification-left is-layout-flex wp-container-core-buttons-is-layout-fc4fd283 wp-block-buttons-is-layout-flex\">\n<div class=\"wp-block-button is-style-phrase-green-filled\"><a class=\"wp-block-button__link has-text-align-left wp-element-button\">Solicita una demostraci\u00f3n<\/a><\/div>\n\n\n\n<div class=\"wp-block-button is-style-white-outline\"><a class=\"wp-block-button__link wp-element-button\" href=\"https:\/\/phrase.com\/es\/contact\/\">Ponte en contacto con nosotros<\/a><\/div>\n<\/div>\n\n\n\n<p><br><\/p>\n<\/div>\n<\/div>\n<\/div>\n\n\n\n<h2 class=\"wp-block-heading has-text-align-center\" id=\"h-why-partner-with-a-phrase-solution-partner\">\u00bfPor qu\u00e9 asociarse con un socio de soluciones de Phrase?<\/h2>\n\n\n\n<div class=\"wp-block-group alignfull has-background-images has-global-padding is-layout-constrained wp-container-core-group-is-layout-a3b46bdf wp-block-group-is-layout-constrained\" style=\"margin-top:var(--wp--preset--spacing--10);margin-bottom:var(--wp--preset--spacing--10);padding-top:var(--wp--preset--spacing--10);padding-right:var(--wp--preset--spacing--70);padding-bottom:var(--wp--preset--spacing--10);padding-left:var(--wp--preset--spacing--70);background-image:url(https:\/\/phrase.com\/wp-content\/uploads\/2024\/03\/svgexport-1-10.svg),url(https:\/\/phrase.com\/wp-content\/uploads\/2024\/03\/svgexport-1-17.svg);background-position:0% 70%,100% 100%;background-attachment:scroll,scroll;background-repeat:no-repeat,no-repeat;background-size:auto,auto\">\n<div class=\"wp-block-group alignwide is-style-feature-grid is-layout-grid wp-container-core-group-is-layout-7f02655c wp-block-group-is-layout-grid\">\n<div class=\"wp-block-group is-vertical is-layout-flex wp-container-core-group-is-layout-fe9cc265 wp-block-group-is-layout-flex\">\n<figure class=\"wp-block-image size-full is-resized\"><img loading=\"lazy\" decoding=\"async\" width=\"252\" height=\"252\" src=\"https:\/\/phrase.com\/wp-content\/uploads\/2025\/05\/Joint-discovery-Icon.png\" alt=\"Icono de una lupa sobre dos c\u00edrculos superpuestos que representan el descubrimiento conjunto y la exploraci\u00f3n colaborativa.\" class=\"wp-image-105918\" style=\"width:100px\" srcset=\"https:\/\/phrase.com\/wp-content\/uploads\/2025\/05\/Joint-discovery-Icon.png 252w, https:\/\/phrase.com\/wp-content\/uploads\/2025\/05\/Joint-discovery-Icon-150x150.png 150w\" sizes=\"auto, (max-width: 252px) 100vw, 252px\" \/><\/figure>\n\n\n\n<h3 class=\"wp-block-heading has-large-font-size\" id=\"h-joint-discovery-amp-scoping\">Descubrimiento y alcance, unidos<\/h3>\n\n\n\n<p>Estrategias de localizaci\u00f3n personalizadas basadas en una comprensi\u00f3n profunda de tus necesidades espec\u00edficas.<\/p>\n<\/div>\n\n\n\n<div class=\"wp-block-group is-vertical is-layout-flex wp-container-core-group-is-layout-fe9cc265 wp-block-group-is-layout-flex\">\n<figure class=\"wp-block-image size-full is-resized\"><img loading=\"lazy\" decoding=\"async\" width=\"252\" height=\"252\" src=\"https:\/\/phrase.com\/wp-content\/uploads\/2025\/05\/Coordinated-Sales-Process-Icon.png\" alt=\"Icono de dos manos estrech\u00e1ndose sobre un engranaje que representan un proceso de ventas coordinado y una alineaci\u00f3n de la asociaci\u00f3n.\" class=\"wp-image-105900\" style=\"width:100px\" srcset=\"https:\/\/phrase.com\/wp-content\/uploads\/2025\/05\/Coordinated-Sales-Process-Icon.png 252w, https:\/\/phrase.com\/wp-content\/uploads\/2025\/05\/Coordinated-Sales-Process-Icon-150x150.png 150w\" sizes=\"auto, (max-width: 252px) 100vw, 252px\" \/><\/figure>\n\n\n\n<h3 class=\"wp-block-heading has-large-font-size\" id=\"h-coordinated-sales-process\">Proceso de ventas coordinado<\/h3>\n\n\n\n<p>Una experiencia unificada y sin interrupciones desde la consulta inicial hasta la entrega de la soluci\u00f3n.<\/p>\n<\/div>\n\n\n\n<div class=\"wp-block-group is-vertical is-layout-flex wp-container-core-group-is-layout-fe9cc265 wp-block-group-is-layout-flex\">\n<figure class=\"wp-block-image size-full is-resized\"><img loading=\"lazy\" decoding=\"async\" width=\"252\" height=\"252\" src=\"https:\/\/phrase.com\/wp-content\/uploads\/2025\/05\/Co-developed-solutions-Icon.png\" alt=\"Icono de dos piezas de rompecabezas encajando que simboliza soluciones codesarrolladas y colaborativas.\" class=\"wp-image-105894\" style=\"width:100px\" srcset=\"https:\/\/phrase.com\/wp-content\/uploads\/2025\/05\/Co-developed-solutions-Icon.png 252w, https:\/\/phrase.com\/wp-content\/uploads\/2025\/05\/Co-developed-solutions-Icon-150x150.png 150w\" sizes=\"auto, (max-width: 252px) 100vw, 252px\" \/><\/figure>\n\n\n\n<h3 class=\"wp-block-heading has-large-font-size\" id=\"h-co-developed-solutions\">Soluciones desarrolladas conjuntamente<\/h3>\n\n\n\n<p>Soluciones personalizadas dise\u00f1adas colaborativamente para cumplir con tus objetivos empresariales individuales.<\/p>\n<\/div>\n\n\n\n<div class=\"wp-block-group is-vertical is-layout-flex wp-container-core-group-is-layout-fe9cc265 wp-block-group-is-layout-flex\">\n<figure class=\"wp-block-image size-full is-resized\"><img loading=\"lazy\" decoding=\"async\" width=\"252\" height=\"252\" src=\"https:\/\/phrase.com\/wp-content\/uploads\/2025\/05\/Joint-implementation-Onboarding-Icon.png\" alt=\"Icono de dos engranajes y una marca de verificaci\u00f3n que simbolizan la implementaci\u00f3n conjunta y la colaboraci\u00f3n en la incorporaci\u00f3n.\" class=\"wp-image-105906\" style=\"width:100px\" srcset=\"https:\/\/phrase.com\/wp-content\/uploads\/2025\/05\/Joint-implementation-Onboarding-Icon.png 252w, https:\/\/phrase.com\/wp-content\/uploads\/2025\/05\/Joint-implementation-Onboarding-Icon-150x150.png 150w\" sizes=\"auto, (max-width: 252px) 100vw, 252px\" \/><\/figure>\n\n\n\n<h3 class=\"wp-block-heading has-large-font-size\" id=\"h-joint-implementation-amp-onboarding\">Implementaci\u00f3n e incorporaci\u00f3n colaborativa<\/h3>\n\n\n\n<p>Integraci\u00f3n eficiente y sin problemas con orientaci\u00f3n experta tanto de proveedores de tecnolog\u00edas como de servicios.<\/p>\n<\/div>\n\n\n\n<div class=\"wp-block-group is-vertical is-layout-flex wp-container-core-group-is-layout-fe9cc265 wp-block-group-is-layout-flex\">\n<figure class=\"wp-block-image size-full is-resized\"><img loading=\"lazy\" decoding=\"async\" width=\"252\" height=\"252\" src=\"https:\/\/phrase.com\/wp-content\/uploads\/2025\/05\/Joint-Customer-Support-Icon.png\" alt=\"Icono de dos burbujas de di\u00e1logo superpuestas con un engranaje que representan la atenci\u00f3n al cliente conjunta y el servicio colaborativo\" class=\"wp-image-105912\" style=\"width:100px\" srcset=\"https:\/\/phrase.com\/wp-content\/uploads\/2025\/05\/Joint-Customer-Support-Icon.png 252w, https:\/\/phrase.com\/wp-content\/uploads\/2025\/05\/Joint-Customer-Support-Icon-150x150.png 150w\" sizes=\"auto, (max-width: 252px) 100vw, 252px\" \/><\/figure>\n\n\n\n<h3 class=\"wp-block-heading has-large-font-size\" id=\"h-joint-customer-support\">Servicio de atenci\u00f3n al cliente conjunto<\/h3>\n\n\n\n<p>Soporte integral tanto de Phrase como de los socios, que asegura una r\u00e1pida resoluci\u00f3n de problemas.<\/p>\n<\/div>\n\n\n\n<div class=\"wp-block-group is-vertical is-layout-flex wp-container-core-group-is-layout-fe9cc265 wp-block-group-is-layout-flex\">\n<figure class=\"wp-block-image size-full is-resized\"><img loading=\"lazy\" decoding=\"async\" width=\"252\" height=\"252\" src=\"https:\/\/phrase.com\/wp-content\/uploads\/2025\/05\/Maintenance-Icon.png\" alt=\"Icono plano de una llave inglesa y un engranaje que representa el mantenimiento o la configuraci\u00f3n del sistema.\" class=\"wp-image-105888\" style=\"width:100px\" srcset=\"https:\/\/phrase.com\/wp-content\/uploads\/2025\/05\/Maintenance-Icon.png 252w, https:\/\/phrase.com\/wp-content\/uploads\/2025\/05\/Maintenance-Icon-150x150.png 150w\" sizes=\"auto, (max-width: 252px) 100vw, 252px\" \/><\/figure>\n\n\n\n<h3 class=\"wp-block-heading has-large-font-size\" id=\"h-tm-tb-maintenance\">Mantenimiento de TM y TB<\/h3>\n\n\n\n<p>Gesti\u00f3n continua de memorias de traducci\u00f3n y glosarios, lo que garantiza la coherencia y la calidad a lo largo del tiempo.<\/p>\n<\/div>\n<\/div>\n\n\n\n<div class=\"wp-block-buttons is-content-justification-center is-layout-flex wp-container-core-buttons-is-layout-31558199 wp-block-buttons-is-layout-flex\" style=\"margin-top:var(--wp--preset--spacing--70);margin-bottom:var(--wp--preset--spacing--70)\">\n<div class=\"wp-block-button is-style-grey-filled\"><a class=\"wp-block-button__link wp-element-button\" href=\"https:\/\/phrase.com\/es\/partners\/become-a-partner\/\">Convi\u00e9rtete en socio<\/a><\/div>\n<\/div>\n<\/div>\n\n\n\n\n<h2 class=\"wp-block-heading has-text-align-center\" style=\"margin-top:var(--wp--preset--spacing--110)\">Conoce a algunos de nuestros socios<a href=\"https:\/\/phrase.com\/es\/partners\/actum-digital\/\"><\/a><\/h2>\n\n\n\n<div class=\"wp-block-group alignwide is-layout-grid wp-container-core-group-is-layout-8c6ccdf6 wp-block-group-is-layout-grid\">\n<div class=\"wp-block-group is-style-rounded-teaser is-vertical is-layout-flex wp-container-core-group-is-layout-c87b11c6 wp-block-group-is-layout-flex\" style=\"padding-top:var(--wp--preset--spacing--16);padding-right:var(--wp--preset--spacing--16);padding-bottom:var(--wp--preset--spacing--16);padding-left:var(--wp--preset--spacing--16)\">\n<figure class=\"wp-block-image size-full is-resized\"><img loading=\"lazy\" decoding=\"async\" width=\"500\" height=\"500\" src=\"https:\/\/phrase.com\/wp-content\/uploads\/2025\/01\/cropped-the-sinapi-team-logo.png\" alt=\"\" class=\"wp-image-97475\" style=\"object-fit:contain;width:72px;height:72px\" srcset=\"https:\/\/phrase.com\/wp-content\/uploads\/2025\/01\/cropped-the-sinapi-team-logo.png 500w, https:\/\/phrase.com\/wp-content\/uploads\/2025\/01\/cropped-the-sinapi-team-logo-300x300.png 300w, https:\/\/phrase.com\/wp-content\/uploads\/2025\/01\/cropped-the-sinapi-team-logo-150x150.png 150w\" sizes=\"auto, (max-width: 500px) 100vw, 500px\" \/><\/figure>\n\n\n\n<p><strong><a href=\"https:\/\/phrase.com\/es\/partners\/sinapi\/\">Sinapi<\/a><\/strong><\/p>\n<\/div>\n\n\n\n<div class=\"wp-block-group is-style-rounded-teaser is-vertical is-layout-flex wp-container-core-group-is-layout-fe9cc265 wp-block-group-is-layout-flex\">\n<figure class=\"wp-block-image size-full is-resized\"><img loading=\"lazy\" decoding=\"async\" width=\"373\" height=\"87\" src=\"https:\/\/phrase.com\/wp-content\/uploads\/2023\/04\/Actum_logo.png\" alt=\"ACTUM Digital | Socio de Phrase\" class=\"wp-image-45398\" style=\"object-fit:contain;width:72px;height:72px\" srcset=\"https:\/\/phrase.com\/wp-content\/uploads\/2023\/04\/Actum_logo.png 373w, https:\/\/phrase.com\/wp-content\/uploads\/2023\/04\/Actum_logo-300x70.png 300w\" sizes=\"auto, (max-width: 373px) 100vw, 373px\" \/><\/figure>\n\n\n\n<p><strong><a href=\"https:\/\/phrase.com\/es\/partners\/actum-digital\/\">Actum Digital<\/a><\/strong><\/p>\n<\/div>\n\n\n\n<div class=\"wp-block-group is-style-rounded-teaser is-vertical is-layout-flex wp-container-core-group-is-layout-c87b11c6 wp-block-group-is-layout-flex\" style=\"padding-top:var(--wp--preset--spacing--16);padding-right:var(--wp--preset--spacing--16);padding-bottom:var(--wp--preset--spacing--16);padding-left:var(--wp--preset--spacing--16)\">\n<figure class=\"wp-block-image size-full is-resized\"><img loading=\"lazy\" decoding=\"async\" width=\"2717\" height=\"870\" src=\"https:\/\/phrase.com\/wp-content\/uploads\/2023\/08\/TEXTree-CI.png\" alt=\"Logotipo de TEXTree | Phrase\" class=\"wp-image-61165\" style=\"object-fit:contain;width:72px;height:72px\" srcset=\"https:\/\/phrase.com\/wp-content\/uploads\/2023\/08\/TEXTree-CI.png 2717w, https:\/\/phrase.com\/wp-content\/uploads\/2023\/08\/TEXTree-CI-300x96.png 300w, https:\/\/phrase.com\/wp-content\/uploads\/2023\/08\/TEXTree-CI-1024x328.png 1024w, https:\/\/phrase.com\/wp-content\/uploads\/2023\/08\/TEXTree-CI-768x246.png 768w, https:\/\/phrase.com\/wp-content\/uploads\/2023\/08\/TEXTree-CI-1536x492.png 1536w, https:\/\/phrase.com\/wp-content\/uploads\/2023\/08\/TEXTree-CI-2048x656.png 2048w\" sizes=\"auto, (max-width: 2717px) 100vw, 2717px\" \/><\/figure>\n\n\n\n<p><strong><a href=\"https:\/\/phrase.com\/es\/partners\/textree\/\">TEXTree<\/a><\/strong><\/p>\n<\/div>\n\n\n\n<div class=\"wp-block-group is-style-rounded-teaser is-vertical is-layout-flex wp-container-core-group-is-layout-c87b11c6 wp-block-group-is-layout-flex\" style=\"padding-top:var(--wp--preset--spacing--16);padding-right:var(--wp--preset--spacing--16);padding-bottom:var(--wp--preset--spacing--16);padding-left:var(--wp--preset--spacing--16)\">\n<figure class=\"wp-block-image size-full is-resized\"><img loading=\"lazy\" decoding=\"async\" width=\"278\" height=\"276\" src=\"https:\/\/phrase.com\/wp-content\/uploads\/2025\/06\/PDS_ICO.png\" alt=\"\" class=\"wp-image-108648\" style=\"object-fit:contain;width:72px;height:72px\" srcset=\"https:\/\/phrase.com\/wp-content\/uploads\/2025\/06\/PDS_ICO.png 278w, https:\/\/phrase.com\/wp-content\/uploads\/2025\/06\/PDS_ICO-150x150.png 150w\" sizes=\"auto, (max-width: 278px) 100vw, 278px\" \/><\/figure>\n\n\n\n<p><strong><a href=\"https:\/\/phrase.com\/es\/partners\/paladini-digital-solutions\/\" target=\"_blank\" rel=\"noreferrer noopener\">Paladini Digital Solutions<\/a><\/strong><\/p>\n<\/div>\n\n\n\n<div class=\"wp-block-group is-style-rounded-teaser is-vertical is-layout-flex wp-container-core-group-is-layout-c87b11c6 wp-block-group-is-layout-flex\" style=\"padding-top:var(--wp--preset--spacing--16);padding-right:var(--wp--preset--spacing--16);padding-bottom:var(--wp--preset--spacing--16);padding-left:var(--wp--preset--spacing--16)\">\n<figure class=\"wp-block-image size-full is-resized\"><img loading=\"lazy\" decoding=\"async\" width=\"298\" height=\"68\" src=\"https:\/\/phrase.com\/wp-content\/uploads\/2025\/08\/LocVerse-Main-Logo-Transparent-bg.svg\" alt=\"Logotipo principal de LocVerse\" class=\"wp-image-113235\" style=\"aspect-ratio:1;object-fit:contain;width:72px\" \/><\/figure>\n\n\n\n<p><strong><a href=\"https:\/\/phrase.com\/es\/partners\/locverse\/\" target=\"_blank\" rel=\"noreferrer noopener\">LocVerse<\/a><\/strong><\/p>\n<\/div>\n<\/div>\n\n\n\n<div class=\"wp-block-buttons is-content-justification-center is-layout-flex wp-container-core-buttons-is-layout-ce94c4b5 wp-block-buttons-is-layout-flex\" style=\"margin-top:var(--wp--preset--spacing--45)\">\n<div class=\"wp-block-button is-style-grey-filled\"><a class=\"wp-block-button__link wp-element-button\" href=\"https:\/\/phrase.com\/es\/integrations\/\">Descubre la integraci\u00f3n y el centro de socios<\/a><\/div>\n<\/div>\n\n\n\n<div class=\"wp-block-group alignwide has-phrase-green-background-color has-background has-background-images has-global-padding is-content-justification-left is-layout-constrained wp-container-core-group-is-layout-12dd3699 wp-block-group-is-layout-constrained\" style=\"background-image:url(https:\/\/phrase.com\/wp-content\/uploads\/2024\/02\/b73d2cc70754ac3f815cbb0c99a61057-1.jpeg.webp);background-position:0% 0%;background-attachment:scroll;background-repeat:no-repeat;background-size:cover\"><div class=\"glide wp-block-phrase-com-testimonials\"><div class=\"glide__track\" data-glide-el=\"track\"><div class=\"glide__slides\">\t<div class=\"wp-block-phrase-com-testimonial glide__slide\">\n\t\t<div class=\"wp-block-phrase-com-testimonial__text \">\n\t\t\t<p>Phrase es el TMS mejor valorado por ling\u00fcistas y equipos de localizaci\u00f3n de todo el mundo; para nosotros es un aut\u00e9ntico placer seguir estrechando lazos con Phrase. Nos enorgullece nuestra estrecha relaci\u00f3n profesional y nuestra visi\u00f3n af\u00edn de los productos en el mercado de la localizaci\u00f3n y seguimos entusiasmados por el futuro de nuestra colaboraci\u00f3n.<\/p>\n\t\t<\/div>\n\t\t<div class=\"wp-block-phrase-com-testimonial__author\">\n\t\t\t\n\t\t\t<div class=\"wp-block-phrase-com-testimonial__author-info\">\n\t\t\t\t<img loading=\"lazy\" decoding=\"async\" width=\"290\" height=\"139\" src=\"https:\/\/phrase.com\/wp-content\/uploads\/2022\/08\/CaptionHub_Testimonial_Logo.png\" class=\"wp-block-phrase-com-testimonial__author-company-logo\" alt=\"Logo of CaptionHub\" \/>\n\t\t\t\t<p class=\"wp-block-phrase-com-testimonial__author-name\">\n\t\t\t\t\tTom Bridges\t\t\t\t<\/p>\n\n\t\t\t\t<p class=\"wp-block-phrase-com-testimonial__author-title\">\n\t\t\t\t\tCEO\t\t\t\t<\/p>\n\t\t\t<\/div>\n\t\t<\/div>\n\t<\/div>\n\t<\/div><\/div><\/div><\/div>\n\n\n\n<div class=\"wp-block-group alignwide has-yellow-background-color has-background has-global-padding is-layout-constrained wp-block-group-is-layout-constrained\">\n<h2 class=\"wp-block-heading has-text-align-center has-black-color has-text-color has-link-color wp-elements-80db5fab854bb12f6eb0f0ed3dc9f4cf\" id=\"h-want-to-learn-more\">\u00bfQuieres saber m\u00e1s?<\/h2>\n\n\n\n<p class=\"has-text-align-center has-black-color has-text-color has-link-color wp-elements-41a21be45f1ecfb7b57f880a109f822b\">Ponte en contacto con nosotros y responderemos a tus preguntas.<\/p>\n\n\n\n<div class=\"wp-block-buttons is-content-justification-center is-layout-flex wp-container-core-buttons-is-layout-a89b3969 wp-block-buttons-is-layout-flex\">\n<div class=\"wp-block-button is-style-default\"><a class=\"wp-block-button__link wp-element-button\" href=\"https:\/\/phrase.com\/es\/solicita-una-demostracion\/\">Solicita una demostraci\u00f3n<\/a><\/div>\n\n\n\n<div class=\"wp-block-button is-style-black-outline\"><a class=\"wp-block-button__link wp-element-button\" href=\"https:\/\/phrase.com\/es\/general-inquiries\/\">Contacto<\/a><\/div>\n<\/div>\n<\/div>\n\n","protected":false},"excerpt":{"rendered":"<p>Socios de soluciones Nos asociamos con integradores, agencias y consultores de confianza para entregar soluciones de localizaci\u00f3n personalizadas, tanto si necesitas una personalizaci\u00f3n de integraciones o una orientaci\u00f3n estrat\u00e9gica. \u00bfPor qu\u00e9 asociarse con un socio de soluciones de Phrase? Conoce a algunos de nuestros socios Sinapi Actum Digital TEXTree Paladini Digital Solutions LocVerse \u00bfQuieres saber [&hellip;]<\/p>\n","protected":false},"author":4,"featured_media":0,"parent":57530,"menu_order":1,"comment_status":"closed","ping_status":"closed","template":"page-refresh","meta":{"_acf_changed":false,"_stopmodifiedupdate":false,"_modified_date":"","_searchwp_excluded":"","episode_type":"","audio_file":"","podmotor_file_id":"","podmotor_episode_id":"","cover_image":"","cover_image_id":"","duration":"","filesize":"","filesize_raw":"","date_recorded":"","explicit":"","block":"","itunes_episode_number":"","itunes_title":"","itunes_season_number":"","itunes_episode_type":"","footnotes":""},"class_list":["post-100460","page","type-page","status-publish","hentry"],"acf":[],"_links":{"self":[{"href":"https:\/\/phrase.com\/es\/wp-json\/wp\/v2\/pages\/100460","targetHints":{"allow":["GET"]}}],"collection":[{"href":"https:\/\/phrase.com\/es\/wp-json\/wp\/v2\/pages"}],"about":[{"href":"https:\/\/phrase.com\/es\/wp-json\/wp\/v2\/types\/page"}],"author":[{"embeddable":true,"href":"https:\/\/phrase.com\/es\/wp-json\/wp\/v2\/users\/4"}],"replies":[{"embeddable":true,"href":"https:\/\/phrase.com\/es\/wp-json\/wp\/v2\/comments?post=100460"}],"version-history":[{"count":15,"href":"https:\/\/phrase.com\/es\/wp-json\/wp\/v2\/pages\/100460\/revisions"}],"predecessor-version":[{"id":119255,"href":"https:\/\/phrase.com\/es\/wp-json\/wp\/v2\/pages\/100460\/revisions\/119255"}],"up":[{"embeddable":true,"href":"https:\/\/phrase.com\/es\/wp-json\/wp\/v2\/pages\/57530"}],"wp:attachment":[{"href":"https:\/\/phrase.com\/es\/wp-json\/wp\/v2\/media?parent=100460"}],"curies":[{"name":"wp","href":"https:\/\/api.w.org\/{rel}","templated":true}]}}