{"id":100486,"date":"2023-01-04T10:34:00","date_gmt":"2023-01-04T09:34:00","guid":{"rendered":"https:\/\/phrase.com\/travod\/"},"modified":"2025-11-13T23:01:43","modified_gmt":"2025-11-13T22:01:43","slug":"travod","status":"publish","type":"page","link":"https:\/\/phrase.com\/es\/partners\/travod\/","title":{"rendered":"Travod"},"content":{"rendered":"\n<div class=\"wp-block-group alignfull is-style-copy has-transparent-background-color has-background has-global-padding is-content-justification-center is-layout-constrained wp-block-group-is-layout-constrained\" style=\"padding-top:var(--wp--preset--spacing--45);padding-bottom:var(--wp--preset--spacing--45)\">\n<div class=\"wp-block-group alignwide has-global-padding is-content-justification-center is-layout-constrained wp-container-core-group-is-layout-cefc1864 wp-block-group-is-layout-constrained\" style=\"padding-left:var(--wp--preset--spacing--56)\">\n<div style=\"height:43px\" aria-hidden=\"true\" class=\"wp-block-spacer\"><\/div>\n\n\n\n<p class=\"has-text-align-center has-blue-color has-text-color has-link-color wp-elements-17287ce18ce2d9d19816c52e726b8ba7\">SOCIO DE PHRASE<\/p>\n\n\n\n<figure class=\"wp-block-image aligncenter size-full is-resized is-style-not-rounded\"><img loading=\"lazy\" decoding=\"async\" width=\"1358\" height=\"631\" src=\"https:\/\/phrase.com\/wp-content\/uploads\/2024\/04\/travodlogo.png\" alt=\"Logo de Travod | Socio de Phrase\" class=\"wp-image-80084\" style=\"width:327px;height:auto\" srcset=\"https:\/\/phrase.com\/wp-content\/uploads\/2024\/04\/travodlogo.png 1358w, https:\/\/phrase.com\/wp-content\/uploads\/2024\/04\/travodlogo-300x139.png 300w, https:\/\/phrase.com\/wp-content\/uploads\/2024\/04\/travodlogo-1024x476.png 1024w, https:\/\/phrase.com\/wp-content\/uploads\/2024\/04\/travodlogo-768x357.png 768w\" sizes=\"auto, (max-width: 1358px) 100vw, 1358px\" \/><\/figure>\n\n\n\n<h3 class=\"wp-block-heading has-text-align-center has-medium-font-size\" id=\"h-multilingual-content-to-grow-your-international-business\" style=\"margin-bottom:var(--wp--preset--spacing--8);font-style:normal;font-weight:400\">Contenido multiling\u00fce para hacer crecer tu negocio a nivel internacional<\/h3>\n\n\n\n<p class=\"has-text-align-center\"><a href=\"https:\/\/www.acclaro.com\/?utm_campaign=Partner%20Marketing&amp;utm_source=Phrase%20partner%20listing&amp;utm_medium=Main%20link&amp;utm_term=Acclaro\" target=\"_blank\" rel=\"noreferrer noopener\"><\/a><a href=\"https:\/\/www.actumdigital.com\/\"><\/a><a href=\"https:\/\/blog.attachedglobal.com\/en\/attached-partners-with-phrase-to-elevate-enterprise-translation-solutions\"><\/a><a href=\"https:\/\/www.clearlyloc.com\/\" target=\"_blank\" rel=\"noreferrer noopener\"><\/a><a href=\"https:\/\/uptempo-global.com\/\" target=\"_blank\" rel=\"noreferrer noopener\"><\/a><a href=\"http:\/\/www.vistatec.com\/\"><\/a><a href=\"http:\/\/www.travod.com\/\">www.<\/a><a href=\"http:\/\/www.travod.com\/\" target=\"_blank\" rel=\"noreferrer noopener\">travod<\/a><a href=\"http:\/\/www.travod.com\/\">.com<\/a>\u202f<\/p>\n\n\n\n<div style=\"height:60px\" aria-hidden=\"true\" class=\"wp-block-spacer\"><\/div>\n\n\n\n<p class=\"has-text-align-center\" style=\"margin-top:0;margin-bottom:var(--wp--preset--spacing--40)\"><strong><br><\/strong>Travod, tu aliado de traducci\u00f3n, se integra sin problemas en el entorno de Phrase, lo que asegura flujos de trabajo escalables adaptados a tus necesidades. Imagina disponer de automatizaciones de Orchestrator, perfectamente ajustadas a tu flujo de contenido, optimizando as\u00ed tus procesos sin esfuerzo.<br><br>Gracias a nuestro compromiso con la alta calidad de las traducciones y con la puntualidad de las entregas, la eficiencia se convierte en una segunda naturaleza. En Travod, la experiencia trasciende los l\u00edmites convencionales para ofrecer una localizaci\u00f3n de contenido transformadora. Los servicios bajo demanda te conectan estrat\u00e9gicamente con traductores profesionales y empresas, lo que permite optimizar el tiempo y los costes.<br><br>La eficiencia toma el protagonismo mientras la automatizaci\u00f3n de Travod y su equipo de trabajo distribuido aceleran los plazos del proyecto. Olv\u00eddate de los contratos infinitos; paga exclusivamente por el contenido traducido y abraza la flexibilidad sin restricciones. En el panorama de la traducci\u00f3n y la localizaci\u00f3n, Travod se presenta como un socio confiable para los profesionales de TI. Travod no es solo un servicio, puesto que fusiona sin problemas flujos de trabajo, traducciones de primer nivel y soluciones adaptables. Es tu colaborador para alcanzar la excelencia ling\u00fc\u00edstica.<\/p>\n\n\n\n<p class=\"has-text-align-center\"><strong>Ubicaciones<br><\/strong><br>Reino Unido, Alemania, Ruman\u00eda, Moldavia.<\/p>\n\n\n\n<div style=\"height:19px\" aria-hidden=\"true\" class=\"wp-block-spacer\"><\/div>\n\n\n\n<div class=\"wp-block-buttons is-content-justification-center is-layout-flex wp-container-core-buttons-is-layout-a89b3969 wp-block-buttons-is-layout-flex\">\n<div class=\"wp-block-button\"><a class=\"wp-block-button__link wp-element-button\" href=\"https:\/\/phrase.com\/es\/demo\/\" target=\"_blank\" rel=\"noreferrer noopener\">Ponte en contacto con nosotros<\/a><\/div>\n\n\n\n<div class=\"wp-block-button is-style-black-outline\"><a class=\"wp-block-button__link has-text-align-center wp-element-button\" href=\"http:\/\/www.travod.com\/\" target=\"_blank\" rel=\"noreferrer noopener\">Visita el sitio web<\/a><\/div>\n<\/div>\n<\/div>\n<\/div>\n\n\n\n<div class=\"wp-block-columns alignwide are-vertically-aligned-center is-style-default is-layout-flex wp-container-core-columns-is-layout-28f84493 wp-block-columns-is-layout-flex\">\n<div class=\"wp-block-column is-vertically-aligned-center is-layout-flow wp-container-core-column-is-layout-6220b9e6 wp-block-column-is-layout-flow\" style=\"flex-basis:100%\">\n<h2 class=\"wp-block-heading has-text-align-center has-extra-large-font-size\" id=\"h-services-offered\"><strong>Servicios ofrecidos<\/strong><\/h2>\n\n\n\n<div style=\"height:10px\" aria-hidden=\"true\" class=\"wp-block-spacer\"><\/div>\n\n\n\n<div class=\"wp-block-group is-content-justification-center is-nowrap is-layout-flex wp-container-core-group-is-layout-f52be266 wp-block-group-is-layout-flex\">\n<div class=\"wp-block-group is-vertical is-layout-flex wp-container-core-group-is-layout-9f8eab21 wp-block-group-is-layout-flex\">\n<ul class=\"wp-block-list\">\n<li>Traducci\u00f3n y localizaci\u00f3n<br><\/li>\n\n\n\n<li>Traducci\u00f3n de medios (incluyendo transcripci\u00f3n, subtitulado, doblaje, voz en off)<br><\/li>\n\n\n\n<li>Certificados ISO para MT y MTPE para empresas (ISO 18587)<br><\/li>\n\n\n\n<li>Localizaci\u00f3n de sitios web\/software (incluyendo la extracci\u00f3n de contenido original y la inyecci\u00f3n de cadenas traducidas)<br><\/li>\n\n\n\n<li>Traducci\u00f3n de marketing (incluyendo SEO, transcreaci\u00f3n y redacci\u00f3n de contenido)<br><\/li>\n\n\n\n<li>Edici\u00f3n digital (DTP)<br><\/li>\n\n\n\n<li>Automatizaci\u00f3n del flujo de trabajo de traducci\u00f3n; conectores API a tu entorno; flujos de trabajo de Orchestrator<br><\/li>\n\n\n\n<li>Interpretaci\u00f3n remota<\/li>\n<\/ul>\n<\/div>\n<\/div>\n<\/div>\n<\/div>\n\n\n\n<div class=\"wp-block-group alignwide has-yellow-background-color has-background has-global-padding is-layout-constrained wp-block-group-is-layout-constrained\" style=\"margin-top:var(--wp--preset--spacing--56)\">\n<div class=\"wp-block-group is-vertical is-content-justification-center is-layout-flex wp-container-core-group-is-layout-ce155fab wp-block-group-is-layout-flex\">\n<h2 class=\"wp-block-heading has-text-align-center\" id=\"h-discover-more-partners\">Encuentra m\u00e1s socios<\/h2>\n\n\n\n<p class=\"has-text-align-center\">Colaboramos con empresas tecnol\u00f3gicas l\u00edderes para asegurarnos de que tu equipo saque<br>el m\u00e1ximo partido a Phrase cada d\u00eda.<\/p>\n<\/div>\n\n\n\n<div class=\"wp-block-buttons is-content-justification-center is-layout-flex wp-container-core-buttons-is-layout-a89b3969 wp-block-buttons-is-layout-flex\">\n<div class=\"wp-block-button\"><a class=\"wp-block-button__link wp-element-button\" href=\"https:\/\/phrase.com\/es\/partners\/\" target=\"_blank\" rel=\"noreferrer noopener\">Programa de Phrase para socios<\/a><\/div>\n\n\n\n<div class=\"wp-block-button is-style-black-outline\"><a class=\"wp-block-button__link wp-element-button\" href=\"https:\/\/phrase.com\/es\/partners-inquiries\/\" target=\"_blank\" rel=\"noreferrer noopener\">Programa de referencia de socios<\/a><\/div>\n<\/div>\n<\/div>\n\n","protected":false},"excerpt":{"rendered":"<p>SOCIO DE PHRASE Contenido multiling\u00fce para hacer crecer tu negocio a nivel internacional www.travod.com\u202f Travod, tu aliado de traducci\u00f3n, se integra sin problemas en el entorno de Phrase, lo que asegura flujos de trabajo escalables adaptados a tus necesidades. Imagina disponer de automatizaciones de Orchestrator, perfectamente ajustadas a tu flujo de contenido, optimizando as\u00ed tus [&hellip;]<\/p>\n","protected":false},"author":4,"featured_media":0,"parent":57530,"menu_order":1,"comment_status":"closed","ping_status":"closed","template":"page-refresh","meta":{"_acf_changed":false,"_stopmodifiedupdate":false,"_modified_date":"","_searchwp_excluded":"","episode_type":"","audio_file":"","podmotor_file_id":"","podmotor_episode_id":"","cover_image":"","cover_image_id":"","duration":"","filesize":"","filesize_raw":"","date_recorded":"","explicit":"","block":"","itunes_episode_number":"","itunes_title":"","itunes_season_number":"","itunes_episode_type":"","footnotes":""},"class_list":["post-100486","page","type-page","status-publish","hentry"],"acf":[],"_links":{"self":[{"href":"https:\/\/phrase.com\/es\/wp-json\/wp\/v2\/pages\/100486","targetHints":{"allow":["GET"]}}],"collection":[{"href":"https:\/\/phrase.com\/es\/wp-json\/wp\/v2\/pages"}],"about":[{"href":"https:\/\/phrase.com\/es\/wp-json\/wp\/v2\/types\/page"}],"author":[{"embeddable":true,"href":"https:\/\/phrase.com\/es\/wp-json\/wp\/v2\/users\/4"}],"replies":[{"embeddable":true,"href":"https:\/\/phrase.com\/es\/wp-json\/wp\/v2\/comments?post=100486"}],"version-history":[{"count":5,"href":"https:\/\/phrase.com\/es\/wp-json\/wp\/v2\/pages\/100486\/revisions"}],"predecessor-version":[{"id":127673,"href":"https:\/\/phrase.com\/es\/wp-json\/wp\/v2\/pages\/100486\/revisions\/127673"}],"up":[{"embeddable":true,"href":"https:\/\/phrase.com\/es\/wp-json\/wp\/v2\/pages\/57530"}],"wp:attachment":[{"href":"https:\/\/phrase.com\/es\/wp-json\/wp\/v2\/media?parent=100486"}],"curies":[{"name":"wp","href":"https:\/\/api.w.org\/{rel}","templated":true}]}}